{"id":7253,"date":"2025-05-09T09:11:46","date_gmt":"2025-05-09T07:11:46","guid":{"rendered":"https:\/\/ugwp.cfolks.pl\/bwb\/?post_type=product&#038;p=7253"},"modified":"2025-05-09T09:11:46","modified_gmt":"2025-05-09T07:11:46","slug":"petle-linkowe-goliath-z-kuta-glowka-do-podnoszenia-i-transportu-zacisk-typu-8","status":"publish","type":"product","link":"https:\/\/ugwp.cfolks.pl\/bwb\/produkt\/petle-linkowe-goliath-z-kuta-glowka-do-podnoszenia-i-transportu-zacisk-typu-8\/","title":{"rendered":"P\u0119tle linkowe Goliath z kut\u0105 g\u0142\u00f3wk\u0105 do podnoszenia i transportu &#8211; zacisk typu \u201e8\u201d"},"content":{"rendered":"","protected":false},"excerpt":{"rendered":"","protected":false},"featured_media":7254,"template":"","meta":{"_acf_changed":false},"product_cat":[130],"product_tag":[],"class_list":{"0":"post-7253","1":"product","2":"type-product","3":"status-publish","4":"has-post-thumbnail","6":"product_cat-systemy-transportowo-montazowe","8":"first","9":"instock","10":"shipping-taxable","11":"product-type-simple"},"acf":[],"yoast_head":"<!-- This site is optimized with the Yoast SEO plugin v27.3 - https:\/\/yoast.com\/product\/yoast-seo-wordpress\/ -->\n<title>P\u0119tle Linkowe Goliath z Kut\u0105 G\u0142\u00f3wk\u0105 - Zacisk Typu \u201e8\u201d<\/title>\n<meta name=\"description\" content=\"P\u0119tle linkowe Goliath z kut\u0105 g\u0142\u00f3wk\u0105 i zaciskiem typu \u201e8\u201d - niezawodne rozwi\u0105zanie do podnoszenia i transportu prefabrykat\u00f3w. Poznaj szczeg\u00f3\u0142y!\" \/>\n<meta name=\"robots\" content=\"noindex, follow, max-snippet:-1, max-image-preview:large, max-video-preview:-1\" \/>\n<meta property=\"og:locale\" content=\"pl_PL\" \/>\n<meta property=\"og:type\" content=\"article\" \/>\n<meta property=\"og:title\" content=\"P\u0119tle Linkowe Goliath z Kut\u0105 G\u0142\u00f3wk\u0105 - Zacisk Typu \u201e8\u201d\" \/>\n<meta property=\"og:description\" content=\"P\u0119tle linkowe Goliath z kut\u0105 g\u0142\u00f3wk\u0105 i zaciskiem typu \u201e8\u201d - niezawodne rozwi\u0105zanie do podnoszenia i transportu prefabrykat\u00f3w. Poznaj szczeg\u00f3\u0142y!\" \/>\n<meta property=\"og:url\" content=\"https:\/\/ugwp.cfolks.pl\/bwb\/produkt\/petle-linkowe-goliath-z-kuta-glowka-do-podnoszenia-i-transportu-zacisk-typu-8\/\" \/>\n<meta property=\"og:site_name\" content=\"BWB technology\" \/>\n<meta property=\"og:image\" content=\"https:\/\/ugwp.cfolks.pl\/bwb\/wp-content\/uploads\/Petla-linkowa-Goliath-z-kuta-glowka-do-podnoszenia-i-transportu-zacisk-typu-\u201e8.jpg\" \/>\n\t<meta property=\"og:image:width\" content=\"1100\" \/>\n\t<meta property=\"og:image:height\" content=\"810\" \/>\n\t<meta property=\"og:image:type\" content=\"image\/jpeg\" \/>\n<meta name=\"twitter:card\" content=\"summary_large_image\" \/>\n<meta name=\"twitter:label1\" content=\"Szacowany czas czytania\" \/>\n\t<meta name=\"twitter:data1\" content=\"1 minuta\" \/>\n<script type=\"application\/ld+json\" class=\"yoast-schema-graph\">{\"@context\":\"https:\\\/\\\/schema.org\",\"@graph\":[{\"@type\":\"WebPage\",\"@id\":\"https:\\\/\\\/ugwp.cfolks.pl\\\/bwb\\\/produkt\\\/petle-linkowe-goliath-z-kuta-glowka-do-podnoszenia-i-transportu-zacisk-typu-8\\\/\",\"url\":\"https:\\\/\\\/ugwp.cfolks.pl\\\/bwb\\\/produkt\\\/petle-linkowe-goliath-z-kuta-glowka-do-podnoszenia-i-transportu-zacisk-typu-8\\\/\",\"name\":\"P\u0119tle Linkowe Goliath z Kut\u0105 G\u0142\u00f3wk\u0105 - Zacisk Typu \u201e8\u201d\",\"isPartOf\":{\"@id\":\"https:\\\/\\\/ugwp.cfolks.pl\\\/bwb\\\/#website\"},\"primaryImageOfPage\":{\"@id\":\"https:\\\/\\\/ugwp.cfolks.pl\\\/bwb\\\/produkt\\\/petle-linkowe-goliath-z-kuta-glowka-do-podnoszenia-i-transportu-zacisk-typu-8\\\/#primaryimage\"},\"image\":{\"@id\":\"https:\\\/\\\/ugwp.cfolks.pl\\\/bwb\\\/produkt\\\/petle-linkowe-goliath-z-kuta-glowka-do-podnoszenia-i-transportu-zacisk-typu-8\\\/#primaryimage\"},\"thumbnailUrl\":\"https:\\\/\\\/ugwp.cfolks.pl\\\/bwb\\\/wp-content\\\/uploads\\\/Petla-linkowa-Goliath-z-kuta-glowka-do-podnoszenia-i-transportu-zacisk-typu-\u201e8.jpg\",\"datePublished\":\"2025-05-09T07:11:46+00:00\",\"description\":\"P\u0119tle linkowe Goliath z kut\u0105 g\u0142\u00f3wk\u0105 i zaciskiem typu \u201e8\u201d - niezawodne rozwi\u0105zanie do podnoszenia i transportu prefabrykat\u00f3w. Poznaj szczeg\u00f3\u0142y!\",\"breadcrumb\":{\"@id\":\"https:\\\/\\\/ugwp.cfolks.pl\\\/bwb\\\/produkt\\\/petle-linkowe-goliath-z-kuta-glowka-do-podnoszenia-i-transportu-zacisk-typu-8\\\/#breadcrumb\"},\"inLanguage\":\"pl-PL\",\"potentialAction\":[{\"@type\":\"ReadAction\",\"target\":[\"https:\\\/\\\/ugwp.cfolks.pl\\\/bwb\\\/produkt\\\/petle-linkowe-goliath-z-kuta-glowka-do-podnoszenia-i-transportu-zacisk-typu-8\\\/\"]}]},{\"@type\":\"ImageObject\",\"inLanguage\":\"pl-PL\",\"@id\":\"https:\\\/\\\/ugwp.cfolks.pl\\\/bwb\\\/produkt\\\/petle-linkowe-goliath-z-kuta-glowka-do-podnoszenia-i-transportu-zacisk-typu-8\\\/#primaryimage\",\"url\":\"https:\\\/\\\/ugwp.cfolks.pl\\\/bwb\\\/wp-content\\\/uploads\\\/Petla-linkowa-Goliath-z-kuta-glowka-do-podnoszenia-i-transportu-zacisk-typu-\u201e8.jpg\",\"contentUrl\":\"https:\\\/\\\/ugwp.cfolks.pl\\\/bwb\\\/wp-content\\\/uploads\\\/Petla-linkowa-Goliath-z-kuta-glowka-do-podnoszenia-i-transportu-zacisk-typu-\u201e8.jpg\",\"width\":1100,\"height\":810,\"caption\":\"P\u0119tla linkowa Goliath z kut\u0105 g\u0142\u00f3wk\u0105 do podnoszenia i transportu - zacisk typu \u201e8\u201d\"},{\"@type\":\"BreadcrumbList\",\"@id\":\"https:\\\/\\\/ugwp.cfolks.pl\\\/bwb\\\/produkt\\\/petle-linkowe-goliath-z-kuta-glowka-do-podnoszenia-i-transportu-zacisk-typu-8\\\/#breadcrumb\",\"itemListElement\":[{\"@type\":\"ListItem\",\"position\":1,\"name\":\"Strona g\u0142\u00f3wna\",\"item\":\"https:\\\/\\\/ugwp.cfolks.pl\\\/bwb\\\/\"},{\"@type\":\"ListItem\",\"position\":2,\"name\":\"Systemy transportowo-monta\u017cowe\",\"item\":\"https:\\\/\\\/ugwp.cfolks.pl\\\/bwb\\\/kategoria\\\/systemy-transportowo-montazowe\\\/\"},{\"@type\":\"ListItem\",\"position\":3,\"name\":\"P\u0119tle linkowe Goliath z kut\u0105 g\u0142\u00f3wk\u0105 do podnoszenia i transportu &#8211; zacisk typu \u201e8\u201d\"}]},{\"@type\":\"WebSite\",\"@id\":\"https:\\\/\\\/ugwp.cfolks.pl\\\/bwb\\\/#website\",\"url\":\"https:\\\/\\\/ugwp.cfolks.pl\\\/bwb\\\/\",\"name\":\"BWB technology\",\"description\":\"Kolejna witryna oparta na WordPressie\",\"potentialAction\":[{\"@type\":\"SearchAction\",\"target\":{\"@type\":\"EntryPoint\",\"urlTemplate\":\"https:\\\/\\\/ugwp.cfolks.pl\\\/bwb\\\/?s={search_term_string}\"},\"query-input\":{\"@type\":\"PropertyValueSpecification\",\"valueRequired\":true,\"valueName\":\"search_term_string\"}}],\"inLanguage\":\"pl-PL\"}]}<\/script>\n<!-- \/ Yoast SEO plugin. -->","yoast_head_json":{"title":"P\u0119tle Linkowe Goliath z Kut\u0105 G\u0142\u00f3wk\u0105 - Zacisk Typu \u201e8\u201d","description":"P\u0119tle linkowe Goliath z kut\u0105 g\u0142\u00f3wk\u0105 i zaciskiem typu \u201e8\u201d - niezawodne rozwi\u0105zanie do podnoszenia i transportu prefabrykat\u00f3w. Poznaj szczeg\u00f3\u0142y!","robots":{"index":"noindex","follow":"follow","max-snippet":"max-snippet:-1","max-image-preview":"max-image-preview:large","max-video-preview":"max-video-preview:-1"},"og_locale":"pl_PL","og_type":"article","og_title":"P\u0119tle Linkowe Goliath z Kut\u0105 G\u0142\u00f3wk\u0105 - Zacisk Typu \u201e8\u201d","og_description":"P\u0119tle linkowe Goliath z kut\u0105 g\u0142\u00f3wk\u0105 i zaciskiem typu \u201e8\u201d - niezawodne rozwi\u0105zanie do podnoszenia i transportu prefabrykat\u00f3w. Poznaj szczeg\u00f3\u0142y!","og_url":"https:\/\/ugwp.cfolks.pl\/bwb\/produkt\/petle-linkowe-goliath-z-kuta-glowka-do-podnoszenia-i-transportu-zacisk-typu-8\/","og_site_name":"BWB technology","og_image":[{"width":1100,"height":810,"url":"https:\/\/ugwp.cfolks.pl\/bwb\/wp-content\/uploads\/Petla-linkowa-Goliath-z-kuta-glowka-do-podnoszenia-i-transportu-zacisk-typu-\u201e8.jpg","type":"image\/jpeg"}],"twitter_card":"summary_large_image","twitter_misc":{"Szacowany czas czytania":"1 minuta"},"schema":{"@context":"https:\/\/schema.org","@graph":[{"@type":"WebPage","@id":"https:\/\/ugwp.cfolks.pl\/bwb\/produkt\/petle-linkowe-goliath-z-kuta-glowka-do-podnoszenia-i-transportu-zacisk-typu-8\/","url":"https:\/\/ugwp.cfolks.pl\/bwb\/produkt\/petle-linkowe-goliath-z-kuta-glowka-do-podnoszenia-i-transportu-zacisk-typu-8\/","name":"P\u0119tle Linkowe Goliath z Kut\u0105 G\u0142\u00f3wk\u0105 - Zacisk Typu \u201e8\u201d","isPartOf":{"@id":"https:\/\/ugwp.cfolks.pl\/bwb\/#website"},"primaryImageOfPage":{"@id":"https:\/\/ugwp.cfolks.pl\/bwb\/produkt\/petle-linkowe-goliath-z-kuta-glowka-do-podnoszenia-i-transportu-zacisk-typu-8\/#primaryimage"},"image":{"@id":"https:\/\/ugwp.cfolks.pl\/bwb\/produkt\/petle-linkowe-goliath-z-kuta-glowka-do-podnoszenia-i-transportu-zacisk-typu-8\/#primaryimage"},"thumbnailUrl":"https:\/\/ugwp.cfolks.pl\/bwb\/wp-content\/uploads\/Petla-linkowa-Goliath-z-kuta-glowka-do-podnoszenia-i-transportu-zacisk-typu-\u201e8.jpg","datePublished":"2025-05-09T07:11:46+00:00","description":"P\u0119tle linkowe Goliath z kut\u0105 g\u0142\u00f3wk\u0105 i zaciskiem typu \u201e8\u201d - niezawodne rozwi\u0105zanie do podnoszenia i transportu prefabrykat\u00f3w. Poznaj szczeg\u00f3\u0142y!","breadcrumb":{"@id":"https:\/\/ugwp.cfolks.pl\/bwb\/produkt\/petle-linkowe-goliath-z-kuta-glowka-do-podnoszenia-i-transportu-zacisk-typu-8\/#breadcrumb"},"inLanguage":"pl-PL","potentialAction":[{"@type":"ReadAction","target":["https:\/\/ugwp.cfolks.pl\/bwb\/produkt\/petle-linkowe-goliath-z-kuta-glowka-do-podnoszenia-i-transportu-zacisk-typu-8\/"]}]},{"@type":"ImageObject","inLanguage":"pl-PL","@id":"https:\/\/ugwp.cfolks.pl\/bwb\/produkt\/petle-linkowe-goliath-z-kuta-glowka-do-podnoszenia-i-transportu-zacisk-typu-8\/#primaryimage","url":"https:\/\/ugwp.cfolks.pl\/bwb\/wp-content\/uploads\/Petla-linkowa-Goliath-z-kuta-glowka-do-podnoszenia-i-transportu-zacisk-typu-\u201e8.jpg","contentUrl":"https:\/\/ugwp.cfolks.pl\/bwb\/wp-content\/uploads\/Petla-linkowa-Goliath-z-kuta-glowka-do-podnoszenia-i-transportu-zacisk-typu-\u201e8.jpg","width":1100,"height":810,"caption":"P\u0119tla linkowa Goliath z kut\u0105 g\u0142\u00f3wk\u0105 do podnoszenia i transportu - zacisk typu \u201e8\u201d"},{"@type":"BreadcrumbList","@id":"https:\/\/ugwp.cfolks.pl\/bwb\/produkt\/petle-linkowe-goliath-z-kuta-glowka-do-podnoszenia-i-transportu-zacisk-typu-8\/#breadcrumb","itemListElement":[{"@type":"ListItem","position":1,"name":"Strona g\u0142\u00f3wna","item":"https:\/\/ugwp.cfolks.pl\/bwb\/"},{"@type":"ListItem","position":2,"name":"Systemy transportowo-monta\u017cowe","item":"https:\/\/ugwp.cfolks.pl\/bwb\/kategoria\/systemy-transportowo-montazowe\/"},{"@type":"ListItem","position":3,"name":"P\u0119tle linkowe Goliath z kut\u0105 g\u0142\u00f3wk\u0105 do podnoszenia i transportu &#8211; zacisk typu \u201e8\u201d"}]},{"@type":"WebSite","@id":"https:\/\/ugwp.cfolks.pl\/bwb\/#website","url":"https:\/\/ugwp.cfolks.pl\/bwb\/","name":"BWB technology","description":"Kolejna witryna oparta na WordPressie","potentialAction":[{"@type":"SearchAction","target":{"@type":"EntryPoint","urlTemplate":"https:\/\/ugwp.cfolks.pl\/bwb\/?s={search_term_string}"},"query-input":{"@type":"PropertyValueSpecification","valueRequired":true,"valueName":"search_term_string"}}],"inLanguage":"pl-PL"}]}},"_links":{"self":[{"href":"https:\/\/ugwp.cfolks.pl\/bwb\/wp-json\/wp\/v2\/product\/7253","targetHints":{"allow":["GET"]}}],"collection":[{"href":"https:\/\/ugwp.cfolks.pl\/bwb\/wp-json\/wp\/v2\/product"}],"about":[{"href":"https:\/\/ugwp.cfolks.pl\/bwb\/wp-json\/wp\/v2\/types\/product"}],"wp:featuredmedia":[{"embeddable":true,"href":"https:\/\/ugwp.cfolks.pl\/bwb\/wp-json\/wp\/v2\/media\/7254"}],"wp:attachment":[{"href":"https:\/\/ugwp.cfolks.pl\/bwb\/wp-json\/wp\/v2\/media?parent=7253"}],"wp:term":[{"taxonomy":"product_cat","embeddable":true,"href":"https:\/\/ugwp.cfolks.pl\/bwb\/wp-json\/wp\/v2\/product_cat?post=7253"},{"taxonomy":"product_tag","embeddable":true,"href":"https:\/\/ugwp.cfolks.pl\/bwb\/wp-json\/wp\/v2\/product_tag?post=7253"}],"curies":[{"name":"wp","href":"https:\/\/api.w.org\/{rel}","templated":true}]}}