{"id":7159,"date":"2025-04-23T11:43:25","date_gmt":"2025-04-23T09:43:25","guid":{"rendered":"https:\/\/ugwp.cfolks.pl\/bwb\/?post_type=product&#038;p=7159"},"modified":"2025-04-23T11:48:07","modified_gmt":"2025-04-23T09:48:07","slug":"tasma-wewnetrzna-elastoflex-typ-fms","status":"publish","type":"product","link":"https:\/\/ugwp.cfolks.pl\/bwb\/produkt\/tasma-wewnetrzna-elastoflex-typ-fms\/","title":{"rendered":"Ta\u015bma wewn\u0119trzna Elastoflex Typ FMS"},"content":{"rendered":"","protected":false},"excerpt":{"rendered":"<p>Ta\u015bmy uszczelniaj\u0105ce Elastoflex wykonane s\u0105 z elastomeru i charakteryzuj\u0105 si\u0119 wieloma dobrymi w\u0142a\u015bciwo\u015bciami, w tym wysok\u0105 odporno\u015bci\u0105 na starzenie. Ta\u015bmy na ko\u0144cach ramion posiadaj\u0105 usztywniaj\u0105ce blachy stalowe, kt\u00f3re u\u0142atwiaj\u0105 monta\u017c ta\u015bm i stabilizuj\u0105 je.<\/p>\n<p>S\u0105 odporne na kwasy, alkalia oraz rdz\u0119, a tak\u017ce na wszystkie naturalnie wyst\u0119puj\u0105ce chemikalia oraz bitumy.<\/p>\n<p>\u0141\u0105czenie ta\u015bm Elastoflex wykonuje si\u0119 poprzez wulkanizowanie.<\/p>\n","protected":false},"featured_media":7161,"template":"","meta":{"_acf_changed":false},"product_cat":[171,125],"product_tag":[],"class_list":{"0":"post-7159","1":"product","2":"type-product","3":"status-publish","4":"has-post-thumbnail","6":"product_cat-tasmy-do-przerw-dylatacyjnych","7":"product_cat-tasmy-uszczelniajace","9":"first","10":"instock","11":"shipping-taxable","12":"product-type-simple"},"acf":[],"yoast_head":"<!-- This site is optimized with the Yoast SEO plugin v27.3 - https:\/\/yoast.com\/product\/yoast-seo-wordpress\/ -->\n<title>Ta\u015bma Wewn\u0119trzna Elastoflex Typ FMS - do Konstrukcji z Betonu<\/title>\n<meta name=\"description\" content=\"Ta\u015bma wewn\u0119trzna Elastoflex Typ FMS z elastomeru. Odporna na starzenie, kwasy i alkalia. Do betonu i \u017celbetu. Zobacz w ofercie BWB technology!\" \/>\n<meta name=\"robots\" content=\"noindex, follow, max-snippet:-1, max-image-preview:large, max-video-preview:-1\" \/>\n<meta property=\"og:locale\" content=\"pl_PL\" \/>\n<meta property=\"og:type\" content=\"article\" \/>\n<meta property=\"og:title\" content=\"Ta\u015bma Wewn\u0119trzna Elastoflex Typ FMS - do Konstrukcji z Betonu\" \/>\n<meta property=\"og:description\" content=\"Ta\u015bma wewn\u0119trzna Elastoflex Typ FMS z elastomeru. Odporna na starzenie, kwasy i alkalia. Do betonu i \u017celbetu. Zobacz w ofercie BWB technology!\" \/>\n<meta property=\"og:url\" content=\"https:\/\/ugwp.cfolks.pl\/bwb\/produkt\/tasma-wewnetrzna-elastoflex-typ-fms\/\" \/>\n<meta property=\"og:site_name\" content=\"BWB technology\" \/>\n<meta property=\"article:modified_time\" content=\"2025-04-23T09:48:07+00:00\" \/>\n<meta property=\"og:image\" content=\"https:\/\/ugwp.cfolks.pl\/bwb\/wp-content\/uploads\/Tasma-wewnetrzna-Elastoflex-Typ-FMS-350.jpg\" \/>\n\t<meta property=\"og:image:width\" content=\"1100\" \/>\n\t<meta property=\"og:image:height\" content=\"810\" \/>\n\t<meta property=\"og:image:type\" content=\"image\/jpeg\" \/>\n<meta name=\"twitter:card\" content=\"summary_large_image\" \/>\n<meta name=\"twitter:label1\" content=\"Szacowany czas czytania\" \/>\n\t<meta name=\"twitter:data1\" content=\"1 minuta\" \/>\n<script type=\"application\/ld+json\" class=\"yoast-schema-graph\">{\"@context\":\"https:\\\/\\\/schema.org\",\"@graph\":[{\"@type\":\"WebPage\",\"@id\":\"https:\\\/\\\/ugwp.cfolks.pl\\\/bwb\\\/produkt\\\/tasma-wewnetrzna-elastoflex-typ-fms\\\/\",\"url\":\"https:\\\/\\\/ugwp.cfolks.pl\\\/bwb\\\/produkt\\\/tasma-wewnetrzna-elastoflex-typ-fms\\\/\",\"name\":\"Ta\u015bma Wewn\u0119trzna Elastoflex Typ FMS - do Konstrukcji z Betonu\",\"isPartOf\":{\"@id\":\"https:\\\/\\\/ugwp.cfolks.pl\\\/bwb\\\/#website\"},\"primaryImageOfPage\":{\"@id\":\"https:\\\/\\\/ugwp.cfolks.pl\\\/bwb\\\/produkt\\\/tasma-wewnetrzna-elastoflex-typ-fms\\\/#primaryimage\"},\"image\":{\"@id\":\"https:\\\/\\\/ugwp.cfolks.pl\\\/bwb\\\/produkt\\\/tasma-wewnetrzna-elastoflex-typ-fms\\\/#primaryimage\"},\"thumbnailUrl\":\"https:\\\/\\\/ugwp.cfolks.pl\\\/bwb\\\/wp-content\\\/uploads\\\/Tasma-wewnetrzna-Elastoflex-Typ-FMS-350.jpg\",\"datePublished\":\"2025-04-23T09:43:25+00:00\",\"dateModified\":\"2025-04-23T09:48:07+00:00\",\"description\":\"Ta\u015bma wewn\u0119trzna Elastoflex Typ FMS z elastomeru. Odporna na starzenie, kwasy i alkalia. Do betonu i \u017celbetu. Zobacz w ofercie BWB technology!\",\"breadcrumb\":{\"@id\":\"https:\\\/\\\/ugwp.cfolks.pl\\\/bwb\\\/produkt\\\/tasma-wewnetrzna-elastoflex-typ-fms\\\/#breadcrumb\"},\"inLanguage\":\"pl-PL\",\"potentialAction\":[{\"@type\":\"ReadAction\",\"target\":[\"https:\\\/\\\/ugwp.cfolks.pl\\\/bwb\\\/produkt\\\/tasma-wewnetrzna-elastoflex-typ-fms\\\/\"]}]},{\"@type\":\"ImageObject\",\"inLanguage\":\"pl-PL\",\"@id\":\"https:\\\/\\\/ugwp.cfolks.pl\\\/bwb\\\/produkt\\\/tasma-wewnetrzna-elastoflex-typ-fms\\\/#primaryimage\",\"url\":\"https:\\\/\\\/ugwp.cfolks.pl\\\/bwb\\\/wp-content\\\/uploads\\\/Tasma-wewnetrzna-Elastoflex-Typ-FMS-350.jpg\",\"contentUrl\":\"https:\\\/\\\/ugwp.cfolks.pl\\\/bwb\\\/wp-content\\\/uploads\\\/Tasma-wewnetrzna-Elastoflex-Typ-FMS-350.jpg\",\"width\":1100,\"height\":810,\"caption\":\"Ta\u015bma wewn\u0119trzna Elastoflex Typ FMS 350\"},{\"@type\":\"BreadcrumbList\",\"@id\":\"https:\\\/\\\/ugwp.cfolks.pl\\\/bwb\\\/produkt\\\/tasma-wewnetrzna-elastoflex-typ-fms\\\/#breadcrumb\",\"itemListElement\":[{\"@type\":\"ListItem\",\"position\":1,\"name\":\"Strona g\u0142\u00f3wna\",\"item\":\"https:\\\/\\\/ugwp.cfolks.pl\\\/bwb\\\/\"},{\"@type\":\"ListItem\",\"position\":2,\"name\":\"Ta\u015bmy Uszczelniaj\u0105ce\",\"item\":\"https:\\\/\\\/ugwp.cfolks.pl\\\/bwb\\\/kategoria\\\/tasmy-uszczelniajace\\\/\"},{\"@type\":\"ListItem\",\"position\":3,\"name\":\"Ta\u015bma wewn\u0119trzna Elastoflex Typ FMS\"}]},{\"@type\":\"WebSite\",\"@id\":\"https:\\\/\\\/ugwp.cfolks.pl\\\/bwb\\\/#website\",\"url\":\"https:\\\/\\\/ugwp.cfolks.pl\\\/bwb\\\/\",\"name\":\"BWB technology\",\"description\":\"Kolejna witryna oparta na WordPressie\",\"potentialAction\":[{\"@type\":\"SearchAction\",\"target\":{\"@type\":\"EntryPoint\",\"urlTemplate\":\"https:\\\/\\\/ugwp.cfolks.pl\\\/bwb\\\/?s={search_term_string}\"},\"query-input\":{\"@type\":\"PropertyValueSpecification\",\"valueRequired\":true,\"valueName\":\"search_term_string\"}}],\"inLanguage\":\"pl-PL\"}]}<\/script>\n<!-- \/ Yoast SEO plugin. -->","yoast_head_json":{"title":"Ta\u015bma Wewn\u0119trzna Elastoflex Typ FMS - do Konstrukcji z Betonu","description":"Ta\u015bma wewn\u0119trzna Elastoflex Typ FMS z elastomeru. Odporna na starzenie, kwasy i alkalia. Do betonu i \u017celbetu. Zobacz w ofercie BWB technology!","robots":{"index":"noindex","follow":"follow","max-snippet":"max-snippet:-1","max-image-preview":"max-image-preview:large","max-video-preview":"max-video-preview:-1"},"og_locale":"pl_PL","og_type":"article","og_title":"Ta\u015bma Wewn\u0119trzna Elastoflex Typ FMS - do Konstrukcji z Betonu","og_description":"Ta\u015bma wewn\u0119trzna Elastoflex Typ FMS z elastomeru. Odporna na starzenie, kwasy i alkalia. Do betonu i \u017celbetu. Zobacz w ofercie BWB technology!","og_url":"https:\/\/ugwp.cfolks.pl\/bwb\/produkt\/tasma-wewnetrzna-elastoflex-typ-fms\/","og_site_name":"BWB technology","article_modified_time":"2025-04-23T09:48:07+00:00","og_image":[{"width":1100,"height":810,"url":"https:\/\/ugwp.cfolks.pl\/bwb\/wp-content\/uploads\/Tasma-wewnetrzna-Elastoflex-Typ-FMS-350.jpg","type":"image\/jpeg"}],"twitter_card":"summary_large_image","twitter_misc":{"Szacowany czas czytania":"1 minuta"},"schema":{"@context":"https:\/\/schema.org","@graph":[{"@type":"WebPage","@id":"https:\/\/ugwp.cfolks.pl\/bwb\/produkt\/tasma-wewnetrzna-elastoflex-typ-fms\/","url":"https:\/\/ugwp.cfolks.pl\/bwb\/produkt\/tasma-wewnetrzna-elastoflex-typ-fms\/","name":"Ta\u015bma Wewn\u0119trzna Elastoflex Typ FMS - do Konstrukcji z Betonu","isPartOf":{"@id":"https:\/\/ugwp.cfolks.pl\/bwb\/#website"},"primaryImageOfPage":{"@id":"https:\/\/ugwp.cfolks.pl\/bwb\/produkt\/tasma-wewnetrzna-elastoflex-typ-fms\/#primaryimage"},"image":{"@id":"https:\/\/ugwp.cfolks.pl\/bwb\/produkt\/tasma-wewnetrzna-elastoflex-typ-fms\/#primaryimage"},"thumbnailUrl":"https:\/\/ugwp.cfolks.pl\/bwb\/wp-content\/uploads\/Tasma-wewnetrzna-Elastoflex-Typ-FMS-350.jpg","datePublished":"2025-04-23T09:43:25+00:00","dateModified":"2025-04-23T09:48:07+00:00","description":"Ta\u015bma wewn\u0119trzna Elastoflex Typ FMS z elastomeru. Odporna na starzenie, kwasy i alkalia. Do betonu i \u017celbetu. Zobacz w ofercie BWB technology!","breadcrumb":{"@id":"https:\/\/ugwp.cfolks.pl\/bwb\/produkt\/tasma-wewnetrzna-elastoflex-typ-fms\/#breadcrumb"},"inLanguage":"pl-PL","potentialAction":[{"@type":"ReadAction","target":["https:\/\/ugwp.cfolks.pl\/bwb\/produkt\/tasma-wewnetrzna-elastoflex-typ-fms\/"]}]},{"@type":"ImageObject","inLanguage":"pl-PL","@id":"https:\/\/ugwp.cfolks.pl\/bwb\/produkt\/tasma-wewnetrzna-elastoflex-typ-fms\/#primaryimage","url":"https:\/\/ugwp.cfolks.pl\/bwb\/wp-content\/uploads\/Tasma-wewnetrzna-Elastoflex-Typ-FMS-350.jpg","contentUrl":"https:\/\/ugwp.cfolks.pl\/bwb\/wp-content\/uploads\/Tasma-wewnetrzna-Elastoflex-Typ-FMS-350.jpg","width":1100,"height":810,"caption":"Ta\u015bma wewn\u0119trzna Elastoflex Typ FMS 350"},{"@type":"BreadcrumbList","@id":"https:\/\/ugwp.cfolks.pl\/bwb\/produkt\/tasma-wewnetrzna-elastoflex-typ-fms\/#breadcrumb","itemListElement":[{"@type":"ListItem","position":1,"name":"Strona g\u0142\u00f3wna","item":"https:\/\/ugwp.cfolks.pl\/bwb\/"},{"@type":"ListItem","position":2,"name":"Ta\u015bmy Uszczelniaj\u0105ce","item":"https:\/\/ugwp.cfolks.pl\/bwb\/kategoria\/tasmy-uszczelniajace\/"},{"@type":"ListItem","position":3,"name":"Ta\u015bma wewn\u0119trzna Elastoflex Typ FMS"}]},{"@type":"WebSite","@id":"https:\/\/ugwp.cfolks.pl\/bwb\/#website","url":"https:\/\/ugwp.cfolks.pl\/bwb\/","name":"BWB technology","description":"Kolejna witryna oparta na WordPressie","potentialAction":[{"@type":"SearchAction","target":{"@type":"EntryPoint","urlTemplate":"https:\/\/ugwp.cfolks.pl\/bwb\/?s={search_term_string}"},"query-input":{"@type":"PropertyValueSpecification","valueRequired":true,"valueName":"search_term_string"}}],"inLanguage":"pl-PL"}]}},"_links":{"self":[{"href":"https:\/\/ugwp.cfolks.pl\/bwb\/wp-json\/wp\/v2\/product\/7159","targetHints":{"allow":["GET"]}}],"collection":[{"href":"https:\/\/ugwp.cfolks.pl\/bwb\/wp-json\/wp\/v2\/product"}],"about":[{"href":"https:\/\/ugwp.cfolks.pl\/bwb\/wp-json\/wp\/v2\/types\/product"}],"wp:featuredmedia":[{"embeddable":true,"href":"https:\/\/ugwp.cfolks.pl\/bwb\/wp-json\/wp\/v2\/media\/7161"}],"wp:attachment":[{"href":"https:\/\/ugwp.cfolks.pl\/bwb\/wp-json\/wp\/v2\/media?parent=7159"}],"wp:term":[{"taxonomy":"product_cat","embeddable":true,"href":"https:\/\/ugwp.cfolks.pl\/bwb\/wp-json\/wp\/v2\/product_cat?post=7159"},{"taxonomy":"product_tag","embeddable":true,"href":"https:\/\/ugwp.cfolks.pl\/bwb\/wp-json\/wp\/v2\/product_tag?post=7159"}],"curies":[{"name":"wp","href":"https:\/\/api.w.org\/{rel}","templated":true}]}}