{"id":7125,"date":"2025-04-22T14:11:56","date_gmt":"2025-04-22T12:11:56","guid":{"rendered":"https:\/\/ugwp.cfolks.pl\/bwb\/?post_type=product&#038;p=7125"},"modified":"2025-04-23T16:50:52","modified_gmt":"2025-04-23T14:50:52","slug":"tasma-zewnetrzna-polyflex-typ-adp","status":"publish","type":"product","link":"https:\/\/ugwp.cfolks.pl\/bwb\/produkt\/tasma-zewnetrzna-polyflex-typ-adp\/","title":{"rendered":"Ta\u015bma zewn\u0119trzna Polyflex Typ ADP"},"content":{"rendered":"","protected":false},"excerpt":{"rendered":"<p>Ta\u015bma zewn\u0119trzna Polyflex Typ ADP przeznaczona jest do uszczelnienia przerw dylatacyjnych w monolitycznych konstrukcjach betonowych i \u017celbetowych przy dzia\u0142aniu wody pod ci\u015bnieniem.<\/p>\n<p>Ta\u015bmy uszczelniaj\u0105ce Polyflex wykonane s\u0105 z polietylenu (PE) i charakteryzuj\u0105 si\u0119 wieloma dobrymi w\u0142a\u015bciwo\u015bciami, w tym wysok\u0105 odporno\u015bci\u0105 na starzenie.<\/p>\n<p>S\u0105 odporne na kwasy, alkalia oraz rdz\u0119, a tak\u017ce na wszystkie naturalnie wyst\u0119puj\u0105ce chemikalia.<\/p>\n<p>\u0141\u0105czenie ta\u015bm Polyflex wykonuje si\u0119 poprzez zgrzewanie.<\/p>\n","protected":false},"featured_media":7127,"template":"","meta":{"_acf_changed":false},"product_cat":[171,125],"product_tag":[],"class_list":{"0":"post-7125","1":"product","2":"type-product","3":"status-publish","4":"has-post-thumbnail","6":"product_cat-tasmy-do-przerw-dylatacyjnych","7":"product_cat-tasmy-uszczelniajace","9":"first","10":"instock","11":"shipping-taxable","12":"product-type-simple"},"acf":[],"yoast_head":"<!-- This site is optimized with the Yoast SEO plugin v27.3 - https:\/\/yoast.com\/product\/yoast-seo-wordpress\/ -->\n<title>Ta\u015bma Zewn\u0119trzna Polyflex Typ ADP - Uszczelnienie Dylatacji<\/title>\n<meta name=\"description\" content=\"Ta\u015bma uszczelniaj\u0105ca Polyflex ADP - wysoka odporno\u015b\u0107 na starzenie, chemikalia i wod\u0119 pod ci\u015bnieniem. Do betonu i \u017celbetu. Sprawd\u017a!\" \/>\n<meta name=\"robots\" content=\"noindex, follow, max-snippet:-1, max-image-preview:large, max-video-preview:-1\" \/>\n<meta property=\"og:locale\" content=\"pl_PL\" \/>\n<meta property=\"og:type\" content=\"article\" \/>\n<meta property=\"og:title\" content=\"Ta\u015bma Zewn\u0119trzna Polyflex Typ ADP - Uszczelnienie Dylatacji\" \/>\n<meta property=\"og:description\" content=\"Ta\u015bma uszczelniaj\u0105ca Polyflex ADP - wysoka odporno\u015b\u0107 na starzenie, chemikalia i wod\u0119 pod ci\u015bnieniem. Do betonu i \u017celbetu. Sprawd\u017a!\" \/>\n<meta property=\"og:url\" content=\"https:\/\/ugwp.cfolks.pl\/bwb\/produkt\/tasma-zewnetrzna-polyflex-typ-adp\/\" \/>\n<meta property=\"og:site_name\" content=\"BWB technology\" \/>\n<meta property=\"article:modified_time\" content=\"2025-04-23T14:50:52+00:00\" \/>\n<meta property=\"og:image\" content=\"https:\/\/ugwp.cfolks.pl\/bwb\/wp-content\/uploads\/Tasma-zewnetrzna-Polyflex-Typ-ADP-240.jpg\" \/>\n\t<meta property=\"og:image:width\" content=\"1100\" \/>\n\t<meta property=\"og:image:height\" content=\"810\" \/>\n\t<meta property=\"og:image:type\" content=\"image\/jpeg\" \/>\n<meta name=\"twitter:card\" content=\"summary_large_image\" \/>\n<script type=\"application\/ld+json\" class=\"yoast-schema-graph\">{\"@context\":\"https:\\\/\\\/schema.org\",\"@graph\":[{\"@type\":\"WebPage\",\"@id\":\"https:\\\/\\\/ugwp.cfolks.pl\\\/bwb\\\/produkt\\\/tasma-zewnetrzna-polyflex-typ-adp\\\/\",\"url\":\"https:\\\/\\\/ugwp.cfolks.pl\\\/bwb\\\/produkt\\\/tasma-zewnetrzna-polyflex-typ-adp\\\/\",\"name\":\"Ta\u015bma Zewn\u0119trzna Polyflex Typ ADP - Uszczelnienie Dylatacji\",\"isPartOf\":{\"@id\":\"https:\\\/\\\/ugwp.cfolks.pl\\\/bwb\\\/#website\"},\"primaryImageOfPage\":{\"@id\":\"https:\\\/\\\/ugwp.cfolks.pl\\\/bwb\\\/produkt\\\/tasma-zewnetrzna-polyflex-typ-adp\\\/#primaryimage\"},\"image\":{\"@id\":\"https:\\\/\\\/ugwp.cfolks.pl\\\/bwb\\\/produkt\\\/tasma-zewnetrzna-polyflex-typ-adp\\\/#primaryimage\"},\"thumbnailUrl\":\"https:\\\/\\\/ugwp.cfolks.pl\\\/bwb\\\/wp-content\\\/uploads\\\/Tasma-zewnetrzna-Polyflex-Typ-ADP-240.jpg\",\"datePublished\":\"2025-04-22T12:11:56+00:00\",\"dateModified\":\"2025-04-23T14:50:52+00:00\",\"description\":\"Ta\u015bma uszczelniaj\u0105ca Polyflex ADP - wysoka odporno\u015b\u0107 na starzenie, chemikalia i wod\u0119 pod ci\u015bnieniem. Do betonu i \u017celbetu. Sprawd\u017a!\",\"breadcrumb\":{\"@id\":\"https:\\\/\\\/ugwp.cfolks.pl\\\/bwb\\\/produkt\\\/tasma-zewnetrzna-polyflex-typ-adp\\\/#breadcrumb\"},\"inLanguage\":\"pl-PL\",\"potentialAction\":[{\"@type\":\"ReadAction\",\"target\":[\"https:\\\/\\\/ugwp.cfolks.pl\\\/bwb\\\/produkt\\\/tasma-zewnetrzna-polyflex-typ-adp\\\/\"]}]},{\"@type\":\"ImageObject\",\"inLanguage\":\"pl-PL\",\"@id\":\"https:\\\/\\\/ugwp.cfolks.pl\\\/bwb\\\/produkt\\\/tasma-zewnetrzna-polyflex-typ-adp\\\/#primaryimage\",\"url\":\"https:\\\/\\\/ugwp.cfolks.pl\\\/bwb\\\/wp-content\\\/uploads\\\/Tasma-zewnetrzna-Polyflex-Typ-ADP-240.jpg\",\"contentUrl\":\"https:\\\/\\\/ugwp.cfolks.pl\\\/bwb\\\/wp-content\\\/uploads\\\/Tasma-zewnetrzna-Polyflex-Typ-ADP-240.jpg\",\"width\":1100,\"height\":810,\"caption\":\"Ta\u015bma zewn\u0119trzna Polyflex Typ ADP 240\"},{\"@type\":\"BreadcrumbList\",\"@id\":\"https:\\\/\\\/ugwp.cfolks.pl\\\/bwb\\\/produkt\\\/tasma-zewnetrzna-polyflex-typ-adp\\\/#breadcrumb\",\"itemListElement\":[{\"@type\":\"ListItem\",\"position\":1,\"name\":\"Strona g\u0142\u00f3wna\",\"item\":\"https:\\\/\\\/ugwp.cfolks.pl\\\/bwb\\\/\"},{\"@type\":\"ListItem\",\"position\":2,\"name\":\"Ta\u015bmy Uszczelniaj\u0105ce\",\"item\":\"https:\\\/\\\/ugwp.cfolks.pl\\\/bwb\\\/kategoria\\\/tasmy-uszczelniajace\\\/\"},{\"@type\":\"ListItem\",\"position\":3,\"name\":\"Ta\u015bma zewn\u0119trzna Polyflex Typ ADP\"}]},{\"@type\":\"WebSite\",\"@id\":\"https:\\\/\\\/ugwp.cfolks.pl\\\/bwb\\\/#website\",\"url\":\"https:\\\/\\\/ugwp.cfolks.pl\\\/bwb\\\/\",\"name\":\"BWB technology\",\"description\":\"Kolejna witryna oparta na WordPressie\",\"potentialAction\":[{\"@type\":\"SearchAction\",\"target\":{\"@type\":\"EntryPoint\",\"urlTemplate\":\"https:\\\/\\\/ugwp.cfolks.pl\\\/bwb\\\/?s={search_term_string}\"},\"query-input\":{\"@type\":\"PropertyValueSpecification\",\"valueRequired\":true,\"valueName\":\"search_term_string\"}}],\"inLanguage\":\"pl-PL\"}]}<\/script>\n<!-- \/ Yoast SEO plugin. -->","yoast_head_json":{"title":"Ta\u015bma Zewn\u0119trzna Polyflex Typ ADP - Uszczelnienie Dylatacji","description":"Ta\u015bma uszczelniaj\u0105ca Polyflex ADP - wysoka odporno\u015b\u0107 na starzenie, chemikalia i wod\u0119 pod ci\u015bnieniem. Do betonu i \u017celbetu. Sprawd\u017a!","robots":{"index":"noindex","follow":"follow","max-snippet":"max-snippet:-1","max-image-preview":"max-image-preview:large","max-video-preview":"max-video-preview:-1"},"og_locale":"pl_PL","og_type":"article","og_title":"Ta\u015bma Zewn\u0119trzna Polyflex Typ ADP - Uszczelnienie Dylatacji","og_description":"Ta\u015bma uszczelniaj\u0105ca Polyflex ADP - wysoka odporno\u015b\u0107 na starzenie, chemikalia i wod\u0119 pod ci\u015bnieniem. Do betonu i \u017celbetu. Sprawd\u017a!","og_url":"https:\/\/ugwp.cfolks.pl\/bwb\/produkt\/tasma-zewnetrzna-polyflex-typ-adp\/","og_site_name":"BWB technology","article_modified_time":"2025-04-23T14:50:52+00:00","og_image":[{"width":1100,"height":810,"url":"https:\/\/ugwp.cfolks.pl\/bwb\/wp-content\/uploads\/Tasma-zewnetrzna-Polyflex-Typ-ADP-240.jpg","type":"image\/jpeg"}],"twitter_card":"summary_large_image","schema":{"@context":"https:\/\/schema.org","@graph":[{"@type":"WebPage","@id":"https:\/\/ugwp.cfolks.pl\/bwb\/produkt\/tasma-zewnetrzna-polyflex-typ-adp\/","url":"https:\/\/ugwp.cfolks.pl\/bwb\/produkt\/tasma-zewnetrzna-polyflex-typ-adp\/","name":"Ta\u015bma Zewn\u0119trzna Polyflex Typ ADP - Uszczelnienie Dylatacji","isPartOf":{"@id":"https:\/\/ugwp.cfolks.pl\/bwb\/#website"},"primaryImageOfPage":{"@id":"https:\/\/ugwp.cfolks.pl\/bwb\/produkt\/tasma-zewnetrzna-polyflex-typ-adp\/#primaryimage"},"image":{"@id":"https:\/\/ugwp.cfolks.pl\/bwb\/produkt\/tasma-zewnetrzna-polyflex-typ-adp\/#primaryimage"},"thumbnailUrl":"https:\/\/ugwp.cfolks.pl\/bwb\/wp-content\/uploads\/Tasma-zewnetrzna-Polyflex-Typ-ADP-240.jpg","datePublished":"2025-04-22T12:11:56+00:00","dateModified":"2025-04-23T14:50:52+00:00","description":"Ta\u015bma uszczelniaj\u0105ca Polyflex ADP - wysoka odporno\u015b\u0107 na starzenie, chemikalia i wod\u0119 pod ci\u015bnieniem. Do betonu i \u017celbetu. Sprawd\u017a!","breadcrumb":{"@id":"https:\/\/ugwp.cfolks.pl\/bwb\/produkt\/tasma-zewnetrzna-polyflex-typ-adp\/#breadcrumb"},"inLanguage":"pl-PL","potentialAction":[{"@type":"ReadAction","target":["https:\/\/ugwp.cfolks.pl\/bwb\/produkt\/tasma-zewnetrzna-polyflex-typ-adp\/"]}]},{"@type":"ImageObject","inLanguage":"pl-PL","@id":"https:\/\/ugwp.cfolks.pl\/bwb\/produkt\/tasma-zewnetrzna-polyflex-typ-adp\/#primaryimage","url":"https:\/\/ugwp.cfolks.pl\/bwb\/wp-content\/uploads\/Tasma-zewnetrzna-Polyflex-Typ-ADP-240.jpg","contentUrl":"https:\/\/ugwp.cfolks.pl\/bwb\/wp-content\/uploads\/Tasma-zewnetrzna-Polyflex-Typ-ADP-240.jpg","width":1100,"height":810,"caption":"Ta\u015bma zewn\u0119trzna Polyflex Typ ADP 240"},{"@type":"BreadcrumbList","@id":"https:\/\/ugwp.cfolks.pl\/bwb\/produkt\/tasma-zewnetrzna-polyflex-typ-adp\/#breadcrumb","itemListElement":[{"@type":"ListItem","position":1,"name":"Strona g\u0142\u00f3wna","item":"https:\/\/ugwp.cfolks.pl\/bwb\/"},{"@type":"ListItem","position":2,"name":"Ta\u015bmy Uszczelniaj\u0105ce","item":"https:\/\/ugwp.cfolks.pl\/bwb\/kategoria\/tasmy-uszczelniajace\/"},{"@type":"ListItem","position":3,"name":"Ta\u015bma zewn\u0119trzna Polyflex Typ ADP"}]},{"@type":"WebSite","@id":"https:\/\/ugwp.cfolks.pl\/bwb\/#website","url":"https:\/\/ugwp.cfolks.pl\/bwb\/","name":"BWB technology","description":"Kolejna witryna oparta na WordPressie","potentialAction":[{"@type":"SearchAction","target":{"@type":"EntryPoint","urlTemplate":"https:\/\/ugwp.cfolks.pl\/bwb\/?s={search_term_string}"},"query-input":{"@type":"PropertyValueSpecification","valueRequired":true,"valueName":"search_term_string"}}],"inLanguage":"pl-PL"}]}},"_links":{"self":[{"href":"https:\/\/ugwp.cfolks.pl\/bwb\/wp-json\/wp\/v2\/product\/7125","targetHints":{"allow":["GET"]}}],"collection":[{"href":"https:\/\/ugwp.cfolks.pl\/bwb\/wp-json\/wp\/v2\/product"}],"about":[{"href":"https:\/\/ugwp.cfolks.pl\/bwb\/wp-json\/wp\/v2\/types\/product"}],"wp:featuredmedia":[{"embeddable":true,"href":"https:\/\/ugwp.cfolks.pl\/bwb\/wp-json\/wp\/v2\/media\/7127"}],"wp:attachment":[{"href":"https:\/\/ugwp.cfolks.pl\/bwb\/wp-json\/wp\/v2\/media?parent=7125"}],"wp:term":[{"taxonomy":"product_cat","embeddable":true,"href":"https:\/\/ugwp.cfolks.pl\/bwb\/wp-json\/wp\/v2\/product_cat?post=7125"},{"taxonomy":"product_tag","embeddable":true,"href":"https:\/\/ugwp.cfolks.pl\/bwb\/wp-json\/wp\/v2\/product_tag?post=7125"}],"curies":[{"name":"wp","href":"https:\/\/api.w.org\/{rel}","templated":true}]}}