{"id":6955,"date":"2025-03-07T16:50:04","date_gmt":"2025-03-07T15:50:04","guid":{"rendered":"https:\/\/ugwp.cfolks.pl\/bwb\/?post_type=product&#038;p=6955"},"modified":"2025-04-15T15:34:52","modified_gmt":"2025-04-15T13:34:52","slug":"tasma-wewnetrzna-besaflex-typ-asi","status":"publish","type":"product","link":"https:\/\/ugwp.cfolks.pl\/bwb\/produkt\/tasma-wewnetrzna-besaflex-typ-asi\/","title":{"rendered":"Ta\u015bma wewn\u0119trzna Besaflex Typ ASI"},"content":{"rendered":"","protected":false},"excerpt":{"rendered":"<p>Ta\u015bma wewn\u0119trzna Besaflex Typ ASI przeznaczona jest do uszczelnienia przerw roboczych w monolitycznych konstrukcjach betonowych i \u017celbetowych przy dzia\u0142aniu wody pod ci\u015bnieniem.<\/p>\n<p>Ta\u015bma ASI jest wewn\u0119trznie zbrojona siatk\u0105 stalow\u0105.<\/p>\n<p>Ta\u015bmy uszczelniaj\u0105ce Besaflex wykonane s\u0105 z plastyfikowanego PVC-P i charakteryzuj\u0105 si\u0119 wieloma dobrymi w\u0142a\u015bciwo\u015bciami, w tym wysok\u0105 odporno\u015bci\u0105 na starzenie.<\/p>\n<p>S\u0105 odporne na kwasy, alkalia oraz rdz\u0119, a tak\u017ce na wszystkie naturalnie wyst\u0119puj\u0105ce chemikalia.<\/p>\n<p>Mog\u0105 by\u0107 wykonywane:<\/p>\n<ul>\n<li>Besaflex NB \u2013 nieodporne na dzia\u0142anie zwi\u0105zk\u00f3w bitumicznych i olei<\/li>\n<li>Besaflex BV \u2013 odporne na dzia\u0142anie zwi\u0105zk\u00f3w bitumicznych i olei<\/li>\n<\/ul>\n<p>\u0141\u0105czenie ta\u015bm Besaflex wykonuje si\u0119 poprzez zgrzewanie.<\/p>\n","protected":false},"featured_media":7007,"template":"","meta":{"_acf_changed":false},"product_cat":[170,125],"product_tag":[],"class_list":{"0":"post-6955","1":"product","2":"type-product","3":"status-publish","4":"has-post-thumbnail","6":"product_cat-tasmy-do-przerw-roboczych","7":"product_cat-tasmy-uszczelniajace","9":"first","10":"instock","11":"shipping-taxable","12":"product-type-simple"},"acf":[],"yoast_head":"<!-- This site is optimized with the Yoast SEO plugin v27.3 - https:\/\/yoast.com\/product\/yoast-seo-wordpress\/ -->\n<title>Ta\u015bma Wewn\u0119trzna Besaflex Typ ASI - Wysoka Jako\u015b\u0107 i Trwa\u0142o\u015b\u0107!<\/title>\n<meta name=\"description\" content=\"Szukasz ta\u015bmy do zastosowa\u0144 wewn\u0119trznych? Sprawd\u017a Besaflex Typ ASI - trwa\u0142o\u015b\u0107, jako\u015b\u0107 i bezpiecze\u0144stwo. Zobacz nasz\u0105 ofert\u0119 i zam\u00f3w teraz!\" \/>\n<meta name=\"robots\" content=\"noindex, follow, max-snippet:-1, max-image-preview:large, max-video-preview:-1\" \/>\n<meta property=\"og:locale\" content=\"pl_PL\" \/>\n<meta property=\"og:type\" content=\"article\" \/>\n<meta property=\"og:title\" content=\"Ta\u015bma Wewn\u0119trzna Besaflex Typ ASI - Wysoka Jako\u015b\u0107 i Trwa\u0142o\u015b\u0107!\" \/>\n<meta property=\"og:description\" content=\"Szukasz ta\u015bmy do zastosowa\u0144 wewn\u0119trznych? Sprawd\u017a Besaflex Typ ASI - trwa\u0142o\u015b\u0107, jako\u015b\u0107 i bezpiecze\u0144stwo. Zobacz nasz\u0105 ofert\u0119 i zam\u00f3w teraz!\" \/>\n<meta property=\"og:url\" content=\"https:\/\/ugwp.cfolks.pl\/bwb\/produkt\/tasma-wewnetrzna-besaflex-typ-asi\/\" \/>\n<meta property=\"og:site_name\" content=\"BWB technology\" \/>\n<meta property=\"article:modified_time\" content=\"2025-04-15T13:34:52+00:00\" \/>\n<meta property=\"og:image\" content=\"https:\/\/ugwp.cfolks.pl\/bwb\/wp-content\/uploads\/Tasma-wewnetrzna-Besaflex-Typ-ASI.jpg\" \/>\n\t<meta property=\"og:image:width\" content=\"1100\" \/>\n\t<meta property=\"og:image:height\" content=\"810\" \/>\n\t<meta property=\"og:image:type\" content=\"image\/jpeg\" \/>\n<meta name=\"twitter:card\" content=\"summary_large_image\" \/>\n<meta name=\"twitter:label1\" content=\"Szacowany czas czytania\" \/>\n\t<meta name=\"twitter:data1\" content=\"1 minuta\" \/>\n<script type=\"application\/ld+json\" class=\"yoast-schema-graph\">{\"@context\":\"https:\\\/\\\/schema.org\",\"@graph\":[{\"@type\":\"WebPage\",\"@id\":\"https:\\\/\\\/ugwp.cfolks.pl\\\/bwb\\\/produkt\\\/tasma-wewnetrzna-besaflex-typ-asi\\\/\",\"url\":\"https:\\\/\\\/ugwp.cfolks.pl\\\/bwb\\\/produkt\\\/tasma-wewnetrzna-besaflex-typ-asi\\\/\",\"name\":\"Ta\u015bma Wewn\u0119trzna Besaflex Typ ASI - Wysoka Jako\u015b\u0107 i Trwa\u0142o\u015b\u0107!\",\"isPartOf\":{\"@id\":\"https:\\\/\\\/ugwp.cfolks.pl\\\/bwb\\\/#website\"},\"primaryImageOfPage\":{\"@id\":\"https:\\\/\\\/ugwp.cfolks.pl\\\/bwb\\\/produkt\\\/tasma-wewnetrzna-besaflex-typ-asi\\\/#primaryimage\"},\"image\":{\"@id\":\"https:\\\/\\\/ugwp.cfolks.pl\\\/bwb\\\/produkt\\\/tasma-wewnetrzna-besaflex-typ-asi\\\/#primaryimage\"},\"thumbnailUrl\":\"https:\\\/\\\/ugwp.cfolks.pl\\\/bwb\\\/wp-content\\\/uploads\\\/Tasma-wewnetrzna-Besaflex-Typ-ASI.jpg\",\"datePublished\":\"2025-03-07T15:50:04+00:00\",\"dateModified\":\"2025-04-15T13:34:52+00:00\",\"description\":\"Szukasz ta\u015bmy do zastosowa\u0144 wewn\u0119trznych? Sprawd\u017a Besaflex Typ ASI - trwa\u0142o\u015b\u0107, jako\u015b\u0107 i bezpiecze\u0144stwo. Zobacz nasz\u0105 ofert\u0119 i zam\u00f3w teraz!\",\"breadcrumb\":{\"@id\":\"https:\\\/\\\/ugwp.cfolks.pl\\\/bwb\\\/produkt\\\/tasma-wewnetrzna-besaflex-typ-asi\\\/#breadcrumb\"},\"inLanguage\":\"pl-PL\",\"potentialAction\":[{\"@type\":\"ReadAction\",\"target\":[\"https:\\\/\\\/ugwp.cfolks.pl\\\/bwb\\\/produkt\\\/tasma-wewnetrzna-besaflex-typ-asi\\\/\"]}]},{\"@type\":\"ImageObject\",\"inLanguage\":\"pl-PL\",\"@id\":\"https:\\\/\\\/ugwp.cfolks.pl\\\/bwb\\\/produkt\\\/tasma-wewnetrzna-besaflex-typ-asi\\\/#primaryimage\",\"url\":\"https:\\\/\\\/ugwp.cfolks.pl\\\/bwb\\\/wp-content\\\/uploads\\\/Tasma-wewnetrzna-Besaflex-Typ-ASI.jpg\",\"contentUrl\":\"https:\\\/\\\/ugwp.cfolks.pl\\\/bwb\\\/wp-content\\\/uploads\\\/Tasma-wewnetrzna-Besaflex-Typ-ASI.jpg\",\"width\":1100,\"height\":810,\"caption\":\"Ta\u015bma wewn\u0119trzna Besaflex Typ ASI\"},{\"@type\":\"BreadcrumbList\",\"@id\":\"https:\\\/\\\/ugwp.cfolks.pl\\\/bwb\\\/produkt\\\/tasma-wewnetrzna-besaflex-typ-asi\\\/#breadcrumb\",\"itemListElement\":[{\"@type\":\"ListItem\",\"position\":1,\"name\":\"Strona g\u0142\u00f3wna\",\"item\":\"https:\\\/\\\/ugwp.cfolks.pl\\\/bwb\\\/\"},{\"@type\":\"ListItem\",\"position\":2,\"name\":\"Ta\u015bmy Uszczelniaj\u0105ce\",\"item\":\"https:\\\/\\\/ugwp.cfolks.pl\\\/bwb\\\/kategoria\\\/tasmy-uszczelniajace\\\/\"},{\"@type\":\"ListItem\",\"position\":3,\"name\":\"Ta\u015bma wewn\u0119trzna Besaflex Typ ASI\"}]},{\"@type\":\"WebSite\",\"@id\":\"https:\\\/\\\/ugwp.cfolks.pl\\\/bwb\\\/#website\",\"url\":\"https:\\\/\\\/ugwp.cfolks.pl\\\/bwb\\\/\",\"name\":\"BWB technology\",\"description\":\"Kolejna witryna oparta na WordPressie\",\"potentialAction\":[{\"@type\":\"SearchAction\",\"target\":{\"@type\":\"EntryPoint\",\"urlTemplate\":\"https:\\\/\\\/ugwp.cfolks.pl\\\/bwb\\\/?s={search_term_string}\"},\"query-input\":{\"@type\":\"PropertyValueSpecification\",\"valueRequired\":true,\"valueName\":\"search_term_string\"}}],\"inLanguage\":\"pl-PL\"}]}<\/script>\n<!-- \/ Yoast SEO plugin. -->","yoast_head_json":{"title":"Ta\u015bma Wewn\u0119trzna Besaflex Typ ASI - Wysoka Jako\u015b\u0107 i Trwa\u0142o\u015b\u0107!","description":"Szukasz ta\u015bmy do zastosowa\u0144 wewn\u0119trznych? Sprawd\u017a Besaflex Typ ASI - trwa\u0142o\u015b\u0107, jako\u015b\u0107 i bezpiecze\u0144stwo. Zobacz nasz\u0105 ofert\u0119 i zam\u00f3w teraz!","robots":{"index":"noindex","follow":"follow","max-snippet":"max-snippet:-1","max-image-preview":"max-image-preview:large","max-video-preview":"max-video-preview:-1"},"og_locale":"pl_PL","og_type":"article","og_title":"Ta\u015bma Wewn\u0119trzna Besaflex Typ ASI - Wysoka Jako\u015b\u0107 i Trwa\u0142o\u015b\u0107!","og_description":"Szukasz ta\u015bmy do zastosowa\u0144 wewn\u0119trznych? Sprawd\u017a Besaflex Typ ASI - trwa\u0142o\u015b\u0107, jako\u015b\u0107 i bezpiecze\u0144stwo. Zobacz nasz\u0105 ofert\u0119 i zam\u00f3w teraz!","og_url":"https:\/\/ugwp.cfolks.pl\/bwb\/produkt\/tasma-wewnetrzna-besaflex-typ-asi\/","og_site_name":"BWB technology","article_modified_time":"2025-04-15T13:34:52+00:00","og_image":[{"width":1100,"height":810,"url":"https:\/\/ugwp.cfolks.pl\/bwb\/wp-content\/uploads\/Tasma-wewnetrzna-Besaflex-Typ-ASI.jpg","type":"image\/jpeg"}],"twitter_card":"summary_large_image","twitter_misc":{"Szacowany czas czytania":"1 minuta"},"schema":{"@context":"https:\/\/schema.org","@graph":[{"@type":"WebPage","@id":"https:\/\/ugwp.cfolks.pl\/bwb\/produkt\/tasma-wewnetrzna-besaflex-typ-asi\/","url":"https:\/\/ugwp.cfolks.pl\/bwb\/produkt\/tasma-wewnetrzna-besaflex-typ-asi\/","name":"Ta\u015bma Wewn\u0119trzna Besaflex Typ ASI - Wysoka Jako\u015b\u0107 i Trwa\u0142o\u015b\u0107!","isPartOf":{"@id":"https:\/\/ugwp.cfolks.pl\/bwb\/#website"},"primaryImageOfPage":{"@id":"https:\/\/ugwp.cfolks.pl\/bwb\/produkt\/tasma-wewnetrzna-besaflex-typ-asi\/#primaryimage"},"image":{"@id":"https:\/\/ugwp.cfolks.pl\/bwb\/produkt\/tasma-wewnetrzna-besaflex-typ-asi\/#primaryimage"},"thumbnailUrl":"https:\/\/ugwp.cfolks.pl\/bwb\/wp-content\/uploads\/Tasma-wewnetrzna-Besaflex-Typ-ASI.jpg","datePublished":"2025-03-07T15:50:04+00:00","dateModified":"2025-04-15T13:34:52+00:00","description":"Szukasz ta\u015bmy do zastosowa\u0144 wewn\u0119trznych? Sprawd\u017a Besaflex Typ ASI - trwa\u0142o\u015b\u0107, jako\u015b\u0107 i bezpiecze\u0144stwo. Zobacz nasz\u0105 ofert\u0119 i zam\u00f3w teraz!","breadcrumb":{"@id":"https:\/\/ugwp.cfolks.pl\/bwb\/produkt\/tasma-wewnetrzna-besaflex-typ-asi\/#breadcrumb"},"inLanguage":"pl-PL","potentialAction":[{"@type":"ReadAction","target":["https:\/\/ugwp.cfolks.pl\/bwb\/produkt\/tasma-wewnetrzna-besaflex-typ-asi\/"]}]},{"@type":"ImageObject","inLanguage":"pl-PL","@id":"https:\/\/ugwp.cfolks.pl\/bwb\/produkt\/tasma-wewnetrzna-besaflex-typ-asi\/#primaryimage","url":"https:\/\/ugwp.cfolks.pl\/bwb\/wp-content\/uploads\/Tasma-wewnetrzna-Besaflex-Typ-ASI.jpg","contentUrl":"https:\/\/ugwp.cfolks.pl\/bwb\/wp-content\/uploads\/Tasma-wewnetrzna-Besaflex-Typ-ASI.jpg","width":1100,"height":810,"caption":"Ta\u015bma wewn\u0119trzna Besaflex Typ ASI"},{"@type":"BreadcrumbList","@id":"https:\/\/ugwp.cfolks.pl\/bwb\/produkt\/tasma-wewnetrzna-besaflex-typ-asi\/#breadcrumb","itemListElement":[{"@type":"ListItem","position":1,"name":"Strona g\u0142\u00f3wna","item":"https:\/\/ugwp.cfolks.pl\/bwb\/"},{"@type":"ListItem","position":2,"name":"Ta\u015bmy Uszczelniaj\u0105ce","item":"https:\/\/ugwp.cfolks.pl\/bwb\/kategoria\/tasmy-uszczelniajace\/"},{"@type":"ListItem","position":3,"name":"Ta\u015bma wewn\u0119trzna Besaflex Typ ASI"}]},{"@type":"WebSite","@id":"https:\/\/ugwp.cfolks.pl\/bwb\/#website","url":"https:\/\/ugwp.cfolks.pl\/bwb\/","name":"BWB technology","description":"Kolejna witryna oparta na WordPressie","potentialAction":[{"@type":"SearchAction","target":{"@type":"EntryPoint","urlTemplate":"https:\/\/ugwp.cfolks.pl\/bwb\/?s={search_term_string}"},"query-input":{"@type":"PropertyValueSpecification","valueRequired":true,"valueName":"search_term_string"}}],"inLanguage":"pl-PL"}]}},"_links":{"self":[{"href":"https:\/\/ugwp.cfolks.pl\/bwb\/wp-json\/wp\/v2\/product\/6955","targetHints":{"allow":["GET"]}}],"collection":[{"href":"https:\/\/ugwp.cfolks.pl\/bwb\/wp-json\/wp\/v2\/product"}],"about":[{"href":"https:\/\/ugwp.cfolks.pl\/bwb\/wp-json\/wp\/v2\/types\/product"}],"wp:featuredmedia":[{"embeddable":true,"href":"https:\/\/ugwp.cfolks.pl\/bwb\/wp-json\/wp\/v2\/media\/7007"}],"wp:attachment":[{"href":"https:\/\/ugwp.cfolks.pl\/bwb\/wp-json\/wp\/v2\/media?parent=6955"}],"wp:term":[{"taxonomy":"product_cat","embeddable":true,"href":"https:\/\/ugwp.cfolks.pl\/bwb\/wp-json\/wp\/v2\/product_cat?post=6955"},{"taxonomy":"product_tag","embeddable":true,"href":"https:\/\/ugwp.cfolks.pl\/bwb\/wp-json\/wp\/v2\/product_tag?post=6955"}],"curies":[{"name":"wp","href":"https:\/\/api.w.org\/{rel}","templated":true}]}}