{"id":6805,"date":"2024-09-30T16:05:36","date_gmt":"2024-09-30T14:05:36","guid":{"rendered":"https:\/\/ugwp.cfolks.pl\/bwb\/?post_type=product&#038;p=6805"},"modified":"2024-10-03T15:20:34","modified_gmt":"2024-10-03T13:20:34","slug":"rurka-dystansowa-kraso-dws","status":"publish","type":"product","link":"https:\/\/ugwp.cfolks.pl\/bwb\/produkt\/rurka-dystansowa-kraso-dws\/","title":{"rendered":"Rurka dystansowa KRASO\u00ae DWS"},"content":{"rendered":"","protected":false},"excerpt":{"rendered":"<p>Element dystansowy do szalunk\u00f3w \u015bcian z betonu wodoszczelnego. Dostarczany jako gotowy element dostosowany  do grubo\u015bci \u015bciany &#8211; nie jest wymagane jego sk\u0142adanie na placu budowy. Prosty monta\u017c &#8211; bez czasoch\u0142onnego przyklejania kork\u00f3w za\u015blepiaj\u0105cych i kosztownej renowacji. Szczelno\u015b\u0107 na ci\u015bnienie wody do 10 bar\u00f3w wewn\u0105trz i na zewn\u0105trz dzi\u0119ki wulkanizowanemu dyskowi blokuj\u0105cemu oraz korkom uszczelniaj\u0105cym i za\u015blepiaj\u0105cym. Ognioodporno\u015b\u0107 do F 180.<br \/>\nWytyczne DafStB dotycz\u0105ce betonu wodoszczelnego: klasa wytrzyma\u0142o\u015bci 1 + 2<\/p>\n","protected":false},"featured_media":6827,"template":"","meta":{"_acf_changed":false},"product_cat":[133,154],"product_tag":[],"class_list":{"0":"post-6805","1":"product","2":"type-product","3":"status-publish","4":"has-post-thumbnail","6":"product_cat-akcesoria-szalunkowe","7":"product_cat-rurki-dystansowe","9":"first","10":"instock","11":"shipping-taxable","12":"product-type-simple"},"acf":[],"yoast_head":"<!-- This site is optimized with the Yoast SEO plugin v27.3 - https:\/\/yoast.com\/product\/yoast-seo-wordpress\/ -->\n<title>Rurka Dystansowa KRASO\u00ae DWS do Szalunk\u00f3w \u015acian z Betonu!<\/title>\n<meta name=\"description\" content=\"Rurka dystansowa KRASO\u00ae DWS \u2013 precyzyjne rozwi\u0105zanie do uszczelnie\u0144 budowlanych. Wysoka trwa\u0142o\u015b\u0107 i odporno\u015b\u0107. Sprawd\u017a ofert\u0119 BWB technology!\" \/>\n<meta name=\"robots\" content=\"noindex, follow, max-snippet:-1, max-image-preview:large, max-video-preview:-1\" \/>\n<meta property=\"og:locale\" content=\"pl_PL\" \/>\n<meta property=\"og:type\" content=\"article\" \/>\n<meta property=\"og:title\" content=\"Rurka Dystansowa KRASO\u00ae DWS do Szalunk\u00f3w \u015acian z Betonu!\" \/>\n<meta property=\"og:description\" content=\"Rurka dystansowa KRASO\u00ae DWS \u2013 precyzyjne rozwi\u0105zanie do uszczelnie\u0144 budowlanych. Wysoka trwa\u0142o\u015b\u0107 i odporno\u015b\u0107. Sprawd\u017a ofert\u0119 BWB technology!\" \/>\n<meta property=\"og:url\" content=\"https:\/\/ugwp.cfolks.pl\/bwb\/produkt\/rurka-dystansowa-kraso-dws\/\" \/>\n<meta property=\"og:site_name\" content=\"BWB technology\" \/>\n<meta property=\"article:modified_time\" content=\"2024-10-03T13:20:34+00:00\" \/>\n<meta property=\"og:image\" content=\"https:\/\/ugwp.cfolks.pl\/bwb\/wp-content\/uploads\/Rurka-dystansowa-KRASO\u00ae-DWS.jpg\" \/>\n\t<meta property=\"og:image:width\" content=\"1100\" \/>\n\t<meta property=\"og:image:height\" content=\"810\" \/>\n\t<meta property=\"og:image:type\" content=\"image\/jpeg\" \/>\n<meta name=\"twitter:card\" content=\"summary_large_image\" \/>\n<meta name=\"twitter:label1\" content=\"Szacowany czas czytania\" \/>\n\t<meta name=\"twitter:data1\" content=\"1 minuta\" \/>\n<script type=\"application\/ld+json\" class=\"yoast-schema-graph\">{\"@context\":\"https:\\\/\\\/schema.org\",\"@graph\":[{\"@type\":\"WebPage\",\"@id\":\"https:\\\/\\\/ugwp.cfolks.pl\\\/bwb\\\/produkt\\\/rurka-dystansowa-kraso-dws\\\/\",\"url\":\"https:\\\/\\\/ugwp.cfolks.pl\\\/bwb\\\/produkt\\\/rurka-dystansowa-kraso-dws\\\/\",\"name\":\"Rurka Dystansowa KRASO\u00ae DWS do Szalunk\u00f3w \u015acian z Betonu!\",\"isPartOf\":{\"@id\":\"https:\\\/\\\/ugwp.cfolks.pl\\\/bwb\\\/#website\"},\"primaryImageOfPage\":{\"@id\":\"https:\\\/\\\/ugwp.cfolks.pl\\\/bwb\\\/produkt\\\/rurka-dystansowa-kraso-dws\\\/#primaryimage\"},\"image\":{\"@id\":\"https:\\\/\\\/ugwp.cfolks.pl\\\/bwb\\\/produkt\\\/rurka-dystansowa-kraso-dws\\\/#primaryimage\"},\"thumbnailUrl\":\"https:\\\/\\\/ugwp.cfolks.pl\\\/bwb\\\/wp-content\\\/uploads\\\/Rurka-dystansowa-KRASO\u00ae-DWS.jpg\",\"datePublished\":\"2024-09-30T14:05:36+00:00\",\"dateModified\":\"2024-10-03T13:20:34+00:00\",\"description\":\"Rurka dystansowa KRASO\u00ae DWS \u2013 precyzyjne rozwi\u0105zanie do uszczelnie\u0144 budowlanych. Wysoka trwa\u0142o\u015b\u0107 i odporno\u015b\u0107. Sprawd\u017a ofert\u0119 BWB technology!\",\"breadcrumb\":{\"@id\":\"https:\\\/\\\/ugwp.cfolks.pl\\\/bwb\\\/produkt\\\/rurka-dystansowa-kraso-dws\\\/#breadcrumb\"},\"inLanguage\":\"pl-PL\",\"potentialAction\":[{\"@type\":\"ReadAction\",\"target\":[\"https:\\\/\\\/ugwp.cfolks.pl\\\/bwb\\\/produkt\\\/rurka-dystansowa-kraso-dws\\\/\"]}]},{\"@type\":\"ImageObject\",\"inLanguage\":\"pl-PL\",\"@id\":\"https:\\\/\\\/ugwp.cfolks.pl\\\/bwb\\\/produkt\\\/rurka-dystansowa-kraso-dws\\\/#primaryimage\",\"url\":\"https:\\\/\\\/ugwp.cfolks.pl\\\/bwb\\\/wp-content\\\/uploads\\\/Rurka-dystansowa-KRASO\u00ae-DWS.jpg\",\"contentUrl\":\"https:\\\/\\\/ugwp.cfolks.pl\\\/bwb\\\/wp-content\\\/uploads\\\/Rurka-dystansowa-KRASO\u00ae-DWS.jpg\",\"width\":1100,\"height\":810,\"caption\":\"Rurka dystansowa KRASO\u00ae DWS\"},{\"@type\":\"BreadcrumbList\",\"@id\":\"https:\\\/\\\/ugwp.cfolks.pl\\\/bwb\\\/produkt\\\/rurka-dystansowa-kraso-dws\\\/#breadcrumb\",\"itemListElement\":[{\"@type\":\"ListItem\",\"position\":1,\"name\":\"Strona g\u0142\u00f3wna\",\"item\":\"https:\\\/\\\/ugwp.cfolks.pl\\\/bwb\\\/\"},{\"@type\":\"ListItem\",\"position\":2,\"name\":\"Akcesoria Szalunkowe\",\"item\":\"https:\\\/\\\/ugwp.cfolks.pl\\\/bwb\\\/kategoria\\\/akcesoria-szalunkowe\\\/\"},{\"@type\":\"ListItem\",\"position\":3,\"name\":\"Rurki dystansowe\",\"item\":\"https:\\\/\\\/ugwp.cfolks.pl\\\/bwb\\\/kategoria\\\/akcesoria-szalunkowe\\\/rurki-dystansowe\\\/\"},{\"@type\":\"ListItem\",\"position\":4,\"name\":\"Rurka dystansowa KRASO\u00ae DWS\"}]},{\"@type\":\"WebSite\",\"@id\":\"https:\\\/\\\/ugwp.cfolks.pl\\\/bwb\\\/#website\",\"url\":\"https:\\\/\\\/ugwp.cfolks.pl\\\/bwb\\\/\",\"name\":\"BWB technology\",\"description\":\"Kolejna witryna oparta na WordPressie\",\"potentialAction\":[{\"@type\":\"SearchAction\",\"target\":{\"@type\":\"EntryPoint\",\"urlTemplate\":\"https:\\\/\\\/ugwp.cfolks.pl\\\/bwb\\\/?s={search_term_string}\"},\"query-input\":{\"@type\":\"PropertyValueSpecification\",\"valueRequired\":true,\"valueName\":\"search_term_string\"}}],\"inLanguage\":\"pl-PL\"}]}<\/script>\n<!-- \/ Yoast SEO plugin. -->","yoast_head_json":{"title":"Rurka Dystansowa KRASO\u00ae DWS do Szalunk\u00f3w \u015acian z Betonu!","description":"Rurka dystansowa KRASO\u00ae DWS \u2013 precyzyjne rozwi\u0105zanie do uszczelnie\u0144 budowlanych. Wysoka trwa\u0142o\u015b\u0107 i odporno\u015b\u0107. Sprawd\u017a ofert\u0119 BWB technology!","robots":{"index":"noindex","follow":"follow","max-snippet":"max-snippet:-1","max-image-preview":"max-image-preview:large","max-video-preview":"max-video-preview:-1"},"og_locale":"pl_PL","og_type":"article","og_title":"Rurka Dystansowa KRASO\u00ae DWS do Szalunk\u00f3w \u015acian z Betonu!","og_description":"Rurka dystansowa KRASO\u00ae DWS \u2013 precyzyjne rozwi\u0105zanie do uszczelnie\u0144 budowlanych. Wysoka trwa\u0142o\u015b\u0107 i odporno\u015b\u0107. Sprawd\u017a ofert\u0119 BWB technology!","og_url":"https:\/\/ugwp.cfolks.pl\/bwb\/produkt\/rurka-dystansowa-kraso-dws\/","og_site_name":"BWB technology","article_modified_time":"2024-10-03T13:20:34+00:00","og_image":[{"width":1100,"height":810,"url":"https:\/\/ugwp.cfolks.pl\/bwb\/wp-content\/uploads\/Rurka-dystansowa-KRASO\u00ae-DWS.jpg","type":"image\/jpeg"}],"twitter_card":"summary_large_image","twitter_misc":{"Szacowany czas czytania":"1 minuta"},"schema":{"@context":"https:\/\/schema.org","@graph":[{"@type":"WebPage","@id":"https:\/\/ugwp.cfolks.pl\/bwb\/produkt\/rurka-dystansowa-kraso-dws\/","url":"https:\/\/ugwp.cfolks.pl\/bwb\/produkt\/rurka-dystansowa-kraso-dws\/","name":"Rurka Dystansowa KRASO\u00ae DWS do Szalunk\u00f3w \u015acian z Betonu!","isPartOf":{"@id":"https:\/\/ugwp.cfolks.pl\/bwb\/#website"},"primaryImageOfPage":{"@id":"https:\/\/ugwp.cfolks.pl\/bwb\/produkt\/rurka-dystansowa-kraso-dws\/#primaryimage"},"image":{"@id":"https:\/\/ugwp.cfolks.pl\/bwb\/produkt\/rurka-dystansowa-kraso-dws\/#primaryimage"},"thumbnailUrl":"https:\/\/ugwp.cfolks.pl\/bwb\/wp-content\/uploads\/Rurka-dystansowa-KRASO\u00ae-DWS.jpg","datePublished":"2024-09-30T14:05:36+00:00","dateModified":"2024-10-03T13:20:34+00:00","description":"Rurka dystansowa KRASO\u00ae DWS \u2013 precyzyjne rozwi\u0105zanie do uszczelnie\u0144 budowlanych. Wysoka trwa\u0142o\u015b\u0107 i odporno\u015b\u0107. Sprawd\u017a ofert\u0119 BWB technology!","breadcrumb":{"@id":"https:\/\/ugwp.cfolks.pl\/bwb\/produkt\/rurka-dystansowa-kraso-dws\/#breadcrumb"},"inLanguage":"pl-PL","potentialAction":[{"@type":"ReadAction","target":["https:\/\/ugwp.cfolks.pl\/bwb\/produkt\/rurka-dystansowa-kraso-dws\/"]}]},{"@type":"ImageObject","inLanguage":"pl-PL","@id":"https:\/\/ugwp.cfolks.pl\/bwb\/produkt\/rurka-dystansowa-kraso-dws\/#primaryimage","url":"https:\/\/ugwp.cfolks.pl\/bwb\/wp-content\/uploads\/Rurka-dystansowa-KRASO\u00ae-DWS.jpg","contentUrl":"https:\/\/ugwp.cfolks.pl\/bwb\/wp-content\/uploads\/Rurka-dystansowa-KRASO\u00ae-DWS.jpg","width":1100,"height":810,"caption":"Rurka dystansowa KRASO\u00ae DWS"},{"@type":"BreadcrumbList","@id":"https:\/\/ugwp.cfolks.pl\/bwb\/produkt\/rurka-dystansowa-kraso-dws\/#breadcrumb","itemListElement":[{"@type":"ListItem","position":1,"name":"Strona g\u0142\u00f3wna","item":"https:\/\/ugwp.cfolks.pl\/bwb\/"},{"@type":"ListItem","position":2,"name":"Akcesoria Szalunkowe","item":"https:\/\/ugwp.cfolks.pl\/bwb\/kategoria\/akcesoria-szalunkowe\/"},{"@type":"ListItem","position":3,"name":"Rurki dystansowe","item":"https:\/\/ugwp.cfolks.pl\/bwb\/kategoria\/akcesoria-szalunkowe\/rurki-dystansowe\/"},{"@type":"ListItem","position":4,"name":"Rurka dystansowa KRASO\u00ae DWS"}]},{"@type":"WebSite","@id":"https:\/\/ugwp.cfolks.pl\/bwb\/#website","url":"https:\/\/ugwp.cfolks.pl\/bwb\/","name":"BWB technology","description":"Kolejna witryna oparta na WordPressie","potentialAction":[{"@type":"SearchAction","target":{"@type":"EntryPoint","urlTemplate":"https:\/\/ugwp.cfolks.pl\/bwb\/?s={search_term_string}"},"query-input":{"@type":"PropertyValueSpecification","valueRequired":true,"valueName":"search_term_string"}}],"inLanguage":"pl-PL"}]}},"_links":{"self":[{"href":"https:\/\/ugwp.cfolks.pl\/bwb\/wp-json\/wp\/v2\/product\/6805","targetHints":{"allow":["GET"]}}],"collection":[{"href":"https:\/\/ugwp.cfolks.pl\/bwb\/wp-json\/wp\/v2\/product"}],"about":[{"href":"https:\/\/ugwp.cfolks.pl\/bwb\/wp-json\/wp\/v2\/types\/product"}],"wp:featuredmedia":[{"embeddable":true,"href":"https:\/\/ugwp.cfolks.pl\/bwb\/wp-json\/wp\/v2\/media\/6827"}],"wp:attachment":[{"href":"https:\/\/ugwp.cfolks.pl\/bwb\/wp-json\/wp\/v2\/media?parent=6805"}],"wp:term":[{"taxonomy":"product_cat","embeddable":true,"href":"https:\/\/ugwp.cfolks.pl\/bwb\/wp-json\/wp\/v2\/product_cat?post=6805"},{"taxonomy":"product_tag","embeddable":true,"href":"https:\/\/ugwp.cfolks.pl\/bwb\/wp-json\/wp\/v2\/product_tag?post=6805"}],"curies":[{"name":"wp","href":"https:\/\/api.w.org\/{rel}","templated":true}]}}