{"id":6793,"date":"2024-09-30T15:07:29","date_gmt":"2024-09-30T13:07:29","guid":{"rendered":"https:\/\/ugwp.cfolks.pl\/bwb\/?post_type=product&#038;p=6793"},"modified":"2024-10-03T15:22:56","modified_gmt":"2024-10-03T13:22:56","slug":"wklad-uszczelniajacy-kraso-typ-fbv-gf","status":"publish","type":"product","link":"https:\/\/ugwp.cfolks.pl\/bwb\/produkt\/wklad-uszczelniajacy-kraso-typ-fbv-gf\/","title":{"rendered":"Wk\u0142ad uszczelniaj\u0105cy KRASO\u00ae typ FBV\/GF"},"content":{"rendered":"","protected":false},"excerpt":{"rendered":"<p>Do przeprowadzenia kabli i rur, do rur os\u0142onowych lub otwor\u00f3w rdzeniowych, z du\u017cym ko\u0142nierzem i dodatkowym ko\u0142nierzem uszczelniaj\u0105cym, w zestawie butylowa ta\u015bma uszczelniaj\u0105ca do po\u0142\u0105czenia z foliami FBV, nakr\u0119tka kontroluj\u0105ca moment obrotowy KRASO DKM*, stal nierdzewna V2A, odporno\u015b\u0107 na wod\u0119 pod ci\u015bnieniem do 2,5 bar.<\/p>\n<p>Wytyczne WU: klasa napr\u0119\u017ce\u0144 1 + 2<\/p>\n","protected":false},"featured_media":6821,"template":"","meta":{"_acf_changed":false},"product_cat":[140,129],"product_tag":[],"class_list":{"0":"post-6793","1":"product","2":"type-product","3":"status-publish","4":"has-post-thumbnail","6":"product_cat-wklady-uszczelniajace","7":"product_cat-wodoszczelne-przejscia-instalacyjne","9":"first","10":"instock","11":"shipping-taxable","12":"product-type-simple"},"acf":[],"yoast_head":"<!-- This site is optimized with the Yoast SEO plugin v27.3 - https:\/\/yoast.com\/product\/yoast-seo-wordpress\/ -->\n<title>Wk\u0142ad Uszczelniaj\u0105cy KRASO\u00ae typ FBV\/GF do Rur i Kabli!<\/title>\n<meta name=\"description\" content=\"KRASO\u00ae typ FBV\/GF \u2013 niezawodny wk\u0142ad uszczelniaj\u0105cy do instalacji rur i kabli. Zapewnij szczelno\u015b\u0107 i trwa\u0142o\u015b\u0107 swoich projekt\u00f3w budowlanych. Zam\u00f3w teraz!\" \/>\n<meta name=\"robots\" content=\"noindex, follow, max-snippet:-1, max-image-preview:large, max-video-preview:-1\" \/>\n<meta property=\"og:locale\" content=\"pl_PL\" \/>\n<meta property=\"og:type\" content=\"article\" \/>\n<meta property=\"og:title\" content=\"Wk\u0142ad Uszczelniaj\u0105cy KRASO\u00ae typ FBV\/GF do Rur i Kabli!\" \/>\n<meta property=\"og:description\" content=\"KRASO\u00ae typ FBV\/GF \u2013 niezawodny wk\u0142ad uszczelniaj\u0105cy do instalacji rur i kabli. Zapewnij szczelno\u015b\u0107 i trwa\u0142o\u015b\u0107 swoich projekt\u00f3w budowlanych. Zam\u00f3w teraz!\" \/>\n<meta property=\"og:url\" content=\"https:\/\/ugwp.cfolks.pl\/bwb\/produkt\/wklad-uszczelniajacy-kraso-typ-fbv-gf\/\" \/>\n<meta property=\"og:site_name\" content=\"BWB technology\" \/>\n<meta property=\"article:modified_time\" content=\"2024-10-03T13:22:56+00:00\" \/>\n<meta property=\"og:image\" content=\"https:\/\/ugwp.cfolks.pl\/bwb\/wp-content\/uploads\/Wklad-uszczelniajacy-KRASO\u00ae-typ-FBV-GF.jpg\" \/>\n\t<meta property=\"og:image:width\" content=\"1100\" \/>\n\t<meta property=\"og:image:height\" content=\"810\" \/>\n\t<meta property=\"og:image:type\" content=\"image\/jpeg\" \/>\n<meta name=\"twitter:card\" content=\"summary_large_image\" \/>\n<meta name=\"twitter:label1\" content=\"Szacowany czas czytania\" \/>\n\t<meta name=\"twitter:data1\" content=\"1 minuta\" \/>\n<script type=\"application\/ld+json\" class=\"yoast-schema-graph\">{\"@context\":\"https:\\\/\\\/schema.org\",\"@graph\":[{\"@type\":\"WebPage\",\"@id\":\"https:\\\/\\\/ugwp.cfolks.pl\\\/bwb\\\/produkt\\\/wklad-uszczelniajacy-kraso-typ-fbv-gf\\\/\",\"url\":\"https:\\\/\\\/ugwp.cfolks.pl\\\/bwb\\\/produkt\\\/wklad-uszczelniajacy-kraso-typ-fbv-gf\\\/\",\"name\":\"Wk\u0142ad Uszczelniaj\u0105cy KRASO\u00ae typ FBV\\\/GF do Rur i Kabli!\",\"isPartOf\":{\"@id\":\"https:\\\/\\\/ugwp.cfolks.pl\\\/bwb\\\/#website\"},\"primaryImageOfPage\":{\"@id\":\"https:\\\/\\\/ugwp.cfolks.pl\\\/bwb\\\/produkt\\\/wklad-uszczelniajacy-kraso-typ-fbv-gf\\\/#primaryimage\"},\"image\":{\"@id\":\"https:\\\/\\\/ugwp.cfolks.pl\\\/bwb\\\/produkt\\\/wklad-uszczelniajacy-kraso-typ-fbv-gf\\\/#primaryimage\"},\"thumbnailUrl\":\"https:\\\/\\\/ugwp.cfolks.pl\\\/bwb\\\/wp-content\\\/uploads\\\/Wklad-uszczelniajacy-KRASO\u00ae-typ-FBV-GF.jpg\",\"datePublished\":\"2024-09-30T13:07:29+00:00\",\"dateModified\":\"2024-10-03T13:22:56+00:00\",\"description\":\"KRASO\u00ae typ FBV\\\/GF \u2013 niezawodny wk\u0142ad uszczelniaj\u0105cy do instalacji rur i kabli. Zapewnij szczelno\u015b\u0107 i trwa\u0142o\u015b\u0107 swoich projekt\u00f3w budowlanych. Zam\u00f3w teraz!\",\"breadcrumb\":{\"@id\":\"https:\\\/\\\/ugwp.cfolks.pl\\\/bwb\\\/produkt\\\/wklad-uszczelniajacy-kraso-typ-fbv-gf\\\/#breadcrumb\"},\"inLanguage\":\"pl-PL\",\"potentialAction\":[{\"@type\":\"ReadAction\",\"target\":[\"https:\\\/\\\/ugwp.cfolks.pl\\\/bwb\\\/produkt\\\/wklad-uszczelniajacy-kraso-typ-fbv-gf\\\/\"]}]},{\"@type\":\"ImageObject\",\"inLanguage\":\"pl-PL\",\"@id\":\"https:\\\/\\\/ugwp.cfolks.pl\\\/bwb\\\/produkt\\\/wklad-uszczelniajacy-kraso-typ-fbv-gf\\\/#primaryimage\",\"url\":\"https:\\\/\\\/ugwp.cfolks.pl\\\/bwb\\\/wp-content\\\/uploads\\\/Wklad-uszczelniajacy-KRASO\u00ae-typ-FBV-GF.jpg\",\"contentUrl\":\"https:\\\/\\\/ugwp.cfolks.pl\\\/bwb\\\/wp-content\\\/uploads\\\/Wklad-uszczelniajacy-KRASO\u00ae-typ-FBV-GF.jpg\",\"width\":1100,\"height\":810,\"caption\":\"Wk\u0142ad uszczelniaj\u0105cy KRASO\u00ae typ FBV GF\"},{\"@type\":\"BreadcrumbList\",\"@id\":\"https:\\\/\\\/ugwp.cfolks.pl\\\/bwb\\\/produkt\\\/wklad-uszczelniajacy-kraso-typ-fbv-gf\\\/#breadcrumb\",\"itemListElement\":[{\"@type\":\"ListItem\",\"position\":1,\"name\":\"Strona g\u0142\u00f3wna\",\"item\":\"https:\\\/\\\/ugwp.cfolks.pl\\\/bwb\\\/\"},{\"@type\":\"ListItem\",\"position\":2,\"name\":\"Wodoszczelne Przej\u015bcia Instalacyjne\",\"item\":\"https:\\\/\\\/ugwp.cfolks.pl\\\/bwb\\\/kategoria\\\/wodoszczelne-przejscia-instalacyjne\\\/\"},{\"@type\":\"ListItem\",\"position\":3,\"name\":\"Wk\u0142ady uszczelniaj\u0105ce\",\"item\":\"https:\\\/\\\/ugwp.cfolks.pl\\\/bwb\\\/kategoria\\\/wodoszczelne-przejscia-instalacyjne\\\/wklady-uszczelniajace\\\/\"},{\"@type\":\"ListItem\",\"position\":4,\"name\":\"Wk\u0142ad uszczelniaj\u0105cy KRASO\u00ae typ FBV\\\/GF\"}]},{\"@type\":\"WebSite\",\"@id\":\"https:\\\/\\\/ugwp.cfolks.pl\\\/bwb\\\/#website\",\"url\":\"https:\\\/\\\/ugwp.cfolks.pl\\\/bwb\\\/\",\"name\":\"BWB technology\",\"description\":\"Kolejna witryna oparta na WordPressie\",\"potentialAction\":[{\"@type\":\"SearchAction\",\"target\":{\"@type\":\"EntryPoint\",\"urlTemplate\":\"https:\\\/\\\/ugwp.cfolks.pl\\\/bwb\\\/?s={search_term_string}\"},\"query-input\":{\"@type\":\"PropertyValueSpecification\",\"valueRequired\":true,\"valueName\":\"search_term_string\"}}],\"inLanguage\":\"pl-PL\"}]}<\/script>\n<!-- \/ Yoast SEO plugin. -->","yoast_head_json":{"title":"Wk\u0142ad Uszczelniaj\u0105cy KRASO\u00ae typ FBV\/GF do Rur i Kabli!","description":"KRASO\u00ae typ FBV\/GF \u2013 niezawodny wk\u0142ad uszczelniaj\u0105cy do instalacji rur i kabli. Zapewnij szczelno\u015b\u0107 i trwa\u0142o\u015b\u0107 swoich projekt\u00f3w budowlanych. Zam\u00f3w teraz!","robots":{"index":"noindex","follow":"follow","max-snippet":"max-snippet:-1","max-image-preview":"max-image-preview:large","max-video-preview":"max-video-preview:-1"},"og_locale":"pl_PL","og_type":"article","og_title":"Wk\u0142ad Uszczelniaj\u0105cy KRASO\u00ae typ FBV\/GF do Rur i Kabli!","og_description":"KRASO\u00ae typ FBV\/GF \u2013 niezawodny wk\u0142ad uszczelniaj\u0105cy do instalacji rur i kabli. Zapewnij szczelno\u015b\u0107 i trwa\u0142o\u015b\u0107 swoich projekt\u00f3w budowlanych. Zam\u00f3w teraz!","og_url":"https:\/\/ugwp.cfolks.pl\/bwb\/produkt\/wklad-uszczelniajacy-kraso-typ-fbv-gf\/","og_site_name":"BWB technology","article_modified_time":"2024-10-03T13:22:56+00:00","og_image":[{"width":1100,"height":810,"url":"https:\/\/ugwp.cfolks.pl\/bwb\/wp-content\/uploads\/Wklad-uszczelniajacy-KRASO\u00ae-typ-FBV-GF.jpg","type":"image\/jpeg"}],"twitter_card":"summary_large_image","twitter_misc":{"Szacowany czas czytania":"1 minuta"},"schema":{"@context":"https:\/\/schema.org","@graph":[{"@type":"WebPage","@id":"https:\/\/ugwp.cfolks.pl\/bwb\/produkt\/wklad-uszczelniajacy-kraso-typ-fbv-gf\/","url":"https:\/\/ugwp.cfolks.pl\/bwb\/produkt\/wklad-uszczelniajacy-kraso-typ-fbv-gf\/","name":"Wk\u0142ad Uszczelniaj\u0105cy KRASO\u00ae typ FBV\/GF do Rur i Kabli!","isPartOf":{"@id":"https:\/\/ugwp.cfolks.pl\/bwb\/#website"},"primaryImageOfPage":{"@id":"https:\/\/ugwp.cfolks.pl\/bwb\/produkt\/wklad-uszczelniajacy-kraso-typ-fbv-gf\/#primaryimage"},"image":{"@id":"https:\/\/ugwp.cfolks.pl\/bwb\/produkt\/wklad-uszczelniajacy-kraso-typ-fbv-gf\/#primaryimage"},"thumbnailUrl":"https:\/\/ugwp.cfolks.pl\/bwb\/wp-content\/uploads\/Wklad-uszczelniajacy-KRASO\u00ae-typ-FBV-GF.jpg","datePublished":"2024-09-30T13:07:29+00:00","dateModified":"2024-10-03T13:22:56+00:00","description":"KRASO\u00ae typ FBV\/GF \u2013 niezawodny wk\u0142ad uszczelniaj\u0105cy do instalacji rur i kabli. Zapewnij szczelno\u015b\u0107 i trwa\u0142o\u015b\u0107 swoich projekt\u00f3w budowlanych. Zam\u00f3w teraz!","breadcrumb":{"@id":"https:\/\/ugwp.cfolks.pl\/bwb\/produkt\/wklad-uszczelniajacy-kraso-typ-fbv-gf\/#breadcrumb"},"inLanguage":"pl-PL","potentialAction":[{"@type":"ReadAction","target":["https:\/\/ugwp.cfolks.pl\/bwb\/produkt\/wklad-uszczelniajacy-kraso-typ-fbv-gf\/"]}]},{"@type":"ImageObject","inLanguage":"pl-PL","@id":"https:\/\/ugwp.cfolks.pl\/bwb\/produkt\/wklad-uszczelniajacy-kraso-typ-fbv-gf\/#primaryimage","url":"https:\/\/ugwp.cfolks.pl\/bwb\/wp-content\/uploads\/Wklad-uszczelniajacy-KRASO\u00ae-typ-FBV-GF.jpg","contentUrl":"https:\/\/ugwp.cfolks.pl\/bwb\/wp-content\/uploads\/Wklad-uszczelniajacy-KRASO\u00ae-typ-FBV-GF.jpg","width":1100,"height":810,"caption":"Wk\u0142ad uszczelniaj\u0105cy KRASO\u00ae typ FBV GF"},{"@type":"BreadcrumbList","@id":"https:\/\/ugwp.cfolks.pl\/bwb\/produkt\/wklad-uszczelniajacy-kraso-typ-fbv-gf\/#breadcrumb","itemListElement":[{"@type":"ListItem","position":1,"name":"Strona g\u0142\u00f3wna","item":"https:\/\/ugwp.cfolks.pl\/bwb\/"},{"@type":"ListItem","position":2,"name":"Wodoszczelne Przej\u015bcia Instalacyjne","item":"https:\/\/ugwp.cfolks.pl\/bwb\/kategoria\/wodoszczelne-przejscia-instalacyjne\/"},{"@type":"ListItem","position":3,"name":"Wk\u0142ady uszczelniaj\u0105ce","item":"https:\/\/ugwp.cfolks.pl\/bwb\/kategoria\/wodoszczelne-przejscia-instalacyjne\/wklady-uszczelniajace\/"},{"@type":"ListItem","position":4,"name":"Wk\u0142ad uszczelniaj\u0105cy KRASO\u00ae typ FBV\/GF"}]},{"@type":"WebSite","@id":"https:\/\/ugwp.cfolks.pl\/bwb\/#website","url":"https:\/\/ugwp.cfolks.pl\/bwb\/","name":"BWB technology","description":"Kolejna witryna oparta na WordPressie","potentialAction":[{"@type":"SearchAction","target":{"@type":"EntryPoint","urlTemplate":"https:\/\/ugwp.cfolks.pl\/bwb\/?s={search_term_string}"},"query-input":{"@type":"PropertyValueSpecification","valueRequired":true,"valueName":"search_term_string"}}],"inLanguage":"pl-PL"}]}},"_links":{"self":[{"href":"https:\/\/ugwp.cfolks.pl\/bwb\/wp-json\/wp\/v2\/product\/6793","targetHints":{"allow":["GET"]}}],"collection":[{"href":"https:\/\/ugwp.cfolks.pl\/bwb\/wp-json\/wp\/v2\/product"}],"about":[{"href":"https:\/\/ugwp.cfolks.pl\/bwb\/wp-json\/wp\/v2\/types\/product"}],"wp:featuredmedia":[{"embeddable":true,"href":"https:\/\/ugwp.cfolks.pl\/bwb\/wp-json\/wp\/v2\/media\/6821"}],"wp:attachment":[{"href":"https:\/\/ugwp.cfolks.pl\/bwb\/wp-json\/wp\/v2\/media?parent=6793"}],"wp:term":[{"taxonomy":"product_cat","embeddable":true,"href":"https:\/\/ugwp.cfolks.pl\/bwb\/wp-json\/wp\/v2\/product_cat?post=6793"},{"taxonomy":"product_tag","embeddable":true,"href":"https:\/\/ugwp.cfolks.pl\/bwb\/wp-json\/wp\/v2\/product_tag?post=6793"}],"curies":[{"name":"wp","href":"https:\/\/api.w.org\/{rel}","templated":true}]}}