{"id":6676,"date":"2024-09-23T14:48:21","date_gmt":"2024-09-23T12:48:21","guid":{"rendered":"https:\/\/ugwp.cfolks.pl\/bwb\/?post_type=product&#038;p=6676"},"modified":"2024-10-03T15:23:35","modified_gmt":"2024-10-03T13:23:35","slug":"rura-oslonowa-kraso-z-wloknobetonu","status":"publish","type":"product","link":"https:\/\/ugwp.cfolks.pl\/bwb\/produkt\/rura-oslonowa-kraso-z-wloknobetonu\/","title":{"rendered":"Rura os\u0142onowa KRASO\u00ae z w\u0142\u00f3knobetonu"},"content":{"rendered":"","protected":false},"excerpt":{"rendered":"<p>Rura os\u0142onowa KRASO\u00ae z w\u0142\u00f3knobetonu do zabetonowania i wykorzystania jako miejsce do p\u00f3\u017aniejszego monta\u017cu rur lub kabli za pomoc\u0105 wk\u0142ad\u00f3w uszczelniaj\u0105cych Kraso. Dzi\u0119ki profilowanej powierzchni zewn\u0119trznej Rura os\u0142onowa KRASO\u00ae z w\u0142\u00f3knobetonu gwarantuje jednorodne po\u0142\u0105czenie z betonem wodoodpornym -\u201ebia\u0142a wanna\u201d i wodoszczelno\u015b\u0107 do 5,0 bar\u00f3w. Rura os\u0142onowa KRASO\u00ae z w\u0142\u00f3knobetonu zabezpiecza r\u00f3wnie\u017c przed przenikaniem naturalnie wyst\u0119puj\u0105cego w postaci gazu szlachetnego radonu, a tym samym zapobiega koncentracji radioaktywnego gazu w pomieszczeniach.<\/p>\n","protected":false},"featured_media":6825,"template":"","meta":{"_acf_changed":false},"product_cat":[137,129],"product_tag":[],"class_list":{"0":"post-6676","1":"product","2":"type-product","3":"status-publish","4":"has-post-thumbnail","6":"product_cat-rury-oslonowe","7":"product_cat-wodoszczelne-przejscia-instalacyjne","9":"first","10":"instock","11":"shipping-taxable","12":"product-type-simple"},"acf":[],"yoast_head":"<!-- This site is optimized with the Yoast SEO plugin v27.3 - https:\/\/yoast.com\/product\/yoast-seo-wordpress\/ -->\n<title>Rura Os\u0142onowa KRASO\u00ae z w\u0142\u00f3knobetonu Zabezpieczenie Rur!<\/title>\n<meta name=\"description\" content=\"Rura os\u0142onowa KRASO\u00ae z w\u0142\u00f3knobetonu do betonu wodoodpornego. Wybierz odpowiedni wariant do \u015bcian o r\u00f3\u017cnej grubo\u015bci i zam\u00f3w teraz.\" \/>\n<meta name=\"robots\" content=\"noindex, follow, max-snippet:-1, max-image-preview:large, max-video-preview:-1\" \/>\n<meta property=\"og:locale\" content=\"pl_PL\" \/>\n<meta property=\"og:type\" content=\"article\" \/>\n<meta property=\"og:title\" content=\"Rura Os\u0142onowa KRASO\u00ae z w\u0142\u00f3knobetonu Zabezpieczenie Rur!\" \/>\n<meta property=\"og:description\" content=\"Rura os\u0142onowa KRASO\u00ae z w\u0142\u00f3knobetonu do betonu wodoodpornego. Wybierz odpowiedni wariant do \u015bcian o r\u00f3\u017cnej grubo\u015bci i zam\u00f3w teraz.\" \/>\n<meta property=\"og:url\" content=\"https:\/\/ugwp.cfolks.pl\/bwb\/produkt\/rura-oslonowa-kraso-z-wloknobetonu\/\" \/>\n<meta property=\"og:site_name\" content=\"BWB technology\" \/>\n<meta property=\"article:modified_time\" content=\"2024-10-03T13:23:35+00:00\" \/>\n<meta property=\"og:image\" content=\"https:\/\/ugwp.cfolks.pl\/bwb\/wp-content\/uploads\/Rura-oslonowa-KRASO\u00ae-z-wloknobetonu.jpg\" \/>\n\t<meta property=\"og:image:width\" content=\"1100\" \/>\n\t<meta property=\"og:image:height\" content=\"810\" \/>\n\t<meta property=\"og:image:type\" content=\"image\/jpeg\" \/>\n<meta name=\"twitter:card\" content=\"summary_large_image\" \/>\n<meta name=\"twitter:label1\" content=\"Szacowany czas czytania\" \/>\n\t<meta name=\"twitter:data1\" content=\"1 minuta\" \/>\n<script type=\"application\/ld+json\" class=\"yoast-schema-graph\">{\"@context\":\"https:\\\/\\\/schema.org\",\"@graph\":[{\"@type\":\"WebPage\",\"@id\":\"https:\\\/\\\/ugwp.cfolks.pl\\\/bwb\\\/produkt\\\/rura-oslonowa-kraso-z-wloknobetonu\\\/\",\"url\":\"https:\\\/\\\/ugwp.cfolks.pl\\\/bwb\\\/produkt\\\/rura-oslonowa-kraso-z-wloknobetonu\\\/\",\"name\":\"Rura Os\u0142onowa KRASO\u00ae z w\u0142\u00f3knobetonu Zabezpieczenie Rur!\",\"isPartOf\":{\"@id\":\"https:\\\/\\\/ugwp.cfolks.pl\\\/bwb\\\/#website\"},\"primaryImageOfPage\":{\"@id\":\"https:\\\/\\\/ugwp.cfolks.pl\\\/bwb\\\/produkt\\\/rura-oslonowa-kraso-z-wloknobetonu\\\/#primaryimage\"},\"image\":{\"@id\":\"https:\\\/\\\/ugwp.cfolks.pl\\\/bwb\\\/produkt\\\/rura-oslonowa-kraso-z-wloknobetonu\\\/#primaryimage\"},\"thumbnailUrl\":\"https:\\\/\\\/ugwp.cfolks.pl\\\/bwb\\\/wp-content\\\/uploads\\\/Rura-oslonowa-KRASO\u00ae-z-wloknobetonu.jpg\",\"datePublished\":\"2024-09-23T12:48:21+00:00\",\"dateModified\":\"2024-10-03T13:23:35+00:00\",\"description\":\"Rura os\u0142onowa KRASO\u00ae z w\u0142\u00f3knobetonu do betonu wodoodpornego. Wybierz odpowiedni wariant do \u015bcian o r\u00f3\u017cnej grubo\u015bci i zam\u00f3w teraz.\",\"breadcrumb\":{\"@id\":\"https:\\\/\\\/ugwp.cfolks.pl\\\/bwb\\\/produkt\\\/rura-oslonowa-kraso-z-wloknobetonu\\\/#breadcrumb\"},\"inLanguage\":\"pl-PL\",\"potentialAction\":[{\"@type\":\"ReadAction\",\"target\":[\"https:\\\/\\\/ugwp.cfolks.pl\\\/bwb\\\/produkt\\\/rura-oslonowa-kraso-z-wloknobetonu\\\/\"]}]},{\"@type\":\"ImageObject\",\"inLanguage\":\"pl-PL\",\"@id\":\"https:\\\/\\\/ugwp.cfolks.pl\\\/bwb\\\/produkt\\\/rura-oslonowa-kraso-z-wloknobetonu\\\/#primaryimage\",\"url\":\"https:\\\/\\\/ugwp.cfolks.pl\\\/bwb\\\/wp-content\\\/uploads\\\/Rura-oslonowa-KRASO\u00ae-z-wloknobetonu.jpg\",\"contentUrl\":\"https:\\\/\\\/ugwp.cfolks.pl\\\/bwb\\\/wp-content\\\/uploads\\\/Rura-oslonowa-KRASO\u00ae-z-wloknobetonu.jpg\",\"width\":1100,\"height\":810,\"caption\":\"Rura os\u0142onowa KRASO\u00ae z w\u0142\u00f3knobetonu\"},{\"@type\":\"BreadcrumbList\",\"@id\":\"https:\\\/\\\/ugwp.cfolks.pl\\\/bwb\\\/produkt\\\/rura-oslonowa-kraso-z-wloknobetonu\\\/#breadcrumb\",\"itemListElement\":[{\"@type\":\"ListItem\",\"position\":1,\"name\":\"Strona g\u0142\u00f3wna\",\"item\":\"https:\\\/\\\/ugwp.cfolks.pl\\\/bwb\\\/\"},{\"@type\":\"ListItem\",\"position\":2,\"name\":\"Wodoszczelne Przej\u015bcia Instalacyjne\",\"item\":\"https:\\\/\\\/ugwp.cfolks.pl\\\/bwb\\\/kategoria\\\/wodoszczelne-przejscia-instalacyjne\\\/\"},{\"@type\":\"ListItem\",\"position\":3,\"name\":\"Rury os\u0142onowe\",\"item\":\"https:\\\/\\\/ugwp.cfolks.pl\\\/bwb\\\/kategoria\\\/wodoszczelne-przejscia-instalacyjne\\\/rury-oslonowe\\\/\"},{\"@type\":\"ListItem\",\"position\":4,\"name\":\"Rura os\u0142onowa KRASO\u00ae z w\u0142\u00f3knobetonu\"}]},{\"@type\":\"WebSite\",\"@id\":\"https:\\\/\\\/ugwp.cfolks.pl\\\/bwb\\\/#website\",\"url\":\"https:\\\/\\\/ugwp.cfolks.pl\\\/bwb\\\/\",\"name\":\"BWB technology\",\"description\":\"Kolejna witryna oparta na WordPressie\",\"potentialAction\":[{\"@type\":\"SearchAction\",\"target\":{\"@type\":\"EntryPoint\",\"urlTemplate\":\"https:\\\/\\\/ugwp.cfolks.pl\\\/bwb\\\/?s={search_term_string}\"},\"query-input\":{\"@type\":\"PropertyValueSpecification\",\"valueRequired\":true,\"valueName\":\"search_term_string\"}}],\"inLanguage\":\"pl-PL\"}]}<\/script>\n<!-- \/ Yoast SEO plugin. -->","yoast_head_json":{"title":"Rura Os\u0142onowa KRASO\u00ae z w\u0142\u00f3knobetonu Zabezpieczenie Rur!","description":"Rura os\u0142onowa KRASO\u00ae z w\u0142\u00f3knobetonu do betonu wodoodpornego. Wybierz odpowiedni wariant do \u015bcian o r\u00f3\u017cnej grubo\u015bci i zam\u00f3w teraz.","robots":{"index":"noindex","follow":"follow","max-snippet":"max-snippet:-1","max-image-preview":"max-image-preview:large","max-video-preview":"max-video-preview:-1"},"og_locale":"pl_PL","og_type":"article","og_title":"Rura Os\u0142onowa KRASO\u00ae z w\u0142\u00f3knobetonu Zabezpieczenie Rur!","og_description":"Rura os\u0142onowa KRASO\u00ae z w\u0142\u00f3knobetonu do betonu wodoodpornego. Wybierz odpowiedni wariant do \u015bcian o r\u00f3\u017cnej grubo\u015bci i zam\u00f3w teraz.","og_url":"https:\/\/ugwp.cfolks.pl\/bwb\/produkt\/rura-oslonowa-kraso-z-wloknobetonu\/","og_site_name":"BWB technology","article_modified_time":"2024-10-03T13:23:35+00:00","og_image":[{"width":1100,"height":810,"url":"https:\/\/ugwp.cfolks.pl\/bwb\/wp-content\/uploads\/Rura-oslonowa-KRASO\u00ae-z-wloknobetonu.jpg","type":"image\/jpeg"}],"twitter_card":"summary_large_image","twitter_misc":{"Szacowany czas czytania":"1 minuta"},"schema":{"@context":"https:\/\/schema.org","@graph":[{"@type":"WebPage","@id":"https:\/\/ugwp.cfolks.pl\/bwb\/produkt\/rura-oslonowa-kraso-z-wloknobetonu\/","url":"https:\/\/ugwp.cfolks.pl\/bwb\/produkt\/rura-oslonowa-kraso-z-wloknobetonu\/","name":"Rura Os\u0142onowa KRASO\u00ae z w\u0142\u00f3knobetonu Zabezpieczenie Rur!","isPartOf":{"@id":"https:\/\/ugwp.cfolks.pl\/bwb\/#website"},"primaryImageOfPage":{"@id":"https:\/\/ugwp.cfolks.pl\/bwb\/produkt\/rura-oslonowa-kraso-z-wloknobetonu\/#primaryimage"},"image":{"@id":"https:\/\/ugwp.cfolks.pl\/bwb\/produkt\/rura-oslonowa-kraso-z-wloknobetonu\/#primaryimage"},"thumbnailUrl":"https:\/\/ugwp.cfolks.pl\/bwb\/wp-content\/uploads\/Rura-oslonowa-KRASO\u00ae-z-wloknobetonu.jpg","datePublished":"2024-09-23T12:48:21+00:00","dateModified":"2024-10-03T13:23:35+00:00","description":"Rura os\u0142onowa KRASO\u00ae z w\u0142\u00f3knobetonu do betonu wodoodpornego. Wybierz odpowiedni wariant do \u015bcian o r\u00f3\u017cnej grubo\u015bci i zam\u00f3w teraz.","breadcrumb":{"@id":"https:\/\/ugwp.cfolks.pl\/bwb\/produkt\/rura-oslonowa-kraso-z-wloknobetonu\/#breadcrumb"},"inLanguage":"pl-PL","potentialAction":[{"@type":"ReadAction","target":["https:\/\/ugwp.cfolks.pl\/bwb\/produkt\/rura-oslonowa-kraso-z-wloknobetonu\/"]}]},{"@type":"ImageObject","inLanguage":"pl-PL","@id":"https:\/\/ugwp.cfolks.pl\/bwb\/produkt\/rura-oslonowa-kraso-z-wloknobetonu\/#primaryimage","url":"https:\/\/ugwp.cfolks.pl\/bwb\/wp-content\/uploads\/Rura-oslonowa-KRASO\u00ae-z-wloknobetonu.jpg","contentUrl":"https:\/\/ugwp.cfolks.pl\/bwb\/wp-content\/uploads\/Rura-oslonowa-KRASO\u00ae-z-wloknobetonu.jpg","width":1100,"height":810,"caption":"Rura os\u0142onowa KRASO\u00ae z w\u0142\u00f3knobetonu"},{"@type":"BreadcrumbList","@id":"https:\/\/ugwp.cfolks.pl\/bwb\/produkt\/rura-oslonowa-kraso-z-wloknobetonu\/#breadcrumb","itemListElement":[{"@type":"ListItem","position":1,"name":"Strona g\u0142\u00f3wna","item":"https:\/\/ugwp.cfolks.pl\/bwb\/"},{"@type":"ListItem","position":2,"name":"Wodoszczelne Przej\u015bcia Instalacyjne","item":"https:\/\/ugwp.cfolks.pl\/bwb\/kategoria\/wodoszczelne-przejscia-instalacyjne\/"},{"@type":"ListItem","position":3,"name":"Rury os\u0142onowe","item":"https:\/\/ugwp.cfolks.pl\/bwb\/kategoria\/wodoszczelne-przejscia-instalacyjne\/rury-oslonowe\/"},{"@type":"ListItem","position":4,"name":"Rura os\u0142onowa KRASO\u00ae z w\u0142\u00f3knobetonu"}]},{"@type":"WebSite","@id":"https:\/\/ugwp.cfolks.pl\/bwb\/#website","url":"https:\/\/ugwp.cfolks.pl\/bwb\/","name":"BWB technology","description":"Kolejna witryna oparta na WordPressie","potentialAction":[{"@type":"SearchAction","target":{"@type":"EntryPoint","urlTemplate":"https:\/\/ugwp.cfolks.pl\/bwb\/?s={search_term_string}"},"query-input":{"@type":"PropertyValueSpecification","valueRequired":true,"valueName":"search_term_string"}}],"inLanguage":"pl-PL"}]}},"_links":{"self":[{"href":"https:\/\/ugwp.cfolks.pl\/bwb\/wp-json\/wp\/v2\/product\/6676","targetHints":{"allow":["GET"]}}],"collection":[{"href":"https:\/\/ugwp.cfolks.pl\/bwb\/wp-json\/wp\/v2\/product"}],"about":[{"href":"https:\/\/ugwp.cfolks.pl\/bwb\/wp-json\/wp\/v2\/types\/product"}],"wp:featuredmedia":[{"embeddable":true,"href":"https:\/\/ugwp.cfolks.pl\/bwb\/wp-json\/wp\/v2\/media\/6825"}],"wp:attachment":[{"href":"https:\/\/ugwp.cfolks.pl\/bwb\/wp-json\/wp\/v2\/media?parent=6676"}],"wp:term":[{"taxonomy":"product_cat","embeddable":true,"href":"https:\/\/ugwp.cfolks.pl\/bwb\/wp-json\/wp\/v2\/product_cat?post=6676"},{"taxonomy":"product_tag","embeddable":true,"href":"https:\/\/ugwp.cfolks.pl\/bwb\/wp-json\/wp\/v2\/product_tag?post=6676"}],"curies":[{"name":"wp","href":"https:\/\/api.w.org\/{rel}","templated":true}]}}