{"id":6674,"date":"2024-09-23T14:24:15","date_gmt":"2024-09-23T12:24:15","guid":{"rendered":"https:\/\/ugwp.cfolks.pl\/bwb\/?post_type=product&#038;p=6674"},"modified":"2024-10-03T15:24:20","modified_gmt":"2024-10-03T13:24:20","slug":"kolnierz-scienny-kraso-odgromowy","status":"publish","type":"product","link":"https:\/\/ugwp.cfolks.pl\/bwb\/produkt\/kolnierz-scienny-kraso-odgromowy\/","title":{"rendered":"Ko\u0142nierz \u015bcienny KRASO\u00ae odgromowy"},"content":{"rendered":"","protected":false},"excerpt":{"rendered":"<p>Do wodoszczelnego po\u0142\u0105czenia uziemienia, z fabrycznie uszczelnionymi otworami: prostok\u0105tna ta\u015bma uziemiaj\u0105ca (30 x 3,5 mm) i przew\u00f3d uziemiaj\u0105cy (\u00f8 8 &#8211; 10 mm)<br \/>\nWodoszczelne po\u0142\u0105czenie ruroci\u0105g\u00f3w: test MPA do 5 bar\u00f3w.<br \/>\nTestowany przez IAF: szczelno\u015b\u0107 na radon.<br \/>\nOdporny na metan.<br \/>\nZ kluczem dynamometrycznym KRASO\u00ae DKS: do bezpiecznego i \u0142atwego dokr\u0119cania pas\u00f3w napinaj\u0105cych.<br \/>\nwytyczne WU: klasa napr\u0119\u017ce\u0144 1 + 2<\/p>\n","protected":false},"featured_media":6812,"template":"","meta":{"_acf_changed":false},"product_cat":[136,129],"product_tag":[],"class_list":{"0":"post-6674","1":"product","2":"type-product","3":"status-publish","4":"has-post-thumbnail","6":"product_cat-przepusty-rurowe","7":"product_cat-wodoszczelne-przejscia-instalacyjne","9":"first","10":"instock","11":"shipping-taxable","12":"product-type-simple"},"acf":[],"yoast_head":"<!-- This site is optimized with the Yoast SEO plugin v27.3 - https:\/\/yoast.com\/product\/yoast-seo-wordpress\/ -->\n<title>Ko\u0142nierz \u015acienny KRASO\u00ae Odgromowy do Przej\u015b\u0107 Instalacyjnych<\/title>\n<meta name=\"description\" content=\"Ko\u0142nierz \u015bcienny KRASO\u00ae odgromowy. Wodoszczelne i bezpieczne po\u0142\u0105czenie uziemienia budynku. Sprawd\u017a i zapytaj o cen\u0119 produktu!\" \/>\n<meta name=\"robots\" content=\"noindex, follow, max-snippet:-1, max-image-preview:large, max-video-preview:-1\" \/>\n<meta property=\"og:locale\" content=\"pl_PL\" \/>\n<meta property=\"og:type\" content=\"article\" \/>\n<meta property=\"og:title\" content=\"Ko\u0142nierz \u015acienny KRASO\u00ae Odgromowy do Przej\u015b\u0107 Instalacyjnych\" \/>\n<meta property=\"og:description\" content=\"Ko\u0142nierz \u015bcienny KRASO\u00ae odgromowy. Wodoszczelne i bezpieczne po\u0142\u0105czenie uziemienia budynku. Sprawd\u017a i zapytaj o cen\u0119 produktu!\" \/>\n<meta property=\"og:url\" content=\"https:\/\/ugwp.cfolks.pl\/bwb\/produkt\/kolnierz-scienny-kraso-odgromowy\/\" \/>\n<meta property=\"og:site_name\" content=\"BWB technology\" \/>\n<meta property=\"article:modified_time\" content=\"2024-10-03T13:24:20+00:00\" \/>\n<meta property=\"og:image\" content=\"https:\/\/ugwp.cfolks.pl\/bwb\/wp-content\/uploads\/Kolnierz-scienny-KRASO\u00ae-odgromowy.jpg\" \/>\n\t<meta property=\"og:image:width\" content=\"1100\" \/>\n\t<meta property=\"og:image:height\" content=\"810\" \/>\n\t<meta property=\"og:image:type\" content=\"image\/jpeg\" \/>\n<meta name=\"twitter:card\" content=\"summary_large_image\" \/>\n<meta name=\"twitter:label1\" content=\"Szacowany czas czytania\" \/>\n\t<meta name=\"twitter:data1\" content=\"1 minuta\" \/>\n<script type=\"application\/ld+json\" class=\"yoast-schema-graph\">{\"@context\":\"https:\\\/\\\/schema.org\",\"@graph\":[{\"@type\":\"WebPage\",\"@id\":\"https:\\\/\\\/ugwp.cfolks.pl\\\/bwb\\\/produkt\\\/kolnierz-scienny-kraso-odgromowy\\\/\",\"url\":\"https:\\\/\\\/ugwp.cfolks.pl\\\/bwb\\\/produkt\\\/kolnierz-scienny-kraso-odgromowy\\\/\",\"name\":\"Ko\u0142nierz \u015acienny KRASO\u00ae Odgromowy do Przej\u015b\u0107 Instalacyjnych\",\"isPartOf\":{\"@id\":\"https:\\\/\\\/ugwp.cfolks.pl\\\/bwb\\\/#website\"},\"primaryImageOfPage\":{\"@id\":\"https:\\\/\\\/ugwp.cfolks.pl\\\/bwb\\\/produkt\\\/kolnierz-scienny-kraso-odgromowy\\\/#primaryimage\"},\"image\":{\"@id\":\"https:\\\/\\\/ugwp.cfolks.pl\\\/bwb\\\/produkt\\\/kolnierz-scienny-kraso-odgromowy\\\/#primaryimage\"},\"thumbnailUrl\":\"https:\\\/\\\/ugwp.cfolks.pl\\\/bwb\\\/wp-content\\\/uploads\\\/Kolnierz-scienny-KRASO\u00ae-odgromowy.jpg\",\"datePublished\":\"2024-09-23T12:24:15+00:00\",\"dateModified\":\"2024-10-03T13:24:20+00:00\",\"description\":\"Ko\u0142nierz \u015bcienny KRASO\u00ae odgromowy. Wodoszczelne i bezpieczne po\u0142\u0105czenie uziemienia budynku. Sprawd\u017a i zapytaj o cen\u0119 produktu!\",\"breadcrumb\":{\"@id\":\"https:\\\/\\\/ugwp.cfolks.pl\\\/bwb\\\/produkt\\\/kolnierz-scienny-kraso-odgromowy\\\/#breadcrumb\"},\"inLanguage\":\"pl-PL\",\"potentialAction\":[{\"@type\":\"ReadAction\",\"target\":[\"https:\\\/\\\/ugwp.cfolks.pl\\\/bwb\\\/produkt\\\/kolnierz-scienny-kraso-odgromowy\\\/\"]}]},{\"@type\":\"ImageObject\",\"inLanguage\":\"pl-PL\",\"@id\":\"https:\\\/\\\/ugwp.cfolks.pl\\\/bwb\\\/produkt\\\/kolnierz-scienny-kraso-odgromowy\\\/#primaryimage\",\"url\":\"https:\\\/\\\/ugwp.cfolks.pl\\\/bwb\\\/wp-content\\\/uploads\\\/Kolnierz-scienny-KRASO\u00ae-odgromowy.jpg\",\"contentUrl\":\"https:\\\/\\\/ugwp.cfolks.pl\\\/bwb\\\/wp-content\\\/uploads\\\/Kolnierz-scienny-KRASO\u00ae-odgromowy.jpg\",\"width\":1100,\"height\":810,\"caption\":\"Ko\u0142nierz \u015bcienny KRASO\u00ae odgromowy\"},{\"@type\":\"BreadcrumbList\",\"@id\":\"https:\\\/\\\/ugwp.cfolks.pl\\\/bwb\\\/produkt\\\/kolnierz-scienny-kraso-odgromowy\\\/#breadcrumb\",\"itemListElement\":[{\"@type\":\"ListItem\",\"position\":1,\"name\":\"Strona g\u0142\u00f3wna\",\"item\":\"https:\\\/\\\/ugwp.cfolks.pl\\\/bwb\\\/\"},{\"@type\":\"ListItem\",\"position\":2,\"name\":\"Wodoszczelne Przej\u015bcia Instalacyjne\",\"item\":\"https:\\\/\\\/ugwp.cfolks.pl\\\/bwb\\\/kategoria\\\/wodoszczelne-przejscia-instalacyjne\\\/\"},{\"@type\":\"ListItem\",\"position\":3,\"name\":\"Przepusty rurowe\",\"item\":\"https:\\\/\\\/ugwp.cfolks.pl\\\/bwb\\\/kategoria\\\/wodoszczelne-przejscia-instalacyjne\\\/przepusty-rurowe\\\/\"},{\"@type\":\"ListItem\",\"position\":4,\"name\":\"Ko\u0142nierz \u015bcienny KRASO\u00ae odgromowy\"}]},{\"@type\":\"WebSite\",\"@id\":\"https:\\\/\\\/ugwp.cfolks.pl\\\/bwb\\\/#website\",\"url\":\"https:\\\/\\\/ugwp.cfolks.pl\\\/bwb\\\/\",\"name\":\"BWB technology\",\"description\":\"Kolejna witryna oparta na WordPressie\",\"potentialAction\":[{\"@type\":\"SearchAction\",\"target\":{\"@type\":\"EntryPoint\",\"urlTemplate\":\"https:\\\/\\\/ugwp.cfolks.pl\\\/bwb\\\/?s={search_term_string}\"},\"query-input\":{\"@type\":\"PropertyValueSpecification\",\"valueRequired\":true,\"valueName\":\"search_term_string\"}}],\"inLanguage\":\"pl-PL\"}]}<\/script>\n<!-- \/ Yoast SEO plugin. -->","yoast_head_json":{"title":"Ko\u0142nierz \u015acienny KRASO\u00ae Odgromowy do Przej\u015b\u0107 Instalacyjnych","description":"Ko\u0142nierz \u015bcienny KRASO\u00ae odgromowy. Wodoszczelne i bezpieczne po\u0142\u0105czenie uziemienia budynku. Sprawd\u017a i zapytaj o cen\u0119 produktu!","robots":{"index":"noindex","follow":"follow","max-snippet":"max-snippet:-1","max-image-preview":"max-image-preview:large","max-video-preview":"max-video-preview:-1"},"og_locale":"pl_PL","og_type":"article","og_title":"Ko\u0142nierz \u015acienny KRASO\u00ae Odgromowy do Przej\u015b\u0107 Instalacyjnych","og_description":"Ko\u0142nierz \u015bcienny KRASO\u00ae odgromowy. Wodoszczelne i bezpieczne po\u0142\u0105czenie uziemienia budynku. Sprawd\u017a i zapytaj o cen\u0119 produktu!","og_url":"https:\/\/ugwp.cfolks.pl\/bwb\/produkt\/kolnierz-scienny-kraso-odgromowy\/","og_site_name":"BWB technology","article_modified_time":"2024-10-03T13:24:20+00:00","og_image":[{"width":1100,"height":810,"url":"https:\/\/ugwp.cfolks.pl\/bwb\/wp-content\/uploads\/Kolnierz-scienny-KRASO\u00ae-odgromowy.jpg","type":"image\/jpeg"}],"twitter_card":"summary_large_image","twitter_misc":{"Szacowany czas czytania":"1 minuta"},"schema":{"@context":"https:\/\/schema.org","@graph":[{"@type":"WebPage","@id":"https:\/\/ugwp.cfolks.pl\/bwb\/produkt\/kolnierz-scienny-kraso-odgromowy\/","url":"https:\/\/ugwp.cfolks.pl\/bwb\/produkt\/kolnierz-scienny-kraso-odgromowy\/","name":"Ko\u0142nierz \u015acienny KRASO\u00ae Odgromowy do Przej\u015b\u0107 Instalacyjnych","isPartOf":{"@id":"https:\/\/ugwp.cfolks.pl\/bwb\/#website"},"primaryImageOfPage":{"@id":"https:\/\/ugwp.cfolks.pl\/bwb\/produkt\/kolnierz-scienny-kraso-odgromowy\/#primaryimage"},"image":{"@id":"https:\/\/ugwp.cfolks.pl\/bwb\/produkt\/kolnierz-scienny-kraso-odgromowy\/#primaryimage"},"thumbnailUrl":"https:\/\/ugwp.cfolks.pl\/bwb\/wp-content\/uploads\/Kolnierz-scienny-KRASO\u00ae-odgromowy.jpg","datePublished":"2024-09-23T12:24:15+00:00","dateModified":"2024-10-03T13:24:20+00:00","description":"Ko\u0142nierz \u015bcienny KRASO\u00ae odgromowy. Wodoszczelne i bezpieczne po\u0142\u0105czenie uziemienia budynku. Sprawd\u017a i zapytaj o cen\u0119 produktu!","breadcrumb":{"@id":"https:\/\/ugwp.cfolks.pl\/bwb\/produkt\/kolnierz-scienny-kraso-odgromowy\/#breadcrumb"},"inLanguage":"pl-PL","potentialAction":[{"@type":"ReadAction","target":["https:\/\/ugwp.cfolks.pl\/bwb\/produkt\/kolnierz-scienny-kraso-odgromowy\/"]}]},{"@type":"ImageObject","inLanguage":"pl-PL","@id":"https:\/\/ugwp.cfolks.pl\/bwb\/produkt\/kolnierz-scienny-kraso-odgromowy\/#primaryimage","url":"https:\/\/ugwp.cfolks.pl\/bwb\/wp-content\/uploads\/Kolnierz-scienny-KRASO\u00ae-odgromowy.jpg","contentUrl":"https:\/\/ugwp.cfolks.pl\/bwb\/wp-content\/uploads\/Kolnierz-scienny-KRASO\u00ae-odgromowy.jpg","width":1100,"height":810,"caption":"Ko\u0142nierz \u015bcienny KRASO\u00ae odgromowy"},{"@type":"BreadcrumbList","@id":"https:\/\/ugwp.cfolks.pl\/bwb\/produkt\/kolnierz-scienny-kraso-odgromowy\/#breadcrumb","itemListElement":[{"@type":"ListItem","position":1,"name":"Strona g\u0142\u00f3wna","item":"https:\/\/ugwp.cfolks.pl\/bwb\/"},{"@type":"ListItem","position":2,"name":"Wodoszczelne Przej\u015bcia Instalacyjne","item":"https:\/\/ugwp.cfolks.pl\/bwb\/kategoria\/wodoszczelne-przejscia-instalacyjne\/"},{"@type":"ListItem","position":3,"name":"Przepusty rurowe","item":"https:\/\/ugwp.cfolks.pl\/bwb\/kategoria\/wodoszczelne-przejscia-instalacyjne\/przepusty-rurowe\/"},{"@type":"ListItem","position":4,"name":"Ko\u0142nierz \u015bcienny KRASO\u00ae odgromowy"}]},{"@type":"WebSite","@id":"https:\/\/ugwp.cfolks.pl\/bwb\/#website","url":"https:\/\/ugwp.cfolks.pl\/bwb\/","name":"BWB technology","description":"Kolejna witryna oparta na WordPressie","potentialAction":[{"@type":"SearchAction","target":{"@type":"EntryPoint","urlTemplate":"https:\/\/ugwp.cfolks.pl\/bwb\/?s={search_term_string}"},"query-input":{"@type":"PropertyValueSpecification","valueRequired":true,"valueName":"search_term_string"}}],"inLanguage":"pl-PL"}]}},"_links":{"self":[{"href":"https:\/\/ugwp.cfolks.pl\/bwb\/wp-json\/wp\/v2\/product\/6674","targetHints":{"allow":["GET"]}}],"collection":[{"href":"https:\/\/ugwp.cfolks.pl\/bwb\/wp-json\/wp\/v2\/product"}],"about":[{"href":"https:\/\/ugwp.cfolks.pl\/bwb\/wp-json\/wp\/v2\/types\/product"}],"wp:featuredmedia":[{"embeddable":true,"href":"https:\/\/ugwp.cfolks.pl\/bwb\/wp-json\/wp\/v2\/media\/6812"}],"wp:attachment":[{"href":"https:\/\/ugwp.cfolks.pl\/bwb\/wp-json\/wp\/v2\/media?parent=6674"}],"wp:term":[{"taxonomy":"product_cat","embeddable":true,"href":"https:\/\/ugwp.cfolks.pl\/bwb\/wp-json\/wp\/v2\/product_cat?post=6674"},{"taxonomy":"product_tag","embeddable":true,"href":"https:\/\/ugwp.cfolks.pl\/bwb\/wp-json\/wp\/v2\/product_tag?post=6674"}],"curies":[{"name":"wp","href":"https:\/\/api.w.org\/{rel}","templated":true}]}}