{"id":5480,"date":"2024-07-16T16:37:58","date_gmt":"2024-07-16T14:37:58","guid":{"rendered":"https:\/\/ugwp.cfolks.pl\/bwb\/?post_type=product&#038;p=5480"},"modified":"2024-10-03T15:26:31","modified_gmt":"2024-10-03T13:26:31","slug":"wklad-uszczelniajacy-kraso-typ-in-gr","status":"publish","type":"product","link":"https:\/\/ugwp.cfolks.pl\/bwb\/produkt\/wklad-uszczelniajacy-kraso-typ-in-gr\/","title":{"rendered":"Wk\u0142ad uszczelniaj\u0105cy KRASO\u00ae typ IN-GR"},"content":{"rendered":"","protected":false},"excerpt":{"rendered":"<p>Uszczelnienie wewn\u0119trzne rur ochronnych kabli typu R\/rur karbowanych do przej\u015bcia jednej lub wi\u0119kszej liczby linii medi\u00f3w.<\/p>\n<p>Wk\u0142adka uszczelniaj\u0105ca do wewn\u0119trznego uszczelniania jednej lub wi\u0119cej linii medi\u00f3w w rurach ochronnych kabli typu R.<br \/>\nBezstopniowa technologia dysk\u00f3w: Uniwersalne zastosowanie dla szerokiego zakresu \u015brednic zewn\u0119trznych przewod\u00f3w\/kabli medialnych \u2013 nawet przy wielokrotnych przepustach. Wersja dzielona do p\u00f3\u017aniejszego monta\u017cu.<\/p>\n<p>Nakr\u0119tki kontroluj\u0105ce moment obrotowy KRASO DKM to automatyczna kontrola momentu obrotowego bez potrzeby u\u017cycia klucza dynamometrycznego.<\/p>\n<p>Wysoka jako\u015b\u0107 wk\u0142ad\u00f3w uszczelniaj\u0105cych KRASO\u00ae osi\u0105gni\u0119ta jest dzi\u0119ki przyspawanym bolcom gwintowanym zapewniaj\u0105cym r\u00f3wnomierny rozk\u0142ad nacisku, p\u0142ytom zaciskowym o grubo\u015bci 5 mm ze stali nierdzewnej V2A oraz specjalnie opracowanej mieszance gumowej. Dost\u0119pny jest z uszczelk\u0105 30 mm gwarantuj\u0105c\u0105 niezawodn\u0105 ochron\u0119 przed wod\u0105 o ci\u015bnieniu 1 bara.<\/p>\n<p>Wytyczne DafStB dotycz\u0105ce betonu wodoodpornego: klasa napr\u0119\u017ce\u0144 1+2.<\/p>\n<p><strong>Wk\u0142ad uszczelniaj\u0105cy KRASO\u00ae typ IN-GR<\/strong><br \/>\nWewn\u0119trzny wk\u0142ad uszczelniaj\u0105cy do rur ochronnych kabli Typ-R\/rury karbowane do monta\u017cu jednej lub kilku linii medi\u00f3w lub kabli | Wytyczne DafStB dotycz\u0105ce betonu wodoodpornego: klasa napr\u0119\u017ce\u0144 1+2.<\/p>\n","protected":false},"featured_media":6823,"template":"","meta":{"_acf_changed":false},"product_cat":[140,129],"product_tag":[],"class_list":{"0":"post-5480","1":"product","2":"type-product","3":"status-publish","4":"has-post-thumbnail","6":"product_cat-wklady-uszczelniajace","7":"product_cat-wodoszczelne-przejscia-instalacyjne","9":"first","10":"instock","11":"shipping-taxable","12":"product-type-simple"},"acf":[],"yoast_head":"<!-- This site is optimized with the Yoast SEO plugin v27.3 - https:\/\/yoast.com\/product\/yoast-seo-wordpress\/ -->\n<title>Wk\u0142ad uszczelniaj\u0105cy KRASO\u00ae typ IN-GR Do Rur i Kabli<\/title>\n<meta name=\"description\" content=\"Wk\u0142ad uszczelniaj\u0105cy KRASO\u00ae w wersji IN-GR. Zastosowanie do szerokiego zakresu \u015brednic rur i kabli medialnych. Sprawd\u017a teraz!\" \/>\n<meta name=\"robots\" content=\"noindex, follow, max-snippet:-1, max-image-preview:large, max-video-preview:-1\" \/>\n<meta property=\"og:locale\" content=\"pl_PL\" \/>\n<meta property=\"og:type\" content=\"article\" \/>\n<meta property=\"og:title\" content=\"Wk\u0142ad uszczelniaj\u0105cy KRASO\u00ae typ IN-GR Do Rur i Kabli\" \/>\n<meta property=\"og:description\" content=\"Wk\u0142ad uszczelniaj\u0105cy KRASO\u00ae w wersji IN-GR. Zastosowanie do szerokiego zakresu \u015brednic rur i kabli medialnych. Sprawd\u017a teraz!\" \/>\n<meta property=\"og:url\" content=\"https:\/\/ugwp.cfolks.pl\/bwb\/produkt\/wklad-uszczelniajacy-kraso-typ-in-gr\/\" \/>\n<meta property=\"og:site_name\" content=\"BWB technology\" \/>\n<meta property=\"article:modified_time\" content=\"2024-10-03T13:26:31+00:00\" \/>\n<meta property=\"og:image\" content=\"https:\/\/ugwp.cfolks.pl\/bwb\/wp-content\/uploads\/Wklad-uszczelniajacy-KRASO\u00ae-typ-IN-GR.jpg\" \/>\n\t<meta property=\"og:image:width\" content=\"1100\" \/>\n\t<meta property=\"og:image:height\" content=\"810\" \/>\n\t<meta property=\"og:image:type\" content=\"image\/jpeg\" \/>\n<meta name=\"twitter:card\" content=\"summary_large_image\" \/>\n<meta name=\"twitter:label1\" content=\"Szacowany czas czytania\" \/>\n\t<meta name=\"twitter:data1\" content=\"1 minuta\" \/>\n<script type=\"application\/ld+json\" class=\"yoast-schema-graph\">{\"@context\":\"https:\\\/\\\/schema.org\",\"@graph\":[{\"@type\":\"WebPage\",\"@id\":\"https:\\\/\\\/ugwp.cfolks.pl\\\/bwb\\\/produkt\\\/wklad-uszczelniajacy-kraso-typ-in-gr\\\/\",\"url\":\"https:\\\/\\\/ugwp.cfolks.pl\\\/bwb\\\/produkt\\\/wklad-uszczelniajacy-kraso-typ-in-gr\\\/\",\"name\":\"Wk\u0142ad uszczelniaj\u0105cy KRASO\u00ae typ IN-GR Do Rur i Kabli\",\"isPartOf\":{\"@id\":\"https:\\\/\\\/ugwp.cfolks.pl\\\/bwb\\\/#website\"},\"primaryImageOfPage\":{\"@id\":\"https:\\\/\\\/ugwp.cfolks.pl\\\/bwb\\\/produkt\\\/wklad-uszczelniajacy-kraso-typ-in-gr\\\/#primaryimage\"},\"image\":{\"@id\":\"https:\\\/\\\/ugwp.cfolks.pl\\\/bwb\\\/produkt\\\/wklad-uszczelniajacy-kraso-typ-in-gr\\\/#primaryimage\"},\"thumbnailUrl\":\"https:\\\/\\\/ugwp.cfolks.pl\\\/bwb\\\/wp-content\\\/uploads\\\/Wklad-uszczelniajacy-KRASO\u00ae-typ-IN-GR.jpg\",\"datePublished\":\"2024-07-16T14:37:58+00:00\",\"dateModified\":\"2024-10-03T13:26:31+00:00\",\"description\":\"Wk\u0142ad uszczelniaj\u0105cy KRASO\u00ae w wersji IN-GR. Zastosowanie do szerokiego zakresu \u015brednic rur i kabli medialnych. Sprawd\u017a teraz!\",\"breadcrumb\":{\"@id\":\"https:\\\/\\\/ugwp.cfolks.pl\\\/bwb\\\/produkt\\\/wklad-uszczelniajacy-kraso-typ-in-gr\\\/#breadcrumb\"},\"inLanguage\":\"pl-PL\",\"potentialAction\":[{\"@type\":\"ReadAction\",\"target\":[\"https:\\\/\\\/ugwp.cfolks.pl\\\/bwb\\\/produkt\\\/wklad-uszczelniajacy-kraso-typ-in-gr\\\/\"]}]},{\"@type\":\"ImageObject\",\"inLanguage\":\"pl-PL\",\"@id\":\"https:\\\/\\\/ugwp.cfolks.pl\\\/bwb\\\/produkt\\\/wklad-uszczelniajacy-kraso-typ-in-gr\\\/#primaryimage\",\"url\":\"https:\\\/\\\/ugwp.cfolks.pl\\\/bwb\\\/wp-content\\\/uploads\\\/Wklad-uszczelniajacy-KRASO\u00ae-typ-IN-GR.jpg\",\"contentUrl\":\"https:\\\/\\\/ugwp.cfolks.pl\\\/bwb\\\/wp-content\\\/uploads\\\/Wklad-uszczelniajacy-KRASO\u00ae-typ-IN-GR.jpg\",\"width\":1100,\"height\":810,\"caption\":\"Wk\u0142ad uszczelniaj\u0105cy KRASO\u00ae typ IN-GR\"},{\"@type\":\"BreadcrumbList\",\"@id\":\"https:\\\/\\\/ugwp.cfolks.pl\\\/bwb\\\/produkt\\\/wklad-uszczelniajacy-kraso-typ-in-gr\\\/#breadcrumb\",\"itemListElement\":[{\"@type\":\"ListItem\",\"position\":1,\"name\":\"Strona g\u0142\u00f3wna\",\"item\":\"https:\\\/\\\/ugwp.cfolks.pl\\\/bwb\\\/\"},{\"@type\":\"ListItem\",\"position\":2,\"name\":\"Wodoszczelne Przej\u015bcia Instalacyjne\",\"item\":\"https:\\\/\\\/ugwp.cfolks.pl\\\/bwb\\\/kategoria\\\/wodoszczelne-przejscia-instalacyjne\\\/\"},{\"@type\":\"ListItem\",\"position\":3,\"name\":\"Wk\u0142ady uszczelniaj\u0105ce\",\"item\":\"https:\\\/\\\/ugwp.cfolks.pl\\\/bwb\\\/kategoria\\\/wodoszczelne-przejscia-instalacyjne\\\/wklady-uszczelniajace\\\/\"},{\"@type\":\"ListItem\",\"position\":4,\"name\":\"Wk\u0142ad uszczelniaj\u0105cy KRASO\u00ae typ IN-GR\"}]},{\"@type\":\"WebSite\",\"@id\":\"https:\\\/\\\/ugwp.cfolks.pl\\\/bwb\\\/#website\",\"url\":\"https:\\\/\\\/ugwp.cfolks.pl\\\/bwb\\\/\",\"name\":\"BWB technology\",\"description\":\"Kolejna witryna oparta na WordPressie\",\"potentialAction\":[{\"@type\":\"SearchAction\",\"target\":{\"@type\":\"EntryPoint\",\"urlTemplate\":\"https:\\\/\\\/ugwp.cfolks.pl\\\/bwb\\\/?s={search_term_string}\"},\"query-input\":{\"@type\":\"PropertyValueSpecification\",\"valueRequired\":true,\"valueName\":\"search_term_string\"}}],\"inLanguage\":\"pl-PL\"}]}<\/script>\n<!-- \/ Yoast SEO plugin. -->","yoast_head_json":{"title":"Wk\u0142ad uszczelniaj\u0105cy KRASO\u00ae typ IN-GR Do Rur i Kabli","description":"Wk\u0142ad uszczelniaj\u0105cy KRASO\u00ae w wersji IN-GR. Zastosowanie do szerokiego zakresu \u015brednic rur i kabli medialnych. Sprawd\u017a teraz!","robots":{"index":"noindex","follow":"follow","max-snippet":"max-snippet:-1","max-image-preview":"max-image-preview:large","max-video-preview":"max-video-preview:-1"},"og_locale":"pl_PL","og_type":"article","og_title":"Wk\u0142ad uszczelniaj\u0105cy KRASO\u00ae typ IN-GR Do Rur i Kabli","og_description":"Wk\u0142ad uszczelniaj\u0105cy KRASO\u00ae w wersji IN-GR. Zastosowanie do szerokiego zakresu \u015brednic rur i kabli medialnych. Sprawd\u017a teraz!","og_url":"https:\/\/ugwp.cfolks.pl\/bwb\/produkt\/wklad-uszczelniajacy-kraso-typ-in-gr\/","og_site_name":"BWB technology","article_modified_time":"2024-10-03T13:26:31+00:00","og_image":[{"width":1100,"height":810,"url":"https:\/\/ugwp.cfolks.pl\/bwb\/wp-content\/uploads\/Wklad-uszczelniajacy-KRASO\u00ae-typ-IN-GR.jpg","type":"image\/jpeg"}],"twitter_card":"summary_large_image","twitter_misc":{"Szacowany czas czytania":"1 minuta"},"schema":{"@context":"https:\/\/schema.org","@graph":[{"@type":"WebPage","@id":"https:\/\/ugwp.cfolks.pl\/bwb\/produkt\/wklad-uszczelniajacy-kraso-typ-in-gr\/","url":"https:\/\/ugwp.cfolks.pl\/bwb\/produkt\/wklad-uszczelniajacy-kraso-typ-in-gr\/","name":"Wk\u0142ad uszczelniaj\u0105cy KRASO\u00ae typ IN-GR Do Rur i Kabli","isPartOf":{"@id":"https:\/\/ugwp.cfolks.pl\/bwb\/#website"},"primaryImageOfPage":{"@id":"https:\/\/ugwp.cfolks.pl\/bwb\/produkt\/wklad-uszczelniajacy-kraso-typ-in-gr\/#primaryimage"},"image":{"@id":"https:\/\/ugwp.cfolks.pl\/bwb\/produkt\/wklad-uszczelniajacy-kraso-typ-in-gr\/#primaryimage"},"thumbnailUrl":"https:\/\/ugwp.cfolks.pl\/bwb\/wp-content\/uploads\/Wklad-uszczelniajacy-KRASO\u00ae-typ-IN-GR.jpg","datePublished":"2024-07-16T14:37:58+00:00","dateModified":"2024-10-03T13:26:31+00:00","description":"Wk\u0142ad uszczelniaj\u0105cy KRASO\u00ae w wersji IN-GR. Zastosowanie do szerokiego zakresu \u015brednic rur i kabli medialnych. Sprawd\u017a teraz!","breadcrumb":{"@id":"https:\/\/ugwp.cfolks.pl\/bwb\/produkt\/wklad-uszczelniajacy-kraso-typ-in-gr\/#breadcrumb"},"inLanguage":"pl-PL","potentialAction":[{"@type":"ReadAction","target":["https:\/\/ugwp.cfolks.pl\/bwb\/produkt\/wklad-uszczelniajacy-kraso-typ-in-gr\/"]}]},{"@type":"ImageObject","inLanguage":"pl-PL","@id":"https:\/\/ugwp.cfolks.pl\/bwb\/produkt\/wklad-uszczelniajacy-kraso-typ-in-gr\/#primaryimage","url":"https:\/\/ugwp.cfolks.pl\/bwb\/wp-content\/uploads\/Wklad-uszczelniajacy-KRASO\u00ae-typ-IN-GR.jpg","contentUrl":"https:\/\/ugwp.cfolks.pl\/bwb\/wp-content\/uploads\/Wklad-uszczelniajacy-KRASO\u00ae-typ-IN-GR.jpg","width":1100,"height":810,"caption":"Wk\u0142ad uszczelniaj\u0105cy KRASO\u00ae typ IN-GR"},{"@type":"BreadcrumbList","@id":"https:\/\/ugwp.cfolks.pl\/bwb\/produkt\/wklad-uszczelniajacy-kraso-typ-in-gr\/#breadcrumb","itemListElement":[{"@type":"ListItem","position":1,"name":"Strona g\u0142\u00f3wna","item":"https:\/\/ugwp.cfolks.pl\/bwb\/"},{"@type":"ListItem","position":2,"name":"Wodoszczelne Przej\u015bcia Instalacyjne","item":"https:\/\/ugwp.cfolks.pl\/bwb\/kategoria\/wodoszczelne-przejscia-instalacyjne\/"},{"@type":"ListItem","position":3,"name":"Wk\u0142ady uszczelniaj\u0105ce","item":"https:\/\/ugwp.cfolks.pl\/bwb\/kategoria\/wodoszczelne-przejscia-instalacyjne\/wklady-uszczelniajace\/"},{"@type":"ListItem","position":4,"name":"Wk\u0142ad uszczelniaj\u0105cy KRASO\u00ae typ IN-GR"}]},{"@type":"WebSite","@id":"https:\/\/ugwp.cfolks.pl\/bwb\/#website","url":"https:\/\/ugwp.cfolks.pl\/bwb\/","name":"BWB technology","description":"Kolejna witryna oparta na WordPressie","potentialAction":[{"@type":"SearchAction","target":{"@type":"EntryPoint","urlTemplate":"https:\/\/ugwp.cfolks.pl\/bwb\/?s={search_term_string}"},"query-input":{"@type":"PropertyValueSpecification","valueRequired":true,"valueName":"search_term_string"}}],"inLanguage":"pl-PL"}]}},"_links":{"self":[{"href":"https:\/\/ugwp.cfolks.pl\/bwb\/wp-json\/wp\/v2\/product\/5480","targetHints":{"allow":["GET"]}}],"collection":[{"href":"https:\/\/ugwp.cfolks.pl\/bwb\/wp-json\/wp\/v2\/product"}],"about":[{"href":"https:\/\/ugwp.cfolks.pl\/bwb\/wp-json\/wp\/v2\/types\/product"}],"wp:featuredmedia":[{"embeddable":true,"href":"https:\/\/ugwp.cfolks.pl\/bwb\/wp-json\/wp\/v2\/media\/6823"}],"wp:attachment":[{"href":"https:\/\/ugwp.cfolks.pl\/bwb\/wp-json\/wp\/v2\/media?parent=5480"}],"wp:term":[{"taxonomy":"product_cat","embeddable":true,"href":"https:\/\/ugwp.cfolks.pl\/bwb\/wp-json\/wp\/v2\/product_cat?post=5480"},{"taxonomy":"product_tag","embeddable":true,"href":"https:\/\/ugwp.cfolks.pl\/bwb\/wp-json\/wp\/v2\/product_tag?post=5480"}],"curies":[{"name":"wp","href":"https:\/\/api.w.org\/{rel}","templated":true}]}}