{"id":5478,"date":"2024-07-16T16:03:48","date_gmt":"2024-07-16T14:03:48","guid":{"rendered":"https:\/\/ugwp.cfolks.pl\/bwb\/?post_type=product&#038;p=5478"},"modified":"2024-10-21T16:30:51","modified_gmt":"2024-10-21T14:30:51","slug":"plyta-kolnierzowa-z-tworzywa-sztucznego-kraso-kfp-dzielona","status":"publish","type":"product","link":"https:\/\/ugwp.cfolks.pl\/bwb\/produkt\/plyta-kolnierzowa-z-tworzywa-sztucznego-kraso-kfp-dzielona\/","title":{"rendered":"P\u0142yta ko\u0142nierzowa z tworzywa sztucznego KRASO\u00ae KFP dzielona"},"content":{"rendered":"","protected":false},"excerpt":{"rendered":"<p>P\u0142yta ko\u0142nierzowa z tworzywa sztucznego KRASO\u00ae KFP wykonana jest z wysoce wytrzyma\u0142ego specjalnego tworzywa sztucznego o grubo\u015bci 60 mm. Umo\u017cliwia monta\u017c w p\u00f3\u017aniejszym etapie budowy, bez konieczno\u015bci wiercenia. Dost\u0119pna do monta\u017cu do \u015bciany z betonu wodoszczelnego lub w wersji z ko\u0142nierzem izolacyjnym do \u015bciany z uszczelnieniem powierzchniowym do tzw. \u201eczarnej wanny\u201d. P\u0142yta ko\u0142nierzowa z tworzywa sztucznego KRASO\u00ae KFP s\u0142u\u017cy do przeprowadzania rur lub kabli z u\u017cyciem wk\u0142ad\u00f3w uszczelniaj\u0105cych KRASO\u00ae dobieranych oddzielnie. Otw\u00f3r rdzeniowy nie jest konieczny, wystarczy zwyk\u0142y otw\u00f3r lub wolne miejsce w \u015bcianie. System pi\u00f3ro-wpust \u0142\u0105czy obydwie po\u0142\u00f3wki p\u0142yty ko\u0142nierzowej z tworzywa sztucznego automatycznie \u0142\u0105cz\u0105 si\u0119 ze sob\u0105 i pasuj\u0105 do siebie, pozwala to unikn\u0105\u0107 b\u0142\u0119d\u00f3w monta\u017cowych. P\u0142yta z tworzywa sztucznego i uszczelka p\u0142aska EPDM gwarantuj\u0105 wodoszczelno\u015b\u0107 po\u0142\u0105czenia ze \u015bcian\u0105 do 3,0 bar\u00f3w.<\/p>\n<p><strong>P\u0142yta ko\u0142nierzowa z tworzywa sztucznego KRASO\u00ae KFP &#8211; dzielona<\/strong><\/p>\n<p>do przeprowadzenia rur lub kabli z u\u017cyciem wk\u0142ad\u00f3w uszczelniaj\u0105cych KRASO\u00ae (brak w zestawie), otw\u00f3r rdzeniowy nie jest konieczny, wystarczy zwyk\u0142y otw\u00f3r lub wolne miejsce w \u015bcianie, wodoszczelno\u015b\u0107 do 3,0 bar\u00f3w, p\u0142yta ze specjalnego tworzywa sztucznego o grubo\u015bci 60 mm, uszczelka p\u0142aska EPDM.<\/p>\n","protected":false},"featured_media":6917,"template":"","meta":{"_acf_changed":false},"product_cat":[139,129],"product_tag":[],"class_list":{"0":"post-5478","1":"product","2":"type-product","3":"status-publish","4":"has-post-thumbnail","6":"product_cat-uszczelnienia-zewnetrzne","7":"product_cat-wodoszczelne-przejscia-instalacyjne","9":"first","10":"instock","11":"shipping-taxable","12":"product-type-simple"},"acf":[],"yoast_head":"<!-- This site is optimized with the Yoast SEO plugin v27.3 - https:\/\/yoast.com\/product\/yoast-seo-wordpress\/ -->\n<title>P\u0142yta Ko\u0142nierzowa z Tworzywa Sztucznego KRASO\u00ae KFP Dzielona<\/title>\n<meta name=\"description\" content=\"Dzielona p\u0142yta ko\u0142nierzowa z tworzywa sztucznego KRASO\u00ae KFP. Sprawd\u017a elementy do przeprowadzania rur i kabli o r\u00f3\u017cnych parametrach!\" \/>\n<meta name=\"robots\" content=\"noindex, follow, max-snippet:-1, max-image-preview:large, max-video-preview:-1\" \/>\n<meta property=\"og:locale\" content=\"pl_PL\" \/>\n<meta property=\"og:type\" content=\"article\" \/>\n<meta property=\"og:title\" content=\"P\u0142yta Ko\u0142nierzowa z Tworzywa Sztucznego KRASO\u00ae KFP Dzielona\" \/>\n<meta property=\"og:description\" content=\"Dzielona p\u0142yta ko\u0142nierzowa z tworzywa sztucznego KRASO\u00ae KFP. Sprawd\u017a elementy do przeprowadzania rur i kabli o r\u00f3\u017cnych parametrach!\" \/>\n<meta property=\"og:url\" content=\"https:\/\/ugwp.cfolks.pl\/bwb\/produkt\/plyta-kolnierzowa-z-tworzywa-sztucznego-kraso-kfp-dzielona\/\" \/>\n<meta property=\"og:site_name\" content=\"BWB technology\" \/>\n<meta property=\"article:modified_time\" content=\"2024-10-21T14:30:51+00:00\" \/>\n<meta property=\"og:image\" content=\"https:\/\/ugwp.cfolks.pl\/bwb\/wp-content\/uploads\/Plyta-kolnierzowa-z-tworzywa-sztucznego-KRASO\u00ae-KFP-dzielona-1.jpg\" \/>\n\t<meta property=\"og:image:width\" content=\"1100\" \/>\n\t<meta property=\"og:image:height\" content=\"810\" \/>\n\t<meta property=\"og:image:type\" content=\"image\/jpeg\" \/>\n<meta name=\"twitter:card\" content=\"summary_large_image\" \/>\n<meta name=\"twitter:label1\" content=\"Szacowany czas czytania\" \/>\n\t<meta name=\"twitter:data1\" content=\"1 minuta\" \/>\n<script type=\"application\/ld+json\" class=\"yoast-schema-graph\">{\"@context\":\"https:\\\/\\\/schema.org\",\"@graph\":[{\"@type\":\"WebPage\",\"@id\":\"https:\\\/\\\/ugwp.cfolks.pl\\\/bwb\\\/produkt\\\/plyta-kolnierzowa-z-tworzywa-sztucznego-kraso-kfp-dzielona\\\/\",\"url\":\"https:\\\/\\\/ugwp.cfolks.pl\\\/bwb\\\/produkt\\\/plyta-kolnierzowa-z-tworzywa-sztucznego-kraso-kfp-dzielona\\\/\",\"name\":\"P\u0142yta Ko\u0142nierzowa z Tworzywa Sztucznego KRASO\u00ae KFP Dzielona\",\"isPartOf\":{\"@id\":\"https:\\\/\\\/ugwp.cfolks.pl\\\/bwb\\\/#website\"},\"primaryImageOfPage\":{\"@id\":\"https:\\\/\\\/ugwp.cfolks.pl\\\/bwb\\\/produkt\\\/plyta-kolnierzowa-z-tworzywa-sztucznego-kraso-kfp-dzielona\\\/#primaryimage\"},\"image\":{\"@id\":\"https:\\\/\\\/ugwp.cfolks.pl\\\/bwb\\\/produkt\\\/plyta-kolnierzowa-z-tworzywa-sztucznego-kraso-kfp-dzielona\\\/#primaryimage\"},\"thumbnailUrl\":\"https:\\\/\\\/ugwp.cfolks.pl\\\/bwb\\\/wp-content\\\/uploads\\\/Plyta-kolnierzowa-z-tworzywa-sztucznego-KRASO\u00ae-KFP-dzielona-1.jpg\",\"datePublished\":\"2024-07-16T14:03:48+00:00\",\"dateModified\":\"2024-10-21T14:30:51+00:00\",\"description\":\"Dzielona p\u0142yta ko\u0142nierzowa z tworzywa sztucznego KRASO\u00ae KFP. Sprawd\u017a elementy do przeprowadzania rur i kabli o r\u00f3\u017cnych parametrach!\",\"breadcrumb\":{\"@id\":\"https:\\\/\\\/ugwp.cfolks.pl\\\/bwb\\\/produkt\\\/plyta-kolnierzowa-z-tworzywa-sztucznego-kraso-kfp-dzielona\\\/#breadcrumb\"},\"inLanguage\":\"pl-PL\",\"potentialAction\":[{\"@type\":\"ReadAction\",\"target\":[\"https:\\\/\\\/ugwp.cfolks.pl\\\/bwb\\\/produkt\\\/plyta-kolnierzowa-z-tworzywa-sztucznego-kraso-kfp-dzielona\\\/\"]}]},{\"@type\":\"ImageObject\",\"inLanguage\":\"pl-PL\",\"@id\":\"https:\\\/\\\/ugwp.cfolks.pl\\\/bwb\\\/produkt\\\/plyta-kolnierzowa-z-tworzywa-sztucznego-kraso-kfp-dzielona\\\/#primaryimage\",\"url\":\"https:\\\/\\\/ugwp.cfolks.pl\\\/bwb\\\/wp-content\\\/uploads\\\/Plyta-kolnierzowa-z-tworzywa-sztucznego-KRASO\u00ae-KFP-dzielona-1.jpg\",\"contentUrl\":\"https:\\\/\\\/ugwp.cfolks.pl\\\/bwb\\\/wp-content\\\/uploads\\\/Plyta-kolnierzowa-z-tworzywa-sztucznego-KRASO\u00ae-KFP-dzielona-1.jpg\",\"width\":1100,\"height\":810,\"caption\":\"P\u0142yta ko\u0142nierzowa z tworzywa sztucznego KRASO\u00ae KFP dzielona\"},{\"@type\":\"BreadcrumbList\",\"@id\":\"https:\\\/\\\/ugwp.cfolks.pl\\\/bwb\\\/produkt\\\/plyta-kolnierzowa-z-tworzywa-sztucznego-kraso-kfp-dzielona\\\/#breadcrumb\",\"itemListElement\":[{\"@type\":\"ListItem\",\"position\":1,\"name\":\"Strona g\u0142\u00f3wna\",\"item\":\"https:\\\/\\\/ugwp.cfolks.pl\\\/bwb\\\/\"},{\"@type\":\"ListItem\",\"position\":2,\"name\":\"Wodoszczelne Przej\u015bcia Instalacyjne\",\"item\":\"https:\\\/\\\/ugwp.cfolks.pl\\\/bwb\\\/kategoria\\\/wodoszczelne-przejscia-instalacyjne\\\/\"},{\"@type\":\"ListItem\",\"position\":3,\"name\":\"Uszczelnienia zewn\u0119trzne\",\"item\":\"https:\\\/\\\/ugwp.cfolks.pl\\\/bwb\\\/kategoria\\\/wodoszczelne-przejscia-instalacyjne\\\/uszczelnienia-zewnetrzne\\\/\"},{\"@type\":\"ListItem\",\"position\":4,\"name\":\"P\u0142yta ko\u0142nierzowa z tworzywa sztucznego KRASO\u00ae KFP dzielona\"}]},{\"@type\":\"WebSite\",\"@id\":\"https:\\\/\\\/ugwp.cfolks.pl\\\/bwb\\\/#website\",\"url\":\"https:\\\/\\\/ugwp.cfolks.pl\\\/bwb\\\/\",\"name\":\"BWB technology\",\"description\":\"Kolejna witryna oparta na WordPressie\",\"potentialAction\":[{\"@type\":\"SearchAction\",\"target\":{\"@type\":\"EntryPoint\",\"urlTemplate\":\"https:\\\/\\\/ugwp.cfolks.pl\\\/bwb\\\/?s={search_term_string}\"},\"query-input\":{\"@type\":\"PropertyValueSpecification\",\"valueRequired\":true,\"valueName\":\"search_term_string\"}}],\"inLanguage\":\"pl-PL\"}]}<\/script>\n<!-- \/ Yoast SEO plugin. -->","yoast_head_json":{"title":"P\u0142yta Ko\u0142nierzowa z Tworzywa Sztucznego KRASO\u00ae KFP Dzielona","description":"Dzielona p\u0142yta ko\u0142nierzowa z tworzywa sztucznego KRASO\u00ae KFP. Sprawd\u017a elementy do przeprowadzania rur i kabli o r\u00f3\u017cnych parametrach!","robots":{"index":"noindex","follow":"follow","max-snippet":"max-snippet:-1","max-image-preview":"max-image-preview:large","max-video-preview":"max-video-preview:-1"},"og_locale":"pl_PL","og_type":"article","og_title":"P\u0142yta Ko\u0142nierzowa z Tworzywa Sztucznego KRASO\u00ae KFP Dzielona","og_description":"Dzielona p\u0142yta ko\u0142nierzowa z tworzywa sztucznego KRASO\u00ae KFP. Sprawd\u017a elementy do przeprowadzania rur i kabli o r\u00f3\u017cnych parametrach!","og_url":"https:\/\/ugwp.cfolks.pl\/bwb\/produkt\/plyta-kolnierzowa-z-tworzywa-sztucznego-kraso-kfp-dzielona\/","og_site_name":"BWB technology","article_modified_time":"2024-10-21T14:30:51+00:00","og_image":[{"width":1100,"height":810,"url":"https:\/\/ugwp.cfolks.pl\/bwb\/wp-content\/uploads\/Plyta-kolnierzowa-z-tworzywa-sztucznego-KRASO\u00ae-KFP-dzielona-1.jpg","type":"image\/jpeg"}],"twitter_card":"summary_large_image","twitter_misc":{"Szacowany czas czytania":"1 minuta"},"schema":{"@context":"https:\/\/schema.org","@graph":[{"@type":"WebPage","@id":"https:\/\/ugwp.cfolks.pl\/bwb\/produkt\/plyta-kolnierzowa-z-tworzywa-sztucznego-kraso-kfp-dzielona\/","url":"https:\/\/ugwp.cfolks.pl\/bwb\/produkt\/plyta-kolnierzowa-z-tworzywa-sztucznego-kraso-kfp-dzielona\/","name":"P\u0142yta Ko\u0142nierzowa z Tworzywa Sztucznego KRASO\u00ae KFP Dzielona","isPartOf":{"@id":"https:\/\/ugwp.cfolks.pl\/bwb\/#website"},"primaryImageOfPage":{"@id":"https:\/\/ugwp.cfolks.pl\/bwb\/produkt\/plyta-kolnierzowa-z-tworzywa-sztucznego-kraso-kfp-dzielona\/#primaryimage"},"image":{"@id":"https:\/\/ugwp.cfolks.pl\/bwb\/produkt\/plyta-kolnierzowa-z-tworzywa-sztucznego-kraso-kfp-dzielona\/#primaryimage"},"thumbnailUrl":"https:\/\/ugwp.cfolks.pl\/bwb\/wp-content\/uploads\/Plyta-kolnierzowa-z-tworzywa-sztucznego-KRASO\u00ae-KFP-dzielona-1.jpg","datePublished":"2024-07-16T14:03:48+00:00","dateModified":"2024-10-21T14:30:51+00:00","description":"Dzielona p\u0142yta ko\u0142nierzowa z tworzywa sztucznego KRASO\u00ae KFP. Sprawd\u017a elementy do przeprowadzania rur i kabli o r\u00f3\u017cnych parametrach!","breadcrumb":{"@id":"https:\/\/ugwp.cfolks.pl\/bwb\/produkt\/plyta-kolnierzowa-z-tworzywa-sztucznego-kraso-kfp-dzielona\/#breadcrumb"},"inLanguage":"pl-PL","potentialAction":[{"@type":"ReadAction","target":["https:\/\/ugwp.cfolks.pl\/bwb\/produkt\/plyta-kolnierzowa-z-tworzywa-sztucznego-kraso-kfp-dzielona\/"]}]},{"@type":"ImageObject","inLanguage":"pl-PL","@id":"https:\/\/ugwp.cfolks.pl\/bwb\/produkt\/plyta-kolnierzowa-z-tworzywa-sztucznego-kraso-kfp-dzielona\/#primaryimage","url":"https:\/\/ugwp.cfolks.pl\/bwb\/wp-content\/uploads\/Plyta-kolnierzowa-z-tworzywa-sztucznego-KRASO\u00ae-KFP-dzielona-1.jpg","contentUrl":"https:\/\/ugwp.cfolks.pl\/bwb\/wp-content\/uploads\/Plyta-kolnierzowa-z-tworzywa-sztucznego-KRASO\u00ae-KFP-dzielona-1.jpg","width":1100,"height":810,"caption":"P\u0142yta ko\u0142nierzowa z tworzywa sztucznego KRASO\u00ae KFP dzielona"},{"@type":"BreadcrumbList","@id":"https:\/\/ugwp.cfolks.pl\/bwb\/produkt\/plyta-kolnierzowa-z-tworzywa-sztucznego-kraso-kfp-dzielona\/#breadcrumb","itemListElement":[{"@type":"ListItem","position":1,"name":"Strona g\u0142\u00f3wna","item":"https:\/\/ugwp.cfolks.pl\/bwb\/"},{"@type":"ListItem","position":2,"name":"Wodoszczelne Przej\u015bcia Instalacyjne","item":"https:\/\/ugwp.cfolks.pl\/bwb\/kategoria\/wodoszczelne-przejscia-instalacyjne\/"},{"@type":"ListItem","position":3,"name":"Uszczelnienia zewn\u0119trzne","item":"https:\/\/ugwp.cfolks.pl\/bwb\/kategoria\/wodoszczelne-przejscia-instalacyjne\/uszczelnienia-zewnetrzne\/"},{"@type":"ListItem","position":4,"name":"P\u0142yta ko\u0142nierzowa z tworzywa sztucznego KRASO\u00ae KFP dzielona"}]},{"@type":"WebSite","@id":"https:\/\/ugwp.cfolks.pl\/bwb\/#website","url":"https:\/\/ugwp.cfolks.pl\/bwb\/","name":"BWB technology","description":"Kolejna witryna oparta na WordPressie","potentialAction":[{"@type":"SearchAction","target":{"@type":"EntryPoint","urlTemplate":"https:\/\/ugwp.cfolks.pl\/bwb\/?s={search_term_string}"},"query-input":{"@type":"PropertyValueSpecification","valueRequired":true,"valueName":"search_term_string"}}],"inLanguage":"pl-PL"}]}},"_links":{"self":[{"href":"https:\/\/ugwp.cfolks.pl\/bwb\/wp-json\/wp\/v2\/product\/5478","targetHints":{"allow":["GET"]}}],"collection":[{"href":"https:\/\/ugwp.cfolks.pl\/bwb\/wp-json\/wp\/v2\/product"}],"about":[{"href":"https:\/\/ugwp.cfolks.pl\/bwb\/wp-json\/wp\/v2\/types\/product"}],"wp:featuredmedia":[{"embeddable":true,"href":"https:\/\/ugwp.cfolks.pl\/bwb\/wp-json\/wp\/v2\/media\/6917"}],"wp:attachment":[{"href":"https:\/\/ugwp.cfolks.pl\/bwb\/wp-json\/wp\/v2\/media?parent=5478"}],"wp:term":[{"taxonomy":"product_cat","embeddable":true,"href":"https:\/\/ugwp.cfolks.pl\/bwb\/wp-json\/wp\/v2\/product_cat?post=5478"},{"taxonomy":"product_tag","embeddable":true,"href":"https:\/\/ugwp.cfolks.pl\/bwb\/wp-json\/wp\/v2\/product_tag?post=5478"}],"curies":[{"name":"wp","href":"https:\/\/api.w.org\/{rel}","templated":true}]}}