{"id":5062,"date":"2023-12-16T18:00:13","date_gmt":"2023-12-16T17:00:13","guid":{"rendered":"https:\/\/ugwp.cfolks.pl\/bwb\/?post_type=product&#038;p=5062"},"modified":"2024-10-03T18:35:21","modified_gmt":"2024-10-03T16:35:21","slug":"deflex-497-al-497-ale","status":"publish","type":"product","link":"https:\/\/ugwp.cfolks.pl\/bwb\/produkt\/deflex-497-al-497-ale\/","title":{"rendered":"DEFLEX 497\/AL &#038; 497\/ALE"},"content":{"rendered":"","protected":false},"excerpt":{"rendered":"<p>Profil rozdzielaj\u0105cy posadzki wykonany z aluminium, tworzywa sztucznego Nitriflex\u00ae oraz nak\u0142adek z stali nierdzewnej. Charakteryzuje si\u0119 g\u0142adk\u0105 powierzchni\u0105 wk\u0142adki. Specjalna konstrukcja profilu umo\u017cliwia przenoszenie wysokich obci\u0105\u017ce\u0144. Konstrukcja profilu gwarantuje oddzielenie warstwy zaprawowej dzi\u0119ki regulowanej wysoko\u015bci cz\u0119\u015bci \u015brodkowej. Znajduje zastosowanie w posadzkach wykonanych z jastrychu, wyk\u0142adanych kamieniem naturalnym, imitacje kamienia itp. Szczeg\u00f3lnie polecany jest do stosowania w obiektach przemys\u0142owych takich jak hale magazynowe, hale produkcyjne itp. Profil spe\u0142nia wymogi odporno\u015bci ogniowej dla klasy E wed\u0142ug normy PN-EN 13501-1 wed\u0142ug kt\u00f3rej wyroby zdolne s\u0105 przeciwstawia\u0107 si\u0119 \u2013 w kr\u00f3tkim czasie \u2013 oddzia\u0142ywaniu ma\u0142ego p\u0142omienia bez znacznego rozprzestrzeniania p\u0142omienia.<br \/>\nNale\u017cy przestrzega\u0107 zalece\u0144 i uwag dotycz\u0105cych monta\u017cu.<\/p>\n","protected":false},"featured_media":5443,"template":"","meta":{"_acf_changed":false},"product_cat":[199],"product_tag":[],"class_list":{"0":"post-5062","1":"product","2":"type-product","3":"status-publish","4":"has-post-thumbnail","6":"product_cat-profile-wykonczeniowe","8":"first","9":"instock","10":"shipping-taxable","11":"product-type-simple"},"acf":[],"yoast_head":"<!-- This site is optimized with the Yoast SEO plugin v27.3 - https:\/\/yoast.com\/product\/yoast-seo-wordpress\/ -->\n<title>DEFLEX 497\/AL &amp; 497\/ALE Solidno\u015b\u0107 i Precyzja!<\/title>\n<meta name=\"description\" content=\"DEFLEX 497\/AL &amp; 497\/ALEDEFLEX 497\/AL &amp; 497\/ALEr profile rozdzielaj\u0105ce z aluminium. Tworzywo sztuczne Nitriflex\u00ae i stal nierdzewna. Solidno\u015bci i precyzja.\" \/>\n<meta name=\"robots\" content=\"noindex, follow, max-snippet:-1, max-image-preview:large, max-video-preview:-1\" \/>\n<meta property=\"og:locale\" content=\"pl_PL\" \/>\n<meta property=\"og:type\" content=\"article\" \/>\n<meta property=\"og:title\" content=\"DEFLEX 497\/AL &amp; 497\/ALE Solidno\u015b\u0107 i Precyzja!\" \/>\n<meta property=\"og:description\" content=\"DEFLEX 497\/AL &amp; 497\/ALEDEFLEX 497\/AL &amp; 497\/ALEr profile rozdzielaj\u0105ce z aluminium. Tworzywo sztuczne Nitriflex\u00ae i stal nierdzewna. Solidno\u015bci i precyzja.\" \/>\n<meta property=\"og:url\" content=\"https:\/\/ugwp.cfolks.pl\/bwb\/produkt\/deflex-497-al-497-ale\/\" \/>\n<meta property=\"og:site_name\" content=\"BWB technology\" \/>\n<meta property=\"article:modified_time\" content=\"2024-10-03T16:35:21+00:00\" \/>\n<meta property=\"og:image\" content=\"https:\/\/ugwp.cfolks.pl\/bwb\/wp-content\/uploads\/DEFLEX-497-AL-497-ALE-1.jpg\" \/>\n\t<meta property=\"og:image:width\" content=\"1100\" \/>\n\t<meta property=\"og:image:height\" content=\"810\" \/>\n\t<meta property=\"og:image:type\" content=\"image\/jpeg\" \/>\n<meta name=\"twitter:card\" content=\"summary_large_image\" \/>\n<meta name=\"twitter:label1\" content=\"Szacowany czas czytania\" \/>\n\t<meta name=\"twitter:data1\" content=\"1 minuta\" \/>\n<script type=\"application\/ld+json\" class=\"yoast-schema-graph\">{\"@context\":\"https:\\\/\\\/schema.org\",\"@graph\":[{\"@type\":\"WebPage\",\"@id\":\"https:\\\/\\\/ugwp.cfolks.pl\\\/bwb\\\/produkt\\\/deflex-497-al-497-ale\\\/\",\"url\":\"https:\\\/\\\/ugwp.cfolks.pl\\\/bwb\\\/produkt\\\/deflex-497-al-497-ale\\\/\",\"name\":\"DEFLEX 497\\\/AL & 497\\\/ALE Solidno\u015b\u0107 i Precyzja!\",\"isPartOf\":{\"@id\":\"https:\\\/\\\/ugwp.cfolks.pl\\\/bwb\\\/#website\"},\"primaryImageOfPage\":{\"@id\":\"https:\\\/\\\/ugwp.cfolks.pl\\\/bwb\\\/produkt\\\/deflex-497-al-497-ale\\\/#primaryimage\"},\"image\":{\"@id\":\"https:\\\/\\\/ugwp.cfolks.pl\\\/bwb\\\/produkt\\\/deflex-497-al-497-ale\\\/#primaryimage\"},\"thumbnailUrl\":\"https:\\\/\\\/ugwp.cfolks.pl\\\/bwb\\\/wp-content\\\/uploads\\\/DEFLEX-497-AL-497-ALE-1.jpg\",\"datePublished\":\"2023-12-16T17:00:13+00:00\",\"dateModified\":\"2024-10-03T16:35:21+00:00\",\"description\":\"DEFLEX 497\\\/AL & 497\\\/ALEDEFLEX 497\\\/AL & 497\\\/ALEr profile rozdzielaj\u0105ce z aluminium. Tworzywo sztuczne Nitriflex\u00ae i stal nierdzewna. Solidno\u015bci i precyzja.\",\"breadcrumb\":{\"@id\":\"https:\\\/\\\/ugwp.cfolks.pl\\\/bwb\\\/produkt\\\/deflex-497-al-497-ale\\\/#breadcrumb\"},\"inLanguage\":\"pl-PL\",\"potentialAction\":[{\"@type\":\"ReadAction\",\"target\":[\"https:\\\/\\\/ugwp.cfolks.pl\\\/bwb\\\/produkt\\\/deflex-497-al-497-ale\\\/\"]}]},{\"@type\":\"ImageObject\",\"inLanguage\":\"pl-PL\",\"@id\":\"https:\\\/\\\/ugwp.cfolks.pl\\\/bwb\\\/produkt\\\/deflex-497-al-497-ale\\\/#primaryimage\",\"url\":\"https:\\\/\\\/ugwp.cfolks.pl\\\/bwb\\\/wp-content\\\/uploads\\\/DEFLEX-497-AL-497-ALE-1.jpg\",\"contentUrl\":\"https:\\\/\\\/ugwp.cfolks.pl\\\/bwb\\\/wp-content\\\/uploads\\\/DEFLEX-497-AL-497-ALE-1.jpg\",\"width\":1100,\"height\":810,\"caption\":\"Profil wyko\u0144czeniowy DEFLEX 497\\\/AL i 497\\\/ALE\"},{\"@type\":\"BreadcrumbList\",\"@id\":\"https:\\\/\\\/ugwp.cfolks.pl\\\/bwb\\\/produkt\\\/deflex-497-al-497-ale\\\/#breadcrumb\",\"itemListElement\":[{\"@type\":\"ListItem\",\"position\":1,\"name\":\"Strona g\u0142\u00f3wna\",\"item\":\"https:\\\/\\\/ugwp.cfolks.pl\\\/bwb\\\/\"},{\"@type\":\"ListItem\",\"position\":2,\"name\":\"Profile Dylatacyjne\",\"item\":\"https:\\\/\\\/ugwp.cfolks.pl\\\/bwb\\\/kategoria\\\/profile-dylatacyjne\\\/\"},{\"@type\":\"ListItem\",\"position\":3,\"name\":\"Profile wyko\u0144czeniowe\",\"item\":\"https:\\\/\\\/ugwp.cfolks.pl\\\/bwb\\\/kategoria\\\/profile-dylatacyjne\\\/profile-wykonczeniowe\\\/\"},{\"@type\":\"ListItem\",\"position\":4,\"name\":\"DEFLEX 497\\\/AL &#038; 497\\\/ALE\"}]},{\"@type\":\"WebSite\",\"@id\":\"https:\\\/\\\/ugwp.cfolks.pl\\\/bwb\\\/#website\",\"url\":\"https:\\\/\\\/ugwp.cfolks.pl\\\/bwb\\\/\",\"name\":\"BWB technology\",\"description\":\"Kolejna witryna oparta na WordPressie\",\"potentialAction\":[{\"@type\":\"SearchAction\",\"target\":{\"@type\":\"EntryPoint\",\"urlTemplate\":\"https:\\\/\\\/ugwp.cfolks.pl\\\/bwb\\\/?s={search_term_string}\"},\"query-input\":{\"@type\":\"PropertyValueSpecification\",\"valueRequired\":true,\"valueName\":\"search_term_string\"}}],\"inLanguage\":\"pl-PL\"}]}<\/script>\n<!-- \/ Yoast SEO plugin. -->","yoast_head_json":{"title":"DEFLEX 497\/AL & 497\/ALE Solidno\u015b\u0107 i Precyzja!","description":"DEFLEX 497\/AL & 497\/ALEDEFLEX 497\/AL & 497\/ALEr profile rozdzielaj\u0105ce z aluminium. Tworzywo sztuczne Nitriflex\u00ae i stal nierdzewna. Solidno\u015bci i precyzja.","robots":{"index":"noindex","follow":"follow","max-snippet":"max-snippet:-1","max-image-preview":"max-image-preview:large","max-video-preview":"max-video-preview:-1"},"og_locale":"pl_PL","og_type":"article","og_title":"DEFLEX 497\/AL & 497\/ALE Solidno\u015b\u0107 i Precyzja!","og_description":"DEFLEX 497\/AL & 497\/ALEDEFLEX 497\/AL & 497\/ALEr profile rozdzielaj\u0105ce z aluminium. Tworzywo sztuczne Nitriflex\u00ae i stal nierdzewna. Solidno\u015bci i precyzja.","og_url":"https:\/\/ugwp.cfolks.pl\/bwb\/produkt\/deflex-497-al-497-ale\/","og_site_name":"BWB technology","article_modified_time":"2024-10-03T16:35:21+00:00","og_image":[{"width":1100,"height":810,"url":"https:\/\/ugwp.cfolks.pl\/bwb\/wp-content\/uploads\/DEFLEX-497-AL-497-ALE-1.jpg","type":"image\/jpeg"}],"twitter_card":"summary_large_image","twitter_misc":{"Szacowany czas czytania":"1 minuta"},"schema":{"@context":"https:\/\/schema.org","@graph":[{"@type":"WebPage","@id":"https:\/\/ugwp.cfolks.pl\/bwb\/produkt\/deflex-497-al-497-ale\/","url":"https:\/\/ugwp.cfolks.pl\/bwb\/produkt\/deflex-497-al-497-ale\/","name":"DEFLEX 497\/AL & 497\/ALE Solidno\u015b\u0107 i Precyzja!","isPartOf":{"@id":"https:\/\/ugwp.cfolks.pl\/bwb\/#website"},"primaryImageOfPage":{"@id":"https:\/\/ugwp.cfolks.pl\/bwb\/produkt\/deflex-497-al-497-ale\/#primaryimage"},"image":{"@id":"https:\/\/ugwp.cfolks.pl\/bwb\/produkt\/deflex-497-al-497-ale\/#primaryimage"},"thumbnailUrl":"https:\/\/ugwp.cfolks.pl\/bwb\/wp-content\/uploads\/DEFLEX-497-AL-497-ALE-1.jpg","datePublished":"2023-12-16T17:00:13+00:00","dateModified":"2024-10-03T16:35:21+00:00","description":"DEFLEX 497\/AL & 497\/ALEDEFLEX 497\/AL & 497\/ALEr profile rozdzielaj\u0105ce z aluminium. Tworzywo sztuczne Nitriflex\u00ae i stal nierdzewna. Solidno\u015bci i precyzja.","breadcrumb":{"@id":"https:\/\/ugwp.cfolks.pl\/bwb\/produkt\/deflex-497-al-497-ale\/#breadcrumb"},"inLanguage":"pl-PL","potentialAction":[{"@type":"ReadAction","target":["https:\/\/ugwp.cfolks.pl\/bwb\/produkt\/deflex-497-al-497-ale\/"]}]},{"@type":"ImageObject","inLanguage":"pl-PL","@id":"https:\/\/ugwp.cfolks.pl\/bwb\/produkt\/deflex-497-al-497-ale\/#primaryimage","url":"https:\/\/ugwp.cfolks.pl\/bwb\/wp-content\/uploads\/DEFLEX-497-AL-497-ALE-1.jpg","contentUrl":"https:\/\/ugwp.cfolks.pl\/bwb\/wp-content\/uploads\/DEFLEX-497-AL-497-ALE-1.jpg","width":1100,"height":810,"caption":"Profil wyko\u0144czeniowy DEFLEX 497\/AL i 497\/ALE"},{"@type":"BreadcrumbList","@id":"https:\/\/ugwp.cfolks.pl\/bwb\/produkt\/deflex-497-al-497-ale\/#breadcrumb","itemListElement":[{"@type":"ListItem","position":1,"name":"Strona g\u0142\u00f3wna","item":"https:\/\/ugwp.cfolks.pl\/bwb\/"},{"@type":"ListItem","position":2,"name":"Profile Dylatacyjne","item":"https:\/\/ugwp.cfolks.pl\/bwb\/kategoria\/profile-dylatacyjne\/"},{"@type":"ListItem","position":3,"name":"Profile wyko\u0144czeniowe","item":"https:\/\/ugwp.cfolks.pl\/bwb\/kategoria\/profile-dylatacyjne\/profile-wykonczeniowe\/"},{"@type":"ListItem","position":4,"name":"DEFLEX 497\/AL &#038; 497\/ALE"}]},{"@type":"WebSite","@id":"https:\/\/ugwp.cfolks.pl\/bwb\/#website","url":"https:\/\/ugwp.cfolks.pl\/bwb\/","name":"BWB technology","description":"Kolejna witryna oparta na WordPressie","potentialAction":[{"@type":"SearchAction","target":{"@type":"EntryPoint","urlTemplate":"https:\/\/ugwp.cfolks.pl\/bwb\/?s={search_term_string}"},"query-input":{"@type":"PropertyValueSpecification","valueRequired":true,"valueName":"search_term_string"}}],"inLanguage":"pl-PL"}]}},"_links":{"self":[{"href":"https:\/\/ugwp.cfolks.pl\/bwb\/wp-json\/wp\/v2\/product\/5062","targetHints":{"allow":["GET"]}}],"collection":[{"href":"https:\/\/ugwp.cfolks.pl\/bwb\/wp-json\/wp\/v2\/product"}],"about":[{"href":"https:\/\/ugwp.cfolks.pl\/bwb\/wp-json\/wp\/v2\/types\/product"}],"wp:featuredmedia":[{"embeddable":true,"href":"https:\/\/ugwp.cfolks.pl\/bwb\/wp-json\/wp\/v2\/media\/5443"}],"wp:attachment":[{"href":"https:\/\/ugwp.cfolks.pl\/bwb\/wp-json\/wp\/v2\/media?parent=5062"}],"wp:term":[{"taxonomy":"product_cat","embeddable":true,"href":"https:\/\/ugwp.cfolks.pl\/bwb\/wp-json\/wp\/v2\/product_cat?post=5062"},{"taxonomy":"product_tag","embeddable":true,"href":"https:\/\/ugwp.cfolks.pl\/bwb\/wp-json\/wp\/v2\/product_tag?post=5062"}],"curies":[{"name":"wp","href":"https:\/\/api.w.org\/{rel}","templated":true}]}}