{"id":5060,"date":"2023-12-16T17:50:13","date_gmt":"2023-12-16T16:50:13","guid":{"rendered":"https:\/\/ugwp.cfolks.pl\/bwb\/?post_type=product&#038;p=5060"},"modified":"2024-10-03T18:37:00","modified_gmt":"2024-10-03T16:37:00","slug":"deflex-496","status":"publish","type":"product","link":"https:\/\/ugwp.cfolks.pl\/bwb\/produkt\/deflex-496\/","title":{"rendered":"DEFLEX 496"},"content":{"rendered":"","protected":false},"excerpt":{"rendered":"<p>Profil rozdzielaj\u0105cy posadzki mo\u017ce sk\u0142ada\u0107 si\u0119 z profilu wykonanego z\u00a0 aluminium, stali nierdzewnej lub mosi\u0105dzu oraz wk\u0142adki z kauczuku kom\u00f3rkowego. Specjalna konstrukcja profilu umo\u017cliwia przenoszenie wysokich obci\u0105\u017ce\u0144. Konstrukcja profilu gwarantuje wysok\u0105 ochron\u0119 kraw\u0119dzi. Znajduje zastosowanie w posadzkach wykonanych z jastrychu, wyk\u0142adanych kamieniem naturalnym, imitacje kamienia itp. Szczeg\u00f3lnie polecany jest do stosowania w obiektach przemys\u0142owych takich jak hale magazynowe, hale produkcyjne itp.<\/p>\n<p>Nale\u017cy przestrzega\u0107 zalece\u0144 i uwag dotycz\u0105cych monta\u017cu.<\/p>\n","protected":false},"featured_media":5441,"template":"","meta":{"_acf_changed":false},"product_cat":[199],"product_tag":[],"class_list":{"0":"post-5060","1":"product","2":"type-product","3":"status-publish","4":"has-post-thumbnail","6":"product_cat-profile-wykonczeniowe","8":"first","9":"instock","10":"shipping-taxable","11":"product-type-simple"},"acf":[],"yoast_head":"<!-- This site is optimized with the Yoast SEO plugin v27.3 - https:\/\/yoast.com\/product\/yoast-seo-wordpress\/ -->\n<title>DEFLEX 496 Profil Rozdzielaj\u0105cy z Kauczukow\u0105 Wk\u0142adk\u0105!<\/title>\n<meta name=\"description\" content=\"DEFLEX 496 profil rozdzielaj\u0105cy posadzki, kt\u00f3ry \u0142\u0105czy w sobie r\u00f3\u017cne materia\u0142y. Aluminium, stal nierdzewna lub mosi\u0105dz . Wk\u0142adka z kauczuku kom\u00f3rkowego.\" \/>\n<meta name=\"robots\" content=\"noindex, follow, max-snippet:-1, max-image-preview:large, max-video-preview:-1\" \/>\n<meta property=\"og:locale\" content=\"pl_PL\" \/>\n<meta property=\"og:type\" content=\"article\" \/>\n<meta property=\"og:title\" content=\"DEFLEX 496 Profil Rozdzielaj\u0105cy z Kauczukow\u0105 Wk\u0142adk\u0105!\" \/>\n<meta property=\"og:description\" content=\"DEFLEX 496 profil rozdzielaj\u0105cy posadzki, kt\u00f3ry \u0142\u0105czy w sobie r\u00f3\u017cne materia\u0142y. Aluminium, stal nierdzewna lub mosi\u0105dz . Wk\u0142adka z kauczuku kom\u00f3rkowego.\" \/>\n<meta property=\"og:url\" content=\"https:\/\/ugwp.cfolks.pl\/bwb\/produkt\/deflex-496\/\" \/>\n<meta property=\"og:site_name\" content=\"BWB technology\" \/>\n<meta property=\"article:modified_time\" content=\"2024-10-03T16:37:00+00:00\" \/>\n<meta property=\"og:image\" content=\"https:\/\/ugwp.cfolks.pl\/bwb\/wp-content\/uploads\/DEFLEX-496-1.jpg\" \/>\n\t<meta property=\"og:image:width\" content=\"1100\" \/>\n\t<meta property=\"og:image:height\" content=\"810\" \/>\n\t<meta property=\"og:image:type\" content=\"image\/jpeg\" \/>\n<meta name=\"twitter:card\" content=\"summary_large_image\" \/>\n<meta name=\"twitter:label1\" content=\"Szacowany czas czytania\" \/>\n\t<meta name=\"twitter:data1\" content=\"1 minuta\" \/>\n<script type=\"application\/ld+json\" class=\"yoast-schema-graph\">{\"@context\":\"https:\\\/\\\/schema.org\",\"@graph\":[{\"@type\":\"WebPage\",\"@id\":\"https:\\\/\\\/ugwp.cfolks.pl\\\/bwb\\\/produkt\\\/deflex-496\\\/\",\"url\":\"https:\\\/\\\/ugwp.cfolks.pl\\\/bwb\\\/produkt\\\/deflex-496\\\/\",\"name\":\"DEFLEX 496 Profil Rozdzielaj\u0105cy z Kauczukow\u0105 Wk\u0142adk\u0105!\",\"isPartOf\":{\"@id\":\"https:\\\/\\\/ugwp.cfolks.pl\\\/bwb\\\/#website\"},\"primaryImageOfPage\":{\"@id\":\"https:\\\/\\\/ugwp.cfolks.pl\\\/bwb\\\/produkt\\\/deflex-496\\\/#primaryimage\"},\"image\":{\"@id\":\"https:\\\/\\\/ugwp.cfolks.pl\\\/bwb\\\/produkt\\\/deflex-496\\\/#primaryimage\"},\"thumbnailUrl\":\"https:\\\/\\\/ugwp.cfolks.pl\\\/bwb\\\/wp-content\\\/uploads\\\/DEFLEX-496-1.jpg\",\"datePublished\":\"2023-12-16T16:50:13+00:00\",\"dateModified\":\"2024-10-03T16:37:00+00:00\",\"description\":\"DEFLEX 496 profil rozdzielaj\u0105cy posadzki, kt\u00f3ry \u0142\u0105czy w sobie r\u00f3\u017cne materia\u0142y. Aluminium, stal nierdzewna lub mosi\u0105dz . Wk\u0142adka z kauczuku kom\u00f3rkowego.\",\"breadcrumb\":{\"@id\":\"https:\\\/\\\/ugwp.cfolks.pl\\\/bwb\\\/produkt\\\/deflex-496\\\/#breadcrumb\"},\"inLanguage\":\"pl-PL\",\"potentialAction\":[{\"@type\":\"ReadAction\",\"target\":[\"https:\\\/\\\/ugwp.cfolks.pl\\\/bwb\\\/produkt\\\/deflex-496\\\/\"]}]},{\"@type\":\"ImageObject\",\"inLanguage\":\"pl-PL\",\"@id\":\"https:\\\/\\\/ugwp.cfolks.pl\\\/bwb\\\/produkt\\\/deflex-496\\\/#primaryimage\",\"url\":\"https:\\\/\\\/ugwp.cfolks.pl\\\/bwb\\\/wp-content\\\/uploads\\\/DEFLEX-496-1.jpg\",\"contentUrl\":\"https:\\\/\\\/ugwp.cfolks.pl\\\/bwb\\\/wp-content\\\/uploads\\\/DEFLEX-496-1.jpg\",\"width\":1100,\"height\":810,\"caption\":\"Profil wyko\u0144czeniowy DEFLEX 496\"},{\"@type\":\"BreadcrumbList\",\"@id\":\"https:\\\/\\\/ugwp.cfolks.pl\\\/bwb\\\/produkt\\\/deflex-496\\\/#breadcrumb\",\"itemListElement\":[{\"@type\":\"ListItem\",\"position\":1,\"name\":\"Strona g\u0142\u00f3wna\",\"item\":\"https:\\\/\\\/ugwp.cfolks.pl\\\/bwb\\\/\"},{\"@type\":\"ListItem\",\"position\":2,\"name\":\"Profile Dylatacyjne\",\"item\":\"https:\\\/\\\/ugwp.cfolks.pl\\\/bwb\\\/kategoria\\\/profile-dylatacyjne\\\/\"},{\"@type\":\"ListItem\",\"position\":3,\"name\":\"Profile wyko\u0144czeniowe\",\"item\":\"https:\\\/\\\/ugwp.cfolks.pl\\\/bwb\\\/kategoria\\\/profile-dylatacyjne\\\/profile-wykonczeniowe\\\/\"},{\"@type\":\"ListItem\",\"position\":4,\"name\":\"DEFLEX 496\"}]},{\"@type\":\"WebSite\",\"@id\":\"https:\\\/\\\/ugwp.cfolks.pl\\\/bwb\\\/#website\",\"url\":\"https:\\\/\\\/ugwp.cfolks.pl\\\/bwb\\\/\",\"name\":\"BWB technology\",\"description\":\"Kolejna witryna oparta na WordPressie\",\"potentialAction\":[{\"@type\":\"SearchAction\",\"target\":{\"@type\":\"EntryPoint\",\"urlTemplate\":\"https:\\\/\\\/ugwp.cfolks.pl\\\/bwb\\\/?s={search_term_string}\"},\"query-input\":{\"@type\":\"PropertyValueSpecification\",\"valueRequired\":true,\"valueName\":\"search_term_string\"}}],\"inLanguage\":\"pl-PL\"}]}<\/script>\n<!-- \/ Yoast SEO plugin. -->","yoast_head_json":{"title":"DEFLEX 496 Profil Rozdzielaj\u0105cy z Kauczukow\u0105 Wk\u0142adk\u0105!","description":"DEFLEX 496 profil rozdzielaj\u0105cy posadzki, kt\u00f3ry \u0142\u0105czy w sobie r\u00f3\u017cne materia\u0142y. Aluminium, stal nierdzewna lub mosi\u0105dz . Wk\u0142adka z kauczuku kom\u00f3rkowego.","robots":{"index":"noindex","follow":"follow","max-snippet":"max-snippet:-1","max-image-preview":"max-image-preview:large","max-video-preview":"max-video-preview:-1"},"og_locale":"pl_PL","og_type":"article","og_title":"DEFLEX 496 Profil Rozdzielaj\u0105cy z Kauczukow\u0105 Wk\u0142adk\u0105!","og_description":"DEFLEX 496 profil rozdzielaj\u0105cy posadzki, kt\u00f3ry \u0142\u0105czy w sobie r\u00f3\u017cne materia\u0142y. Aluminium, stal nierdzewna lub mosi\u0105dz . Wk\u0142adka z kauczuku kom\u00f3rkowego.","og_url":"https:\/\/ugwp.cfolks.pl\/bwb\/produkt\/deflex-496\/","og_site_name":"BWB technology","article_modified_time":"2024-10-03T16:37:00+00:00","og_image":[{"width":1100,"height":810,"url":"https:\/\/ugwp.cfolks.pl\/bwb\/wp-content\/uploads\/DEFLEX-496-1.jpg","type":"image\/jpeg"}],"twitter_card":"summary_large_image","twitter_misc":{"Szacowany czas czytania":"1 minuta"},"schema":{"@context":"https:\/\/schema.org","@graph":[{"@type":"WebPage","@id":"https:\/\/ugwp.cfolks.pl\/bwb\/produkt\/deflex-496\/","url":"https:\/\/ugwp.cfolks.pl\/bwb\/produkt\/deflex-496\/","name":"DEFLEX 496 Profil Rozdzielaj\u0105cy z Kauczukow\u0105 Wk\u0142adk\u0105!","isPartOf":{"@id":"https:\/\/ugwp.cfolks.pl\/bwb\/#website"},"primaryImageOfPage":{"@id":"https:\/\/ugwp.cfolks.pl\/bwb\/produkt\/deflex-496\/#primaryimage"},"image":{"@id":"https:\/\/ugwp.cfolks.pl\/bwb\/produkt\/deflex-496\/#primaryimage"},"thumbnailUrl":"https:\/\/ugwp.cfolks.pl\/bwb\/wp-content\/uploads\/DEFLEX-496-1.jpg","datePublished":"2023-12-16T16:50:13+00:00","dateModified":"2024-10-03T16:37:00+00:00","description":"DEFLEX 496 profil rozdzielaj\u0105cy posadzki, kt\u00f3ry \u0142\u0105czy w sobie r\u00f3\u017cne materia\u0142y. Aluminium, stal nierdzewna lub mosi\u0105dz . Wk\u0142adka z kauczuku kom\u00f3rkowego.","breadcrumb":{"@id":"https:\/\/ugwp.cfolks.pl\/bwb\/produkt\/deflex-496\/#breadcrumb"},"inLanguage":"pl-PL","potentialAction":[{"@type":"ReadAction","target":["https:\/\/ugwp.cfolks.pl\/bwb\/produkt\/deflex-496\/"]}]},{"@type":"ImageObject","inLanguage":"pl-PL","@id":"https:\/\/ugwp.cfolks.pl\/bwb\/produkt\/deflex-496\/#primaryimage","url":"https:\/\/ugwp.cfolks.pl\/bwb\/wp-content\/uploads\/DEFLEX-496-1.jpg","contentUrl":"https:\/\/ugwp.cfolks.pl\/bwb\/wp-content\/uploads\/DEFLEX-496-1.jpg","width":1100,"height":810,"caption":"Profil wyko\u0144czeniowy DEFLEX 496"},{"@type":"BreadcrumbList","@id":"https:\/\/ugwp.cfolks.pl\/bwb\/produkt\/deflex-496\/#breadcrumb","itemListElement":[{"@type":"ListItem","position":1,"name":"Strona g\u0142\u00f3wna","item":"https:\/\/ugwp.cfolks.pl\/bwb\/"},{"@type":"ListItem","position":2,"name":"Profile Dylatacyjne","item":"https:\/\/ugwp.cfolks.pl\/bwb\/kategoria\/profile-dylatacyjne\/"},{"@type":"ListItem","position":3,"name":"Profile wyko\u0144czeniowe","item":"https:\/\/ugwp.cfolks.pl\/bwb\/kategoria\/profile-dylatacyjne\/profile-wykonczeniowe\/"},{"@type":"ListItem","position":4,"name":"DEFLEX 496"}]},{"@type":"WebSite","@id":"https:\/\/ugwp.cfolks.pl\/bwb\/#website","url":"https:\/\/ugwp.cfolks.pl\/bwb\/","name":"BWB technology","description":"Kolejna witryna oparta na WordPressie","potentialAction":[{"@type":"SearchAction","target":{"@type":"EntryPoint","urlTemplate":"https:\/\/ugwp.cfolks.pl\/bwb\/?s={search_term_string}"},"query-input":{"@type":"PropertyValueSpecification","valueRequired":true,"valueName":"search_term_string"}}],"inLanguage":"pl-PL"}]}},"_links":{"self":[{"href":"https:\/\/ugwp.cfolks.pl\/bwb\/wp-json\/wp\/v2\/product\/5060","targetHints":{"allow":["GET"]}}],"collection":[{"href":"https:\/\/ugwp.cfolks.pl\/bwb\/wp-json\/wp\/v2\/product"}],"about":[{"href":"https:\/\/ugwp.cfolks.pl\/bwb\/wp-json\/wp\/v2\/types\/product"}],"wp:featuredmedia":[{"embeddable":true,"href":"https:\/\/ugwp.cfolks.pl\/bwb\/wp-json\/wp\/v2\/media\/5441"}],"wp:attachment":[{"href":"https:\/\/ugwp.cfolks.pl\/bwb\/wp-json\/wp\/v2\/media?parent=5060"}],"wp:term":[{"taxonomy":"product_cat","embeddable":true,"href":"https:\/\/ugwp.cfolks.pl\/bwb\/wp-json\/wp\/v2\/product_cat?post=5060"},{"taxonomy":"product_tag","embeddable":true,"href":"https:\/\/ugwp.cfolks.pl\/bwb\/wp-json\/wp\/v2\/product_tag?post=5060"}],"curies":[{"name":"wp","href":"https:\/\/api.w.org\/{rel}","templated":true}]}}