{"id":5044,"date":"2023-12-16T15:29:50","date_gmt":"2023-12-16T14:29:50","guid":{"rendered":"https:\/\/ugwp.cfolks.pl\/bwb\/?post_type=product&#038;p=5044"},"modified":"2023-12-19T19:12:48","modified_gmt":"2023-12-19T18:12:48","slug":"deflex-680-p","status":"publish","type":"product","link":"https:\/\/ugwp.cfolks.pl\/bwb\/produkt\/deflex-680-p\/","title":{"rendered":"DEFLEX 680\/P"},"content":{"rendered":"","protected":false},"excerpt":{"rendered":"<p>Profil wykonany z twardego HPVC, przeznaczony do wszystkich rodzaj\u00f3w ok\u0142adzin. Profile do monta\u017cu wewn\u0119trznego naro\u017cnego, charakteryzuj\u0105 si\u0119 estetycznym wygl\u0105dem, dobrym zamocowaniem poprzez perforacj\u0119 listwy. Dzi\u0119ki wysokiej klasy profilom wyko\u0144czeniowym mo\u017cliwe jest zabezpieczenie kraw\u0119dzi p\u0142ytek oraz atrakcyjne zako\u0144czenie samej p\u0142ytki w miejscu, gdzie styka si\u0119 ona z innym typem nawierzchni. Jednocze\u015bnie listwy wyko\u0144czeniowe stanowi\u0105 ciekawy pomys\u0142 na oddzielenie dw\u00f3ch r\u00f3\u017cnych kolor\u00f3w, b\u0105d\u017a typ\u00f3w p\u0142ytek.<\/p>\n","protected":false},"featured_media":0,"template":"","meta":{"_acf_changed":false},"product_cat":[198],"product_tag":[],"class_list":{"0":"post-5044","1":"product","2":"type-product","3":"status-publish","5":"product_cat-profile-wykonczeniowe-do-plytek","7":"first","8":"instock","9":"shipping-taxable","10":"product-type-simple"},"acf":[],"yoast_head":"<!-- This site is optimized with the Yoast SEO plugin v27.3 - https:\/\/yoast.com\/product\/yoast-seo-wordpress\/ -->\n<title>DEFLEX 680\/P Profil Naro\u017cny do P\u0142ytek Estetyka i Funkcjonalno\u015b\u0107!<\/title>\n<meta name=\"description\" content=\"DEFLEX 680\/P profil naro\u017cny do wszystkich rodzaj\u00f3w ok\u0142adzin. Estetyczne zako\u0144czenie p\u0142ytek. Trwa\u0142a ochrona. Sprawd\u017a teraz!\" \/>\n<meta name=\"robots\" content=\"noindex, follow, max-snippet:-1, max-image-preview:large, max-video-preview:-1\" \/>\n<meta property=\"og:locale\" content=\"pl_PL\" \/>\n<meta property=\"og:type\" content=\"article\" \/>\n<meta property=\"og:title\" content=\"DEFLEX 680\/P Profil Naro\u017cny do P\u0142ytek Estetyka i Funkcjonalno\u015b\u0107!\" \/>\n<meta property=\"og:description\" content=\"DEFLEX 680\/P profil naro\u017cny do wszystkich rodzaj\u00f3w ok\u0142adzin. Estetyczne zako\u0144czenie p\u0142ytek. Trwa\u0142a ochrona. Sprawd\u017a teraz!\" \/>\n<meta property=\"og:url\" content=\"https:\/\/ugwp.cfolks.pl\/bwb\/produkt\/deflex-680-p\/\" \/>\n<meta property=\"og:site_name\" content=\"BWB technology\" \/>\n<meta property=\"article:modified_time\" content=\"2023-12-19T18:12:48+00:00\" \/>\n<meta name=\"twitter:card\" content=\"summary_large_image\" \/>\n<script type=\"application\/ld+json\" class=\"yoast-schema-graph\">{\"@context\":\"https:\\\/\\\/schema.org\",\"@graph\":[{\"@type\":\"WebPage\",\"@id\":\"https:\\\/\\\/ugwp.cfolks.pl\\\/bwb\\\/produkt\\\/deflex-680-p\\\/\",\"url\":\"https:\\\/\\\/ugwp.cfolks.pl\\\/bwb\\\/produkt\\\/deflex-680-p\\\/\",\"name\":\"DEFLEX 680\\\/P Profil Naro\u017cny do P\u0142ytek Estetyka i Funkcjonalno\u015b\u0107!\",\"isPartOf\":{\"@id\":\"https:\\\/\\\/ugwp.cfolks.pl\\\/bwb\\\/#website\"},\"datePublished\":\"2023-12-16T14:29:50+00:00\",\"dateModified\":\"2023-12-19T18:12:48+00:00\",\"description\":\"DEFLEX 680\\\/P profil naro\u017cny do wszystkich rodzaj\u00f3w ok\u0142adzin. Estetyczne zako\u0144czenie p\u0142ytek. Trwa\u0142a ochrona. Sprawd\u017a teraz!\",\"breadcrumb\":{\"@id\":\"https:\\\/\\\/ugwp.cfolks.pl\\\/bwb\\\/produkt\\\/deflex-680-p\\\/#breadcrumb\"},\"inLanguage\":\"pl-PL\",\"potentialAction\":[{\"@type\":\"ReadAction\",\"target\":[\"https:\\\/\\\/ugwp.cfolks.pl\\\/bwb\\\/produkt\\\/deflex-680-p\\\/\"]}]},{\"@type\":\"BreadcrumbList\",\"@id\":\"https:\\\/\\\/ugwp.cfolks.pl\\\/bwb\\\/produkt\\\/deflex-680-p\\\/#breadcrumb\",\"itemListElement\":[{\"@type\":\"ListItem\",\"position\":1,\"name\":\"Strona g\u0142\u00f3wna\",\"item\":\"https:\\\/\\\/ugwp.cfolks.pl\\\/bwb\\\/\"},{\"@type\":\"ListItem\",\"position\":2,\"name\":\"Profile Dylatacyjne\",\"item\":\"https:\\\/\\\/ugwp.cfolks.pl\\\/bwb\\\/kategoria\\\/profile-dylatacyjne\\\/\"},{\"@type\":\"ListItem\",\"position\":3,\"name\":\"Profile wyko\u0144czeniowe do p\u0142ytek\",\"item\":\"https:\\\/\\\/ugwp.cfolks.pl\\\/bwb\\\/kategoria\\\/profile-dylatacyjne\\\/profile-wykonczeniowe-do-plytek\\\/\"},{\"@type\":\"ListItem\",\"position\":4,\"name\":\"DEFLEX 680\\\/P\"}]},{\"@type\":\"WebSite\",\"@id\":\"https:\\\/\\\/ugwp.cfolks.pl\\\/bwb\\\/#website\",\"url\":\"https:\\\/\\\/ugwp.cfolks.pl\\\/bwb\\\/\",\"name\":\"BWB technology\",\"description\":\"Kolejna witryna oparta na WordPressie\",\"potentialAction\":[{\"@type\":\"SearchAction\",\"target\":{\"@type\":\"EntryPoint\",\"urlTemplate\":\"https:\\\/\\\/ugwp.cfolks.pl\\\/bwb\\\/?s={search_term_string}\"},\"query-input\":{\"@type\":\"PropertyValueSpecification\",\"valueRequired\":true,\"valueName\":\"search_term_string\"}}],\"inLanguage\":\"pl-PL\"}]}<\/script>\n<!-- \/ Yoast SEO plugin. -->","yoast_head_json":{"title":"DEFLEX 680\/P Profil Naro\u017cny do P\u0142ytek Estetyka i Funkcjonalno\u015b\u0107!","description":"DEFLEX 680\/P profil naro\u017cny do wszystkich rodzaj\u00f3w ok\u0142adzin. Estetyczne zako\u0144czenie p\u0142ytek. Trwa\u0142a ochrona. Sprawd\u017a teraz!","robots":{"index":"noindex","follow":"follow","max-snippet":"max-snippet:-1","max-image-preview":"max-image-preview:large","max-video-preview":"max-video-preview:-1"},"og_locale":"pl_PL","og_type":"article","og_title":"DEFLEX 680\/P Profil Naro\u017cny do P\u0142ytek Estetyka i Funkcjonalno\u015b\u0107!","og_description":"DEFLEX 680\/P profil naro\u017cny do wszystkich rodzaj\u00f3w ok\u0142adzin. Estetyczne zako\u0144czenie p\u0142ytek. Trwa\u0142a ochrona. Sprawd\u017a teraz!","og_url":"https:\/\/ugwp.cfolks.pl\/bwb\/produkt\/deflex-680-p\/","og_site_name":"BWB technology","article_modified_time":"2023-12-19T18:12:48+00:00","twitter_card":"summary_large_image","schema":{"@context":"https:\/\/schema.org","@graph":[{"@type":"WebPage","@id":"https:\/\/ugwp.cfolks.pl\/bwb\/produkt\/deflex-680-p\/","url":"https:\/\/ugwp.cfolks.pl\/bwb\/produkt\/deflex-680-p\/","name":"DEFLEX 680\/P Profil Naro\u017cny do P\u0142ytek Estetyka i Funkcjonalno\u015b\u0107!","isPartOf":{"@id":"https:\/\/ugwp.cfolks.pl\/bwb\/#website"},"datePublished":"2023-12-16T14:29:50+00:00","dateModified":"2023-12-19T18:12:48+00:00","description":"DEFLEX 680\/P profil naro\u017cny do wszystkich rodzaj\u00f3w ok\u0142adzin. Estetyczne zako\u0144czenie p\u0142ytek. Trwa\u0142a ochrona. Sprawd\u017a teraz!","breadcrumb":{"@id":"https:\/\/ugwp.cfolks.pl\/bwb\/produkt\/deflex-680-p\/#breadcrumb"},"inLanguage":"pl-PL","potentialAction":[{"@type":"ReadAction","target":["https:\/\/ugwp.cfolks.pl\/bwb\/produkt\/deflex-680-p\/"]}]},{"@type":"BreadcrumbList","@id":"https:\/\/ugwp.cfolks.pl\/bwb\/produkt\/deflex-680-p\/#breadcrumb","itemListElement":[{"@type":"ListItem","position":1,"name":"Strona g\u0142\u00f3wna","item":"https:\/\/ugwp.cfolks.pl\/bwb\/"},{"@type":"ListItem","position":2,"name":"Profile Dylatacyjne","item":"https:\/\/ugwp.cfolks.pl\/bwb\/kategoria\/profile-dylatacyjne\/"},{"@type":"ListItem","position":3,"name":"Profile wyko\u0144czeniowe do p\u0142ytek","item":"https:\/\/ugwp.cfolks.pl\/bwb\/kategoria\/profile-dylatacyjne\/profile-wykonczeniowe-do-plytek\/"},{"@type":"ListItem","position":4,"name":"DEFLEX 680\/P"}]},{"@type":"WebSite","@id":"https:\/\/ugwp.cfolks.pl\/bwb\/#website","url":"https:\/\/ugwp.cfolks.pl\/bwb\/","name":"BWB technology","description":"Kolejna witryna oparta na WordPressie","potentialAction":[{"@type":"SearchAction","target":{"@type":"EntryPoint","urlTemplate":"https:\/\/ugwp.cfolks.pl\/bwb\/?s={search_term_string}"},"query-input":{"@type":"PropertyValueSpecification","valueRequired":true,"valueName":"search_term_string"}}],"inLanguage":"pl-PL"}]}},"_links":{"self":[{"href":"https:\/\/ugwp.cfolks.pl\/bwb\/wp-json\/wp\/v2\/product\/5044","targetHints":{"allow":["GET"]}}],"collection":[{"href":"https:\/\/ugwp.cfolks.pl\/bwb\/wp-json\/wp\/v2\/product"}],"about":[{"href":"https:\/\/ugwp.cfolks.pl\/bwb\/wp-json\/wp\/v2\/types\/product"}],"wp:attachment":[{"href":"https:\/\/ugwp.cfolks.pl\/bwb\/wp-json\/wp\/v2\/media?parent=5044"}],"wp:term":[{"taxonomy":"product_cat","embeddable":true,"href":"https:\/\/ugwp.cfolks.pl\/bwb\/wp-json\/wp\/v2\/product_cat?post=5044"},{"taxonomy":"product_tag","embeddable":true,"href":"https:\/\/ugwp.cfolks.pl\/bwb\/wp-json\/wp\/v2\/product_tag?post=5044"}],"curies":[{"name":"wp","href":"https:\/\/api.w.org\/{rel}","templated":true}]}}