{"id":4697,"date":"2023-11-23T18:33:38","date_gmt":"2023-11-23T17:33:38","guid":{"rendered":"https:\/\/ugwp.cfolks.pl\/bwb\/?post_type=product&#038;p=4697"},"modified":"2024-07-12T19:14:10","modified_gmt":"2024-07-12T17:14:10","slug":"deflex-418-alr-2","status":"publish","type":"product","link":"https:\/\/ugwp.cfolks.pl\/bwb\/produkt\/deflex-418-alr-2\/","title":{"rendered":"DEFLEX 418\/ALR"},"content":{"rendered":"","protected":false},"excerpt":{"rendered":"<p>Profil pod\u0142ogowy wykonany w ca\u0142o\u015bci z aluminium, przeznaczony do monta\u017cu na niewyko\u0144czonych powierzchniach pod\u0142\u00f3g. Mo\u017ce by\u0107 stosowany do zabudowy szczelin w pod\u0142ogach z dowolnie wyko\u0144czon\u0105 powierzchni\u0105. Zalet\u0105 profilu jest mo\u017cliwo\u015b\u0107 jego monta\u017cu poza szczelin\u0105 dylatacyjn\u0105, co umo\u017cliwia stosowanie go w miejscach, gdzie dylatacje maj\u0105 krzywoliniowy przebieg. Kolejn\u0105 zalet\u0105 jest mo\u017cliwo\u015b\u0107 wymiany widocznych element\u00f3w profilu bez konieczno\u015bci demonta\u017cu go z pod\u0142ogi. Profil charakteryzuje si\u0119 wysok\u0105 zdolno\u015bci\u0105 kompensacji ruch\u00f3w budynku. Zastosowanie wk\u0142adek gumowych oraz dodatkowej wk\u0142adki uszczelniaj\u0105cej zwi\u0119ksza zabezpieczenie przed przenikaniem wody i wilgoci do szczeliny. Widoczna powierzchnia profilu wykonana z wysokiej jako\u015bci ryflowanego aluminium sprawia, i\u017c profil ten nadaje si\u0119 doskonale do pomieszcze\u0144 o wysokim standardzie wyko\u0144czenia wn\u0119trza. Profil posiada takie samo wzornictwo i tworzy jednolity system z profilem \u015bciennym DEFLEX 360. Profil spe\u0142nia wymogi odporno\u015bci ogniowej dla klasy PN-EN 13501-1 wed\u0142ug kt\u00f3rej wyroby zdolne s\u0105 przeciwstawia\u0107 si\u0119 \u2013 w kr\u00f3tkim czasie \u2013 oddzia\u0142ywaniu ma\u0142ego p\u0142omienia bez znacznego rozprzestrzeniania p\u0142omienia.<br \/>\nProfil wyst\u0119puje w wersji p\u0142askiej i naro\u017cnej.<br \/>\nNale\u017cy przestrzega\u0107 zalece\u0144 i uwag dotycz\u0105cych monta\u017cu.<\/p>\n","protected":false},"featured_media":5350,"template":"","meta":{"_acf_changed":false},"product_cat":[166],"product_tag":[],"class_list":{"0":"post-4697","1":"product","2":"type-product","3":"status-publish","4":"has-post-thumbnail","6":"product_cat-profile-podlogowe-pelnego-metalu","8":"first","9":"instock","10":"shipping-taxable","11":"product-type-simple"},"acf":[],"yoast_head":"<!-- This site is optimized with the Yoast SEO plugin v27.3 - https:\/\/yoast.com\/product\/yoast-seo-wordpress\/ -->\n<title>DEFLEX 418\/ALR Profil Pod\u0142ogowy do Bezpiecznych Wn\u0119trz!<\/title>\n<meta name=\"description\" content=\"DEFLEX 418\/ALR profil bezpieczny, odporny na ogie\u0144, z elastycznym wzornictwem. Mo\u017cliwo\u015b\u0107 wymiany element\u00f3w bez demonta\u017cu. Idealny do nowoczesnych wn\u0119trz.\" \/>\n<meta name=\"robots\" content=\"noindex, follow, max-snippet:-1, max-image-preview:large, max-video-preview:-1\" \/>\n<meta property=\"og:locale\" content=\"pl_PL\" \/>\n<meta property=\"og:type\" content=\"article\" \/>\n<meta property=\"og:title\" content=\"DEFLEX 418\/ALR Profil Pod\u0142ogowy do Bezpiecznych Wn\u0119trz!\" \/>\n<meta property=\"og:description\" content=\"DEFLEX 418\/ALR profil bezpieczny, odporny na ogie\u0144, z elastycznym wzornictwem. Mo\u017cliwo\u015b\u0107 wymiany element\u00f3w bez demonta\u017cu. Idealny do nowoczesnych wn\u0119trz.\" \/>\n<meta property=\"og:url\" content=\"https:\/\/ugwp.cfolks.pl\/bwb\/produkt\/deflex-418-alr-2\/\" \/>\n<meta property=\"og:site_name\" content=\"BWB technology\" \/>\n<meta property=\"article:modified_time\" content=\"2024-07-12T17:14:10+00:00\" \/>\n<meta property=\"og:image\" content=\"https:\/\/ugwp.cfolks.pl\/bwb\/wp-content\/uploads\/DEFLEX-418ALR.jpg\" \/>\n\t<meta property=\"og:image:width\" content=\"1100\" \/>\n\t<meta property=\"og:image:height\" content=\"810\" \/>\n\t<meta property=\"og:image:type\" content=\"image\/jpeg\" \/>\n<meta name=\"twitter:card\" content=\"summary_large_image\" \/>\n<meta name=\"twitter:label1\" content=\"Szacowany czas czytania\" \/>\n\t<meta name=\"twitter:data1\" content=\"1 minuta\" \/>\n<script type=\"application\/ld+json\" class=\"yoast-schema-graph\">{\"@context\":\"https:\\\/\\\/schema.org\",\"@graph\":[{\"@type\":\"WebPage\",\"@id\":\"https:\\\/\\\/ugwp.cfolks.pl\\\/bwb\\\/produkt\\\/deflex-418-alr-2\\\/\",\"url\":\"https:\\\/\\\/ugwp.cfolks.pl\\\/bwb\\\/produkt\\\/deflex-418-alr-2\\\/\",\"name\":\"DEFLEX 418\\\/ALR Profil Pod\u0142ogowy do Bezpiecznych Wn\u0119trz!\",\"isPartOf\":{\"@id\":\"https:\\\/\\\/ugwp.cfolks.pl\\\/bwb\\\/#website\"},\"primaryImageOfPage\":{\"@id\":\"https:\\\/\\\/ugwp.cfolks.pl\\\/bwb\\\/produkt\\\/deflex-418-alr-2\\\/#primaryimage\"},\"image\":{\"@id\":\"https:\\\/\\\/ugwp.cfolks.pl\\\/bwb\\\/produkt\\\/deflex-418-alr-2\\\/#primaryimage\"},\"thumbnailUrl\":\"https:\\\/\\\/ugwp.cfolks.pl\\\/bwb\\\/wp-content\\\/uploads\\\/DEFLEX-418ALR.jpg\",\"datePublished\":\"2023-11-23T17:33:38+00:00\",\"dateModified\":\"2024-07-12T17:14:10+00:00\",\"description\":\"DEFLEX 418\\\/ALR profil bezpieczny, odporny na ogie\u0144, z elastycznym wzornictwem. Mo\u017cliwo\u015b\u0107 wymiany element\u00f3w bez demonta\u017cu. Idealny do nowoczesnych wn\u0119trz.\",\"breadcrumb\":{\"@id\":\"https:\\\/\\\/ugwp.cfolks.pl\\\/bwb\\\/produkt\\\/deflex-418-alr-2\\\/#breadcrumb\"},\"inLanguage\":\"pl-PL\",\"potentialAction\":[{\"@type\":\"ReadAction\",\"target\":[\"https:\\\/\\\/ugwp.cfolks.pl\\\/bwb\\\/produkt\\\/deflex-418-alr-2\\\/\"]}]},{\"@type\":\"ImageObject\",\"inLanguage\":\"pl-PL\",\"@id\":\"https:\\\/\\\/ugwp.cfolks.pl\\\/bwb\\\/produkt\\\/deflex-418-alr-2\\\/#primaryimage\",\"url\":\"https:\\\/\\\/ugwp.cfolks.pl\\\/bwb\\\/wp-content\\\/uploads\\\/DEFLEX-418ALR.jpg\",\"contentUrl\":\"https:\\\/\\\/ugwp.cfolks.pl\\\/bwb\\\/wp-content\\\/uploads\\\/DEFLEX-418ALR.jpg\",\"width\":1100,\"height\":810,\"caption\":\"Profil dylatacyjny DEFLEX 418\\\/ALR\"},{\"@type\":\"BreadcrumbList\",\"@id\":\"https:\\\/\\\/ugwp.cfolks.pl\\\/bwb\\\/produkt\\\/deflex-418-alr-2\\\/#breadcrumb\",\"itemListElement\":[{\"@type\":\"ListItem\",\"position\":1,\"name\":\"Strona g\u0142\u00f3wna\",\"item\":\"https:\\\/\\\/ugwp.cfolks.pl\\\/bwb\\\/\"},{\"@type\":\"ListItem\",\"position\":2,\"name\":\"Profile Dylatacyjne\",\"item\":\"https:\\\/\\\/ugwp.cfolks.pl\\\/bwb\\\/kategoria\\\/profile-dylatacyjne\\\/\"},{\"@type\":\"ListItem\",\"position\":3,\"name\":\"Profile pod\u0142ogowe pe\u0142nego metalu\",\"item\":\"https:\\\/\\\/ugwp.cfolks.pl\\\/bwb\\\/kategoria\\\/profile-dylatacyjne\\\/profile-podlogowe-pelnego-metalu\\\/\"},{\"@type\":\"ListItem\",\"position\":4,\"name\":\"DEFLEX 418\\\/ALR\"}]},{\"@type\":\"WebSite\",\"@id\":\"https:\\\/\\\/ugwp.cfolks.pl\\\/bwb\\\/#website\",\"url\":\"https:\\\/\\\/ugwp.cfolks.pl\\\/bwb\\\/\",\"name\":\"BWB technology\",\"description\":\"Kolejna witryna oparta na WordPressie\",\"potentialAction\":[{\"@type\":\"SearchAction\",\"target\":{\"@type\":\"EntryPoint\",\"urlTemplate\":\"https:\\\/\\\/ugwp.cfolks.pl\\\/bwb\\\/?s={search_term_string}\"},\"query-input\":{\"@type\":\"PropertyValueSpecification\",\"valueRequired\":true,\"valueName\":\"search_term_string\"}}],\"inLanguage\":\"pl-PL\"}]}<\/script>\n<!-- \/ Yoast SEO plugin. -->","yoast_head_json":{"title":"DEFLEX 418\/ALR Profil Pod\u0142ogowy do Bezpiecznych Wn\u0119trz!","description":"DEFLEX 418\/ALR profil bezpieczny, odporny na ogie\u0144, z elastycznym wzornictwem. Mo\u017cliwo\u015b\u0107 wymiany element\u00f3w bez demonta\u017cu. Idealny do nowoczesnych wn\u0119trz.","robots":{"index":"noindex","follow":"follow","max-snippet":"max-snippet:-1","max-image-preview":"max-image-preview:large","max-video-preview":"max-video-preview:-1"},"og_locale":"pl_PL","og_type":"article","og_title":"DEFLEX 418\/ALR Profil Pod\u0142ogowy do Bezpiecznych Wn\u0119trz!","og_description":"DEFLEX 418\/ALR profil bezpieczny, odporny na ogie\u0144, z elastycznym wzornictwem. Mo\u017cliwo\u015b\u0107 wymiany element\u00f3w bez demonta\u017cu. Idealny do nowoczesnych wn\u0119trz.","og_url":"https:\/\/ugwp.cfolks.pl\/bwb\/produkt\/deflex-418-alr-2\/","og_site_name":"BWB technology","article_modified_time":"2024-07-12T17:14:10+00:00","og_image":[{"width":1100,"height":810,"url":"https:\/\/ugwp.cfolks.pl\/bwb\/wp-content\/uploads\/DEFLEX-418ALR.jpg","type":"image\/jpeg"}],"twitter_card":"summary_large_image","twitter_misc":{"Szacowany czas czytania":"1 minuta"},"schema":{"@context":"https:\/\/schema.org","@graph":[{"@type":"WebPage","@id":"https:\/\/ugwp.cfolks.pl\/bwb\/produkt\/deflex-418-alr-2\/","url":"https:\/\/ugwp.cfolks.pl\/bwb\/produkt\/deflex-418-alr-2\/","name":"DEFLEX 418\/ALR Profil Pod\u0142ogowy do Bezpiecznych Wn\u0119trz!","isPartOf":{"@id":"https:\/\/ugwp.cfolks.pl\/bwb\/#website"},"primaryImageOfPage":{"@id":"https:\/\/ugwp.cfolks.pl\/bwb\/produkt\/deflex-418-alr-2\/#primaryimage"},"image":{"@id":"https:\/\/ugwp.cfolks.pl\/bwb\/produkt\/deflex-418-alr-2\/#primaryimage"},"thumbnailUrl":"https:\/\/ugwp.cfolks.pl\/bwb\/wp-content\/uploads\/DEFLEX-418ALR.jpg","datePublished":"2023-11-23T17:33:38+00:00","dateModified":"2024-07-12T17:14:10+00:00","description":"DEFLEX 418\/ALR profil bezpieczny, odporny na ogie\u0144, z elastycznym wzornictwem. Mo\u017cliwo\u015b\u0107 wymiany element\u00f3w bez demonta\u017cu. Idealny do nowoczesnych wn\u0119trz.","breadcrumb":{"@id":"https:\/\/ugwp.cfolks.pl\/bwb\/produkt\/deflex-418-alr-2\/#breadcrumb"},"inLanguage":"pl-PL","potentialAction":[{"@type":"ReadAction","target":["https:\/\/ugwp.cfolks.pl\/bwb\/produkt\/deflex-418-alr-2\/"]}]},{"@type":"ImageObject","inLanguage":"pl-PL","@id":"https:\/\/ugwp.cfolks.pl\/bwb\/produkt\/deflex-418-alr-2\/#primaryimage","url":"https:\/\/ugwp.cfolks.pl\/bwb\/wp-content\/uploads\/DEFLEX-418ALR.jpg","contentUrl":"https:\/\/ugwp.cfolks.pl\/bwb\/wp-content\/uploads\/DEFLEX-418ALR.jpg","width":1100,"height":810,"caption":"Profil dylatacyjny DEFLEX 418\/ALR"},{"@type":"BreadcrumbList","@id":"https:\/\/ugwp.cfolks.pl\/bwb\/produkt\/deflex-418-alr-2\/#breadcrumb","itemListElement":[{"@type":"ListItem","position":1,"name":"Strona g\u0142\u00f3wna","item":"https:\/\/ugwp.cfolks.pl\/bwb\/"},{"@type":"ListItem","position":2,"name":"Profile Dylatacyjne","item":"https:\/\/ugwp.cfolks.pl\/bwb\/kategoria\/profile-dylatacyjne\/"},{"@type":"ListItem","position":3,"name":"Profile pod\u0142ogowe pe\u0142nego metalu","item":"https:\/\/ugwp.cfolks.pl\/bwb\/kategoria\/profile-dylatacyjne\/profile-podlogowe-pelnego-metalu\/"},{"@type":"ListItem","position":4,"name":"DEFLEX 418\/ALR"}]},{"@type":"WebSite","@id":"https:\/\/ugwp.cfolks.pl\/bwb\/#website","url":"https:\/\/ugwp.cfolks.pl\/bwb\/","name":"BWB technology","description":"Kolejna witryna oparta na WordPressie","potentialAction":[{"@type":"SearchAction","target":{"@type":"EntryPoint","urlTemplate":"https:\/\/ugwp.cfolks.pl\/bwb\/?s={search_term_string}"},"query-input":{"@type":"PropertyValueSpecification","valueRequired":true,"valueName":"search_term_string"}}],"inLanguage":"pl-PL"}]}},"_links":{"self":[{"href":"https:\/\/ugwp.cfolks.pl\/bwb\/wp-json\/wp\/v2\/product\/4697","targetHints":{"allow":["GET"]}}],"collection":[{"href":"https:\/\/ugwp.cfolks.pl\/bwb\/wp-json\/wp\/v2\/product"}],"about":[{"href":"https:\/\/ugwp.cfolks.pl\/bwb\/wp-json\/wp\/v2\/types\/product"}],"wp:featuredmedia":[{"embeddable":true,"href":"https:\/\/ugwp.cfolks.pl\/bwb\/wp-json\/wp\/v2\/media\/5350"}],"wp:attachment":[{"href":"https:\/\/ugwp.cfolks.pl\/bwb\/wp-json\/wp\/v2\/media?parent=4697"}],"wp:term":[{"taxonomy":"product_cat","embeddable":true,"href":"https:\/\/ugwp.cfolks.pl\/bwb\/wp-json\/wp\/v2\/product_cat?post=4697"},{"taxonomy":"product_tag","embeddable":true,"href":"https:\/\/ugwp.cfolks.pl\/bwb\/wp-json\/wp\/v2\/product_tag?post=4697"}],"curies":[{"name":"wp","href":"https:\/\/api.w.org\/{rel}","templated":true}]}}