{"id":4524,"date":"2023-10-11T13:02:23","date_gmt":"2023-10-11T11:02:23","guid":{"rendered":"https:\/\/ugwp.cfolks.pl\/bwb\/?post_type=product&#038;p=4524"},"modified":"2026-02-04T14:23:07","modified_gmt":"2026-02-04T13:23:07","slug":"deflex-51","status":"publish","type":"product","link":"https:\/\/ugwp.cfolks.pl\/bwb\/produkt\/deflex-51\/","title":{"rendered":"DEFLEX 51"},"content":{"rendered":"","protected":false},"excerpt":{"rendered":"<p>Profil dachowy wykonany jest z tworzywa sztucznego Nitriflex\u00ae . Charakteryzuje si\u0119 wysok\u0105 elastyczno\u015bci\u0105, odporno\u015bci\u0105 na dzia\u0142anie gor\u0105cych materia\u0142\u00f3w bitumicznych oraz chemikali\u00f3w. Jego zalet\u0105 jest wysoka kompensacja ruch\u00f3w szczeliny dylatacyjnej. Profil znajduje zastosowanie m. in. w gara\u017cach podziemnych, dachach p\u0142askich, balkonach, tarasach. \u0141\u0105czenie profilu nast\u0119puje poprzez zgrzewanie. Materia\u0142 posiada bardzo dobr\u0105 przewodno\u015b\u0107 ciepln\u0105, wobec czego do \u0142\u0105czenia element\u00f3w profilu nie powinno si\u0119 stosowa\u0107 zgrzewarek o mocy powy\u017cej 300W. Kszta\u0142tki monta\u017cowe wykonywane s\u0105 fabrycznie lub w warunkach budowy. Mo\u017cliwe jest wykonanie skomplikowanych po\u0142\u0105cze\u0144 umo\u017cliwiaj\u0105cych pe\u0142ne zabezpieczenie przebiegu szczelin dylatacyjnych na obiekcie. Profil z tworzywa sztucznego \u0142\u0105czona jest w jeden odcinek poprzez wulkanizowanie, dostarczana w 60 m odcinkach w celu zmniejszenia liczby po\u0142\u0105cze\u0144. Materia\u0142 z kt\u00f3rego wykonany jest profil umo\u017cliwia \u0142\u0105czenie go z elementami wykonanymi z PCW (polichlorek winylu) oraz NBR (kauczuk butadienowo-akrylonitrylowy). G\u00f3rn\u0105 cz\u0119\u015b\u0107 profilu (dot. 51-015, 51-025, 51-080) stanowi element stabilizuj\u0105cy, u\u0142atwiaj\u0105cy monta\u017c, kt\u00f3ry w wyniku pracy konstrukcji zostaje zerwany. Profil mo\u017ce by\u0107 wklejany lub mocowany mechanicznie.<br \/>\nProfil wyst\u0119puje w wersji p\u0142askiej i naro\u017cnej.<br \/>\nNale\u017cy przestrzega\u0107 zalece\u0144 i uwag dotycz\u0105cych monta\u017cu.<\/p>\n","protected":false},"featured_media":5327,"template":"","meta":{"_acf_changed":false},"product_cat":[169],"product_tag":[],"class_list":{"0":"post-4524","1":"product","2":"type-product","3":"status-publish","4":"has-post-thumbnail","6":"product_cat-profile-dachowe","8":"first","9":"instock","10":"shipping-taxable","11":"product-type-simple"},"acf":[],"yoast_head":"<!-- This site is optimized with the Yoast SEO plugin v27.3 - https:\/\/yoast.com\/product\/yoast-seo-wordpress\/ -->\n<title>DEFLEX 51 Odkryj Elastyczny Profil Dachowy!<\/title>\n<meta name=\"description\" content=\"DEFLEX 51 zapewnia elastyczno\u015b\u0107, odporno\u015b\u0107 na gor\u0105ce materia\u0142y bitumiczne. Idealny do zastosowa\u0144 w gara\u017cach, na dachach p\u0142askich i tarasach.\" \/>\n<meta name=\"robots\" content=\"noindex, follow, max-snippet:-1, max-image-preview:large, max-video-preview:-1\" \/>\n<meta property=\"og:locale\" content=\"pl_PL\" \/>\n<meta property=\"og:type\" content=\"article\" \/>\n<meta property=\"og:title\" content=\"DEFLEX 51 Odkryj Elastyczny Profil Dachowy!\" \/>\n<meta property=\"og:description\" content=\"DEFLEX 51 zapewnia elastyczno\u015b\u0107, odporno\u015b\u0107 na gor\u0105ce materia\u0142y bitumiczne. Idealny do zastosowa\u0144 w gara\u017cach, na dachach p\u0142askich i tarasach.\" \/>\n<meta property=\"og:url\" content=\"https:\/\/ugwp.cfolks.pl\/bwb\/produkt\/deflex-51\/\" \/>\n<meta property=\"og:site_name\" content=\"BWB technology\" \/>\n<meta property=\"article:modified_time\" content=\"2026-02-04T13:23:07+00:00\" \/>\n<meta property=\"og:image\" content=\"https:\/\/ugwp.cfolks.pl\/bwb\/wp-content\/uploads\/DEFLEX-51.jpg\" \/>\n\t<meta property=\"og:image:width\" content=\"1100\" \/>\n\t<meta property=\"og:image:height\" content=\"810\" \/>\n\t<meta property=\"og:image:type\" content=\"image\/jpeg\" \/>\n<meta name=\"twitter:card\" content=\"summary_large_image\" \/>\n<meta name=\"twitter:label1\" content=\"Szacowany czas czytania\" \/>\n\t<meta name=\"twitter:data1\" content=\"1 minuta\" \/>\n<script type=\"application\/ld+json\" class=\"yoast-schema-graph\">{\"@context\":\"https:\\\/\\\/schema.org\",\"@graph\":[{\"@type\":\"WebPage\",\"@id\":\"https:\\\/\\\/ugwp.cfolks.pl\\\/bwb\\\/produkt\\\/deflex-51\\\/\",\"url\":\"https:\\\/\\\/ugwp.cfolks.pl\\\/bwb\\\/produkt\\\/deflex-51\\\/\",\"name\":\"DEFLEX 51 Odkryj Elastyczny Profil Dachowy!\",\"isPartOf\":{\"@id\":\"https:\\\/\\\/ugwp.cfolks.pl\\\/bwb\\\/#website\"},\"primaryImageOfPage\":{\"@id\":\"https:\\\/\\\/ugwp.cfolks.pl\\\/bwb\\\/produkt\\\/deflex-51\\\/#primaryimage\"},\"image\":{\"@id\":\"https:\\\/\\\/ugwp.cfolks.pl\\\/bwb\\\/produkt\\\/deflex-51\\\/#primaryimage\"},\"thumbnailUrl\":\"https:\\\/\\\/ugwp.cfolks.pl\\\/bwb\\\/wp-content\\\/uploads\\\/DEFLEX-51.jpg\",\"datePublished\":\"2023-10-11T11:02:23+00:00\",\"dateModified\":\"2026-02-04T13:23:07+00:00\",\"description\":\"DEFLEX 51 zapewnia elastyczno\u015b\u0107, odporno\u015b\u0107 na gor\u0105ce materia\u0142y bitumiczne. Idealny do zastosowa\u0144 w gara\u017cach, na dachach p\u0142askich i tarasach.\",\"breadcrumb\":{\"@id\":\"https:\\\/\\\/ugwp.cfolks.pl\\\/bwb\\\/produkt\\\/deflex-51\\\/#breadcrumb\"},\"inLanguage\":\"pl-PL\",\"potentialAction\":[{\"@type\":\"ReadAction\",\"target\":[\"https:\\\/\\\/ugwp.cfolks.pl\\\/bwb\\\/produkt\\\/deflex-51\\\/\"]}]},{\"@type\":\"ImageObject\",\"inLanguage\":\"pl-PL\",\"@id\":\"https:\\\/\\\/ugwp.cfolks.pl\\\/bwb\\\/produkt\\\/deflex-51\\\/#primaryimage\",\"url\":\"https:\\\/\\\/ugwp.cfolks.pl\\\/bwb\\\/wp-content\\\/uploads\\\/DEFLEX-51.jpg\",\"contentUrl\":\"https:\\\/\\\/ugwp.cfolks.pl\\\/bwb\\\/wp-content\\\/uploads\\\/DEFLEX-51.jpg\",\"width\":1100,\"height\":810,\"caption\":\"Profil dachowy DEFLEX 51\"},{\"@type\":\"BreadcrumbList\",\"@id\":\"https:\\\/\\\/ugwp.cfolks.pl\\\/bwb\\\/produkt\\\/deflex-51\\\/#breadcrumb\",\"itemListElement\":[{\"@type\":\"ListItem\",\"position\":1,\"name\":\"Strona g\u0142\u00f3wna\",\"item\":\"https:\\\/\\\/ugwp.cfolks.pl\\\/bwb\\\/\"},{\"@type\":\"ListItem\",\"position\":2,\"name\":\"Profile Dylatacyjne\",\"item\":\"https:\\\/\\\/ugwp.cfolks.pl\\\/bwb\\\/kategoria\\\/profile-dylatacyjne\\\/\"},{\"@type\":\"ListItem\",\"position\":3,\"name\":\"Profile dachowe\",\"item\":\"https:\\\/\\\/ugwp.cfolks.pl\\\/bwb\\\/kategoria\\\/profile-dylatacyjne\\\/profile-dachowe\\\/\"},{\"@type\":\"ListItem\",\"position\":4,\"name\":\"DEFLEX 51\"}]},{\"@type\":\"WebSite\",\"@id\":\"https:\\\/\\\/ugwp.cfolks.pl\\\/bwb\\\/#website\",\"url\":\"https:\\\/\\\/ugwp.cfolks.pl\\\/bwb\\\/\",\"name\":\"BWB technology\",\"description\":\"Kolejna witryna oparta na WordPressie\",\"potentialAction\":[{\"@type\":\"SearchAction\",\"target\":{\"@type\":\"EntryPoint\",\"urlTemplate\":\"https:\\\/\\\/ugwp.cfolks.pl\\\/bwb\\\/?s={search_term_string}\"},\"query-input\":{\"@type\":\"PropertyValueSpecification\",\"valueRequired\":true,\"valueName\":\"search_term_string\"}}],\"inLanguage\":\"pl-PL\"}]}<\/script>\n<!-- \/ Yoast SEO plugin. -->","yoast_head_json":{"title":"DEFLEX 51 Odkryj Elastyczny Profil Dachowy!","description":"DEFLEX 51 zapewnia elastyczno\u015b\u0107, odporno\u015b\u0107 na gor\u0105ce materia\u0142y bitumiczne. Idealny do zastosowa\u0144 w gara\u017cach, na dachach p\u0142askich i tarasach.","robots":{"index":"noindex","follow":"follow","max-snippet":"max-snippet:-1","max-image-preview":"max-image-preview:large","max-video-preview":"max-video-preview:-1"},"og_locale":"pl_PL","og_type":"article","og_title":"DEFLEX 51 Odkryj Elastyczny Profil Dachowy!","og_description":"DEFLEX 51 zapewnia elastyczno\u015b\u0107, odporno\u015b\u0107 na gor\u0105ce materia\u0142y bitumiczne. Idealny do zastosowa\u0144 w gara\u017cach, na dachach p\u0142askich i tarasach.","og_url":"https:\/\/ugwp.cfolks.pl\/bwb\/produkt\/deflex-51\/","og_site_name":"BWB technology","article_modified_time":"2026-02-04T13:23:07+00:00","og_image":[{"width":1100,"height":810,"url":"https:\/\/ugwp.cfolks.pl\/bwb\/wp-content\/uploads\/DEFLEX-51.jpg","type":"image\/jpeg"}],"twitter_card":"summary_large_image","twitter_misc":{"Szacowany czas czytania":"1 minuta"},"schema":{"@context":"https:\/\/schema.org","@graph":[{"@type":"WebPage","@id":"https:\/\/ugwp.cfolks.pl\/bwb\/produkt\/deflex-51\/","url":"https:\/\/ugwp.cfolks.pl\/bwb\/produkt\/deflex-51\/","name":"DEFLEX 51 Odkryj Elastyczny Profil Dachowy!","isPartOf":{"@id":"https:\/\/ugwp.cfolks.pl\/bwb\/#website"},"primaryImageOfPage":{"@id":"https:\/\/ugwp.cfolks.pl\/bwb\/produkt\/deflex-51\/#primaryimage"},"image":{"@id":"https:\/\/ugwp.cfolks.pl\/bwb\/produkt\/deflex-51\/#primaryimage"},"thumbnailUrl":"https:\/\/ugwp.cfolks.pl\/bwb\/wp-content\/uploads\/DEFLEX-51.jpg","datePublished":"2023-10-11T11:02:23+00:00","dateModified":"2026-02-04T13:23:07+00:00","description":"DEFLEX 51 zapewnia elastyczno\u015b\u0107, odporno\u015b\u0107 na gor\u0105ce materia\u0142y bitumiczne. Idealny do zastosowa\u0144 w gara\u017cach, na dachach p\u0142askich i tarasach.","breadcrumb":{"@id":"https:\/\/ugwp.cfolks.pl\/bwb\/produkt\/deflex-51\/#breadcrumb"},"inLanguage":"pl-PL","potentialAction":[{"@type":"ReadAction","target":["https:\/\/ugwp.cfolks.pl\/bwb\/produkt\/deflex-51\/"]}]},{"@type":"ImageObject","inLanguage":"pl-PL","@id":"https:\/\/ugwp.cfolks.pl\/bwb\/produkt\/deflex-51\/#primaryimage","url":"https:\/\/ugwp.cfolks.pl\/bwb\/wp-content\/uploads\/DEFLEX-51.jpg","contentUrl":"https:\/\/ugwp.cfolks.pl\/bwb\/wp-content\/uploads\/DEFLEX-51.jpg","width":1100,"height":810,"caption":"Profil dachowy DEFLEX 51"},{"@type":"BreadcrumbList","@id":"https:\/\/ugwp.cfolks.pl\/bwb\/produkt\/deflex-51\/#breadcrumb","itemListElement":[{"@type":"ListItem","position":1,"name":"Strona g\u0142\u00f3wna","item":"https:\/\/ugwp.cfolks.pl\/bwb\/"},{"@type":"ListItem","position":2,"name":"Profile Dylatacyjne","item":"https:\/\/ugwp.cfolks.pl\/bwb\/kategoria\/profile-dylatacyjne\/"},{"@type":"ListItem","position":3,"name":"Profile dachowe","item":"https:\/\/ugwp.cfolks.pl\/bwb\/kategoria\/profile-dylatacyjne\/profile-dachowe\/"},{"@type":"ListItem","position":4,"name":"DEFLEX 51"}]},{"@type":"WebSite","@id":"https:\/\/ugwp.cfolks.pl\/bwb\/#website","url":"https:\/\/ugwp.cfolks.pl\/bwb\/","name":"BWB technology","description":"Kolejna witryna oparta na WordPressie","potentialAction":[{"@type":"SearchAction","target":{"@type":"EntryPoint","urlTemplate":"https:\/\/ugwp.cfolks.pl\/bwb\/?s={search_term_string}"},"query-input":{"@type":"PropertyValueSpecification","valueRequired":true,"valueName":"search_term_string"}}],"inLanguage":"pl-PL"}]}},"_links":{"self":[{"href":"https:\/\/ugwp.cfolks.pl\/bwb\/wp-json\/wp\/v2\/product\/4524","targetHints":{"allow":["GET"]}}],"collection":[{"href":"https:\/\/ugwp.cfolks.pl\/bwb\/wp-json\/wp\/v2\/product"}],"about":[{"href":"https:\/\/ugwp.cfolks.pl\/bwb\/wp-json\/wp\/v2\/types\/product"}],"wp:featuredmedia":[{"embeddable":true,"href":"https:\/\/ugwp.cfolks.pl\/bwb\/wp-json\/wp\/v2\/media\/5327"}],"wp:attachment":[{"href":"https:\/\/ugwp.cfolks.pl\/bwb\/wp-json\/wp\/v2\/media?parent=4524"}],"wp:term":[{"taxonomy":"product_cat","embeddable":true,"href":"https:\/\/ugwp.cfolks.pl\/bwb\/wp-json\/wp\/v2\/product_cat?post=4524"},{"taxonomy":"product_tag","embeddable":true,"href":"https:\/\/ugwp.cfolks.pl\/bwb\/wp-json\/wp\/v2\/product_tag?post=4524"}],"curies":[{"name":"wp","href":"https:\/\/api.w.org\/{rel}","templated":true}]}}