{"id":4521,"date":"2023-10-11T13:00:50","date_gmt":"2023-10-11T11:00:50","guid":{"rendered":"https:\/\/ugwp.cfolks.pl\/bwb\/?post_type=product&#038;p=4521"},"modified":"2024-09-12T14:12:08","modified_gmt":"2024-09-12T12:12:08","slug":"deflex-501-a","status":"publish","type":"product","link":"https:\/\/ugwp.cfolks.pl\/bwb\/produkt\/deflex-501-a\/","title":{"rendered":"DEFLEX 501\/a"},"content":{"rendered":"","protected":false},"excerpt":{"rendered":"<p>Profil wodoszczelny sk\u0142ada si\u0119 kszta\u0142townik\u00f3w no\u015bnych wykonanych z aluminium, wk\u0142adki z tworzywa sztucznego Nitriflex\u00ae oraz p\u0142askownik\u00f3w mocuj\u0105cych wk\u0142adk\u0119 wykonanych ze stali nierdzewnej. Przeznaczony jest do monta\u017cu na niewyko\u0144czonych powierzchniach. Charakteryzuje si\u0119 estetycznym wygl\u0105dem oraz pe\u0142n\u0105 szczelno\u015bci\u0105. Profil znajduje zastosowanie na parkingach, parkingach wielopoziomowych, gara\u017cach podziemnych, k\u0142adkach dla pieszych, rampach, p\u0142ywalniach, pomieszczeniach mokrych, gdzie wymagana jest wodoszczelno\u015b\u0107. Wk\u0142adka z tworzywa sztucznego \u0142\u0105czona jest w jeden odcinek poprzez zgrzewanie, dostarczana w 20 m odcinkach w celu zmniejszenia liczby zgrzew\u00f3w. W razie konieczno\u015bci wk\u0142adk\u0119 uszczelniaj\u0105c\u0105 mo\u017cna wymieni\u0107 w trakcie eksploatacji obiektu nie uszkadzaj\u0105c przy tym przyleg\u0142ych powierzchni posadzki lub nawierzchni. Profil jest odporny na sole drogowe, agresywne media (np. benzyn\u0119) i inne czynniki zewn\u0119trzne.<br \/>\nProfil wyst\u0119puje w wersji p\u0142askiej i naro\u017cnej.<br \/>\nNale\u017cy przestrzega\u0107 zalece\u0144 i uwag dotycz\u0105cych monta\u017cu.<\/p>\n","protected":false},"featured_media":5369,"template":"","meta":{"_acf_changed":false},"product_cat":[168],"product_tag":[],"class_list":{"0":"post-4521","1":"product","2":"type-product","3":"status-publish","4":"has-post-thumbnail","6":"product_cat-profile-wodoszczelne","8":"first","9":"instock","10":"shipping-taxable","11":"product-type-simple"},"acf":[],"yoast_head":"<!-- This site is optimized with the Yoast SEO plugin v27.3 - https:\/\/yoast.com\/product\/yoast-seo-wordpress\/ -->\n<title>DEFLEX 501\/a Wodoszczelny z Aluminium i Tworzywa Nitriflex\u00ae<\/title>\n<meta name=\"description\" content=\"DEFLEX 501\/a profil w wersji p\u0142askiej i naro\u017cne. Jest estetyczny i odporny na media zewn\u0119trzne. Idealny do parking\u00f3w i pomieszcze\u0144 mokrych. Sprawd\u017a ofert\u0119!\" \/>\n<meta name=\"robots\" content=\"noindex, follow, max-snippet:-1, max-image-preview:large, max-video-preview:-1\" \/>\n<meta property=\"og:locale\" content=\"pl_PL\" \/>\n<meta property=\"og:type\" content=\"article\" \/>\n<meta property=\"og:title\" content=\"DEFLEX 501\/a Wodoszczelny z Aluminium i Tworzywa Nitriflex\u00ae\" \/>\n<meta property=\"og:description\" content=\"DEFLEX 501\/a profil w wersji p\u0142askiej i naro\u017cne. Jest estetyczny i odporny na media zewn\u0119trzne. Idealny do parking\u00f3w i pomieszcze\u0144 mokrych. Sprawd\u017a ofert\u0119!\" \/>\n<meta property=\"og:url\" content=\"https:\/\/ugwp.cfolks.pl\/bwb\/produkt\/deflex-501-a\/\" \/>\n<meta property=\"og:site_name\" content=\"BWB technology\" \/>\n<meta property=\"article:modified_time\" content=\"2024-09-12T12:12:08+00:00\" \/>\n<meta property=\"og:image\" content=\"https:\/\/ugwp.cfolks.pl\/bwb\/wp-content\/uploads\/DEFLEX-501a.jpg\" \/>\n\t<meta property=\"og:image:width\" content=\"1100\" \/>\n\t<meta property=\"og:image:height\" content=\"810\" \/>\n\t<meta property=\"og:image:type\" content=\"image\/jpeg\" \/>\n<meta name=\"twitter:card\" content=\"summary_large_image\" \/>\n<meta name=\"twitter:label1\" content=\"Szacowany czas czytania\" \/>\n\t<meta name=\"twitter:data1\" content=\"1 minuta\" \/>\n<script type=\"application\/ld+json\" class=\"yoast-schema-graph\">{\"@context\":\"https:\\\/\\\/schema.org\",\"@graph\":[{\"@type\":\"WebPage\",\"@id\":\"https:\\\/\\\/ugwp.cfolks.pl\\\/bwb\\\/produkt\\\/deflex-501-a\\\/\",\"url\":\"https:\\\/\\\/ugwp.cfolks.pl\\\/bwb\\\/produkt\\\/deflex-501-a\\\/\",\"name\":\"DEFLEX 501\\\/a Wodoszczelny z Aluminium i Tworzywa Nitriflex\u00ae\",\"isPartOf\":{\"@id\":\"https:\\\/\\\/ugwp.cfolks.pl\\\/bwb\\\/#website\"},\"primaryImageOfPage\":{\"@id\":\"https:\\\/\\\/ugwp.cfolks.pl\\\/bwb\\\/produkt\\\/deflex-501-a\\\/#primaryimage\"},\"image\":{\"@id\":\"https:\\\/\\\/ugwp.cfolks.pl\\\/bwb\\\/produkt\\\/deflex-501-a\\\/#primaryimage\"},\"thumbnailUrl\":\"https:\\\/\\\/ugwp.cfolks.pl\\\/bwb\\\/wp-content\\\/uploads\\\/DEFLEX-501a.jpg\",\"datePublished\":\"2023-10-11T11:00:50+00:00\",\"dateModified\":\"2024-09-12T12:12:08+00:00\",\"description\":\"DEFLEX 501\\\/a profil w wersji p\u0142askiej i naro\u017cne. Jest estetyczny i odporny na media zewn\u0119trzne. Idealny do parking\u00f3w i pomieszcze\u0144 mokrych. Sprawd\u017a ofert\u0119!\",\"breadcrumb\":{\"@id\":\"https:\\\/\\\/ugwp.cfolks.pl\\\/bwb\\\/produkt\\\/deflex-501-a\\\/#breadcrumb\"},\"inLanguage\":\"pl-PL\",\"potentialAction\":[{\"@type\":\"ReadAction\",\"target\":[\"https:\\\/\\\/ugwp.cfolks.pl\\\/bwb\\\/produkt\\\/deflex-501-a\\\/\"]}]},{\"@type\":\"ImageObject\",\"inLanguage\":\"pl-PL\",\"@id\":\"https:\\\/\\\/ugwp.cfolks.pl\\\/bwb\\\/produkt\\\/deflex-501-a\\\/#primaryimage\",\"url\":\"https:\\\/\\\/ugwp.cfolks.pl\\\/bwb\\\/wp-content\\\/uploads\\\/DEFLEX-501a.jpg\",\"contentUrl\":\"https:\\\/\\\/ugwp.cfolks.pl\\\/bwb\\\/wp-content\\\/uploads\\\/DEFLEX-501a.jpg\",\"width\":1100,\"height\":810,\"caption\":\"Profil dylatacyjny DEFLEX 501\\\/a\"},{\"@type\":\"BreadcrumbList\",\"@id\":\"https:\\\/\\\/ugwp.cfolks.pl\\\/bwb\\\/produkt\\\/deflex-501-a\\\/#breadcrumb\",\"itemListElement\":[{\"@type\":\"ListItem\",\"position\":1,\"name\":\"Strona g\u0142\u00f3wna\",\"item\":\"https:\\\/\\\/ugwp.cfolks.pl\\\/bwb\\\/\"},{\"@type\":\"ListItem\",\"position\":2,\"name\":\"Profile Dylatacyjne\",\"item\":\"https:\\\/\\\/ugwp.cfolks.pl\\\/bwb\\\/kategoria\\\/profile-dylatacyjne\\\/\"},{\"@type\":\"ListItem\",\"position\":3,\"name\":\"Profile wodoszczelne\",\"item\":\"https:\\\/\\\/ugwp.cfolks.pl\\\/bwb\\\/kategoria\\\/profile-dylatacyjne\\\/profile-wodoszczelne\\\/\"},{\"@type\":\"ListItem\",\"position\":4,\"name\":\"DEFLEX 501\\\/a\"}]},{\"@type\":\"WebSite\",\"@id\":\"https:\\\/\\\/ugwp.cfolks.pl\\\/bwb\\\/#website\",\"url\":\"https:\\\/\\\/ugwp.cfolks.pl\\\/bwb\\\/\",\"name\":\"BWB technology\",\"description\":\"Kolejna witryna oparta na WordPressie\",\"potentialAction\":[{\"@type\":\"SearchAction\",\"target\":{\"@type\":\"EntryPoint\",\"urlTemplate\":\"https:\\\/\\\/ugwp.cfolks.pl\\\/bwb\\\/?s={search_term_string}\"},\"query-input\":{\"@type\":\"PropertyValueSpecification\",\"valueRequired\":true,\"valueName\":\"search_term_string\"}}],\"inLanguage\":\"pl-PL\"}]}<\/script>\n<!-- \/ Yoast SEO plugin. -->","yoast_head_json":{"title":"DEFLEX 501\/a Wodoszczelny z Aluminium i Tworzywa Nitriflex\u00ae","description":"DEFLEX 501\/a profil w wersji p\u0142askiej i naro\u017cne. Jest estetyczny i odporny na media zewn\u0119trzne. Idealny do parking\u00f3w i pomieszcze\u0144 mokrych. Sprawd\u017a ofert\u0119!","robots":{"index":"noindex","follow":"follow","max-snippet":"max-snippet:-1","max-image-preview":"max-image-preview:large","max-video-preview":"max-video-preview:-1"},"og_locale":"pl_PL","og_type":"article","og_title":"DEFLEX 501\/a Wodoszczelny z Aluminium i Tworzywa Nitriflex\u00ae","og_description":"DEFLEX 501\/a profil w wersji p\u0142askiej i naro\u017cne. Jest estetyczny i odporny na media zewn\u0119trzne. Idealny do parking\u00f3w i pomieszcze\u0144 mokrych. Sprawd\u017a ofert\u0119!","og_url":"https:\/\/ugwp.cfolks.pl\/bwb\/produkt\/deflex-501-a\/","og_site_name":"BWB technology","article_modified_time":"2024-09-12T12:12:08+00:00","og_image":[{"width":1100,"height":810,"url":"https:\/\/ugwp.cfolks.pl\/bwb\/wp-content\/uploads\/DEFLEX-501a.jpg","type":"image\/jpeg"}],"twitter_card":"summary_large_image","twitter_misc":{"Szacowany czas czytania":"1 minuta"},"schema":{"@context":"https:\/\/schema.org","@graph":[{"@type":"WebPage","@id":"https:\/\/ugwp.cfolks.pl\/bwb\/produkt\/deflex-501-a\/","url":"https:\/\/ugwp.cfolks.pl\/bwb\/produkt\/deflex-501-a\/","name":"DEFLEX 501\/a Wodoszczelny z Aluminium i Tworzywa Nitriflex\u00ae","isPartOf":{"@id":"https:\/\/ugwp.cfolks.pl\/bwb\/#website"},"primaryImageOfPage":{"@id":"https:\/\/ugwp.cfolks.pl\/bwb\/produkt\/deflex-501-a\/#primaryimage"},"image":{"@id":"https:\/\/ugwp.cfolks.pl\/bwb\/produkt\/deflex-501-a\/#primaryimage"},"thumbnailUrl":"https:\/\/ugwp.cfolks.pl\/bwb\/wp-content\/uploads\/DEFLEX-501a.jpg","datePublished":"2023-10-11T11:00:50+00:00","dateModified":"2024-09-12T12:12:08+00:00","description":"DEFLEX 501\/a profil w wersji p\u0142askiej i naro\u017cne. Jest estetyczny i odporny na media zewn\u0119trzne. Idealny do parking\u00f3w i pomieszcze\u0144 mokrych. Sprawd\u017a ofert\u0119!","breadcrumb":{"@id":"https:\/\/ugwp.cfolks.pl\/bwb\/produkt\/deflex-501-a\/#breadcrumb"},"inLanguage":"pl-PL","potentialAction":[{"@type":"ReadAction","target":["https:\/\/ugwp.cfolks.pl\/bwb\/produkt\/deflex-501-a\/"]}]},{"@type":"ImageObject","inLanguage":"pl-PL","@id":"https:\/\/ugwp.cfolks.pl\/bwb\/produkt\/deflex-501-a\/#primaryimage","url":"https:\/\/ugwp.cfolks.pl\/bwb\/wp-content\/uploads\/DEFLEX-501a.jpg","contentUrl":"https:\/\/ugwp.cfolks.pl\/bwb\/wp-content\/uploads\/DEFLEX-501a.jpg","width":1100,"height":810,"caption":"Profil dylatacyjny DEFLEX 501\/a"},{"@type":"BreadcrumbList","@id":"https:\/\/ugwp.cfolks.pl\/bwb\/produkt\/deflex-501-a\/#breadcrumb","itemListElement":[{"@type":"ListItem","position":1,"name":"Strona g\u0142\u00f3wna","item":"https:\/\/ugwp.cfolks.pl\/bwb\/"},{"@type":"ListItem","position":2,"name":"Profile Dylatacyjne","item":"https:\/\/ugwp.cfolks.pl\/bwb\/kategoria\/profile-dylatacyjne\/"},{"@type":"ListItem","position":3,"name":"Profile wodoszczelne","item":"https:\/\/ugwp.cfolks.pl\/bwb\/kategoria\/profile-dylatacyjne\/profile-wodoszczelne\/"},{"@type":"ListItem","position":4,"name":"DEFLEX 501\/a"}]},{"@type":"WebSite","@id":"https:\/\/ugwp.cfolks.pl\/bwb\/#website","url":"https:\/\/ugwp.cfolks.pl\/bwb\/","name":"BWB technology","description":"Kolejna witryna oparta na WordPressie","potentialAction":[{"@type":"SearchAction","target":{"@type":"EntryPoint","urlTemplate":"https:\/\/ugwp.cfolks.pl\/bwb\/?s={search_term_string}"},"query-input":{"@type":"PropertyValueSpecification","valueRequired":true,"valueName":"search_term_string"}}],"inLanguage":"pl-PL"}]}},"_links":{"self":[{"href":"https:\/\/ugwp.cfolks.pl\/bwb\/wp-json\/wp\/v2\/product\/4521","targetHints":{"allow":["GET"]}}],"collection":[{"href":"https:\/\/ugwp.cfolks.pl\/bwb\/wp-json\/wp\/v2\/product"}],"about":[{"href":"https:\/\/ugwp.cfolks.pl\/bwb\/wp-json\/wp\/v2\/types\/product"}],"wp:featuredmedia":[{"embeddable":true,"href":"https:\/\/ugwp.cfolks.pl\/bwb\/wp-json\/wp\/v2\/media\/5369"}],"wp:attachment":[{"href":"https:\/\/ugwp.cfolks.pl\/bwb\/wp-json\/wp\/v2\/media?parent=4521"}],"wp:term":[{"taxonomy":"product_cat","embeddable":true,"href":"https:\/\/ugwp.cfolks.pl\/bwb\/wp-json\/wp\/v2\/product_cat?post=4521"},{"taxonomy":"product_tag","embeddable":true,"href":"https:\/\/ugwp.cfolks.pl\/bwb\/wp-json\/wp\/v2\/product_tag?post=4521"}],"curies":[{"name":"wp","href":"https:\/\/api.w.org\/{rel}","templated":true}]}}