{"id":4520,"date":"2023-10-11T13:00:23","date_gmt":"2023-10-11T11:00:23","guid":{"rendered":"https:\/\/ugwp.cfolks.pl\/bwb\/?post_type=product&#038;p=4520"},"modified":"2024-09-12T14:51:33","modified_gmt":"2024-09-12T12:51:33","slug":"deflex-500-ek","status":"publish","type":"product","link":"https:\/\/ugwp.cfolks.pl\/bwb\/produkt\/deflex-500-ek\/","title":{"rendered":"DEFLEX 500\/EK"},"content":{"rendered":"","protected":false},"excerpt":{"rendered":"<p>Profil wodoszczelny sk\u0142ada si\u0119 kszta\u0142townik\u00f3w aluminiowych do kt\u00f3rych przymocowany jest pr\u0119t \u0142\u0105cznikowy, wk\u0142adki z tworzywa sztucznego Nitriflex\u00ae oraz nak\u0142adek ochronnych ze stali nierdzewnej. Przeznaczony jest do monta\u017cu na niewyko\u0144czonych powierzchniach posadzek lub nawierzchni. Charakteryzuje si\u0119 estetycznym wygl\u0105dem oraz pe\u0142n\u0105 szczelno\u015bci\u0105. Profil znajduje zastosowanie na parkingach, parkingach wielopoziomowych, gara\u017cach podziemnych, k\u0142adkach dla pieszych, rampach, p\u0142ywalniach, pomieszczeniach mokrych, gdzie wymagana jest wodoszczelno\u015b\u0107. Dzi\u0119ki zastosowaniu \u201ew\u0105s\u00f3w\u201d(pr\u0119t\u00f3w \u0142\u0105cznikowych) mocowanych do kszta\u0142townik\u00f3w aluminiowych monta\u017c profilu odbywa si\u0119 wraz ze zbrojeniem konstrukcji, betonowany wraz z konstrukcj\u0105. Dzi\u0119ki takiemu rozwi\u0105zaniu profil jest ca\u0142kowicie zespolony z konstrukcj\u0105, z kt\u00f3r\u0105 pracuje zachowuj\u0105c zarazem pe\u0142n\u0105 wodoszczelno\u015b\u0107. Szczeg\u00f3lnie polecany do posadzek przemys\u0142owych w przypadkach gdy nie przewiduje si\u0119 dodatkowych warstw wyko\u0144czeniowych stropu. Wk\u0142adka z tworzywa sztucznego \u0142\u0105czona jest w jeden odcinek poprzez zgrzewanie, dostarczana w 50 m odcinkach w celu zmniejszenia liczby zgrzew\u00f3w. W razie konieczno\u015bci wk\u0142adk\u0119 uszczelniaj\u0105c\u0105 mo\u017cna wymieni\u0107 w trakcie eksploatacji obiektu nie uszkadzaj\u0105c przy tym przyleg\u0142ych powierzchni posadzki lub nawierzchni. Istnieje r\u00f3wnie\u017c mo\u017cliwo\u015b\u0107 wymiany nak\u0142adek ochronnych ze stali nierdzewnej oraz zastosowanie pe\u0142nej nak\u0142adki. Profil jest odporny na sole drogowe, agresywne media (np. benzyn\u0119) i inne czynniki zewn\u0119trzne. Mo\u017cliwe jest wykonanie skomplikowanych wodoszczelnych kszta\u0142tek monta\u017cowych. Profil charakteryzuje si\u0119 optymalnymi proporcjami poszczeg\u00f3lnych element\u00f3w takich jak du\u017ca no\u015bno\u015b\u0107 i mo\u017cliwo\u015b\u0107 przejmowania du\u017cych przemieszcze\u0144 (kompensacja ruch\u00f3w szczeliny dylatacyjnej) w stosunku do widocznej po zamontowaniu szeroko\u015bci profilu z zachowaniem pe\u0142nej wodoszczelno\u015bci. Nak\u0142adki ze stali nierdzewnej mog\u0105 zosta\u0107 dodatkowo wykonane jako antypo\u015blizgowe.<br \/>\nNale\u017cy przestrzega\u0107 zalece\u0144 i uwag dotycz\u0105cych monta\u017cu.<\/p>\n","protected":false},"featured_media":6606,"template":"","meta":{"_acf_changed":false},"product_cat":[168],"product_tag":[],"class_list":{"0":"post-4520","1":"product","2":"type-product","3":"status-publish","4":"has-post-thumbnail","6":"product_cat-profile-wodoszczelne","8":"first","9":"instock","10":"shipping-taxable","11":"product-type-simple"},"acf":[],"yoast_head":"<!-- This site is optimized with the Yoast SEO plugin v27.3 - https:\/\/yoast.com\/product\/yoast-seo-wordpress\/ -->\n<title>DEFLEX 500\/EK Profil Wodoszczelny z Pr\u0119tem \u0141\u0105cznikowym!<\/title>\n<meta name=\"description\" content=\"DEFLEX 500\/EK profil aluminiowy z nak\u0142adkami ze stali nierdzewnej. Idealny do posadzek przemys\u0142owych. Wk\u0142adka z Tworzywa Nitriflex\u00ae. Zobacz wi\u0119cej!\" \/>\n<meta name=\"robots\" content=\"noindex, follow, max-snippet:-1, max-image-preview:large, max-video-preview:-1\" \/>\n<meta property=\"og:locale\" content=\"pl_PL\" \/>\n<meta property=\"og:type\" content=\"article\" \/>\n<meta property=\"og:title\" content=\"DEFLEX 500\/EK Profil Wodoszczelny z Pr\u0119tem \u0141\u0105cznikowym!\" \/>\n<meta property=\"og:description\" content=\"DEFLEX 500\/EK profil aluminiowy z nak\u0142adkami ze stali nierdzewnej. Idealny do posadzek przemys\u0142owych. Wk\u0142adka z Tworzywa Nitriflex\u00ae. Zobacz wi\u0119cej!\" \/>\n<meta property=\"og:url\" content=\"https:\/\/ugwp.cfolks.pl\/bwb\/produkt\/deflex-500-ek\/\" \/>\n<meta property=\"og:site_name\" content=\"BWB technology\" \/>\n<meta property=\"article:modified_time\" content=\"2024-09-12T12:51:33+00:00\" \/>\n<meta property=\"og:image\" content=\"https:\/\/ugwp.cfolks.pl\/bwb\/wp-content\/uploads\/DEFLEX-500EK.jpg\" \/>\n\t<meta property=\"og:image:width\" content=\"1100\" \/>\n\t<meta property=\"og:image:height\" content=\"810\" \/>\n\t<meta property=\"og:image:type\" content=\"image\/jpeg\" \/>\n<meta name=\"twitter:card\" content=\"summary_large_image\" \/>\n<meta name=\"twitter:label1\" content=\"Szacowany czas czytania\" \/>\n\t<meta name=\"twitter:data1\" content=\"1 minuta\" \/>\n<script type=\"application\/ld+json\" class=\"yoast-schema-graph\">{\"@context\":\"https:\\\/\\\/schema.org\",\"@graph\":[{\"@type\":\"WebPage\",\"@id\":\"https:\\\/\\\/ugwp.cfolks.pl\\\/bwb\\\/produkt\\\/deflex-500-ek\\\/\",\"url\":\"https:\\\/\\\/ugwp.cfolks.pl\\\/bwb\\\/produkt\\\/deflex-500-ek\\\/\",\"name\":\"DEFLEX 500\\\/EK Profil Wodoszczelny z Pr\u0119tem \u0141\u0105cznikowym!\",\"isPartOf\":{\"@id\":\"https:\\\/\\\/ugwp.cfolks.pl\\\/bwb\\\/#website\"},\"primaryImageOfPage\":{\"@id\":\"https:\\\/\\\/ugwp.cfolks.pl\\\/bwb\\\/produkt\\\/deflex-500-ek\\\/#primaryimage\"},\"image\":{\"@id\":\"https:\\\/\\\/ugwp.cfolks.pl\\\/bwb\\\/produkt\\\/deflex-500-ek\\\/#primaryimage\"},\"thumbnailUrl\":\"https:\\\/\\\/ugwp.cfolks.pl\\\/bwb\\\/wp-content\\\/uploads\\\/DEFLEX-500EK.jpg\",\"datePublished\":\"2023-10-11T11:00:23+00:00\",\"dateModified\":\"2024-09-12T12:51:33+00:00\",\"description\":\"DEFLEX 500\\\/EK profil aluminiowy z nak\u0142adkami ze stali nierdzewnej. Idealny do posadzek przemys\u0142owych. Wk\u0142adka z Tworzywa Nitriflex\u00ae. Zobacz wi\u0119cej!\",\"breadcrumb\":{\"@id\":\"https:\\\/\\\/ugwp.cfolks.pl\\\/bwb\\\/produkt\\\/deflex-500-ek\\\/#breadcrumb\"},\"inLanguage\":\"pl-PL\",\"potentialAction\":[{\"@type\":\"ReadAction\",\"target\":[\"https:\\\/\\\/ugwp.cfolks.pl\\\/bwb\\\/produkt\\\/deflex-500-ek\\\/\"]}]},{\"@type\":\"ImageObject\",\"inLanguage\":\"pl-PL\",\"@id\":\"https:\\\/\\\/ugwp.cfolks.pl\\\/bwb\\\/produkt\\\/deflex-500-ek\\\/#primaryimage\",\"url\":\"https:\\\/\\\/ugwp.cfolks.pl\\\/bwb\\\/wp-content\\\/uploads\\\/DEFLEX-500EK.jpg\",\"contentUrl\":\"https:\\\/\\\/ugwp.cfolks.pl\\\/bwb\\\/wp-content\\\/uploads\\\/DEFLEX-500EK.jpg\",\"width\":1100,\"height\":810,\"caption\":\"Profil dylatacyjny DEFLEX DEFLEX 500\\\/EK\"},{\"@type\":\"BreadcrumbList\",\"@id\":\"https:\\\/\\\/ugwp.cfolks.pl\\\/bwb\\\/produkt\\\/deflex-500-ek\\\/#breadcrumb\",\"itemListElement\":[{\"@type\":\"ListItem\",\"position\":1,\"name\":\"Strona g\u0142\u00f3wna\",\"item\":\"https:\\\/\\\/ugwp.cfolks.pl\\\/bwb\\\/\"},{\"@type\":\"ListItem\",\"position\":2,\"name\":\"Profile Dylatacyjne\",\"item\":\"https:\\\/\\\/ugwp.cfolks.pl\\\/bwb\\\/kategoria\\\/profile-dylatacyjne\\\/\"},{\"@type\":\"ListItem\",\"position\":3,\"name\":\"Profile wodoszczelne\",\"item\":\"https:\\\/\\\/ugwp.cfolks.pl\\\/bwb\\\/kategoria\\\/profile-dylatacyjne\\\/profile-wodoszczelne\\\/\"},{\"@type\":\"ListItem\",\"position\":4,\"name\":\"DEFLEX 500\\\/EK\"}]},{\"@type\":\"WebSite\",\"@id\":\"https:\\\/\\\/ugwp.cfolks.pl\\\/bwb\\\/#website\",\"url\":\"https:\\\/\\\/ugwp.cfolks.pl\\\/bwb\\\/\",\"name\":\"BWB technology\",\"description\":\"Kolejna witryna oparta na WordPressie\",\"potentialAction\":[{\"@type\":\"SearchAction\",\"target\":{\"@type\":\"EntryPoint\",\"urlTemplate\":\"https:\\\/\\\/ugwp.cfolks.pl\\\/bwb\\\/?s={search_term_string}\"},\"query-input\":{\"@type\":\"PropertyValueSpecification\",\"valueRequired\":true,\"valueName\":\"search_term_string\"}}],\"inLanguage\":\"pl-PL\"}]}<\/script>\n<!-- \/ Yoast SEO plugin. -->","yoast_head_json":{"title":"DEFLEX 500\/EK Profil Wodoszczelny z Pr\u0119tem \u0141\u0105cznikowym!","description":"DEFLEX 500\/EK profil aluminiowy z nak\u0142adkami ze stali nierdzewnej. Idealny do posadzek przemys\u0142owych. Wk\u0142adka z Tworzywa Nitriflex\u00ae. Zobacz wi\u0119cej!","robots":{"index":"noindex","follow":"follow","max-snippet":"max-snippet:-1","max-image-preview":"max-image-preview:large","max-video-preview":"max-video-preview:-1"},"og_locale":"pl_PL","og_type":"article","og_title":"DEFLEX 500\/EK Profil Wodoszczelny z Pr\u0119tem \u0141\u0105cznikowym!","og_description":"DEFLEX 500\/EK profil aluminiowy z nak\u0142adkami ze stali nierdzewnej. Idealny do posadzek przemys\u0142owych. Wk\u0142adka z Tworzywa Nitriflex\u00ae. Zobacz wi\u0119cej!","og_url":"https:\/\/ugwp.cfolks.pl\/bwb\/produkt\/deflex-500-ek\/","og_site_name":"BWB technology","article_modified_time":"2024-09-12T12:51:33+00:00","og_image":[{"width":1100,"height":810,"url":"https:\/\/ugwp.cfolks.pl\/bwb\/wp-content\/uploads\/DEFLEX-500EK.jpg","type":"image\/jpeg"}],"twitter_card":"summary_large_image","twitter_misc":{"Szacowany czas czytania":"1 minuta"},"schema":{"@context":"https:\/\/schema.org","@graph":[{"@type":"WebPage","@id":"https:\/\/ugwp.cfolks.pl\/bwb\/produkt\/deflex-500-ek\/","url":"https:\/\/ugwp.cfolks.pl\/bwb\/produkt\/deflex-500-ek\/","name":"DEFLEX 500\/EK Profil Wodoszczelny z Pr\u0119tem \u0141\u0105cznikowym!","isPartOf":{"@id":"https:\/\/ugwp.cfolks.pl\/bwb\/#website"},"primaryImageOfPage":{"@id":"https:\/\/ugwp.cfolks.pl\/bwb\/produkt\/deflex-500-ek\/#primaryimage"},"image":{"@id":"https:\/\/ugwp.cfolks.pl\/bwb\/produkt\/deflex-500-ek\/#primaryimage"},"thumbnailUrl":"https:\/\/ugwp.cfolks.pl\/bwb\/wp-content\/uploads\/DEFLEX-500EK.jpg","datePublished":"2023-10-11T11:00:23+00:00","dateModified":"2024-09-12T12:51:33+00:00","description":"DEFLEX 500\/EK profil aluminiowy z nak\u0142adkami ze stali nierdzewnej. Idealny do posadzek przemys\u0142owych. Wk\u0142adka z Tworzywa Nitriflex\u00ae. Zobacz wi\u0119cej!","breadcrumb":{"@id":"https:\/\/ugwp.cfolks.pl\/bwb\/produkt\/deflex-500-ek\/#breadcrumb"},"inLanguage":"pl-PL","potentialAction":[{"@type":"ReadAction","target":["https:\/\/ugwp.cfolks.pl\/bwb\/produkt\/deflex-500-ek\/"]}]},{"@type":"ImageObject","inLanguage":"pl-PL","@id":"https:\/\/ugwp.cfolks.pl\/bwb\/produkt\/deflex-500-ek\/#primaryimage","url":"https:\/\/ugwp.cfolks.pl\/bwb\/wp-content\/uploads\/DEFLEX-500EK.jpg","contentUrl":"https:\/\/ugwp.cfolks.pl\/bwb\/wp-content\/uploads\/DEFLEX-500EK.jpg","width":1100,"height":810,"caption":"Profil dylatacyjny DEFLEX DEFLEX 500\/EK"},{"@type":"BreadcrumbList","@id":"https:\/\/ugwp.cfolks.pl\/bwb\/produkt\/deflex-500-ek\/#breadcrumb","itemListElement":[{"@type":"ListItem","position":1,"name":"Strona g\u0142\u00f3wna","item":"https:\/\/ugwp.cfolks.pl\/bwb\/"},{"@type":"ListItem","position":2,"name":"Profile Dylatacyjne","item":"https:\/\/ugwp.cfolks.pl\/bwb\/kategoria\/profile-dylatacyjne\/"},{"@type":"ListItem","position":3,"name":"Profile wodoszczelne","item":"https:\/\/ugwp.cfolks.pl\/bwb\/kategoria\/profile-dylatacyjne\/profile-wodoszczelne\/"},{"@type":"ListItem","position":4,"name":"DEFLEX 500\/EK"}]},{"@type":"WebSite","@id":"https:\/\/ugwp.cfolks.pl\/bwb\/#website","url":"https:\/\/ugwp.cfolks.pl\/bwb\/","name":"BWB technology","description":"Kolejna witryna oparta na WordPressie","potentialAction":[{"@type":"SearchAction","target":{"@type":"EntryPoint","urlTemplate":"https:\/\/ugwp.cfolks.pl\/bwb\/?s={search_term_string}"},"query-input":{"@type":"PropertyValueSpecification","valueRequired":true,"valueName":"search_term_string"}}],"inLanguage":"pl-PL"}]}},"_links":{"self":[{"href":"https:\/\/ugwp.cfolks.pl\/bwb\/wp-json\/wp\/v2\/product\/4520","targetHints":{"allow":["GET"]}}],"collection":[{"href":"https:\/\/ugwp.cfolks.pl\/bwb\/wp-json\/wp\/v2\/product"}],"about":[{"href":"https:\/\/ugwp.cfolks.pl\/bwb\/wp-json\/wp\/v2\/types\/product"}],"wp:featuredmedia":[{"embeddable":true,"href":"https:\/\/ugwp.cfolks.pl\/bwb\/wp-json\/wp\/v2\/media\/6606"}],"wp:attachment":[{"href":"https:\/\/ugwp.cfolks.pl\/bwb\/wp-json\/wp\/v2\/media?parent=4520"}],"wp:term":[{"taxonomy":"product_cat","embeddable":true,"href":"https:\/\/ugwp.cfolks.pl\/bwb\/wp-json\/wp\/v2\/product_cat?post=4520"},{"taxonomy":"product_tag","embeddable":true,"href":"https:\/\/ugwp.cfolks.pl\/bwb\/wp-json\/wp\/v2\/product_tag?post=4520"}],"curies":[{"name":"wp","href":"https:\/\/api.w.org\/{rel}","templated":true}]}}