{"id":4519,"date":"2023-10-11T12:59:58","date_gmt":"2023-10-11T10:59:58","guid":{"rendered":"https:\/\/ugwp.cfolks.pl\/bwb\/?post_type=product&#038;p=4519"},"modified":"2024-09-12T14:11:25","modified_gmt":"2024-09-12T12:11:25","slug":"deflex-500-e","status":"publish","type":"product","link":"https:\/\/ugwp.cfolks.pl\/bwb\/produkt\/deflex-500-e\/","title":{"rendered":"DEFLEX 500\/E"},"content":{"rendered":"","protected":false},"excerpt":{"rendered":"<p>Profil wodoszczelny sk\u0142ada si\u0119 z kszta\u0142townik\u00f3w aluminiowych wspartych na k\u0105townikach stalowych, wk\u0142adki z tworzywa sztucznego Nitriflex\u00ae oraz nak\u0142adek ochronnych ze stali nierdzewnej. Przeznaczony jest do monta\u017cu na niewyko\u0144czonych powierzchniach posadzek lub nawierzchni. Charakteryzuje si\u0119 estetycznym wygl\u0105dem oraz pe\u0142n\u0105 szczelno\u015bci\u0105. Wysoko\u015b\u0107 k\u0105townik\u00f3w do kt\u00f3rych przymocowany jest profil zale\u017cna jest od wysoko\u015bci warstw konstrukcyjnych posadzki. Profil znajduje zastosowanie na parkingach, parkingach wielopoziomowych, gara\u017cach podziemnych, k\u0142adkach dla pieszych, rampach, p\u0142ywalniach, pomieszczeniach mokrych, gdzie wymagana jest wodoszczelno\u015b\u0107. Dzi\u0119ki zastosowaniu k\u0105townik\u00f3w o r\u00f3\u017cnych wysoko\u015bciach istnieje mo\u017cliwo\u015b\u0107 u\u017cycia profilu przy wykonywaniu nawierzchni np. z kostki betonowej lub asfaltu. Wk\u0142adka z tworzywa sztucznego \u0142\u0105czona jest w jeden odcinek poprzez zgrzewanie, dostarczana w 50 m odcinkach w celu zmniejszenia liczby zgrzew\u00f3w. W razie konieczno\u015bci wk\u0142adk\u0119 uszczelniaj\u0105c\u0105 mo\u017cna wymieni\u0107 w trakcie eksploatacji obiektu nie uszkadzaj\u0105c przy tym przyleg\u0142ych powierzchni posadzki lub nawierzchni . Istnieje r\u00f3wnie\u017c mo\u017cliwo\u015b\u0107 wymiany nak\u0142adek ochronnych ze stali nierdzewnej oraz zastosowanie pe\u0142nej nak\u0142adki. Profil jest odporny na sole drogowe, agresywne media (np. benzyn\u0119) i inne czynniki zewn\u0119trzne. Mo\u017cliwe jest wykonanie skomplikowanych kszta\u0142tek monta\u017cowych umo\u017cliwiaj\u0105cych pe\u0142ne zabezpieczenie przebiegu szczelin dylatacyjnych na obiekcie. Profil charakteryzuje si\u0119 optymalnym po\u0142\u0105czeniem takich parametr\u00f3w jak du\u017ca no\u015bno\u015b\u0107, mo\u017cliwo\u015b\u0107 kompensacji du\u017cych przemieszcze\u0144 oraz pe\u0142na wodoszczelno\u015b\u0107 przy niedu\u017cej widocznej szeroko\u015bci profilu.<br \/>\nNale\u017cy przestrzega\u0107 zalece\u0144 i uwag dotycz\u0105cych monta\u017cu.<\/p>\n","protected":false},"featured_media":6604,"template":"","meta":{"_acf_changed":false},"product_cat":[168],"product_tag":[],"class_list":{"0":"post-4519","1":"product","2":"type-product","3":"status-publish","4":"has-post-thumbnail","6":"product_cat-profile-wodoszczelne","8":"first","9":"instock","10":"shipping-taxable","11":"product-type-simple"},"acf":[],"yoast_head":"<!-- This site is optimized with the Yoast SEO plugin v27.3 - https:\/\/yoast.com\/product\/yoast-seo-wordpress\/ -->\n<title>DEFLEX 500\/E Wodoszczelny z Nitriflex\u00ae i Stalowymi K\u0105townikami<\/title>\n<meta name=\"description\" content=\"DEFLEX 500\/E profil wodoszczelny. Odporno\u015b\u0107 na sole i pe\u0142na szczelno\u015b\u0107. Doskona\u0142y do parking\u00f3w i pomieszcze\u0144 mokrych. Sprawd\u017a nasz\u0105 ofert\u0119!\" \/>\n<meta name=\"robots\" content=\"noindex, follow, max-snippet:-1, max-image-preview:large, max-video-preview:-1\" \/>\n<meta property=\"og:locale\" content=\"pl_PL\" \/>\n<meta property=\"og:type\" content=\"article\" \/>\n<meta property=\"og:title\" content=\"DEFLEX 500\/E Wodoszczelny z Nitriflex\u00ae i Stalowymi K\u0105townikami\" \/>\n<meta property=\"og:description\" content=\"DEFLEX 500\/E profil wodoszczelny. Odporno\u015b\u0107 na sole i pe\u0142na szczelno\u015b\u0107. Doskona\u0142y do parking\u00f3w i pomieszcze\u0144 mokrych. Sprawd\u017a nasz\u0105 ofert\u0119!\" \/>\n<meta property=\"og:url\" content=\"https:\/\/ugwp.cfolks.pl\/bwb\/produkt\/deflex-500-e\/\" \/>\n<meta property=\"og:site_name\" content=\"BWB technology\" \/>\n<meta property=\"article:modified_time\" content=\"2024-09-12T12:11:25+00:00\" \/>\n<meta property=\"og:image\" content=\"https:\/\/ugwp.cfolks.pl\/bwb\/wp-content\/uploads\/DEFLEX-500E.jpg\" \/>\n\t<meta property=\"og:image:width\" content=\"1100\" \/>\n\t<meta property=\"og:image:height\" content=\"810\" \/>\n\t<meta property=\"og:image:type\" content=\"image\/jpeg\" \/>\n<meta name=\"twitter:card\" content=\"summary_large_image\" \/>\n<meta name=\"twitter:label1\" content=\"Szacowany czas czytania\" \/>\n\t<meta name=\"twitter:data1\" content=\"1 minuta\" \/>\n<script type=\"application\/ld+json\" class=\"yoast-schema-graph\">{\"@context\":\"https:\\\/\\\/schema.org\",\"@graph\":[{\"@type\":\"WebPage\",\"@id\":\"https:\\\/\\\/ugwp.cfolks.pl\\\/bwb\\\/produkt\\\/deflex-500-e\\\/\",\"url\":\"https:\\\/\\\/ugwp.cfolks.pl\\\/bwb\\\/produkt\\\/deflex-500-e\\\/\",\"name\":\"DEFLEX 500\\\/E Wodoszczelny z Nitriflex\u00ae i Stalowymi K\u0105townikami\",\"isPartOf\":{\"@id\":\"https:\\\/\\\/ugwp.cfolks.pl\\\/bwb\\\/#website\"},\"primaryImageOfPage\":{\"@id\":\"https:\\\/\\\/ugwp.cfolks.pl\\\/bwb\\\/produkt\\\/deflex-500-e\\\/#primaryimage\"},\"image\":{\"@id\":\"https:\\\/\\\/ugwp.cfolks.pl\\\/bwb\\\/produkt\\\/deflex-500-e\\\/#primaryimage\"},\"thumbnailUrl\":\"https:\\\/\\\/ugwp.cfolks.pl\\\/bwb\\\/wp-content\\\/uploads\\\/DEFLEX-500E.jpg\",\"datePublished\":\"2023-10-11T10:59:58+00:00\",\"dateModified\":\"2024-09-12T12:11:25+00:00\",\"description\":\"DEFLEX 500\\\/E profil wodoszczelny. Odporno\u015b\u0107 na sole i pe\u0142na szczelno\u015b\u0107. Doskona\u0142y do parking\u00f3w i pomieszcze\u0144 mokrych. Sprawd\u017a nasz\u0105 ofert\u0119!\",\"breadcrumb\":{\"@id\":\"https:\\\/\\\/ugwp.cfolks.pl\\\/bwb\\\/produkt\\\/deflex-500-e\\\/#breadcrumb\"},\"inLanguage\":\"pl-PL\",\"potentialAction\":[{\"@type\":\"ReadAction\",\"target\":[\"https:\\\/\\\/ugwp.cfolks.pl\\\/bwb\\\/produkt\\\/deflex-500-e\\\/\"]}]},{\"@type\":\"ImageObject\",\"inLanguage\":\"pl-PL\",\"@id\":\"https:\\\/\\\/ugwp.cfolks.pl\\\/bwb\\\/produkt\\\/deflex-500-e\\\/#primaryimage\",\"url\":\"https:\\\/\\\/ugwp.cfolks.pl\\\/bwb\\\/wp-content\\\/uploads\\\/DEFLEX-500E.jpg\",\"contentUrl\":\"https:\\\/\\\/ugwp.cfolks.pl\\\/bwb\\\/wp-content\\\/uploads\\\/DEFLEX-500E.jpg\",\"width\":1100,\"height\":810,\"caption\":\"Profil dylatacyjny DEFLEX 500\\\/E\"},{\"@type\":\"BreadcrumbList\",\"@id\":\"https:\\\/\\\/ugwp.cfolks.pl\\\/bwb\\\/produkt\\\/deflex-500-e\\\/#breadcrumb\",\"itemListElement\":[{\"@type\":\"ListItem\",\"position\":1,\"name\":\"Strona g\u0142\u00f3wna\",\"item\":\"https:\\\/\\\/ugwp.cfolks.pl\\\/bwb\\\/\"},{\"@type\":\"ListItem\",\"position\":2,\"name\":\"Profile Dylatacyjne\",\"item\":\"https:\\\/\\\/ugwp.cfolks.pl\\\/bwb\\\/kategoria\\\/profile-dylatacyjne\\\/\"},{\"@type\":\"ListItem\",\"position\":3,\"name\":\"Profile wodoszczelne\",\"item\":\"https:\\\/\\\/ugwp.cfolks.pl\\\/bwb\\\/kategoria\\\/profile-dylatacyjne\\\/profile-wodoszczelne\\\/\"},{\"@type\":\"ListItem\",\"position\":4,\"name\":\"DEFLEX 500\\\/E\"}]},{\"@type\":\"WebSite\",\"@id\":\"https:\\\/\\\/ugwp.cfolks.pl\\\/bwb\\\/#website\",\"url\":\"https:\\\/\\\/ugwp.cfolks.pl\\\/bwb\\\/\",\"name\":\"BWB technology\",\"description\":\"Kolejna witryna oparta na WordPressie\",\"potentialAction\":[{\"@type\":\"SearchAction\",\"target\":{\"@type\":\"EntryPoint\",\"urlTemplate\":\"https:\\\/\\\/ugwp.cfolks.pl\\\/bwb\\\/?s={search_term_string}\"},\"query-input\":{\"@type\":\"PropertyValueSpecification\",\"valueRequired\":true,\"valueName\":\"search_term_string\"}}],\"inLanguage\":\"pl-PL\"}]}<\/script>\n<!-- \/ Yoast SEO plugin. -->","yoast_head_json":{"title":"DEFLEX 500\/E Wodoszczelny z Nitriflex\u00ae i Stalowymi K\u0105townikami","description":"DEFLEX 500\/E profil wodoszczelny. Odporno\u015b\u0107 na sole i pe\u0142na szczelno\u015b\u0107. Doskona\u0142y do parking\u00f3w i pomieszcze\u0144 mokrych. Sprawd\u017a nasz\u0105 ofert\u0119!","robots":{"index":"noindex","follow":"follow","max-snippet":"max-snippet:-1","max-image-preview":"max-image-preview:large","max-video-preview":"max-video-preview:-1"},"og_locale":"pl_PL","og_type":"article","og_title":"DEFLEX 500\/E Wodoszczelny z Nitriflex\u00ae i Stalowymi K\u0105townikami","og_description":"DEFLEX 500\/E profil wodoszczelny. Odporno\u015b\u0107 na sole i pe\u0142na szczelno\u015b\u0107. Doskona\u0142y do parking\u00f3w i pomieszcze\u0144 mokrych. Sprawd\u017a nasz\u0105 ofert\u0119!","og_url":"https:\/\/ugwp.cfolks.pl\/bwb\/produkt\/deflex-500-e\/","og_site_name":"BWB technology","article_modified_time":"2024-09-12T12:11:25+00:00","og_image":[{"width":1100,"height":810,"url":"https:\/\/ugwp.cfolks.pl\/bwb\/wp-content\/uploads\/DEFLEX-500E.jpg","type":"image\/jpeg"}],"twitter_card":"summary_large_image","twitter_misc":{"Szacowany czas czytania":"1 minuta"},"schema":{"@context":"https:\/\/schema.org","@graph":[{"@type":"WebPage","@id":"https:\/\/ugwp.cfolks.pl\/bwb\/produkt\/deflex-500-e\/","url":"https:\/\/ugwp.cfolks.pl\/bwb\/produkt\/deflex-500-e\/","name":"DEFLEX 500\/E Wodoszczelny z Nitriflex\u00ae i Stalowymi K\u0105townikami","isPartOf":{"@id":"https:\/\/ugwp.cfolks.pl\/bwb\/#website"},"primaryImageOfPage":{"@id":"https:\/\/ugwp.cfolks.pl\/bwb\/produkt\/deflex-500-e\/#primaryimage"},"image":{"@id":"https:\/\/ugwp.cfolks.pl\/bwb\/produkt\/deflex-500-e\/#primaryimage"},"thumbnailUrl":"https:\/\/ugwp.cfolks.pl\/bwb\/wp-content\/uploads\/DEFLEX-500E.jpg","datePublished":"2023-10-11T10:59:58+00:00","dateModified":"2024-09-12T12:11:25+00:00","description":"DEFLEX 500\/E profil wodoszczelny. Odporno\u015b\u0107 na sole i pe\u0142na szczelno\u015b\u0107. Doskona\u0142y do parking\u00f3w i pomieszcze\u0144 mokrych. Sprawd\u017a nasz\u0105 ofert\u0119!","breadcrumb":{"@id":"https:\/\/ugwp.cfolks.pl\/bwb\/produkt\/deflex-500-e\/#breadcrumb"},"inLanguage":"pl-PL","potentialAction":[{"@type":"ReadAction","target":["https:\/\/ugwp.cfolks.pl\/bwb\/produkt\/deflex-500-e\/"]}]},{"@type":"ImageObject","inLanguage":"pl-PL","@id":"https:\/\/ugwp.cfolks.pl\/bwb\/produkt\/deflex-500-e\/#primaryimage","url":"https:\/\/ugwp.cfolks.pl\/bwb\/wp-content\/uploads\/DEFLEX-500E.jpg","contentUrl":"https:\/\/ugwp.cfolks.pl\/bwb\/wp-content\/uploads\/DEFLEX-500E.jpg","width":1100,"height":810,"caption":"Profil dylatacyjny DEFLEX 500\/E"},{"@type":"BreadcrumbList","@id":"https:\/\/ugwp.cfolks.pl\/bwb\/produkt\/deflex-500-e\/#breadcrumb","itemListElement":[{"@type":"ListItem","position":1,"name":"Strona g\u0142\u00f3wna","item":"https:\/\/ugwp.cfolks.pl\/bwb\/"},{"@type":"ListItem","position":2,"name":"Profile Dylatacyjne","item":"https:\/\/ugwp.cfolks.pl\/bwb\/kategoria\/profile-dylatacyjne\/"},{"@type":"ListItem","position":3,"name":"Profile wodoszczelne","item":"https:\/\/ugwp.cfolks.pl\/bwb\/kategoria\/profile-dylatacyjne\/profile-wodoszczelne\/"},{"@type":"ListItem","position":4,"name":"DEFLEX 500\/E"}]},{"@type":"WebSite","@id":"https:\/\/ugwp.cfolks.pl\/bwb\/#website","url":"https:\/\/ugwp.cfolks.pl\/bwb\/","name":"BWB technology","description":"Kolejna witryna oparta na WordPressie","potentialAction":[{"@type":"SearchAction","target":{"@type":"EntryPoint","urlTemplate":"https:\/\/ugwp.cfolks.pl\/bwb\/?s={search_term_string}"},"query-input":{"@type":"PropertyValueSpecification","valueRequired":true,"valueName":"search_term_string"}}],"inLanguage":"pl-PL"}]}},"_links":{"self":[{"href":"https:\/\/ugwp.cfolks.pl\/bwb\/wp-json\/wp\/v2\/product\/4519","targetHints":{"allow":["GET"]}}],"collection":[{"href":"https:\/\/ugwp.cfolks.pl\/bwb\/wp-json\/wp\/v2\/product"}],"about":[{"href":"https:\/\/ugwp.cfolks.pl\/bwb\/wp-json\/wp\/v2\/types\/product"}],"wp:featuredmedia":[{"embeddable":true,"href":"https:\/\/ugwp.cfolks.pl\/bwb\/wp-json\/wp\/v2\/media\/6604"}],"wp:attachment":[{"href":"https:\/\/ugwp.cfolks.pl\/bwb\/wp-json\/wp\/v2\/media?parent=4519"}],"wp:term":[{"taxonomy":"product_cat","embeddable":true,"href":"https:\/\/ugwp.cfolks.pl\/bwb\/wp-json\/wp\/v2\/product_cat?post=4519"},{"taxonomy":"product_tag","embeddable":true,"href":"https:\/\/ugwp.cfolks.pl\/bwb\/wp-json\/wp\/v2\/product_tag?post=4519"}],"curies":[{"name":"wp","href":"https:\/\/api.w.org\/{rel}","templated":true}]}}