{"id":4516,"date":"2023-10-11T12:58:34","date_gmt":"2023-10-11T10:58:34","guid":{"rendered":"https:\/\/ugwp.cfolks.pl\/bwb\/?post_type=product&#038;p=4516"},"modified":"2024-07-12T19:48:08","modified_gmt":"2024-07-12T17:48:08","slug":"deflex-500-nbl","status":"publish","type":"product","link":"https:\/\/ugwp.cfolks.pl\/bwb\/produkt\/deflex-500-nbl\/","title":{"rendered":"DEFLEX 500\/NbL"},"content":{"rendered":"","protected":false},"excerpt":{"rendered":"<p>Profil wodoszczelny sk\u0142ada si\u0119 z kszta\u0142townik\u00f3w aluminiowych, wk\u0142adki z tworzywa sztucznego Nitriflex\u00ae oraz nak\u0142adki ochronnej ze stali nierdzewnej, kt\u00f3ra zabezpiecza wk\u0142adk\u0119 uszczelniaj\u0105c\u0105. Przeznaczony jest do zabudowy szczelin dylatacyjnych o dowolnie wyko\u0144czonej powierzchni. Charakteryzuje si\u0119 estetycznym wygl\u0105dem oraz pe\u0142n\u0105 szczelno\u015bci\u0105. Profil znajduje zastosowanie na parkingach, parkingach wielopoziomowych, gara\u017cach podziemnych, k\u0142adkach dla pieszych, rampach, p\u0142ywalniach, w pomieszczeniach mokrych oraz wsz\u0119dzie tam, gdzie wymagana jest wodoszczelno\u015b\u0107. Mo\u017ce by\u0107 stosowany do posadzek wykonanych z poliuretanu lub \u017cywicy. Profil jest odporny na sole drogowe, agresywne media (np. benzyn\u0119) i inne czynniki zewn\u0119trzne. Wk\u0142adka z tworzywa sztucznego \u0142\u0105czona jest w jeden odcinek poprzez zgrzewanie, dostarczana w 50 m odcinkach w celu zmniejszenia liczby zgrzew\u00f3w. W razie konieczno\u015bci wk\u0142adk\u0119 uszczelniaj\u0105c\u0105 mo\u017cna wymieni\u0107 w trakcie eksploatacji obiektu nie uszkadzaj\u0105c przy tym przyleg\u0142ych powierzchni posadzki lub nawierzchni. Wk\u0142adka wyst\u0119puje r\u00f3wnie\u017c w wersji z d\u0142ugimi pasami, kt\u00f3re umo\u017cliwiaj\u0105 nawi\u0105zanie si\u0119 warstw izolacyjnych stropu. Istnieje r\u00f3wnie\u017c mo\u017cliwo\u015b\u0107 wymiany nak\u0142adek ochronnych ze stali nierdzewnej, kt\u00f3re mog\u0105 zosta\u0107 dodatkowo wykonane jako antypo\u015blizgowe. Mo\u017cliwe jest wykonanie skomplikowanych kszta\u0142tek monta\u017cowych umo\u017cliwiaj\u0105cych pe\u0142ne zabezpieczenie przebiegu szczelin dylatacyjnych na obiekcie. Zastosowanie pe\u0142nych nak\u0142adek os\u0142aniaj\u0105cych ze stali nierdzewnej uniemo\u017cliwia kompensacje pionowych przemieszcze\u0144.<br \/>\nProfil wyst\u0119puje w wersji p\u0142askiej i naro\u017cnej.<br \/>\nNale\u017cy przestrzega\u0107 zalece\u0144 i uwag dotycz\u0105cych monta\u017cu.<\/p>\n","protected":false},"featured_media":5368,"template":"","meta":{"_acf_changed":false},"product_cat":[168],"product_tag":[],"class_list":{"0":"post-4516","1":"product","2":"type-product","3":"status-publish","4":"has-post-thumbnail","6":"product_cat-profile-wodoszczelne","8":"first","9":"instock","10":"shipping-taxable","11":"product-type-simple"},"acf":[],"yoast_head":"<!-- This site is optimized with the Yoast SEO plugin v27.3 - https:\/\/yoast.com\/product\/yoast-seo-wordpress\/ -->\n<title>DEFLEX 500\/NbL Estetyka, Trwa\u0142o\u015b\u0107 i Pe\u0142na Szczelno\u015b\u0107 Zobacz!<\/title>\n<meta name=\"description\" content=\"DEFLEX 500\/NbL profil z nak\u0142adk\u0105 ochronn\u0105. Idealny do parking\u00f3w, gara\u017cy i pomieszcze\u0144 mokrych. Odporny na sole i agresywne media. Sprawd\u017a mo\u017cliwo\u015bci!\" \/>\n<meta name=\"robots\" content=\"noindex, follow, max-snippet:-1, max-image-preview:large, max-video-preview:-1\" \/>\n<meta property=\"og:locale\" content=\"pl_PL\" \/>\n<meta property=\"og:type\" content=\"article\" \/>\n<meta property=\"og:title\" content=\"DEFLEX 500\/NbL Estetyka, Trwa\u0142o\u015b\u0107 i Pe\u0142na Szczelno\u015b\u0107 Zobacz!\" \/>\n<meta property=\"og:description\" content=\"DEFLEX 500\/NbL profil z nak\u0142adk\u0105 ochronn\u0105. Idealny do parking\u00f3w, gara\u017cy i pomieszcze\u0144 mokrych. Odporny na sole i agresywne media. Sprawd\u017a mo\u017cliwo\u015bci!\" \/>\n<meta property=\"og:url\" content=\"https:\/\/ugwp.cfolks.pl\/bwb\/produkt\/deflex-500-nbl\/\" \/>\n<meta property=\"og:site_name\" content=\"BWB technology\" \/>\n<meta property=\"article:modified_time\" content=\"2024-07-12T17:48:08+00:00\" \/>\n<meta property=\"og:image\" content=\"https:\/\/ugwp.cfolks.pl\/bwb\/wp-content\/uploads\/DEFLEX-500NbL.jpg\" \/>\n\t<meta property=\"og:image:width\" content=\"1100\" \/>\n\t<meta property=\"og:image:height\" content=\"810\" \/>\n\t<meta property=\"og:image:type\" content=\"image\/jpeg\" \/>\n<meta name=\"twitter:card\" content=\"summary_large_image\" \/>\n<meta name=\"twitter:label1\" content=\"Szacowany czas czytania\" \/>\n\t<meta name=\"twitter:data1\" content=\"1 minuta\" \/>\n<script type=\"application\/ld+json\" class=\"yoast-schema-graph\">{\"@context\":\"https:\\\/\\\/schema.org\",\"@graph\":[{\"@type\":\"WebPage\",\"@id\":\"https:\\\/\\\/ugwp.cfolks.pl\\\/bwb\\\/produkt\\\/deflex-500-nbl\\\/\",\"url\":\"https:\\\/\\\/ugwp.cfolks.pl\\\/bwb\\\/produkt\\\/deflex-500-nbl\\\/\",\"name\":\"DEFLEX 500\\\/NbL Estetyka, Trwa\u0142o\u015b\u0107 i Pe\u0142na Szczelno\u015b\u0107 Zobacz!\",\"isPartOf\":{\"@id\":\"https:\\\/\\\/ugwp.cfolks.pl\\\/bwb\\\/#website\"},\"primaryImageOfPage\":{\"@id\":\"https:\\\/\\\/ugwp.cfolks.pl\\\/bwb\\\/produkt\\\/deflex-500-nbl\\\/#primaryimage\"},\"image\":{\"@id\":\"https:\\\/\\\/ugwp.cfolks.pl\\\/bwb\\\/produkt\\\/deflex-500-nbl\\\/#primaryimage\"},\"thumbnailUrl\":\"https:\\\/\\\/ugwp.cfolks.pl\\\/bwb\\\/wp-content\\\/uploads\\\/DEFLEX-500NbL.jpg\",\"datePublished\":\"2023-10-11T10:58:34+00:00\",\"dateModified\":\"2024-07-12T17:48:08+00:00\",\"description\":\"DEFLEX 500\\\/NbL profil z nak\u0142adk\u0105 ochronn\u0105. Idealny do parking\u00f3w, gara\u017cy i pomieszcze\u0144 mokrych. Odporny na sole i agresywne media. Sprawd\u017a mo\u017cliwo\u015bci!\",\"breadcrumb\":{\"@id\":\"https:\\\/\\\/ugwp.cfolks.pl\\\/bwb\\\/produkt\\\/deflex-500-nbl\\\/#breadcrumb\"},\"inLanguage\":\"pl-PL\",\"potentialAction\":[{\"@type\":\"ReadAction\",\"target\":[\"https:\\\/\\\/ugwp.cfolks.pl\\\/bwb\\\/produkt\\\/deflex-500-nbl\\\/\"]}]},{\"@type\":\"ImageObject\",\"inLanguage\":\"pl-PL\",\"@id\":\"https:\\\/\\\/ugwp.cfolks.pl\\\/bwb\\\/produkt\\\/deflex-500-nbl\\\/#primaryimage\",\"url\":\"https:\\\/\\\/ugwp.cfolks.pl\\\/bwb\\\/wp-content\\\/uploads\\\/DEFLEX-500NbL.jpg\",\"contentUrl\":\"https:\\\/\\\/ugwp.cfolks.pl\\\/bwb\\\/wp-content\\\/uploads\\\/DEFLEX-500NbL.jpg\",\"width\":1100,\"height\":810,\"caption\":\"Profil dylatacyjny DEFLEX 500\\\/NbL\"},{\"@type\":\"BreadcrumbList\",\"@id\":\"https:\\\/\\\/ugwp.cfolks.pl\\\/bwb\\\/produkt\\\/deflex-500-nbl\\\/#breadcrumb\",\"itemListElement\":[{\"@type\":\"ListItem\",\"position\":1,\"name\":\"Strona g\u0142\u00f3wna\",\"item\":\"https:\\\/\\\/ugwp.cfolks.pl\\\/bwb\\\/\"},{\"@type\":\"ListItem\",\"position\":2,\"name\":\"Profile Dylatacyjne\",\"item\":\"https:\\\/\\\/ugwp.cfolks.pl\\\/bwb\\\/kategoria\\\/profile-dylatacyjne\\\/\"},{\"@type\":\"ListItem\",\"position\":3,\"name\":\"Profile wodoszczelne\",\"item\":\"https:\\\/\\\/ugwp.cfolks.pl\\\/bwb\\\/kategoria\\\/profile-dylatacyjne\\\/profile-wodoszczelne\\\/\"},{\"@type\":\"ListItem\",\"position\":4,\"name\":\"DEFLEX 500\\\/NbL\"}]},{\"@type\":\"WebSite\",\"@id\":\"https:\\\/\\\/ugwp.cfolks.pl\\\/bwb\\\/#website\",\"url\":\"https:\\\/\\\/ugwp.cfolks.pl\\\/bwb\\\/\",\"name\":\"BWB technology\",\"description\":\"Kolejna witryna oparta na WordPressie\",\"potentialAction\":[{\"@type\":\"SearchAction\",\"target\":{\"@type\":\"EntryPoint\",\"urlTemplate\":\"https:\\\/\\\/ugwp.cfolks.pl\\\/bwb\\\/?s={search_term_string}\"},\"query-input\":{\"@type\":\"PropertyValueSpecification\",\"valueRequired\":true,\"valueName\":\"search_term_string\"}}],\"inLanguage\":\"pl-PL\"}]}<\/script>\n<!-- \/ Yoast SEO plugin. -->","yoast_head_json":{"title":"DEFLEX 500\/NbL Estetyka, Trwa\u0142o\u015b\u0107 i Pe\u0142na Szczelno\u015b\u0107 Zobacz!","description":"DEFLEX 500\/NbL profil z nak\u0142adk\u0105 ochronn\u0105. Idealny do parking\u00f3w, gara\u017cy i pomieszcze\u0144 mokrych. Odporny na sole i agresywne media. Sprawd\u017a mo\u017cliwo\u015bci!","robots":{"index":"noindex","follow":"follow","max-snippet":"max-snippet:-1","max-image-preview":"max-image-preview:large","max-video-preview":"max-video-preview:-1"},"og_locale":"pl_PL","og_type":"article","og_title":"DEFLEX 500\/NbL Estetyka, Trwa\u0142o\u015b\u0107 i Pe\u0142na Szczelno\u015b\u0107 Zobacz!","og_description":"DEFLEX 500\/NbL profil z nak\u0142adk\u0105 ochronn\u0105. Idealny do parking\u00f3w, gara\u017cy i pomieszcze\u0144 mokrych. Odporny na sole i agresywne media. Sprawd\u017a mo\u017cliwo\u015bci!","og_url":"https:\/\/ugwp.cfolks.pl\/bwb\/produkt\/deflex-500-nbl\/","og_site_name":"BWB technology","article_modified_time":"2024-07-12T17:48:08+00:00","og_image":[{"width":1100,"height":810,"url":"https:\/\/ugwp.cfolks.pl\/bwb\/wp-content\/uploads\/DEFLEX-500NbL.jpg","type":"image\/jpeg"}],"twitter_card":"summary_large_image","twitter_misc":{"Szacowany czas czytania":"1 minuta"},"schema":{"@context":"https:\/\/schema.org","@graph":[{"@type":"WebPage","@id":"https:\/\/ugwp.cfolks.pl\/bwb\/produkt\/deflex-500-nbl\/","url":"https:\/\/ugwp.cfolks.pl\/bwb\/produkt\/deflex-500-nbl\/","name":"DEFLEX 500\/NbL Estetyka, Trwa\u0142o\u015b\u0107 i Pe\u0142na Szczelno\u015b\u0107 Zobacz!","isPartOf":{"@id":"https:\/\/ugwp.cfolks.pl\/bwb\/#website"},"primaryImageOfPage":{"@id":"https:\/\/ugwp.cfolks.pl\/bwb\/produkt\/deflex-500-nbl\/#primaryimage"},"image":{"@id":"https:\/\/ugwp.cfolks.pl\/bwb\/produkt\/deflex-500-nbl\/#primaryimage"},"thumbnailUrl":"https:\/\/ugwp.cfolks.pl\/bwb\/wp-content\/uploads\/DEFLEX-500NbL.jpg","datePublished":"2023-10-11T10:58:34+00:00","dateModified":"2024-07-12T17:48:08+00:00","description":"DEFLEX 500\/NbL profil z nak\u0142adk\u0105 ochronn\u0105. Idealny do parking\u00f3w, gara\u017cy i pomieszcze\u0144 mokrych. Odporny na sole i agresywne media. Sprawd\u017a mo\u017cliwo\u015bci!","breadcrumb":{"@id":"https:\/\/ugwp.cfolks.pl\/bwb\/produkt\/deflex-500-nbl\/#breadcrumb"},"inLanguage":"pl-PL","potentialAction":[{"@type":"ReadAction","target":["https:\/\/ugwp.cfolks.pl\/bwb\/produkt\/deflex-500-nbl\/"]}]},{"@type":"ImageObject","inLanguage":"pl-PL","@id":"https:\/\/ugwp.cfolks.pl\/bwb\/produkt\/deflex-500-nbl\/#primaryimage","url":"https:\/\/ugwp.cfolks.pl\/bwb\/wp-content\/uploads\/DEFLEX-500NbL.jpg","contentUrl":"https:\/\/ugwp.cfolks.pl\/bwb\/wp-content\/uploads\/DEFLEX-500NbL.jpg","width":1100,"height":810,"caption":"Profil dylatacyjny DEFLEX 500\/NbL"},{"@type":"BreadcrumbList","@id":"https:\/\/ugwp.cfolks.pl\/bwb\/produkt\/deflex-500-nbl\/#breadcrumb","itemListElement":[{"@type":"ListItem","position":1,"name":"Strona g\u0142\u00f3wna","item":"https:\/\/ugwp.cfolks.pl\/bwb\/"},{"@type":"ListItem","position":2,"name":"Profile Dylatacyjne","item":"https:\/\/ugwp.cfolks.pl\/bwb\/kategoria\/profile-dylatacyjne\/"},{"@type":"ListItem","position":3,"name":"Profile wodoszczelne","item":"https:\/\/ugwp.cfolks.pl\/bwb\/kategoria\/profile-dylatacyjne\/profile-wodoszczelne\/"},{"@type":"ListItem","position":4,"name":"DEFLEX 500\/NbL"}]},{"@type":"WebSite","@id":"https:\/\/ugwp.cfolks.pl\/bwb\/#website","url":"https:\/\/ugwp.cfolks.pl\/bwb\/","name":"BWB technology","description":"Kolejna witryna oparta na WordPressie","potentialAction":[{"@type":"SearchAction","target":{"@type":"EntryPoint","urlTemplate":"https:\/\/ugwp.cfolks.pl\/bwb\/?s={search_term_string}"},"query-input":{"@type":"PropertyValueSpecification","valueRequired":true,"valueName":"search_term_string"}}],"inLanguage":"pl-PL"}]}},"_links":{"self":[{"href":"https:\/\/ugwp.cfolks.pl\/bwb\/wp-json\/wp\/v2\/product\/4516","targetHints":{"allow":["GET"]}}],"collection":[{"href":"https:\/\/ugwp.cfolks.pl\/bwb\/wp-json\/wp\/v2\/product"}],"about":[{"href":"https:\/\/ugwp.cfolks.pl\/bwb\/wp-json\/wp\/v2\/types\/product"}],"wp:featuredmedia":[{"embeddable":true,"href":"https:\/\/ugwp.cfolks.pl\/bwb\/wp-json\/wp\/v2\/media\/5368"}],"wp:attachment":[{"href":"https:\/\/ugwp.cfolks.pl\/bwb\/wp-json\/wp\/v2\/media?parent=4516"}],"wp:term":[{"taxonomy":"product_cat","embeddable":true,"href":"https:\/\/ugwp.cfolks.pl\/bwb\/wp-json\/wp\/v2\/product_cat?post=4516"},{"taxonomy":"product_tag","embeddable":true,"href":"https:\/\/ugwp.cfolks.pl\/bwb\/wp-json\/wp\/v2\/product_tag?post=4516"}],"curies":[{"name":"wp","href":"https:\/\/api.w.org\/{rel}","templated":true}]}}