{"id":4512,"date":"2023-10-11T12:55:56","date_gmt":"2023-10-11T10:55:56","guid":{"rendered":"https:\/\/ugwp.cfolks.pl\/bwb\/?post_type=product&#038;p=4512"},"modified":"2024-07-12T19:16:55","modified_gmt":"2024-07-12T17:16:55","slug":"deflex-850","status":"publish","type":"product","link":"https:\/\/ugwp.cfolks.pl\/bwb\/produkt\/deflex-850\/","title":{"rendered":"DEFLEX 850"},"content":{"rendered":"","protected":false},"excerpt":{"rendered":"<p>Profil pod\u0142ogowy wykonany z aluminium oraz tworzywa sztucznego Nitriflex\u00ae, przeznaczony do monta\u017cu na niewyko\u0144czonych powierzchniach pod\u0142\u00f3g. Charakteryzuje si\u0119 g\u0142adk\u0105 powierzchni\u0105 oraz atrakcyjnym wygl\u0105dem. Przeznaczony szczeg\u00f3lnie do u\u017cycia w rejonach sejsmicznych i zagro\u017conych szkodami g\u00f3rniczymi (t\u0105pni\u0119ciami). Profil posiada takie samo wzornictwo i tworzy jednolity system z profilem \u015bciennym DEFLEX\u00ae 399. Profil znajduje zastosowanie pod r\u00f3\u017cnego rodzaju wyko\u0144czenia pod\u0142\u00f3g np. jastrych, kamie\u0144 naturalny, imitacje kamienia itp. Szczeg\u00f3lnie polecany jest do stosowania galeriach handlowych, biurach itp. Profil spe\u0142nia wymogi odporno\u015bci ogniowej dla klasy E wed\u0142ug normy PN-EN 13501-1 wed\u0142ug kt\u00f3rej wyroby zdolne s\u0105 przeciwstawia\u0107 si\u0119 \u2013 w kr\u00f3tkim czasie \u2013 oddzia\u0142ywaniu ma\u0142ego p\u0142omienia bez znacznego rozprzestrzeniania p\u0142omienia.<br \/>\nProfil wyst\u0119puje w wersji p\u0142askiej i naro\u017cnej.<br \/>\nNale\u017cy przestrzega\u0107 zalece\u0144 i uwag dotycz\u0105cych monta\u017cu.<\/p>\n","protected":false},"featured_media":5185,"template":"","meta":{"_acf_changed":false},"product_cat":[167],"product_tag":[],"class_list":{"0":"post-4512","1":"product","2":"type-product","3":"status-publish","4":"has-post-thumbnail","6":"product_cat-profile-podlogowe-sejsmoodporne","8":"first","9":"instock","10":"shipping-taxable","11":"product-type-simple"},"acf":[],"yoast_head":"<!-- This site is optimized with the Yoast SEO plugin v27.3 - https:\/\/yoast.com\/product\/yoast-seo-wordpress\/ -->\n<title>DEFLEX 850 Nowoczesno\u015b\u0107 w Ka\u017cdym Szczeg\u00f3le Sprawd\u017a!<\/title>\n<meta name=\"description\" content=\"DEFLEX 850 innowacyjny profil pod\u0142ogowy. Eleganckie wyko\u0144czenie, a tak\u017ce bezpiecze\u0144stwo. Idealny do zastosowa\u0144 w rejonach sejsmicznych.\" \/>\n<meta name=\"robots\" content=\"noindex, follow, max-snippet:-1, max-image-preview:large, max-video-preview:-1\" \/>\n<meta property=\"og:locale\" content=\"pl_PL\" \/>\n<meta property=\"og:type\" content=\"article\" \/>\n<meta property=\"og:title\" content=\"DEFLEX 850 Nowoczesno\u015b\u0107 w Ka\u017cdym Szczeg\u00f3le Sprawd\u017a!\" \/>\n<meta property=\"og:description\" content=\"DEFLEX 850 innowacyjny profil pod\u0142ogowy. Eleganckie wyko\u0144czenie, a tak\u017ce bezpiecze\u0144stwo. Idealny do zastosowa\u0144 w rejonach sejsmicznych.\" \/>\n<meta property=\"og:url\" content=\"https:\/\/ugwp.cfolks.pl\/bwb\/produkt\/deflex-850\/\" \/>\n<meta property=\"og:site_name\" content=\"BWB technology\" \/>\n<meta property=\"article:modified_time\" content=\"2024-07-12T17:16:55+00:00\" \/>\n<meta property=\"og:image\" content=\"https:\/\/ugwp.cfolks.pl\/bwb\/wp-content\/uploads\/Profil-dylatacyjny-podlogowy-typu-DEFLEX-850.jpg\" \/>\n\t<meta property=\"og:image:width\" content=\"1100\" \/>\n\t<meta property=\"og:image:height\" content=\"810\" \/>\n\t<meta property=\"og:image:type\" content=\"image\/jpeg\" \/>\n<meta name=\"twitter:card\" content=\"summary_large_image\" \/>\n<meta name=\"twitter:label1\" content=\"Szacowany czas czytania\" \/>\n\t<meta name=\"twitter:data1\" content=\"1 minuta\" \/>\n<script type=\"application\/ld+json\" class=\"yoast-schema-graph\">{\"@context\":\"https:\\\/\\\/schema.org\",\"@graph\":[{\"@type\":\"WebPage\",\"@id\":\"https:\\\/\\\/ugwp.cfolks.pl\\\/bwb\\\/produkt\\\/deflex-850\\\/\",\"url\":\"https:\\\/\\\/ugwp.cfolks.pl\\\/bwb\\\/produkt\\\/deflex-850\\\/\",\"name\":\"DEFLEX 850 Nowoczesno\u015b\u0107 w Ka\u017cdym Szczeg\u00f3le Sprawd\u017a!\",\"isPartOf\":{\"@id\":\"https:\\\/\\\/ugwp.cfolks.pl\\\/bwb\\\/#website\"},\"primaryImageOfPage\":{\"@id\":\"https:\\\/\\\/ugwp.cfolks.pl\\\/bwb\\\/produkt\\\/deflex-850\\\/#primaryimage\"},\"image\":{\"@id\":\"https:\\\/\\\/ugwp.cfolks.pl\\\/bwb\\\/produkt\\\/deflex-850\\\/#primaryimage\"},\"thumbnailUrl\":\"https:\\\/\\\/ugwp.cfolks.pl\\\/bwb\\\/wp-content\\\/uploads\\\/Profil-dylatacyjny-podlogowy-typu-DEFLEX-850.jpg\",\"datePublished\":\"2023-10-11T10:55:56+00:00\",\"dateModified\":\"2024-07-12T17:16:55+00:00\",\"description\":\"DEFLEX 850 innowacyjny profil pod\u0142ogowy. Eleganckie wyko\u0144czenie, a tak\u017ce bezpiecze\u0144stwo. Idealny do zastosowa\u0144 w rejonach sejsmicznych.\",\"breadcrumb\":{\"@id\":\"https:\\\/\\\/ugwp.cfolks.pl\\\/bwb\\\/produkt\\\/deflex-850\\\/#breadcrumb\"},\"inLanguage\":\"pl-PL\",\"potentialAction\":[{\"@type\":\"ReadAction\",\"target\":[\"https:\\\/\\\/ugwp.cfolks.pl\\\/bwb\\\/produkt\\\/deflex-850\\\/\"]}]},{\"@type\":\"ImageObject\",\"inLanguage\":\"pl-PL\",\"@id\":\"https:\\\/\\\/ugwp.cfolks.pl\\\/bwb\\\/produkt\\\/deflex-850\\\/#primaryimage\",\"url\":\"https:\\\/\\\/ugwp.cfolks.pl\\\/bwb\\\/wp-content\\\/uploads\\\/Profil-dylatacyjny-podlogowy-typu-DEFLEX-850.jpg\",\"contentUrl\":\"https:\\\/\\\/ugwp.cfolks.pl\\\/bwb\\\/wp-content\\\/uploads\\\/Profil-dylatacyjny-podlogowy-typu-DEFLEX-850.jpg\",\"width\":1100,\"height\":810,\"caption\":\"Profil dylatacyjny pod\u0142ogowy typu DEFLEX 850\"},{\"@type\":\"BreadcrumbList\",\"@id\":\"https:\\\/\\\/ugwp.cfolks.pl\\\/bwb\\\/produkt\\\/deflex-850\\\/#breadcrumb\",\"itemListElement\":[{\"@type\":\"ListItem\",\"position\":1,\"name\":\"Strona g\u0142\u00f3wna\",\"item\":\"https:\\\/\\\/ugwp.cfolks.pl\\\/bwb\\\/\"},{\"@type\":\"ListItem\",\"position\":2,\"name\":\"Profile Dylatacyjne\",\"item\":\"https:\\\/\\\/ugwp.cfolks.pl\\\/bwb\\\/kategoria\\\/profile-dylatacyjne\\\/\"},{\"@type\":\"ListItem\",\"position\":3,\"name\":\"Profile pod\u0142ogowe sejsmoodporne\",\"item\":\"https:\\\/\\\/ugwp.cfolks.pl\\\/bwb\\\/kategoria\\\/profile-dylatacyjne\\\/profile-podlogowe-sejsmoodporne\\\/\"},{\"@type\":\"ListItem\",\"position\":4,\"name\":\"DEFLEX 850\"}]},{\"@type\":\"WebSite\",\"@id\":\"https:\\\/\\\/ugwp.cfolks.pl\\\/bwb\\\/#website\",\"url\":\"https:\\\/\\\/ugwp.cfolks.pl\\\/bwb\\\/\",\"name\":\"BWB technology\",\"description\":\"Kolejna witryna oparta na WordPressie\",\"potentialAction\":[{\"@type\":\"SearchAction\",\"target\":{\"@type\":\"EntryPoint\",\"urlTemplate\":\"https:\\\/\\\/ugwp.cfolks.pl\\\/bwb\\\/?s={search_term_string}\"},\"query-input\":{\"@type\":\"PropertyValueSpecification\",\"valueRequired\":true,\"valueName\":\"search_term_string\"}}],\"inLanguage\":\"pl-PL\"}]}<\/script>\n<!-- \/ Yoast SEO plugin. -->","yoast_head_json":{"title":"DEFLEX 850 Nowoczesno\u015b\u0107 w Ka\u017cdym Szczeg\u00f3le Sprawd\u017a!","description":"DEFLEX 850 innowacyjny profil pod\u0142ogowy. Eleganckie wyko\u0144czenie, a tak\u017ce bezpiecze\u0144stwo. Idealny do zastosowa\u0144 w rejonach sejsmicznych.","robots":{"index":"noindex","follow":"follow","max-snippet":"max-snippet:-1","max-image-preview":"max-image-preview:large","max-video-preview":"max-video-preview:-1"},"og_locale":"pl_PL","og_type":"article","og_title":"DEFLEX 850 Nowoczesno\u015b\u0107 w Ka\u017cdym Szczeg\u00f3le Sprawd\u017a!","og_description":"DEFLEX 850 innowacyjny profil pod\u0142ogowy. Eleganckie wyko\u0144czenie, a tak\u017ce bezpiecze\u0144stwo. Idealny do zastosowa\u0144 w rejonach sejsmicznych.","og_url":"https:\/\/ugwp.cfolks.pl\/bwb\/produkt\/deflex-850\/","og_site_name":"BWB technology","article_modified_time":"2024-07-12T17:16:55+00:00","og_image":[{"width":1100,"height":810,"url":"https:\/\/ugwp.cfolks.pl\/bwb\/wp-content\/uploads\/Profil-dylatacyjny-podlogowy-typu-DEFLEX-850.jpg","type":"image\/jpeg"}],"twitter_card":"summary_large_image","twitter_misc":{"Szacowany czas czytania":"1 minuta"},"schema":{"@context":"https:\/\/schema.org","@graph":[{"@type":"WebPage","@id":"https:\/\/ugwp.cfolks.pl\/bwb\/produkt\/deflex-850\/","url":"https:\/\/ugwp.cfolks.pl\/bwb\/produkt\/deflex-850\/","name":"DEFLEX 850 Nowoczesno\u015b\u0107 w Ka\u017cdym Szczeg\u00f3le Sprawd\u017a!","isPartOf":{"@id":"https:\/\/ugwp.cfolks.pl\/bwb\/#website"},"primaryImageOfPage":{"@id":"https:\/\/ugwp.cfolks.pl\/bwb\/produkt\/deflex-850\/#primaryimage"},"image":{"@id":"https:\/\/ugwp.cfolks.pl\/bwb\/produkt\/deflex-850\/#primaryimage"},"thumbnailUrl":"https:\/\/ugwp.cfolks.pl\/bwb\/wp-content\/uploads\/Profil-dylatacyjny-podlogowy-typu-DEFLEX-850.jpg","datePublished":"2023-10-11T10:55:56+00:00","dateModified":"2024-07-12T17:16:55+00:00","description":"DEFLEX 850 innowacyjny profil pod\u0142ogowy. Eleganckie wyko\u0144czenie, a tak\u017ce bezpiecze\u0144stwo. Idealny do zastosowa\u0144 w rejonach sejsmicznych.","breadcrumb":{"@id":"https:\/\/ugwp.cfolks.pl\/bwb\/produkt\/deflex-850\/#breadcrumb"},"inLanguage":"pl-PL","potentialAction":[{"@type":"ReadAction","target":["https:\/\/ugwp.cfolks.pl\/bwb\/produkt\/deflex-850\/"]}]},{"@type":"ImageObject","inLanguage":"pl-PL","@id":"https:\/\/ugwp.cfolks.pl\/bwb\/produkt\/deflex-850\/#primaryimage","url":"https:\/\/ugwp.cfolks.pl\/bwb\/wp-content\/uploads\/Profil-dylatacyjny-podlogowy-typu-DEFLEX-850.jpg","contentUrl":"https:\/\/ugwp.cfolks.pl\/bwb\/wp-content\/uploads\/Profil-dylatacyjny-podlogowy-typu-DEFLEX-850.jpg","width":1100,"height":810,"caption":"Profil dylatacyjny pod\u0142ogowy typu DEFLEX 850"},{"@type":"BreadcrumbList","@id":"https:\/\/ugwp.cfolks.pl\/bwb\/produkt\/deflex-850\/#breadcrumb","itemListElement":[{"@type":"ListItem","position":1,"name":"Strona g\u0142\u00f3wna","item":"https:\/\/ugwp.cfolks.pl\/bwb\/"},{"@type":"ListItem","position":2,"name":"Profile Dylatacyjne","item":"https:\/\/ugwp.cfolks.pl\/bwb\/kategoria\/profile-dylatacyjne\/"},{"@type":"ListItem","position":3,"name":"Profile pod\u0142ogowe sejsmoodporne","item":"https:\/\/ugwp.cfolks.pl\/bwb\/kategoria\/profile-dylatacyjne\/profile-podlogowe-sejsmoodporne\/"},{"@type":"ListItem","position":4,"name":"DEFLEX 850"}]},{"@type":"WebSite","@id":"https:\/\/ugwp.cfolks.pl\/bwb\/#website","url":"https:\/\/ugwp.cfolks.pl\/bwb\/","name":"BWB technology","description":"Kolejna witryna oparta na WordPressie","potentialAction":[{"@type":"SearchAction","target":{"@type":"EntryPoint","urlTemplate":"https:\/\/ugwp.cfolks.pl\/bwb\/?s={search_term_string}"},"query-input":{"@type":"PropertyValueSpecification","valueRequired":true,"valueName":"search_term_string"}}],"inLanguage":"pl-PL"}]}},"_links":{"self":[{"href":"https:\/\/ugwp.cfolks.pl\/bwb\/wp-json\/wp\/v2\/product\/4512","targetHints":{"allow":["GET"]}}],"collection":[{"href":"https:\/\/ugwp.cfolks.pl\/bwb\/wp-json\/wp\/v2\/product"}],"about":[{"href":"https:\/\/ugwp.cfolks.pl\/bwb\/wp-json\/wp\/v2\/types\/product"}],"wp:featuredmedia":[{"embeddable":true,"href":"https:\/\/ugwp.cfolks.pl\/bwb\/wp-json\/wp\/v2\/media\/5185"}],"wp:attachment":[{"href":"https:\/\/ugwp.cfolks.pl\/bwb\/wp-json\/wp\/v2\/media?parent=4512"}],"wp:term":[{"taxonomy":"product_cat","embeddable":true,"href":"https:\/\/ugwp.cfolks.pl\/bwb\/wp-json\/wp\/v2\/product_cat?post=4512"},{"taxonomy":"product_tag","embeddable":true,"href":"https:\/\/ugwp.cfolks.pl\/bwb\/wp-json\/wp\/v2\/product_tag?post=4512"}],"curies":[{"name":"wp","href":"https:\/\/api.w.org\/{rel}","templated":true}]}}