{"id":4504,"date":"2023-10-11T12:52:32","date_gmt":"2023-10-11T10:52:32","guid":{"rendered":"https:\/\/ugwp.cfolks.pl\/bwb\/?post_type=product&#038;p=4504"},"modified":"2024-07-12T20:11:28","modified_gmt":"2024-07-12T18:11:28","slug":"deflex-800","status":"publish","type":"product","link":"https:\/\/ugwp.cfolks.pl\/bwb\/produkt\/deflex-800\/","title":{"rendered":"DEFLEX 800"},"content":{"rendered":"","protected":false},"excerpt":{"rendered":"<p>Profil pod\u0142ogowy wykonany z aluminium oraz tworzywa sztucznego Nitriflex\u00ae, przeznaczony do monta\u017cu na niewyko\u0144czonych powierzchniach pod\u0142\u00f3g. Profil posiada g\u0142adk\u0105 powierzchni\u0119 elastycznej wk\u0142adki oraz ryflowan\u0105 zewn\u0119trzn\u0105 powierzchni\u0119 kszta\u0142townik\u00f3w aluminiowych. Charakteryzuje si\u0119 atrakcyjnym wygl\u0105dem oraz du\u017c\u0105 kompensacj\u0105 ruch\u00f3w pionowych (t\u0105pni\u0119\u0107). Przeznaczony szczeg\u00f3lnie do u\u017cycia w rejonach sejsmicznych i zagro\u017conych szkodami g\u00f3rniczymi (t\u0105pni\u0119ciami). Profil znajduje zastosowanie pod r\u00f3\u017cnego rodzaju wyko\u0144czenia pod\u0142\u00f3g np. jastrych, kamie\u0144 naturalny, imitacje kamienia itp. Profil spe\u0142nia wymogi odporno\u015bci ogniowej dla klasy E wed\u0142ug normy PN-EN 13501-1 wed\u0142ug kt\u00f3rej wyroby zdolne s\u0105 przeciwstawia\u0107 si\u0119 \u2013 w kr\u00f3tkim czasie \u2013 oddzia\u0142ywaniu ma\u0142ego p\u0142omienia bez znacznego rozprzestrzeniania p\u0142omienia.<\/p>\n<p>Profil wyst\u0119puje w wersji p\u0142askiej i naro\u017cnej.<\/p>\n<p>Nale\u017cy przestrzega\u0107 zalece\u0144 i uwag dotycz\u0105cych monta\u017cu.<\/p>\n","protected":false},"featured_media":5459,"template":"","meta":{"_acf_changed":false},"product_cat":[167],"product_tag":[],"class_list":{"0":"post-4504","1":"product","2":"type-product","3":"status-publish","4":"has-post-thumbnail","6":"product_cat-profile-podlogowe-sejsmoodporne","8":"first","9":"instock","10":"shipping-taxable","11":"product-type-simple"},"acf":[],"yoast_head":"<!-- This site is optimized with the Yoast SEO plugin v27.3 - https:\/\/yoast.com\/product\/yoast-seo-wordpress\/ -->\n<title>DEFLEX 800 Profil Pod\u0142ogowy do Ochrony Przed T\u0105pni\u0119ciami!<\/title>\n<meta name=\"description\" content=\"DEFLEX 800 profil pod\u0142ogowy, \u0142\u0105cz\u0105cy wytrzyma\u0142o\u015b\u0107 aluminium z elastyczno\u015bci\u0105 tworzywa Nitriflex\u00ae. Kompensacja ruch\u00f3w pionowych, odporno\u015b\u0107 ogniowa.\" \/>\n<meta name=\"robots\" content=\"noindex, follow, max-snippet:-1, max-image-preview:large, max-video-preview:-1\" \/>\n<meta property=\"og:locale\" content=\"pl_PL\" \/>\n<meta property=\"og:type\" content=\"article\" \/>\n<meta property=\"og:title\" content=\"DEFLEX 800 Profil Pod\u0142ogowy do Ochrony Przed T\u0105pni\u0119ciami!\" \/>\n<meta property=\"og:description\" content=\"DEFLEX 800 profil pod\u0142ogowy, \u0142\u0105cz\u0105cy wytrzyma\u0142o\u015b\u0107 aluminium z elastyczno\u015bci\u0105 tworzywa Nitriflex\u00ae. Kompensacja ruch\u00f3w pionowych, odporno\u015b\u0107 ogniowa.\" \/>\n<meta property=\"og:url\" content=\"https:\/\/ugwp.cfolks.pl\/bwb\/produkt\/deflex-800\/\" \/>\n<meta property=\"og:site_name\" content=\"BWB technology\" \/>\n<meta property=\"article:modified_time\" content=\"2024-07-12T18:11:28+00:00\" \/>\n<meta property=\"og:image\" content=\"https:\/\/ugwp.cfolks.pl\/bwb\/wp-content\/uploads\/Profil-dylatacyjny-podlogowy-DEFLEX-800.jpg\" \/>\n\t<meta property=\"og:image:width\" content=\"1100\" \/>\n\t<meta property=\"og:image:height\" content=\"810\" \/>\n\t<meta property=\"og:image:type\" content=\"image\/jpeg\" \/>\n<meta name=\"twitter:card\" content=\"summary_large_image\" \/>\n<meta name=\"twitter:label1\" content=\"Szacowany czas czytania\" \/>\n\t<meta name=\"twitter:data1\" content=\"1 minuta\" \/>\n<script type=\"application\/ld+json\" class=\"yoast-schema-graph\">{\"@context\":\"https:\\\/\\\/schema.org\",\"@graph\":[{\"@type\":\"WebPage\",\"@id\":\"https:\\\/\\\/ugwp.cfolks.pl\\\/bwb\\\/produkt\\\/deflex-800\\\/\",\"url\":\"https:\\\/\\\/ugwp.cfolks.pl\\\/bwb\\\/produkt\\\/deflex-800\\\/\",\"name\":\"DEFLEX 800 Profil Pod\u0142ogowy do Ochrony Przed T\u0105pni\u0119ciami!\",\"isPartOf\":{\"@id\":\"https:\\\/\\\/ugwp.cfolks.pl\\\/bwb\\\/#website\"},\"primaryImageOfPage\":{\"@id\":\"https:\\\/\\\/ugwp.cfolks.pl\\\/bwb\\\/produkt\\\/deflex-800\\\/#primaryimage\"},\"image\":{\"@id\":\"https:\\\/\\\/ugwp.cfolks.pl\\\/bwb\\\/produkt\\\/deflex-800\\\/#primaryimage\"},\"thumbnailUrl\":\"https:\\\/\\\/ugwp.cfolks.pl\\\/bwb\\\/wp-content\\\/uploads\\\/Profil-dylatacyjny-podlogowy-DEFLEX-800.jpg\",\"datePublished\":\"2023-10-11T10:52:32+00:00\",\"dateModified\":\"2024-07-12T18:11:28+00:00\",\"description\":\"DEFLEX 800 profil pod\u0142ogowy, \u0142\u0105cz\u0105cy wytrzyma\u0142o\u015b\u0107 aluminium z elastyczno\u015bci\u0105 tworzywa Nitriflex\u00ae. Kompensacja ruch\u00f3w pionowych, odporno\u015b\u0107 ogniowa.\",\"breadcrumb\":{\"@id\":\"https:\\\/\\\/ugwp.cfolks.pl\\\/bwb\\\/produkt\\\/deflex-800\\\/#breadcrumb\"},\"inLanguage\":\"pl-PL\",\"potentialAction\":[{\"@type\":\"ReadAction\",\"target\":[\"https:\\\/\\\/ugwp.cfolks.pl\\\/bwb\\\/produkt\\\/deflex-800\\\/\"]}]},{\"@type\":\"ImageObject\",\"inLanguage\":\"pl-PL\",\"@id\":\"https:\\\/\\\/ugwp.cfolks.pl\\\/bwb\\\/produkt\\\/deflex-800\\\/#primaryimage\",\"url\":\"https:\\\/\\\/ugwp.cfolks.pl\\\/bwb\\\/wp-content\\\/uploads\\\/Profil-dylatacyjny-podlogowy-DEFLEX-800.jpg\",\"contentUrl\":\"https:\\\/\\\/ugwp.cfolks.pl\\\/bwb\\\/wp-content\\\/uploads\\\/Profil-dylatacyjny-podlogowy-DEFLEX-800.jpg\",\"width\":1100,\"height\":810,\"caption\":\"Profil dylatacyjny pod\u0142ogowy DEFLEX 800\"},{\"@type\":\"BreadcrumbList\",\"@id\":\"https:\\\/\\\/ugwp.cfolks.pl\\\/bwb\\\/produkt\\\/deflex-800\\\/#breadcrumb\",\"itemListElement\":[{\"@type\":\"ListItem\",\"position\":1,\"name\":\"Strona g\u0142\u00f3wna\",\"item\":\"https:\\\/\\\/ugwp.cfolks.pl\\\/bwb\\\/\"},{\"@type\":\"ListItem\",\"position\":2,\"name\":\"Profile Dylatacyjne\",\"item\":\"https:\\\/\\\/ugwp.cfolks.pl\\\/bwb\\\/kategoria\\\/profile-dylatacyjne\\\/\"},{\"@type\":\"ListItem\",\"position\":3,\"name\":\"Profile pod\u0142ogowe sejsmoodporne\",\"item\":\"https:\\\/\\\/ugwp.cfolks.pl\\\/bwb\\\/kategoria\\\/profile-dylatacyjne\\\/profile-podlogowe-sejsmoodporne\\\/\"},{\"@type\":\"ListItem\",\"position\":4,\"name\":\"DEFLEX 800\"}]},{\"@type\":\"WebSite\",\"@id\":\"https:\\\/\\\/ugwp.cfolks.pl\\\/bwb\\\/#website\",\"url\":\"https:\\\/\\\/ugwp.cfolks.pl\\\/bwb\\\/\",\"name\":\"BWB technology\",\"description\":\"Kolejna witryna oparta na WordPressie\",\"potentialAction\":[{\"@type\":\"SearchAction\",\"target\":{\"@type\":\"EntryPoint\",\"urlTemplate\":\"https:\\\/\\\/ugwp.cfolks.pl\\\/bwb\\\/?s={search_term_string}\"},\"query-input\":{\"@type\":\"PropertyValueSpecification\",\"valueRequired\":true,\"valueName\":\"search_term_string\"}}],\"inLanguage\":\"pl-PL\"}]}<\/script>\n<!-- \/ Yoast SEO plugin. -->","yoast_head_json":{"title":"DEFLEX 800 Profil Pod\u0142ogowy do Ochrony Przed T\u0105pni\u0119ciami!","description":"DEFLEX 800 profil pod\u0142ogowy, \u0142\u0105cz\u0105cy wytrzyma\u0142o\u015b\u0107 aluminium z elastyczno\u015bci\u0105 tworzywa Nitriflex\u00ae. Kompensacja ruch\u00f3w pionowych, odporno\u015b\u0107 ogniowa.","robots":{"index":"noindex","follow":"follow","max-snippet":"max-snippet:-1","max-image-preview":"max-image-preview:large","max-video-preview":"max-video-preview:-1"},"og_locale":"pl_PL","og_type":"article","og_title":"DEFLEX 800 Profil Pod\u0142ogowy do Ochrony Przed T\u0105pni\u0119ciami!","og_description":"DEFLEX 800 profil pod\u0142ogowy, \u0142\u0105cz\u0105cy wytrzyma\u0142o\u015b\u0107 aluminium z elastyczno\u015bci\u0105 tworzywa Nitriflex\u00ae. Kompensacja ruch\u00f3w pionowych, odporno\u015b\u0107 ogniowa.","og_url":"https:\/\/ugwp.cfolks.pl\/bwb\/produkt\/deflex-800\/","og_site_name":"BWB technology","article_modified_time":"2024-07-12T18:11:28+00:00","og_image":[{"width":1100,"height":810,"url":"https:\/\/ugwp.cfolks.pl\/bwb\/wp-content\/uploads\/Profil-dylatacyjny-podlogowy-DEFLEX-800.jpg","type":"image\/jpeg"}],"twitter_card":"summary_large_image","twitter_misc":{"Szacowany czas czytania":"1 minuta"},"schema":{"@context":"https:\/\/schema.org","@graph":[{"@type":"WebPage","@id":"https:\/\/ugwp.cfolks.pl\/bwb\/produkt\/deflex-800\/","url":"https:\/\/ugwp.cfolks.pl\/bwb\/produkt\/deflex-800\/","name":"DEFLEX 800 Profil Pod\u0142ogowy do Ochrony Przed T\u0105pni\u0119ciami!","isPartOf":{"@id":"https:\/\/ugwp.cfolks.pl\/bwb\/#website"},"primaryImageOfPage":{"@id":"https:\/\/ugwp.cfolks.pl\/bwb\/produkt\/deflex-800\/#primaryimage"},"image":{"@id":"https:\/\/ugwp.cfolks.pl\/bwb\/produkt\/deflex-800\/#primaryimage"},"thumbnailUrl":"https:\/\/ugwp.cfolks.pl\/bwb\/wp-content\/uploads\/Profil-dylatacyjny-podlogowy-DEFLEX-800.jpg","datePublished":"2023-10-11T10:52:32+00:00","dateModified":"2024-07-12T18:11:28+00:00","description":"DEFLEX 800 profil pod\u0142ogowy, \u0142\u0105cz\u0105cy wytrzyma\u0142o\u015b\u0107 aluminium z elastyczno\u015bci\u0105 tworzywa Nitriflex\u00ae. Kompensacja ruch\u00f3w pionowych, odporno\u015b\u0107 ogniowa.","breadcrumb":{"@id":"https:\/\/ugwp.cfolks.pl\/bwb\/produkt\/deflex-800\/#breadcrumb"},"inLanguage":"pl-PL","potentialAction":[{"@type":"ReadAction","target":["https:\/\/ugwp.cfolks.pl\/bwb\/produkt\/deflex-800\/"]}]},{"@type":"ImageObject","inLanguage":"pl-PL","@id":"https:\/\/ugwp.cfolks.pl\/bwb\/produkt\/deflex-800\/#primaryimage","url":"https:\/\/ugwp.cfolks.pl\/bwb\/wp-content\/uploads\/Profil-dylatacyjny-podlogowy-DEFLEX-800.jpg","contentUrl":"https:\/\/ugwp.cfolks.pl\/bwb\/wp-content\/uploads\/Profil-dylatacyjny-podlogowy-DEFLEX-800.jpg","width":1100,"height":810,"caption":"Profil dylatacyjny pod\u0142ogowy DEFLEX 800"},{"@type":"BreadcrumbList","@id":"https:\/\/ugwp.cfolks.pl\/bwb\/produkt\/deflex-800\/#breadcrumb","itemListElement":[{"@type":"ListItem","position":1,"name":"Strona g\u0142\u00f3wna","item":"https:\/\/ugwp.cfolks.pl\/bwb\/"},{"@type":"ListItem","position":2,"name":"Profile Dylatacyjne","item":"https:\/\/ugwp.cfolks.pl\/bwb\/kategoria\/profile-dylatacyjne\/"},{"@type":"ListItem","position":3,"name":"Profile pod\u0142ogowe sejsmoodporne","item":"https:\/\/ugwp.cfolks.pl\/bwb\/kategoria\/profile-dylatacyjne\/profile-podlogowe-sejsmoodporne\/"},{"@type":"ListItem","position":4,"name":"DEFLEX 800"}]},{"@type":"WebSite","@id":"https:\/\/ugwp.cfolks.pl\/bwb\/#website","url":"https:\/\/ugwp.cfolks.pl\/bwb\/","name":"BWB technology","description":"Kolejna witryna oparta na WordPressie","potentialAction":[{"@type":"SearchAction","target":{"@type":"EntryPoint","urlTemplate":"https:\/\/ugwp.cfolks.pl\/bwb\/?s={search_term_string}"},"query-input":{"@type":"PropertyValueSpecification","valueRequired":true,"valueName":"search_term_string"}}],"inLanguage":"pl-PL"}]}},"_links":{"self":[{"href":"https:\/\/ugwp.cfolks.pl\/bwb\/wp-json\/wp\/v2\/product\/4504","targetHints":{"allow":["GET"]}}],"collection":[{"href":"https:\/\/ugwp.cfolks.pl\/bwb\/wp-json\/wp\/v2\/product"}],"about":[{"href":"https:\/\/ugwp.cfolks.pl\/bwb\/wp-json\/wp\/v2\/types\/product"}],"wp:featuredmedia":[{"embeddable":true,"href":"https:\/\/ugwp.cfolks.pl\/bwb\/wp-json\/wp\/v2\/media\/5459"}],"wp:attachment":[{"href":"https:\/\/ugwp.cfolks.pl\/bwb\/wp-json\/wp\/v2\/media?parent=4504"}],"wp:term":[{"taxonomy":"product_cat","embeddable":true,"href":"https:\/\/ugwp.cfolks.pl\/bwb\/wp-json\/wp\/v2\/product_cat?post=4504"},{"taxonomy":"product_tag","embeddable":true,"href":"https:\/\/ugwp.cfolks.pl\/bwb\/wp-json\/wp\/v2\/product_tag?post=4504"}],"curies":[{"name":"wp","href":"https:\/\/api.w.org\/{rel}","templated":true}]}}