{"id":4500,"date":"2023-10-11T12:50:46","date_gmt":"2023-10-11T10:50:46","guid":{"rendered":"https:\/\/ugwp.cfolks.pl\/bwb\/?post_type=product&#038;p=4500"},"modified":"2024-07-12T18:41:14","modified_gmt":"2024-07-12T16:41:14","slug":"deflex-420-sp","status":"publish","type":"product","link":"https:\/\/ugwp.cfolks.pl\/bwb\/produkt\/deflex-420-sp\/","title":{"rendered":"DEFLEX 420\/SP"},"content":{"rendered":"","protected":false},"excerpt":{"rendered":"<p>Profil pod\u0142ogowy wykonany w ca\u0142o\u015bci z aluminium. Wewn\u0119trzna cz\u0119\u015b\u0107 profilu \u201eT\u201d opcjonalnie mo\u017ce zosta\u0107 wykonana ze stali nierdzewnej. Profil przeznaczony do monta\u017cu na niewyko\u0144czonych powierzchniach pod\u0142\u00f3g. Specjalna konstrukcja profilu umo\u017cliwia przenoszenie wysokich obci\u0105\u017ce\u0144 przy znacznej szeroko\u015bci szczeliny dylatacyjnej. Profil ten charakteryzuje si\u0119 ponadto wysok\u0105 zdolno\u015bci\u0105 kompensacji ruch\u00f3w budynku. Ca\u0142a widoczna powierzchnia profilu wykonana jest z wysokiej jako\u015bci aluminium. Znajduje zastosowanie w posadzkach wykonanych z jastrychu, wyk\u0142adanych kamieniem naturalnym, imitacje kamienia itp. Szczeg\u00f3lnie polecany jest do stosowania w obiektach przemys\u0142owych takich jak hale magazynowe, hale produkcyjne itp.<\/p>\n<p>Na zapytanie mo\u017ce by\u0107 wykonany profil z konstrukcj\u0105 podporow\u0105 &#8211; DEFLEX 420\/SP.<\/p>\n<p>Nale\u017cy przestrzega\u0107 zalece\u0144 i uwag dotycz\u0105cych monta\u017cu.<\/p>\n<p>&nbsp;<\/p>\n","protected":false},"featured_media":5363,"template":"","meta":{"_acf_changed":false},"product_cat":[166],"product_tag":[],"class_list":{"0":"post-4500","1":"product","2":"type-product","3":"status-publish","4":"has-post-thumbnail","6":"product_cat-profile-podlogowe-pelnego-metalu","8":"first","9":"instock","10":"shipping-taxable","11":"product-type-simple"},"acf":[],"yoast_head":"<!-- This site is optimized with the Yoast SEO plugin v27.3 - https:\/\/yoast.com\/product\/yoast-seo-wordpress\/ -->\n<title>DEFLEX 420\/SP Pod\u0142ogowy z Aluminium Wyj\u0105tkowa Wytrzyma\u0142o\u015b\u0107<\/title>\n<meta name=\"description\" content=\"DEFLEX 420\/SP profil pod\u0142ogowy z aluminium. Dla wysokich obci\u0105\u017ce\u0144 i elastyczno\u015bci w twojej posadzce. Zapytaj o wersj\u0119 z konstrukcj\u0105 podporow\u0105!\" \/>\n<meta name=\"robots\" content=\"noindex, follow, max-snippet:-1, max-image-preview:large, max-video-preview:-1\" \/>\n<meta property=\"og:locale\" content=\"pl_PL\" \/>\n<meta property=\"og:type\" content=\"article\" \/>\n<meta property=\"og:title\" content=\"DEFLEX 420\/SP Pod\u0142ogowy z Aluminium Wyj\u0105tkowa Wytrzyma\u0142o\u015b\u0107\" \/>\n<meta property=\"og:description\" content=\"DEFLEX 420\/SP profil pod\u0142ogowy z aluminium. Dla wysokich obci\u0105\u017ce\u0144 i elastyczno\u015bci w twojej posadzce. Zapytaj o wersj\u0119 z konstrukcj\u0105 podporow\u0105!\" \/>\n<meta property=\"og:url\" content=\"https:\/\/ugwp.cfolks.pl\/bwb\/produkt\/deflex-420-sp\/\" \/>\n<meta property=\"og:site_name\" content=\"BWB technology\" \/>\n<meta property=\"article:modified_time\" content=\"2024-07-12T16:41:14+00:00\" \/>\n<meta property=\"og:image\" content=\"https:\/\/ugwp.cfolks.pl\/bwb\/wp-content\/uploads\/DEFLEX-420SP.jpg\" \/>\n\t<meta property=\"og:image:width\" content=\"1100\" \/>\n\t<meta property=\"og:image:height\" content=\"810\" \/>\n\t<meta property=\"og:image:type\" content=\"image\/jpeg\" \/>\n<meta name=\"twitter:card\" content=\"summary_large_image\" \/>\n<meta name=\"twitter:label1\" content=\"Szacowany czas czytania\" \/>\n\t<meta name=\"twitter:data1\" content=\"1 minuta\" \/>\n<script type=\"application\/ld+json\" class=\"yoast-schema-graph\">{\"@context\":\"https:\\\/\\\/schema.org\",\"@graph\":[{\"@type\":\"WebPage\",\"@id\":\"https:\\\/\\\/ugwp.cfolks.pl\\\/bwb\\\/produkt\\\/deflex-420-sp\\\/\",\"url\":\"https:\\\/\\\/ugwp.cfolks.pl\\\/bwb\\\/produkt\\\/deflex-420-sp\\\/\",\"name\":\"DEFLEX 420\\\/SP Pod\u0142ogowy z Aluminium Wyj\u0105tkowa Wytrzyma\u0142o\u015b\u0107\",\"isPartOf\":{\"@id\":\"https:\\\/\\\/ugwp.cfolks.pl\\\/bwb\\\/#website\"},\"primaryImageOfPage\":{\"@id\":\"https:\\\/\\\/ugwp.cfolks.pl\\\/bwb\\\/produkt\\\/deflex-420-sp\\\/#primaryimage\"},\"image\":{\"@id\":\"https:\\\/\\\/ugwp.cfolks.pl\\\/bwb\\\/produkt\\\/deflex-420-sp\\\/#primaryimage\"},\"thumbnailUrl\":\"https:\\\/\\\/ugwp.cfolks.pl\\\/bwb\\\/wp-content\\\/uploads\\\/DEFLEX-420SP.jpg\",\"datePublished\":\"2023-10-11T10:50:46+00:00\",\"dateModified\":\"2024-07-12T16:41:14+00:00\",\"description\":\"DEFLEX 420\\\/SP profil pod\u0142ogowy z aluminium. Dla wysokich obci\u0105\u017ce\u0144 i elastyczno\u015bci w twojej posadzce. Zapytaj o wersj\u0119 z konstrukcj\u0105 podporow\u0105!\",\"breadcrumb\":{\"@id\":\"https:\\\/\\\/ugwp.cfolks.pl\\\/bwb\\\/produkt\\\/deflex-420-sp\\\/#breadcrumb\"},\"inLanguage\":\"pl-PL\",\"potentialAction\":[{\"@type\":\"ReadAction\",\"target\":[\"https:\\\/\\\/ugwp.cfolks.pl\\\/bwb\\\/produkt\\\/deflex-420-sp\\\/\"]}]},{\"@type\":\"ImageObject\",\"inLanguage\":\"pl-PL\",\"@id\":\"https:\\\/\\\/ugwp.cfolks.pl\\\/bwb\\\/produkt\\\/deflex-420-sp\\\/#primaryimage\",\"url\":\"https:\\\/\\\/ugwp.cfolks.pl\\\/bwb\\\/wp-content\\\/uploads\\\/DEFLEX-420SP.jpg\",\"contentUrl\":\"https:\\\/\\\/ugwp.cfolks.pl\\\/bwb\\\/wp-content\\\/uploads\\\/DEFLEX-420SP.jpg\",\"width\":1100,\"height\":810,\"caption\":\"Profil dylatacyjny DEFLEX 420\\\/SP\"},{\"@type\":\"BreadcrumbList\",\"@id\":\"https:\\\/\\\/ugwp.cfolks.pl\\\/bwb\\\/produkt\\\/deflex-420-sp\\\/#breadcrumb\",\"itemListElement\":[{\"@type\":\"ListItem\",\"position\":1,\"name\":\"Strona g\u0142\u00f3wna\",\"item\":\"https:\\\/\\\/ugwp.cfolks.pl\\\/bwb\\\/\"},{\"@type\":\"ListItem\",\"position\":2,\"name\":\"Profile Dylatacyjne\",\"item\":\"https:\\\/\\\/ugwp.cfolks.pl\\\/bwb\\\/kategoria\\\/profile-dylatacyjne\\\/\"},{\"@type\":\"ListItem\",\"position\":3,\"name\":\"Profile pod\u0142ogowe pe\u0142nego metalu\",\"item\":\"https:\\\/\\\/ugwp.cfolks.pl\\\/bwb\\\/kategoria\\\/profile-dylatacyjne\\\/profile-podlogowe-pelnego-metalu\\\/\"},{\"@type\":\"ListItem\",\"position\":4,\"name\":\"DEFLEX 420\\\/SP\"}]},{\"@type\":\"WebSite\",\"@id\":\"https:\\\/\\\/ugwp.cfolks.pl\\\/bwb\\\/#website\",\"url\":\"https:\\\/\\\/ugwp.cfolks.pl\\\/bwb\\\/\",\"name\":\"BWB technology\",\"description\":\"Kolejna witryna oparta na WordPressie\",\"potentialAction\":[{\"@type\":\"SearchAction\",\"target\":{\"@type\":\"EntryPoint\",\"urlTemplate\":\"https:\\\/\\\/ugwp.cfolks.pl\\\/bwb\\\/?s={search_term_string}\"},\"query-input\":{\"@type\":\"PropertyValueSpecification\",\"valueRequired\":true,\"valueName\":\"search_term_string\"}}],\"inLanguage\":\"pl-PL\"}]}<\/script>\n<!-- \/ Yoast SEO plugin. -->","yoast_head_json":{"title":"DEFLEX 420\/SP Pod\u0142ogowy z Aluminium Wyj\u0105tkowa Wytrzyma\u0142o\u015b\u0107","description":"DEFLEX 420\/SP profil pod\u0142ogowy z aluminium. Dla wysokich obci\u0105\u017ce\u0144 i elastyczno\u015bci w twojej posadzce. Zapytaj o wersj\u0119 z konstrukcj\u0105 podporow\u0105!","robots":{"index":"noindex","follow":"follow","max-snippet":"max-snippet:-1","max-image-preview":"max-image-preview:large","max-video-preview":"max-video-preview:-1"},"og_locale":"pl_PL","og_type":"article","og_title":"DEFLEX 420\/SP Pod\u0142ogowy z Aluminium Wyj\u0105tkowa Wytrzyma\u0142o\u015b\u0107","og_description":"DEFLEX 420\/SP profil pod\u0142ogowy z aluminium. Dla wysokich obci\u0105\u017ce\u0144 i elastyczno\u015bci w twojej posadzce. Zapytaj o wersj\u0119 z konstrukcj\u0105 podporow\u0105!","og_url":"https:\/\/ugwp.cfolks.pl\/bwb\/produkt\/deflex-420-sp\/","og_site_name":"BWB technology","article_modified_time":"2024-07-12T16:41:14+00:00","og_image":[{"width":1100,"height":810,"url":"https:\/\/ugwp.cfolks.pl\/bwb\/wp-content\/uploads\/DEFLEX-420SP.jpg","type":"image\/jpeg"}],"twitter_card":"summary_large_image","twitter_misc":{"Szacowany czas czytania":"1 minuta"},"schema":{"@context":"https:\/\/schema.org","@graph":[{"@type":"WebPage","@id":"https:\/\/ugwp.cfolks.pl\/bwb\/produkt\/deflex-420-sp\/","url":"https:\/\/ugwp.cfolks.pl\/bwb\/produkt\/deflex-420-sp\/","name":"DEFLEX 420\/SP Pod\u0142ogowy z Aluminium Wyj\u0105tkowa Wytrzyma\u0142o\u015b\u0107","isPartOf":{"@id":"https:\/\/ugwp.cfolks.pl\/bwb\/#website"},"primaryImageOfPage":{"@id":"https:\/\/ugwp.cfolks.pl\/bwb\/produkt\/deflex-420-sp\/#primaryimage"},"image":{"@id":"https:\/\/ugwp.cfolks.pl\/bwb\/produkt\/deflex-420-sp\/#primaryimage"},"thumbnailUrl":"https:\/\/ugwp.cfolks.pl\/bwb\/wp-content\/uploads\/DEFLEX-420SP.jpg","datePublished":"2023-10-11T10:50:46+00:00","dateModified":"2024-07-12T16:41:14+00:00","description":"DEFLEX 420\/SP profil pod\u0142ogowy z aluminium. Dla wysokich obci\u0105\u017ce\u0144 i elastyczno\u015bci w twojej posadzce. Zapytaj o wersj\u0119 z konstrukcj\u0105 podporow\u0105!","breadcrumb":{"@id":"https:\/\/ugwp.cfolks.pl\/bwb\/produkt\/deflex-420-sp\/#breadcrumb"},"inLanguage":"pl-PL","potentialAction":[{"@type":"ReadAction","target":["https:\/\/ugwp.cfolks.pl\/bwb\/produkt\/deflex-420-sp\/"]}]},{"@type":"ImageObject","inLanguage":"pl-PL","@id":"https:\/\/ugwp.cfolks.pl\/bwb\/produkt\/deflex-420-sp\/#primaryimage","url":"https:\/\/ugwp.cfolks.pl\/bwb\/wp-content\/uploads\/DEFLEX-420SP.jpg","contentUrl":"https:\/\/ugwp.cfolks.pl\/bwb\/wp-content\/uploads\/DEFLEX-420SP.jpg","width":1100,"height":810,"caption":"Profil dylatacyjny DEFLEX 420\/SP"},{"@type":"BreadcrumbList","@id":"https:\/\/ugwp.cfolks.pl\/bwb\/produkt\/deflex-420-sp\/#breadcrumb","itemListElement":[{"@type":"ListItem","position":1,"name":"Strona g\u0142\u00f3wna","item":"https:\/\/ugwp.cfolks.pl\/bwb\/"},{"@type":"ListItem","position":2,"name":"Profile Dylatacyjne","item":"https:\/\/ugwp.cfolks.pl\/bwb\/kategoria\/profile-dylatacyjne\/"},{"@type":"ListItem","position":3,"name":"Profile pod\u0142ogowe pe\u0142nego metalu","item":"https:\/\/ugwp.cfolks.pl\/bwb\/kategoria\/profile-dylatacyjne\/profile-podlogowe-pelnego-metalu\/"},{"@type":"ListItem","position":4,"name":"DEFLEX 420\/SP"}]},{"@type":"WebSite","@id":"https:\/\/ugwp.cfolks.pl\/bwb\/#website","url":"https:\/\/ugwp.cfolks.pl\/bwb\/","name":"BWB technology","description":"Kolejna witryna oparta na WordPressie","potentialAction":[{"@type":"SearchAction","target":{"@type":"EntryPoint","urlTemplate":"https:\/\/ugwp.cfolks.pl\/bwb\/?s={search_term_string}"},"query-input":{"@type":"PropertyValueSpecification","valueRequired":true,"valueName":"search_term_string"}}],"inLanguage":"pl-PL"}]}},"_links":{"self":[{"href":"https:\/\/ugwp.cfolks.pl\/bwb\/wp-json\/wp\/v2\/product\/4500","targetHints":{"allow":["GET"]}}],"collection":[{"href":"https:\/\/ugwp.cfolks.pl\/bwb\/wp-json\/wp\/v2\/product"}],"about":[{"href":"https:\/\/ugwp.cfolks.pl\/bwb\/wp-json\/wp\/v2\/types\/product"}],"wp:featuredmedia":[{"embeddable":true,"href":"https:\/\/ugwp.cfolks.pl\/bwb\/wp-json\/wp\/v2\/media\/5363"}],"wp:attachment":[{"href":"https:\/\/ugwp.cfolks.pl\/bwb\/wp-json\/wp\/v2\/media?parent=4500"}],"wp:term":[{"taxonomy":"product_cat","embeddable":true,"href":"https:\/\/ugwp.cfolks.pl\/bwb\/wp-json\/wp\/v2\/product_cat?post=4500"},{"taxonomy":"product_tag","embeddable":true,"href":"https:\/\/ugwp.cfolks.pl\/bwb\/wp-json\/wp\/v2\/product_tag?post=4500"}],"curies":[{"name":"wp","href":"https:\/\/api.w.org\/{rel}","templated":true}]}}