{"id":4498,"date":"2023-10-11T12:49:56","date_gmt":"2023-10-11T10:49:56","guid":{"rendered":"https:\/\/ugwp.cfolks.pl\/bwb\/?post_type=product&#038;p=4498"},"modified":"2024-09-13T16:33:39","modified_gmt":"2024-09-13T14:33:39","slug":"deflex-427-alrv","status":"publish","type":"product","link":"https:\/\/ugwp.cfolks.pl\/bwb\/produkt\/deflex-427-alrv\/","title":{"rendered":"DEFLEX 427\/ALRV"},"content":{"rendered":"","protected":false},"excerpt":{"rendered":"<p>Profil pod\u0142ogowy wykonany w ca\u0142o\u015bci z aluminium, przeznaczony do zabudowy szczelin dylatacyjnych o dowolnie wyko\u0144czonej powierzchni. Charakteryzuj\u0119 si\u0119 g\u0142adk\u0105 powierzchni\u0105 (ALG) b\u0105d\u017a ryflowan\u0105 (ALR), w zale\u017cno\u015bci od potrzeb oraz estetycznym wygl\u0105dem. Specjalna konstrukcja profilu umo\u017cliwia przenoszenie wysokich obci\u0105\u017ce\u0144 oraz t\u0105pni\u0119\u0107. Ca\u0142a widoczna powierzchnia profilu wykonana z wysokiej jako\u015bci ryflowanego aluminium sprawia, i\u017c profil stanowi doskona\u0142e po\u0142\u0105czenie parametr\u00f3w u\u017cytkowych, dzi\u0119ki czemu szczeg\u00f3lnie polecany jest do stosowania w halach magazynowych i fabrycznych, hurtowniach, a tak\u017ce obiektach u\u017cyteczno\u015bci publicznej. Profil znajduje zastosowanie pod r\u00f3\u017cnego rodzaje wyko\u0144czenia: jastrych, kamie\u0144 naturalny, imitacje kamienia itp. Profil spe\u0142nia wymogi odporno\u015bci ogniowej dla klasy E wed\u0142ug normy PN-EN 13501-1 wed\u0142ug kt\u00f3rej wyroby zdolne s\u0105 przeciwstawia\u0107 si\u0119 \u2013 w kr\u00f3tkim czasie &#8211; oddzia\u0142ywaniu ma\u0142ego p\u0142omienia bez znacznego rozprzestrzeniania p\u0142omienia.<br \/>\nProfil wyst\u0119puje w wersji p\u0142askiej i naro\u017cnej.<br \/>\nNale\u017cy przestrzega\u0107 zalece\u0144 i uwag dotycz\u0105cych monta\u017cu.<\/p>\n","protected":false},"featured_media":5362,"template":"","meta":{"_acf_changed":false},"product_cat":[166],"product_tag":[],"class_list":{"0":"post-4498","1":"product","2":"type-product","3":"status-publish","4":"has-post-thumbnail","6":"product_cat-profile-podlogowe-pelnego-metalu","8":"first","9":"instock","10":"shipping-taxable","11":"product-type-simple"},"acf":[],"yoast_head":"<!-- This site is optimized with the Yoast SEO plugin v27.3 - https:\/\/yoast.com\/product\/yoast-seo-wordpress\/ -->\n<title>DEFLEX 427 ALRV z Aluminium - Solidno\u015b\u0107 i Elegancja w Jednym!<\/title>\n<meta name=\"description\" content=\"DEFLEX 427 ALRV z ryflowan\u0105 powierzchni\u0105. Odporno\u015b\u0107 ogniowa klasy E. Idealny do zabudowy szczelin dylatacyjnych. Doskona\u0142y do r\u00f3\u017cnych rodzaj\u00f3w wyko\u0144czenia.\" \/>\n<meta name=\"robots\" content=\"noindex, follow, max-snippet:-1, max-image-preview:large, max-video-preview:-1\" \/>\n<meta property=\"og:locale\" content=\"pl_PL\" \/>\n<meta property=\"og:type\" content=\"article\" \/>\n<meta property=\"og:title\" content=\"DEFLEX 427 ALRV z Aluminium - Solidno\u015b\u0107 i Elegancja w Jednym!\" \/>\n<meta property=\"og:description\" content=\"DEFLEX 427 ALRV z ryflowan\u0105 powierzchni\u0105. Odporno\u015b\u0107 ogniowa klasy E. Idealny do zabudowy szczelin dylatacyjnych. Doskona\u0142y do r\u00f3\u017cnych rodzaj\u00f3w wyko\u0144czenia.\" \/>\n<meta property=\"og:url\" content=\"https:\/\/ugwp.cfolks.pl\/bwb\/produkt\/deflex-427-alrv\/\" \/>\n<meta property=\"og:site_name\" content=\"BWB technology\" \/>\n<meta property=\"article:modified_time\" content=\"2024-09-13T14:33:39+00:00\" \/>\n<meta property=\"og:image\" content=\"https:\/\/ugwp.cfolks.pl\/bwb\/wp-content\/uploads\/DEFLEX-427ALRV.jpg\" \/>\n\t<meta property=\"og:image:width\" content=\"1100\" \/>\n\t<meta property=\"og:image:height\" content=\"810\" \/>\n\t<meta property=\"og:image:type\" content=\"image\/jpeg\" \/>\n<meta name=\"twitter:card\" content=\"summary_large_image\" \/>\n<meta name=\"twitter:label1\" content=\"Szacowany czas czytania\" \/>\n\t<meta name=\"twitter:data1\" content=\"1 minuta\" \/>\n<script type=\"application\/ld+json\" class=\"yoast-schema-graph\">{\"@context\":\"https:\\\/\\\/schema.org\",\"@graph\":[{\"@type\":\"WebPage\",\"@id\":\"https:\\\/\\\/ugwp.cfolks.pl\\\/bwb\\\/produkt\\\/deflex-427-alrv\\\/\",\"url\":\"https:\\\/\\\/ugwp.cfolks.pl\\\/bwb\\\/produkt\\\/deflex-427-alrv\\\/\",\"name\":\"DEFLEX 427 ALRV z Aluminium - Solidno\u015b\u0107 i Elegancja w Jednym!\",\"isPartOf\":{\"@id\":\"https:\\\/\\\/ugwp.cfolks.pl\\\/bwb\\\/#website\"},\"primaryImageOfPage\":{\"@id\":\"https:\\\/\\\/ugwp.cfolks.pl\\\/bwb\\\/produkt\\\/deflex-427-alrv\\\/#primaryimage\"},\"image\":{\"@id\":\"https:\\\/\\\/ugwp.cfolks.pl\\\/bwb\\\/produkt\\\/deflex-427-alrv\\\/#primaryimage\"},\"thumbnailUrl\":\"https:\\\/\\\/ugwp.cfolks.pl\\\/bwb\\\/wp-content\\\/uploads\\\/DEFLEX-427ALRV.jpg\",\"datePublished\":\"2023-10-11T10:49:56+00:00\",\"dateModified\":\"2024-09-13T14:33:39+00:00\",\"description\":\"DEFLEX 427 ALRV z ryflowan\u0105 powierzchni\u0105. Odporno\u015b\u0107 ogniowa klasy E. Idealny do zabudowy szczelin dylatacyjnych. Doskona\u0142y do r\u00f3\u017cnych rodzaj\u00f3w wyko\u0144czenia.\",\"breadcrumb\":{\"@id\":\"https:\\\/\\\/ugwp.cfolks.pl\\\/bwb\\\/produkt\\\/deflex-427-alrv\\\/#breadcrumb\"},\"inLanguage\":\"pl-PL\",\"potentialAction\":[{\"@type\":\"ReadAction\",\"target\":[\"https:\\\/\\\/ugwp.cfolks.pl\\\/bwb\\\/produkt\\\/deflex-427-alrv\\\/\"]}]},{\"@type\":\"ImageObject\",\"inLanguage\":\"pl-PL\",\"@id\":\"https:\\\/\\\/ugwp.cfolks.pl\\\/bwb\\\/produkt\\\/deflex-427-alrv\\\/#primaryimage\",\"url\":\"https:\\\/\\\/ugwp.cfolks.pl\\\/bwb\\\/wp-content\\\/uploads\\\/DEFLEX-427ALRV.jpg\",\"contentUrl\":\"https:\\\/\\\/ugwp.cfolks.pl\\\/bwb\\\/wp-content\\\/uploads\\\/DEFLEX-427ALRV.jpg\",\"width\":1100,\"height\":810,\"caption\":\"Profil dylatacyjny DEFLEX 427 ALRV\"},{\"@type\":\"BreadcrumbList\",\"@id\":\"https:\\\/\\\/ugwp.cfolks.pl\\\/bwb\\\/produkt\\\/deflex-427-alrv\\\/#breadcrumb\",\"itemListElement\":[{\"@type\":\"ListItem\",\"position\":1,\"name\":\"Strona g\u0142\u00f3wna\",\"item\":\"https:\\\/\\\/ugwp.cfolks.pl\\\/bwb\\\/\"},{\"@type\":\"ListItem\",\"position\":2,\"name\":\"Profile Dylatacyjne\",\"item\":\"https:\\\/\\\/ugwp.cfolks.pl\\\/bwb\\\/kategoria\\\/profile-dylatacyjne\\\/\"},{\"@type\":\"ListItem\",\"position\":3,\"name\":\"Profile pod\u0142ogowe pe\u0142nego metalu\",\"item\":\"https:\\\/\\\/ugwp.cfolks.pl\\\/bwb\\\/kategoria\\\/profile-dylatacyjne\\\/profile-podlogowe-pelnego-metalu\\\/\"},{\"@type\":\"ListItem\",\"position\":4,\"name\":\"DEFLEX 427\\\/ALRV\"}]},{\"@type\":\"WebSite\",\"@id\":\"https:\\\/\\\/ugwp.cfolks.pl\\\/bwb\\\/#website\",\"url\":\"https:\\\/\\\/ugwp.cfolks.pl\\\/bwb\\\/\",\"name\":\"BWB technology\",\"description\":\"Kolejna witryna oparta na WordPressie\",\"potentialAction\":[{\"@type\":\"SearchAction\",\"target\":{\"@type\":\"EntryPoint\",\"urlTemplate\":\"https:\\\/\\\/ugwp.cfolks.pl\\\/bwb\\\/?s={search_term_string}\"},\"query-input\":{\"@type\":\"PropertyValueSpecification\",\"valueRequired\":true,\"valueName\":\"search_term_string\"}}],\"inLanguage\":\"pl-PL\"}]}<\/script>\n<!-- \/ Yoast SEO plugin. -->","yoast_head_json":{"title":"DEFLEX 427 ALRV z Aluminium - Solidno\u015b\u0107 i Elegancja w Jednym!","description":"DEFLEX 427 ALRV z ryflowan\u0105 powierzchni\u0105. Odporno\u015b\u0107 ogniowa klasy E. Idealny do zabudowy szczelin dylatacyjnych. Doskona\u0142y do r\u00f3\u017cnych rodzaj\u00f3w wyko\u0144czenia.","robots":{"index":"noindex","follow":"follow","max-snippet":"max-snippet:-1","max-image-preview":"max-image-preview:large","max-video-preview":"max-video-preview:-1"},"og_locale":"pl_PL","og_type":"article","og_title":"DEFLEX 427 ALRV z Aluminium - Solidno\u015b\u0107 i Elegancja w Jednym!","og_description":"DEFLEX 427 ALRV z ryflowan\u0105 powierzchni\u0105. Odporno\u015b\u0107 ogniowa klasy E. Idealny do zabudowy szczelin dylatacyjnych. Doskona\u0142y do r\u00f3\u017cnych rodzaj\u00f3w wyko\u0144czenia.","og_url":"https:\/\/ugwp.cfolks.pl\/bwb\/produkt\/deflex-427-alrv\/","og_site_name":"BWB technology","article_modified_time":"2024-09-13T14:33:39+00:00","og_image":[{"width":1100,"height":810,"url":"https:\/\/ugwp.cfolks.pl\/bwb\/wp-content\/uploads\/DEFLEX-427ALRV.jpg","type":"image\/jpeg"}],"twitter_card":"summary_large_image","twitter_misc":{"Szacowany czas czytania":"1 minuta"},"schema":{"@context":"https:\/\/schema.org","@graph":[{"@type":"WebPage","@id":"https:\/\/ugwp.cfolks.pl\/bwb\/produkt\/deflex-427-alrv\/","url":"https:\/\/ugwp.cfolks.pl\/bwb\/produkt\/deflex-427-alrv\/","name":"DEFLEX 427 ALRV z Aluminium - Solidno\u015b\u0107 i Elegancja w Jednym!","isPartOf":{"@id":"https:\/\/ugwp.cfolks.pl\/bwb\/#website"},"primaryImageOfPage":{"@id":"https:\/\/ugwp.cfolks.pl\/bwb\/produkt\/deflex-427-alrv\/#primaryimage"},"image":{"@id":"https:\/\/ugwp.cfolks.pl\/bwb\/produkt\/deflex-427-alrv\/#primaryimage"},"thumbnailUrl":"https:\/\/ugwp.cfolks.pl\/bwb\/wp-content\/uploads\/DEFLEX-427ALRV.jpg","datePublished":"2023-10-11T10:49:56+00:00","dateModified":"2024-09-13T14:33:39+00:00","description":"DEFLEX 427 ALRV z ryflowan\u0105 powierzchni\u0105. Odporno\u015b\u0107 ogniowa klasy E. Idealny do zabudowy szczelin dylatacyjnych. Doskona\u0142y do r\u00f3\u017cnych rodzaj\u00f3w wyko\u0144czenia.","breadcrumb":{"@id":"https:\/\/ugwp.cfolks.pl\/bwb\/produkt\/deflex-427-alrv\/#breadcrumb"},"inLanguage":"pl-PL","potentialAction":[{"@type":"ReadAction","target":["https:\/\/ugwp.cfolks.pl\/bwb\/produkt\/deflex-427-alrv\/"]}]},{"@type":"ImageObject","inLanguage":"pl-PL","@id":"https:\/\/ugwp.cfolks.pl\/bwb\/produkt\/deflex-427-alrv\/#primaryimage","url":"https:\/\/ugwp.cfolks.pl\/bwb\/wp-content\/uploads\/DEFLEX-427ALRV.jpg","contentUrl":"https:\/\/ugwp.cfolks.pl\/bwb\/wp-content\/uploads\/DEFLEX-427ALRV.jpg","width":1100,"height":810,"caption":"Profil dylatacyjny DEFLEX 427 ALRV"},{"@type":"BreadcrumbList","@id":"https:\/\/ugwp.cfolks.pl\/bwb\/produkt\/deflex-427-alrv\/#breadcrumb","itemListElement":[{"@type":"ListItem","position":1,"name":"Strona g\u0142\u00f3wna","item":"https:\/\/ugwp.cfolks.pl\/bwb\/"},{"@type":"ListItem","position":2,"name":"Profile Dylatacyjne","item":"https:\/\/ugwp.cfolks.pl\/bwb\/kategoria\/profile-dylatacyjne\/"},{"@type":"ListItem","position":3,"name":"Profile pod\u0142ogowe pe\u0142nego metalu","item":"https:\/\/ugwp.cfolks.pl\/bwb\/kategoria\/profile-dylatacyjne\/profile-podlogowe-pelnego-metalu\/"},{"@type":"ListItem","position":4,"name":"DEFLEX 427\/ALRV"}]},{"@type":"WebSite","@id":"https:\/\/ugwp.cfolks.pl\/bwb\/#website","url":"https:\/\/ugwp.cfolks.pl\/bwb\/","name":"BWB technology","description":"Kolejna witryna oparta na WordPressie","potentialAction":[{"@type":"SearchAction","target":{"@type":"EntryPoint","urlTemplate":"https:\/\/ugwp.cfolks.pl\/bwb\/?s={search_term_string}"},"query-input":{"@type":"PropertyValueSpecification","valueRequired":true,"valueName":"search_term_string"}}],"inLanguage":"pl-PL"}]}},"_links":{"self":[{"href":"https:\/\/ugwp.cfolks.pl\/bwb\/wp-json\/wp\/v2\/product\/4498","targetHints":{"allow":["GET"]}}],"collection":[{"href":"https:\/\/ugwp.cfolks.pl\/bwb\/wp-json\/wp\/v2\/product"}],"about":[{"href":"https:\/\/ugwp.cfolks.pl\/bwb\/wp-json\/wp\/v2\/types\/product"}],"wp:featuredmedia":[{"embeddable":true,"href":"https:\/\/ugwp.cfolks.pl\/bwb\/wp-json\/wp\/v2\/media\/5362"}],"wp:attachment":[{"href":"https:\/\/ugwp.cfolks.pl\/bwb\/wp-json\/wp\/v2\/media?parent=4498"}],"wp:term":[{"taxonomy":"product_cat","embeddable":true,"href":"https:\/\/ugwp.cfolks.pl\/bwb\/wp-json\/wp\/v2\/product_cat?post=4498"},{"taxonomy":"product_tag","embeddable":true,"href":"https:\/\/ugwp.cfolks.pl\/bwb\/wp-json\/wp\/v2\/product_tag?post=4498"}],"curies":[{"name":"wp","href":"https:\/\/api.w.org\/{rel}","templated":true}]}}