{"id":4488,"date":"2023-10-11T12:45:07","date_gmt":"2023-10-11T10:45:07","guid":{"rendered":"https:\/\/ugwp.cfolks.pl\/bwb\/?post_type=product&#038;p=4488"},"modified":"2024-07-12T19:08:37","modified_gmt":"2024-07-12T17:08:37","slug":"deflex-424-nalr","status":"publish","type":"product","link":"https:\/\/ugwp.cfolks.pl\/bwb\/produkt\/deflex-424-nalr\/","title":{"rendered":"DEFLEX 424\/NALR"},"content":{"rendered":"","protected":false},"excerpt":{"rendered":"<p>Profil pod\u0142ogowy nak\u0142adkowy wykonany w ca\u0142o\u015bci z aluminium, przeznaczony do monta\u017cu w p\u00f3\u017aniejszym etapie realizacji, na wyko\u0144czonych powierzchniach pod\u0142\u00f3g. Charakteryzuje si\u0119 ryflowan\u0105 powierzchni\u0105 wykonan\u0105 z wysokiej jako\u015bci aluminium oraz estetycznym wygl\u0105dem. Dodatkowo wk\u0142adka z tworzywa sztucznego zabezpiecza szczelin\u0119 dylatacyjn\u0105 przed przenikaniem wody i wilgoci do niej. Profil znajduje zastosowanie pod r\u00f3\u017cnego rodzaje wyko\u0144czenia: jastrych, kamie\u0144 naturalny, imitacje kamienia itp. Szczeg\u00f3lnie polecany jest w obiektach u\u017cyteczno\u015bci publicznej takich jak banki, hale lotnisk, dworce kolejowe. Profil spe\u0142nia wymogi odporno\u015bci ogniowej dla klasy E wed\u0142ug normy PN-EN 13501-1 wed\u0142ug kt\u00f3rej wyroby zdolne s\u0105 przeciwstawia\u0107 si\u0119 \u2013 w kr\u00f3tkim czasie- oddzia\u0142ywaniu ma\u0142ego p\u0142omienia bez znacznego rozprzestrzeniania p\u0142omienia.<br \/>\nProfil wyst\u0119puje w wersji p\u0142askiej i naro\u017cnej.<br \/>\nNale\u017cy przestrzega\u0107 zalece\u0144 i uwag dotycz\u0105cych monta\u017cu.<\/p>\n","protected":false},"featured_media":5355,"template":"","meta":{"_acf_changed":false},"product_cat":[166],"product_tag":[],"class_list":{"0":"post-4488","1":"product","2":"type-product","3":"status-publish","4":"has-post-thumbnail","6":"product_cat-profile-podlogowe-pelnego-metalu","8":"first","9":"instock","10":"shipping-taxable","11":"product-type-simple"},"acf":[],"yoast_head":"<!-- This site is optimized with the Yoast SEO plugin v27.3 - https:\/\/yoast.com\/product\/yoast-seo-wordpress\/ -->\n<title>DEFLEX 424\/NALR Elegancki Profil Pod\u0142ogowy Nak\u0142adkowy!<\/title>\n<meta name=\"description\" content=\"DEFLEX 424\/NALR zapewnia ochron\u0119 przed wilgoci\u0105. Wk\u0142adka z tworzywa sztucznego. Doskona\u0142y do r\u00f3\u017cnych wyko\u0144cze\u0144 i obiekt\u00f3w u\u017cyteczno\u015bci publicznej.\" \/>\n<meta name=\"robots\" content=\"noindex, follow, max-snippet:-1, max-image-preview:large, max-video-preview:-1\" \/>\n<meta property=\"og:locale\" content=\"pl_PL\" \/>\n<meta property=\"og:type\" content=\"article\" \/>\n<meta property=\"og:title\" content=\"DEFLEX 424\/NALR Elegancki Profil Pod\u0142ogowy Nak\u0142adkowy!\" \/>\n<meta property=\"og:description\" content=\"DEFLEX 424\/NALR zapewnia ochron\u0119 przed wilgoci\u0105. Wk\u0142adka z tworzywa sztucznego. Doskona\u0142y do r\u00f3\u017cnych wyko\u0144cze\u0144 i obiekt\u00f3w u\u017cyteczno\u015bci publicznej.\" \/>\n<meta property=\"og:url\" content=\"https:\/\/ugwp.cfolks.pl\/bwb\/produkt\/deflex-424-nalr\/\" \/>\n<meta property=\"og:site_name\" content=\"BWB technology\" \/>\n<meta property=\"article:modified_time\" content=\"2024-07-12T17:08:37+00:00\" \/>\n<meta property=\"og:image\" content=\"https:\/\/ugwp.cfolks.pl\/bwb\/wp-content\/uploads\/DEFLEX-424NALR.jpg\" \/>\n\t<meta property=\"og:image:width\" content=\"1100\" \/>\n\t<meta property=\"og:image:height\" content=\"810\" \/>\n\t<meta property=\"og:image:type\" content=\"image\/jpeg\" \/>\n<meta name=\"twitter:card\" content=\"summary_large_image\" \/>\n<meta name=\"twitter:label1\" content=\"Szacowany czas czytania\" \/>\n\t<meta name=\"twitter:data1\" content=\"1 minuta\" \/>\n<script type=\"application\/ld+json\" class=\"yoast-schema-graph\">{\"@context\":\"https:\\\/\\\/schema.org\",\"@graph\":[{\"@type\":\"WebPage\",\"@id\":\"https:\\\/\\\/ugwp.cfolks.pl\\\/bwb\\\/produkt\\\/deflex-424-nalr\\\/\",\"url\":\"https:\\\/\\\/ugwp.cfolks.pl\\\/bwb\\\/produkt\\\/deflex-424-nalr\\\/\",\"name\":\"DEFLEX 424\\\/NALR Elegancki Profil Pod\u0142ogowy Nak\u0142adkowy!\",\"isPartOf\":{\"@id\":\"https:\\\/\\\/ugwp.cfolks.pl\\\/bwb\\\/#website\"},\"primaryImageOfPage\":{\"@id\":\"https:\\\/\\\/ugwp.cfolks.pl\\\/bwb\\\/produkt\\\/deflex-424-nalr\\\/#primaryimage\"},\"image\":{\"@id\":\"https:\\\/\\\/ugwp.cfolks.pl\\\/bwb\\\/produkt\\\/deflex-424-nalr\\\/#primaryimage\"},\"thumbnailUrl\":\"https:\\\/\\\/ugwp.cfolks.pl\\\/bwb\\\/wp-content\\\/uploads\\\/DEFLEX-424NALR.jpg\",\"datePublished\":\"2023-10-11T10:45:07+00:00\",\"dateModified\":\"2024-07-12T17:08:37+00:00\",\"description\":\"DEFLEX 424\\\/NALR zapewnia ochron\u0119 przed wilgoci\u0105. Wk\u0142adka z tworzywa sztucznego. Doskona\u0142y do r\u00f3\u017cnych wyko\u0144cze\u0144 i obiekt\u00f3w u\u017cyteczno\u015bci publicznej.\",\"breadcrumb\":{\"@id\":\"https:\\\/\\\/ugwp.cfolks.pl\\\/bwb\\\/produkt\\\/deflex-424-nalr\\\/#breadcrumb\"},\"inLanguage\":\"pl-PL\",\"potentialAction\":[{\"@type\":\"ReadAction\",\"target\":[\"https:\\\/\\\/ugwp.cfolks.pl\\\/bwb\\\/produkt\\\/deflex-424-nalr\\\/\"]}]},{\"@type\":\"ImageObject\",\"inLanguage\":\"pl-PL\",\"@id\":\"https:\\\/\\\/ugwp.cfolks.pl\\\/bwb\\\/produkt\\\/deflex-424-nalr\\\/#primaryimage\",\"url\":\"https:\\\/\\\/ugwp.cfolks.pl\\\/bwb\\\/wp-content\\\/uploads\\\/DEFLEX-424NALR.jpg\",\"contentUrl\":\"https:\\\/\\\/ugwp.cfolks.pl\\\/bwb\\\/wp-content\\\/uploads\\\/DEFLEX-424NALR.jpg\",\"width\":1100,\"height\":810,\"caption\":\"Profil dylatacyjny DEFLEX 424\\\/NALR\"},{\"@type\":\"BreadcrumbList\",\"@id\":\"https:\\\/\\\/ugwp.cfolks.pl\\\/bwb\\\/produkt\\\/deflex-424-nalr\\\/#breadcrumb\",\"itemListElement\":[{\"@type\":\"ListItem\",\"position\":1,\"name\":\"Strona g\u0142\u00f3wna\",\"item\":\"https:\\\/\\\/ugwp.cfolks.pl\\\/bwb\\\/\"},{\"@type\":\"ListItem\",\"position\":2,\"name\":\"Profile Dylatacyjne\",\"item\":\"https:\\\/\\\/ugwp.cfolks.pl\\\/bwb\\\/kategoria\\\/profile-dylatacyjne\\\/\"},{\"@type\":\"ListItem\",\"position\":3,\"name\":\"Profile pod\u0142ogowe pe\u0142nego metalu\",\"item\":\"https:\\\/\\\/ugwp.cfolks.pl\\\/bwb\\\/kategoria\\\/profile-dylatacyjne\\\/profile-podlogowe-pelnego-metalu\\\/\"},{\"@type\":\"ListItem\",\"position\":4,\"name\":\"DEFLEX 424\\\/NALR\"}]},{\"@type\":\"WebSite\",\"@id\":\"https:\\\/\\\/ugwp.cfolks.pl\\\/bwb\\\/#website\",\"url\":\"https:\\\/\\\/ugwp.cfolks.pl\\\/bwb\\\/\",\"name\":\"BWB technology\",\"description\":\"Kolejna witryna oparta na WordPressie\",\"potentialAction\":[{\"@type\":\"SearchAction\",\"target\":{\"@type\":\"EntryPoint\",\"urlTemplate\":\"https:\\\/\\\/ugwp.cfolks.pl\\\/bwb\\\/?s={search_term_string}\"},\"query-input\":{\"@type\":\"PropertyValueSpecification\",\"valueRequired\":true,\"valueName\":\"search_term_string\"}}],\"inLanguage\":\"pl-PL\"}]}<\/script>\n<!-- \/ Yoast SEO plugin. -->","yoast_head_json":{"title":"DEFLEX 424\/NALR Elegancki Profil Pod\u0142ogowy Nak\u0142adkowy!","description":"DEFLEX 424\/NALR zapewnia ochron\u0119 przed wilgoci\u0105. Wk\u0142adka z tworzywa sztucznego. Doskona\u0142y do r\u00f3\u017cnych wyko\u0144cze\u0144 i obiekt\u00f3w u\u017cyteczno\u015bci publicznej.","robots":{"index":"noindex","follow":"follow","max-snippet":"max-snippet:-1","max-image-preview":"max-image-preview:large","max-video-preview":"max-video-preview:-1"},"og_locale":"pl_PL","og_type":"article","og_title":"DEFLEX 424\/NALR Elegancki Profil Pod\u0142ogowy Nak\u0142adkowy!","og_description":"DEFLEX 424\/NALR zapewnia ochron\u0119 przed wilgoci\u0105. Wk\u0142adka z tworzywa sztucznego. Doskona\u0142y do r\u00f3\u017cnych wyko\u0144cze\u0144 i obiekt\u00f3w u\u017cyteczno\u015bci publicznej.","og_url":"https:\/\/ugwp.cfolks.pl\/bwb\/produkt\/deflex-424-nalr\/","og_site_name":"BWB technology","article_modified_time":"2024-07-12T17:08:37+00:00","og_image":[{"width":1100,"height":810,"url":"https:\/\/ugwp.cfolks.pl\/bwb\/wp-content\/uploads\/DEFLEX-424NALR.jpg","type":"image\/jpeg"}],"twitter_card":"summary_large_image","twitter_misc":{"Szacowany czas czytania":"1 minuta"},"schema":{"@context":"https:\/\/schema.org","@graph":[{"@type":"WebPage","@id":"https:\/\/ugwp.cfolks.pl\/bwb\/produkt\/deflex-424-nalr\/","url":"https:\/\/ugwp.cfolks.pl\/bwb\/produkt\/deflex-424-nalr\/","name":"DEFLEX 424\/NALR Elegancki Profil Pod\u0142ogowy Nak\u0142adkowy!","isPartOf":{"@id":"https:\/\/ugwp.cfolks.pl\/bwb\/#website"},"primaryImageOfPage":{"@id":"https:\/\/ugwp.cfolks.pl\/bwb\/produkt\/deflex-424-nalr\/#primaryimage"},"image":{"@id":"https:\/\/ugwp.cfolks.pl\/bwb\/produkt\/deflex-424-nalr\/#primaryimage"},"thumbnailUrl":"https:\/\/ugwp.cfolks.pl\/bwb\/wp-content\/uploads\/DEFLEX-424NALR.jpg","datePublished":"2023-10-11T10:45:07+00:00","dateModified":"2024-07-12T17:08:37+00:00","description":"DEFLEX 424\/NALR zapewnia ochron\u0119 przed wilgoci\u0105. Wk\u0142adka z tworzywa sztucznego. Doskona\u0142y do r\u00f3\u017cnych wyko\u0144cze\u0144 i obiekt\u00f3w u\u017cyteczno\u015bci publicznej.","breadcrumb":{"@id":"https:\/\/ugwp.cfolks.pl\/bwb\/produkt\/deflex-424-nalr\/#breadcrumb"},"inLanguage":"pl-PL","potentialAction":[{"@type":"ReadAction","target":["https:\/\/ugwp.cfolks.pl\/bwb\/produkt\/deflex-424-nalr\/"]}]},{"@type":"ImageObject","inLanguage":"pl-PL","@id":"https:\/\/ugwp.cfolks.pl\/bwb\/produkt\/deflex-424-nalr\/#primaryimage","url":"https:\/\/ugwp.cfolks.pl\/bwb\/wp-content\/uploads\/DEFLEX-424NALR.jpg","contentUrl":"https:\/\/ugwp.cfolks.pl\/bwb\/wp-content\/uploads\/DEFLEX-424NALR.jpg","width":1100,"height":810,"caption":"Profil dylatacyjny DEFLEX 424\/NALR"},{"@type":"BreadcrumbList","@id":"https:\/\/ugwp.cfolks.pl\/bwb\/produkt\/deflex-424-nalr\/#breadcrumb","itemListElement":[{"@type":"ListItem","position":1,"name":"Strona g\u0142\u00f3wna","item":"https:\/\/ugwp.cfolks.pl\/bwb\/"},{"@type":"ListItem","position":2,"name":"Profile Dylatacyjne","item":"https:\/\/ugwp.cfolks.pl\/bwb\/kategoria\/profile-dylatacyjne\/"},{"@type":"ListItem","position":3,"name":"Profile pod\u0142ogowe pe\u0142nego metalu","item":"https:\/\/ugwp.cfolks.pl\/bwb\/kategoria\/profile-dylatacyjne\/profile-podlogowe-pelnego-metalu\/"},{"@type":"ListItem","position":4,"name":"DEFLEX 424\/NALR"}]},{"@type":"WebSite","@id":"https:\/\/ugwp.cfolks.pl\/bwb\/#website","url":"https:\/\/ugwp.cfolks.pl\/bwb\/","name":"BWB technology","description":"Kolejna witryna oparta na WordPressie","potentialAction":[{"@type":"SearchAction","target":{"@type":"EntryPoint","urlTemplate":"https:\/\/ugwp.cfolks.pl\/bwb\/?s={search_term_string}"},"query-input":{"@type":"PropertyValueSpecification","valueRequired":true,"valueName":"search_term_string"}}],"inLanguage":"pl-PL"}]}},"_links":{"self":[{"href":"https:\/\/ugwp.cfolks.pl\/bwb\/wp-json\/wp\/v2\/product\/4488","targetHints":{"allow":["GET"]}}],"collection":[{"href":"https:\/\/ugwp.cfolks.pl\/bwb\/wp-json\/wp\/v2\/product"}],"about":[{"href":"https:\/\/ugwp.cfolks.pl\/bwb\/wp-json\/wp\/v2\/types\/product"}],"wp:featuredmedia":[{"embeddable":true,"href":"https:\/\/ugwp.cfolks.pl\/bwb\/wp-json\/wp\/v2\/media\/5355"}],"wp:attachment":[{"href":"https:\/\/ugwp.cfolks.pl\/bwb\/wp-json\/wp\/v2\/media?parent=4488"}],"wp:term":[{"taxonomy":"product_cat","embeddable":true,"href":"https:\/\/ugwp.cfolks.pl\/bwb\/wp-json\/wp\/v2\/product_cat?post=4488"},{"taxonomy":"product_tag","embeddable":true,"href":"https:\/\/ugwp.cfolks.pl\/bwb\/wp-json\/wp\/v2\/product_tag?post=4488"}],"curies":[{"name":"wp","href":"https:\/\/api.w.org\/{rel}","templated":true}]}}