{"id":4474,"date":"2023-10-11T12:37:50","date_gmt":"2023-10-11T10:37:50","guid":{"rendered":"https:\/\/ugwp.cfolks.pl\/bwb\/?post_type=product&#038;p=4474"},"modified":"2024-07-12T18:16:25","modified_gmt":"2024-07-12T16:16:25","slug":"deflex-446-cl","status":"publish","type":"product","link":"https:\/\/ugwp.cfolks.pl\/bwb\/produkt\/deflex-446-cl\/","title":{"rendered":"DEFLEX 446\/cl"},"content":{"rendered":"","protected":false},"excerpt":{"rendered":"<p>Profil pod\u0142ogowy wykonany z aluminium, H-PCW oraz tworzywa sztucznego Nitriflex\u00ae, przeznaczony do monta\u017cu na niewyko\u0144czonych powierzchniach pod\u0142\u00f3g. Charakteryzuje si\u0119 antypo\u015blizgow\u0105 wymienn\u0105 wk\u0142adk\u0105 oraz estetycznym wygl\u0105dem. Profil wyr\u00f3\u017cnia \u015brodkowe wzmocnienie z H-PCW. Profil znajduje zastosowanie pod r\u00f3\u017cnego rodzaju wyko\u0144czenia: jastrych, kamie\u0144 naturalny, imitacje kamienia itp. Szczeg\u00f3lnie polecany jest do stosowania w obiektach takich jak budynki biurowe, banki, hotele itp. Profil spe\u0142nia wymogi odporno\u015bci ogniowej dla klasy E wed\u0142ug normy PN-EN 13501-1 wed\u0142ug kt\u00f3rej wyroby zdolne s\u0105 przeciwstawia\u0107 si\u0119 \u2013 w kr\u00f3tkim czasie \u2013 oddzia\u0142ywaniu ma\u0142ego p\u0142omienia bez znacznego rozprzestrzeniania p\u0142omienia.<\/p>\n<p>Profil wyst\u0119puje w wersji p\u0142askiej, naro\u017cnej E i naro\u017cnej EV.<\/p>\n<p>Nale\u017cy przestrzega\u0107 zalece\u0144 i uwag dotycz\u0105cych monta\u017cu.<\/p>\n","protected":false},"featured_media":5339,"template":"","meta":{"_acf_changed":false},"product_cat":[165],"product_tag":[],"class_list":{"0":"post-4474","1":"product","2":"type-product","3":"status-publish","4":"has-post-thumbnail","6":"product_cat-profile-podlogowe-z-wkladka-elastomerowa","8":"first","9":"instock","10":"shipping-taxable","11":"product-type-simple"},"acf":[],"yoast_head":"<!-- This site is optimized with the Yoast SEO plugin v27.3 - https:\/\/yoast.com\/product\/yoast-seo-wordpress\/ -->\n<title>DEFLEX 446\/cl Profil Pod\u0142ogowy Antypo\u015blizgowy z Wk\u0142adk\u0105!<\/title>\n<meta name=\"description\" content=\"DEFLEX 446\/cl antypo\u015blizgowy, estetyczny, z wymienn\u0105 wk\u0142adk\u0105. Idealny do biur, bank\u00f3w, hoteli. Zapewnia bezpiecze\u0144stw na niewyko\u0144czonych pod\u0142ogach.\" \/>\n<meta name=\"robots\" content=\"noindex, follow, max-snippet:-1, max-image-preview:large, max-video-preview:-1\" \/>\n<meta property=\"og:locale\" content=\"pl_PL\" \/>\n<meta property=\"og:type\" content=\"article\" \/>\n<meta property=\"og:title\" content=\"DEFLEX 446\/cl Profil Pod\u0142ogowy Antypo\u015blizgowy z Wk\u0142adk\u0105!\" \/>\n<meta property=\"og:description\" content=\"DEFLEX 446\/cl antypo\u015blizgowy, estetyczny, z wymienn\u0105 wk\u0142adk\u0105. Idealny do biur, bank\u00f3w, hoteli. Zapewnia bezpiecze\u0144stw na niewyko\u0144czonych pod\u0142ogach.\" \/>\n<meta property=\"og:url\" content=\"https:\/\/ugwp.cfolks.pl\/bwb\/produkt\/deflex-446-cl\/\" \/>\n<meta property=\"og:site_name\" content=\"BWB technology\" \/>\n<meta property=\"article:modified_time\" content=\"2024-07-12T16:16:25+00:00\" \/>\n<meta property=\"og:image\" content=\"https:\/\/ugwp.cfolks.pl\/bwb\/wp-content\/uploads\/DEFLEX-446cl.jpg\" \/>\n\t<meta property=\"og:image:width\" content=\"1100\" \/>\n\t<meta property=\"og:image:height\" content=\"810\" \/>\n\t<meta property=\"og:image:type\" content=\"image\/jpeg\" \/>\n<meta name=\"twitter:card\" content=\"summary_large_image\" \/>\n<meta name=\"twitter:label1\" content=\"Szacowany czas czytania\" \/>\n\t<meta name=\"twitter:data1\" content=\"1 minuta\" \/>\n<script type=\"application\/ld+json\" class=\"yoast-schema-graph\">{\"@context\":\"https:\\\/\\\/schema.org\",\"@graph\":[{\"@type\":\"WebPage\",\"@id\":\"https:\\\/\\\/ugwp.cfolks.pl\\\/bwb\\\/produkt\\\/deflex-446-cl\\\/\",\"url\":\"https:\\\/\\\/ugwp.cfolks.pl\\\/bwb\\\/produkt\\\/deflex-446-cl\\\/\",\"name\":\"DEFLEX 446\\\/cl Profil Pod\u0142ogowy Antypo\u015blizgowy z Wk\u0142adk\u0105!\",\"isPartOf\":{\"@id\":\"https:\\\/\\\/ugwp.cfolks.pl\\\/bwb\\\/#website\"},\"primaryImageOfPage\":{\"@id\":\"https:\\\/\\\/ugwp.cfolks.pl\\\/bwb\\\/produkt\\\/deflex-446-cl\\\/#primaryimage\"},\"image\":{\"@id\":\"https:\\\/\\\/ugwp.cfolks.pl\\\/bwb\\\/produkt\\\/deflex-446-cl\\\/#primaryimage\"},\"thumbnailUrl\":\"https:\\\/\\\/ugwp.cfolks.pl\\\/bwb\\\/wp-content\\\/uploads\\\/DEFLEX-446cl.jpg\",\"datePublished\":\"2023-10-11T10:37:50+00:00\",\"dateModified\":\"2024-07-12T16:16:25+00:00\",\"description\":\"DEFLEX 446\\\/cl antypo\u015blizgowy, estetyczny, z wymienn\u0105 wk\u0142adk\u0105. Idealny do biur, bank\u00f3w, hoteli. Zapewnia bezpiecze\u0144stw na niewyko\u0144czonych pod\u0142ogach.\",\"breadcrumb\":{\"@id\":\"https:\\\/\\\/ugwp.cfolks.pl\\\/bwb\\\/produkt\\\/deflex-446-cl\\\/#breadcrumb\"},\"inLanguage\":\"pl-PL\",\"potentialAction\":[{\"@type\":\"ReadAction\",\"target\":[\"https:\\\/\\\/ugwp.cfolks.pl\\\/bwb\\\/produkt\\\/deflex-446-cl\\\/\"]}]},{\"@type\":\"ImageObject\",\"inLanguage\":\"pl-PL\",\"@id\":\"https:\\\/\\\/ugwp.cfolks.pl\\\/bwb\\\/produkt\\\/deflex-446-cl\\\/#primaryimage\",\"url\":\"https:\\\/\\\/ugwp.cfolks.pl\\\/bwb\\\/wp-content\\\/uploads\\\/DEFLEX-446cl.jpg\",\"contentUrl\":\"https:\\\/\\\/ugwp.cfolks.pl\\\/bwb\\\/wp-content\\\/uploads\\\/DEFLEX-446cl.jpg\",\"width\":1100,\"height\":810,\"caption\":\"Profil dylatacyjny 446\\\/cl\"},{\"@type\":\"BreadcrumbList\",\"@id\":\"https:\\\/\\\/ugwp.cfolks.pl\\\/bwb\\\/produkt\\\/deflex-446-cl\\\/#breadcrumb\",\"itemListElement\":[{\"@type\":\"ListItem\",\"position\":1,\"name\":\"Strona g\u0142\u00f3wna\",\"item\":\"https:\\\/\\\/ugwp.cfolks.pl\\\/bwb\\\/\"},{\"@type\":\"ListItem\",\"position\":2,\"name\":\"Profile Dylatacyjne\",\"item\":\"https:\\\/\\\/ugwp.cfolks.pl\\\/bwb\\\/kategoria\\\/profile-dylatacyjne\\\/\"},{\"@type\":\"ListItem\",\"position\":3,\"name\":\"Profile pod\u0142ogowe z wk\u0142adk\u0105 elastomerow\u0105\",\"item\":\"https:\\\/\\\/ugwp.cfolks.pl\\\/bwb\\\/kategoria\\\/profile-dylatacyjne\\\/profile-podlogowe-z-wkladka-elastomerowa\\\/\"},{\"@type\":\"ListItem\",\"position\":4,\"name\":\"DEFLEX 446\\\/cl\"}]},{\"@type\":\"WebSite\",\"@id\":\"https:\\\/\\\/ugwp.cfolks.pl\\\/bwb\\\/#website\",\"url\":\"https:\\\/\\\/ugwp.cfolks.pl\\\/bwb\\\/\",\"name\":\"BWB technology\",\"description\":\"Kolejna witryna oparta na WordPressie\",\"potentialAction\":[{\"@type\":\"SearchAction\",\"target\":{\"@type\":\"EntryPoint\",\"urlTemplate\":\"https:\\\/\\\/ugwp.cfolks.pl\\\/bwb\\\/?s={search_term_string}\"},\"query-input\":{\"@type\":\"PropertyValueSpecification\",\"valueRequired\":true,\"valueName\":\"search_term_string\"}}],\"inLanguage\":\"pl-PL\"}]}<\/script>\n<!-- \/ Yoast SEO plugin. -->","yoast_head_json":{"title":"DEFLEX 446\/cl Profil Pod\u0142ogowy Antypo\u015blizgowy z Wk\u0142adk\u0105!","description":"DEFLEX 446\/cl antypo\u015blizgowy, estetyczny, z wymienn\u0105 wk\u0142adk\u0105. Idealny do biur, bank\u00f3w, hoteli. Zapewnia bezpiecze\u0144stw na niewyko\u0144czonych pod\u0142ogach.","robots":{"index":"noindex","follow":"follow","max-snippet":"max-snippet:-1","max-image-preview":"max-image-preview:large","max-video-preview":"max-video-preview:-1"},"og_locale":"pl_PL","og_type":"article","og_title":"DEFLEX 446\/cl Profil Pod\u0142ogowy Antypo\u015blizgowy z Wk\u0142adk\u0105!","og_description":"DEFLEX 446\/cl antypo\u015blizgowy, estetyczny, z wymienn\u0105 wk\u0142adk\u0105. Idealny do biur, bank\u00f3w, hoteli. Zapewnia bezpiecze\u0144stw na niewyko\u0144czonych pod\u0142ogach.","og_url":"https:\/\/ugwp.cfolks.pl\/bwb\/produkt\/deflex-446-cl\/","og_site_name":"BWB technology","article_modified_time":"2024-07-12T16:16:25+00:00","og_image":[{"width":1100,"height":810,"url":"https:\/\/ugwp.cfolks.pl\/bwb\/wp-content\/uploads\/DEFLEX-446cl.jpg","type":"image\/jpeg"}],"twitter_card":"summary_large_image","twitter_misc":{"Szacowany czas czytania":"1 minuta"},"schema":{"@context":"https:\/\/schema.org","@graph":[{"@type":"WebPage","@id":"https:\/\/ugwp.cfolks.pl\/bwb\/produkt\/deflex-446-cl\/","url":"https:\/\/ugwp.cfolks.pl\/bwb\/produkt\/deflex-446-cl\/","name":"DEFLEX 446\/cl Profil Pod\u0142ogowy Antypo\u015blizgowy z Wk\u0142adk\u0105!","isPartOf":{"@id":"https:\/\/ugwp.cfolks.pl\/bwb\/#website"},"primaryImageOfPage":{"@id":"https:\/\/ugwp.cfolks.pl\/bwb\/produkt\/deflex-446-cl\/#primaryimage"},"image":{"@id":"https:\/\/ugwp.cfolks.pl\/bwb\/produkt\/deflex-446-cl\/#primaryimage"},"thumbnailUrl":"https:\/\/ugwp.cfolks.pl\/bwb\/wp-content\/uploads\/DEFLEX-446cl.jpg","datePublished":"2023-10-11T10:37:50+00:00","dateModified":"2024-07-12T16:16:25+00:00","description":"DEFLEX 446\/cl antypo\u015blizgowy, estetyczny, z wymienn\u0105 wk\u0142adk\u0105. Idealny do biur, bank\u00f3w, hoteli. Zapewnia bezpiecze\u0144stw na niewyko\u0144czonych pod\u0142ogach.","breadcrumb":{"@id":"https:\/\/ugwp.cfolks.pl\/bwb\/produkt\/deflex-446-cl\/#breadcrumb"},"inLanguage":"pl-PL","potentialAction":[{"@type":"ReadAction","target":["https:\/\/ugwp.cfolks.pl\/bwb\/produkt\/deflex-446-cl\/"]}]},{"@type":"ImageObject","inLanguage":"pl-PL","@id":"https:\/\/ugwp.cfolks.pl\/bwb\/produkt\/deflex-446-cl\/#primaryimage","url":"https:\/\/ugwp.cfolks.pl\/bwb\/wp-content\/uploads\/DEFLEX-446cl.jpg","contentUrl":"https:\/\/ugwp.cfolks.pl\/bwb\/wp-content\/uploads\/DEFLEX-446cl.jpg","width":1100,"height":810,"caption":"Profil dylatacyjny 446\/cl"},{"@type":"BreadcrumbList","@id":"https:\/\/ugwp.cfolks.pl\/bwb\/produkt\/deflex-446-cl\/#breadcrumb","itemListElement":[{"@type":"ListItem","position":1,"name":"Strona g\u0142\u00f3wna","item":"https:\/\/ugwp.cfolks.pl\/bwb\/"},{"@type":"ListItem","position":2,"name":"Profile Dylatacyjne","item":"https:\/\/ugwp.cfolks.pl\/bwb\/kategoria\/profile-dylatacyjne\/"},{"@type":"ListItem","position":3,"name":"Profile pod\u0142ogowe z wk\u0142adk\u0105 elastomerow\u0105","item":"https:\/\/ugwp.cfolks.pl\/bwb\/kategoria\/profile-dylatacyjne\/profile-podlogowe-z-wkladka-elastomerowa\/"},{"@type":"ListItem","position":4,"name":"DEFLEX 446\/cl"}]},{"@type":"WebSite","@id":"https:\/\/ugwp.cfolks.pl\/bwb\/#website","url":"https:\/\/ugwp.cfolks.pl\/bwb\/","name":"BWB technology","description":"Kolejna witryna oparta na WordPressie","potentialAction":[{"@type":"SearchAction","target":{"@type":"EntryPoint","urlTemplate":"https:\/\/ugwp.cfolks.pl\/bwb\/?s={search_term_string}"},"query-input":{"@type":"PropertyValueSpecification","valueRequired":true,"valueName":"search_term_string"}}],"inLanguage":"pl-PL"}]}},"_links":{"self":[{"href":"https:\/\/ugwp.cfolks.pl\/bwb\/wp-json\/wp\/v2\/product\/4474","targetHints":{"allow":["GET"]}}],"collection":[{"href":"https:\/\/ugwp.cfolks.pl\/bwb\/wp-json\/wp\/v2\/product"}],"about":[{"href":"https:\/\/ugwp.cfolks.pl\/bwb\/wp-json\/wp\/v2\/types\/product"}],"wp:featuredmedia":[{"embeddable":true,"href":"https:\/\/ugwp.cfolks.pl\/bwb\/wp-json\/wp\/v2\/media\/5339"}],"wp:attachment":[{"href":"https:\/\/ugwp.cfolks.pl\/bwb\/wp-json\/wp\/v2\/media?parent=4474"}],"wp:term":[{"taxonomy":"product_cat","embeddable":true,"href":"https:\/\/ugwp.cfolks.pl\/bwb\/wp-json\/wp\/v2\/product_cat?post=4474"},{"taxonomy":"product_tag","embeddable":true,"href":"https:\/\/ugwp.cfolks.pl\/bwb\/wp-json\/wp\/v2\/product_tag?post=4474"}],"curies":[{"name":"wp","href":"https:\/\/api.w.org\/{rel}","templated":true}]}}