{"id":4459,"date":"2023-10-11T12:29:32","date_gmt":"2023-10-11T10:29:32","guid":{"rendered":"https:\/\/ugwp.cfolks.pl\/bwb\/?post_type=product&#038;p=4459"},"modified":"2026-02-09T12:44:30","modified_gmt":"2026-02-09T11:44:30","slug":"deflex-398","status":"publish","type":"product","link":"https:\/\/ugwp.cfolks.pl\/bwb\/produkt\/deflex-398\/","title":{"rendered":"DEFLEX 398"},"content":{"rendered":"","protected":false},"excerpt":{"rendered":"<p>Profil wyko\u0144czeniowy przeznaczony do trwa\u0142ego monta\u017cu w tynku za pomoc\u0105 kszta\u0142townik\u00f3w otworowanych wykonanych ze stali nierdzewnej. Mo\u017ce by\u0107 stosowany do wyko\u0144czenia szczelin dylatacyjnych zar\u00f3wno na powierzchniach \u015bciennych, jak i sufitowych z dowolnie wyko\u0144czeniem. Przeznaczony jest do stosowania wewn\u0105trz pomieszcze\u0144 nara\u017conych na dzia\u0142anie agresywnych medi\u00f3w. Specjalnie wyprofilowane kszta\u0142towniki no\u015bne zapewniaj\u0105 stabilne po\u0142o\u017cenie wk\u0142adki elastomerowej. Budowa wk\u0142adki elastomerowej zapewnia wysok\u0105 zdolno\u015b\u0107 kompensacji ruch\u00f3w budynku zar\u00f3wno w poziomie, jak i w pionie (\u015blizgowe po\u0142\u0105czenie wk\u0142adki z profilem). Istnieje mo\u017cliwo\u015b\u0107 wymiany wk\u0142adki elastomerowej bez konieczno\u015bci demonta\u017cu kszta\u0142townik\u00f3w aluminiowych. Profil posiada jednolite wzornictwo i tworzy jeden system z profilem pod\u0142ogowym DEFLEX 428.<br \/>\nWyst\u0119puje w wersji p\u0142askiej oraz naro\u017cnej.<br \/>\nNale\u017cy przestrzega\u0107 zalece\u0144 i uwag dotycz\u0105cych monta\u017cu.<\/p>\n","protected":false},"featured_media":7297,"template":"","meta":{"_acf_changed":false},"product_cat":[164],"product_tag":[],"class_list":{"0":"post-4459","1":"product","2":"type-product","3":"status-publish","4":"has-post-thumbnail","6":"product_cat-profile-scienne-i-sufitowe","8":"first","9":"instock","10":"shipping-taxable","11":"product-type-simple"},"acf":[],"yoast_head":"<!-- This site is optimized with the Yoast SEO plugin v27.3 - https:\/\/yoast.com\/product\/yoast-seo-wordpress\/ -->\n<title>DEFLEX 398 Profil Wyko\u0144czeniowy do Szczelin Dylatacyjnych!<\/title>\n<meta name=\"description\" content=\"DEFLEX 398 posiada jednolite wzornictwo. Monta\u017c ze stali nierdzewnej. Wysoka zdolno\u015b\u0107 kompensacji ruch\u00f3w budynku. Mo\u017cliwo\u015b\u0107 wymiany elastomerowej wk\u0142adki.\" \/>\n<meta name=\"robots\" content=\"noindex, follow, max-snippet:-1, max-image-preview:large, max-video-preview:-1\" \/>\n<meta property=\"og:locale\" content=\"pl_PL\" \/>\n<meta property=\"og:type\" content=\"article\" \/>\n<meta property=\"og:title\" content=\"DEFLEX 398 Profil Wyko\u0144czeniowy do Szczelin Dylatacyjnych!\" \/>\n<meta property=\"og:description\" content=\"DEFLEX 398 posiada jednolite wzornictwo. Monta\u017c ze stali nierdzewnej. Wysoka zdolno\u015b\u0107 kompensacji ruch\u00f3w budynku. Mo\u017cliwo\u015b\u0107 wymiany elastomerowej wk\u0142adki.\" \/>\n<meta property=\"og:url\" content=\"https:\/\/ugwp.cfolks.pl\/bwb\/produkt\/deflex-398\/\" \/>\n<meta property=\"og:site_name\" content=\"BWB technology\" \/>\n<meta property=\"article:modified_time\" content=\"2026-02-09T11:44:30+00:00\" \/>\n<meta property=\"og:image\" content=\"https:\/\/ugwp.cfolks.pl\/bwb\/wp-content\/uploads\/DEFLEX-398.jpg\" \/>\n\t<meta property=\"og:image:width\" content=\"1100\" \/>\n\t<meta property=\"og:image:height\" content=\"810\" \/>\n\t<meta property=\"og:image:type\" content=\"image\/jpeg\" \/>\n<meta name=\"twitter:card\" content=\"summary_large_image\" \/>\n<meta name=\"twitter:label1\" content=\"Szacowany czas czytania\" \/>\n\t<meta name=\"twitter:data1\" content=\"1 minuta\" \/>\n<script type=\"application\/ld+json\" class=\"yoast-schema-graph\">{\"@context\":\"https:\\\/\\\/schema.org\",\"@graph\":[{\"@type\":\"WebPage\",\"@id\":\"https:\\\/\\\/ugwp.cfolks.pl\\\/bwb\\\/produkt\\\/deflex-398\\\/\",\"url\":\"https:\\\/\\\/ugwp.cfolks.pl\\\/bwb\\\/produkt\\\/deflex-398\\\/\",\"name\":\"DEFLEX 398 Profil Wyko\u0144czeniowy do Szczelin Dylatacyjnych!\",\"isPartOf\":{\"@id\":\"https:\\\/\\\/ugwp.cfolks.pl\\\/bwb\\\/#website\"},\"primaryImageOfPage\":{\"@id\":\"https:\\\/\\\/ugwp.cfolks.pl\\\/bwb\\\/produkt\\\/deflex-398\\\/#primaryimage\"},\"image\":{\"@id\":\"https:\\\/\\\/ugwp.cfolks.pl\\\/bwb\\\/produkt\\\/deflex-398\\\/#primaryimage\"},\"thumbnailUrl\":\"https:\\\/\\\/ugwp.cfolks.pl\\\/bwb\\\/wp-content\\\/uploads\\\/DEFLEX-398.jpg\",\"datePublished\":\"2023-10-11T10:29:32+00:00\",\"dateModified\":\"2026-02-09T11:44:30+00:00\",\"description\":\"DEFLEX 398 posiada jednolite wzornictwo. Monta\u017c ze stali nierdzewnej. Wysoka zdolno\u015b\u0107 kompensacji ruch\u00f3w budynku. Mo\u017cliwo\u015b\u0107 wymiany elastomerowej wk\u0142adki.\",\"breadcrumb\":{\"@id\":\"https:\\\/\\\/ugwp.cfolks.pl\\\/bwb\\\/produkt\\\/deflex-398\\\/#breadcrumb\"},\"inLanguage\":\"pl-PL\",\"potentialAction\":[{\"@type\":\"ReadAction\",\"target\":[\"https:\\\/\\\/ugwp.cfolks.pl\\\/bwb\\\/produkt\\\/deflex-398\\\/\"]}]},{\"@type\":\"ImageObject\",\"inLanguage\":\"pl-PL\",\"@id\":\"https:\\\/\\\/ugwp.cfolks.pl\\\/bwb\\\/produkt\\\/deflex-398\\\/#primaryimage\",\"url\":\"https:\\\/\\\/ugwp.cfolks.pl\\\/bwb\\\/wp-content\\\/uploads\\\/DEFLEX-398.jpg\",\"contentUrl\":\"https:\\\/\\\/ugwp.cfolks.pl\\\/bwb\\\/wp-content\\\/uploads\\\/DEFLEX-398.jpg\",\"width\":1100,\"height\":810,\"caption\":\"Profil dylatacyjny DEFLEX 398\"},{\"@type\":\"BreadcrumbList\",\"@id\":\"https:\\\/\\\/ugwp.cfolks.pl\\\/bwb\\\/produkt\\\/deflex-398\\\/#breadcrumb\",\"itemListElement\":[{\"@type\":\"ListItem\",\"position\":1,\"name\":\"Strona g\u0142\u00f3wna\",\"item\":\"https:\\\/\\\/ugwp.cfolks.pl\\\/bwb\\\/\"},{\"@type\":\"ListItem\",\"position\":2,\"name\":\"Profile Dylatacyjne\",\"item\":\"https:\\\/\\\/ugwp.cfolks.pl\\\/bwb\\\/kategoria\\\/profile-dylatacyjne\\\/\"},{\"@type\":\"ListItem\",\"position\":3,\"name\":\"Profile \u015bcienne i sufitowe\",\"item\":\"https:\\\/\\\/ugwp.cfolks.pl\\\/bwb\\\/kategoria\\\/profile-dylatacyjne\\\/profile-scienne-i-sufitowe\\\/\"},{\"@type\":\"ListItem\",\"position\":4,\"name\":\"DEFLEX 398\"}]},{\"@type\":\"WebSite\",\"@id\":\"https:\\\/\\\/ugwp.cfolks.pl\\\/bwb\\\/#website\",\"url\":\"https:\\\/\\\/ugwp.cfolks.pl\\\/bwb\\\/\",\"name\":\"BWB technology\",\"description\":\"Kolejna witryna oparta na WordPressie\",\"potentialAction\":[{\"@type\":\"SearchAction\",\"target\":{\"@type\":\"EntryPoint\",\"urlTemplate\":\"https:\\\/\\\/ugwp.cfolks.pl\\\/bwb\\\/?s={search_term_string}\"},\"query-input\":{\"@type\":\"PropertyValueSpecification\",\"valueRequired\":true,\"valueName\":\"search_term_string\"}}],\"inLanguage\":\"pl-PL\"}]}<\/script>\n<!-- \/ Yoast SEO plugin. -->","yoast_head_json":{"title":"DEFLEX 398 Profil Wyko\u0144czeniowy do Szczelin Dylatacyjnych!","description":"DEFLEX 398 posiada jednolite wzornictwo. Monta\u017c ze stali nierdzewnej. Wysoka zdolno\u015b\u0107 kompensacji ruch\u00f3w budynku. Mo\u017cliwo\u015b\u0107 wymiany elastomerowej wk\u0142adki.","robots":{"index":"noindex","follow":"follow","max-snippet":"max-snippet:-1","max-image-preview":"max-image-preview:large","max-video-preview":"max-video-preview:-1"},"og_locale":"pl_PL","og_type":"article","og_title":"DEFLEX 398 Profil Wyko\u0144czeniowy do Szczelin Dylatacyjnych!","og_description":"DEFLEX 398 posiada jednolite wzornictwo. Monta\u017c ze stali nierdzewnej. Wysoka zdolno\u015b\u0107 kompensacji ruch\u00f3w budynku. Mo\u017cliwo\u015b\u0107 wymiany elastomerowej wk\u0142adki.","og_url":"https:\/\/ugwp.cfolks.pl\/bwb\/produkt\/deflex-398\/","og_site_name":"BWB technology","article_modified_time":"2026-02-09T11:44:30+00:00","og_image":[{"width":1100,"height":810,"url":"https:\/\/ugwp.cfolks.pl\/bwb\/wp-content\/uploads\/DEFLEX-398.jpg","type":"image\/jpeg"}],"twitter_card":"summary_large_image","twitter_misc":{"Szacowany czas czytania":"1 minuta"},"schema":{"@context":"https:\/\/schema.org","@graph":[{"@type":"WebPage","@id":"https:\/\/ugwp.cfolks.pl\/bwb\/produkt\/deflex-398\/","url":"https:\/\/ugwp.cfolks.pl\/bwb\/produkt\/deflex-398\/","name":"DEFLEX 398 Profil Wyko\u0144czeniowy do Szczelin Dylatacyjnych!","isPartOf":{"@id":"https:\/\/ugwp.cfolks.pl\/bwb\/#website"},"primaryImageOfPage":{"@id":"https:\/\/ugwp.cfolks.pl\/bwb\/produkt\/deflex-398\/#primaryimage"},"image":{"@id":"https:\/\/ugwp.cfolks.pl\/bwb\/produkt\/deflex-398\/#primaryimage"},"thumbnailUrl":"https:\/\/ugwp.cfolks.pl\/bwb\/wp-content\/uploads\/DEFLEX-398.jpg","datePublished":"2023-10-11T10:29:32+00:00","dateModified":"2026-02-09T11:44:30+00:00","description":"DEFLEX 398 posiada jednolite wzornictwo. Monta\u017c ze stali nierdzewnej. Wysoka zdolno\u015b\u0107 kompensacji ruch\u00f3w budynku. Mo\u017cliwo\u015b\u0107 wymiany elastomerowej wk\u0142adki.","breadcrumb":{"@id":"https:\/\/ugwp.cfolks.pl\/bwb\/produkt\/deflex-398\/#breadcrumb"},"inLanguage":"pl-PL","potentialAction":[{"@type":"ReadAction","target":["https:\/\/ugwp.cfolks.pl\/bwb\/produkt\/deflex-398\/"]}]},{"@type":"ImageObject","inLanguage":"pl-PL","@id":"https:\/\/ugwp.cfolks.pl\/bwb\/produkt\/deflex-398\/#primaryimage","url":"https:\/\/ugwp.cfolks.pl\/bwb\/wp-content\/uploads\/DEFLEX-398.jpg","contentUrl":"https:\/\/ugwp.cfolks.pl\/bwb\/wp-content\/uploads\/DEFLEX-398.jpg","width":1100,"height":810,"caption":"Profil dylatacyjny DEFLEX 398"},{"@type":"BreadcrumbList","@id":"https:\/\/ugwp.cfolks.pl\/bwb\/produkt\/deflex-398\/#breadcrumb","itemListElement":[{"@type":"ListItem","position":1,"name":"Strona g\u0142\u00f3wna","item":"https:\/\/ugwp.cfolks.pl\/bwb\/"},{"@type":"ListItem","position":2,"name":"Profile Dylatacyjne","item":"https:\/\/ugwp.cfolks.pl\/bwb\/kategoria\/profile-dylatacyjne\/"},{"@type":"ListItem","position":3,"name":"Profile \u015bcienne i sufitowe","item":"https:\/\/ugwp.cfolks.pl\/bwb\/kategoria\/profile-dylatacyjne\/profile-scienne-i-sufitowe\/"},{"@type":"ListItem","position":4,"name":"DEFLEX 398"}]},{"@type":"WebSite","@id":"https:\/\/ugwp.cfolks.pl\/bwb\/#website","url":"https:\/\/ugwp.cfolks.pl\/bwb\/","name":"BWB technology","description":"Kolejna witryna oparta na WordPressie","potentialAction":[{"@type":"SearchAction","target":{"@type":"EntryPoint","urlTemplate":"https:\/\/ugwp.cfolks.pl\/bwb\/?s={search_term_string}"},"query-input":{"@type":"PropertyValueSpecification","valueRequired":true,"valueName":"search_term_string"}}],"inLanguage":"pl-PL"}]}},"_links":{"self":[{"href":"https:\/\/ugwp.cfolks.pl\/bwb\/wp-json\/wp\/v2\/product\/4459","targetHints":{"allow":["GET"]}}],"collection":[{"href":"https:\/\/ugwp.cfolks.pl\/bwb\/wp-json\/wp\/v2\/product"}],"about":[{"href":"https:\/\/ugwp.cfolks.pl\/bwb\/wp-json\/wp\/v2\/types\/product"}],"wp:featuredmedia":[{"embeddable":true,"href":"https:\/\/ugwp.cfolks.pl\/bwb\/wp-json\/wp\/v2\/media\/7297"}],"wp:attachment":[{"href":"https:\/\/ugwp.cfolks.pl\/bwb\/wp-json\/wp\/v2\/media?parent=4459"}],"wp:term":[{"taxonomy":"product_cat","embeddable":true,"href":"https:\/\/ugwp.cfolks.pl\/bwb\/wp-json\/wp\/v2\/product_cat?post=4459"},{"taxonomy":"product_tag","embeddable":true,"href":"https:\/\/ugwp.cfolks.pl\/bwb\/wp-json\/wp\/v2\/product_tag?post=4459"}],"curies":[{"name":"wp","href":"https:\/\/api.w.org\/{rel}","templated":true}]}}