{"id":4454,"date":"2023-10-11T12:27:15","date_gmt":"2023-10-11T10:27:15","guid":{"rendered":"https:\/\/ugwp.cfolks.pl\/bwb\/?post_type=product&#038;p=4454"},"modified":"2024-06-21T15:58:35","modified_gmt":"2024-06-21T13:58:35","slug":"deflex-324","status":"publish","type":"product","link":"https:\/\/ugwp.cfolks.pl\/bwb\/produkt\/deflex-324\/","title":{"rendered":"DEFLEX 324"},"content":{"rendered":"","protected":false},"excerpt":{"rendered":"<p>Profil nak\u0142adkowy wykonany z aluminium oraz elastycznej wk\u0142adki elastomerowej, przeznaczony do monta\u017cu na wyko\u0144czonych powierzchniach wewn\u0105trz i na zewn\u0105trz budynk\u00f3w. Mo\u017ce by\u0107 stosowany do wyko\u0144czenia szczelin dylatacyjnych zar\u00f3wno na \u015bcianach, jak i na sufitach o dowolnym wyko\u0144czeniu powierzchni. Budowa wk\u0142adki elastomerowej zapewnia wysok\u0105 zdolno\u015b\u0107 kompensacji ruch\u00f3w budynku zar\u00f3wno w poziomie, jak i w pionie (\u015blizgowe po\u0142\u0105czenie wk\u0142adki z profilem). Istnieje mo\u017cliwo\u015b\u0107 wymiany wk\u0142adki elastomerowej bez konieczno\u015bci demonta\u017cu kszta\u0142townik\u00f3w aluminiowych. Zastosowanie dodatkowej wk\u0142adki uszczelniaj\u0105cej zwi\u0119ksza zabezpieczenie szczeliny dylatacyjnej przed przenikaniem wilgoci do wewn\u0105trz budynku. Zalet\u0105 profilu dylatacyjnego serii 324 jest mo\u017cliwo\u015b\u0107 monta\u017cu poza szczelin\u0105 dylatacyjn\u0105 co umo\u017cliwia stosowanie go w miejscach, gdzie dylatacje maj\u0105 krzywoliniowy przebieg i r\u00f3\u017cn\u0105 szeroko\u015b\u0107. Kszta\u0142towniki monta\u017cowe laminowane s\u0105 od spodu kauczukiem celulozowym, umo\u017cliwiaj\u0105cym zniwelowanie drobnych nier\u00f3wno\u015bci pod\u0142o\u017ca w czasie monta\u017cu. Profil szczeg\u00f3lnie polecany jest do wyko\u0144czenia szczelin dylatacyjnych w fasadach budynku, a zw\u0142aszcza w jego naro\u017cach o dowolnym k\u0105cie uk\u0142adu \u015bcian.<br \/>\nNale\u017cy przestrzega\u0107 zalece\u0144 i uwag dotycz\u0105cych monta\u017cu.<\/p>\n","protected":false},"featured_media":5322,"template":"","meta":{"_acf_changed":false},"product_cat":[164],"product_tag":[],"class_list":{"0":"post-4454","1":"product","2":"type-product","3":"status-publish","4":"has-post-thumbnail","6":"product_cat-profile-scienne-i-sufitowe","8":"first","9":"instock","10":"shipping-taxable","11":"product-type-simple"},"acf":[],"yoast_head":"<!-- This site is optimized with the Yoast SEO plugin v27.3 - https:\/\/yoast.com\/product\/yoast-seo-wordpress\/ -->\n<title>DEFLEX 324 Profil Nak\u0142adkowy: Aluminium, Elastyczna Wk\u0142adka!<\/title>\n<meta name=\"description\" content=\"DEFLEX 324 monta\u017c zewn\u0119trzny i wewn\u0119trzny. Kompensacja ruch\u00f3w. Ochrona przed wilgoci\u0105. Idealny do fasad. Wymiana bez demonta\u017cu. Naro\u017cniki o dowolnym k\u0105cie.\" \/>\n<meta name=\"robots\" content=\"noindex, follow, max-snippet:-1, max-image-preview:large, max-video-preview:-1\" \/>\n<meta property=\"og:locale\" content=\"pl_PL\" \/>\n<meta property=\"og:type\" content=\"article\" \/>\n<meta property=\"og:title\" content=\"DEFLEX 324 Profil Nak\u0142adkowy: Aluminium, Elastyczna Wk\u0142adka!\" \/>\n<meta property=\"og:description\" content=\"DEFLEX 324 monta\u017c zewn\u0119trzny i wewn\u0119trzny. Kompensacja ruch\u00f3w. Ochrona przed wilgoci\u0105. Idealny do fasad. Wymiana bez demonta\u017cu. Naro\u017cniki o dowolnym k\u0105cie.\" \/>\n<meta property=\"og:url\" content=\"https:\/\/ugwp.cfolks.pl\/bwb\/produkt\/deflex-324\/\" \/>\n<meta property=\"og:site_name\" content=\"BWB technology\" \/>\n<meta property=\"article:modified_time\" content=\"2024-06-21T13:58:35+00:00\" \/>\n<meta property=\"og:image\" content=\"https:\/\/ugwp.cfolks.pl\/bwb\/wp-content\/uploads\/DEFLEX-324.jpg\" \/>\n\t<meta property=\"og:image:width\" content=\"1100\" \/>\n\t<meta property=\"og:image:height\" content=\"810\" \/>\n\t<meta property=\"og:image:type\" content=\"image\/jpeg\" \/>\n<meta name=\"twitter:card\" content=\"summary_large_image\" \/>\n<meta name=\"twitter:label1\" content=\"Szacowany czas czytania\" \/>\n\t<meta name=\"twitter:data1\" content=\"1 minuta\" \/>\n<script type=\"application\/ld+json\" class=\"yoast-schema-graph\">{\"@context\":\"https:\\\/\\\/schema.org\",\"@graph\":[{\"@type\":\"WebPage\",\"@id\":\"https:\\\/\\\/ugwp.cfolks.pl\\\/bwb\\\/produkt\\\/deflex-324\\\/\",\"url\":\"https:\\\/\\\/ugwp.cfolks.pl\\\/bwb\\\/produkt\\\/deflex-324\\\/\",\"name\":\"DEFLEX 324 Profil Nak\u0142adkowy: Aluminium, Elastyczna Wk\u0142adka!\",\"isPartOf\":{\"@id\":\"https:\\\/\\\/ugwp.cfolks.pl\\\/bwb\\\/#website\"},\"primaryImageOfPage\":{\"@id\":\"https:\\\/\\\/ugwp.cfolks.pl\\\/bwb\\\/produkt\\\/deflex-324\\\/#primaryimage\"},\"image\":{\"@id\":\"https:\\\/\\\/ugwp.cfolks.pl\\\/bwb\\\/produkt\\\/deflex-324\\\/#primaryimage\"},\"thumbnailUrl\":\"https:\\\/\\\/ugwp.cfolks.pl\\\/bwb\\\/wp-content\\\/uploads\\\/DEFLEX-324.jpg\",\"datePublished\":\"2023-10-11T10:27:15+00:00\",\"dateModified\":\"2024-06-21T13:58:35+00:00\",\"description\":\"DEFLEX 324 monta\u017c zewn\u0119trzny i wewn\u0119trzny. Kompensacja ruch\u00f3w. Ochrona przed wilgoci\u0105. Idealny do fasad. Wymiana bez demonta\u017cu. Naro\u017cniki o dowolnym k\u0105cie.\",\"breadcrumb\":{\"@id\":\"https:\\\/\\\/ugwp.cfolks.pl\\\/bwb\\\/produkt\\\/deflex-324\\\/#breadcrumb\"},\"inLanguage\":\"pl-PL\",\"potentialAction\":[{\"@type\":\"ReadAction\",\"target\":[\"https:\\\/\\\/ugwp.cfolks.pl\\\/bwb\\\/produkt\\\/deflex-324\\\/\"]}]},{\"@type\":\"ImageObject\",\"inLanguage\":\"pl-PL\",\"@id\":\"https:\\\/\\\/ugwp.cfolks.pl\\\/bwb\\\/produkt\\\/deflex-324\\\/#primaryimage\",\"url\":\"https:\\\/\\\/ugwp.cfolks.pl\\\/bwb\\\/wp-content\\\/uploads\\\/DEFLEX-324.jpg\",\"contentUrl\":\"https:\\\/\\\/ugwp.cfolks.pl\\\/bwb\\\/wp-content\\\/uploads\\\/DEFLEX-324.jpg\",\"width\":1100,\"height\":810,\"caption\":\"Profil dylatacyjny DEFLEX 324\"},{\"@type\":\"BreadcrumbList\",\"@id\":\"https:\\\/\\\/ugwp.cfolks.pl\\\/bwb\\\/produkt\\\/deflex-324\\\/#breadcrumb\",\"itemListElement\":[{\"@type\":\"ListItem\",\"position\":1,\"name\":\"Strona g\u0142\u00f3wna\",\"item\":\"https:\\\/\\\/ugwp.cfolks.pl\\\/bwb\\\/\"},{\"@type\":\"ListItem\",\"position\":2,\"name\":\"Profile Dylatacyjne\",\"item\":\"https:\\\/\\\/ugwp.cfolks.pl\\\/bwb\\\/kategoria\\\/profile-dylatacyjne\\\/\"},{\"@type\":\"ListItem\",\"position\":3,\"name\":\"Profile \u015bcienne i sufitowe\",\"item\":\"https:\\\/\\\/ugwp.cfolks.pl\\\/bwb\\\/kategoria\\\/profile-dylatacyjne\\\/profile-scienne-i-sufitowe\\\/\"},{\"@type\":\"ListItem\",\"position\":4,\"name\":\"DEFLEX 324\"}]},{\"@type\":\"WebSite\",\"@id\":\"https:\\\/\\\/ugwp.cfolks.pl\\\/bwb\\\/#website\",\"url\":\"https:\\\/\\\/ugwp.cfolks.pl\\\/bwb\\\/\",\"name\":\"BWB technology\",\"description\":\"Kolejna witryna oparta na WordPressie\",\"potentialAction\":[{\"@type\":\"SearchAction\",\"target\":{\"@type\":\"EntryPoint\",\"urlTemplate\":\"https:\\\/\\\/ugwp.cfolks.pl\\\/bwb\\\/?s={search_term_string}\"},\"query-input\":{\"@type\":\"PropertyValueSpecification\",\"valueRequired\":true,\"valueName\":\"search_term_string\"}}],\"inLanguage\":\"pl-PL\"}]}<\/script>\n<!-- \/ Yoast SEO plugin. -->","yoast_head_json":{"title":"DEFLEX 324 Profil Nak\u0142adkowy: Aluminium, Elastyczna Wk\u0142adka!","description":"DEFLEX 324 monta\u017c zewn\u0119trzny i wewn\u0119trzny. Kompensacja ruch\u00f3w. Ochrona przed wilgoci\u0105. Idealny do fasad. Wymiana bez demonta\u017cu. Naro\u017cniki o dowolnym k\u0105cie.","robots":{"index":"noindex","follow":"follow","max-snippet":"max-snippet:-1","max-image-preview":"max-image-preview:large","max-video-preview":"max-video-preview:-1"},"og_locale":"pl_PL","og_type":"article","og_title":"DEFLEX 324 Profil Nak\u0142adkowy: Aluminium, Elastyczna Wk\u0142adka!","og_description":"DEFLEX 324 monta\u017c zewn\u0119trzny i wewn\u0119trzny. Kompensacja ruch\u00f3w. Ochrona przed wilgoci\u0105. Idealny do fasad. Wymiana bez demonta\u017cu. Naro\u017cniki o dowolnym k\u0105cie.","og_url":"https:\/\/ugwp.cfolks.pl\/bwb\/produkt\/deflex-324\/","og_site_name":"BWB technology","article_modified_time":"2024-06-21T13:58:35+00:00","og_image":[{"width":1100,"height":810,"url":"https:\/\/ugwp.cfolks.pl\/bwb\/wp-content\/uploads\/DEFLEX-324.jpg","type":"image\/jpeg"}],"twitter_card":"summary_large_image","twitter_misc":{"Szacowany czas czytania":"1 minuta"},"schema":{"@context":"https:\/\/schema.org","@graph":[{"@type":"WebPage","@id":"https:\/\/ugwp.cfolks.pl\/bwb\/produkt\/deflex-324\/","url":"https:\/\/ugwp.cfolks.pl\/bwb\/produkt\/deflex-324\/","name":"DEFLEX 324 Profil Nak\u0142adkowy: Aluminium, Elastyczna Wk\u0142adka!","isPartOf":{"@id":"https:\/\/ugwp.cfolks.pl\/bwb\/#website"},"primaryImageOfPage":{"@id":"https:\/\/ugwp.cfolks.pl\/bwb\/produkt\/deflex-324\/#primaryimage"},"image":{"@id":"https:\/\/ugwp.cfolks.pl\/bwb\/produkt\/deflex-324\/#primaryimage"},"thumbnailUrl":"https:\/\/ugwp.cfolks.pl\/bwb\/wp-content\/uploads\/DEFLEX-324.jpg","datePublished":"2023-10-11T10:27:15+00:00","dateModified":"2024-06-21T13:58:35+00:00","description":"DEFLEX 324 monta\u017c zewn\u0119trzny i wewn\u0119trzny. Kompensacja ruch\u00f3w. Ochrona przed wilgoci\u0105. Idealny do fasad. Wymiana bez demonta\u017cu. Naro\u017cniki o dowolnym k\u0105cie.","breadcrumb":{"@id":"https:\/\/ugwp.cfolks.pl\/bwb\/produkt\/deflex-324\/#breadcrumb"},"inLanguage":"pl-PL","potentialAction":[{"@type":"ReadAction","target":["https:\/\/ugwp.cfolks.pl\/bwb\/produkt\/deflex-324\/"]}]},{"@type":"ImageObject","inLanguage":"pl-PL","@id":"https:\/\/ugwp.cfolks.pl\/bwb\/produkt\/deflex-324\/#primaryimage","url":"https:\/\/ugwp.cfolks.pl\/bwb\/wp-content\/uploads\/DEFLEX-324.jpg","contentUrl":"https:\/\/ugwp.cfolks.pl\/bwb\/wp-content\/uploads\/DEFLEX-324.jpg","width":1100,"height":810,"caption":"Profil dylatacyjny DEFLEX 324"},{"@type":"BreadcrumbList","@id":"https:\/\/ugwp.cfolks.pl\/bwb\/produkt\/deflex-324\/#breadcrumb","itemListElement":[{"@type":"ListItem","position":1,"name":"Strona g\u0142\u00f3wna","item":"https:\/\/ugwp.cfolks.pl\/bwb\/"},{"@type":"ListItem","position":2,"name":"Profile Dylatacyjne","item":"https:\/\/ugwp.cfolks.pl\/bwb\/kategoria\/profile-dylatacyjne\/"},{"@type":"ListItem","position":3,"name":"Profile \u015bcienne i sufitowe","item":"https:\/\/ugwp.cfolks.pl\/bwb\/kategoria\/profile-dylatacyjne\/profile-scienne-i-sufitowe\/"},{"@type":"ListItem","position":4,"name":"DEFLEX 324"}]},{"@type":"WebSite","@id":"https:\/\/ugwp.cfolks.pl\/bwb\/#website","url":"https:\/\/ugwp.cfolks.pl\/bwb\/","name":"BWB technology","description":"Kolejna witryna oparta na WordPressie","potentialAction":[{"@type":"SearchAction","target":{"@type":"EntryPoint","urlTemplate":"https:\/\/ugwp.cfolks.pl\/bwb\/?s={search_term_string}"},"query-input":{"@type":"PropertyValueSpecification","valueRequired":true,"valueName":"search_term_string"}}],"inLanguage":"pl-PL"}]}},"_links":{"self":[{"href":"https:\/\/ugwp.cfolks.pl\/bwb\/wp-json\/wp\/v2\/product\/4454","targetHints":{"allow":["GET"]}}],"collection":[{"href":"https:\/\/ugwp.cfolks.pl\/bwb\/wp-json\/wp\/v2\/product"}],"about":[{"href":"https:\/\/ugwp.cfolks.pl\/bwb\/wp-json\/wp\/v2\/types\/product"}],"wp:featuredmedia":[{"embeddable":true,"href":"https:\/\/ugwp.cfolks.pl\/bwb\/wp-json\/wp\/v2\/media\/5322"}],"wp:attachment":[{"href":"https:\/\/ugwp.cfolks.pl\/bwb\/wp-json\/wp\/v2\/media?parent=4454"}],"wp:term":[{"taxonomy":"product_cat","embeddable":true,"href":"https:\/\/ugwp.cfolks.pl\/bwb\/wp-json\/wp\/v2\/product_cat?post=4454"},{"taxonomy":"product_tag","embeddable":true,"href":"https:\/\/ugwp.cfolks.pl\/bwb\/wp-json\/wp\/v2\/product_tag?post=4454"}],"curies":[{"name":"wp","href":"https:\/\/api.w.org\/{rel}","templated":true}]}}