{"id":4453,"date":"2023-10-11T12:26:25","date_gmt":"2023-10-11T10:26:25","guid":{"rendered":"https:\/\/ugwp.cfolks.pl\/bwb\/?post_type=product&#038;p=4453"},"modified":"2024-07-09T14:33:11","modified_gmt":"2024-07-09T12:33:11","slug":"deflex-322","status":"publish","type":"product","link":"https:\/\/ugwp.cfolks.pl\/bwb\/produkt\/deflex-322\/","title":{"rendered":"DEFLEX 322"},"content":{"rendered":"","protected":false},"excerpt":{"rendered":"<p>Profil nak\u0142adkowy wykonany z aluminium oraz elastycznej wk\u0142adki elastomerowej, przeznaczony do monta\u017cu na wyko\u0144czonych powierzchniach wewn\u0105trz i na zewn\u0105trz budynk\u00f3w. Mo\u017ce by\u0107 stosowany do wyko\u0144czenia szczelin dylatacyjnych na \u015bcianach i sufitach o dowolnym wyko\u0144czeniu powierzchni. Budowa wk\u0142adki elastomerowej zapewnia wysok\u0105 zdolno\u015b\u0107 kompensacji ruch\u00f3w budynku zar\u00f3wno w poziomie, jak i w pionie (\u015blizgowe po\u0142\u0105czenie wk\u0142adki z profilem). Istnieje mo\u017cliwo\u015b\u0107 wymiany wk\u0142adki elastomerowej bez konieczno\u015bci demonta\u017cu kszta\u0142townik\u00f3w aluminiowych. Kszta\u0142towniki monta\u017cowe laminowane s\u0105 od spodu kauczukiem celulozowym, umo\u017cliwiaj\u0105cym zniwelowanie drobnych nier\u00f3wno\u015bci pod\u0142o\u017ca w czasie monta\u017cu. Profil szczeg\u00f3lnie polecany jest do wyko\u0144czenia szczelin dylatacyjnych na fasadach budynk\u00f3w, ze wzgl\u0119du na mo\u017cliwo\u015b\u0107 monta\u017cu ca\u0142ego profilu wewn\u0105trz szczeliny dylatacyjnej (typ DE).<br \/>\nWyst\u0119puje w wersji p\u0142askiej, naro\u017cnej oraz dodatkowo w wersji wewn\u0119trznej (DE).<br \/>\nNale\u017cy przestrzega\u0107 zalece\u0144 i uwag dotycz\u0105cych monta\u017cu.<\/p>\n","protected":false},"featured_media":5412,"template":"","meta":{"_acf_changed":false},"product_cat":[164],"product_tag":[],"class_list":{"0":"post-4453","1":"product","2":"type-product","3":"status-publish","4":"has-post-thumbnail","6":"product_cat-profile-scienne-i-sufitowe","8":"first","9":"instock","10":"shipping-taxable","11":"product-type-simple"},"acf":[],"yoast_head":"<!-- This site is optimized with the Yoast SEO plugin v27.3 - https:\/\/yoast.com\/product\/yoast-seo-wordpress\/ -->\n<title>DEFLEX 322 Idealny do Fasad Monta\u017c Zewn\u0119trzny i Wewn\u0119trzny!<\/title>\n<meta name=\"description\" content=\"DEFLEX 322 profil nak\u0142adkowy: aluminium, elastyczna wk\u0142adka. Kompensacja ruch\u00f3w. Wymiana bez demonta\u017cu. Wersje: p\u0142aska, naro\u017cna, wewn\u0119trzna (DE).\" \/>\n<meta name=\"robots\" content=\"noindex, follow, max-snippet:-1, max-image-preview:large, max-video-preview:-1\" \/>\n<meta property=\"og:locale\" content=\"pl_PL\" \/>\n<meta property=\"og:type\" content=\"article\" \/>\n<meta property=\"og:title\" content=\"DEFLEX 322 Idealny do Fasad Monta\u017c Zewn\u0119trzny i Wewn\u0119trzny!\" \/>\n<meta property=\"og:description\" content=\"DEFLEX 322 profil nak\u0142adkowy: aluminium, elastyczna wk\u0142adka. Kompensacja ruch\u00f3w. Wymiana bez demonta\u017cu. Wersje: p\u0142aska, naro\u017cna, wewn\u0119trzna (DE).\" \/>\n<meta property=\"og:url\" content=\"https:\/\/ugwp.cfolks.pl\/bwb\/produkt\/deflex-322\/\" \/>\n<meta property=\"og:site_name\" content=\"BWB technology\" \/>\n<meta property=\"article:modified_time\" content=\"2024-07-09T12:33:11+00:00\" \/>\n<meta property=\"og:image\" content=\"https:\/\/ugwp.cfolks.pl\/bwb\/wp-content\/uploads\/DEFLEX-322-2.jpg\" \/>\n\t<meta property=\"og:image:width\" content=\"1100\" \/>\n\t<meta property=\"og:image:height\" content=\"810\" \/>\n\t<meta property=\"og:image:type\" content=\"image\/jpeg\" \/>\n<meta name=\"twitter:card\" content=\"summary_large_image\" \/>\n<meta name=\"twitter:label1\" content=\"Szacowany czas czytania\" \/>\n\t<meta name=\"twitter:data1\" content=\"1 minuta\" \/>\n<script type=\"application\/ld+json\" class=\"yoast-schema-graph\">{\"@context\":\"https:\\\/\\\/schema.org\",\"@graph\":[{\"@type\":\"WebPage\",\"@id\":\"https:\\\/\\\/ugwp.cfolks.pl\\\/bwb\\\/produkt\\\/deflex-322\\\/\",\"url\":\"https:\\\/\\\/ugwp.cfolks.pl\\\/bwb\\\/produkt\\\/deflex-322\\\/\",\"name\":\"DEFLEX 322 Idealny do Fasad Monta\u017c Zewn\u0119trzny i Wewn\u0119trzny!\",\"isPartOf\":{\"@id\":\"https:\\\/\\\/ugwp.cfolks.pl\\\/bwb\\\/#website\"},\"primaryImageOfPage\":{\"@id\":\"https:\\\/\\\/ugwp.cfolks.pl\\\/bwb\\\/produkt\\\/deflex-322\\\/#primaryimage\"},\"image\":{\"@id\":\"https:\\\/\\\/ugwp.cfolks.pl\\\/bwb\\\/produkt\\\/deflex-322\\\/#primaryimage\"},\"thumbnailUrl\":\"https:\\\/\\\/ugwp.cfolks.pl\\\/bwb\\\/wp-content\\\/uploads\\\/DEFLEX-322-2.jpg\",\"datePublished\":\"2023-10-11T10:26:25+00:00\",\"dateModified\":\"2024-07-09T12:33:11+00:00\",\"description\":\"DEFLEX 322 profil nak\u0142adkowy: aluminium, elastyczna wk\u0142adka. Kompensacja ruch\u00f3w. Wymiana bez demonta\u017cu. Wersje: p\u0142aska, naro\u017cna, wewn\u0119trzna (DE).\",\"breadcrumb\":{\"@id\":\"https:\\\/\\\/ugwp.cfolks.pl\\\/bwb\\\/produkt\\\/deflex-322\\\/#breadcrumb\"},\"inLanguage\":\"pl-PL\",\"potentialAction\":[{\"@type\":\"ReadAction\",\"target\":[\"https:\\\/\\\/ugwp.cfolks.pl\\\/bwb\\\/produkt\\\/deflex-322\\\/\"]}]},{\"@type\":\"ImageObject\",\"inLanguage\":\"pl-PL\",\"@id\":\"https:\\\/\\\/ugwp.cfolks.pl\\\/bwb\\\/produkt\\\/deflex-322\\\/#primaryimage\",\"url\":\"https:\\\/\\\/ugwp.cfolks.pl\\\/bwb\\\/wp-content\\\/uploads\\\/DEFLEX-322-2.jpg\",\"contentUrl\":\"https:\\\/\\\/ugwp.cfolks.pl\\\/bwb\\\/wp-content\\\/uploads\\\/DEFLEX-322-2.jpg\",\"width\":1100,\"height\":810,\"caption\":\"Profil dylatacyjny DEFLEX 322\"},{\"@type\":\"BreadcrumbList\",\"@id\":\"https:\\\/\\\/ugwp.cfolks.pl\\\/bwb\\\/produkt\\\/deflex-322\\\/#breadcrumb\",\"itemListElement\":[{\"@type\":\"ListItem\",\"position\":1,\"name\":\"Strona g\u0142\u00f3wna\",\"item\":\"https:\\\/\\\/ugwp.cfolks.pl\\\/bwb\\\/\"},{\"@type\":\"ListItem\",\"position\":2,\"name\":\"Profile Dylatacyjne\",\"item\":\"https:\\\/\\\/ugwp.cfolks.pl\\\/bwb\\\/kategoria\\\/profile-dylatacyjne\\\/\"},{\"@type\":\"ListItem\",\"position\":3,\"name\":\"Profile \u015bcienne i sufitowe\",\"item\":\"https:\\\/\\\/ugwp.cfolks.pl\\\/bwb\\\/kategoria\\\/profile-dylatacyjne\\\/profile-scienne-i-sufitowe\\\/\"},{\"@type\":\"ListItem\",\"position\":4,\"name\":\"DEFLEX 322\"}]},{\"@type\":\"WebSite\",\"@id\":\"https:\\\/\\\/ugwp.cfolks.pl\\\/bwb\\\/#website\",\"url\":\"https:\\\/\\\/ugwp.cfolks.pl\\\/bwb\\\/\",\"name\":\"BWB technology\",\"description\":\"Kolejna witryna oparta na WordPressie\",\"potentialAction\":[{\"@type\":\"SearchAction\",\"target\":{\"@type\":\"EntryPoint\",\"urlTemplate\":\"https:\\\/\\\/ugwp.cfolks.pl\\\/bwb\\\/?s={search_term_string}\"},\"query-input\":{\"@type\":\"PropertyValueSpecification\",\"valueRequired\":true,\"valueName\":\"search_term_string\"}}],\"inLanguage\":\"pl-PL\"}]}<\/script>\n<!-- \/ Yoast SEO plugin. -->","yoast_head_json":{"title":"DEFLEX 322 Idealny do Fasad Monta\u017c Zewn\u0119trzny i Wewn\u0119trzny!","description":"DEFLEX 322 profil nak\u0142adkowy: aluminium, elastyczna wk\u0142adka. Kompensacja ruch\u00f3w. Wymiana bez demonta\u017cu. Wersje: p\u0142aska, naro\u017cna, wewn\u0119trzna (DE).","robots":{"index":"noindex","follow":"follow","max-snippet":"max-snippet:-1","max-image-preview":"max-image-preview:large","max-video-preview":"max-video-preview:-1"},"og_locale":"pl_PL","og_type":"article","og_title":"DEFLEX 322 Idealny do Fasad Monta\u017c Zewn\u0119trzny i Wewn\u0119trzny!","og_description":"DEFLEX 322 profil nak\u0142adkowy: aluminium, elastyczna wk\u0142adka. Kompensacja ruch\u00f3w. Wymiana bez demonta\u017cu. Wersje: p\u0142aska, naro\u017cna, wewn\u0119trzna (DE).","og_url":"https:\/\/ugwp.cfolks.pl\/bwb\/produkt\/deflex-322\/","og_site_name":"BWB technology","article_modified_time":"2024-07-09T12:33:11+00:00","og_image":[{"width":1100,"height":810,"url":"https:\/\/ugwp.cfolks.pl\/bwb\/wp-content\/uploads\/DEFLEX-322-2.jpg","type":"image\/jpeg"}],"twitter_card":"summary_large_image","twitter_misc":{"Szacowany czas czytania":"1 minuta"},"schema":{"@context":"https:\/\/schema.org","@graph":[{"@type":"WebPage","@id":"https:\/\/ugwp.cfolks.pl\/bwb\/produkt\/deflex-322\/","url":"https:\/\/ugwp.cfolks.pl\/bwb\/produkt\/deflex-322\/","name":"DEFLEX 322 Idealny do Fasad Monta\u017c Zewn\u0119trzny i Wewn\u0119trzny!","isPartOf":{"@id":"https:\/\/ugwp.cfolks.pl\/bwb\/#website"},"primaryImageOfPage":{"@id":"https:\/\/ugwp.cfolks.pl\/bwb\/produkt\/deflex-322\/#primaryimage"},"image":{"@id":"https:\/\/ugwp.cfolks.pl\/bwb\/produkt\/deflex-322\/#primaryimage"},"thumbnailUrl":"https:\/\/ugwp.cfolks.pl\/bwb\/wp-content\/uploads\/DEFLEX-322-2.jpg","datePublished":"2023-10-11T10:26:25+00:00","dateModified":"2024-07-09T12:33:11+00:00","description":"DEFLEX 322 profil nak\u0142adkowy: aluminium, elastyczna wk\u0142adka. Kompensacja ruch\u00f3w. Wymiana bez demonta\u017cu. Wersje: p\u0142aska, naro\u017cna, wewn\u0119trzna (DE).","breadcrumb":{"@id":"https:\/\/ugwp.cfolks.pl\/bwb\/produkt\/deflex-322\/#breadcrumb"},"inLanguage":"pl-PL","potentialAction":[{"@type":"ReadAction","target":["https:\/\/ugwp.cfolks.pl\/bwb\/produkt\/deflex-322\/"]}]},{"@type":"ImageObject","inLanguage":"pl-PL","@id":"https:\/\/ugwp.cfolks.pl\/bwb\/produkt\/deflex-322\/#primaryimage","url":"https:\/\/ugwp.cfolks.pl\/bwb\/wp-content\/uploads\/DEFLEX-322-2.jpg","contentUrl":"https:\/\/ugwp.cfolks.pl\/bwb\/wp-content\/uploads\/DEFLEX-322-2.jpg","width":1100,"height":810,"caption":"Profil dylatacyjny DEFLEX 322"},{"@type":"BreadcrumbList","@id":"https:\/\/ugwp.cfolks.pl\/bwb\/produkt\/deflex-322\/#breadcrumb","itemListElement":[{"@type":"ListItem","position":1,"name":"Strona g\u0142\u00f3wna","item":"https:\/\/ugwp.cfolks.pl\/bwb\/"},{"@type":"ListItem","position":2,"name":"Profile Dylatacyjne","item":"https:\/\/ugwp.cfolks.pl\/bwb\/kategoria\/profile-dylatacyjne\/"},{"@type":"ListItem","position":3,"name":"Profile \u015bcienne i sufitowe","item":"https:\/\/ugwp.cfolks.pl\/bwb\/kategoria\/profile-dylatacyjne\/profile-scienne-i-sufitowe\/"},{"@type":"ListItem","position":4,"name":"DEFLEX 322"}]},{"@type":"WebSite","@id":"https:\/\/ugwp.cfolks.pl\/bwb\/#website","url":"https:\/\/ugwp.cfolks.pl\/bwb\/","name":"BWB technology","description":"Kolejna witryna oparta na WordPressie","potentialAction":[{"@type":"SearchAction","target":{"@type":"EntryPoint","urlTemplate":"https:\/\/ugwp.cfolks.pl\/bwb\/?s={search_term_string}"},"query-input":{"@type":"PropertyValueSpecification","valueRequired":true,"valueName":"search_term_string"}}],"inLanguage":"pl-PL"}]}},"_links":{"self":[{"href":"https:\/\/ugwp.cfolks.pl\/bwb\/wp-json\/wp\/v2\/product\/4453","targetHints":{"allow":["GET"]}}],"collection":[{"href":"https:\/\/ugwp.cfolks.pl\/bwb\/wp-json\/wp\/v2\/product"}],"about":[{"href":"https:\/\/ugwp.cfolks.pl\/bwb\/wp-json\/wp\/v2\/types\/product"}],"wp:featuredmedia":[{"embeddable":true,"href":"https:\/\/ugwp.cfolks.pl\/bwb\/wp-json\/wp\/v2\/media\/5412"}],"wp:attachment":[{"href":"https:\/\/ugwp.cfolks.pl\/bwb\/wp-json\/wp\/v2\/media?parent=4453"}],"wp:term":[{"taxonomy":"product_cat","embeddable":true,"href":"https:\/\/ugwp.cfolks.pl\/bwb\/wp-json\/wp\/v2\/product_cat?post=4453"},{"taxonomy":"product_tag","embeddable":true,"href":"https:\/\/ugwp.cfolks.pl\/bwb\/wp-json\/wp\/v2\/product_tag?post=4453"}],"curies":[{"name":"wp","href":"https:\/\/api.w.org\/{rel}","templated":true}]}}