{"id":4451,"date":"2023-10-11T12:23:38","date_gmt":"2023-10-11T10:23:38","guid":{"rendered":"https:\/\/ugwp.cfolks.pl\/bwb\/?post_type=product&#038;p=4451"},"modified":"2024-06-21T13:51:58","modified_gmt":"2024-06-21T11:51:58","slug":"deflex-320","status":"publish","type":"product","link":"https:\/\/ugwp.cfolks.pl\/bwb\/produkt\/deflex-320\/","title":{"rendered":"DEFLEX 320"},"content":{"rendered":"","protected":false},"excerpt":{"rendered":"<p>Profil nak\u0142adkowy wykonany z udarnego tworzywa sztucznego (H-PVC) oraz wymiennej elastycznej wk\u0142adki elastomerowej, przeznaczony do monta\u017cu na wyko\u0144czonych powierzchniach zar\u00f3wno na zewn\u0105trz, jak i wewn\u0105trz budynk\u00f3w. Mo\u017ce by\u0107 stosowany na \u015bcianach i sufitach o dowolnie wyko\u0144czonej powierzchni. Zastosowana wk\u0142adka elastomerowa umo\u017cliwia wysok\u0105 zdolno\u015b\u0107 kompensacji ruch\u00f3w dylatacji. Kszta\u0142towniki monta\u017cowe laminowane s\u0105 od spodu kauczukiem celulozowym, kt\u00f3ry umo\u017cliwia wyr\u00f3wnanie pod\u0142o\u017ca w czasie monta\u017cu.<br \/>\nProfil wyst\u0119puje w wersji p\u0142askiej oraz naro\u017cnej.<br \/>\nNale\u017cy przestrzega\u0107 zalece\u0144 i uwag dotycz\u0105cych monta\u017cu.<\/p>\n","protected":false},"featured_media":5313,"template":"","meta":{"_acf_changed":false},"product_cat":[164],"product_tag":[],"class_list":{"0":"post-4451","1":"product","2":"type-product","3":"status-publish","4":"has-post-thumbnail","6":"product_cat-profile-scienne-i-sufitowe","8":"first","9":"instock","10":"shipping-taxable","11":"product-type-simple"},"acf":[],"yoast_head":"<!-- This site is optimized with the Yoast SEO plugin v27.3 - https:\/\/yoast.com\/product\/yoast-seo-wordpress\/ -->\n<title>DEFLEX 320 Profil do Estetycznego Wyko\u0144czenia \u015acian i Sufit\u00f3w!<\/title>\n<meta name=\"description\" content=\"DEFLEX 320 profil nak\u0142adkowy. Mo\u017ce by\u0107 stosowany wewn\u0105trz i na zewn\u0105trz budynk\u00f3w. Wymienna wk\u0142adka elastomerowa dla dodatkowej elastyczno\u015bci.\" \/>\n<meta name=\"robots\" content=\"noindex, follow, max-snippet:-1, max-image-preview:large, max-video-preview:-1\" \/>\n<meta property=\"og:locale\" content=\"pl_PL\" \/>\n<meta property=\"og:type\" content=\"article\" \/>\n<meta property=\"og:title\" content=\"DEFLEX 320 Profil do Estetycznego Wyko\u0144czenia \u015acian i Sufit\u00f3w!\" \/>\n<meta property=\"og:description\" content=\"DEFLEX 320 profil nak\u0142adkowy. Mo\u017ce by\u0107 stosowany wewn\u0105trz i na zewn\u0105trz budynk\u00f3w. Wymienna wk\u0142adka elastomerowa dla dodatkowej elastyczno\u015bci.\" \/>\n<meta property=\"og:url\" content=\"https:\/\/ugwp.cfolks.pl\/bwb\/produkt\/deflex-320\/\" \/>\n<meta property=\"og:site_name\" content=\"BWB technology\" \/>\n<meta property=\"article:modified_time\" content=\"2024-06-21T11:51:58+00:00\" \/>\n<meta property=\"og:image\" content=\"https:\/\/ugwp.cfolks.pl\/bwb\/wp-content\/uploads\/DEFLEX-320.jpg\" \/>\n\t<meta property=\"og:image:width\" content=\"1100\" \/>\n\t<meta property=\"og:image:height\" content=\"810\" \/>\n\t<meta property=\"og:image:type\" content=\"image\/jpeg\" \/>\n<meta name=\"twitter:card\" content=\"summary_large_image\" \/>\n<meta name=\"twitter:label1\" content=\"Szacowany czas czytania\" \/>\n\t<meta name=\"twitter:data1\" content=\"1 minuta\" \/>\n<script type=\"application\/ld+json\" class=\"yoast-schema-graph\">{\"@context\":\"https:\\\/\\\/schema.org\",\"@graph\":[{\"@type\":\"WebPage\",\"@id\":\"https:\\\/\\\/ugwp.cfolks.pl\\\/bwb\\\/produkt\\\/deflex-320\\\/\",\"url\":\"https:\\\/\\\/ugwp.cfolks.pl\\\/bwb\\\/produkt\\\/deflex-320\\\/\",\"name\":\"DEFLEX 320 Profil do Estetycznego Wyko\u0144czenia \u015acian i Sufit\u00f3w!\",\"isPartOf\":{\"@id\":\"https:\\\/\\\/ugwp.cfolks.pl\\\/bwb\\\/#website\"},\"primaryImageOfPage\":{\"@id\":\"https:\\\/\\\/ugwp.cfolks.pl\\\/bwb\\\/produkt\\\/deflex-320\\\/#primaryimage\"},\"image\":{\"@id\":\"https:\\\/\\\/ugwp.cfolks.pl\\\/bwb\\\/produkt\\\/deflex-320\\\/#primaryimage\"},\"thumbnailUrl\":\"https:\\\/\\\/ugwp.cfolks.pl\\\/bwb\\\/wp-content\\\/uploads\\\/DEFLEX-320.jpg\",\"datePublished\":\"2023-10-11T10:23:38+00:00\",\"dateModified\":\"2024-06-21T11:51:58+00:00\",\"description\":\"DEFLEX 320 profil nak\u0142adkowy. Mo\u017ce by\u0107 stosowany wewn\u0105trz i na zewn\u0105trz budynk\u00f3w. Wymienna wk\u0142adka elastomerowa dla dodatkowej elastyczno\u015bci.\",\"breadcrumb\":{\"@id\":\"https:\\\/\\\/ugwp.cfolks.pl\\\/bwb\\\/produkt\\\/deflex-320\\\/#breadcrumb\"},\"inLanguage\":\"pl-PL\",\"potentialAction\":[{\"@type\":\"ReadAction\",\"target\":[\"https:\\\/\\\/ugwp.cfolks.pl\\\/bwb\\\/produkt\\\/deflex-320\\\/\"]}]},{\"@type\":\"ImageObject\",\"inLanguage\":\"pl-PL\",\"@id\":\"https:\\\/\\\/ugwp.cfolks.pl\\\/bwb\\\/produkt\\\/deflex-320\\\/#primaryimage\",\"url\":\"https:\\\/\\\/ugwp.cfolks.pl\\\/bwb\\\/wp-content\\\/uploads\\\/DEFLEX-320.jpg\",\"contentUrl\":\"https:\\\/\\\/ugwp.cfolks.pl\\\/bwb\\\/wp-content\\\/uploads\\\/DEFLEX-320.jpg\",\"width\":1100,\"height\":810,\"caption\":\"Profil dylatacyjny DEFLEX 320\"},{\"@type\":\"BreadcrumbList\",\"@id\":\"https:\\\/\\\/ugwp.cfolks.pl\\\/bwb\\\/produkt\\\/deflex-320\\\/#breadcrumb\",\"itemListElement\":[{\"@type\":\"ListItem\",\"position\":1,\"name\":\"Strona g\u0142\u00f3wna\",\"item\":\"https:\\\/\\\/ugwp.cfolks.pl\\\/bwb\\\/\"},{\"@type\":\"ListItem\",\"position\":2,\"name\":\"Profile Dylatacyjne\",\"item\":\"https:\\\/\\\/ugwp.cfolks.pl\\\/bwb\\\/kategoria\\\/profile-dylatacyjne\\\/\"},{\"@type\":\"ListItem\",\"position\":3,\"name\":\"Profile \u015bcienne i sufitowe\",\"item\":\"https:\\\/\\\/ugwp.cfolks.pl\\\/bwb\\\/kategoria\\\/profile-dylatacyjne\\\/profile-scienne-i-sufitowe\\\/\"},{\"@type\":\"ListItem\",\"position\":4,\"name\":\"DEFLEX 320\"}]},{\"@type\":\"WebSite\",\"@id\":\"https:\\\/\\\/ugwp.cfolks.pl\\\/bwb\\\/#website\",\"url\":\"https:\\\/\\\/ugwp.cfolks.pl\\\/bwb\\\/\",\"name\":\"BWB technology\",\"description\":\"Kolejna witryna oparta na WordPressie\",\"potentialAction\":[{\"@type\":\"SearchAction\",\"target\":{\"@type\":\"EntryPoint\",\"urlTemplate\":\"https:\\\/\\\/ugwp.cfolks.pl\\\/bwb\\\/?s={search_term_string}\"},\"query-input\":{\"@type\":\"PropertyValueSpecification\",\"valueRequired\":true,\"valueName\":\"search_term_string\"}}],\"inLanguage\":\"pl-PL\"}]}<\/script>\n<!-- \/ Yoast SEO plugin. -->","yoast_head_json":{"title":"DEFLEX 320 Profil do Estetycznego Wyko\u0144czenia \u015acian i Sufit\u00f3w!","description":"DEFLEX 320 profil nak\u0142adkowy. Mo\u017ce by\u0107 stosowany wewn\u0105trz i na zewn\u0105trz budynk\u00f3w. Wymienna wk\u0142adka elastomerowa dla dodatkowej elastyczno\u015bci.","robots":{"index":"noindex","follow":"follow","max-snippet":"max-snippet:-1","max-image-preview":"max-image-preview:large","max-video-preview":"max-video-preview:-1"},"og_locale":"pl_PL","og_type":"article","og_title":"DEFLEX 320 Profil do Estetycznego Wyko\u0144czenia \u015acian i Sufit\u00f3w!","og_description":"DEFLEX 320 profil nak\u0142adkowy. Mo\u017ce by\u0107 stosowany wewn\u0105trz i na zewn\u0105trz budynk\u00f3w. Wymienna wk\u0142adka elastomerowa dla dodatkowej elastyczno\u015bci.","og_url":"https:\/\/ugwp.cfolks.pl\/bwb\/produkt\/deflex-320\/","og_site_name":"BWB technology","article_modified_time":"2024-06-21T11:51:58+00:00","og_image":[{"width":1100,"height":810,"url":"https:\/\/ugwp.cfolks.pl\/bwb\/wp-content\/uploads\/DEFLEX-320.jpg","type":"image\/jpeg"}],"twitter_card":"summary_large_image","twitter_misc":{"Szacowany czas czytania":"1 minuta"},"schema":{"@context":"https:\/\/schema.org","@graph":[{"@type":"WebPage","@id":"https:\/\/ugwp.cfolks.pl\/bwb\/produkt\/deflex-320\/","url":"https:\/\/ugwp.cfolks.pl\/bwb\/produkt\/deflex-320\/","name":"DEFLEX 320 Profil do Estetycznego Wyko\u0144czenia \u015acian i Sufit\u00f3w!","isPartOf":{"@id":"https:\/\/ugwp.cfolks.pl\/bwb\/#website"},"primaryImageOfPage":{"@id":"https:\/\/ugwp.cfolks.pl\/bwb\/produkt\/deflex-320\/#primaryimage"},"image":{"@id":"https:\/\/ugwp.cfolks.pl\/bwb\/produkt\/deflex-320\/#primaryimage"},"thumbnailUrl":"https:\/\/ugwp.cfolks.pl\/bwb\/wp-content\/uploads\/DEFLEX-320.jpg","datePublished":"2023-10-11T10:23:38+00:00","dateModified":"2024-06-21T11:51:58+00:00","description":"DEFLEX 320 profil nak\u0142adkowy. Mo\u017ce by\u0107 stosowany wewn\u0105trz i na zewn\u0105trz budynk\u00f3w. Wymienna wk\u0142adka elastomerowa dla dodatkowej elastyczno\u015bci.","breadcrumb":{"@id":"https:\/\/ugwp.cfolks.pl\/bwb\/produkt\/deflex-320\/#breadcrumb"},"inLanguage":"pl-PL","potentialAction":[{"@type":"ReadAction","target":["https:\/\/ugwp.cfolks.pl\/bwb\/produkt\/deflex-320\/"]}]},{"@type":"ImageObject","inLanguage":"pl-PL","@id":"https:\/\/ugwp.cfolks.pl\/bwb\/produkt\/deflex-320\/#primaryimage","url":"https:\/\/ugwp.cfolks.pl\/bwb\/wp-content\/uploads\/DEFLEX-320.jpg","contentUrl":"https:\/\/ugwp.cfolks.pl\/bwb\/wp-content\/uploads\/DEFLEX-320.jpg","width":1100,"height":810,"caption":"Profil dylatacyjny DEFLEX 320"},{"@type":"BreadcrumbList","@id":"https:\/\/ugwp.cfolks.pl\/bwb\/produkt\/deflex-320\/#breadcrumb","itemListElement":[{"@type":"ListItem","position":1,"name":"Strona g\u0142\u00f3wna","item":"https:\/\/ugwp.cfolks.pl\/bwb\/"},{"@type":"ListItem","position":2,"name":"Profile Dylatacyjne","item":"https:\/\/ugwp.cfolks.pl\/bwb\/kategoria\/profile-dylatacyjne\/"},{"@type":"ListItem","position":3,"name":"Profile \u015bcienne i sufitowe","item":"https:\/\/ugwp.cfolks.pl\/bwb\/kategoria\/profile-dylatacyjne\/profile-scienne-i-sufitowe\/"},{"@type":"ListItem","position":4,"name":"DEFLEX 320"}]},{"@type":"WebSite","@id":"https:\/\/ugwp.cfolks.pl\/bwb\/#website","url":"https:\/\/ugwp.cfolks.pl\/bwb\/","name":"BWB technology","description":"Kolejna witryna oparta na WordPressie","potentialAction":[{"@type":"SearchAction","target":{"@type":"EntryPoint","urlTemplate":"https:\/\/ugwp.cfolks.pl\/bwb\/?s={search_term_string}"},"query-input":{"@type":"PropertyValueSpecification","valueRequired":true,"valueName":"search_term_string"}}],"inLanguage":"pl-PL"}]}},"_links":{"self":[{"href":"https:\/\/ugwp.cfolks.pl\/bwb\/wp-json\/wp\/v2\/product\/4451","targetHints":{"allow":["GET"]}}],"collection":[{"href":"https:\/\/ugwp.cfolks.pl\/bwb\/wp-json\/wp\/v2\/product"}],"about":[{"href":"https:\/\/ugwp.cfolks.pl\/bwb\/wp-json\/wp\/v2\/types\/product"}],"wp:featuredmedia":[{"embeddable":true,"href":"https:\/\/ugwp.cfolks.pl\/bwb\/wp-json\/wp\/v2\/media\/5313"}],"wp:attachment":[{"href":"https:\/\/ugwp.cfolks.pl\/bwb\/wp-json\/wp\/v2\/media?parent=4451"}],"wp:term":[{"taxonomy":"product_cat","embeddable":true,"href":"https:\/\/ugwp.cfolks.pl\/bwb\/wp-json\/wp\/v2\/product_cat?post=4451"},{"taxonomy":"product_tag","embeddable":true,"href":"https:\/\/ugwp.cfolks.pl\/bwb\/wp-json\/wp\/v2\/product_tag?post=4451"}],"curies":[{"name":"wp","href":"https:\/\/api.w.org\/{rel}","templated":true}]}}