{"id":4445,"date":"2023-10-10T19:44:59","date_gmt":"2023-10-10T17:44:59","guid":{"rendered":"https:\/\/ugwp.cfolks.pl\/bwb\/?post_type=product&#038;p=4445"},"modified":"2024-06-21T13:47:11","modified_gmt":"2024-06-21T11:47:11","slug":"deflex-323","status":"publish","type":"product","link":"https:\/\/ugwp.cfolks.pl\/bwb\/produkt\/deflex-323\/","title":{"rendered":"DEFLEX 323"},"content":{"rendered":"","protected":false},"excerpt":{"rendered":"<p>Profil nak\u0142adkowy wykonany z kszta\u0142townik\u00f3w aluminiowych oraz elastycznej wk\u0142adki, przeznaczony do wyka\u0144czania szczelin dylatacyjnych w systemach lekkiej zabudowy, takich jak sufity podwieszane. Dzi\u0119ki zastosowaniu wk\u0142adki elastomerowej profil charakteryzuje si\u0119 wysok\u0105 zdolno\u015bci\u0105 kompensacji ruch\u00f3w dylatacji we wszystkich kierunkach. Budowa profilu umo\u017cliwia wymian\u0119 wk\u0142adki elastomerowej bez konieczno\u015bci demonta\u017cu kszta\u0142townik\u00f3w aluminiowych. Profil dostarczany jest bez wieszak\u00f3w i innych element\u00f3w s\u0142u\u017c\u0105cych do podwieszenia go do konstrukcji.<br \/>\nWyst\u0119puje w wersji p\u0142askiej oraz naro\u017cnej.<br \/>\nNale\u017cy przestrzega\u0107 zalece\u0144 i uwag dotycz\u0105cych monta\u017cu.<\/p>\n","protected":false},"featured_media":5311,"template":"","meta":{"_acf_changed":false},"product_cat":[164],"product_tag":[],"class_list":{"0":"post-4445","1":"product","2":"type-product","3":"status-publish","4":"has-post-thumbnail","6":"product_cat-profile-scienne-i-sufitowe","8":"first","9":"instock","10":"shipping-taxable","11":"product-type-simple"},"acf":[],"yoast_head":"<!-- This site is optimized with the Yoast SEO plugin v27.3 - https:\/\/yoast.com\/product\/yoast-seo-wordpress\/ -->\n<title>DEFLEX 323 Profil Dylatacyjny do Sufit\u00f3w Podwieszanych Zobacz!<\/title>\n<meta name=\"description\" content=\"DEFLEX 323 - profil nak\u0142adkowy do lekkich konstrukcji. Wyj\u0105tkowe wyko\u0144czenie szczelin dylatacyjnych. Elastyczno\u015b\u0107 i \u0142atwa wymiana wk\u0142adki elastomerowej.\" \/>\n<meta name=\"robots\" content=\"noindex, follow, max-snippet:-1, max-image-preview:large, max-video-preview:-1\" \/>\n<meta property=\"og:locale\" content=\"pl_PL\" \/>\n<meta property=\"og:type\" content=\"article\" \/>\n<meta property=\"og:title\" content=\"DEFLEX 323 Profil Dylatacyjny do Sufit\u00f3w Podwieszanych Zobacz!\" \/>\n<meta property=\"og:description\" content=\"DEFLEX 323 - profil nak\u0142adkowy do lekkich konstrukcji. Wyj\u0105tkowe wyko\u0144czenie szczelin dylatacyjnych. Elastyczno\u015b\u0107 i \u0142atwa wymiana wk\u0142adki elastomerowej.\" \/>\n<meta property=\"og:url\" content=\"https:\/\/ugwp.cfolks.pl\/bwb\/produkt\/deflex-323\/\" \/>\n<meta property=\"og:site_name\" content=\"BWB technology\" \/>\n<meta property=\"article:modified_time\" content=\"2024-06-21T11:47:11+00:00\" \/>\n<meta property=\"og:image\" content=\"https:\/\/ugwp.cfolks.pl\/bwb\/wp-content\/uploads\/DEFLEX-323.jpg\" \/>\n\t<meta property=\"og:image:width\" content=\"1100\" \/>\n\t<meta property=\"og:image:height\" content=\"810\" \/>\n\t<meta property=\"og:image:type\" content=\"image\/jpeg\" \/>\n<meta name=\"twitter:card\" content=\"summary_large_image\" \/>\n<meta name=\"twitter:label1\" content=\"Szacowany czas czytania\" \/>\n\t<meta name=\"twitter:data1\" content=\"1 minuta\" \/>\n<script type=\"application\/ld+json\" class=\"yoast-schema-graph\">{\"@context\":\"https:\\\/\\\/schema.org\",\"@graph\":[{\"@type\":\"WebPage\",\"@id\":\"https:\\\/\\\/ugwp.cfolks.pl\\\/bwb\\\/produkt\\\/deflex-323\\\/\",\"url\":\"https:\\\/\\\/ugwp.cfolks.pl\\\/bwb\\\/produkt\\\/deflex-323\\\/\",\"name\":\"DEFLEX 323 Profil Dylatacyjny do Sufit\u00f3w Podwieszanych Zobacz!\",\"isPartOf\":{\"@id\":\"https:\\\/\\\/ugwp.cfolks.pl\\\/bwb\\\/#website\"},\"primaryImageOfPage\":{\"@id\":\"https:\\\/\\\/ugwp.cfolks.pl\\\/bwb\\\/produkt\\\/deflex-323\\\/#primaryimage\"},\"image\":{\"@id\":\"https:\\\/\\\/ugwp.cfolks.pl\\\/bwb\\\/produkt\\\/deflex-323\\\/#primaryimage\"},\"thumbnailUrl\":\"https:\\\/\\\/ugwp.cfolks.pl\\\/bwb\\\/wp-content\\\/uploads\\\/DEFLEX-323.jpg\",\"datePublished\":\"2023-10-10T17:44:59+00:00\",\"dateModified\":\"2024-06-21T11:47:11+00:00\",\"description\":\"DEFLEX 323 - profil nak\u0142adkowy do lekkich konstrukcji. Wyj\u0105tkowe wyko\u0144czenie szczelin dylatacyjnych. Elastyczno\u015b\u0107 i \u0142atwa wymiana wk\u0142adki elastomerowej.\",\"breadcrumb\":{\"@id\":\"https:\\\/\\\/ugwp.cfolks.pl\\\/bwb\\\/produkt\\\/deflex-323\\\/#breadcrumb\"},\"inLanguage\":\"pl-PL\",\"potentialAction\":[{\"@type\":\"ReadAction\",\"target\":[\"https:\\\/\\\/ugwp.cfolks.pl\\\/bwb\\\/produkt\\\/deflex-323\\\/\"]}]},{\"@type\":\"ImageObject\",\"inLanguage\":\"pl-PL\",\"@id\":\"https:\\\/\\\/ugwp.cfolks.pl\\\/bwb\\\/produkt\\\/deflex-323\\\/#primaryimage\",\"url\":\"https:\\\/\\\/ugwp.cfolks.pl\\\/bwb\\\/wp-content\\\/uploads\\\/DEFLEX-323.jpg\",\"contentUrl\":\"https:\\\/\\\/ugwp.cfolks.pl\\\/bwb\\\/wp-content\\\/uploads\\\/DEFLEX-323.jpg\",\"width\":1100,\"height\":810,\"caption\":\"Profil dylatacyjny DEFLEX 323\"},{\"@type\":\"BreadcrumbList\",\"@id\":\"https:\\\/\\\/ugwp.cfolks.pl\\\/bwb\\\/produkt\\\/deflex-323\\\/#breadcrumb\",\"itemListElement\":[{\"@type\":\"ListItem\",\"position\":1,\"name\":\"Strona g\u0142\u00f3wna\",\"item\":\"https:\\\/\\\/ugwp.cfolks.pl\\\/bwb\\\/\"},{\"@type\":\"ListItem\",\"position\":2,\"name\":\"Profile Dylatacyjne\",\"item\":\"https:\\\/\\\/ugwp.cfolks.pl\\\/bwb\\\/kategoria\\\/profile-dylatacyjne\\\/\"},{\"@type\":\"ListItem\",\"position\":3,\"name\":\"Profile \u015bcienne i sufitowe\",\"item\":\"https:\\\/\\\/ugwp.cfolks.pl\\\/bwb\\\/kategoria\\\/profile-dylatacyjne\\\/profile-scienne-i-sufitowe\\\/\"},{\"@type\":\"ListItem\",\"position\":4,\"name\":\"DEFLEX 323\"}]},{\"@type\":\"WebSite\",\"@id\":\"https:\\\/\\\/ugwp.cfolks.pl\\\/bwb\\\/#website\",\"url\":\"https:\\\/\\\/ugwp.cfolks.pl\\\/bwb\\\/\",\"name\":\"BWB technology\",\"description\":\"Kolejna witryna oparta na WordPressie\",\"potentialAction\":[{\"@type\":\"SearchAction\",\"target\":{\"@type\":\"EntryPoint\",\"urlTemplate\":\"https:\\\/\\\/ugwp.cfolks.pl\\\/bwb\\\/?s={search_term_string}\"},\"query-input\":{\"@type\":\"PropertyValueSpecification\",\"valueRequired\":true,\"valueName\":\"search_term_string\"}}],\"inLanguage\":\"pl-PL\"}]}<\/script>\n<!-- \/ Yoast SEO plugin. -->","yoast_head_json":{"title":"DEFLEX 323 Profil Dylatacyjny do Sufit\u00f3w Podwieszanych Zobacz!","description":"DEFLEX 323 - profil nak\u0142adkowy do lekkich konstrukcji. Wyj\u0105tkowe wyko\u0144czenie szczelin dylatacyjnych. Elastyczno\u015b\u0107 i \u0142atwa wymiana wk\u0142adki elastomerowej.","robots":{"index":"noindex","follow":"follow","max-snippet":"max-snippet:-1","max-image-preview":"max-image-preview:large","max-video-preview":"max-video-preview:-1"},"og_locale":"pl_PL","og_type":"article","og_title":"DEFLEX 323 Profil Dylatacyjny do Sufit\u00f3w Podwieszanych Zobacz!","og_description":"DEFLEX 323 - profil nak\u0142adkowy do lekkich konstrukcji. Wyj\u0105tkowe wyko\u0144czenie szczelin dylatacyjnych. Elastyczno\u015b\u0107 i \u0142atwa wymiana wk\u0142adki elastomerowej.","og_url":"https:\/\/ugwp.cfolks.pl\/bwb\/produkt\/deflex-323\/","og_site_name":"BWB technology","article_modified_time":"2024-06-21T11:47:11+00:00","og_image":[{"width":1100,"height":810,"url":"https:\/\/ugwp.cfolks.pl\/bwb\/wp-content\/uploads\/DEFLEX-323.jpg","type":"image\/jpeg"}],"twitter_card":"summary_large_image","twitter_misc":{"Szacowany czas czytania":"1 minuta"},"schema":{"@context":"https:\/\/schema.org","@graph":[{"@type":"WebPage","@id":"https:\/\/ugwp.cfolks.pl\/bwb\/produkt\/deflex-323\/","url":"https:\/\/ugwp.cfolks.pl\/bwb\/produkt\/deflex-323\/","name":"DEFLEX 323 Profil Dylatacyjny do Sufit\u00f3w Podwieszanych Zobacz!","isPartOf":{"@id":"https:\/\/ugwp.cfolks.pl\/bwb\/#website"},"primaryImageOfPage":{"@id":"https:\/\/ugwp.cfolks.pl\/bwb\/produkt\/deflex-323\/#primaryimage"},"image":{"@id":"https:\/\/ugwp.cfolks.pl\/bwb\/produkt\/deflex-323\/#primaryimage"},"thumbnailUrl":"https:\/\/ugwp.cfolks.pl\/bwb\/wp-content\/uploads\/DEFLEX-323.jpg","datePublished":"2023-10-10T17:44:59+00:00","dateModified":"2024-06-21T11:47:11+00:00","description":"DEFLEX 323 - profil nak\u0142adkowy do lekkich konstrukcji. Wyj\u0105tkowe wyko\u0144czenie szczelin dylatacyjnych. Elastyczno\u015b\u0107 i \u0142atwa wymiana wk\u0142adki elastomerowej.","breadcrumb":{"@id":"https:\/\/ugwp.cfolks.pl\/bwb\/produkt\/deflex-323\/#breadcrumb"},"inLanguage":"pl-PL","potentialAction":[{"@type":"ReadAction","target":["https:\/\/ugwp.cfolks.pl\/bwb\/produkt\/deflex-323\/"]}]},{"@type":"ImageObject","inLanguage":"pl-PL","@id":"https:\/\/ugwp.cfolks.pl\/bwb\/produkt\/deflex-323\/#primaryimage","url":"https:\/\/ugwp.cfolks.pl\/bwb\/wp-content\/uploads\/DEFLEX-323.jpg","contentUrl":"https:\/\/ugwp.cfolks.pl\/bwb\/wp-content\/uploads\/DEFLEX-323.jpg","width":1100,"height":810,"caption":"Profil dylatacyjny DEFLEX 323"},{"@type":"BreadcrumbList","@id":"https:\/\/ugwp.cfolks.pl\/bwb\/produkt\/deflex-323\/#breadcrumb","itemListElement":[{"@type":"ListItem","position":1,"name":"Strona g\u0142\u00f3wna","item":"https:\/\/ugwp.cfolks.pl\/bwb\/"},{"@type":"ListItem","position":2,"name":"Profile Dylatacyjne","item":"https:\/\/ugwp.cfolks.pl\/bwb\/kategoria\/profile-dylatacyjne\/"},{"@type":"ListItem","position":3,"name":"Profile \u015bcienne i sufitowe","item":"https:\/\/ugwp.cfolks.pl\/bwb\/kategoria\/profile-dylatacyjne\/profile-scienne-i-sufitowe\/"},{"@type":"ListItem","position":4,"name":"DEFLEX 323"}]},{"@type":"WebSite","@id":"https:\/\/ugwp.cfolks.pl\/bwb\/#website","url":"https:\/\/ugwp.cfolks.pl\/bwb\/","name":"BWB technology","description":"Kolejna witryna oparta na WordPressie","potentialAction":[{"@type":"SearchAction","target":{"@type":"EntryPoint","urlTemplate":"https:\/\/ugwp.cfolks.pl\/bwb\/?s={search_term_string}"},"query-input":{"@type":"PropertyValueSpecification","valueRequired":true,"valueName":"search_term_string"}}],"inLanguage":"pl-PL"}]}},"_links":{"self":[{"href":"https:\/\/ugwp.cfolks.pl\/bwb\/wp-json\/wp\/v2\/product\/4445","targetHints":{"allow":["GET"]}}],"collection":[{"href":"https:\/\/ugwp.cfolks.pl\/bwb\/wp-json\/wp\/v2\/product"}],"about":[{"href":"https:\/\/ugwp.cfolks.pl\/bwb\/wp-json\/wp\/v2\/types\/product"}],"wp:featuredmedia":[{"embeddable":true,"href":"https:\/\/ugwp.cfolks.pl\/bwb\/wp-json\/wp\/v2\/media\/5311"}],"wp:attachment":[{"href":"https:\/\/ugwp.cfolks.pl\/bwb\/wp-json\/wp\/v2\/media?parent=4445"}],"wp:term":[{"taxonomy":"product_cat","embeddable":true,"href":"https:\/\/ugwp.cfolks.pl\/bwb\/wp-json\/wp\/v2\/product_cat?post=4445"},{"taxonomy":"product_tag","embeddable":true,"href":"https:\/\/ugwp.cfolks.pl\/bwb\/wp-json\/wp\/v2\/product_tag?post=4445"}],"curies":[{"name":"wp","href":"https:\/\/api.w.org\/{rel}","templated":true}]}}