{"id":4444,"date":"2023-10-10T19:44:32","date_gmt":"2023-10-10T17:44:32","guid":{"rendered":"https:\/\/ugwp.cfolks.pl\/bwb\/?post_type=product&#038;p=4444"},"modified":"2026-02-09T12:44:32","modified_gmt":"2026-02-09T11:44:32","slug":"deflex-399","status":"publish","type":"product","link":"https:\/\/ugwp.cfolks.pl\/bwb\/produkt\/deflex-399\/","title":{"rendered":"DEFLEX 399"},"content":{"rendered":"","protected":false},"excerpt":{"rendered":"<p>Profil przeznaczony do trwa\u0142ego monta\u017cu na dowolnie wyko\u0144czonych powierzchniach \u015bcian wewn\u0105trz budynk\u00f3w. Ze wzgl\u0119du na specjaln\u0105 konstrukcj\u0119 profil szczeg\u00f3lnie polecany jest do zastosowania na terenach, gdzie wyst\u0119puj\u0105 szkody g\u00f3rnicze i trz\u0119sienia ziemi. Zalet\u0105 profili dylatacyjnych tej serii jest mo\u017cliwo\u015b\u0107 monta\u017cu niesymetrycznie do osi szczeliny dylatacyjnej, co umo\u017cliwia stosowanie go w miejscach, gdzie dylatacje maj\u0105 krzywoliniowy przebieg i r\u00f3\u017cn\u0105 szeroko\u015b\u0107. Budowa profilu umo\u017cliwia wymian\u0119 wk\u0142adki elastomerowej bez konieczno\u015bci demonta\u017cu konstrukcji g\u0142\u00f3wnej profilu. Zastosowanie podw\u00f3jnej wk\u0142adki elastomerowej o g\u0142adkiej powierzchni oraz mo\u017cliwo\u015b\u0107 monta\u017cu pomi\u0119dzy nimi materia\u0142u wyko\u0144czeniowego sprawia, i\u017c zabudowa szczeliny dylatacyjnej nadaje wn\u0119trzu szczeg\u00f3lnej estetyki. Profil posiada takie samo wzornictwo i tworzy jednolity system z profilem pod\u0142ogowym DEFLEX 850.<br \/>\nWyst\u0119puje w wersji p\u0142askiej oraz naro\u017cnej.<br \/>\nNale\u017cy przestrzega\u0107 zalece\u0144 i uwag dotycz\u0105cych monta\u017cu.<\/p>\n","protected":false},"featured_media":7298,"template":"","meta":{"_acf_changed":false},"product_cat":[164],"product_tag":[],"class_list":{"0":"post-4444","1":"product","2":"type-product","3":"status-publish","4":"has-post-thumbnail","6":"product_cat-profile-scienne-i-sufitowe","8":"first","9":"instock","10":"shipping-taxable","11":"product-type-simple"},"acf":[],"yoast_head":"<!-- This site is optimized with the Yoast SEO plugin v27.3 - https:\/\/yoast.com\/product\/yoast-seo-wordpress\/ -->\n<title>DEFLEX 399 Profil do Zabezpieczenia Szczelin w \u015acianach!<\/title>\n<meta name=\"description\" content=\"DEFLEX 399 - zastosowanie podw\u00f3jnej wk\u0142adki elastomerowej i materia\u0142u wyko\u0144czeniowego zapewnia estetyk\u0119. Wymiana wk\u0142adki elastomerowej bez demonta\u017cu.\" \/>\n<meta name=\"robots\" content=\"noindex, follow, max-snippet:-1, max-image-preview:large, max-video-preview:-1\" \/>\n<meta property=\"og:locale\" content=\"pl_PL\" \/>\n<meta property=\"og:type\" content=\"article\" \/>\n<meta property=\"og:title\" content=\"DEFLEX 399 Profil do Zabezpieczenia Szczelin w \u015acianach!\" \/>\n<meta property=\"og:description\" content=\"DEFLEX 399 - zastosowanie podw\u00f3jnej wk\u0142adki elastomerowej i materia\u0142u wyko\u0144czeniowego zapewnia estetyk\u0119. Wymiana wk\u0142adki elastomerowej bez demonta\u017cu.\" \/>\n<meta property=\"og:url\" content=\"https:\/\/ugwp.cfolks.pl\/bwb\/produkt\/deflex-399\/\" \/>\n<meta property=\"og:site_name\" content=\"BWB technology\" \/>\n<meta property=\"article:modified_time\" content=\"2026-02-09T11:44:32+00:00\" \/>\n<meta property=\"og:image\" content=\"https:\/\/ugwp.cfolks.pl\/bwb\/wp-content\/uploads\/DEFLEX-399.jpg\" \/>\n\t<meta property=\"og:image:width\" content=\"1100\" \/>\n\t<meta property=\"og:image:height\" content=\"810\" \/>\n\t<meta property=\"og:image:type\" content=\"image\/jpeg\" \/>\n<meta name=\"twitter:card\" content=\"summary_large_image\" \/>\n<meta name=\"twitter:label1\" content=\"Szacowany czas czytania\" \/>\n\t<meta name=\"twitter:data1\" content=\"1 minuta\" \/>\n<script type=\"application\/ld+json\" class=\"yoast-schema-graph\">{\"@context\":\"https:\\\/\\\/schema.org\",\"@graph\":[{\"@type\":\"WebPage\",\"@id\":\"https:\\\/\\\/ugwp.cfolks.pl\\\/bwb\\\/produkt\\\/deflex-399\\\/\",\"url\":\"https:\\\/\\\/ugwp.cfolks.pl\\\/bwb\\\/produkt\\\/deflex-399\\\/\",\"name\":\"DEFLEX 399 Profil do Zabezpieczenia Szczelin w \u015acianach!\",\"isPartOf\":{\"@id\":\"https:\\\/\\\/ugwp.cfolks.pl\\\/bwb\\\/#website\"},\"primaryImageOfPage\":{\"@id\":\"https:\\\/\\\/ugwp.cfolks.pl\\\/bwb\\\/produkt\\\/deflex-399\\\/#primaryimage\"},\"image\":{\"@id\":\"https:\\\/\\\/ugwp.cfolks.pl\\\/bwb\\\/produkt\\\/deflex-399\\\/#primaryimage\"},\"thumbnailUrl\":\"https:\\\/\\\/ugwp.cfolks.pl\\\/bwb\\\/wp-content\\\/uploads\\\/DEFLEX-399.jpg\",\"datePublished\":\"2023-10-10T17:44:32+00:00\",\"dateModified\":\"2026-02-09T11:44:32+00:00\",\"description\":\"DEFLEX 399 - zastosowanie podw\u00f3jnej wk\u0142adki elastomerowej i materia\u0142u wyko\u0144czeniowego zapewnia estetyk\u0119. Wymiana wk\u0142adki elastomerowej bez demonta\u017cu.\",\"breadcrumb\":{\"@id\":\"https:\\\/\\\/ugwp.cfolks.pl\\\/bwb\\\/produkt\\\/deflex-399\\\/#breadcrumb\"},\"inLanguage\":\"pl-PL\",\"potentialAction\":[{\"@type\":\"ReadAction\",\"target\":[\"https:\\\/\\\/ugwp.cfolks.pl\\\/bwb\\\/produkt\\\/deflex-399\\\/\"]}]},{\"@type\":\"ImageObject\",\"inLanguage\":\"pl-PL\",\"@id\":\"https:\\\/\\\/ugwp.cfolks.pl\\\/bwb\\\/produkt\\\/deflex-399\\\/#primaryimage\",\"url\":\"https:\\\/\\\/ugwp.cfolks.pl\\\/bwb\\\/wp-content\\\/uploads\\\/DEFLEX-399.jpg\",\"contentUrl\":\"https:\\\/\\\/ugwp.cfolks.pl\\\/bwb\\\/wp-content\\\/uploads\\\/DEFLEX-399.jpg\",\"width\":1100,\"height\":810,\"caption\":\"Profil dylatacyjny DEFLEX 399\"},{\"@type\":\"BreadcrumbList\",\"@id\":\"https:\\\/\\\/ugwp.cfolks.pl\\\/bwb\\\/produkt\\\/deflex-399\\\/#breadcrumb\",\"itemListElement\":[{\"@type\":\"ListItem\",\"position\":1,\"name\":\"Strona g\u0142\u00f3wna\",\"item\":\"https:\\\/\\\/ugwp.cfolks.pl\\\/bwb\\\/\"},{\"@type\":\"ListItem\",\"position\":2,\"name\":\"Profile Dylatacyjne\",\"item\":\"https:\\\/\\\/ugwp.cfolks.pl\\\/bwb\\\/kategoria\\\/profile-dylatacyjne\\\/\"},{\"@type\":\"ListItem\",\"position\":3,\"name\":\"Profile \u015bcienne i sufitowe\",\"item\":\"https:\\\/\\\/ugwp.cfolks.pl\\\/bwb\\\/kategoria\\\/profile-dylatacyjne\\\/profile-scienne-i-sufitowe\\\/\"},{\"@type\":\"ListItem\",\"position\":4,\"name\":\"DEFLEX 399\"}]},{\"@type\":\"WebSite\",\"@id\":\"https:\\\/\\\/ugwp.cfolks.pl\\\/bwb\\\/#website\",\"url\":\"https:\\\/\\\/ugwp.cfolks.pl\\\/bwb\\\/\",\"name\":\"BWB technology\",\"description\":\"Kolejna witryna oparta na WordPressie\",\"potentialAction\":[{\"@type\":\"SearchAction\",\"target\":{\"@type\":\"EntryPoint\",\"urlTemplate\":\"https:\\\/\\\/ugwp.cfolks.pl\\\/bwb\\\/?s={search_term_string}\"},\"query-input\":{\"@type\":\"PropertyValueSpecification\",\"valueRequired\":true,\"valueName\":\"search_term_string\"}}],\"inLanguage\":\"pl-PL\"}]}<\/script>\n<!-- \/ Yoast SEO plugin. -->","yoast_head_json":{"title":"DEFLEX 399 Profil do Zabezpieczenia Szczelin w \u015acianach!","description":"DEFLEX 399 - zastosowanie podw\u00f3jnej wk\u0142adki elastomerowej i materia\u0142u wyko\u0144czeniowego zapewnia estetyk\u0119. Wymiana wk\u0142adki elastomerowej bez demonta\u017cu.","robots":{"index":"noindex","follow":"follow","max-snippet":"max-snippet:-1","max-image-preview":"max-image-preview:large","max-video-preview":"max-video-preview:-1"},"og_locale":"pl_PL","og_type":"article","og_title":"DEFLEX 399 Profil do Zabezpieczenia Szczelin w \u015acianach!","og_description":"DEFLEX 399 - zastosowanie podw\u00f3jnej wk\u0142adki elastomerowej i materia\u0142u wyko\u0144czeniowego zapewnia estetyk\u0119. Wymiana wk\u0142adki elastomerowej bez demonta\u017cu.","og_url":"https:\/\/ugwp.cfolks.pl\/bwb\/produkt\/deflex-399\/","og_site_name":"BWB technology","article_modified_time":"2026-02-09T11:44:32+00:00","og_image":[{"width":1100,"height":810,"url":"https:\/\/ugwp.cfolks.pl\/bwb\/wp-content\/uploads\/DEFLEX-399.jpg","type":"image\/jpeg"}],"twitter_card":"summary_large_image","twitter_misc":{"Szacowany czas czytania":"1 minuta"},"schema":{"@context":"https:\/\/schema.org","@graph":[{"@type":"WebPage","@id":"https:\/\/ugwp.cfolks.pl\/bwb\/produkt\/deflex-399\/","url":"https:\/\/ugwp.cfolks.pl\/bwb\/produkt\/deflex-399\/","name":"DEFLEX 399 Profil do Zabezpieczenia Szczelin w \u015acianach!","isPartOf":{"@id":"https:\/\/ugwp.cfolks.pl\/bwb\/#website"},"primaryImageOfPage":{"@id":"https:\/\/ugwp.cfolks.pl\/bwb\/produkt\/deflex-399\/#primaryimage"},"image":{"@id":"https:\/\/ugwp.cfolks.pl\/bwb\/produkt\/deflex-399\/#primaryimage"},"thumbnailUrl":"https:\/\/ugwp.cfolks.pl\/bwb\/wp-content\/uploads\/DEFLEX-399.jpg","datePublished":"2023-10-10T17:44:32+00:00","dateModified":"2026-02-09T11:44:32+00:00","description":"DEFLEX 399 - zastosowanie podw\u00f3jnej wk\u0142adki elastomerowej i materia\u0142u wyko\u0144czeniowego zapewnia estetyk\u0119. Wymiana wk\u0142adki elastomerowej bez demonta\u017cu.","breadcrumb":{"@id":"https:\/\/ugwp.cfolks.pl\/bwb\/produkt\/deflex-399\/#breadcrumb"},"inLanguage":"pl-PL","potentialAction":[{"@type":"ReadAction","target":["https:\/\/ugwp.cfolks.pl\/bwb\/produkt\/deflex-399\/"]}]},{"@type":"ImageObject","inLanguage":"pl-PL","@id":"https:\/\/ugwp.cfolks.pl\/bwb\/produkt\/deflex-399\/#primaryimage","url":"https:\/\/ugwp.cfolks.pl\/bwb\/wp-content\/uploads\/DEFLEX-399.jpg","contentUrl":"https:\/\/ugwp.cfolks.pl\/bwb\/wp-content\/uploads\/DEFLEX-399.jpg","width":1100,"height":810,"caption":"Profil dylatacyjny DEFLEX 399"},{"@type":"BreadcrumbList","@id":"https:\/\/ugwp.cfolks.pl\/bwb\/produkt\/deflex-399\/#breadcrumb","itemListElement":[{"@type":"ListItem","position":1,"name":"Strona g\u0142\u00f3wna","item":"https:\/\/ugwp.cfolks.pl\/bwb\/"},{"@type":"ListItem","position":2,"name":"Profile Dylatacyjne","item":"https:\/\/ugwp.cfolks.pl\/bwb\/kategoria\/profile-dylatacyjne\/"},{"@type":"ListItem","position":3,"name":"Profile \u015bcienne i sufitowe","item":"https:\/\/ugwp.cfolks.pl\/bwb\/kategoria\/profile-dylatacyjne\/profile-scienne-i-sufitowe\/"},{"@type":"ListItem","position":4,"name":"DEFLEX 399"}]},{"@type":"WebSite","@id":"https:\/\/ugwp.cfolks.pl\/bwb\/#website","url":"https:\/\/ugwp.cfolks.pl\/bwb\/","name":"BWB technology","description":"Kolejna witryna oparta na WordPressie","potentialAction":[{"@type":"SearchAction","target":{"@type":"EntryPoint","urlTemplate":"https:\/\/ugwp.cfolks.pl\/bwb\/?s={search_term_string}"},"query-input":{"@type":"PropertyValueSpecification","valueRequired":true,"valueName":"search_term_string"}}],"inLanguage":"pl-PL"}]}},"_links":{"self":[{"href":"https:\/\/ugwp.cfolks.pl\/bwb\/wp-json\/wp\/v2\/product\/4444","targetHints":{"allow":["GET"]}}],"collection":[{"href":"https:\/\/ugwp.cfolks.pl\/bwb\/wp-json\/wp\/v2\/product"}],"about":[{"href":"https:\/\/ugwp.cfolks.pl\/bwb\/wp-json\/wp\/v2\/types\/product"}],"wp:featuredmedia":[{"embeddable":true,"href":"https:\/\/ugwp.cfolks.pl\/bwb\/wp-json\/wp\/v2\/media\/7298"}],"wp:attachment":[{"href":"https:\/\/ugwp.cfolks.pl\/bwb\/wp-json\/wp\/v2\/media?parent=4444"}],"wp:term":[{"taxonomy":"product_cat","embeddable":true,"href":"https:\/\/ugwp.cfolks.pl\/bwb\/wp-json\/wp\/v2\/product_cat?post=4444"},{"taxonomy":"product_tag","embeddable":true,"href":"https:\/\/ugwp.cfolks.pl\/bwb\/wp-json\/wp\/v2\/product_tag?post=4444"}],"curies":[{"name":"wp","href":"https:\/\/api.w.org\/{rel}","templated":true}]}}