{"id":4440,"date":"2023-10-10T19:40:27","date_gmt":"2023-10-10T17:40:27","guid":{"rendered":"https:\/\/ugwp.cfolks.pl\/bwb\/?post_type=product&#038;p=4440"},"modified":"2024-06-20T20:29:23","modified_gmt":"2024-06-20T18:29:23","slug":"deflex-21-p","status":"publish","type":"product","link":"https:\/\/ugwp.cfolks.pl\/bwb\/produkt\/deflex-21-p\/","title":{"rendered":"DEFLEX 21\/P"},"content":{"rendered":"","protected":false},"excerpt":{"rendered":"<p>Elastyczny profil wykonany w ca\u0142o\u015bci z termoplastycznego elastomeru. Jego zalet\u0105 jest mo\u017cliwo\u015b\u0107 monta\u017cu w szczelinach dylatacyjnych z nieregularnymi i uszkodzonymi kraw\u0119dziami, kt\u00f3re maskowane s\u0105 przez wierzchni\u0105 cz\u0119\u015b\u0107 profilu. Przeznaczony do maskowania dylatacji w \u015bcianach i elewacjach wykonanych zar\u00f3wno z betonu monolitycznego, jak i z element\u00f3w prefabrykowanych. Du\u017ca elastyczno\u015b\u0107 oraz spr\u0119\u017cysto\u015b\u0107 materia\u0142u umo\u017cliwiaj\u0105 \u0142atwy i szybki monta\u017c profilu. Profil mo\u017ce by\u0107 stosowany zar\u00f3wno wewn\u0105trz, jak i na zewn\u0105trz budynk\u00f3w. Specjalnie wyprofilowane powierzchnie boczne zapewniaj\u0105 w\u0142a\u015bciwe osadzenie w szczelinie dylatacyjnej. Profil powinien by\u0107 montowany w szczelinie dylatacyjnej bez sfazowanych kraw\u0119dzi.<\/p>\n<p>Profil wyst\u0119puje w wersji p\u0142askiej oraz naro\u017cnej.<\/p>\n<p>Nale\u017cy przestrzega\u0107 zalece\u0144 i uwag dotycz\u0105cych monta\u017cu.<\/p>\n","protected":false},"featured_media":5308,"template":"","meta":{"_acf_changed":false},"product_cat":[164],"product_tag":[],"class_list":{"0":"post-4440","1":"product","2":"type-product","3":"status-publish","4":"has-post-thumbnail","6":"product_cat-profile-scienne-i-sufitowe","8":"first","9":"instock","10":"shipping-taxable","11":"product-type-simple"},"acf":[],"yoast_head":"<!-- This site is optimized with the Yoast SEO plugin v27.3 - https:\/\/yoast.com\/product\/yoast-seo-wordpress\/ -->\n<title>DEFLEX 21\/P Elastyczny Profil Dylatacyjny do Ukrywania Szczelin!<\/title>\n<meta name=\"description\" content=\"DEFLEX 21\/P- idealny do zastosowa\u0144 w \u015bcianach i elewacjach wykonanych z betonu monolitycznego i prefabrykat\u00f3w. Dost\u0119pny w wersji p\u0142askiej i naro\u017cnej.\" \/>\n<meta name=\"robots\" content=\"noindex, follow, max-snippet:-1, max-image-preview:large, max-video-preview:-1\" \/>\n<meta property=\"og:locale\" content=\"pl_PL\" \/>\n<meta property=\"og:type\" content=\"article\" \/>\n<meta property=\"og:title\" content=\"DEFLEX 21\/P Elastyczny Profil Dylatacyjny do Ukrywania Szczelin!\" \/>\n<meta property=\"og:description\" content=\"DEFLEX 21\/P- idealny do zastosowa\u0144 w \u015bcianach i elewacjach wykonanych z betonu monolitycznego i prefabrykat\u00f3w. Dost\u0119pny w wersji p\u0142askiej i naro\u017cnej.\" \/>\n<meta property=\"og:url\" content=\"https:\/\/ugwp.cfolks.pl\/bwb\/produkt\/deflex-21-p\/\" \/>\n<meta property=\"og:site_name\" content=\"BWB technology\" \/>\n<meta property=\"article:modified_time\" content=\"2024-06-20T18:29:23+00:00\" \/>\n<meta property=\"og:image\" content=\"https:\/\/ugwp.cfolks.pl\/bwb\/wp-content\/uploads\/DEFLEX-21P.jpg\" \/>\n\t<meta property=\"og:image:width\" content=\"1100\" \/>\n\t<meta property=\"og:image:height\" content=\"810\" \/>\n\t<meta property=\"og:image:type\" content=\"image\/jpeg\" \/>\n<meta name=\"twitter:card\" content=\"summary_large_image\" \/>\n<meta name=\"twitter:label1\" content=\"Szacowany czas czytania\" \/>\n\t<meta name=\"twitter:data1\" content=\"1 minuta\" \/>\n<script type=\"application\/ld+json\" class=\"yoast-schema-graph\">{\"@context\":\"https:\\\/\\\/schema.org\",\"@graph\":[{\"@type\":\"WebPage\",\"@id\":\"https:\\\/\\\/ugwp.cfolks.pl\\\/bwb\\\/produkt\\\/deflex-21-p\\\/\",\"url\":\"https:\\\/\\\/ugwp.cfolks.pl\\\/bwb\\\/produkt\\\/deflex-21-p\\\/\",\"name\":\"DEFLEX 21\\\/P Elastyczny Profil Dylatacyjny do Ukrywania Szczelin!\",\"isPartOf\":{\"@id\":\"https:\\\/\\\/ugwp.cfolks.pl\\\/bwb\\\/#website\"},\"primaryImageOfPage\":{\"@id\":\"https:\\\/\\\/ugwp.cfolks.pl\\\/bwb\\\/produkt\\\/deflex-21-p\\\/#primaryimage\"},\"image\":{\"@id\":\"https:\\\/\\\/ugwp.cfolks.pl\\\/bwb\\\/produkt\\\/deflex-21-p\\\/#primaryimage\"},\"thumbnailUrl\":\"https:\\\/\\\/ugwp.cfolks.pl\\\/bwb\\\/wp-content\\\/uploads\\\/DEFLEX-21P.jpg\",\"datePublished\":\"2023-10-10T17:40:27+00:00\",\"dateModified\":\"2024-06-20T18:29:23+00:00\",\"description\":\"DEFLEX 21\\\/P- idealny do zastosowa\u0144 w \u015bcianach i elewacjach wykonanych z betonu monolitycznego i prefabrykat\u00f3w. Dost\u0119pny w wersji p\u0142askiej i naro\u017cnej.\",\"breadcrumb\":{\"@id\":\"https:\\\/\\\/ugwp.cfolks.pl\\\/bwb\\\/produkt\\\/deflex-21-p\\\/#breadcrumb\"},\"inLanguage\":\"pl-PL\",\"potentialAction\":[{\"@type\":\"ReadAction\",\"target\":[\"https:\\\/\\\/ugwp.cfolks.pl\\\/bwb\\\/produkt\\\/deflex-21-p\\\/\"]}]},{\"@type\":\"ImageObject\",\"inLanguage\":\"pl-PL\",\"@id\":\"https:\\\/\\\/ugwp.cfolks.pl\\\/bwb\\\/produkt\\\/deflex-21-p\\\/#primaryimage\",\"url\":\"https:\\\/\\\/ugwp.cfolks.pl\\\/bwb\\\/wp-content\\\/uploads\\\/DEFLEX-21P.jpg\",\"contentUrl\":\"https:\\\/\\\/ugwp.cfolks.pl\\\/bwb\\\/wp-content\\\/uploads\\\/DEFLEX-21P.jpg\",\"width\":1100,\"height\":810,\"caption\":\"Profil dylatacyjny 21\\\/P\"},{\"@type\":\"BreadcrumbList\",\"@id\":\"https:\\\/\\\/ugwp.cfolks.pl\\\/bwb\\\/produkt\\\/deflex-21-p\\\/#breadcrumb\",\"itemListElement\":[{\"@type\":\"ListItem\",\"position\":1,\"name\":\"Strona g\u0142\u00f3wna\",\"item\":\"https:\\\/\\\/ugwp.cfolks.pl\\\/bwb\\\/\"},{\"@type\":\"ListItem\",\"position\":2,\"name\":\"Profile Dylatacyjne\",\"item\":\"https:\\\/\\\/ugwp.cfolks.pl\\\/bwb\\\/kategoria\\\/profile-dylatacyjne\\\/\"},{\"@type\":\"ListItem\",\"position\":3,\"name\":\"Profile \u015bcienne i sufitowe\",\"item\":\"https:\\\/\\\/ugwp.cfolks.pl\\\/bwb\\\/kategoria\\\/profile-dylatacyjne\\\/profile-scienne-i-sufitowe\\\/\"},{\"@type\":\"ListItem\",\"position\":4,\"name\":\"DEFLEX 21\\\/P\"}]},{\"@type\":\"WebSite\",\"@id\":\"https:\\\/\\\/ugwp.cfolks.pl\\\/bwb\\\/#website\",\"url\":\"https:\\\/\\\/ugwp.cfolks.pl\\\/bwb\\\/\",\"name\":\"BWB technology\",\"description\":\"Kolejna witryna oparta na WordPressie\",\"potentialAction\":[{\"@type\":\"SearchAction\",\"target\":{\"@type\":\"EntryPoint\",\"urlTemplate\":\"https:\\\/\\\/ugwp.cfolks.pl\\\/bwb\\\/?s={search_term_string}\"},\"query-input\":{\"@type\":\"PropertyValueSpecification\",\"valueRequired\":true,\"valueName\":\"search_term_string\"}}],\"inLanguage\":\"pl-PL\"}]}<\/script>\n<!-- \/ Yoast SEO plugin. -->","yoast_head_json":{"title":"DEFLEX 21\/P Elastyczny Profil Dylatacyjny do Ukrywania Szczelin!","description":"DEFLEX 21\/P- idealny do zastosowa\u0144 w \u015bcianach i elewacjach wykonanych z betonu monolitycznego i prefabrykat\u00f3w. Dost\u0119pny w wersji p\u0142askiej i naro\u017cnej.","robots":{"index":"noindex","follow":"follow","max-snippet":"max-snippet:-1","max-image-preview":"max-image-preview:large","max-video-preview":"max-video-preview:-1"},"og_locale":"pl_PL","og_type":"article","og_title":"DEFLEX 21\/P Elastyczny Profil Dylatacyjny do Ukrywania Szczelin!","og_description":"DEFLEX 21\/P- idealny do zastosowa\u0144 w \u015bcianach i elewacjach wykonanych z betonu monolitycznego i prefabrykat\u00f3w. Dost\u0119pny w wersji p\u0142askiej i naro\u017cnej.","og_url":"https:\/\/ugwp.cfolks.pl\/bwb\/produkt\/deflex-21-p\/","og_site_name":"BWB technology","article_modified_time":"2024-06-20T18:29:23+00:00","og_image":[{"width":1100,"height":810,"url":"https:\/\/ugwp.cfolks.pl\/bwb\/wp-content\/uploads\/DEFLEX-21P.jpg","type":"image\/jpeg"}],"twitter_card":"summary_large_image","twitter_misc":{"Szacowany czas czytania":"1 minuta"},"schema":{"@context":"https:\/\/schema.org","@graph":[{"@type":"WebPage","@id":"https:\/\/ugwp.cfolks.pl\/bwb\/produkt\/deflex-21-p\/","url":"https:\/\/ugwp.cfolks.pl\/bwb\/produkt\/deflex-21-p\/","name":"DEFLEX 21\/P Elastyczny Profil Dylatacyjny do Ukrywania Szczelin!","isPartOf":{"@id":"https:\/\/ugwp.cfolks.pl\/bwb\/#website"},"primaryImageOfPage":{"@id":"https:\/\/ugwp.cfolks.pl\/bwb\/produkt\/deflex-21-p\/#primaryimage"},"image":{"@id":"https:\/\/ugwp.cfolks.pl\/bwb\/produkt\/deflex-21-p\/#primaryimage"},"thumbnailUrl":"https:\/\/ugwp.cfolks.pl\/bwb\/wp-content\/uploads\/DEFLEX-21P.jpg","datePublished":"2023-10-10T17:40:27+00:00","dateModified":"2024-06-20T18:29:23+00:00","description":"DEFLEX 21\/P- idealny do zastosowa\u0144 w \u015bcianach i elewacjach wykonanych z betonu monolitycznego i prefabrykat\u00f3w. Dost\u0119pny w wersji p\u0142askiej i naro\u017cnej.","breadcrumb":{"@id":"https:\/\/ugwp.cfolks.pl\/bwb\/produkt\/deflex-21-p\/#breadcrumb"},"inLanguage":"pl-PL","potentialAction":[{"@type":"ReadAction","target":["https:\/\/ugwp.cfolks.pl\/bwb\/produkt\/deflex-21-p\/"]}]},{"@type":"ImageObject","inLanguage":"pl-PL","@id":"https:\/\/ugwp.cfolks.pl\/bwb\/produkt\/deflex-21-p\/#primaryimage","url":"https:\/\/ugwp.cfolks.pl\/bwb\/wp-content\/uploads\/DEFLEX-21P.jpg","contentUrl":"https:\/\/ugwp.cfolks.pl\/bwb\/wp-content\/uploads\/DEFLEX-21P.jpg","width":1100,"height":810,"caption":"Profil dylatacyjny 21\/P"},{"@type":"BreadcrumbList","@id":"https:\/\/ugwp.cfolks.pl\/bwb\/produkt\/deflex-21-p\/#breadcrumb","itemListElement":[{"@type":"ListItem","position":1,"name":"Strona g\u0142\u00f3wna","item":"https:\/\/ugwp.cfolks.pl\/bwb\/"},{"@type":"ListItem","position":2,"name":"Profile Dylatacyjne","item":"https:\/\/ugwp.cfolks.pl\/bwb\/kategoria\/profile-dylatacyjne\/"},{"@type":"ListItem","position":3,"name":"Profile \u015bcienne i sufitowe","item":"https:\/\/ugwp.cfolks.pl\/bwb\/kategoria\/profile-dylatacyjne\/profile-scienne-i-sufitowe\/"},{"@type":"ListItem","position":4,"name":"DEFLEX 21\/P"}]},{"@type":"WebSite","@id":"https:\/\/ugwp.cfolks.pl\/bwb\/#website","url":"https:\/\/ugwp.cfolks.pl\/bwb\/","name":"BWB technology","description":"Kolejna witryna oparta na WordPressie","potentialAction":[{"@type":"SearchAction","target":{"@type":"EntryPoint","urlTemplate":"https:\/\/ugwp.cfolks.pl\/bwb\/?s={search_term_string}"},"query-input":{"@type":"PropertyValueSpecification","valueRequired":true,"valueName":"search_term_string"}}],"inLanguage":"pl-PL"}]}},"_links":{"self":[{"href":"https:\/\/ugwp.cfolks.pl\/bwb\/wp-json\/wp\/v2\/product\/4440","targetHints":{"allow":["GET"]}}],"collection":[{"href":"https:\/\/ugwp.cfolks.pl\/bwb\/wp-json\/wp\/v2\/product"}],"about":[{"href":"https:\/\/ugwp.cfolks.pl\/bwb\/wp-json\/wp\/v2\/types\/product"}],"wp:featuredmedia":[{"embeddable":true,"href":"https:\/\/ugwp.cfolks.pl\/bwb\/wp-json\/wp\/v2\/media\/5308"}],"wp:attachment":[{"href":"https:\/\/ugwp.cfolks.pl\/bwb\/wp-json\/wp\/v2\/media?parent=4440"}],"wp:term":[{"taxonomy":"product_cat","embeddable":true,"href":"https:\/\/ugwp.cfolks.pl\/bwb\/wp-json\/wp\/v2\/product_cat?post=4440"},{"taxonomy":"product_tag","embeddable":true,"href":"https:\/\/ugwp.cfolks.pl\/bwb\/wp-json\/wp\/v2\/product_tag?post=4440"}],"curies":[{"name":"wp","href":"https:\/\/api.w.org\/{rel}","templated":true}]}}