{"id":4426,"date":"2023-10-03T19:42:31","date_gmt":"2023-10-03T17:42:31","guid":{"rendered":"https:\/\/ugwp.cfolks.pl\/bwb\/?post_type=product&#038;p=4426"},"modified":"2025-06-24T19:22:01","modified_gmt":"2025-06-24T17:22:01","slug":"krazki-mocujace-z-tworzywa-breapin","status":"publish","type":"product","link":"https:\/\/ugwp.cfolks.pl\/bwb\/produkt\/krazki-mocujace-z-tworzywa-breapin\/","title":{"rendered":"Kr\u0105\u017cki mocuj\u0105ce z tworzywa BREAPIN"},"content":{"rendered":"","protected":false},"excerpt":{"rendered":"","protected":false},"featured_media":7265,"template":"","meta":{"_acf_changed":false},"product_cat":[130],"product_tag":[],"class_list":{"0":"post-4426","1":"product","2":"type-product","3":"status-publish","4":"has-post-thumbnail","6":"product_cat-systemy-transportowo-montazowe","8":"first","9":"instock","10":"shipping-taxable","11":"product-type-simple"},"acf":[],"yoast_head":"<!-- This site is optimized with the Yoast SEO plugin v27.3 - https:\/\/yoast.com\/product\/yoast-seo-wordpress\/ -->\n<title>Kr\u0105\u017cki mocuj\u0105ce z tworzywa BREAPIN - Systemy Monta\u017cowe<\/title>\n<meta name=\"description\" content=\"Kr\u0105\u017cki mocuj\u0105ce z trwa\u0142ego tworzywa BREAPIN \u2013 idealne do system\u00f3w transportowo-monta\u017cowych. Lekkie, wytrzyma\u0142e i \u0142atwe w monta\u017cu. Zobacz ofert\u0119!\" \/>\n<meta name=\"robots\" content=\"noindex, follow, max-snippet:-1, max-image-preview:large, max-video-preview:-1\" \/>\n<meta property=\"og:locale\" content=\"pl_PL\" \/>\n<meta property=\"og:type\" content=\"article\" \/>\n<meta property=\"og:title\" content=\"Kr\u0105\u017cki mocuj\u0105ce z tworzywa BREAPIN - Systemy Monta\u017cowe\" \/>\n<meta property=\"og:description\" content=\"Kr\u0105\u017cki mocuj\u0105ce z trwa\u0142ego tworzywa BREAPIN \u2013 idealne do system\u00f3w transportowo-monta\u017cowych. Lekkie, wytrzyma\u0142e i \u0142atwe w monta\u017cu. Zobacz ofert\u0119!\" \/>\n<meta property=\"og:url\" content=\"https:\/\/ugwp.cfolks.pl\/bwb\/produkt\/krazki-mocujace-z-tworzywa-breapin\/\" \/>\n<meta property=\"og:site_name\" content=\"BWB technology\" \/>\n<meta property=\"article:modified_time\" content=\"2025-06-24T17:22:01+00:00\" \/>\n<meta property=\"og:image\" content=\"https:\/\/ugwp.cfolks.pl\/bwb\/wp-content\/uploads\/Krazki-mocujace-z-tworzywa-BREAPIN.jpg\" \/>\n\t<meta property=\"og:image:width\" content=\"1100\" \/>\n\t<meta property=\"og:image:height\" content=\"810\" \/>\n\t<meta property=\"og:image:type\" content=\"image\/jpeg\" \/>\n<meta name=\"twitter:card\" content=\"summary_large_image\" \/>\n<meta name=\"twitter:label1\" content=\"Szacowany czas czytania\" \/>\n\t<meta name=\"twitter:data1\" content=\"1 minuta\" \/>\n<script type=\"application\/ld+json\" class=\"yoast-schema-graph\">{\"@context\":\"https:\\\/\\\/schema.org\",\"@graph\":[{\"@type\":\"WebPage\",\"@id\":\"https:\\\/\\\/ugwp.cfolks.pl\\\/bwb\\\/produkt\\\/krazki-mocujace-z-tworzywa-breapin\\\/\",\"url\":\"https:\\\/\\\/ugwp.cfolks.pl\\\/bwb\\\/produkt\\\/krazki-mocujace-z-tworzywa-breapin\\\/\",\"name\":\"Kr\u0105\u017cki mocuj\u0105ce z tworzywa BREAPIN - Systemy Monta\u017cowe\",\"isPartOf\":{\"@id\":\"https:\\\/\\\/ugwp.cfolks.pl\\\/bwb\\\/#website\"},\"primaryImageOfPage\":{\"@id\":\"https:\\\/\\\/ugwp.cfolks.pl\\\/bwb\\\/produkt\\\/krazki-mocujace-z-tworzywa-breapin\\\/#primaryimage\"},\"image\":{\"@id\":\"https:\\\/\\\/ugwp.cfolks.pl\\\/bwb\\\/produkt\\\/krazki-mocujace-z-tworzywa-breapin\\\/#primaryimage\"},\"thumbnailUrl\":\"https:\\\/\\\/ugwp.cfolks.pl\\\/bwb\\\/wp-content\\\/uploads\\\/Krazki-mocujace-z-tworzywa-BREAPIN.jpg\",\"datePublished\":\"2023-10-03T17:42:31+00:00\",\"dateModified\":\"2025-06-24T17:22:01+00:00\",\"description\":\"Kr\u0105\u017cki mocuj\u0105ce z trwa\u0142ego tworzywa BREAPIN \u2013 idealne do system\u00f3w transportowo-monta\u017cowych. Lekkie, wytrzyma\u0142e i \u0142atwe w monta\u017cu. Zobacz ofert\u0119!\",\"breadcrumb\":{\"@id\":\"https:\\\/\\\/ugwp.cfolks.pl\\\/bwb\\\/produkt\\\/krazki-mocujace-z-tworzywa-breapin\\\/#breadcrumb\"},\"inLanguage\":\"pl-PL\",\"potentialAction\":[{\"@type\":\"ReadAction\",\"target\":[\"https:\\\/\\\/ugwp.cfolks.pl\\\/bwb\\\/produkt\\\/krazki-mocujace-z-tworzywa-breapin\\\/\"]}]},{\"@type\":\"ImageObject\",\"inLanguage\":\"pl-PL\",\"@id\":\"https:\\\/\\\/ugwp.cfolks.pl\\\/bwb\\\/produkt\\\/krazki-mocujace-z-tworzywa-breapin\\\/#primaryimage\",\"url\":\"https:\\\/\\\/ugwp.cfolks.pl\\\/bwb\\\/wp-content\\\/uploads\\\/Krazki-mocujace-z-tworzywa-BREAPIN.jpg\",\"contentUrl\":\"https:\\\/\\\/ugwp.cfolks.pl\\\/bwb\\\/wp-content\\\/uploads\\\/Krazki-mocujace-z-tworzywa-BREAPIN.jpg\",\"width\":1100,\"height\":810,\"caption\":\"Kr\u0105\u017cki mocuj\u0105ce z tworzywa BREAPIN\"},{\"@type\":\"BreadcrumbList\",\"@id\":\"https:\\\/\\\/ugwp.cfolks.pl\\\/bwb\\\/produkt\\\/krazki-mocujace-z-tworzywa-breapin\\\/#breadcrumb\",\"itemListElement\":[{\"@type\":\"ListItem\",\"position\":1,\"name\":\"Strona g\u0142\u00f3wna\",\"item\":\"https:\\\/\\\/ugwp.cfolks.pl\\\/bwb\\\/\"},{\"@type\":\"ListItem\",\"position\":2,\"name\":\"Systemy transportowo-monta\u017cowe\",\"item\":\"https:\\\/\\\/ugwp.cfolks.pl\\\/bwb\\\/kategoria\\\/systemy-transportowo-montazowe\\\/\"},{\"@type\":\"ListItem\",\"position\":3,\"name\":\"Kr\u0105\u017cki mocuj\u0105ce z tworzywa BREAPIN\"}]},{\"@type\":\"WebSite\",\"@id\":\"https:\\\/\\\/ugwp.cfolks.pl\\\/bwb\\\/#website\",\"url\":\"https:\\\/\\\/ugwp.cfolks.pl\\\/bwb\\\/\",\"name\":\"BWB technology\",\"description\":\"Kolejna witryna oparta na WordPressie\",\"potentialAction\":[{\"@type\":\"SearchAction\",\"target\":{\"@type\":\"EntryPoint\",\"urlTemplate\":\"https:\\\/\\\/ugwp.cfolks.pl\\\/bwb\\\/?s={search_term_string}\"},\"query-input\":{\"@type\":\"PropertyValueSpecification\",\"valueRequired\":true,\"valueName\":\"search_term_string\"}}],\"inLanguage\":\"pl-PL\"}]}<\/script>\n<!-- \/ Yoast SEO plugin. -->","yoast_head_json":{"title":"Kr\u0105\u017cki mocuj\u0105ce z tworzywa BREAPIN - Systemy Monta\u017cowe","description":"Kr\u0105\u017cki mocuj\u0105ce z trwa\u0142ego tworzywa BREAPIN \u2013 idealne do system\u00f3w transportowo-monta\u017cowych. Lekkie, wytrzyma\u0142e i \u0142atwe w monta\u017cu. Zobacz ofert\u0119!","robots":{"index":"noindex","follow":"follow","max-snippet":"max-snippet:-1","max-image-preview":"max-image-preview:large","max-video-preview":"max-video-preview:-1"},"og_locale":"pl_PL","og_type":"article","og_title":"Kr\u0105\u017cki mocuj\u0105ce z tworzywa BREAPIN - Systemy Monta\u017cowe","og_description":"Kr\u0105\u017cki mocuj\u0105ce z trwa\u0142ego tworzywa BREAPIN \u2013 idealne do system\u00f3w transportowo-monta\u017cowych. Lekkie, wytrzyma\u0142e i \u0142atwe w monta\u017cu. Zobacz ofert\u0119!","og_url":"https:\/\/ugwp.cfolks.pl\/bwb\/produkt\/krazki-mocujace-z-tworzywa-breapin\/","og_site_name":"BWB technology","article_modified_time":"2025-06-24T17:22:01+00:00","og_image":[{"width":1100,"height":810,"url":"https:\/\/ugwp.cfolks.pl\/bwb\/wp-content\/uploads\/Krazki-mocujace-z-tworzywa-BREAPIN.jpg","type":"image\/jpeg"}],"twitter_card":"summary_large_image","twitter_misc":{"Szacowany czas czytania":"1 minuta"},"schema":{"@context":"https:\/\/schema.org","@graph":[{"@type":"WebPage","@id":"https:\/\/ugwp.cfolks.pl\/bwb\/produkt\/krazki-mocujace-z-tworzywa-breapin\/","url":"https:\/\/ugwp.cfolks.pl\/bwb\/produkt\/krazki-mocujace-z-tworzywa-breapin\/","name":"Kr\u0105\u017cki mocuj\u0105ce z tworzywa BREAPIN - Systemy Monta\u017cowe","isPartOf":{"@id":"https:\/\/ugwp.cfolks.pl\/bwb\/#website"},"primaryImageOfPage":{"@id":"https:\/\/ugwp.cfolks.pl\/bwb\/produkt\/krazki-mocujace-z-tworzywa-breapin\/#primaryimage"},"image":{"@id":"https:\/\/ugwp.cfolks.pl\/bwb\/produkt\/krazki-mocujace-z-tworzywa-breapin\/#primaryimage"},"thumbnailUrl":"https:\/\/ugwp.cfolks.pl\/bwb\/wp-content\/uploads\/Krazki-mocujace-z-tworzywa-BREAPIN.jpg","datePublished":"2023-10-03T17:42:31+00:00","dateModified":"2025-06-24T17:22:01+00:00","description":"Kr\u0105\u017cki mocuj\u0105ce z trwa\u0142ego tworzywa BREAPIN \u2013 idealne do system\u00f3w transportowo-monta\u017cowych. Lekkie, wytrzyma\u0142e i \u0142atwe w monta\u017cu. Zobacz ofert\u0119!","breadcrumb":{"@id":"https:\/\/ugwp.cfolks.pl\/bwb\/produkt\/krazki-mocujace-z-tworzywa-breapin\/#breadcrumb"},"inLanguage":"pl-PL","potentialAction":[{"@type":"ReadAction","target":["https:\/\/ugwp.cfolks.pl\/bwb\/produkt\/krazki-mocujace-z-tworzywa-breapin\/"]}]},{"@type":"ImageObject","inLanguage":"pl-PL","@id":"https:\/\/ugwp.cfolks.pl\/bwb\/produkt\/krazki-mocujace-z-tworzywa-breapin\/#primaryimage","url":"https:\/\/ugwp.cfolks.pl\/bwb\/wp-content\/uploads\/Krazki-mocujace-z-tworzywa-BREAPIN.jpg","contentUrl":"https:\/\/ugwp.cfolks.pl\/bwb\/wp-content\/uploads\/Krazki-mocujace-z-tworzywa-BREAPIN.jpg","width":1100,"height":810,"caption":"Kr\u0105\u017cki mocuj\u0105ce z tworzywa BREAPIN"},{"@type":"BreadcrumbList","@id":"https:\/\/ugwp.cfolks.pl\/bwb\/produkt\/krazki-mocujace-z-tworzywa-breapin\/#breadcrumb","itemListElement":[{"@type":"ListItem","position":1,"name":"Strona g\u0142\u00f3wna","item":"https:\/\/ugwp.cfolks.pl\/bwb\/"},{"@type":"ListItem","position":2,"name":"Systemy transportowo-monta\u017cowe","item":"https:\/\/ugwp.cfolks.pl\/bwb\/kategoria\/systemy-transportowo-montazowe\/"},{"@type":"ListItem","position":3,"name":"Kr\u0105\u017cki mocuj\u0105ce z tworzywa BREAPIN"}]},{"@type":"WebSite","@id":"https:\/\/ugwp.cfolks.pl\/bwb\/#website","url":"https:\/\/ugwp.cfolks.pl\/bwb\/","name":"BWB technology","description":"Kolejna witryna oparta na WordPressie","potentialAction":[{"@type":"SearchAction","target":{"@type":"EntryPoint","urlTemplate":"https:\/\/ugwp.cfolks.pl\/bwb\/?s={search_term_string}"},"query-input":{"@type":"PropertyValueSpecification","valueRequired":true,"valueName":"search_term_string"}}],"inLanguage":"pl-PL"}]}},"_links":{"self":[{"href":"https:\/\/ugwp.cfolks.pl\/bwb\/wp-json\/wp\/v2\/product\/4426","targetHints":{"allow":["GET"]}}],"collection":[{"href":"https:\/\/ugwp.cfolks.pl\/bwb\/wp-json\/wp\/v2\/product"}],"about":[{"href":"https:\/\/ugwp.cfolks.pl\/bwb\/wp-json\/wp\/v2\/types\/product"}],"wp:featuredmedia":[{"embeddable":true,"href":"https:\/\/ugwp.cfolks.pl\/bwb\/wp-json\/wp\/v2\/media\/7265"}],"wp:attachment":[{"href":"https:\/\/ugwp.cfolks.pl\/bwb\/wp-json\/wp\/v2\/media?parent=4426"}],"wp:term":[{"taxonomy":"product_cat","embeddable":true,"href":"https:\/\/ugwp.cfolks.pl\/bwb\/wp-json\/wp\/v2\/product_cat?post=4426"},{"taxonomy":"product_tag","embeddable":true,"href":"https:\/\/ugwp.cfolks.pl\/bwb\/wp-json\/wp\/v2\/product_tag?post=4426"}],"curies":[{"name":"wp","href":"https:\/\/api.w.org\/{rel}","templated":true}]}}