{"id":4411,"date":"2023-10-03T19:39:32","date_gmt":"2023-10-03T17:39:32","guid":{"rendered":"https:\/\/ugwp.cfolks.pl\/bwb\/?post_type=product&#038;p=4411"},"modified":"2025-06-25T12:02:24","modified_gmt":"2025-06-25T10:02:24","slug":"kotwy-do-scianek-podwojnych-szhroeder-flexi-stal-okragla-s235-z-zakonczeniem-pofalowanym","status":"publish","type":"product","link":"https:\/\/ugwp.cfolks.pl\/bwb\/produkt\/kotwy-do-scianek-podwojnych-szhroeder-flexi-stal-okragla-s235-z-zakonczeniem-pofalowanym\/","title":{"rendered":"Kotwy do \u015bcianek podw\u00f3jnych Schroeder Flexi stal okr\u0105g\u0142a S235 z zako\u0144czeniem pofalowanym"},"content":{"rendered":"","protected":false},"excerpt":{"rendered":"","protected":false},"featured_media":7278,"template":"","meta":{"_acf_changed":false},"product_cat":[130],"product_tag":[],"class_list":{"0":"post-4411","1":"product","2":"type-product","3":"status-publish","4":"has-post-thumbnail","6":"product_cat-systemy-transportowo-montazowe","8":"first","9":"instock","10":"shipping-taxable","11":"product-type-simple"},"acf":[],"yoast_head":"<!-- This site is optimized with the Yoast SEO plugin v27.3 - https:\/\/yoast.com\/product\/yoast-seo-wordpress\/ -->\n<title>Kotwy do \u015acianek Podw\u00f3jnych - Stal S235, Zako\u0144czenie Faliste<\/title>\n<meta name=\"description\" content=\"Kotwy do \u015bcianek podw\u00f3jnych Schroeder Flexi - niezawodne w systemach transportowo-monta\u017cowych. Stal okr\u0105g\u0142a S235 z zako\u0144czeniem falistym. Zobacz!\" \/>\n<meta name=\"robots\" content=\"noindex, follow, max-snippet:-1, max-image-preview:large, max-video-preview:-1\" \/>\n<meta property=\"og:locale\" content=\"pl_PL\" \/>\n<meta property=\"og:type\" content=\"article\" \/>\n<meta property=\"og:title\" content=\"Kotwy do \u015acianek Podw\u00f3jnych - Stal S235, Zako\u0144czenie Faliste\" \/>\n<meta property=\"og:description\" content=\"Kotwy do \u015bcianek podw\u00f3jnych Schroeder Flexi - niezawodne w systemach transportowo-monta\u017cowych. Stal okr\u0105g\u0142a S235 z zako\u0144czeniem falistym. Zobacz!\" \/>\n<meta property=\"og:url\" content=\"https:\/\/ugwp.cfolks.pl\/bwb\/produkt\/kotwy-do-scianek-podwojnych-szhroeder-flexi-stal-okragla-s235-z-zakonczeniem-pofalowanym\/\" \/>\n<meta property=\"og:site_name\" content=\"BWB technology\" \/>\n<meta property=\"article:modified_time\" content=\"2025-06-25T10:02:24+00:00\" \/>\n<meta property=\"og:image\" content=\"https:\/\/ugwp.cfolks.pl\/bwb\/wp-content\/uploads\/Kotwy-do-scianek-podwojnych-Szhroeder-Flexi-stal-okragla-S235-z-zakonczeniem-pofalowanym.jpg\" \/>\n\t<meta property=\"og:image:width\" content=\"1100\" \/>\n\t<meta property=\"og:image:height\" content=\"810\" \/>\n\t<meta property=\"og:image:type\" content=\"image\/jpeg\" \/>\n<meta name=\"twitter:card\" content=\"summary_large_image\" \/>\n<meta name=\"twitter:label1\" content=\"Szacowany czas czytania\" \/>\n\t<meta name=\"twitter:data1\" content=\"1 minuta\" \/>\n<script type=\"application\/ld+json\" class=\"yoast-schema-graph\">{\"@context\":\"https:\\\/\\\/schema.org\",\"@graph\":[{\"@type\":\"WebPage\",\"@id\":\"https:\\\/\\\/ugwp.cfolks.pl\\\/bwb\\\/produkt\\\/kotwy-do-scianek-podwojnych-szhroeder-flexi-stal-okragla-s235-z-zakonczeniem-pofalowanym\\\/\",\"url\":\"https:\\\/\\\/ugwp.cfolks.pl\\\/bwb\\\/produkt\\\/kotwy-do-scianek-podwojnych-szhroeder-flexi-stal-okragla-s235-z-zakonczeniem-pofalowanym\\\/\",\"name\":\"Kotwy do \u015acianek Podw\u00f3jnych - Stal S235, Zako\u0144czenie Faliste\",\"isPartOf\":{\"@id\":\"https:\\\/\\\/ugwp.cfolks.pl\\\/bwb\\\/#website\"},\"primaryImageOfPage\":{\"@id\":\"https:\\\/\\\/ugwp.cfolks.pl\\\/bwb\\\/produkt\\\/kotwy-do-scianek-podwojnych-szhroeder-flexi-stal-okragla-s235-z-zakonczeniem-pofalowanym\\\/#primaryimage\"},\"image\":{\"@id\":\"https:\\\/\\\/ugwp.cfolks.pl\\\/bwb\\\/produkt\\\/kotwy-do-scianek-podwojnych-szhroeder-flexi-stal-okragla-s235-z-zakonczeniem-pofalowanym\\\/#primaryimage\"},\"thumbnailUrl\":\"https:\\\/\\\/ugwp.cfolks.pl\\\/bwb\\\/wp-content\\\/uploads\\\/Kotwy-do-scianek-podwojnych-Szhroeder-Flexi-stal-okragla-S235-z-zakonczeniem-pofalowanym.jpg\",\"datePublished\":\"2023-10-03T17:39:32+00:00\",\"dateModified\":\"2025-06-25T10:02:24+00:00\",\"description\":\"Kotwy do \u015bcianek podw\u00f3jnych Schroeder Flexi - niezawodne w systemach transportowo-monta\u017cowych. Stal okr\u0105g\u0142a S235 z zako\u0144czeniem falistym. Zobacz!\",\"breadcrumb\":{\"@id\":\"https:\\\/\\\/ugwp.cfolks.pl\\\/bwb\\\/produkt\\\/kotwy-do-scianek-podwojnych-szhroeder-flexi-stal-okragla-s235-z-zakonczeniem-pofalowanym\\\/#breadcrumb\"},\"inLanguage\":\"pl-PL\",\"potentialAction\":[{\"@type\":\"ReadAction\",\"target\":[\"https:\\\/\\\/ugwp.cfolks.pl\\\/bwb\\\/produkt\\\/kotwy-do-scianek-podwojnych-szhroeder-flexi-stal-okragla-s235-z-zakonczeniem-pofalowanym\\\/\"]}]},{\"@type\":\"ImageObject\",\"inLanguage\":\"pl-PL\",\"@id\":\"https:\\\/\\\/ugwp.cfolks.pl\\\/bwb\\\/produkt\\\/kotwy-do-scianek-podwojnych-szhroeder-flexi-stal-okragla-s235-z-zakonczeniem-pofalowanym\\\/#primaryimage\",\"url\":\"https:\\\/\\\/ugwp.cfolks.pl\\\/bwb\\\/wp-content\\\/uploads\\\/Kotwy-do-scianek-podwojnych-Szhroeder-Flexi-stal-okragla-S235-z-zakonczeniem-pofalowanym.jpg\",\"contentUrl\":\"https:\\\/\\\/ugwp.cfolks.pl\\\/bwb\\\/wp-content\\\/uploads\\\/Kotwy-do-scianek-podwojnych-Szhroeder-Flexi-stal-okragla-S235-z-zakonczeniem-pofalowanym.jpg\",\"width\":1100,\"height\":810,\"caption\":\"Kotwy do \u015bcianek podw\u00f3jnych Szhroeder Flexi stal okr\u0105g\u0142a S235 z zako\u0144czeniem pofalowanym\"},{\"@type\":\"BreadcrumbList\",\"@id\":\"https:\\\/\\\/ugwp.cfolks.pl\\\/bwb\\\/produkt\\\/kotwy-do-scianek-podwojnych-szhroeder-flexi-stal-okragla-s235-z-zakonczeniem-pofalowanym\\\/#breadcrumb\",\"itemListElement\":[{\"@type\":\"ListItem\",\"position\":1,\"name\":\"Strona g\u0142\u00f3wna\",\"item\":\"https:\\\/\\\/ugwp.cfolks.pl\\\/bwb\\\/\"},{\"@type\":\"ListItem\",\"position\":2,\"name\":\"Systemy transportowo-monta\u017cowe\",\"item\":\"https:\\\/\\\/ugwp.cfolks.pl\\\/bwb\\\/kategoria\\\/systemy-transportowo-montazowe\\\/\"},{\"@type\":\"ListItem\",\"position\":3,\"name\":\"Kotwy do \u015bcianek podw\u00f3jnych Schroeder Flexi stal okr\u0105g\u0142a S235 z zako\u0144czeniem pofalowanym\"}]},{\"@type\":\"WebSite\",\"@id\":\"https:\\\/\\\/ugwp.cfolks.pl\\\/bwb\\\/#website\",\"url\":\"https:\\\/\\\/ugwp.cfolks.pl\\\/bwb\\\/\",\"name\":\"BWB technology\",\"description\":\"Kolejna witryna oparta na WordPressie\",\"potentialAction\":[{\"@type\":\"SearchAction\",\"target\":{\"@type\":\"EntryPoint\",\"urlTemplate\":\"https:\\\/\\\/ugwp.cfolks.pl\\\/bwb\\\/?s={search_term_string}\"},\"query-input\":{\"@type\":\"PropertyValueSpecification\",\"valueRequired\":true,\"valueName\":\"search_term_string\"}}],\"inLanguage\":\"pl-PL\"}]}<\/script>\n<!-- \/ Yoast SEO plugin. -->","yoast_head_json":{"title":"Kotwy do \u015acianek Podw\u00f3jnych - Stal S235, Zako\u0144czenie Faliste","description":"Kotwy do \u015bcianek podw\u00f3jnych Schroeder Flexi - niezawodne w systemach transportowo-monta\u017cowych. Stal okr\u0105g\u0142a S235 z zako\u0144czeniem falistym. Zobacz!","robots":{"index":"noindex","follow":"follow","max-snippet":"max-snippet:-1","max-image-preview":"max-image-preview:large","max-video-preview":"max-video-preview:-1"},"og_locale":"pl_PL","og_type":"article","og_title":"Kotwy do \u015acianek Podw\u00f3jnych - Stal S235, Zako\u0144czenie Faliste","og_description":"Kotwy do \u015bcianek podw\u00f3jnych Schroeder Flexi - niezawodne w systemach transportowo-monta\u017cowych. Stal okr\u0105g\u0142a S235 z zako\u0144czeniem falistym. Zobacz!","og_url":"https:\/\/ugwp.cfolks.pl\/bwb\/produkt\/kotwy-do-scianek-podwojnych-szhroeder-flexi-stal-okragla-s235-z-zakonczeniem-pofalowanym\/","og_site_name":"BWB technology","article_modified_time":"2025-06-25T10:02:24+00:00","og_image":[{"width":1100,"height":810,"url":"https:\/\/ugwp.cfolks.pl\/bwb\/wp-content\/uploads\/Kotwy-do-scianek-podwojnych-Szhroeder-Flexi-stal-okragla-S235-z-zakonczeniem-pofalowanym.jpg","type":"image\/jpeg"}],"twitter_card":"summary_large_image","twitter_misc":{"Szacowany czas czytania":"1 minuta"},"schema":{"@context":"https:\/\/schema.org","@graph":[{"@type":"WebPage","@id":"https:\/\/ugwp.cfolks.pl\/bwb\/produkt\/kotwy-do-scianek-podwojnych-szhroeder-flexi-stal-okragla-s235-z-zakonczeniem-pofalowanym\/","url":"https:\/\/ugwp.cfolks.pl\/bwb\/produkt\/kotwy-do-scianek-podwojnych-szhroeder-flexi-stal-okragla-s235-z-zakonczeniem-pofalowanym\/","name":"Kotwy do \u015acianek Podw\u00f3jnych - Stal S235, Zako\u0144czenie Faliste","isPartOf":{"@id":"https:\/\/ugwp.cfolks.pl\/bwb\/#website"},"primaryImageOfPage":{"@id":"https:\/\/ugwp.cfolks.pl\/bwb\/produkt\/kotwy-do-scianek-podwojnych-szhroeder-flexi-stal-okragla-s235-z-zakonczeniem-pofalowanym\/#primaryimage"},"image":{"@id":"https:\/\/ugwp.cfolks.pl\/bwb\/produkt\/kotwy-do-scianek-podwojnych-szhroeder-flexi-stal-okragla-s235-z-zakonczeniem-pofalowanym\/#primaryimage"},"thumbnailUrl":"https:\/\/ugwp.cfolks.pl\/bwb\/wp-content\/uploads\/Kotwy-do-scianek-podwojnych-Szhroeder-Flexi-stal-okragla-S235-z-zakonczeniem-pofalowanym.jpg","datePublished":"2023-10-03T17:39:32+00:00","dateModified":"2025-06-25T10:02:24+00:00","description":"Kotwy do \u015bcianek podw\u00f3jnych Schroeder Flexi - niezawodne w systemach transportowo-monta\u017cowych. Stal okr\u0105g\u0142a S235 z zako\u0144czeniem falistym. Zobacz!","breadcrumb":{"@id":"https:\/\/ugwp.cfolks.pl\/bwb\/produkt\/kotwy-do-scianek-podwojnych-szhroeder-flexi-stal-okragla-s235-z-zakonczeniem-pofalowanym\/#breadcrumb"},"inLanguage":"pl-PL","potentialAction":[{"@type":"ReadAction","target":["https:\/\/ugwp.cfolks.pl\/bwb\/produkt\/kotwy-do-scianek-podwojnych-szhroeder-flexi-stal-okragla-s235-z-zakonczeniem-pofalowanym\/"]}]},{"@type":"ImageObject","inLanguage":"pl-PL","@id":"https:\/\/ugwp.cfolks.pl\/bwb\/produkt\/kotwy-do-scianek-podwojnych-szhroeder-flexi-stal-okragla-s235-z-zakonczeniem-pofalowanym\/#primaryimage","url":"https:\/\/ugwp.cfolks.pl\/bwb\/wp-content\/uploads\/Kotwy-do-scianek-podwojnych-Szhroeder-Flexi-stal-okragla-S235-z-zakonczeniem-pofalowanym.jpg","contentUrl":"https:\/\/ugwp.cfolks.pl\/bwb\/wp-content\/uploads\/Kotwy-do-scianek-podwojnych-Szhroeder-Flexi-stal-okragla-S235-z-zakonczeniem-pofalowanym.jpg","width":1100,"height":810,"caption":"Kotwy do \u015bcianek podw\u00f3jnych Szhroeder Flexi stal okr\u0105g\u0142a S235 z zako\u0144czeniem pofalowanym"},{"@type":"BreadcrumbList","@id":"https:\/\/ugwp.cfolks.pl\/bwb\/produkt\/kotwy-do-scianek-podwojnych-szhroeder-flexi-stal-okragla-s235-z-zakonczeniem-pofalowanym\/#breadcrumb","itemListElement":[{"@type":"ListItem","position":1,"name":"Strona g\u0142\u00f3wna","item":"https:\/\/ugwp.cfolks.pl\/bwb\/"},{"@type":"ListItem","position":2,"name":"Systemy transportowo-monta\u017cowe","item":"https:\/\/ugwp.cfolks.pl\/bwb\/kategoria\/systemy-transportowo-montazowe\/"},{"@type":"ListItem","position":3,"name":"Kotwy do \u015bcianek podw\u00f3jnych Schroeder Flexi stal okr\u0105g\u0142a S235 z zako\u0144czeniem pofalowanym"}]},{"@type":"WebSite","@id":"https:\/\/ugwp.cfolks.pl\/bwb\/#website","url":"https:\/\/ugwp.cfolks.pl\/bwb\/","name":"BWB technology","description":"Kolejna witryna oparta na WordPressie","potentialAction":[{"@type":"SearchAction","target":{"@type":"EntryPoint","urlTemplate":"https:\/\/ugwp.cfolks.pl\/bwb\/?s={search_term_string}"},"query-input":{"@type":"PropertyValueSpecification","valueRequired":true,"valueName":"search_term_string"}}],"inLanguage":"pl-PL"}]}},"_links":{"self":[{"href":"https:\/\/ugwp.cfolks.pl\/bwb\/wp-json\/wp\/v2\/product\/4411","targetHints":{"allow":["GET"]}}],"collection":[{"href":"https:\/\/ugwp.cfolks.pl\/bwb\/wp-json\/wp\/v2\/product"}],"about":[{"href":"https:\/\/ugwp.cfolks.pl\/bwb\/wp-json\/wp\/v2\/types\/product"}],"wp:featuredmedia":[{"embeddable":true,"href":"https:\/\/ugwp.cfolks.pl\/bwb\/wp-json\/wp\/v2\/media\/7278"}],"wp:attachment":[{"href":"https:\/\/ugwp.cfolks.pl\/bwb\/wp-json\/wp\/v2\/media?parent=4411"}],"wp:term":[{"taxonomy":"product_cat","embeddable":true,"href":"https:\/\/ugwp.cfolks.pl\/bwb\/wp-json\/wp\/v2\/product_cat?post=4411"},{"taxonomy":"product_tag","embeddable":true,"href":"https:\/\/ugwp.cfolks.pl\/bwb\/wp-json\/wp\/v2\/product_tag?post=4411"}],"curies":[{"name":"wp","href":"https:\/\/api.w.org\/{rel}","templated":true}]}}