{"id":4397,"date":"2023-10-03T19:35:44","date_gmt":"2023-10-03T17:35:44","guid":{"rendered":"https:\/\/ugwp.cfolks.pl\/bwb\/?post_type=product&#038;p=4397"},"modified":"2025-05-08T18:36:04","modified_gmt":"2025-05-08T16:36:04","slug":"kotew-srubowa-tuleja-gwintowana-z-zacisnieta-sruba-z-lbem-szesciokatnym-bez-kolnierza-lub-z-kolnierzem","status":"publish","type":"product","link":"https:\/\/ugwp.cfolks.pl\/bwb\/produkt\/kotew-srubowa-tuleja-gwintowana-z-zacisnieta-sruba-z-lbem-szesciokatnym-bez-kolnierza-lub-z-kolnierzem\/","title":{"rendered":"Kotew \u015brubowa &#8211; tuleja gwintowana z zaci\u015bni\u0119t\u0105 \u015brub\u0105 z \u0142bem sze\u015bciok\u0105tnym bez ko\u0142nierza"},"content":{"rendered":"","protected":false},"excerpt":{"rendered":"","protected":false},"featured_media":7238,"template":"","meta":{"_acf_changed":false},"product_cat":[130],"product_tag":[],"class_list":{"0":"post-4397","1":"product","2":"type-product","3":"status-publish","4":"has-post-thumbnail","6":"product_cat-systemy-transportowo-montazowe","8":"first","9":"instock","10":"shipping-taxable","11":"product-type-simple"},"acf":[],"yoast_head":"<!-- This site is optimized with the Yoast SEO plugin v27.3 - https:\/\/yoast.com\/product\/yoast-seo-wordpress\/ -->\n<title>Tuleja Gwintowana z Zaci\u015bni\u0119t\u0105 \u015arub\u0105 z \u0141bem - Bez Ko\u0142nierza<\/title>\n<meta name=\"description\" content=\"Tuleja gwintowana z zaci\u015bni\u0119t\u0105 \u015brub\u0105 z \u0142bem sze\u015bciok\u0105tnym bez ko\u0142nierza. Precyzyjny element mocuj\u0105cy. Szybka wysy\u0142ka - sprawd\u017a teraz!\" \/>\n<meta name=\"robots\" content=\"noindex, follow, max-snippet:-1, max-image-preview:large, max-video-preview:-1\" \/>\n<meta property=\"og:locale\" content=\"pl_PL\" \/>\n<meta property=\"og:type\" content=\"article\" \/>\n<meta property=\"og:title\" content=\"Tuleja Gwintowana z Zaci\u015bni\u0119t\u0105 \u015arub\u0105 z \u0141bem - Bez Ko\u0142nierza\" \/>\n<meta property=\"og:description\" content=\"Tuleja gwintowana z zaci\u015bni\u0119t\u0105 \u015brub\u0105 z \u0142bem sze\u015bciok\u0105tnym bez ko\u0142nierza. Precyzyjny element mocuj\u0105cy. Szybka wysy\u0142ka - sprawd\u017a teraz!\" \/>\n<meta property=\"og:url\" content=\"https:\/\/ugwp.cfolks.pl\/bwb\/produkt\/kotew-srubowa-tuleja-gwintowana-z-zacisnieta-sruba-z-lbem-szesciokatnym-bez-kolnierza-lub-z-kolnierzem\/\" \/>\n<meta property=\"og:site_name\" content=\"BWB technology\" \/>\n<meta property=\"article:modified_time\" content=\"2025-05-08T16:36:04+00:00\" \/>\n<meta property=\"og:image\" content=\"https:\/\/ugwp.cfolks.pl\/bwb\/wp-content\/uploads\/Tuleja-gwintowana-z-zacisnieta-sruba-z-lbem-szesciokatnym-bez-kolnierza.jpg\" \/>\n\t<meta property=\"og:image:width\" content=\"1100\" \/>\n\t<meta property=\"og:image:height\" content=\"810\" \/>\n\t<meta property=\"og:image:type\" content=\"image\/jpeg\" \/>\n<meta name=\"twitter:card\" content=\"summary_large_image\" \/>\n<meta name=\"twitter:label1\" content=\"Szacowany czas czytania\" \/>\n\t<meta name=\"twitter:data1\" content=\"1 minuta\" \/>\n<script type=\"application\/ld+json\" class=\"yoast-schema-graph\">{\"@context\":\"https:\\\/\\\/schema.org\",\"@graph\":[{\"@type\":\"WebPage\",\"@id\":\"https:\\\/\\\/ugwp.cfolks.pl\\\/bwb\\\/produkt\\\/kotew-srubowa-tuleja-gwintowana-z-zacisnieta-sruba-z-lbem-szesciokatnym-bez-kolnierza-lub-z-kolnierzem\\\/\",\"url\":\"https:\\\/\\\/ugwp.cfolks.pl\\\/bwb\\\/produkt\\\/kotew-srubowa-tuleja-gwintowana-z-zacisnieta-sruba-z-lbem-szesciokatnym-bez-kolnierza-lub-z-kolnierzem\\\/\",\"name\":\"Tuleja Gwintowana z Zaci\u015bni\u0119t\u0105 \u015arub\u0105 z \u0141bem - Bez Ko\u0142nierza\",\"isPartOf\":{\"@id\":\"https:\\\/\\\/ugwp.cfolks.pl\\\/bwb\\\/#website\"},\"primaryImageOfPage\":{\"@id\":\"https:\\\/\\\/ugwp.cfolks.pl\\\/bwb\\\/produkt\\\/kotew-srubowa-tuleja-gwintowana-z-zacisnieta-sruba-z-lbem-szesciokatnym-bez-kolnierza-lub-z-kolnierzem\\\/#primaryimage\"},\"image\":{\"@id\":\"https:\\\/\\\/ugwp.cfolks.pl\\\/bwb\\\/produkt\\\/kotew-srubowa-tuleja-gwintowana-z-zacisnieta-sruba-z-lbem-szesciokatnym-bez-kolnierza-lub-z-kolnierzem\\\/#primaryimage\"},\"thumbnailUrl\":\"https:\\\/\\\/ugwp.cfolks.pl\\\/bwb\\\/wp-content\\\/uploads\\\/Tuleja-gwintowana-z-zacisnieta-sruba-z-lbem-szesciokatnym-bez-kolnierza.jpg\",\"datePublished\":\"2023-10-03T17:35:44+00:00\",\"dateModified\":\"2025-05-08T16:36:04+00:00\",\"description\":\"Tuleja gwintowana z zaci\u015bni\u0119t\u0105 \u015brub\u0105 z \u0142bem sze\u015bciok\u0105tnym bez ko\u0142nierza. Precyzyjny element mocuj\u0105cy. Szybka wysy\u0142ka - sprawd\u017a teraz!\",\"breadcrumb\":{\"@id\":\"https:\\\/\\\/ugwp.cfolks.pl\\\/bwb\\\/produkt\\\/kotew-srubowa-tuleja-gwintowana-z-zacisnieta-sruba-z-lbem-szesciokatnym-bez-kolnierza-lub-z-kolnierzem\\\/#breadcrumb\"},\"inLanguage\":\"pl-PL\",\"potentialAction\":[{\"@type\":\"ReadAction\",\"target\":[\"https:\\\/\\\/ugwp.cfolks.pl\\\/bwb\\\/produkt\\\/kotew-srubowa-tuleja-gwintowana-z-zacisnieta-sruba-z-lbem-szesciokatnym-bez-kolnierza-lub-z-kolnierzem\\\/\"]}]},{\"@type\":\"ImageObject\",\"inLanguage\":\"pl-PL\",\"@id\":\"https:\\\/\\\/ugwp.cfolks.pl\\\/bwb\\\/produkt\\\/kotew-srubowa-tuleja-gwintowana-z-zacisnieta-sruba-z-lbem-szesciokatnym-bez-kolnierza-lub-z-kolnierzem\\\/#primaryimage\",\"url\":\"https:\\\/\\\/ugwp.cfolks.pl\\\/bwb\\\/wp-content\\\/uploads\\\/Tuleja-gwintowana-z-zacisnieta-sruba-z-lbem-szesciokatnym-bez-kolnierza.jpg\",\"contentUrl\":\"https:\\\/\\\/ugwp.cfolks.pl\\\/bwb\\\/wp-content\\\/uploads\\\/Tuleja-gwintowana-z-zacisnieta-sruba-z-lbem-szesciokatnym-bez-kolnierza.jpg\",\"width\":1100,\"height\":810,\"caption\":\"Tuleja gwintowana z zaci\u015bni\u0119t\u0105 \u015brub\u0105 z \u0142bem sze\u015bciok\u0105tnym bez ko\u0142nierza\"},{\"@type\":\"BreadcrumbList\",\"@id\":\"https:\\\/\\\/ugwp.cfolks.pl\\\/bwb\\\/produkt\\\/kotew-srubowa-tuleja-gwintowana-z-zacisnieta-sruba-z-lbem-szesciokatnym-bez-kolnierza-lub-z-kolnierzem\\\/#breadcrumb\",\"itemListElement\":[{\"@type\":\"ListItem\",\"position\":1,\"name\":\"Strona g\u0142\u00f3wna\",\"item\":\"https:\\\/\\\/ugwp.cfolks.pl\\\/bwb\\\/\"},{\"@type\":\"ListItem\",\"position\":2,\"name\":\"Systemy transportowo-monta\u017cowe\",\"item\":\"https:\\\/\\\/ugwp.cfolks.pl\\\/bwb\\\/kategoria\\\/systemy-transportowo-montazowe\\\/\"},{\"@type\":\"ListItem\",\"position\":3,\"name\":\"Kotew \u015brubowa &#8211; tuleja gwintowana z zaci\u015bni\u0119t\u0105 \u015brub\u0105 z \u0142bem sze\u015bciok\u0105tnym bez ko\u0142nierza\"}]},{\"@type\":\"WebSite\",\"@id\":\"https:\\\/\\\/ugwp.cfolks.pl\\\/bwb\\\/#website\",\"url\":\"https:\\\/\\\/ugwp.cfolks.pl\\\/bwb\\\/\",\"name\":\"BWB technology\",\"description\":\"Kolejna witryna oparta na WordPressie\",\"potentialAction\":[{\"@type\":\"SearchAction\",\"target\":{\"@type\":\"EntryPoint\",\"urlTemplate\":\"https:\\\/\\\/ugwp.cfolks.pl\\\/bwb\\\/?s={search_term_string}\"},\"query-input\":{\"@type\":\"PropertyValueSpecification\",\"valueRequired\":true,\"valueName\":\"search_term_string\"}}],\"inLanguage\":\"pl-PL\"}]}<\/script>\n<!-- \/ Yoast SEO plugin. -->","yoast_head_json":{"title":"Tuleja Gwintowana z Zaci\u015bni\u0119t\u0105 \u015arub\u0105 z \u0141bem - Bez Ko\u0142nierza","description":"Tuleja gwintowana z zaci\u015bni\u0119t\u0105 \u015brub\u0105 z \u0142bem sze\u015bciok\u0105tnym bez ko\u0142nierza. Precyzyjny element mocuj\u0105cy. Szybka wysy\u0142ka - sprawd\u017a teraz!","robots":{"index":"noindex","follow":"follow","max-snippet":"max-snippet:-1","max-image-preview":"max-image-preview:large","max-video-preview":"max-video-preview:-1"},"og_locale":"pl_PL","og_type":"article","og_title":"Tuleja Gwintowana z Zaci\u015bni\u0119t\u0105 \u015arub\u0105 z \u0141bem - Bez Ko\u0142nierza","og_description":"Tuleja gwintowana z zaci\u015bni\u0119t\u0105 \u015brub\u0105 z \u0142bem sze\u015bciok\u0105tnym bez ko\u0142nierza. Precyzyjny element mocuj\u0105cy. Szybka wysy\u0142ka - sprawd\u017a teraz!","og_url":"https:\/\/ugwp.cfolks.pl\/bwb\/produkt\/kotew-srubowa-tuleja-gwintowana-z-zacisnieta-sruba-z-lbem-szesciokatnym-bez-kolnierza-lub-z-kolnierzem\/","og_site_name":"BWB technology","article_modified_time":"2025-05-08T16:36:04+00:00","og_image":[{"width":1100,"height":810,"url":"https:\/\/ugwp.cfolks.pl\/bwb\/wp-content\/uploads\/Tuleja-gwintowana-z-zacisnieta-sruba-z-lbem-szesciokatnym-bez-kolnierza.jpg","type":"image\/jpeg"}],"twitter_card":"summary_large_image","twitter_misc":{"Szacowany czas czytania":"1 minuta"},"schema":{"@context":"https:\/\/schema.org","@graph":[{"@type":"WebPage","@id":"https:\/\/ugwp.cfolks.pl\/bwb\/produkt\/kotew-srubowa-tuleja-gwintowana-z-zacisnieta-sruba-z-lbem-szesciokatnym-bez-kolnierza-lub-z-kolnierzem\/","url":"https:\/\/ugwp.cfolks.pl\/bwb\/produkt\/kotew-srubowa-tuleja-gwintowana-z-zacisnieta-sruba-z-lbem-szesciokatnym-bez-kolnierza-lub-z-kolnierzem\/","name":"Tuleja Gwintowana z Zaci\u015bni\u0119t\u0105 \u015arub\u0105 z \u0141bem - Bez Ko\u0142nierza","isPartOf":{"@id":"https:\/\/ugwp.cfolks.pl\/bwb\/#website"},"primaryImageOfPage":{"@id":"https:\/\/ugwp.cfolks.pl\/bwb\/produkt\/kotew-srubowa-tuleja-gwintowana-z-zacisnieta-sruba-z-lbem-szesciokatnym-bez-kolnierza-lub-z-kolnierzem\/#primaryimage"},"image":{"@id":"https:\/\/ugwp.cfolks.pl\/bwb\/produkt\/kotew-srubowa-tuleja-gwintowana-z-zacisnieta-sruba-z-lbem-szesciokatnym-bez-kolnierza-lub-z-kolnierzem\/#primaryimage"},"thumbnailUrl":"https:\/\/ugwp.cfolks.pl\/bwb\/wp-content\/uploads\/Tuleja-gwintowana-z-zacisnieta-sruba-z-lbem-szesciokatnym-bez-kolnierza.jpg","datePublished":"2023-10-03T17:35:44+00:00","dateModified":"2025-05-08T16:36:04+00:00","description":"Tuleja gwintowana z zaci\u015bni\u0119t\u0105 \u015brub\u0105 z \u0142bem sze\u015bciok\u0105tnym bez ko\u0142nierza. Precyzyjny element mocuj\u0105cy. Szybka wysy\u0142ka - sprawd\u017a teraz!","breadcrumb":{"@id":"https:\/\/ugwp.cfolks.pl\/bwb\/produkt\/kotew-srubowa-tuleja-gwintowana-z-zacisnieta-sruba-z-lbem-szesciokatnym-bez-kolnierza-lub-z-kolnierzem\/#breadcrumb"},"inLanguage":"pl-PL","potentialAction":[{"@type":"ReadAction","target":["https:\/\/ugwp.cfolks.pl\/bwb\/produkt\/kotew-srubowa-tuleja-gwintowana-z-zacisnieta-sruba-z-lbem-szesciokatnym-bez-kolnierza-lub-z-kolnierzem\/"]}]},{"@type":"ImageObject","inLanguage":"pl-PL","@id":"https:\/\/ugwp.cfolks.pl\/bwb\/produkt\/kotew-srubowa-tuleja-gwintowana-z-zacisnieta-sruba-z-lbem-szesciokatnym-bez-kolnierza-lub-z-kolnierzem\/#primaryimage","url":"https:\/\/ugwp.cfolks.pl\/bwb\/wp-content\/uploads\/Tuleja-gwintowana-z-zacisnieta-sruba-z-lbem-szesciokatnym-bez-kolnierza.jpg","contentUrl":"https:\/\/ugwp.cfolks.pl\/bwb\/wp-content\/uploads\/Tuleja-gwintowana-z-zacisnieta-sruba-z-lbem-szesciokatnym-bez-kolnierza.jpg","width":1100,"height":810,"caption":"Tuleja gwintowana z zaci\u015bni\u0119t\u0105 \u015brub\u0105 z \u0142bem sze\u015bciok\u0105tnym bez ko\u0142nierza"},{"@type":"BreadcrumbList","@id":"https:\/\/ugwp.cfolks.pl\/bwb\/produkt\/kotew-srubowa-tuleja-gwintowana-z-zacisnieta-sruba-z-lbem-szesciokatnym-bez-kolnierza-lub-z-kolnierzem\/#breadcrumb","itemListElement":[{"@type":"ListItem","position":1,"name":"Strona g\u0142\u00f3wna","item":"https:\/\/ugwp.cfolks.pl\/bwb\/"},{"@type":"ListItem","position":2,"name":"Systemy transportowo-monta\u017cowe","item":"https:\/\/ugwp.cfolks.pl\/bwb\/kategoria\/systemy-transportowo-montazowe\/"},{"@type":"ListItem","position":3,"name":"Kotew \u015brubowa &#8211; tuleja gwintowana z zaci\u015bni\u0119t\u0105 \u015brub\u0105 z \u0142bem sze\u015bciok\u0105tnym bez ko\u0142nierza"}]},{"@type":"WebSite","@id":"https:\/\/ugwp.cfolks.pl\/bwb\/#website","url":"https:\/\/ugwp.cfolks.pl\/bwb\/","name":"BWB technology","description":"Kolejna witryna oparta na WordPressie","potentialAction":[{"@type":"SearchAction","target":{"@type":"EntryPoint","urlTemplate":"https:\/\/ugwp.cfolks.pl\/bwb\/?s={search_term_string}"},"query-input":{"@type":"PropertyValueSpecification","valueRequired":true,"valueName":"search_term_string"}}],"inLanguage":"pl-PL"}]}},"_links":{"self":[{"href":"https:\/\/ugwp.cfolks.pl\/bwb\/wp-json\/wp\/v2\/product\/4397","targetHints":{"allow":["GET"]}}],"collection":[{"href":"https:\/\/ugwp.cfolks.pl\/bwb\/wp-json\/wp\/v2\/product"}],"about":[{"href":"https:\/\/ugwp.cfolks.pl\/bwb\/wp-json\/wp\/v2\/types\/product"}],"wp:featuredmedia":[{"embeddable":true,"href":"https:\/\/ugwp.cfolks.pl\/bwb\/wp-json\/wp\/v2\/media\/7238"}],"wp:attachment":[{"href":"https:\/\/ugwp.cfolks.pl\/bwb\/wp-json\/wp\/v2\/media?parent=4397"}],"wp:term":[{"taxonomy":"product_cat","embeddable":true,"href":"https:\/\/ugwp.cfolks.pl\/bwb\/wp-json\/wp\/v2\/product_cat?post=4397"},{"taxonomy":"product_tag","embeddable":true,"href":"https:\/\/ugwp.cfolks.pl\/bwb\/wp-json\/wp\/v2\/product_tag?post=4397"}],"curies":[{"name":"wp","href":"https:\/\/api.w.org\/{rel}","templated":true}]}}