{"id":4372,"date":"2023-10-03T19:28:38","date_gmt":"2023-10-03T17:28:38","guid":{"rendered":"https:\/\/ugwp.cfolks.pl\/bwb\/?post_type=product&#038;p=4372"},"modified":"2025-05-09T08:39:49","modified_gmt":"2025-05-09T06:39:49","slug":"tuleja-gwintowana-z-otworem-w-splaszczonej-koncowce","status":"publish","type":"product","link":"https:\/\/ugwp.cfolks.pl\/bwb\/produkt\/tuleja-gwintowana-z-otworem-w-splaszczonej-koncowce\/","title":{"rendered":"Tuleja gwintowana z otworem w sp\u0142aszczonej ko\u0144c\u00f3wce"},"content":{"rendered":"","protected":false},"excerpt":{"rendered":"","protected":false},"featured_media":7233,"template":"","meta":{"_acf_changed":false},"product_cat":[130],"product_tag":[],"class_list":{"0":"post-4372","1":"product","2":"type-product","3":"status-publish","4":"has-post-thumbnail","6":"product_cat-systemy-transportowo-montazowe","8":"first","9":"instock","10":"shipping-taxable","11":"product-type-simple"},"acf":[],"yoast_head":"<!-- This site is optimized with the Yoast SEO plugin v27.3 - https:\/\/yoast.com\/product\/yoast-seo-wordpress\/ -->\n<title>Tuleja Gwintowana - z Otworem w Sp\u0142aszczonej Ko\u0144c\u00f3wce<\/title>\n<meta name=\"description\" content=\"Tuleja gwintowana z otworem w sp\u0142aszczonej ko\u0144c\u00f3wce - trwa\u0142y element do system\u00f3w transportowo-monta\u017cowych. Dost\u0119pna od r\u0119ki - zam\u00f3w ju\u017c teraz!\" \/>\n<meta name=\"robots\" content=\"noindex, follow, max-snippet:-1, max-image-preview:large, max-video-preview:-1\" \/>\n<meta property=\"og:locale\" content=\"pl_PL\" \/>\n<meta property=\"og:type\" content=\"article\" \/>\n<meta property=\"og:title\" content=\"Tuleja Gwintowana - z Otworem w Sp\u0142aszczonej Ko\u0144c\u00f3wce\" \/>\n<meta property=\"og:description\" content=\"Tuleja gwintowana z otworem w sp\u0142aszczonej ko\u0144c\u00f3wce - trwa\u0142y element do system\u00f3w transportowo-monta\u017cowych. Dost\u0119pna od r\u0119ki - zam\u00f3w ju\u017c teraz!\" \/>\n<meta property=\"og:url\" content=\"https:\/\/ugwp.cfolks.pl\/bwb\/produkt\/tuleja-gwintowana-z-otworem-w-splaszczonej-koncowce\/\" \/>\n<meta property=\"og:site_name\" content=\"BWB technology\" \/>\n<meta property=\"article:modified_time\" content=\"2025-05-09T06:39:49+00:00\" \/>\n<meta property=\"og:image\" content=\"https:\/\/ugwp.cfolks.pl\/bwb\/wp-content\/uploads\/Tuleja-gwintowana-z-otworem-w-splaszczonej-koncowce.jpg\" \/>\n\t<meta property=\"og:image:width\" content=\"1100\" \/>\n\t<meta property=\"og:image:height\" content=\"810\" \/>\n\t<meta property=\"og:image:type\" content=\"image\/jpeg\" \/>\n<meta name=\"twitter:card\" content=\"summary_large_image\" \/>\n<meta name=\"twitter:label1\" content=\"Szacowany czas czytania\" \/>\n\t<meta name=\"twitter:data1\" content=\"1 minuta\" \/>\n<script type=\"application\/ld+json\" class=\"yoast-schema-graph\">{\"@context\":\"https:\\\/\\\/schema.org\",\"@graph\":[{\"@type\":\"WebPage\",\"@id\":\"https:\\\/\\\/ugwp.cfolks.pl\\\/bwb\\\/produkt\\\/tuleja-gwintowana-z-otworem-w-splaszczonej-koncowce\\\/\",\"url\":\"https:\\\/\\\/ugwp.cfolks.pl\\\/bwb\\\/produkt\\\/tuleja-gwintowana-z-otworem-w-splaszczonej-koncowce\\\/\",\"name\":\"Tuleja Gwintowana - z Otworem w Sp\u0142aszczonej Ko\u0144c\u00f3wce\",\"isPartOf\":{\"@id\":\"https:\\\/\\\/ugwp.cfolks.pl\\\/bwb\\\/#website\"},\"primaryImageOfPage\":{\"@id\":\"https:\\\/\\\/ugwp.cfolks.pl\\\/bwb\\\/produkt\\\/tuleja-gwintowana-z-otworem-w-splaszczonej-koncowce\\\/#primaryimage\"},\"image\":{\"@id\":\"https:\\\/\\\/ugwp.cfolks.pl\\\/bwb\\\/produkt\\\/tuleja-gwintowana-z-otworem-w-splaszczonej-koncowce\\\/#primaryimage\"},\"thumbnailUrl\":\"https:\\\/\\\/ugwp.cfolks.pl\\\/bwb\\\/wp-content\\\/uploads\\\/Tuleja-gwintowana-z-otworem-w-splaszczonej-koncowce.jpg\",\"datePublished\":\"2023-10-03T17:28:38+00:00\",\"dateModified\":\"2025-05-09T06:39:49+00:00\",\"description\":\"Tuleja gwintowana z otworem w sp\u0142aszczonej ko\u0144c\u00f3wce - trwa\u0142y element do system\u00f3w transportowo-monta\u017cowych. Dost\u0119pna od r\u0119ki - zam\u00f3w ju\u017c teraz!\",\"breadcrumb\":{\"@id\":\"https:\\\/\\\/ugwp.cfolks.pl\\\/bwb\\\/produkt\\\/tuleja-gwintowana-z-otworem-w-splaszczonej-koncowce\\\/#breadcrumb\"},\"inLanguage\":\"pl-PL\",\"potentialAction\":[{\"@type\":\"ReadAction\",\"target\":[\"https:\\\/\\\/ugwp.cfolks.pl\\\/bwb\\\/produkt\\\/tuleja-gwintowana-z-otworem-w-splaszczonej-koncowce\\\/\"]}]},{\"@type\":\"ImageObject\",\"inLanguage\":\"pl-PL\",\"@id\":\"https:\\\/\\\/ugwp.cfolks.pl\\\/bwb\\\/produkt\\\/tuleja-gwintowana-z-otworem-w-splaszczonej-koncowce\\\/#primaryimage\",\"url\":\"https:\\\/\\\/ugwp.cfolks.pl\\\/bwb\\\/wp-content\\\/uploads\\\/Tuleja-gwintowana-z-otworem-w-splaszczonej-koncowce.jpg\",\"contentUrl\":\"https:\\\/\\\/ugwp.cfolks.pl\\\/bwb\\\/wp-content\\\/uploads\\\/Tuleja-gwintowana-z-otworem-w-splaszczonej-koncowce.jpg\",\"width\":1100,\"height\":810,\"caption\":\"Tuleja gwintowana z otworem w sp\u0142aszczonej ko\u0144c\u00f3wce\"},{\"@type\":\"BreadcrumbList\",\"@id\":\"https:\\\/\\\/ugwp.cfolks.pl\\\/bwb\\\/produkt\\\/tuleja-gwintowana-z-otworem-w-splaszczonej-koncowce\\\/#breadcrumb\",\"itemListElement\":[{\"@type\":\"ListItem\",\"position\":1,\"name\":\"Strona g\u0142\u00f3wna\",\"item\":\"https:\\\/\\\/ugwp.cfolks.pl\\\/bwb\\\/\"},{\"@type\":\"ListItem\",\"position\":2,\"name\":\"Systemy transportowo-monta\u017cowe\",\"item\":\"https:\\\/\\\/ugwp.cfolks.pl\\\/bwb\\\/kategoria\\\/systemy-transportowo-montazowe\\\/\"},{\"@type\":\"ListItem\",\"position\":3,\"name\":\"Tuleja gwintowana z otworem w sp\u0142aszczonej ko\u0144c\u00f3wce\"}]},{\"@type\":\"WebSite\",\"@id\":\"https:\\\/\\\/ugwp.cfolks.pl\\\/bwb\\\/#website\",\"url\":\"https:\\\/\\\/ugwp.cfolks.pl\\\/bwb\\\/\",\"name\":\"BWB technology\",\"description\":\"Kolejna witryna oparta na WordPressie\",\"potentialAction\":[{\"@type\":\"SearchAction\",\"target\":{\"@type\":\"EntryPoint\",\"urlTemplate\":\"https:\\\/\\\/ugwp.cfolks.pl\\\/bwb\\\/?s={search_term_string}\"},\"query-input\":{\"@type\":\"PropertyValueSpecification\",\"valueRequired\":true,\"valueName\":\"search_term_string\"}}],\"inLanguage\":\"pl-PL\"}]}<\/script>\n<!-- \/ Yoast SEO plugin. -->","yoast_head_json":{"title":"Tuleja Gwintowana - z Otworem w Sp\u0142aszczonej Ko\u0144c\u00f3wce","description":"Tuleja gwintowana z otworem w sp\u0142aszczonej ko\u0144c\u00f3wce - trwa\u0142y element do system\u00f3w transportowo-monta\u017cowych. Dost\u0119pna od r\u0119ki - zam\u00f3w ju\u017c teraz!","robots":{"index":"noindex","follow":"follow","max-snippet":"max-snippet:-1","max-image-preview":"max-image-preview:large","max-video-preview":"max-video-preview:-1"},"og_locale":"pl_PL","og_type":"article","og_title":"Tuleja Gwintowana - z Otworem w Sp\u0142aszczonej Ko\u0144c\u00f3wce","og_description":"Tuleja gwintowana z otworem w sp\u0142aszczonej ko\u0144c\u00f3wce - trwa\u0142y element do system\u00f3w transportowo-monta\u017cowych. Dost\u0119pna od r\u0119ki - zam\u00f3w ju\u017c teraz!","og_url":"https:\/\/ugwp.cfolks.pl\/bwb\/produkt\/tuleja-gwintowana-z-otworem-w-splaszczonej-koncowce\/","og_site_name":"BWB technology","article_modified_time":"2025-05-09T06:39:49+00:00","og_image":[{"width":1100,"height":810,"url":"https:\/\/ugwp.cfolks.pl\/bwb\/wp-content\/uploads\/Tuleja-gwintowana-z-otworem-w-splaszczonej-koncowce.jpg","type":"image\/jpeg"}],"twitter_card":"summary_large_image","twitter_misc":{"Szacowany czas czytania":"1 minuta"},"schema":{"@context":"https:\/\/schema.org","@graph":[{"@type":"WebPage","@id":"https:\/\/ugwp.cfolks.pl\/bwb\/produkt\/tuleja-gwintowana-z-otworem-w-splaszczonej-koncowce\/","url":"https:\/\/ugwp.cfolks.pl\/bwb\/produkt\/tuleja-gwintowana-z-otworem-w-splaszczonej-koncowce\/","name":"Tuleja Gwintowana - z Otworem w Sp\u0142aszczonej Ko\u0144c\u00f3wce","isPartOf":{"@id":"https:\/\/ugwp.cfolks.pl\/bwb\/#website"},"primaryImageOfPage":{"@id":"https:\/\/ugwp.cfolks.pl\/bwb\/produkt\/tuleja-gwintowana-z-otworem-w-splaszczonej-koncowce\/#primaryimage"},"image":{"@id":"https:\/\/ugwp.cfolks.pl\/bwb\/produkt\/tuleja-gwintowana-z-otworem-w-splaszczonej-koncowce\/#primaryimage"},"thumbnailUrl":"https:\/\/ugwp.cfolks.pl\/bwb\/wp-content\/uploads\/Tuleja-gwintowana-z-otworem-w-splaszczonej-koncowce.jpg","datePublished":"2023-10-03T17:28:38+00:00","dateModified":"2025-05-09T06:39:49+00:00","description":"Tuleja gwintowana z otworem w sp\u0142aszczonej ko\u0144c\u00f3wce - trwa\u0142y element do system\u00f3w transportowo-monta\u017cowych. Dost\u0119pna od r\u0119ki - zam\u00f3w ju\u017c teraz!","breadcrumb":{"@id":"https:\/\/ugwp.cfolks.pl\/bwb\/produkt\/tuleja-gwintowana-z-otworem-w-splaszczonej-koncowce\/#breadcrumb"},"inLanguage":"pl-PL","potentialAction":[{"@type":"ReadAction","target":["https:\/\/ugwp.cfolks.pl\/bwb\/produkt\/tuleja-gwintowana-z-otworem-w-splaszczonej-koncowce\/"]}]},{"@type":"ImageObject","inLanguage":"pl-PL","@id":"https:\/\/ugwp.cfolks.pl\/bwb\/produkt\/tuleja-gwintowana-z-otworem-w-splaszczonej-koncowce\/#primaryimage","url":"https:\/\/ugwp.cfolks.pl\/bwb\/wp-content\/uploads\/Tuleja-gwintowana-z-otworem-w-splaszczonej-koncowce.jpg","contentUrl":"https:\/\/ugwp.cfolks.pl\/bwb\/wp-content\/uploads\/Tuleja-gwintowana-z-otworem-w-splaszczonej-koncowce.jpg","width":1100,"height":810,"caption":"Tuleja gwintowana z otworem w sp\u0142aszczonej ko\u0144c\u00f3wce"},{"@type":"BreadcrumbList","@id":"https:\/\/ugwp.cfolks.pl\/bwb\/produkt\/tuleja-gwintowana-z-otworem-w-splaszczonej-koncowce\/#breadcrumb","itemListElement":[{"@type":"ListItem","position":1,"name":"Strona g\u0142\u00f3wna","item":"https:\/\/ugwp.cfolks.pl\/bwb\/"},{"@type":"ListItem","position":2,"name":"Systemy transportowo-monta\u017cowe","item":"https:\/\/ugwp.cfolks.pl\/bwb\/kategoria\/systemy-transportowo-montazowe\/"},{"@type":"ListItem","position":3,"name":"Tuleja gwintowana z otworem w sp\u0142aszczonej ko\u0144c\u00f3wce"}]},{"@type":"WebSite","@id":"https:\/\/ugwp.cfolks.pl\/bwb\/#website","url":"https:\/\/ugwp.cfolks.pl\/bwb\/","name":"BWB technology","description":"Kolejna witryna oparta na WordPressie","potentialAction":[{"@type":"SearchAction","target":{"@type":"EntryPoint","urlTemplate":"https:\/\/ugwp.cfolks.pl\/bwb\/?s={search_term_string}"},"query-input":{"@type":"PropertyValueSpecification","valueRequired":true,"valueName":"search_term_string"}}],"inLanguage":"pl-PL"}]}},"_links":{"self":[{"href":"https:\/\/ugwp.cfolks.pl\/bwb\/wp-json\/wp\/v2\/product\/4372","targetHints":{"allow":["GET"]}}],"collection":[{"href":"https:\/\/ugwp.cfolks.pl\/bwb\/wp-json\/wp\/v2\/product"}],"about":[{"href":"https:\/\/ugwp.cfolks.pl\/bwb\/wp-json\/wp\/v2\/types\/product"}],"wp:featuredmedia":[{"embeddable":true,"href":"https:\/\/ugwp.cfolks.pl\/bwb\/wp-json\/wp\/v2\/media\/7233"}],"wp:attachment":[{"href":"https:\/\/ugwp.cfolks.pl\/bwb\/wp-json\/wp\/v2\/media?parent=4372"}],"wp:term":[{"taxonomy":"product_cat","embeddable":true,"href":"https:\/\/ugwp.cfolks.pl\/bwb\/wp-json\/wp\/v2\/product_cat?post=4372"},{"taxonomy":"product_tag","embeddable":true,"href":"https:\/\/ugwp.cfolks.pl\/bwb\/wp-json\/wp\/v2\/product_tag?post=4372"}],"curies":[{"name":"wp","href":"https:\/\/api.w.org\/{rel}","templated":true}]}}