{"id":3209,"date":"2023-02-19T02:35:59","date_gmt":"2023-02-19T01:35:59","guid":{"rendered":"https:\/\/ugwp.cfolks.pl\/bwb\/?post_type=product&#038;p=3209"},"modified":"2023-10-03T16:36:21","modified_gmt":"2023-10-03T14:36:21","slug":"zbrojenie-odginane-dwurzedowe-typ-ad-bwt","status":"publish","type":"product","link":"https:\/\/ugwp.cfolks.pl\/bwb\/produkt\/zbrojenie-odginane-dwurzedowe-typ-ad-bwt\/","title":{"rendered":"Zbrojenie odginane dwurz\u0119dowe Typ AD &#8211; BWT"},"content":{"rendered":"","protected":false},"excerpt":{"rendered":"<ul>\n<li>Pr\u0119towe elementy \u0142\u0105cz\u0105ce BWT przeznaczone s\u0105 do wykonywania po\u0142\u0105cze\u0144 \u017celbetowych element\u00f3w konstrukcyjnych, kt\u00f3re s\u0105 betonowane (klasa betonu nie ni\u017csza ni\u017c C 20\/25 wg PN-EN 206+A1:2016<\/li>\n<li>Specjalnie wyprofilowane elementy obudowy z blachy stalowej ocynkowanej zapewniaj\u0105 optymalne po\u0142\u0105czenie z betonem i przeniesienie si\u0142 tn\u0105cych<\/li>\n<li>Pr\u0119ty zbrojeniowe o \u015brednicy 8, 10 lub 12 mm spe\u0142niaj\u0105 wymagania klasy ci\u0105gliwo\u015bci B lub C wg normy PN-EN 1992-1-1:2008<\/li>\n<li>Elementy dost\u0119pne w d\u0142ugo\u015bciach 200-2400 mm<\/li>\n<li>Do wyceny \/ realizacji zam\u00f3wienia niezb\u0119dne jest podanie wymiar\u00f3w: szeroko\u015b\u0107 szyny, \u015brednica pr\u0119ta, rozstaw pr\u0119t\u00f3w, wymiar pr\u0119t\u00f3w (tabele wymiarowe w zak\u0142adce \u201eDO POBRANIA\u201d<\/li>\n<\/ul>\n","protected":false},"featured_media":3314,"template":"","meta":{"_acf_changed":false},"product_cat":[146],"product_tag":[],"class_list":{"0":"post-3209","1":"product","2":"type-product","3":"status-publish","4":"has-post-thumbnail","6":"product_cat-zbrojenia-odginane-dwurzedowe-niestandardowe","8":"first","9":"instock","10":"shipping-taxable","11":"product-type-simple"},"acf":[],"yoast_head":"<!-- This site is optimized with the Yoast SEO plugin v27.3 - https:\/\/yoast.com\/product\/yoast-seo-wordpress\/ -->\n<title>Zbrojenie Odginane Dwurz\u0119dowe Typ AD - BWT<\/title>\n<meta name=\"description\" content=\"Zbrojenie odginane dwurz\u0119dowe Typ AD - BWT -zestawy \u0142\u0105cz\u0105ce przeznaczone do wykonywania po\u0142\u0105cze\u0144 \u017celbetowych element\u00f3w konstrukcyjnych, kt\u00f3re s\u0105 betonowane.\" \/>\n<meta name=\"robots\" content=\"noindex, follow, max-snippet:-1, max-image-preview:large, max-video-preview:-1\" \/>\n<meta property=\"og:locale\" content=\"pl_PL\" \/>\n<meta property=\"og:type\" content=\"article\" \/>\n<meta property=\"og:title\" content=\"Zbrojenie Odginane Dwurz\u0119dowe Typ AD - BWT\" \/>\n<meta property=\"og:description\" content=\"Zbrojenie odginane dwurz\u0119dowe Typ AD - BWT -zestawy \u0142\u0105cz\u0105ce przeznaczone do wykonywania po\u0142\u0105cze\u0144 \u017celbetowych element\u00f3w konstrukcyjnych, kt\u00f3re s\u0105 betonowane.\" \/>\n<meta property=\"og:url\" content=\"https:\/\/ugwp.cfolks.pl\/bwb\/produkt\/zbrojenie-odginane-dwurzedowe-typ-ad-bwt\/\" \/>\n<meta property=\"og:site_name\" content=\"BWB technology\" \/>\n<meta property=\"article:modified_time\" content=\"2023-10-03T14:36:21+00:00\" \/>\n<meta property=\"og:image\" content=\"https:\/\/ugwp.cfolks.pl\/bwb\/wp-content\/uploads\/Zbrojenie-odginane-dwurzedowe-Typ-AD-\u2013-BWT.jpg\" \/>\n\t<meta property=\"og:image:width\" content=\"1100\" \/>\n\t<meta property=\"og:image:height\" content=\"810\" \/>\n\t<meta property=\"og:image:type\" content=\"image\/jpeg\" \/>\n<meta name=\"twitter:card\" content=\"summary_large_image\" \/>\n<script type=\"application\/ld+json\" class=\"yoast-schema-graph\">{\"@context\":\"https:\\\/\\\/schema.org\",\"@graph\":[{\"@type\":\"WebPage\",\"@id\":\"https:\\\/\\\/ugwp.cfolks.pl\\\/bwb\\\/produkt\\\/zbrojenie-odginane-dwurzedowe-typ-ad-bwt\\\/\",\"url\":\"https:\\\/\\\/ugwp.cfolks.pl\\\/bwb\\\/produkt\\\/zbrojenie-odginane-dwurzedowe-typ-ad-bwt\\\/\",\"name\":\"Zbrojenie Odginane Dwurz\u0119dowe Typ AD - BWT\",\"isPartOf\":{\"@id\":\"https:\\\/\\\/ugwp.cfolks.pl\\\/bwb\\\/#website\"},\"primaryImageOfPage\":{\"@id\":\"https:\\\/\\\/ugwp.cfolks.pl\\\/bwb\\\/produkt\\\/zbrojenie-odginane-dwurzedowe-typ-ad-bwt\\\/#primaryimage\"},\"image\":{\"@id\":\"https:\\\/\\\/ugwp.cfolks.pl\\\/bwb\\\/produkt\\\/zbrojenie-odginane-dwurzedowe-typ-ad-bwt\\\/#primaryimage\"},\"thumbnailUrl\":\"https:\\\/\\\/ugwp.cfolks.pl\\\/bwb\\\/wp-content\\\/uploads\\\/Zbrojenie-odginane-dwurzedowe-Typ-AD-\u2013-BWT.jpg\",\"datePublished\":\"2023-02-19T01:35:59+00:00\",\"dateModified\":\"2023-10-03T14:36:21+00:00\",\"description\":\"Zbrojenie odginane dwurz\u0119dowe Typ AD - BWT -zestawy \u0142\u0105cz\u0105ce przeznaczone do wykonywania po\u0142\u0105cze\u0144 \u017celbetowych element\u00f3w konstrukcyjnych, kt\u00f3re s\u0105 betonowane.\",\"breadcrumb\":{\"@id\":\"https:\\\/\\\/ugwp.cfolks.pl\\\/bwb\\\/produkt\\\/zbrojenie-odginane-dwurzedowe-typ-ad-bwt\\\/#breadcrumb\"},\"inLanguage\":\"pl-PL\",\"potentialAction\":[{\"@type\":\"ReadAction\",\"target\":[\"https:\\\/\\\/ugwp.cfolks.pl\\\/bwb\\\/produkt\\\/zbrojenie-odginane-dwurzedowe-typ-ad-bwt\\\/\"]}]},{\"@type\":\"ImageObject\",\"inLanguage\":\"pl-PL\",\"@id\":\"https:\\\/\\\/ugwp.cfolks.pl\\\/bwb\\\/produkt\\\/zbrojenie-odginane-dwurzedowe-typ-ad-bwt\\\/#primaryimage\",\"url\":\"https:\\\/\\\/ugwp.cfolks.pl\\\/bwb\\\/wp-content\\\/uploads\\\/Zbrojenie-odginane-dwurzedowe-Typ-AD-\u2013-BWT.jpg\",\"contentUrl\":\"https:\\\/\\\/ugwp.cfolks.pl\\\/bwb\\\/wp-content\\\/uploads\\\/Zbrojenie-odginane-dwurzedowe-Typ-AD-\u2013-BWT.jpg\",\"width\":1100,\"height\":810,\"caption\":\"Zbrojenie odginane dwurz\u0119dowe Typ AD \u2013 BWT\"},{\"@type\":\"BreadcrumbList\",\"@id\":\"https:\\\/\\\/ugwp.cfolks.pl\\\/bwb\\\/produkt\\\/zbrojenie-odginane-dwurzedowe-typ-ad-bwt\\\/#breadcrumb\",\"itemListElement\":[{\"@type\":\"ListItem\",\"position\":1,\"name\":\"Strona g\u0142\u00f3wna\",\"item\":\"https:\\\/\\\/ugwp.cfolks.pl\\\/bwb\\\/\"},{\"@type\":\"ListItem\",\"position\":2,\"name\":\"Systemy Zbrojenia Betonu\",\"item\":\"https:\\\/\\\/ugwp.cfolks.pl\\\/bwb\\\/kategoria\\\/systemy-zbrojenia-betonu\\\/\"},{\"@type\":\"ListItem\",\"position\":3,\"name\":\"Zbrojenia odginane dwurz\u0119dowe niestandardowe\",\"item\":\"https:\\\/\\\/ugwp.cfolks.pl\\\/bwb\\\/kategoria\\\/systemy-zbrojenia-betonu\\\/zbrojenia-odginane-dwurzedowe-niestandardowe\\\/\"},{\"@type\":\"ListItem\",\"position\":4,\"name\":\"Zbrojenie odginane dwurz\u0119dowe Typ AD &#8211; BWT\"}]},{\"@type\":\"WebSite\",\"@id\":\"https:\\\/\\\/ugwp.cfolks.pl\\\/bwb\\\/#website\",\"url\":\"https:\\\/\\\/ugwp.cfolks.pl\\\/bwb\\\/\",\"name\":\"BWB technology\",\"description\":\"Kolejna witryna oparta na WordPressie\",\"potentialAction\":[{\"@type\":\"SearchAction\",\"target\":{\"@type\":\"EntryPoint\",\"urlTemplate\":\"https:\\\/\\\/ugwp.cfolks.pl\\\/bwb\\\/?s={search_term_string}\"},\"query-input\":{\"@type\":\"PropertyValueSpecification\",\"valueRequired\":true,\"valueName\":\"search_term_string\"}}],\"inLanguage\":\"pl-PL\"}]}<\/script>\n<!-- \/ Yoast SEO plugin. -->","yoast_head_json":{"title":"Zbrojenie Odginane Dwurz\u0119dowe Typ AD - BWT","description":"Zbrojenie odginane dwurz\u0119dowe Typ AD - BWT -zestawy \u0142\u0105cz\u0105ce przeznaczone do wykonywania po\u0142\u0105cze\u0144 \u017celbetowych element\u00f3w konstrukcyjnych, kt\u00f3re s\u0105 betonowane.","robots":{"index":"noindex","follow":"follow","max-snippet":"max-snippet:-1","max-image-preview":"max-image-preview:large","max-video-preview":"max-video-preview:-1"},"og_locale":"pl_PL","og_type":"article","og_title":"Zbrojenie Odginane Dwurz\u0119dowe Typ AD - BWT","og_description":"Zbrojenie odginane dwurz\u0119dowe Typ AD - BWT -zestawy \u0142\u0105cz\u0105ce przeznaczone do wykonywania po\u0142\u0105cze\u0144 \u017celbetowych element\u00f3w konstrukcyjnych, kt\u00f3re s\u0105 betonowane.","og_url":"https:\/\/ugwp.cfolks.pl\/bwb\/produkt\/zbrojenie-odginane-dwurzedowe-typ-ad-bwt\/","og_site_name":"BWB technology","article_modified_time":"2023-10-03T14:36:21+00:00","og_image":[{"width":1100,"height":810,"url":"https:\/\/ugwp.cfolks.pl\/bwb\/wp-content\/uploads\/Zbrojenie-odginane-dwurzedowe-Typ-AD-\u2013-BWT.jpg","type":"image\/jpeg"}],"twitter_card":"summary_large_image","schema":{"@context":"https:\/\/schema.org","@graph":[{"@type":"WebPage","@id":"https:\/\/ugwp.cfolks.pl\/bwb\/produkt\/zbrojenie-odginane-dwurzedowe-typ-ad-bwt\/","url":"https:\/\/ugwp.cfolks.pl\/bwb\/produkt\/zbrojenie-odginane-dwurzedowe-typ-ad-bwt\/","name":"Zbrojenie Odginane Dwurz\u0119dowe Typ AD - BWT","isPartOf":{"@id":"https:\/\/ugwp.cfolks.pl\/bwb\/#website"},"primaryImageOfPage":{"@id":"https:\/\/ugwp.cfolks.pl\/bwb\/produkt\/zbrojenie-odginane-dwurzedowe-typ-ad-bwt\/#primaryimage"},"image":{"@id":"https:\/\/ugwp.cfolks.pl\/bwb\/produkt\/zbrojenie-odginane-dwurzedowe-typ-ad-bwt\/#primaryimage"},"thumbnailUrl":"https:\/\/ugwp.cfolks.pl\/bwb\/wp-content\/uploads\/Zbrojenie-odginane-dwurzedowe-Typ-AD-\u2013-BWT.jpg","datePublished":"2023-02-19T01:35:59+00:00","dateModified":"2023-10-03T14:36:21+00:00","description":"Zbrojenie odginane dwurz\u0119dowe Typ AD - BWT -zestawy \u0142\u0105cz\u0105ce przeznaczone do wykonywania po\u0142\u0105cze\u0144 \u017celbetowych element\u00f3w konstrukcyjnych, kt\u00f3re s\u0105 betonowane.","breadcrumb":{"@id":"https:\/\/ugwp.cfolks.pl\/bwb\/produkt\/zbrojenie-odginane-dwurzedowe-typ-ad-bwt\/#breadcrumb"},"inLanguage":"pl-PL","potentialAction":[{"@type":"ReadAction","target":["https:\/\/ugwp.cfolks.pl\/bwb\/produkt\/zbrojenie-odginane-dwurzedowe-typ-ad-bwt\/"]}]},{"@type":"ImageObject","inLanguage":"pl-PL","@id":"https:\/\/ugwp.cfolks.pl\/bwb\/produkt\/zbrojenie-odginane-dwurzedowe-typ-ad-bwt\/#primaryimage","url":"https:\/\/ugwp.cfolks.pl\/bwb\/wp-content\/uploads\/Zbrojenie-odginane-dwurzedowe-Typ-AD-\u2013-BWT.jpg","contentUrl":"https:\/\/ugwp.cfolks.pl\/bwb\/wp-content\/uploads\/Zbrojenie-odginane-dwurzedowe-Typ-AD-\u2013-BWT.jpg","width":1100,"height":810,"caption":"Zbrojenie odginane dwurz\u0119dowe Typ AD \u2013 BWT"},{"@type":"BreadcrumbList","@id":"https:\/\/ugwp.cfolks.pl\/bwb\/produkt\/zbrojenie-odginane-dwurzedowe-typ-ad-bwt\/#breadcrumb","itemListElement":[{"@type":"ListItem","position":1,"name":"Strona g\u0142\u00f3wna","item":"https:\/\/ugwp.cfolks.pl\/bwb\/"},{"@type":"ListItem","position":2,"name":"Systemy Zbrojenia Betonu","item":"https:\/\/ugwp.cfolks.pl\/bwb\/kategoria\/systemy-zbrojenia-betonu\/"},{"@type":"ListItem","position":3,"name":"Zbrojenia odginane dwurz\u0119dowe niestandardowe","item":"https:\/\/ugwp.cfolks.pl\/bwb\/kategoria\/systemy-zbrojenia-betonu\/zbrojenia-odginane-dwurzedowe-niestandardowe\/"},{"@type":"ListItem","position":4,"name":"Zbrojenie odginane dwurz\u0119dowe Typ AD &#8211; BWT"}]},{"@type":"WebSite","@id":"https:\/\/ugwp.cfolks.pl\/bwb\/#website","url":"https:\/\/ugwp.cfolks.pl\/bwb\/","name":"BWB technology","description":"Kolejna witryna oparta na WordPressie","potentialAction":[{"@type":"SearchAction","target":{"@type":"EntryPoint","urlTemplate":"https:\/\/ugwp.cfolks.pl\/bwb\/?s={search_term_string}"},"query-input":{"@type":"PropertyValueSpecification","valueRequired":true,"valueName":"search_term_string"}}],"inLanguage":"pl-PL"}]}},"_links":{"self":[{"href":"https:\/\/ugwp.cfolks.pl\/bwb\/wp-json\/wp\/v2\/product\/3209","targetHints":{"allow":["GET"]}}],"collection":[{"href":"https:\/\/ugwp.cfolks.pl\/bwb\/wp-json\/wp\/v2\/product"}],"about":[{"href":"https:\/\/ugwp.cfolks.pl\/bwb\/wp-json\/wp\/v2\/types\/product"}],"wp:featuredmedia":[{"embeddable":true,"href":"https:\/\/ugwp.cfolks.pl\/bwb\/wp-json\/wp\/v2\/media\/3314"}],"wp:attachment":[{"href":"https:\/\/ugwp.cfolks.pl\/bwb\/wp-json\/wp\/v2\/media?parent=3209"}],"wp:term":[{"taxonomy":"product_cat","embeddable":true,"href":"https:\/\/ugwp.cfolks.pl\/bwb\/wp-json\/wp\/v2\/product_cat?post=3209"},{"taxonomy":"product_tag","embeddable":true,"href":"https:\/\/ugwp.cfolks.pl\/bwb\/wp-json\/wp\/v2\/product_tag?post=3209"}],"curies":[{"name":"wp","href":"https:\/\/api.w.org\/{rel}","templated":true}]}}