{"id":3205,"date":"2023-02-19T02:27:28","date_gmt":"2023-02-19T01:27:28","guid":{"rendered":"https:\/\/ugwp.cfolks.pl\/bwb\/?post_type=product&#038;p=3205"},"modified":"2023-10-02T20:04:14","modified_gmt":"2023-10-02T18:04:14","slug":"zbrojenie-odginane-dwurzedowe-standardowe-typ-b-bwa-08","status":"publish","type":"product","link":"https:\/\/ugwp.cfolks.pl\/bwb\/produkt\/zbrojenie-odginane-dwurzedowe-standardowe-typ-b-bwa-08\/","title":{"rendered":"Zbrojenie odginane dwurz\u0119dowe standardowe Typ B \u2013 BWA 08"},"content":{"rendered":"","protected":false},"excerpt":{"rendered":"<ul>\n<li>Pr\u0119towe elementy \u0142\u0105cz\u0105ce BWA przeznaczone s\u0105 do \u0142\u0105czenia pr\u0119t\u00f3w zbrojeniowych w z\u0142\u0105czach element\u00f3w \u017celbetowych oraz w po\u0142\u0105czeniach element\u00f3w prefabrykowanych z monolitycznymi.<\/li>\n<li>Stosowa\u0107 z betonem klasy nie ni\u017cszej ni\u017c C 20\/25 wg PN-EN 206+A1:2016<\/li>\n<li>Szyny i pokrywy pr\u0119towych element\u00f3w \u0142\u0105cz\u0105cych wykonane s\u0105 z blachy stalowej ocynkowanej<\/li>\n<li>Pr\u0119ty zbrojeniowe o \u015brednicy 8 lub 10 mm o w\u0142a\u015bciwo\u015bciach okre\u015blonych dla stali zbrojeniowej klasy ci\u0105gliwo\u015bci B lub C wg normy PN-EN 1992-1-1:2008<\/li>\n<li>Standardowa d\u0142ugo\u015b\u0107 elementu to 1,25 mb, a dla wybranych wymiar\u00f3w r\u00f3wnie\u017c 0,80 mb<\/li>\n<li>G\u0142\u0119boko\u015b\u0107 wn\u0119ki (grubo\u015b\u0107 szyny) 24, 30 mm \u2013 w zale\u017cno\u015bci od \u015brednicy pr\u0119ta zbrojeniowego<\/li>\n<\/ul>\n","protected":false},"featured_media":3297,"template":"","meta":{"_acf_changed":false},"product_cat":[144],"product_tag":[],"class_list":{"0":"post-3205","1":"product","2":"type-product","3":"status-publish","4":"has-post-thumbnail","6":"product_cat-zbrojenia-odginane-dwurzedowe-standardowe","8":"first","9":"instock","10":"shipping-taxable","11":"product-type-simple"},"acf":[],"yoast_head":"<!-- This site is optimized with the Yoast SEO plugin v27.3 - https:\/\/yoast.com\/product\/yoast-seo-wordpress\/ -->\n<title>Zbrojenie Odginane Dwurz\u0119dowe Standardowe Typ B \u2013 BWA 08<\/title>\n<meta name=\"description\" content=\"Zbrojenie odginane dwurz\u0119dowe standardowe Typ B \u2013 BWA 08 - zestawy do \u0142\u0105czenia pr\u0119t\u00f3w zbrojeniowych. Standardowa d\u0142ugo\u015b\u0107 zestawu wynosi 1,25 metra.\" \/>\n<meta name=\"robots\" content=\"noindex, follow, max-snippet:-1, max-image-preview:large, max-video-preview:-1\" \/>\n<meta property=\"og:locale\" content=\"pl_PL\" \/>\n<meta property=\"og:type\" content=\"article\" \/>\n<meta property=\"og:title\" content=\"Zbrojenie Odginane Dwurz\u0119dowe Standardowe Typ B \u2013 BWA 08\" \/>\n<meta property=\"og:description\" content=\"Zbrojenie odginane dwurz\u0119dowe standardowe Typ B \u2013 BWA 08 - zestawy do \u0142\u0105czenia pr\u0119t\u00f3w zbrojeniowych. Standardowa d\u0142ugo\u015b\u0107 zestawu wynosi 1,25 metra.\" \/>\n<meta property=\"og:url\" content=\"https:\/\/ugwp.cfolks.pl\/bwb\/produkt\/zbrojenie-odginane-dwurzedowe-standardowe-typ-b-bwa-08\/\" \/>\n<meta property=\"og:site_name\" content=\"BWB technology\" \/>\n<meta property=\"article:modified_time\" content=\"2023-10-02T18:04:14+00:00\" \/>\n<meta property=\"og:image\" content=\"https:\/\/ugwp.cfolks.pl\/bwb\/wp-content\/uploads\/Zbrojenie-odginane-dwurzedowe-standardowe-Typ-B-\u2013-BWA-08.jpg\" \/>\n\t<meta property=\"og:image:width\" content=\"1100\" \/>\n\t<meta property=\"og:image:height\" content=\"810\" \/>\n\t<meta property=\"og:image:type\" content=\"image\/jpeg\" \/>\n<meta name=\"twitter:card\" content=\"summary_large_image\" \/>\n<script type=\"application\/ld+json\" class=\"yoast-schema-graph\">{\"@context\":\"https:\\\/\\\/schema.org\",\"@graph\":[{\"@type\":\"WebPage\",\"@id\":\"https:\\\/\\\/ugwp.cfolks.pl\\\/bwb\\\/produkt\\\/zbrojenie-odginane-dwurzedowe-standardowe-typ-b-bwa-08\\\/\",\"url\":\"https:\\\/\\\/ugwp.cfolks.pl\\\/bwb\\\/produkt\\\/zbrojenie-odginane-dwurzedowe-standardowe-typ-b-bwa-08\\\/\",\"name\":\"Zbrojenie Odginane Dwurz\u0119dowe Standardowe Typ B \u2013 BWA 08\",\"isPartOf\":{\"@id\":\"https:\\\/\\\/ugwp.cfolks.pl\\\/bwb\\\/#website\"},\"primaryImageOfPage\":{\"@id\":\"https:\\\/\\\/ugwp.cfolks.pl\\\/bwb\\\/produkt\\\/zbrojenie-odginane-dwurzedowe-standardowe-typ-b-bwa-08\\\/#primaryimage\"},\"image\":{\"@id\":\"https:\\\/\\\/ugwp.cfolks.pl\\\/bwb\\\/produkt\\\/zbrojenie-odginane-dwurzedowe-standardowe-typ-b-bwa-08\\\/#primaryimage\"},\"thumbnailUrl\":\"https:\\\/\\\/ugwp.cfolks.pl\\\/bwb\\\/wp-content\\\/uploads\\\/Zbrojenie-odginane-dwurzedowe-standardowe-Typ-B-\u2013-BWA-08.jpg\",\"datePublished\":\"2023-02-19T01:27:28+00:00\",\"dateModified\":\"2023-10-02T18:04:14+00:00\",\"description\":\"Zbrojenie odginane dwurz\u0119dowe standardowe Typ B \u2013 BWA 08 - zestawy do \u0142\u0105czenia pr\u0119t\u00f3w zbrojeniowych. Standardowa d\u0142ugo\u015b\u0107 zestawu wynosi 1,25 metra.\",\"breadcrumb\":{\"@id\":\"https:\\\/\\\/ugwp.cfolks.pl\\\/bwb\\\/produkt\\\/zbrojenie-odginane-dwurzedowe-standardowe-typ-b-bwa-08\\\/#breadcrumb\"},\"inLanguage\":\"pl-PL\",\"potentialAction\":[{\"@type\":\"ReadAction\",\"target\":[\"https:\\\/\\\/ugwp.cfolks.pl\\\/bwb\\\/produkt\\\/zbrojenie-odginane-dwurzedowe-standardowe-typ-b-bwa-08\\\/\"]}]},{\"@type\":\"ImageObject\",\"inLanguage\":\"pl-PL\",\"@id\":\"https:\\\/\\\/ugwp.cfolks.pl\\\/bwb\\\/produkt\\\/zbrojenie-odginane-dwurzedowe-standardowe-typ-b-bwa-08\\\/#primaryimage\",\"url\":\"https:\\\/\\\/ugwp.cfolks.pl\\\/bwb\\\/wp-content\\\/uploads\\\/Zbrojenie-odginane-dwurzedowe-standardowe-Typ-B-\u2013-BWA-08.jpg\",\"contentUrl\":\"https:\\\/\\\/ugwp.cfolks.pl\\\/bwb\\\/wp-content\\\/uploads\\\/Zbrojenie-odginane-dwurzedowe-standardowe-Typ-B-\u2013-BWA-08.jpg\",\"width\":1100,\"height\":810,\"caption\":\"Zbrojenie odginane dwurz\u0119dowe standardowe Typ B \u2013 BWA 08\"},{\"@type\":\"BreadcrumbList\",\"@id\":\"https:\\\/\\\/ugwp.cfolks.pl\\\/bwb\\\/produkt\\\/zbrojenie-odginane-dwurzedowe-standardowe-typ-b-bwa-08\\\/#breadcrumb\",\"itemListElement\":[{\"@type\":\"ListItem\",\"position\":1,\"name\":\"Strona g\u0142\u00f3wna\",\"item\":\"https:\\\/\\\/ugwp.cfolks.pl\\\/bwb\\\/\"},{\"@type\":\"ListItem\",\"position\":2,\"name\":\"Systemy Zbrojenia Betonu\",\"item\":\"https:\\\/\\\/ugwp.cfolks.pl\\\/bwb\\\/kategoria\\\/systemy-zbrojenia-betonu\\\/\"},{\"@type\":\"ListItem\",\"position\":3,\"name\":\"Zbrojenia odginane dwurz\u0119dowe standardowe\",\"item\":\"https:\\\/\\\/ugwp.cfolks.pl\\\/bwb\\\/kategoria\\\/systemy-zbrojenia-betonu\\\/zbrojenia-odginane-dwurzedowe-standardowe\\\/\"},{\"@type\":\"ListItem\",\"position\":4,\"name\":\"Zbrojenie odginane dwurz\u0119dowe standardowe Typ B \u2013 BWA 08\"}]},{\"@type\":\"WebSite\",\"@id\":\"https:\\\/\\\/ugwp.cfolks.pl\\\/bwb\\\/#website\",\"url\":\"https:\\\/\\\/ugwp.cfolks.pl\\\/bwb\\\/\",\"name\":\"BWB technology\",\"description\":\"Kolejna witryna oparta na WordPressie\",\"potentialAction\":[{\"@type\":\"SearchAction\",\"target\":{\"@type\":\"EntryPoint\",\"urlTemplate\":\"https:\\\/\\\/ugwp.cfolks.pl\\\/bwb\\\/?s={search_term_string}\"},\"query-input\":{\"@type\":\"PropertyValueSpecification\",\"valueRequired\":true,\"valueName\":\"search_term_string\"}}],\"inLanguage\":\"pl-PL\"}]}<\/script>\n<!-- \/ Yoast SEO plugin. -->","yoast_head_json":{"title":"Zbrojenie Odginane Dwurz\u0119dowe Standardowe Typ B \u2013 BWA 08","description":"Zbrojenie odginane dwurz\u0119dowe standardowe Typ B \u2013 BWA 08 - zestawy do \u0142\u0105czenia pr\u0119t\u00f3w zbrojeniowych. Standardowa d\u0142ugo\u015b\u0107 zestawu wynosi 1,25 metra.","robots":{"index":"noindex","follow":"follow","max-snippet":"max-snippet:-1","max-image-preview":"max-image-preview:large","max-video-preview":"max-video-preview:-1"},"og_locale":"pl_PL","og_type":"article","og_title":"Zbrojenie Odginane Dwurz\u0119dowe Standardowe Typ B \u2013 BWA 08","og_description":"Zbrojenie odginane dwurz\u0119dowe standardowe Typ B \u2013 BWA 08 - zestawy do \u0142\u0105czenia pr\u0119t\u00f3w zbrojeniowych. Standardowa d\u0142ugo\u015b\u0107 zestawu wynosi 1,25 metra.","og_url":"https:\/\/ugwp.cfolks.pl\/bwb\/produkt\/zbrojenie-odginane-dwurzedowe-standardowe-typ-b-bwa-08\/","og_site_name":"BWB technology","article_modified_time":"2023-10-02T18:04:14+00:00","og_image":[{"width":1100,"height":810,"url":"https:\/\/ugwp.cfolks.pl\/bwb\/wp-content\/uploads\/Zbrojenie-odginane-dwurzedowe-standardowe-Typ-B-\u2013-BWA-08.jpg","type":"image\/jpeg"}],"twitter_card":"summary_large_image","schema":{"@context":"https:\/\/schema.org","@graph":[{"@type":"WebPage","@id":"https:\/\/ugwp.cfolks.pl\/bwb\/produkt\/zbrojenie-odginane-dwurzedowe-standardowe-typ-b-bwa-08\/","url":"https:\/\/ugwp.cfolks.pl\/bwb\/produkt\/zbrojenie-odginane-dwurzedowe-standardowe-typ-b-bwa-08\/","name":"Zbrojenie Odginane Dwurz\u0119dowe Standardowe Typ B \u2013 BWA 08","isPartOf":{"@id":"https:\/\/ugwp.cfolks.pl\/bwb\/#website"},"primaryImageOfPage":{"@id":"https:\/\/ugwp.cfolks.pl\/bwb\/produkt\/zbrojenie-odginane-dwurzedowe-standardowe-typ-b-bwa-08\/#primaryimage"},"image":{"@id":"https:\/\/ugwp.cfolks.pl\/bwb\/produkt\/zbrojenie-odginane-dwurzedowe-standardowe-typ-b-bwa-08\/#primaryimage"},"thumbnailUrl":"https:\/\/ugwp.cfolks.pl\/bwb\/wp-content\/uploads\/Zbrojenie-odginane-dwurzedowe-standardowe-Typ-B-\u2013-BWA-08.jpg","datePublished":"2023-02-19T01:27:28+00:00","dateModified":"2023-10-02T18:04:14+00:00","description":"Zbrojenie odginane dwurz\u0119dowe standardowe Typ B \u2013 BWA 08 - zestawy do \u0142\u0105czenia pr\u0119t\u00f3w zbrojeniowych. Standardowa d\u0142ugo\u015b\u0107 zestawu wynosi 1,25 metra.","breadcrumb":{"@id":"https:\/\/ugwp.cfolks.pl\/bwb\/produkt\/zbrojenie-odginane-dwurzedowe-standardowe-typ-b-bwa-08\/#breadcrumb"},"inLanguage":"pl-PL","potentialAction":[{"@type":"ReadAction","target":["https:\/\/ugwp.cfolks.pl\/bwb\/produkt\/zbrojenie-odginane-dwurzedowe-standardowe-typ-b-bwa-08\/"]}]},{"@type":"ImageObject","inLanguage":"pl-PL","@id":"https:\/\/ugwp.cfolks.pl\/bwb\/produkt\/zbrojenie-odginane-dwurzedowe-standardowe-typ-b-bwa-08\/#primaryimage","url":"https:\/\/ugwp.cfolks.pl\/bwb\/wp-content\/uploads\/Zbrojenie-odginane-dwurzedowe-standardowe-Typ-B-\u2013-BWA-08.jpg","contentUrl":"https:\/\/ugwp.cfolks.pl\/bwb\/wp-content\/uploads\/Zbrojenie-odginane-dwurzedowe-standardowe-Typ-B-\u2013-BWA-08.jpg","width":1100,"height":810,"caption":"Zbrojenie odginane dwurz\u0119dowe standardowe Typ B \u2013 BWA 08"},{"@type":"BreadcrumbList","@id":"https:\/\/ugwp.cfolks.pl\/bwb\/produkt\/zbrojenie-odginane-dwurzedowe-standardowe-typ-b-bwa-08\/#breadcrumb","itemListElement":[{"@type":"ListItem","position":1,"name":"Strona g\u0142\u00f3wna","item":"https:\/\/ugwp.cfolks.pl\/bwb\/"},{"@type":"ListItem","position":2,"name":"Systemy Zbrojenia Betonu","item":"https:\/\/ugwp.cfolks.pl\/bwb\/kategoria\/systemy-zbrojenia-betonu\/"},{"@type":"ListItem","position":3,"name":"Zbrojenia odginane dwurz\u0119dowe standardowe","item":"https:\/\/ugwp.cfolks.pl\/bwb\/kategoria\/systemy-zbrojenia-betonu\/zbrojenia-odginane-dwurzedowe-standardowe\/"},{"@type":"ListItem","position":4,"name":"Zbrojenie odginane dwurz\u0119dowe standardowe Typ B \u2013 BWA 08"}]},{"@type":"WebSite","@id":"https:\/\/ugwp.cfolks.pl\/bwb\/#website","url":"https:\/\/ugwp.cfolks.pl\/bwb\/","name":"BWB technology","description":"Kolejna witryna oparta na WordPressie","potentialAction":[{"@type":"SearchAction","target":{"@type":"EntryPoint","urlTemplate":"https:\/\/ugwp.cfolks.pl\/bwb\/?s={search_term_string}"},"query-input":{"@type":"PropertyValueSpecification","valueRequired":true,"valueName":"search_term_string"}}],"inLanguage":"pl-PL"}]}},"_links":{"self":[{"href":"https:\/\/ugwp.cfolks.pl\/bwb\/wp-json\/wp\/v2\/product\/3205","targetHints":{"allow":["GET"]}}],"collection":[{"href":"https:\/\/ugwp.cfolks.pl\/bwb\/wp-json\/wp\/v2\/product"}],"about":[{"href":"https:\/\/ugwp.cfolks.pl\/bwb\/wp-json\/wp\/v2\/types\/product"}],"wp:featuredmedia":[{"embeddable":true,"href":"https:\/\/ugwp.cfolks.pl\/bwb\/wp-json\/wp\/v2\/media\/3297"}],"wp:attachment":[{"href":"https:\/\/ugwp.cfolks.pl\/bwb\/wp-json\/wp\/v2\/media?parent=3205"}],"wp:term":[{"taxonomy":"product_cat","embeddable":true,"href":"https:\/\/ugwp.cfolks.pl\/bwb\/wp-json\/wp\/v2\/product_cat?post=3205"},{"taxonomy":"product_tag","embeddable":true,"href":"https:\/\/ugwp.cfolks.pl\/bwb\/wp-json\/wp\/v2\/product_tag?post=3205"}],"curies":[{"name":"wp","href":"https:\/\/api.w.org\/{rel}","templated":true}]}}