{"id":3181,"date":"2023-02-19T02:14:16","date_gmt":"2023-02-19T01:14:16","guid":{"rendered":"https:\/\/ugwp.cfolks.pl\/bwb\/?post_type=product&#038;p=3181"},"modified":"2023-10-02T18:14:10","modified_gmt":"2023-10-02T16:14:10","slug":"zbrojenie-odginane-jednorzedowe-typ-i-bwt-85","status":"publish","type":"product","link":"https:\/\/ugwp.cfolks.pl\/bwb\/produkt\/zbrojenie-odginane-jednorzedowe-typ-i-bwt-85\/","title":{"rendered":"Zbrojenie odginane jednorz\u0119dowe Typ I \u2013 BWT 85"},"content":{"rendered":"","protected":false},"excerpt":{"rendered":"<ul>\n<li>Pr\u0119towe zestawy \u0142\u0105cz\u0105ce BWT przeznaczone s\u0105 do wykonywania po\u0142\u0105cze\u0144 element\u00f3w konstrukcji \u017celbetowych, monolitycznych, betonowanych odcinkowo i konstrukcji prefabrykowanych (klasa betonu nie ni\u017csza ni\u017c C 20\/25 wg PN-EN 206+A1:2016)<\/li>\n<li>Wykonanie z pod\u0142u\u017cnych kszta\u0142townik\u00f3w stalowych i pokryw pr\u0119towych z blachy stalowej ocynkowanej<\/li>\n<li>Pr\u0119ty stalowe o \u015brednicy 8, 10 lub 12 mm i w\u0142a\u015bciwo\u015bciach okre\u015blonych dla stali zbrojeniowej klasy ci\u0105gliwo\u015bci B lub C wg normy PN-EN 1992-1-1:2008<\/li>\n<li>Standardowa d\u0142ugo\u015b\u0107 elementu to 1,25 mb (inne d\u0142ugo\u015bci na zapytanie)<\/li>\n<\/ul>\n","protected":false},"featured_media":3236,"template":"","meta":{"_acf_changed":false},"product_cat":[143],"product_tag":[],"class_list":{"0":"post-3181","1":"product","2":"type-product","3":"status-publish","4":"has-post-thumbnail","6":"product_cat-zbrojenia-odginane-jednorzedowe-standardowe","8":"first","9":"instock","10":"shipping-taxable","11":"product-type-simple"},"acf":[],"yoast_head":"<!-- This site is optimized with the Yoast SEO plugin v27.3 - https:\/\/yoast.com\/product\/yoast-seo-wordpress\/ -->\n<title>Zbrojenie Odginane Jednorz\u0119dowe Typ I \u2013 BWT 85<\/title>\n<meta name=\"description\" content=\"Zbrojenie odginane jednorz\u0119dowe Typ I \u2013 BWT 85 - zestawy \u0142\u0105cz\u0105ce zaprojektowane do wykonywania po\u0142\u0105cze\u0144 w konstrukcjach \u017celbetowych, monolitycznych.\" \/>\n<meta name=\"robots\" content=\"noindex, follow, max-snippet:-1, max-image-preview:large, max-video-preview:-1\" \/>\n<meta property=\"og:locale\" content=\"pl_PL\" \/>\n<meta property=\"og:type\" content=\"article\" \/>\n<meta property=\"og:title\" content=\"Zbrojenie Odginane Jednorz\u0119dowe Typ I \u2013 BWT 85\" \/>\n<meta property=\"og:description\" content=\"Zbrojenie odginane jednorz\u0119dowe Typ I \u2013 BWT 85 - zestawy \u0142\u0105cz\u0105ce zaprojektowane do wykonywania po\u0142\u0105cze\u0144 w konstrukcjach \u017celbetowych, monolitycznych.\" \/>\n<meta property=\"og:url\" content=\"https:\/\/ugwp.cfolks.pl\/bwb\/produkt\/zbrojenie-odginane-jednorzedowe-typ-i-bwt-85\/\" \/>\n<meta property=\"og:site_name\" content=\"BWB technology\" \/>\n<meta property=\"article:modified_time\" content=\"2023-10-02T16:14:10+00:00\" \/>\n<meta property=\"og:image\" content=\"https:\/\/ugwp.cfolks.pl\/bwb\/wp-content\/uploads\/Zbrojenie-odginane-jednorzedowe-Typ-I-\u2013-BWT-85.jpg\" \/>\n\t<meta property=\"og:image:width\" content=\"1100\" \/>\n\t<meta property=\"og:image:height\" content=\"810\" \/>\n\t<meta property=\"og:image:type\" content=\"image\/jpeg\" \/>\n<meta name=\"twitter:card\" content=\"summary_large_image\" \/>\n<script type=\"application\/ld+json\" class=\"yoast-schema-graph\">{\"@context\":\"https:\\\/\\\/schema.org\",\"@graph\":[{\"@type\":\"WebPage\",\"@id\":\"https:\\\/\\\/ugwp.cfolks.pl\\\/bwb\\\/produkt\\\/zbrojenie-odginane-jednorzedowe-typ-i-bwt-85\\\/\",\"url\":\"https:\\\/\\\/ugwp.cfolks.pl\\\/bwb\\\/produkt\\\/zbrojenie-odginane-jednorzedowe-typ-i-bwt-85\\\/\",\"name\":\"Zbrojenie Odginane Jednorz\u0119dowe Typ I \u2013 BWT 85\",\"isPartOf\":{\"@id\":\"https:\\\/\\\/ugwp.cfolks.pl\\\/bwb\\\/#website\"},\"primaryImageOfPage\":{\"@id\":\"https:\\\/\\\/ugwp.cfolks.pl\\\/bwb\\\/produkt\\\/zbrojenie-odginane-jednorzedowe-typ-i-bwt-85\\\/#primaryimage\"},\"image\":{\"@id\":\"https:\\\/\\\/ugwp.cfolks.pl\\\/bwb\\\/produkt\\\/zbrojenie-odginane-jednorzedowe-typ-i-bwt-85\\\/#primaryimage\"},\"thumbnailUrl\":\"https:\\\/\\\/ugwp.cfolks.pl\\\/bwb\\\/wp-content\\\/uploads\\\/Zbrojenie-odginane-jednorzedowe-Typ-I-\u2013-BWT-85.jpg\",\"datePublished\":\"2023-02-19T01:14:16+00:00\",\"dateModified\":\"2023-10-02T16:14:10+00:00\",\"description\":\"Zbrojenie odginane jednorz\u0119dowe Typ I \u2013 BWT 85 - zestawy \u0142\u0105cz\u0105ce zaprojektowane do wykonywania po\u0142\u0105cze\u0144 w konstrukcjach \u017celbetowych, monolitycznych.\",\"breadcrumb\":{\"@id\":\"https:\\\/\\\/ugwp.cfolks.pl\\\/bwb\\\/produkt\\\/zbrojenie-odginane-jednorzedowe-typ-i-bwt-85\\\/#breadcrumb\"},\"inLanguage\":\"pl-PL\",\"potentialAction\":[{\"@type\":\"ReadAction\",\"target\":[\"https:\\\/\\\/ugwp.cfolks.pl\\\/bwb\\\/produkt\\\/zbrojenie-odginane-jednorzedowe-typ-i-bwt-85\\\/\"]}]},{\"@type\":\"ImageObject\",\"inLanguage\":\"pl-PL\",\"@id\":\"https:\\\/\\\/ugwp.cfolks.pl\\\/bwb\\\/produkt\\\/zbrojenie-odginane-jednorzedowe-typ-i-bwt-85\\\/#primaryimage\",\"url\":\"https:\\\/\\\/ugwp.cfolks.pl\\\/bwb\\\/wp-content\\\/uploads\\\/Zbrojenie-odginane-jednorzedowe-Typ-I-\u2013-BWT-85.jpg\",\"contentUrl\":\"https:\\\/\\\/ugwp.cfolks.pl\\\/bwb\\\/wp-content\\\/uploads\\\/Zbrojenie-odginane-jednorzedowe-Typ-I-\u2013-BWT-85.jpg\",\"width\":1100,\"height\":810,\"caption\":\"Zbrojenie odginane jednorz\u0119dowe Typ I \u2013 BWT 85\"},{\"@type\":\"BreadcrumbList\",\"@id\":\"https:\\\/\\\/ugwp.cfolks.pl\\\/bwb\\\/produkt\\\/zbrojenie-odginane-jednorzedowe-typ-i-bwt-85\\\/#breadcrumb\",\"itemListElement\":[{\"@type\":\"ListItem\",\"position\":1,\"name\":\"Strona g\u0142\u00f3wna\",\"item\":\"https:\\\/\\\/ugwp.cfolks.pl\\\/bwb\\\/\"},{\"@type\":\"ListItem\",\"position\":2,\"name\":\"Systemy Zbrojenia Betonu\",\"item\":\"https:\\\/\\\/ugwp.cfolks.pl\\\/bwb\\\/kategoria\\\/systemy-zbrojenia-betonu\\\/\"},{\"@type\":\"ListItem\",\"position\":3,\"name\":\"Zbrojenia odginane jednorz\u0119dowe standardowe\",\"item\":\"https:\\\/\\\/ugwp.cfolks.pl\\\/bwb\\\/kategoria\\\/systemy-zbrojenia-betonu\\\/zbrojenia-odginane-jednorzedowe-standardowe\\\/\"},{\"@type\":\"ListItem\",\"position\":4,\"name\":\"Zbrojenie odginane jednorz\u0119dowe Typ I \u2013 BWT 85\"}]},{\"@type\":\"WebSite\",\"@id\":\"https:\\\/\\\/ugwp.cfolks.pl\\\/bwb\\\/#website\",\"url\":\"https:\\\/\\\/ugwp.cfolks.pl\\\/bwb\\\/\",\"name\":\"BWB technology\",\"description\":\"Kolejna witryna oparta na WordPressie\",\"potentialAction\":[{\"@type\":\"SearchAction\",\"target\":{\"@type\":\"EntryPoint\",\"urlTemplate\":\"https:\\\/\\\/ugwp.cfolks.pl\\\/bwb\\\/?s={search_term_string}\"},\"query-input\":{\"@type\":\"PropertyValueSpecification\",\"valueRequired\":true,\"valueName\":\"search_term_string\"}}],\"inLanguage\":\"pl-PL\"}]}<\/script>\n<!-- \/ Yoast SEO plugin. -->","yoast_head_json":{"title":"Zbrojenie Odginane Jednorz\u0119dowe Typ I \u2013 BWT 85","description":"Zbrojenie odginane jednorz\u0119dowe Typ I \u2013 BWT 85 - zestawy \u0142\u0105cz\u0105ce zaprojektowane do wykonywania po\u0142\u0105cze\u0144 w konstrukcjach \u017celbetowych, monolitycznych.","robots":{"index":"noindex","follow":"follow","max-snippet":"max-snippet:-1","max-image-preview":"max-image-preview:large","max-video-preview":"max-video-preview:-1"},"og_locale":"pl_PL","og_type":"article","og_title":"Zbrojenie Odginane Jednorz\u0119dowe Typ I \u2013 BWT 85","og_description":"Zbrojenie odginane jednorz\u0119dowe Typ I \u2013 BWT 85 - zestawy \u0142\u0105cz\u0105ce zaprojektowane do wykonywania po\u0142\u0105cze\u0144 w konstrukcjach \u017celbetowych, monolitycznych.","og_url":"https:\/\/ugwp.cfolks.pl\/bwb\/produkt\/zbrojenie-odginane-jednorzedowe-typ-i-bwt-85\/","og_site_name":"BWB technology","article_modified_time":"2023-10-02T16:14:10+00:00","og_image":[{"width":1100,"height":810,"url":"https:\/\/ugwp.cfolks.pl\/bwb\/wp-content\/uploads\/Zbrojenie-odginane-jednorzedowe-Typ-I-\u2013-BWT-85.jpg","type":"image\/jpeg"}],"twitter_card":"summary_large_image","schema":{"@context":"https:\/\/schema.org","@graph":[{"@type":"WebPage","@id":"https:\/\/ugwp.cfolks.pl\/bwb\/produkt\/zbrojenie-odginane-jednorzedowe-typ-i-bwt-85\/","url":"https:\/\/ugwp.cfolks.pl\/bwb\/produkt\/zbrojenie-odginane-jednorzedowe-typ-i-bwt-85\/","name":"Zbrojenie Odginane Jednorz\u0119dowe Typ I \u2013 BWT 85","isPartOf":{"@id":"https:\/\/ugwp.cfolks.pl\/bwb\/#website"},"primaryImageOfPage":{"@id":"https:\/\/ugwp.cfolks.pl\/bwb\/produkt\/zbrojenie-odginane-jednorzedowe-typ-i-bwt-85\/#primaryimage"},"image":{"@id":"https:\/\/ugwp.cfolks.pl\/bwb\/produkt\/zbrojenie-odginane-jednorzedowe-typ-i-bwt-85\/#primaryimage"},"thumbnailUrl":"https:\/\/ugwp.cfolks.pl\/bwb\/wp-content\/uploads\/Zbrojenie-odginane-jednorzedowe-Typ-I-\u2013-BWT-85.jpg","datePublished":"2023-02-19T01:14:16+00:00","dateModified":"2023-10-02T16:14:10+00:00","description":"Zbrojenie odginane jednorz\u0119dowe Typ I \u2013 BWT 85 - zestawy \u0142\u0105cz\u0105ce zaprojektowane do wykonywania po\u0142\u0105cze\u0144 w konstrukcjach \u017celbetowych, monolitycznych.","breadcrumb":{"@id":"https:\/\/ugwp.cfolks.pl\/bwb\/produkt\/zbrojenie-odginane-jednorzedowe-typ-i-bwt-85\/#breadcrumb"},"inLanguage":"pl-PL","potentialAction":[{"@type":"ReadAction","target":["https:\/\/ugwp.cfolks.pl\/bwb\/produkt\/zbrojenie-odginane-jednorzedowe-typ-i-bwt-85\/"]}]},{"@type":"ImageObject","inLanguage":"pl-PL","@id":"https:\/\/ugwp.cfolks.pl\/bwb\/produkt\/zbrojenie-odginane-jednorzedowe-typ-i-bwt-85\/#primaryimage","url":"https:\/\/ugwp.cfolks.pl\/bwb\/wp-content\/uploads\/Zbrojenie-odginane-jednorzedowe-Typ-I-\u2013-BWT-85.jpg","contentUrl":"https:\/\/ugwp.cfolks.pl\/bwb\/wp-content\/uploads\/Zbrojenie-odginane-jednorzedowe-Typ-I-\u2013-BWT-85.jpg","width":1100,"height":810,"caption":"Zbrojenie odginane jednorz\u0119dowe Typ I \u2013 BWT 85"},{"@type":"BreadcrumbList","@id":"https:\/\/ugwp.cfolks.pl\/bwb\/produkt\/zbrojenie-odginane-jednorzedowe-typ-i-bwt-85\/#breadcrumb","itemListElement":[{"@type":"ListItem","position":1,"name":"Strona g\u0142\u00f3wna","item":"https:\/\/ugwp.cfolks.pl\/bwb\/"},{"@type":"ListItem","position":2,"name":"Systemy Zbrojenia Betonu","item":"https:\/\/ugwp.cfolks.pl\/bwb\/kategoria\/systemy-zbrojenia-betonu\/"},{"@type":"ListItem","position":3,"name":"Zbrojenia odginane jednorz\u0119dowe standardowe","item":"https:\/\/ugwp.cfolks.pl\/bwb\/kategoria\/systemy-zbrojenia-betonu\/zbrojenia-odginane-jednorzedowe-standardowe\/"},{"@type":"ListItem","position":4,"name":"Zbrojenie odginane jednorz\u0119dowe Typ I \u2013 BWT 85"}]},{"@type":"WebSite","@id":"https:\/\/ugwp.cfolks.pl\/bwb\/#website","url":"https:\/\/ugwp.cfolks.pl\/bwb\/","name":"BWB technology","description":"Kolejna witryna oparta na WordPressie","potentialAction":[{"@type":"SearchAction","target":{"@type":"EntryPoint","urlTemplate":"https:\/\/ugwp.cfolks.pl\/bwb\/?s={search_term_string}"},"query-input":{"@type":"PropertyValueSpecification","valueRequired":true,"valueName":"search_term_string"}}],"inLanguage":"pl-PL"}]}},"_links":{"self":[{"href":"https:\/\/ugwp.cfolks.pl\/bwb\/wp-json\/wp\/v2\/product\/3181","targetHints":{"allow":["GET"]}}],"collection":[{"href":"https:\/\/ugwp.cfolks.pl\/bwb\/wp-json\/wp\/v2\/product"}],"about":[{"href":"https:\/\/ugwp.cfolks.pl\/bwb\/wp-json\/wp\/v2\/types\/product"}],"wp:featuredmedia":[{"embeddable":true,"href":"https:\/\/ugwp.cfolks.pl\/bwb\/wp-json\/wp\/v2\/media\/3236"}],"wp:attachment":[{"href":"https:\/\/ugwp.cfolks.pl\/bwb\/wp-json\/wp\/v2\/media?parent=3181"}],"wp:term":[{"taxonomy":"product_cat","embeddable":true,"href":"https:\/\/ugwp.cfolks.pl\/bwb\/wp-json\/wp\/v2\/product_cat?post=3181"},{"taxonomy":"product_tag","embeddable":true,"href":"https:\/\/ugwp.cfolks.pl\/bwb\/wp-json\/wp\/v2\/product_tag?post=3181"}],"curies":[{"name":"wp","href":"https:\/\/api.w.org\/{rel}","templated":true}]}}