{"id":3102,"date":"2023-02-05T18:46:13","date_gmt":"2023-02-05T17:46:13","guid":{"rendered":"https:\/\/ugwp.cfolks.pl\/bwb\/?post_type=product&#038;p=3102"},"modified":"2023-10-02T17:44:19","modified_gmt":"2023-10-02T15:44:19","slug":"pokrywy-do-zbiorczych-studzienek-odwadniajacych-kraso-poly-400-kg-2000","status":"publish","type":"product","link":"https:\/\/ugwp.cfolks.pl\/bwb\/produkt\/pokrywy-do-zbiorczych-studzienek-odwadniajacych-kraso-poly-400-kg-2000\/","title":{"rendered":"Pokrywy do zbiorczych studzienek odwadniaj\u0105cych KRASO\u00ae Poly 400 \u2013 KG 2000"},"content":{"rendered":"","protected":false},"excerpt":{"rendered":"<p>Pokrywy do zbiorczych studzienek odwadniaj\u0105cych KRASO<sup>\u00ae<\/sup> Poly 400 \u2013 KG 2000 dost\u0119pne s\u0105 w nast\u0119puj\u0105cych wersjach:<\/p>\n<ul>\n<li>Plastikowa pokrywa Poly 400 &#8211; obci\u0105\u017cenie ruchem pieszym plastikowa rama i os\u0142ona, obrotowy stela\u017c z regulacj\u0105 wysoko\u015bci od 2 &#8211; 20 cm, d\u0142ugo\u015b\u0107 kraw\u0119dzi 46 cm<\/li>\n<li>Plastikowa pokrywa Poly 400 &#8211; wodoszczelna, nieprzepuszczaj\u0105ca zapach\u00f3w \u2013 obci\u0105\u017cenie ruchem pieszym plastikowa rama i os\u0142ona, przykr\u0119cana, obrotowa rama mocuj\u0105ca z regulacj\u0105 wysoko\u015bci od 2 &#8211; 20 cm, d\u0142ugo\u015b\u0107 kraw\u0119dzi 46 cm<\/li>\n<li>Plastikowa pokrywa Poly 400 &#8211; obci\u0105\u017cenie ruchem ko\u0142owym \u2013 klasa A15, plastikowa rama \u00a0i os\u0142ona, d\u0142ugo\u015b\u0107 kraw\u0119dzi 45 cm<\/li>\n<li>Plastikowa pokrywa Poly 400 &#8211; wodoszczelna, nieprzepuszczaj\u0105ca zapach\u00f3w \u2013 obci\u0105\u017cenie ruchem ko\u0142owym \u2013 klasa A15 os\u0142ona, obrotowa rama monta\u017cowa z regulacj\u0105 wysoko\u015bci od 8 &#8211; 25 cm, d\u0142ugo\u015b\u0107 kraw\u0119dzi 45 cm<\/li>\n<li>Pokrywa z kratki szczelinowej Poly 400 &#8211; obci\u0105\u017cenie ruchem pieszym &#8211; plastikowa rama \u00a0i os\u0142ona wydajno\u015b\u0107 ok. 3,9 l\/sek., obrotowa rama mocuj\u0105ca z regulacj\u0105 wysoko\u015bci od 2 &#8211; 20 cm, d\u0142ugo\u015b\u0107 kraw\u0119dzi 46 cm<\/li>\n<li>Pokrywa kratki szczelinowej Poly 400 &#8211; obci\u0105\u017cenie ruchem ko\u0142owym \u2013 klasa A15 &#8211; plastikowa rama i os\u0142ona wydajno\u015b\u0107 ok. 4,1 l\/sek., obrotowa rama monta\u017cowa z regulacj\u0105 wysoko\u015bci od 8 &#8211; 25 cm, d\u0142ugo\u015b\u0107 kraw\u0119dzi 45 cm<\/li>\n<li>Pokrywa Poly 400 &#8211; do wype\u0142nienia \u2013 wodoszczelna, nieprzepuszczaj\u0105ca zapach\u00f3w \u2013 obci\u0105\u017cenie ruchem ko\u0142owym \u2013 ok. 125 kN d\u0142ugo\u015b\u0107 kraw\u0119dzi 53 cm, ocynkowana, obci\u0105\u017cenie w przypadku wype\u0142nienia betonem klasy C 35\/45: ok. 125 kN, obrotowa rama monta\u017cowa \u00a0\u00a0\u00a0z regulacj\u0105 wysoko\u015bci od 8 &#8211; 25 cm<\/li>\n<\/ul>\n","protected":false},"featured_media":3108,"template":"","meta":{"_acf_changed":false},"product_cat":[141],"product_tag":[],"class_list":{"0":"post-3102","1":"product","2":"type-product","3":"status-publish","4":"has-post-thumbnail","6":"product_cat-zbiorcze-studzienki-odwadniajace","8":"first","9":"instock","10":"shipping-taxable","11":"product-type-simple"},"acf":[],"yoast_head":"<!-- This site is optimized with the Yoast SEO plugin v27.3 - https:\/\/yoast.com\/product\/yoast-seo-wordpress\/ -->\n<title>Pokrywy do Zbiorczych Studzienek Odwadniaj\u0105cych KRASO\u00ae<\/title>\n<meta name=\"description\" content=\"Pokrywy do zbiorczych studzienek odwadniaj\u0105cych KRASO\u00ae Poly 400 \u2013 KG 2000 - r\u00f3\u017cne warianty pokryw, kt\u00f3re mo\u017cna dostosowa\u0107 do konkretnej sytuacji i potrzeb.\" \/>\n<meta name=\"robots\" content=\"noindex, follow, max-snippet:-1, max-image-preview:large, max-video-preview:-1\" \/>\n<meta property=\"og:locale\" content=\"pl_PL\" \/>\n<meta property=\"og:type\" content=\"article\" \/>\n<meta property=\"og:title\" content=\"Pokrywy do Zbiorczych Studzienek Odwadniaj\u0105cych KRASO\u00ae\" \/>\n<meta property=\"og:description\" content=\"Pokrywy do zbiorczych studzienek odwadniaj\u0105cych KRASO\u00ae Poly 400 \u2013 KG 2000 - r\u00f3\u017cne warianty pokryw, kt\u00f3re mo\u017cna dostosowa\u0107 do konkretnej sytuacji i potrzeb.\" \/>\n<meta property=\"og:url\" content=\"https:\/\/ugwp.cfolks.pl\/bwb\/produkt\/pokrywy-do-zbiorczych-studzienek-odwadniajacych-kraso-poly-400-kg-2000\/\" \/>\n<meta property=\"og:site_name\" content=\"BWB technology\" \/>\n<meta property=\"article:modified_time\" content=\"2023-10-02T15:44:19+00:00\" \/>\n<meta property=\"og:image\" content=\"https:\/\/ugwp.cfolks.pl\/bwb\/wp-content\/uploads\/Plastikowa-pokrywa-Poly-400-\u2013-obciazenie-ruchem-pieszym.jpg\" \/>\n\t<meta property=\"og:image:width\" content=\"1100\" \/>\n\t<meta property=\"og:image:height\" content=\"810\" \/>\n\t<meta property=\"og:image:type\" content=\"image\/jpeg\" \/>\n<meta name=\"twitter:card\" content=\"summary_large_image\" \/>\n<script type=\"application\/ld+json\" class=\"yoast-schema-graph\">{\"@context\":\"https:\\\/\\\/schema.org\",\"@graph\":[{\"@type\":\"WebPage\",\"@id\":\"https:\\\/\\\/ugwp.cfolks.pl\\\/bwb\\\/produkt\\\/pokrywy-do-zbiorczych-studzienek-odwadniajacych-kraso-poly-400-kg-2000\\\/\",\"url\":\"https:\\\/\\\/ugwp.cfolks.pl\\\/bwb\\\/produkt\\\/pokrywy-do-zbiorczych-studzienek-odwadniajacych-kraso-poly-400-kg-2000\\\/\",\"name\":\"Pokrywy do Zbiorczych Studzienek Odwadniaj\u0105cych KRASO\u00ae\",\"isPartOf\":{\"@id\":\"https:\\\/\\\/ugwp.cfolks.pl\\\/bwb\\\/#website\"},\"primaryImageOfPage\":{\"@id\":\"https:\\\/\\\/ugwp.cfolks.pl\\\/bwb\\\/produkt\\\/pokrywy-do-zbiorczych-studzienek-odwadniajacych-kraso-poly-400-kg-2000\\\/#primaryimage\"},\"image\":{\"@id\":\"https:\\\/\\\/ugwp.cfolks.pl\\\/bwb\\\/produkt\\\/pokrywy-do-zbiorczych-studzienek-odwadniajacych-kraso-poly-400-kg-2000\\\/#primaryimage\"},\"thumbnailUrl\":\"https:\\\/\\\/ugwp.cfolks.pl\\\/bwb\\\/wp-content\\\/uploads\\\/Plastikowa-pokrywa-Poly-400-\u2013-obciazenie-ruchem-pieszym.jpg\",\"datePublished\":\"2023-02-05T17:46:13+00:00\",\"dateModified\":\"2023-10-02T15:44:19+00:00\",\"description\":\"Pokrywy do zbiorczych studzienek odwadniaj\u0105cych KRASO\u00ae Poly 400 \u2013 KG 2000 - r\u00f3\u017cne warianty pokryw, kt\u00f3re mo\u017cna dostosowa\u0107 do konkretnej sytuacji i potrzeb.\",\"breadcrumb\":{\"@id\":\"https:\\\/\\\/ugwp.cfolks.pl\\\/bwb\\\/produkt\\\/pokrywy-do-zbiorczych-studzienek-odwadniajacych-kraso-poly-400-kg-2000\\\/#breadcrumb\"},\"inLanguage\":\"pl-PL\",\"potentialAction\":[{\"@type\":\"ReadAction\",\"target\":[\"https:\\\/\\\/ugwp.cfolks.pl\\\/bwb\\\/produkt\\\/pokrywy-do-zbiorczych-studzienek-odwadniajacych-kraso-poly-400-kg-2000\\\/\"]}]},{\"@type\":\"ImageObject\",\"inLanguage\":\"pl-PL\",\"@id\":\"https:\\\/\\\/ugwp.cfolks.pl\\\/bwb\\\/produkt\\\/pokrywy-do-zbiorczych-studzienek-odwadniajacych-kraso-poly-400-kg-2000\\\/#primaryimage\",\"url\":\"https:\\\/\\\/ugwp.cfolks.pl\\\/bwb\\\/wp-content\\\/uploads\\\/Plastikowa-pokrywa-Poly-400-\u2013-obciazenie-ruchem-pieszym.jpg\",\"contentUrl\":\"https:\\\/\\\/ugwp.cfolks.pl\\\/bwb\\\/wp-content\\\/uploads\\\/Plastikowa-pokrywa-Poly-400-\u2013-obciazenie-ruchem-pieszym.jpg\",\"width\":1100,\"height\":810,\"caption\":\"Plastikowa pokrywa Poly 400 \u2013 obci\u0105\u017cenie ruchem pieszym\"},{\"@type\":\"BreadcrumbList\",\"@id\":\"https:\\\/\\\/ugwp.cfolks.pl\\\/bwb\\\/produkt\\\/pokrywy-do-zbiorczych-studzienek-odwadniajacych-kraso-poly-400-kg-2000\\\/#breadcrumb\",\"itemListElement\":[{\"@type\":\"ListItem\",\"position\":1,\"name\":\"Strona g\u0142\u00f3wna\",\"item\":\"https:\\\/\\\/ugwp.cfolks.pl\\\/bwb\\\/\"},{\"@type\":\"ListItem\",\"position\":2,\"name\":\"Wodoszczelne Przej\u015bcia Instalacyjne\",\"item\":\"https:\\\/\\\/ugwp.cfolks.pl\\\/bwb\\\/kategoria\\\/wodoszczelne-przejscia-instalacyjne\\\/\"},{\"@type\":\"ListItem\",\"position\":3,\"name\":\"Zbiorcze studzienki odwadniaj\u0105ce\",\"item\":\"https:\\\/\\\/ugwp.cfolks.pl\\\/bwb\\\/kategoria\\\/wodoszczelne-przejscia-instalacyjne\\\/zbiorcze-studzienki-odwadniajace\\\/\"},{\"@type\":\"ListItem\",\"position\":4,\"name\":\"Pokrywy do zbiorczych studzienek odwadniaj\u0105cych KRASO\u00ae Poly 400 \u2013 KG 2000\"}]},{\"@type\":\"WebSite\",\"@id\":\"https:\\\/\\\/ugwp.cfolks.pl\\\/bwb\\\/#website\",\"url\":\"https:\\\/\\\/ugwp.cfolks.pl\\\/bwb\\\/\",\"name\":\"BWB technology\",\"description\":\"Kolejna witryna oparta na WordPressie\",\"potentialAction\":[{\"@type\":\"SearchAction\",\"target\":{\"@type\":\"EntryPoint\",\"urlTemplate\":\"https:\\\/\\\/ugwp.cfolks.pl\\\/bwb\\\/?s={search_term_string}\"},\"query-input\":{\"@type\":\"PropertyValueSpecification\",\"valueRequired\":true,\"valueName\":\"search_term_string\"}}],\"inLanguage\":\"pl-PL\"}]}<\/script>\n<!-- \/ Yoast SEO plugin. -->","yoast_head_json":{"title":"Pokrywy do Zbiorczych Studzienek Odwadniaj\u0105cych KRASO\u00ae","description":"Pokrywy do zbiorczych studzienek odwadniaj\u0105cych KRASO\u00ae Poly 400 \u2013 KG 2000 - r\u00f3\u017cne warianty pokryw, kt\u00f3re mo\u017cna dostosowa\u0107 do konkretnej sytuacji i potrzeb.","robots":{"index":"noindex","follow":"follow","max-snippet":"max-snippet:-1","max-image-preview":"max-image-preview:large","max-video-preview":"max-video-preview:-1"},"og_locale":"pl_PL","og_type":"article","og_title":"Pokrywy do Zbiorczych Studzienek Odwadniaj\u0105cych KRASO\u00ae","og_description":"Pokrywy do zbiorczych studzienek odwadniaj\u0105cych KRASO\u00ae Poly 400 \u2013 KG 2000 - r\u00f3\u017cne warianty pokryw, kt\u00f3re mo\u017cna dostosowa\u0107 do konkretnej sytuacji i potrzeb.","og_url":"https:\/\/ugwp.cfolks.pl\/bwb\/produkt\/pokrywy-do-zbiorczych-studzienek-odwadniajacych-kraso-poly-400-kg-2000\/","og_site_name":"BWB technology","article_modified_time":"2023-10-02T15:44:19+00:00","og_image":[{"width":1100,"height":810,"url":"https:\/\/ugwp.cfolks.pl\/bwb\/wp-content\/uploads\/Plastikowa-pokrywa-Poly-400-\u2013-obciazenie-ruchem-pieszym.jpg","type":"image\/jpeg"}],"twitter_card":"summary_large_image","schema":{"@context":"https:\/\/schema.org","@graph":[{"@type":"WebPage","@id":"https:\/\/ugwp.cfolks.pl\/bwb\/produkt\/pokrywy-do-zbiorczych-studzienek-odwadniajacych-kraso-poly-400-kg-2000\/","url":"https:\/\/ugwp.cfolks.pl\/bwb\/produkt\/pokrywy-do-zbiorczych-studzienek-odwadniajacych-kraso-poly-400-kg-2000\/","name":"Pokrywy do Zbiorczych Studzienek Odwadniaj\u0105cych KRASO\u00ae","isPartOf":{"@id":"https:\/\/ugwp.cfolks.pl\/bwb\/#website"},"primaryImageOfPage":{"@id":"https:\/\/ugwp.cfolks.pl\/bwb\/produkt\/pokrywy-do-zbiorczych-studzienek-odwadniajacych-kraso-poly-400-kg-2000\/#primaryimage"},"image":{"@id":"https:\/\/ugwp.cfolks.pl\/bwb\/produkt\/pokrywy-do-zbiorczych-studzienek-odwadniajacych-kraso-poly-400-kg-2000\/#primaryimage"},"thumbnailUrl":"https:\/\/ugwp.cfolks.pl\/bwb\/wp-content\/uploads\/Plastikowa-pokrywa-Poly-400-\u2013-obciazenie-ruchem-pieszym.jpg","datePublished":"2023-02-05T17:46:13+00:00","dateModified":"2023-10-02T15:44:19+00:00","description":"Pokrywy do zbiorczych studzienek odwadniaj\u0105cych KRASO\u00ae Poly 400 \u2013 KG 2000 - r\u00f3\u017cne warianty pokryw, kt\u00f3re mo\u017cna dostosowa\u0107 do konkretnej sytuacji i potrzeb.","breadcrumb":{"@id":"https:\/\/ugwp.cfolks.pl\/bwb\/produkt\/pokrywy-do-zbiorczych-studzienek-odwadniajacych-kraso-poly-400-kg-2000\/#breadcrumb"},"inLanguage":"pl-PL","potentialAction":[{"@type":"ReadAction","target":["https:\/\/ugwp.cfolks.pl\/bwb\/produkt\/pokrywy-do-zbiorczych-studzienek-odwadniajacych-kraso-poly-400-kg-2000\/"]}]},{"@type":"ImageObject","inLanguage":"pl-PL","@id":"https:\/\/ugwp.cfolks.pl\/bwb\/produkt\/pokrywy-do-zbiorczych-studzienek-odwadniajacych-kraso-poly-400-kg-2000\/#primaryimage","url":"https:\/\/ugwp.cfolks.pl\/bwb\/wp-content\/uploads\/Plastikowa-pokrywa-Poly-400-\u2013-obciazenie-ruchem-pieszym.jpg","contentUrl":"https:\/\/ugwp.cfolks.pl\/bwb\/wp-content\/uploads\/Plastikowa-pokrywa-Poly-400-\u2013-obciazenie-ruchem-pieszym.jpg","width":1100,"height":810,"caption":"Plastikowa pokrywa Poly 400 \u2013 obci\u0105\u017cenie ruchem pieszym"},{"@type":"BreadcrumbList","@id":"https:\/\/ugwp.cfolks.pl\/bwb\/produkt\/pokrywy-do-zbiorczych-studzienek-odwadniajacych-kraso-poly-400-kg-2000\/#breadcrumb","itemListElement":[{"@type":"ListItem","position":1,"name":"Strona g\u0142\u00f3wna","item":"https:\/\/ugwp.cfolks.pl\/bwb\/"},{"@type":"ListItem","position":2,"name":"Wodoszczelne Przej\u015bcia Instalacyjne","item":"https:\/\/ugwp.cfolks.pl\/bwb\/kategoria\/wodoszczelne-przejscia-instalacyjne\/"},{"@type":"ListItem","position":3,"name":"Zbiorcze studzienki odwadniaj\u0105ce","item":"https:\/\/ugwp.cfolks.pl\/bwb\/kategoria\/wodoszczelne-przejscia-instalacyjne\/zbiorcze-studzienki-odwadniajace\/"},{"@type":"ListItem","position":4,"name":"Pokrywy do zbiorczych studzienek odwadniaj\u0105cych KRASO\u00ae Poly 400 \u2013 KG 2000"}]},{"@type":"WebSite","@id":"https:\/\/ugwp.cfolks.pl\/bwb\/#website","url":"https:\/\/ugwp.cfolks.pl\/bwb\/","name":"BWB technology","description":"Kolejna witryna oparta na WordPressie","potentialAction":[{"@type":"SearchAction","target":{"@type":"EntryPoint","urlTemplate":"https:\/\/ugwp.cfolks.pl\/bwb\/?s={search_term_string}"},"query-input":{"@type":"PropertyValueSpecification","valueRequired":true,"valueName":"search_term_string"}}],"inLanguage":"pl-PL"}]}},"_links":{"self":[{"href":"https:\/\/ugwp.cfolks.pl\/bwb\/wp-json\/wp\/v2\/product\/3102","targetHints":{"allow":["GET"]}}],"collection":[{"href":"https:\/\/ugwp.cfolks.pl\/bwb\/wp-json\/wp\/v2\/product"}],"about":[{"href":"https:\/\/ugwp.cfolks.pl\/bwb\/wp-json\/wp\/v2\/types\/product"}],"wp:featuredmedia":[{"embeddable":true,"href":"https:\/\/ugwp.cfolks.pl\/bwb\/wp-json\/wp\/v2\/media\/3108"}],"wp:attachment":[{"href":"https:\/\/ugwp.cfolks.pl\/bwb\/wp-json\/wp\/v2\/media?parent=3102"}],"wp:term":[{"taxonomy":"product_cat","embeddable":true,"href":"https:\/\/ugwp.cfolks.pl\/bwb\/wp-json\/wp\/v2\/product_cat?post=3102"},{"taxonomy":"product_tag","embeddable":true,"href":"https:\/\/ugwp.cfolks.pl\/bwb\/wp-json\/wp\/v2\/product_tag?post=3102"}],"curies":[{"name":"wp","href":"https:\/\/api.w.org\/{rel}","templated":true}]}}