{"id":3046,"date":"2023-02-05T14:47:53","date_gmt":"2023-02-05T13:47:53","guid":{"rendered":"https:\/\/ugwp.cfolks.pl\/bwb\/?post_type=product&#038;p=3046"},"modified":"2023-10-02T17:40:47","modified_gmt":"2023-10-02T15:40:47","slug":"studzienka-cisnieniowa-kraso-400-kg-2000","status":"publish","type":"product","link":"https:\/\/ugwp.cfolks.pl\/bwb\/produkt\/studzienka-cisnieniowa-kraso-400-kg-2000\/","title":{"rendered":"Studzienka ci\u015bnieniowa KRASO\u00ae 400 &#8211; KG 2000"},"content":{"rendered":"","protected":false},"excerpt":{"rendered":"<p>Studzienka ci\u015bnieniowa KRASO<sup>\u00ae<\/sup> 400 &#8211; KG 2000 przeznaczona jest do odwadniania na etapie budowy. Wykonana jest z polipropylenu (PP) materia\u0142u wzmocnionego minera\u0142ami, o g\u0142adkich \u015bciankach i du\u017cej trwa\u0142o\u015bci z obwodowym zaz\u0119bieniem kotwi\u0105cym. Dzi\u0119ki obwodowej, po\u0142\u0105czonej termicznie z studzienk\u0105 uszczelce cztero\u017cebrowej KRASO<sup>\u00ae<\/sup> uzyskujemy wodoszczelno\u015b\u0107 do 3,0 bara. Kszta\u0142t uszczelki umo\u017cliwia mocne i trwa\u0142e zakotwienie studzienki w betonie. Obwodowa obudowa z blachy perforowanej i w\u0142\u00f3knina filtracyjna pozwala na zbieranie wody z budowy. Wspornik dla wk\u0142adu uszczelniaj\u0105cego KRASO\u00ae typ Poly 400 \u2013 wk\u0142ad \u015blepy SD 30 (nie wchodzi w zakres dostawy) pozwala na zamkni\u0119cie odporne na dzia\u0142anie wody od g\u00f3ry studzienki. Wydajno\u015b\u0107 zbierania wody w stanie zamontowania: z flizelin\u0105 60 l\/s, bez flizeliny 90 l\/s.<\/p>\n","protected":false},"featured_media":3105,"template":"","meta":{"_acf_changed":false},"product_cat":[141],"product_tag":[],"class_list":{"0":"post-3046","1":"product","2":"type-product","3":"status-publish","4":"has-post-thumbnail","6":"product_cat-zbiorcze-studzienki-odwadniajace","8":"first","9":"instock","10":"shipping-taxable","11":"product-type-simple"},"acf":[],"yoast_head":"<!-- This site is optimized with the Yoast SEO plugin v27.3 - https:\/\/yoast.com\/product\/yoast-seo-wordpress\/ -->\n<title>Studzienka Ci\u015bnieniowa KRASO\u00ae 400 - KG 2000<\/title>\n<meta name=\"description\" content=\"Studzienka ci\u015bnieniowa KRASO\u00ae 400 - KG 2000 - rozwi\u0105zanie przeznaczone do odwadniania na etapie budowy. Jest wykonana z trwa\u0142ego polipropylenu (PP).\" \/>\n<meta name=\"robots\" content=\"noindex, follow, max-snippet:-1, max-image-preview:large, max-video-preview:-1\" \/>\n<meta property=\"og:locale\" content=\"pl_PL\" \/>\n<meta property=\"og:type\" content=\"article\" \/>\n<meta property=\"og:title\" content=\"Studzienka Ci\u015bnieniowa KRASO\u00ae 400 - KG 2000\" \/>\n<meta property=\"og:description\" content=\"Studzienka ci\u015bnieniowa KRASO\u00ae 400 - KG 2000 - rozwi\u0105zanie przeznaczone do odwadniania na etapie budowy. Jest wykonana z trwa\u0142ego polipropylenu (PP).\" \/>\n<meta property=\"og:url\" content=\"https:\/\/ugwp.cfolks.pl\/bwb\/produkt\/studzienka-cisnieniowa-kraso-400-kg-2000\/\" \/>\n<meta property=\"og:site_name\" content=\"BWB technology\" \/>\n<meta property=\"article:modified_time\" content=\"2023-10-02T15:40:47+00:00\" \/>\n<meta property=\"og:image\" content=\"https:\/\/ugwp.cfolks.pl\/bwb\/wp-content\/uploads\/Studzienka-cisnieniowa-KRASO\u00ae-400-KG-2000.jpg\" \/>\n\t<meta property=\"og:image:width\" content=\"1100\" \/>\n\t<meta property=\"og:image:height\" content=\"810\" \/>\n\t<meta property=\"og:image:type\" content=\"image\/jpeg\" \/>\n<meta name=\"twitter:card\" content=\"summary_large_image\" \/>\n<script type=\"application\/ld+json\" class=\"yoast-schema-graph\">{\"@context\":\"https:\\\/\\\/schema.org\",\"@graph\":[{\"@type\":\"WebPage\",\"@id\":\"https:\\\/\\\/ugwp.cfolks.pl\\\/bwb\\\/produkt\\\/studzienka-cisnieniowa-kraso-400-kg-2000\\\/\",\"url\":\"https:\\\/\\\/ugwp.cfolks.pl\\\/bwb\\\/produkt\\\/studzienka-cisnieniowa-kraso-400-kg-2000\\\/\",\"name\":\"Studzienka Ci\u015bnieniowa KRASO\u00ae 400 - KG 2000\",\"isPartOf\":{\"@id\":\"https:\\\/\\\/ugwp.cfolks.pl\\\/bwb\\\/#website\"},\"primaryImageOfPage\":{\"@id\":\"https:\\\/\\\/ugwp.cfolks.pl\\\/bwb\\\/produkt\\\/studzienka-cisnieniowa-kraso-400-kg-2000\\\/#primaryimage\"},\"image\":{\"@id\":\"https:\\\/\\\/ugwp.cfolks.pl\\\/bwb\\\/produkt\\\/studzienka-cisnieniowa-kraso-400-kg-2000\\\/#primaryimage\"},\"thumbnailUrl\":\"https:\\\/\\\/ugwp.cfolks.pl\\\/bwb\\\/wp-content\\\/uploads\\\/Studzienka-cisnieniowa-KRASO\u00ae-400-KG-2000.jpg\",\"datePublished\":\"2023-02-05T13:47:53+00:00\",\"dateModified\":\"2023-10-02T15:40:47+00:00\",\"description\":\"Studzienka ci\u015bnieniowa KRASO\u00ae 400 - KG 2000 - rozwi\u0105zanie przeznaczone do odwadniania na etapie budowy. Jest wykonana z trwa\u0142ego polipropylenu (PP).\",\"breadcrumb\":{\"@id\":\"https:\\\/\\\/ugwp.cfolks.pl\\\/bwb\\\/produkt\\\/studzienka-cisnieniowa-kraso-400-kg-2000\\\/#breadcrumb\"},\"inLanguage\":\"pl-PL\",\"potentialAction\":[{\"@type\":\"ReadAction\",\"target\":[\"https:\\\/\\\/ugwp.cfolks.pl\\\/bwb\\\/produkt\\\/studzienka-cisnieniowa-kraso-400-kg-2000\\\/\"]}]},{\"@type\":\"ImageObject\",\"inLanguage\":\"pl-PL\",\"@id\":\"https:\\\/\\\/ugwp.cfolks.pl\\\/bwb\\\/produkt\\\/studzienka-cisnieniowa-kraso-400-kg-2000\\\/#primaryimage\",\"url\":\"https:\\\/\\\/ugwp.cfolks.pl\\\/bwb\\\/wp-content\\\/uploads\\\/Studzienka-cisnieniowa-KRASO\u00ae-400-KG-2000.jpg\",\"contentUrl\":\"https:\\\/\\\/ugwp.cfolks.pl\\\/bwb\\\/wp-content\\\/uploads\\\/Studzienka-cisnieniowa-KRASO\u00ae-400-KG-2000.jpg\",\"width\":1100,\"height\":810,\"caption\":\"Studzienka ci\u015bnieniowa KRASO\u00ae 400 - KG 2000\"},{\"@type\":\"BreadcrumbList\",\"@id\":\"https:\\\/\\\/ugwp.cfolks.pl\\\/bwb\\\/produkt\\\/studzienka-cisnieniowa-kraso-400-kg-2000\\\/#breadcrumb\",\"itemListElement\":[{\"@type\":\"ListItem\",\"position\":1,\"name\":\"Strona g\u0142\u00f3wna\",\"item\":\"https:\\\/\\\/ugwp.cfolks.pl\\\/bwb\\\/\"},{\"@type\":\"ListItem\",\"position\":2,\"name\":\"Wodoszczelne Przej\u015bcia Instalacyjne\",\"item\":\"https:\\\/\\\/ugwp.cfolks.pl\\\/bwb\\\/kategoria\\\/wodoszczelne-przejscia-instalacyjne\\\/\"},{\"@type\":\"ListItem\",\"position\":3,\"name\":\"Zbiorcze studzienki odwadniaj\u0105ce\",\"item\":\"https:\\\/\\\/ugwp.cfolks.pl\\\/bwb\\\/kategoria\\\/wodoszczelne-przejscia-instalacyjne\\\/zbiorcze-studzienki-odwadniajace\\\/\"},{\"@type\":\"ListItem\",\"position\":4,\"name\":\"Studzienka ci\u015bnieniowa KRASO\u00ae 400 &#8211; KG 2000\"}]},{\"@type\":\"WebSite\",\"@id\":\"https:\\\/\\\/ugwp.cfolks.pl\\\/bwb\\\/#website\",\"url\":\"https:\\\/\\\/ugwp.cfolks.pl\\\/bwb\\\/\",\"name\":\"BWB technology\",\"description\":\"Kolejna witryna oparta na WordPressie\",\"potentialAction\":[{\"@type\":\"SearchAction\",\"target\":{\"@type\":\"EntryPoint\",\"urlTemplate\":\"https:\\\/\\\/ugwp.cfolks.pl\\\/bwb\\\/?s={search_term_string}\"},\"query-input\":{\"@type\":\"PropertyValueSpecification\",\"valueRequired\":true,\"valueName\":\"search_term_string\"}}],\"inLanguage\":\"pl-PL\"}]}<\/script>\n<!-- \/ Yoast SEO plugin. -->","yoast_head_json":{"title":"Studzienka Ci\u015bnieniowa KRASO\u00ae 400 - KG 2000","description":"Studzienka ci\u015bnieniowa KRASO\u00ae 400 - KG 2000 - rozwi\u0105zanie przeznaczone do odwadniania na etapie budowy. Jest wykonana z trwa\u0142ego polipropylenu (PP).","robots":{"index":"noindex","follow":"follow","max-snippet":"max-snippet:-1","max-image-preview":"max-image-preview:large","max-video-preview":"max-video-preview:-1"},"og_locale":"pl_PL","og_type":"article","og_title":"Studzienka Ci\u015bnieniowa KRASO\u00ae 400 - KG 2000","og_description":"Studzienka ci\u015bnieniowa KRASO\u00ae 400 - KG 2000 - rozwi\u0105zanie przeznaczone do odwadniania na etapie budowy. Jest wykonana z trwa\u0142ego polipropylenu (PP).","og_url":"https:\/\/ugwp.cfolks.pl\/bwb\/produkt\/studzienka-cisnieniowa-kraso-400-kg-2000\/","og_site_name":"BWB technology","article_modified_time":"2023-10-02T15:40:47+00:00","og_image":[{"width":1100,"height":810,"url":"https:\/\/ugwp.cfolks.pl\/bwb\/wp-content\/uploads\/Studzienka-cisnieniowa-KRASO\u00ae-400-KG-2000.jpg","type":"image\/jpeg"}],"twitter_card":"summary_large_image","schema":{"@context":"https:\/\/schema.org","@graph":[{"@type":"WebPage","@id":"https:\/\/ugwp.cfolks.pl\/bwb\/produkt\/studzienka-cisnieniowa-kraso-400-kg-2000\/","url":"https:\/\/ugwp.cfolks.pl\/bwb\/produkt\/studzienka-cisnieniowa-kraso-400-kg-2000\/","name":"Studzienka Ci\u015bnieniowa KRASO\u00ae 400 - KG 2000","isPartOf":{"@id":"https:\/\/ugwp.cfolks.pl\/bwb\/#website"},"primaryImageOfPage":{"@id":"https:\/\/ugwp.cfolks.pl\/bwb\/produkt\/studzienka-cisnieniowa-kraso-400-kg-2000\/#primaryimage"},"image":{"@id":"https:\/\/ugwp.cfolks.pl\/bwb\/produkt\/studzienka-cisnieniowa-kraso-400-kg-2000\/#primaryimage"},"thumbnailUrl":"https:\/\/ugwp.cfolks.pl\/bwb\/wp-content\/uploads\/Studzienka-cisnieniowa-KRASO\u00ae-400-KG-2000.jpg","datePublished":"2023-02-05T13:47:53+00:00","dateModified":"2023-10-02T15:40:47+00:00","description":"Studzienka ci\u015bnieniowa KRASO\u00ae 400 - KG 2000 - rozwi\u0105zanie przeznaczone do odwadniania na etapie budowy. Jest wykonana z trwa\u0142ego polipropylenu (PP).","breadcrumb":{"@id":"https:\/\/ugwp.cfolks.pl\/bwb\/produkt\/studzienka-cisnieniowa-kraso-400-kg-2000\/#breadcrumb"},"inLanguage":"pl-PL","potentialAction":[{"@type":"ReadAction","target":["https:\/\/ugwp.cfolks.pl\/bwb\/produkt\/studzienka-cisnieniowa-kraso-400-kg-2000\/"]}]},{"@type":"ImageObject","inLanguage":"pl-PL","@id":"https:\/\/ugwp.cfolks.pl\/bwb\/produkt\/studzienka-cisnieniowa-kraso-400-kg-2000\/#primaryimage","url":"https:\/\/ugwp.cfolks.pl\/bwb\/wp-content\/uploads\/Studzienka-cisnieniowa-KRASO\u00ae-400-KG-2000.jpg","contentUrl":"https:\/\/ugwp.cfolks.pl\/bwb\/wp-content\/uploads\/Studzienka-cisnieniowa-KRASO\u00ae-400-KG-2000.jpg","width":1100,"height":810,"caption":"Studzienka ci\u015bnieniowa KRASO\u00ae 400 - KG 2000"},{"@type":"BreadcrumbList","@id":"https:\/\/ugwp.cfolks.pl\/bwb\/produkt\/studzienka-cisnieniowa-kraso-400-kg-2000\/#breadcrumb","itemListElement":[{"@type":"ListItem","position":1,"name":"Strona g\u0142\u00f3wna","item":"https:\/\/ugwp.cfolks.pl\/bwb\/"},{"@type":"ListItem","position":2,"name":"Wodoszczelne Przej\u015bcia Instalacyjne","item":"https:\/\/ugwp.cfolks.pl\/bwb\/kategoria\/wodoszczelne-przejscia-instalacyjne\/"},{"@type":"ListItem","position":3,"name":"Zbiorcze studzienki odwadniaj\u0105ce","item":"https:\/\/ugwp.cfolks.pl\/bwb\/kategoria\/wodoszczelne-przejscia-instalacyjne\/zbiorcze-studzienki-odwadniajace\/"},{"@type":"ListItem","position":4,"name":"Studzienka ci\u015bnieniowa KRASO\u00ae 400 &#8211; KG 2000"}]},{"@type":"WebSite","@id":"https:\/\/ugwp.cfolks.pl\/bwb\/#website","url":"https:\/\/ugwp.cfolks.pl\/bwb\/","name":"BWB technology","description":"Kolejna witryna oparta na WordPressie","potentialAction":[{"@type":"SearchAction","target":{"@type":"EntryPoint","urlTemplate":"https:\/\/ugwp.cfolks.pl\/bwb\/?s={search_term_string}"},"query-input":{"@type":"PropertyValueSpecification","valueRequired":true,"valueName":"search_term_string"}}],"inLanguage":"pl-PL"}]}},"_links":{"self":[{"href":"https:\/\/ugwp.cfolks.pl\/bwb\/wp-json\/wp\/v2\/product\/3046","targetHints":{"allow":["GET"]}}],"collection":[{"href":"https:\/\/ugwp.cfolks.pl\/bwb\/wp-json\/wp\/v2\/product"}],"about":[{"href":"https:\/\/ugwp.cfolks.pl\/bwb\/wp-json\/wp\/v2\/types\/product"}],"wp:featuredmedia":[{"embeddable":true,"href":"https:\/\/ugwp.cfolks.pl\/bwb\/wp-json\/wp\/v2\/media\/3105"}],"wp:attachment":[{"href":"https:\/\/ugwp.cfolks.pl\/bwb\/wp-json\/wp\/v2\/media?parent=3046"}],"wp:term":[{"taxonomy":"product_cat","embeddable":true,"href":"https:\/\/ugwp.cfolks.pl\/bwb\/wp-json\/wp\/v2\/product_cat?post=3046"},{"taxonomy":"product_tag","embeddable":true,"href":"https:\/\/ugwp.cfolks.pl\/bwb\/wp-json\/wp\/v2\/product_tag?post=3046"}],"curies":[{"name":"wp","href":"https:\/\/api.w.org\/{rel}","templated":true}]}}