{"id":3045,"date":"2023-02-05T14:47:45","date_gmt":"2023-02-05T13:47:45","guid":{"rendered":"https:\/\/ugwp.cfolks.pl\/bwb\/?post_type=product&#038;p=3045"},"modified":"2023-10-02T17:37:18","modified_gmt":"2023-10-02T15:37:18","slug":"studzienka-rewizyjna-kraso-poly-kg-2000","status":"publish","type":"product","link":"https:\/\/ugwp.cfolks.pl\/bwb\/produkt\/studzienka-rewizyjna-kraso-poly-kg-2000\/","title":{"rendered":"Studzienka rewizyjna KRASO\u00ae Poly &#8211; KG 2000"},"content":{"rendered":"","protected":false},"excerpt":{"rendered":"<p>Studzienka rewizyjna KRASO<sup>\u00ae<\/sup> Poly &#8211; KG 2000 przeznaczona jest do kontroli, konserwacji i czyszczenia ruroci\u0105g\u00f3w \u015bciek\u00f3w nie zawieraj\u0105cych fekali\u00f3w. Wykonana jest z polipropylenu (PP) materia\u0142u wzmocnionego minera\u0142ami, o g\u0142adkich \u015bciankach i du\u017cej trwa\u0142o\u015bci z obwodowym zaz\u0119bieniem kotwi\u0105cym. Dzi\u0119ki obwodowej, po\u0142\u0105czonej termicznie z studzienk\u0105 uszczelce cztero\u017cebrowej KRASO<sup>\u00ae<\/sup> uzyskujemy wodoszczelno\u015b\u0107 do 3,0 bara. Kszta\u0142t uszczelki umo\u017cliwia mocne i trwa\u0142e zakotwienie studzienki w betonie. Przy\u0142\u0105cza rurowe DN 110\/160 odpowiednie do rur KG, HT i KG 2000.<\/p>\n","protected":false},"featured_media":3100,"template":"","meta":{"_acf_changed":false},"product_cat":[141],"product_tag":[],"class_list":{"0":"post-3045","1":"product","2":"type-product","3":"status-publish","4":"has-post-thumbnail","6":"product_cat-zbiorcze-studzienki-odwadniajace","8":"first","9":"instock","10":"shipping-taxable","11":"product-type-simple"},"acf":[],"yoast_head":"<!-- This site is optimized with the Yoast SEO plugin v27.3 - https:\/\/yoast.com\/product\/yoast-seo-wordpress\/ -->\n<title>Studzienka Rewizyjna KRASO\u00ae Poly - KG 2000<\/title>\n<meta name=\"description\" content=\"Studzienka rewizyjna KRASO\u00ae Poly - KG 2000 - rozwi\u0105zanie s\u0142u\u017c\u0105ce do kontroli, konserwacji i czyszczenia ruroci\u0105g\u00f3w \u015bciek\u00f3w nie zawieraj\u0105cych fekali\u00f3w.\" \/>\n<meta name=\"robots\" content=\"noindex, follow, max-snippet:-1, max-image-preview:large, max-video-preview:-1\" \/>\n<meta property=\"og:locale\" content=\"pl_PL\" \/>\n<meta property=\"og:type\" content=\"article\" \/>\n<meta property=\"og:title\" content=\"Studzienka Rewizyjna KRASO\u00ae Poly - KG 2000\" \/>\n<meta property=\"og:description\" content=\"Studzienka rewizyjna KRASO\u00ae Poly - KG 2000 - rozwi\u0105zanie s\u0142u\u017c\u0105ce do kontroli, konserwacji i czyszczenia ruroci\u0105g\u00f3w \u015bciek\u00f3w nie zawieraj\u0105cych fekali\u00f3w.\" \/>\n<meta property=\"og:url\" content=\"https:\/\/ugwp.cfolks.pl\/bwb\/produkt\/studzienka-rewizyjna-kraso-poly-kg-2000\/\" \/>\n<meta property=\"og:site_name\" content=\"BWB technology\" \/>\n<meta property=\"article:modified_time\" content=\"2023-10-02T15:37:18+00:00\" \/>\n<meta property=\"og:image\" content=\"https:\/\/ugwp.cfolks.pl\/bwb\/wp-content\/uploads\/Studzienka-rewizyjna-KRASO\u00ae-Poly-KG-2000.jpg\" \/>\n\t<meta property=\"og:image:width\" content=\"1100\" \/>\n\t<meta property=\"og:image:height\" content=\"810\" \/>\n\t<meta property=\"og:image:type\" content=\"image\/jpeg\" \/>\n<meta name=\"twitter:card\" content=\"summary_large_image\" \/>\n<script type=\"application\/ld+json\" class=\"yoast-schema-graph\">{\"@context\":\"https:\\\/\\\/schema.org\",\"@graph\":[{\"@type\":\"WebPage\",\"@id\":\"https:\\\/\\\/ugwp.cfolks.pl\\\/bwb\\\/produkt\\\/studzienka-rewizyjna-kraso-poly-kg-2000\\\/\",\"url\":\"https:\\\/\\\/ugwp.cfolks.pl\\\/bwb\\\/produkt\\\/studzienka-rewizyjna-kraso-poly-kg-2000\\\/\",\"name\":\"Studzienka Rewizyjna KRASO\u00ae Poly - KG 2000\",\"isPartOf\":{\"@id\":\"https:\\\/\\\/ugwp.cfolks.pl\\\/bwb\\\/#website\"},\"primaryImageOfPage\":{\"@id\":\"https:\\\/\\\/ugwp.cfolks.pl\\\/bwb\\\/produkt\\\/studzienka-rewizyjna-kraso-poly-kg-2000\\\/#primaryimage\"},\"image\":{\"@id\":\"https:\\\/\\\/ugwp.cfolks.pl\\\/bwb\\\/produkt\\\/studzienka-rewizyjna-kraso-poly-kg-2000\\\/#primaryimage\"},\"thumbnailUrl\":\"https:\\\/\\\/ugwp.cfolks.pl\\\/bwb\\\/wp-content\\\/uploads\\\/Studzienka-rewizyjna-KRASO\u00ae-Poly-KG-2000.jpg\",\"datePublished\":\"2023-02-05T13:47:45+00:00\",\"dateModified\":\"2023-10-02T15:37:18+00:00\",\"description\":\"Studzienka rewizyjna KRASO\u00ae Poly - KG 2000 - rozwi\u0105zanie s\u0142u\u017c\u0105ce do kontroli, konserwacji i czyszczenia ruroci\u0105g\u00f3w \u015bciek\u00f3w nie zawieraj\u0105cych fekali\u00f3w.\",\"breadcrumb\":{\"@id\":\"https:\\\/\\\/ugwp.cfolks.pl\\\/bwb\\\/produkt\\\/studzienka-rewizyjna-kraso-poly-kg-2000\\\/#breadcrumb\"},\"inLanguage\":\"pl-PL\",\"potentialAction\":[{\"@type\":\"ReadAction\",\"target\":[\"https:\\\/\\\/ugwp.cfolks.pl\\\/bwb\\\/produkt\\\/studzienka-rewizyjna-kraso-poly-kg-2000\\\/\"]}]},{\"@type\":\"ImageObject\",\"inLanguage\":\"pl-PL\",\"@id\":\"https:\\\/\\\/ugwp.cfolks.pl\\\/bwb\\\/produkt\\\/studzienka-rewizyjna-kraso-poly-kg-2000\\\/#primaryimage\",\"url\":\"https:\\\/\\\/ugwp.cfolks.pl\\\/bwb\\\/wp-content\\\/uploads\\\/Studzienka-rewizyjna-KRASO\u00ae-Poly-KG-2000.jpg\",\"contentUrl\":\"https:\\\/\\\/ugwp.cfolks.pl\\\/bwb\\\/wp-content\\\/uploads\\\/Studzienka-rewizyjna-KRASO\u00ae-Poly-KG-2000.jpg\",\"width\":1100,\"height\":810,\"caption\":\"Studzienka rewizyjna KRASO\u00ae Poly - KG 2000\"},{\"@type\":\"BreadcrumbList\",\"@id\":\"https:\\\/\\\/ugwp.cfolks.pl\\\/bwb\\\/produkt\\\/studzienka-rewizyjna-kraso-poly-kg-2000\\\/#breadcrumb\",\"itemListElement\":[{\"@type\":\"ListItem\",\"position\":1,\"name\":\"Strona g\u0142\u00f3wna\",\"item\":\"https:\\\/\\\/ugwp.cfolks.pl\\\/bwb\\\/\"},{\"@type\":\"ListItem\",\"position\":2,\"name\":\"Wodoszczelne Przej\u015bcia Instalacyjne\",\"item\":\"https:\\\/\\\/ugwp.cfolks.pl\\\/bwb\\\/kategoria\\\/wodoszczelne-przejscia-instalacyjne\\\/\"},{\"@type\":\"ListItem\",\"position\":3,\"name\":\"Zbiorcze studzienki odwadniaj\u0105ce\",\"item\":\"https:\\\/\\\/ugwp.cfolks.pl\\\/bwb\\\/kategoria\\\/wodoszczelne-przejscia-instalacyjne\\\/zbiorcze-studzienki-odwadniajace\\\/\"},{\"@type\":\"ListItem\",\"position\":4,\"name\":\"Studzienka rewizyjna KRASO\u00ae Poly &#8211; KG 2000\"}]},{\"@type\":\"WebSite\",\"@id\":\"https:\\\/\\\/ugwp.cfolks.pl\\\/bwb\\\/#website\",\"url\":\"https:\\\/\\\/ugwp.cfolks.pl\\\/bwb\\\/\",\"name\":\"BWB technology\",\"description\":\"Kolejna witryna oparta na WordPressie\",\"potentialAction\":[{\"@type\":\"SearchAction\",\"target\":{\"@type\":\"EntryPoint\",\"urlTemplate\":\"https:\\\/\\\/ugwp.cfolks.pl\\\/bwb\\\/?s={search_term_string}\"},\"query-input\":{\"@type\":\"PropertyValueSpecification\",\"valueRequired\":true,\"valueName\":\"search_term_string\"}}],\"inLanguage\":\"pl-PL\"}]}<\/script>\n<!-- \/ Yoast SEO plugin. -->","yoast_head_json":{"title":"Studzienka Rewizyjna KRASO\u00ae Poly - KG 2000","description":"Studzienka rewizyjna KRASO\u00ae Poly - KG 2000 - rozwi\u0105zanie s\u0142u\u017c\u0105ce do kontroli, konserwacji i czyszczenia ruroci\u0105g\u00f3w \u015bciek\u00f3w nie zawieraj\u0105cych fekali\u00f3w.","robots":{"index":"noindex","follow":"follow","max-snippet":"max-snippet:-1","max-image-preview":"max-image-preview:large","max-video-preview":"max-video-preview:-1"},"og_locale":"pl_PL","og_type":"article","og_title":"Studzienka Rewizyjna KRASO\u00ae Poly - KG 2000","og_description":"Studzienka rewizyjna KRASO\u00ae Poly - KG 2000 - rozwi\u0105zanie s\u0142u\u017c\u0105ce do kontroli, konserwacji i czyszczenia ruroci\u0105g\u00f3w \u015bciek\u00f3w nie zawieraj\u0105cych fekali\u00f3w.","og_url":"https:\/\/ugwp.cfolks.pl\/bwb\/produkt\/studzienka-rewizyjna-kraso-poly-kg-2000\/","og_site_name":"BWB technology","article_modified_time":"2023-10-02T15:37:18+00:00","og_image":[{"width":1100,"height":810,"url":"https:\/\/ugwp.cfolks.pl\/bwb\/wp-content\/uploads\/Studzienka-rewizyjna-KRASO\u00ae-Poly-KG-2000.jpg","type":"image\/jpeg"}],"twitter_card":"summary_large_image","schema":{"@context":"https:\/\/schema.org","@graph":[{"@type":"WebPage","@id":"https:\/\/ugwp.cfolks.pl\/bwb\/produkt\/studzienka-rewizyjna-kraso-poly-kg-2000\/","url":"https:\/\/ugwp.cfolks.pl\/bwb\/produkt\/studzienka-rewizyjna-kraso-poly-kg-2000\/","name":"Studzienka Rewizyjna KRASO\u00ae Poly - KG 2000","isPartOf":{"@id":"https:\/\/ugwp.cfolks.pl\/bwb\/#website"},"primaryImageOfPage":{"@id":"https:\/\/ugwp.cfolks.pl\/bwb\/produkt\/studzienka-rewizyjna-kraso-poly-kg-2000\/#primaryimage"},"image":{"@id":"https:\/\/ugwp.cfolks.pl\/bwb\/produkt\/studzienka-rewizyjna-kraso-poly-kg-2000\/#primaryimage"},"thumbnailUrl":"https:\/\/ugwp.cfolks.pl\/bwb\/wp-content\/uploads\/Studzienka-rewizyjna-KRASO\u00ae-Poly-KG-2000.jpg","datePublished":"2023-02-05T13:47:45+00:00","dateModified":"2023-10-02T15:37:18+00:00","description":"Studzienka rewizyjna KRASO\u00ae Poly - KG 2000 - rozwi\u0105zanie s\u0142u\u017c\u0105ce do kontroli, konserwacji i czyszczenia ruroci\u0105g\u00f3w \u015bciek\u00f3w nie zawieraj\u0105cych fekali\u00f3w.","breadcrumb":{"@id":"https:\/\/ugwp.cfolks.pl\/bwb\/produkt\/studzienka-rewizyjna-kraso-poly-kg-2000\/#breadcrumb"},"inLanguage":"pl-PL","potentialAction":[{"@type":"ReadAction","target":["https:\/\/ugwp.cfolks.pl\/bwb\/produkt\/studzienka-rewizyjna-kraso-poly-kg-2000\/"]}]},{"@type":"ImageObject","inLanguage":"pl-PL","@id":"https:\/\/ugwp.cfolks.pl\/bwb\/produkt\/studzienka-rewizyjna-kraso-poly-kg-2000\/#primaryimage","url":"https:\/\/ugwp.cfolks.pl\/bwb\/wp-content\/uploads\/Studzienka-rewizyjna-KRASO\u00ae-Poly-KG-2000.jpg","contentUrl":"https:\/\/ugwp.cfolks.pl\/bwb\/wp-content\/uploads\/Studzienka-rewizyjna-KRASO\u00ae-Poly-KG-2000.jpg","width":1100,"height":810,"caption":"Studzienka rewizyjna KRASO\u00ae Poly - KG 2000"},{"@type":"BreadcrumbList","@id":"https:\/\/ugwp.cfolks.pl\/bwb\/produkt\/studzienka-rewizyjna-kraso-poly-kg-2000\/#breadcrumb","itemListElement":[{"@type":"ListItem","position":1,"name":"Strona g\u0142\u00f3wna","item":"https:\/\/ugwp.cfolks.pl\/bwb\/"},{"@type":"ListItem","position":2,"name":"Wodoszczelne Przej\u015bcia Instalacyjne","item":"https:\/\/ugwp.cfolks.pl\/bwb\/kategoria\/wodoszczelne-przejscia-instalacyjne\/"},{"@type":"ListItem","position":3,"name":"Zbiorcze studzienki odwadniaj\u0105ce","item":"https:\/\/ugwp.cfolks.pl\/bwb\/kategoria\/wodoszczelne-przejscia-instalacyjne\/zbiorcze-studzienki-odwadniajace\/"},{"@type":"ListItem","position":4,"name":"Studzienka rewizyjna KRASO\u00ae Poly &#8211; KG 2000"}]},{"@type":"WebSite","@id":"https:\/\/ugwp.cfolks.pl\/bwb\/#website","url":"https:\/\/ugwp.cfolks.pl\/bwb\/","name":"BWB technology","description":"Kolejna witryna oparta na WordPressie","potentialAction":[{"@type":"SearchAction","target":{"@type":"EntryPoint","urlTemplate":"https:\/\/ugwp.cfolks.pl\/bwb\/?s={search_term_string}"},"query-input":{"@type":"PropertyValueSpecification","valueRequired":true,"valueName":"search_term_string"}}],"inLanguage":"pl-PL"}]}},"_links":{"self":[{"href":"https:\/\/ugwp.cfolks.pl\/bwb\/wp-json\/wp\/v2\/product\/3045","targetHints":{"allow":["GET"]}}],"collection":[{"href":"https:\/\/ugwp.cfolks.pl\/bwb\/wp-json\/wp\/v2\/product"}],"about":[{"href":"https:\/\/ugwp.cfolks.pl\/bwb\/wp-json\/wp\/v2\/types\/product"}],"wp:featuredmedia":[{"embeddable":true,"href":"https:\/\/ugwp.cfolks.pl\/bwb\/wp-json\/wp\/v2\/media\/3100"}],"wp:attachment":[{"href":"https:\/\/ugwp.cfolks.pl\/bwb\/wp-json\/wp\/v2\/media?parent=3045"}],"wp:term":[{"taxonomy":"product_cat","embeddable":true,"href":"https:\/\/ugwp.cfolks.pl\/bwb\/wp-json\/wp\/v2\/product_cat?post=3045"},{"taxonomy":"product_tag","embeddable":true,"href":"https:\/\/ugwp.cfolks.pl\/bwb\/wp-json\/wp\/v2\/product_tag?post=3045"}],"curies":[{"name":"wp","href":"https:\/\/api.w.org\/{rel}","templated":true}]}}