{"id":3038,"date":"2023-02-05T14:46:46","date_gmt":"2023-02-05T13:46:46","guid":{"rendered":"https:\/\/ugwp.cfolks.pl\/bwb\/?post_type=product&#038;p=3038"},"modified":"2023-09-28T21:33:07","modified_gmt":"2023-09-28T19:33:07","slug":"pokrywa-do-studzienki-odwadniajacej-kraso-dla-pojazdow-o-masie-do-15-t-nacisk-kola-do-375-t","status":"publish","type":"product","link":"https:\/\/ugwp.cfolks.pl\/bwb\/produkt\/pokrywa-do-studzienki-odwadniajacej-kraso-dla-pojazdow-o-masie-do-15-t-nacisk-kola-do-375-t\/","title":{"rendered":"Pokrywa do studzienki odwadniaj\u0105cej KRASO\u00ae &#8211; dla pojazd\u00f3w o masie do 15 t, nacisk ko\u0142a do 3,75 t"},"content":{"rendered":"","protected":false},"excerpt":{"rendered":"<p>Pokrywa do studzienki odwadniaj\u0105cej KRASO<sup>\u00ae<\/sup> &#8211; dla pojazd\u00f3w o masie do 15 t, nacisk ko\u0142a do 3,75 t przeznaczona jest do zbiorczych studzienek odwadniaj\u0105cych KRASO<sup>\u00ae<\/sup> &#8211; betonowych oraz do zbiorczych studzienek odwadniaj\u0105cych KRASO<sup>\u00ae<\/sup> &#8211; typ Q. Wykonana jest z blachy ocynkowanej, ryflowanej.<\/p>\n","protected":false},"featured_media":3080,"template":"","meta":{"_acf_changed":false},"product_cat":[141],"product_tag":[],"class_list":{"0":"post-3038","1":"product","2":"type-product","3":"status-publish","4":"has-post-thumbnail","6":"product_cat-zbiorcze-studzienki-odwadniajace","8":"first","9":"instock","10":"shipping-taxable","11":"product-type-simple"},"acf":[],"yoast_head":"<!-- This site is optimized with the Yoast SEO plugin v27.3 - https:\/\/yoast.com\/product\/yoast-seo-wordpress\/ -->\n<title>Pokrywa do Studzienki Odwadniaj\u0105cej KRASO\u00ae Wysoka Jako\u015b\u0107<\/title>\n<meta name=\"description\" content=\"Pokrywa do studzienki odwadniaj\u0105cej KRASO\u00ae- dla pojazd\u00f3w do 15t, nacisk ko\u0142a 3,75 t - wykonana z blachy ocynkowanej, kt\u00f3ra zapewnia trwa\u0142o\u015b\u0107 i odporno\u015b\u0107.\" \/>\n<meta name=\"robots\" content=\"noindex, follow, max-snippet:-1, max-image-preview:large, max-video-preview:-1\" \/>\n<meta property=\"og:locale\" content=\"pl_PL\" \/>\n<meta property=\"og:type\" content=\"article\" \/>\n<meta property=\"og:title\" content=\"Pokrywa do Studzienki Odwadniaj\u0105cej KRASO\u00ae Wysoka Jako\u015b\u0107\" \/>\n<meta property=\"og:description\" content=\"Pokrywa do studzienki odwadniaj\u0105cej KRASO\u00ae- dla pojazd\u00f3w do 15t, nacisk ko\u0142a 3,75 t - wykonana z blachy ocynkowanej, kt\u00f3ra zapewnia trwa\u0142o\u015b\u0107 i odporno\u015b\u0107.\" \/>\n<meta property=\"og:url\" content=\"https:\/\/ugwp.cfolks.pl\/bwb\/produkt\/pokrywa-do-studzienki-odwadniajacej-kraso-dla-pojazdow-o-masie-do-15-t-nacisk-kola-do-375-t\/\" \/>\n<meta property=\"og:site_name\" content=\"BWB technology\" \/>\n<meta property=\"article:modified_time\" content=\"2023-09-28T19:33:07+00:00\" \/>\n<meta property=\"og:image\" content=\"https:\/\/ugwp.cfolks.pl\/bwb\/wp-content\/uploads\/Pokrywa-do-studzienki-odwadniajacej-KRASO\u00ae-dla-pojazdow-o-masie-do-15-t-nacisk-kola-do-375-t.jpg\" \/>\n\t<meta property=\"og:image:width\" content=\"1100\" \/>\n\t<meta property=\"og:image:height\" content=\"810\" \/>\n\t<meta property=\"og:image:type\" content=\"image\/jpeg\" \/>\n<meta name=\"twitter:card\" content=\"summary_large_image\" \/>\n<script type=\"application\/ld+json\" class=\"yoast-schema-graph\">{\"@context\":\"https:\\\/\\\/schema.org\",\"@graph\":[{\"@type\":\"WebPage\",\"@id\":\"https:\\\/\\\/ugwp.cfolks.pl\\\/bwb\\\/produkt\\\/pokrywa-do-studzienki-odwadniajacej-kraso-dla-pojazdow-o-masie-do-15-t-nacisk-kola-do-375-t\\\/\",\"url\":\"https:\\\/\\\/ugwp.cfolks.pl\\\/bwb\\\/produkt\\\/pokrywa-do-studzienki-odwadniajacej-kraso-dla-pojazdow-o-masie-do-15-t-nacisk-kola-do-375-t\\\/\",\"name\":\"Pokrywa do Studzienki Odwadniaj\u0105cej KRASO\u00ae Wysoka Jako\u015b\u0107\",\"isPartOf\":{\"@id\":\"https:\\\/\\\/ugwp.cfolks.pl\\\/bwb\\\/#website\"},\"primaryImageOfPage\":{\"@id\":\"https:\\\/\\\/ugwp.cfolks.pl\\\/bwb\\\/produkt\\\/pokrywa-do-studzienki-odwadniajacej-kraso-dla-pojazdow-o-masie-do-15-t-nacisk-kola-do-375-t\\\/#primaryimage\"},\"image\":{\"@id\":\"https:\\\/\\\/ugwp.cfolks.pl\\\/bwb\\\/produkt\\\/pokrywa-do-studzienki-odwadniajacej-kraso-dla-pojazdow-o-masie-do-15-t-nacisk-kola-do-375-t\\\/#primaryimage\"},\"thumbnailUrl\":\"https:\\\/\\\/ugwp.cfolks.pl\\\/bwb\\\/wp-content\\\/uploads\\\/Pokrywa-do-studzienki-odwadniajacej-KRASO\u00ae-dla-pojazdow-o-masie-do-15-t-nacisk-kola-do-375-t.jpg\",\"datePublished\":\"2023-02-05T13:46:46+00:00\",\"dateModified\":\"2023-09-28T19:33:07+00:00\",\"description\":\"Pokrywa do studzienki odwadniaj\u0105cej KRASO\u00ae- dla pojazd\u00f3w do 15t, nacisk ko\u0142a 3,75 t - wykonana z blachy ocynkowanej, kt\u00f3ra zapewnia trwa\u0142o\u015b\u0107 i odporno\u015b\u0107.\",\"breadcrumb\":{\"@id\":\"https:\\\/\\\/ugwp.cfolks.pl\\\/bwb\\\/produkt\\\/pokrywa-do-studzienki-odwadniajacej-kraso-dla-pojazdow-o-masie-do-15-t-nacisk-kola-do-375-t\\\/#breadcrumb\"},\"inLanguage\":\"pl-PL\",\"potentialAction\":[{\"@type\":\"ReadAction\",\"target\":[\"https:\\\/\\\/ugwp.cfolks.pl\\\/bwb\\\/produkt\\\/pokrywa-do-studzienki-odwadniajacej-kraso-dla-pojazdow-o-masie-do-15-t-nacisk-kola-do-375-t\\\/\"]}]},{\"@type\":\"ImageObject\",\"inLanguage\":\"pl-PL\",\"@id\":\"https:\\\/\\\/ugwp.cfolks.pl\\\/bwb\\\/produkt\\\/pokrywa-do-studzienki-odwadniajacej-kraso-dla-pojazdow-o-masie-do-15-t-nacisk-kola-do-375-t\\\/#primaryimage\",\"url\":\"https:\\\/\\\/ugwp.cfolks.pl\\\/bwb\\\/wp-content\\\/uploads\\\/Pokrywa-do-studzienki-odwadniajacej-KRASO\u00ae-dla-pojazdow-o-masie-do-15-t-nacisk-kola-do-375-t.jpg\",\"contentUrl\":\"https:\\\/\\\/ugwp.cfolks.pl\\\/bwb\\\/wp-content\\\/uploads\\\/Pokrywa-do-studzienki-odwadniajacej-KRASO\u00ae-dla-pojazdow-o-masie-do-15-t-nacisk-kola-do-375-t.jpg\",\"width\":1100,\"height\":810,\"caption\":\"Pokrywa do studzienki odwadniaj\u0105cej KRASO\u00ae - dla pojazd\u00f3w o masie do 15 t, nacisk ko\u0142a do 3,75 t\"},{\"@type\":\"BreadcrumbList\",\"@id\":\"https:\\\/\\\/ugwp.cfolks.pl\\\/bwb\\\/produkt\\\/pokrywa-do-studzienki-odwadniajacej-kraso-dla-pojazdow-o-masie-do-15-t-nacisk-kola-do-375-t\\\/#breadcrumb\",\"itemListElement\":[{\"@type\":\"ListItem\",\"position\":1,\"name\":\"Strona g\u0142\u00f3wna\",\"item\":\"https:\\\/\\\/ugwp.cfolks.pl\\\/bwb\\\/\"},{\"@type\":\"ListItem\",\"position\":2,\"name\":\"Wodoszczelne Przej\u015bcia Instalacyjne\",\"item\":\"https:\\\/\\\/ugwp.cfolks.pl\\\/bwb\\\/kategoria\\\/wodoszczelne-przejscia-instalacyjne\\\/\"},{\"@type\":\"ListItem\",\"position\":3,\"name\":\"Zbiorcze studzienki odwadniaj\u0105ce\",\"item\":\"https:\\\/\\\/ugwp.cfolks.pl\\\/bwb\\\/kategoria\\\/wodoszczelne-przejscia-instalacyjne\\\/zbiorcze-studzienki-odwadniajace\\\/\"},{\"@type\":\"ListItem\",\"position\":4,\"name\":\"Pokrywa do studzienki odwadniaj\u0105cej KRASO\u00ae &#8211; dla pojazd\u00f3w o masie do 15 t, nacisk ko\u0142a do 3,75 t\"}]},{\"@type\":\"WebSite\",\"@id\":\"https:\\\/\\\/ugwp.cfolks.pl\\\/bwb\\\/#website\",\"url\":\"https:\\\/\\\/ugwp.cfolks.pl\\\/bwb\\\/\",\"name\":\"BWB technology\",\"description\":\"Kolejna witryna oparta na WordPressie\",\"potentialAction\":[{\"@type\":\"SearchAction\",\"target\":{\"@type\":\"EntryPoint\",\"urlTemplate\":\"https:\\\/\\\/ugwp.cfolks.pl\\\/bwb\\\/?s={search_term_string}\"},\"query-input\":{\"@type\":\"PropertyValueSpecification\",\"valueRequired\":true,\"valueName\":\"search_term_string\"}}],\"inLanguage\":\"pl-PL\"}]}<\/script>\n<!-- \/ Yoast SEO plugin. -->","yoast_head_json":{"title":"Pokrywa do Studzienki Odwadniaj\u0105cej KRASO\u00ae Wysoka Jako\u015b\u0107","description":"Pokrywa do studzienki odwadniaj\u0105cej KRASO\u00ae- dla pojazd\u00f3w do 15t, nacisk ko\u0142a 3,75 t - wykonana z blachy ocynkowanej, kt\u00f3ra zapewnia trwa\u0142o\u015b\u0107 i odporno\u015b\u0107.","robots":{"index":"noindex","follow":"follow","max-snippet":"max-snippet:-1","max-image-preview":"max-image-preview:large","max-video-preview":"max-video-preview:-1"},"og_locale":"pl_PL","og_type":"article","og_title":"Pokrywa do Studzienki Odwadniaj\u0105cej KRASO\u00ae Wysoka Jako\u015b\u0107","og_description":"Pokrywa do studzienki odwadniaj\u0105cej KRASO\u00ae- dla pojazd\u00f3w do 15t, nacisk ko\u0142a 3,75 t - wykonana z blachy ocynkowanej, kt\u00f3ra zapewnia trwa\u0142o\u015b\u0107 i odporno\u015b\u0107.","og_url":"https:\/\/ugwp.cfolks.pl\/bwb\/produkt\/pokrywa-do-studzienki-odwadniajacej-kraso-dla-pojazdow-o-masie-do-15-t-nacisk-kola-do-375-t\/","og_site_name":"BWB technology","article_modified_time":"2023-09-28T19:33:07+00:00","og_image":[{"width":1100,"height":810,"url":"https:\/\/ugwp.cfolks.pl\/bwb\/wp-content\/uploads\/Pokrywa-do-studzienki-odwadniajacej-KRASO\u00ae-dla-pojazdow-o-masie-do-15-t-nacisk-kola-do-375-t.jpg","type":"image\/jpeg"}],"twitter_card":"summary_large_image","schema":{"@context":"https:\/\/schema.org","@graph":[{"@type":"WebPage","@id":"https:\/\/ugwp.cfolks.pl\/bwb\/produkt\/pokrywa-do-studzienki-odwadniajacej-kraso-dla-pojazdow-o-masie-do-15-t-nacisk-kola-do-375-t\/","url":"https:\/\/ugwp.cfolks.pl\/bwb\/produkt\/pokrywa-do-studzienki-odwadniajacej-kraso-dla-pojazdow-o-masie-do-15-t-nacisk-kola-do-375-t\/","name":"Pokrywa do Studzienki Odwadniaj\u0105cej KRASO\u00ae Wysoka Jako\u015b\u0107","isPartOf":{"@id":"https:\/\/ugwp.cfolks.pl\/bwb\/#website"},"primaryImageOfPage":{"@id":"https:\/\/ugwp.cfolks.pl\/bwb\/produkt\/pokrywa-do-studzienki-odwadniajacej-kraso-dla-pojazdow-o-masie-do-15-t-nacisk-kola-do-375-t\/#primaryimage"},"image":{"@id":"https:\/\/ugwp.cfolks.pl\/bwb\/produkt\/pokrywa-do-studzienki-odwadniajacej-kraso-dla-pojazdow-o-masie-do-15-t-nacisk-kola-do-375-t\/#primaryimage"},"thumbnailUrl":"https:\/\/ugwp.cfolks.pl\/bwb\/wp-content\/uploads\/Pokrywa-do-studzienki-odwadniajacej-KRASO\u00ae-dla-pojazdow-o-masie-do-15-t-nacisk-kola-do-375-t.jpg","datePublished":"2023-02-05T13:46:46+00:00","dateModified":"2023-09-28T19:33:07+00:00","description":"Pokrywa do studzienki odwadniaj\u0105cej KRASO\u00ae- dla pojazd\u00f3w do 15t, nacisk ko\u0142a 3,75 t - wykonana z blachy ocynkowanej, kt\u00f3ra zapewnia trwa\u0142o\u015b\u0107 i odporno\u015b\u0107.","breadcrumb":{"@id":"https:\/\/ugwp.cfolks.pl\/bwb\/produkt\/pokrywa-do-studzienki-odwadniajacej-kraso-dla-pojazdow-o-masie-do-15-t-nacisk-kola-do-375-t\/#breadcrumb"},"inLanguage":"pl-PL","potentialAction":[{"@type":"ReadAction","target":["https:\/\/ugwp.cfolks.pl\/bwb\/produkt\/pokrywa-do-studzienki-odwadniajacej-kraso-dla-pojazdow-o-masie-do-15-t-nacisk-kola-do-375-t\/"]}]},{"@type":"ImageObject","inLanguage":"pl-PL","@id":"https:\/\/ugwp.cfolks.pl\/bwb\/produkt\/pokrywa-do-studzienki-odwadniajacej-kraso-dla-pojazdow-o-masie-do-15-t-nacisk-kola-do-375-t\/#primaryimage","url":"https:\/\/ugwp.cfolks.pl\/bwb\/wp-content\/uploads\/Pokrywa-do-studzienki-odwadniajacej-KRASO\u00ae-dla-pojazdow-o-masie-do-15-t-nacisk-kola-do-375-t.jpg","contentUrl":"https:\/\/ugwp.cfolks.pl\/bwb\/wp-content\/uploads\/Pokrywa-do-studzienki-odwadniajacej-KRASO\u00ae-dla-pojazdow-o-masie-do-15-t-nacisk-kola-do-375-t.jpg","width":1100,"height":810,"caption":"Pokrywa do studzienki odwadniaj\u0105cej KRASO\u00ae - dla pojazd\u00f3w o masie do 15 t, nacisk ko\u0142a do 3,75 t"},{"@type":"BreadcrumbList","@id":"https:\/\/ugwp.cfolks.pl\/bwb\/produkt\/pokrywa-do-studzienki-odwadniajacej-kraso-dla-pojazdow-o-masie-do-15-t-nacisk-kola-do-375-t\/#breadcrumb","itemListElement":[{"@type":"ListItem","position":1,"name":"Strona g\u0142\u00f3wna","item":"https:\/\/ugwp.cfolks.pl\/bwb\/"},{"@type":"ListItem","position":2,"name":"Wodoszczelne Przej\u015bcia Instalacyjne","item":"https:\/\/ugwp.cfolks.pl\/bwb\/kategoria\/wodoszczelne-przejscia-instalacyjne\/"},{"@type":"ListItem","position":3,"name":"Zbiorcze studzienki odwadniaj\u0105ce","item":"https:\/\/ugwp.cfolks.pl\/bwb\/kategoria\/wodoszczelne-przejscia-instalacyjne\/zbiorcze-studzienki-odwadniajace\/"},{"@type":"ListItem","position":4,"name":"Pokrywa do studzienki odwadniaj\u0105cej KRASO\u00ae &#8211; dla pojazd\u00f3w o masie do 15 t, nacisk ko\u0142a do 3,75 t"}]},{"@type":"WebSite","@id":"https:\/\/ugwp.cfolks.pl\/bwb\/#website","url":"https:\/\/ugwp.cfolks.pl\/bwb\/","name":"BWB technology","description":"Kolejna witryna oparta na WordPressie","potentialAction":[{"@type":"SearchAction","target":{"@type":"EntryPoint","urlTemplate":"https:\/\/ugwp.cfolks.pl\/bwb\/?s={search_term_string}"},"query-input":{"@type":"PropertyValueSpecification","valueRequired":true,"valueName":"search_term_string"}}],"inLanguage":"pl-PL"}]}},"_links":{"self":[{"href":"https:\/\/ugwp.cfolks.pl\/bwb\/wp-json\/wp\/v2\/product\/3038","targetHints":{"allow":["GET"]}}],"collection":[{"href":"https:\/\/ugwp.cfolks.pl\/bwb\/wp-json\/wp\/v2\/product"}],"about":[{"href":"https:\/\/ugwp.cfolks.pl\/bwb\/wp-json\/wp\/v2\/types\/product"}],"wp:featuredmedia":[{"embeddable":true,"href":"https:\/\/ugwp.cfolks.pl\/bwb\/wp-json\/wp\/v2\/media\/3080"}],"wp:attachment":[{"href":"https:\/\/ugwp.cfolks.pl\/bwb\/wp-json\/wp\/v2\/media?parent=3038"}],"wp:term":[{"taxonomy":"product_cat","embeddable":true,"href":"https:\/\/ugwp.cfolks.pl\/bwb\/wp-json\/wp\/v2\/product_cat?post=3038"},{"taxonomy":"product_tag","embeddable":true,"href":"https:\/\/ugwp.cfolks.pl\/bwb\/wp-json\/wp\/v2\/product_tag?post=3038"}],"curies":[{"name":"wp","href":"https:\/\/api.w.org\/{rel}","templated":true}]}}