{"id":3030,"date":"2023-02-05T14:45:41","date_gmt":"2023-02-05T13:45:41","guid":{"rendered":"https:\/\/ugwp.cfolks.pl\/bwb\/?post_type=product&#038;p=3030"},"modified":"2023-09-28T17:21:56","modified_gmt":"2023-09-28T15:21:56","slug":"studzienka-rewizyjna-kraso-betonowa","status":"publish","type":"product","link":"https:\/\/ugwp.cfolks.pl\/bwb\/produkt\/studzienka-rewizyjna-kraso-betonowa\/","title":{"rendered":"Studzienka rewizyjna KRASO\u00ae &#8211; betonowa"},"content":{"rendered":"","protected":false},"excerpt":{"rendered":"<p>Studzienka rewizyjna KRASO<sup>\u00ae<\/sup> &#8211; betonowa to gotowy element betonowy nie wymagaj\u0105cy wykonywania szalunku na miejscu budowy i tym samym pozwala zaoszcz\u0119dzi\u0107 czas i pieni\u0105dze. Przeznaczona jest do gromadzenia \u015bciek\u00f3w. Wykonana z betonu wodoszczelnego o \u015bcianach zbrojonych grubo\u015bci 12 cm, zbrojenie \u0142\u0105cz\u0105ce 8\/15 z wodoszczeln\u0105 na ca\u0142ym obwodzie, atestowan\u0105 przez MPA ta\u015bm\u0105 do przerw roboczych KRASO<sup>\u00ae<\/sup> Duo-Fix 150 \u201eplus\u201c. Zbiorcza studzienka odwadniaj\u0105ca KRASO<sup>\u00ae<\/sup> &#8211; betonowa jest \u0142atwa i szybka w monta\u017cu na placu budowy przy u\u017cyciu d\u017awigu dzi\u0119ki wst\u0119pnie zamontowanym uchwytom transportowym.<\/p>\n<p>Dwa przeciwleg\u0142e przy\u0142\u0105cza rurowe KRASO<sup>\u00ae<\/sup> DN 160 umieszczone w odleg\u0142o\u015bci ok. 20 cm od dolnej kraw\u0119d\u017a studzienki pozwalaj\u0105 na przy\u0142\u0105czenie rur KG, HT i rury KG 2000. Studzienka rewizyjna KRASO<sup>\u00ae<\/sup> &#8211; betonowa wyst\u0119puj\u0119 w wersji: bez otworu do czyszczenia, z otworem do czyszczenia kompletnie zamontowanym DN160 do \u015bciek\u00f3w niezawieraj\u0105cych fekali\u00f3w, z otworem do czyszczenia kompletnie zmontowany DN 160 z pojedynczym odp\u0142ywem bez zamkni\u0119cia awaryjnego do \u015bciek\u00f3w bez fekali\u00f3w, zgodnie z DIN 13564 typ 0, z otworem do czyszczenia kompletnie zamontowanym DN160 wraz z podw\u00f3jnym zabezpieczeniem przed cofaniem z zamkni\u0119ciem awaryjnym, do \u015bciek\u00f3w niezawieraj\u0105cych fekali\u00f3w, zgodnie z DIN 13564 typ 2.<\/p>\n","protected":false},"featured_media":3054,"template":"","meta":{"_acf_changed":false},"product_cat":[141],"product_tag":[],"class_list":{"0":"post-3030","1":"product","2":"type-product","3":"status-publish","4":"has-post-thumbnail","6":"product_cat-zbiorcze-studzienki-odwadniajace","8":"first","9":"instock","10":"shipping-taxable","11":"product-type-simple"},"acf":[],"yoast_head":"<!-- This site is optimized with the Yoast SEO plugin v27.3 - https:\/\/yoast.com\/product\/yoast-seo-wordpress\/ -->\n<title>Studzienka Rewizyjna KRASO\u00ae - Betonowa \u0141atwa w Monta\u017cu<\/title>\n<meta name=\"description\" content=\"Studzienka rewizyjna KRASO\u00ae - betonowa to praktyczne rozwi\u0105zanie do gromadzenia \u015bciek\u00f3w, kt\u00f3re \u0142\u0105czy wytrzyma\u0142\u0105 konstrukcj\u0119 betonow\u0105 z \u0142atwo\u015bci\u0105 monta\u017cu.\" \/>\n<meta name=\"robots\" content=\"noindex, follow, max-snippet:-1, max-image-preview:large, max-video-preview:-1\" \/>\n<meta property=\"og:locale\" content=\"pl_PL\" \/>\n<meta property=\"og:type\" content=\"article\" \/>\n<meta property=\"og:title\" content=\"Studzienka Rewizyjna KRASO\u00ae - Betonowa \u0141atwa w Monta\u017cu\" \/>\n<meta property=\"og:description\" content=\"Studzienka rewizyjna KRASO\u00ae - betonowa to praktyczne rozwi\u0105zanie do gromadzenia \u015bciek\u00f3w, kt\u00f3re \u0142\u0105czy wytrzyma\u0142\u0105 konstrukcj\u0119 betonow\u0105 z \u0142atwo\u015bci\u0105 monta\u017cu.\" \/>\n<meta property=\"og:url\" content=\"https:\/\/ugwp.cfolks.pl\/bwb\/produkt\/studzienka-rewizyjna-kraso-betonowa\/\" \/>\n<meta property=\"og:site_name\" content=\"BWB technology\" \/>\n<meta property=\"article:modified_time\" content=\"2023-09-28T15:21:56+00:00\" \/>\n<meta property=\"og:image\" content=\"https:\/\/ugwp.cfolks.pl\/bwb\/wp-content\/uploads\/Studzienka-rewizyjna-KRASO\u00ae-betonowa.jpg\" \/>\n\t<meta property=\"og:image:width\" content=\"1100\" \/>\n\t<meta property=\"og:image:height\" content=\"810\" \/>\n\t<meta property=\"og:image:type\" content=\"image\/jpeg\" \/>\n<meta name=\"twitter:card\" content=\"summary_large_image\" \/>\n<script type=\"application\/ld+json\" class=\"yoast-schema-graph\">{\"@context\":\"https:\\\/\\\/schema.org\",\"@graph\":[{\"@type\":\"WebPage\",\"@id\":\"https:\\\/\\\/ugwp.cfolks.pl\\\/bwb\\\/produkt\\\/studzienka-rewizyjna-kraso-betonowa\\\/\",\"url\":\"https:\\\/\\\/ugwp.cfolks.pl\\\/bwb\\\/produkt\\\/studzienka-rewizyjna-kraso-betonowa\\\/\",\"name\":\"Studzienka Rewizyjna KRASO\u00ae - Betonowa \u0141atwa w Monta\u017cu\",\"isPartOf\":{\"@id\":\"https:\\\/\\\/ugwp.cfolks.pl\\\/bwb\\\/#website\"},\"primaryImageOfPage\":{\"@id\":\"https:\\\/\\\/ugwp.cfolks.pl\\\/bwb\\\/produkt\\\/studzienka-rewizyjna-kraso-betonowa\\\/#primaryimage\"},\"image\":{\"@id\":\"https:\\\/\\\/ugwp.cfolks.pl\\\/bwb\\\/produkt\\\/studzienka-rewizyjna-kraso-betonowa\\\/#primaryimage\"},\"thumbnailUrl\":\"https:\\\/\\\/ugwp.cfolks.pl\\\/bwb\\\/wp-content\\\/uploads\\\/Studzienka-rewizyjna-KRASO\u00ae-betonowa.jpg\",\"datePublished\":\"2023-02-05T13:45:41+00:00\",\"dateModified\":\"2023-09-28T15:21:56+00:00\",\"description\":\"Studzienka rewizyjna KRASO\u00ae - betonowa to praktyczne rozwi\u0105zanie do gromadzenia \u015bciek\u00f3w, kt\u00f3re \u0142\u0105czy wytrzyma\u0142\u0105 konstrukcj\u0119 betonow\u0105 z \u0142atwo\u015bci\u0105 monta\u017cu.\",\"breadcrumb\":{\"@id\":\"https:\\\/\\\/ugwp.cfolks.pl\\\/bwb\\\/produkt\\\/studzienka-rewizyjna-kraso-betonowa\\\/#breadcrumb\"},\"inLanguage\":\"pl-PL\",\"potentialAction\":[{\"@type\":\"ReadAction\",\"target\":[\"https:\\\/\\\/ugwp.cfolks.pl\\\/bwb\\\/produkt\\\/studzienka-rewizyjna-kraso-betonowa\\\/\"]}]},{\"@type\":\"ImageObject\",\"inLanguage\":\"pl-PL\",\"@id\":\"https:\\\/\\\/ugwp.cfolks.pl\\\/bwb\\\/produkt\\\/studzienka-rewizyjna-kraso-betonowa\\\/#primaryimage\",\"url\":\"https:\\\/\\\/ugwp.cfolks.pl\\\/bwb\\\/wp-content\\\/uploads\\\/Studzienka-rewizyjna-KRASO\u00ae-betonowa.jpg\",\"contentUrl\":\"https:\\\/\\\/ugwp.cfolks.pl\\\/bwb\\\/wp-content\\\/uploads\\\/Studzienka-rewizyjna-KRASO\u00ae-betonowa.jpg\",\"width\":1100,\"height\":810,\"caption\":\"Studzienka rewizyjna KRASO\u00ae - betonowa\"},{\"@type\":\"BreadcrumbList\",\"@id\":\"https:\\\/\\\/ugwp.cfolks.pl\\\/bwb\\\/produkt\\\/studzienka-rewizyjna-kraso-betonowa\\\/#breadcrumb\",\"itemListElement\":[{\"@type\":\"ListItem\",\"position\":1,\"name\":\"Strona g\u0142\u00f3wna\",\"item\":\"https:\\\/\\\/ugwp.cfolks.pl\\\/bwb\\\/\"},{\"@type\":\"ListItem\",\"position\":2,\"name\":\"Wodoszczelne Przej\u015bcia Instalacyjne\",\"item\":\"https:\\\/\\\/ugwp.cfolks.pl\\\/bwb\\\/kategoria\\\/wodoszczelne-przejscia-instalacyjne\\\/\"},{\"@type\":\"ListItem\",\"position\":3,\"name\":\"Zbiorcze studzienki odwadniaj\u0105ce\",\"item\":\"https:\\\/\\\/ugwp.cfolks.pl\\\/bwb\\\/kategoria\\\/wodoszczelne-przejscia-instalacyjne\\\/zbiorcze-studzienki-odwadniajace\\\/\"},{\"@type\":\"ListItem\",\"position\":4,\"name\":\"Studzienka rewizyjna KRASO\u00ae &#8211; betonowa\"}]},{\"@type\":\"WebSite\",\"@id\":\"https:\\\/\\\/ugwp.cfolks.pl\\\/bwb\\\/#website\",\"url\":\"https:\\\/\\\/ugwp.cfolks.pl\\\/bwb\\\/\",\"name\":\"BWB technology\",\"description\":\"Kolejna witryna oparta na WordPressie\",\"potentialAction\":[{\"@type\":\"SearchAction\",\"target\":{\"@type\":\"EntryPoint\",\"urlTemplate\":\"https:\\\/\\\/ugwp.cfolks.pl\\\/bwb\\\/?s={search_term_string}\"},\"query-input\":{\"@type\":\"PropertyValueSpecification\",\"valueRequired\":true,\"valueName\":\"search_term_string\"}}],\"inLanguage\":\"pl-PL\"}]}<\/script>\n<!-- \/ Yoast SEO plugin. -->","yoast_head_json":{"title":"Studzienka Rewizyjna KRASO\u00ae - Betonowa \u0141atwa w Monta\u017cu","description":"Studzienka rewizyjna KRASO\u00ae - betonowa to praktyczne rozwi\u0105zanie do gromadzenia \u015bciek\u00f3w, kt\u00f3re \u0142\u0105czy wytrzyma\u0142\u0105 konstrukcj\u0119 betonow\u0105 z \u0142atwo\u015bci\u0105 monta\u017cu.","robots":{"index":"noindex","follow":"follow","max-snippet":"max-snippet:-1","max-image-preview":"max-image-preview:large","max-video-preview":"max-video-preview:-1"},"og_locale":"pl_PL","og_type":"article","og_title":"Studzienka Rewizyjna KRASO\u00ae - Betonowa \u0141atwa w Monta\u017cu","og_description":"Studzienka rewizyjna KRASO\u00ae - betonowa to praktyczne rozwi\u0105zanie do gromadzenia \u015bciek\u00f3w, kt\u00f3re \u0142\u0105czy wytrzyma\u0142\u0105 konstrukcj\u0119 betonow\u0105 z \u0142atwo\u015bci\u0105 monta\u017cu.","og_url":"https:\/\/ugwp.cfolks.pl\/bwb\/produkt\/studzienka-rewizyjna-kraso-betonowa\/","og_site_name":"BWB technology","article_modified_time":"2023-09-28T15:21:56+00:00","og_image":[{"width":1100,"height":810,"url":"https:\/\/ugwp.cfolks.pl\/bwb\/wp-content\/uploads\/Studzienka-rewizyjna-KRASO\u00ae-betonowa.jpg","type":"image\/jpeg"}],"twitter_card":"summary_large_image","schema":{"@context":"https:\/\/schema.org","@graph":[{"@type":"WebPage","@id":"https:\/\/ugwp.cfolks.pl\/bwb\/produkt\/studzienka-rewizyjna-kraso-betonowa\/","url":"https:\/\/ugwp.cfolks.pl\/bwb\/produkt\/studzienka-rewizyjna-kraso-betonowa\/","name":"Studzienka Rewizyjna KRASO\u00ae - Betonowa \u0141atwa w Monta\u017cu","isPartOf":{"@id":"https:\/\/ugwp.cfolks.pl\/bwb\/#website"},"primaryImageOfPage":{"@id":"https:\/\/ugwp.cfolks.pl\/bwb\/produkt\/studzienka-rewizyjna-kraso-betonowa\/#primaryimage"},"image":{"@id":"https:\/\/ugwp.cfolks.pl\/bwb\/produkt\/studzienka-rewizyjna-kraso-betonowa\/#primaryimage"},"thumbnailUrl":"https:\/\/ugwp.cfolks.pl\/bwb\/wp-content\/uploads\/Studzienka-rewizyjna-KRASO\u00ae-betonowa.jpg","datePublished":"2023-02-05T13:45:41+00:00","dateModified":"2023-09-28T15:21:56+00:00","description":"Studzienka rewizyjna KRASO\u00ae - betonowa to praktyczne rozwi\u0105zanie do gromadzenia \u015bciek\u00f3w, kt\u00f3re \u0142\u0105czy wytrzyma\u0142\u0105 konstrukcj\u0119 betonow\u0105 z \u0142atwo\u015bci\u0105 monta\u017cu.","breadcrumb":{"@id":"https:\/\/ugwp.cfolks.pl\/bwb\/produkt\/studzienka-rewizyjna-kraso-betonowa\/#breadcrumb"},"inLanguage":"pl-PL","potentialAction":[{"@type":"ReadAction","target":["https:\/\/ugwp.cfolks.pl\/bwb\/produkt\/studzienka-rewizyjna-kraso-betonowa\/"]}]},{"@type":"ImageObject","inLanguage":"pl-PL","@id":"https:\/\/ugwp.cfolks.pl\/bwb\/produkt\/studzienka-rewizyjna-kraso-betonowa\/#primaryimage","url":"https:\/\/ugwp.cfolks.pl\/bwb\/wp-content\/uploads\/Studzienka-rewizyjna-KRASO\u00ae-betonowa.jpg","contentUrl":"https:\/\/ugwp.cfolks.pl\/bwb\/wp-content\/uploads\/Studzienka-rewizyjna-KRASO\u00ae-betonowa.jpg","width":1100,"height":810,"caption":"Studzienka rewizyjna KRASO\u00ae - betonowa"},{"@type":"BreadcrumbList","@id":"https:\/\/ugwp.cfolks.pl\/bwb\/produkt\/studzienka-rewizyjna-kraso-betonowa\/#breadcrumb","itemListElement":[{"@type":"ListItem","position":1,"name":"Strona g\u0142\u00f3wna","item":"https:\/\/ugwp.cfolks.pl\/bwb\/"},{"@type":"ListItem","position":2,"name":"Wodoszczelne Przej\u015bcia Instalacyjne","item":"https:\/\/ugwp.cfolks.pl\/bwb\/kategoria\/wodoszczelne-przejscia-instalacyjne\/"},{"@type":"ListItem","position":3,"name":"Zbiorcze studzienki odwadniaj\u0105ce","item":"https:\/\/ugwp.cfolks.pl\/bwb\/kategoria\/wodoszczelne-przejscia-instalacyjne\/zbiorcze-studzienki-odwadniajace\/"},{"@type":"ListItem","position":4,"name":"Studzienka rewizyjna KRASO\u00ae &#8211; betonowa"}]},{"@type":"WebSite","@id":"https:\/\/ugwp.cfolks.pl\/bwb\/#website","url":"https:\/\/ugwp.cfolks.pl\/bwb\/","name":"BWB technology","description":"Kolejna witryna oparta na WordPressie","potentialAction":[{"@type":"SearchAction","target":{"@type":"EntryPoint","urlTemplate":"https:\/\/ugwp.cfolks.pl\/bwb\/?s={search_term_string}"},"query-input":{"@type":"PropertyValueSpecification","valueRequired":true,"valueName":"search_term_string"}}],"inLanguage":"pl-PL"}]}},"_links":{"self":[{"href":"https:\/\/ugwp.cfolks.pl\/bwb\/wp-json\/wp\/v2\/product\/3030","targetHints":{"allow":["GET"]}}],"collection":[{"href":"https:\/\/ugwp.cfolks.pl\/bwb\/wp-json\/wp\/v2\/product"}],"about":[{"href":"https:\/\/ugwp.cfolks.pl\/bwb\/wp-json\/wp\/v2\/types\/product"}],"wp:featuredmedia":[{"embeddable":true,"href":"https:\/\/ugwp.cfolks.pl\/bwb\/wp-json\/wp\/v2\/media\/3054"}],"wp:attachment":[{"href":"https:\/\/ugwp.cfolks.pl\/bwb\/wp-json\/wp\/v2\/media?parent=3030"}],"wp:term":[{"taxonomy":"product_cat","embeddable":true,"href":"https:\/\/ugwp.cfolks.pl\/bwb\/wp-json\/wp\/v2\/product_cat?post=3030"},{"taxonomy":"product_tag","embeddable":true,"href":"https:\/\/ugwp.cfolks.pl\/bwb\/wp-json\/wp\/v2\/product_tag?post=3030"}],"curies":[{"name":"wp","href":"https:\/\/api.w.org\/{rel}","templated":true}]}}