{"id":3029,"date":"2023-02-05T14:45:33","date_gmt":"2023-02-05T13:45:33","guid":{"rendered":"https:\/\/ugwp.cfolks.pl\/bwb\/?post_type=product&#038;p=3029"},"modified":"2023-09-28T17:17:05","modified_gmt":"2023-09-28T15:17:05","slug":"zbiorcza-studzienka-odwadniajaca-kraso-typ-q-kwadratowa","status":"publish","type":"product","link":"https:\/\/ugwp.cfolks.pl\/bwb\/produkt\/zbiorcza-studzienka-odwadniajaca-kraso-typ-q-kwadratowa\/","title":{"rendered":"Zbiorcza studzienka odwadniaj\u0105ca KRASO\u00ae typ Q &#8211; kwadratowa"},"content":{"rendered":"","protected":false},"excerpt":{"rendered":"<p>Zbiorcza studzienka odwadniaj\u0105ca KRASO<sup>\u00ae<\/sup> typ Q \u2013 kwadratowa to lekka i tania w transporcie gotowa konstrukcja, pozwalaj\u0105ca zaoszcz\u0119dzi\u0107 czas i pieni\u0105dze. Wykonana z lekkiego, odpornego na uderzenia, prawie niezniszczalnego tworzywa sztucznego odpornego na wiele kwas\u00f3w i zasad. Obwodowa, zgrzewana termicznie uszczelka cztero\u017cebrowej KRASO<sup>\u00ae<\/sup> wraz z kotw\u0105 do betonu gwarantuje wodoszczelne po\u0142\u0105czenie do 3,0 bar\u00f3w z p\u0142yt\u0105 fundamentow\u0105, a \u017cebra wzmacniaj\u0105ce dodatkowo usztywniaj\u0105 studzienk\u0119 odwadniaj\u0105c\u0105. Dzi\u0119ki zbiorczej studzience odwadniaj\u0105cej KRASO<sup>\u00ae<\/sup> typ Q \u2013 kwadratowej unikamy konieczno\u015bci wykonywania pracoch\u0142onnych prac zwi\u0105zanych z szalowaniem i betonowaniem. To r\u00f3wnie\u017c brak ryzyka przeciekania po\u0142\u0105cze\u0144 betonowych i \/ lub po\u0142\u0105cze\u0144 rurowych. Niestandardowe rozmiary mog\u0105 by\u0107 dostarczone w ci\u0105gu kilku dni roboczych.<\/p>\n","protected":false},"featured_media":3052,"template":"","meta":{"_acf_changed":false},"product_cat":[141],"product_tag":[],"class_list":{"0":"post-3029","1":"product","2":"type-product","3":"status-publish","4":"has-post-thumbnail","6":"product_cat-zbiorcze-studzienki-odwadniajace","8":"first","9":"instock","10":"shipping-taxable","11":"product-type-simple"},"acf":[],"yoast_head":"<!-- This site is optimized with the Yoast SEO plugin v27.3 - https:\/\/yoast.com\/product\/yoast-seo-wordpress\/ -->\n<title>Zbiorcza Studzienka Odwadniaj\u0105ca KRASO\u00ae typ Q - Kwadratowa<\/title>\n<meta name=\"description\" content=\"Zbiorcza studzienka odwadniaj\u0105ca KRASO\u00ae typ Q - kwadratowa to innowacyjne rozwi\u0105zanie, kt\u00f3re nadaje si\u0119 do wielu zastosowa\u0144. Lekka konstrukcja.\" \/>\n<meta name=\"robots\" content=\"noindex, follow, max-snippet:-1, max-image-preview:large, max-video-preview:-1\" \/>\n<meta property=\"og:locale\" content=\"pl_PL\" \/>\n<meta property=\"og:type\" content=\"article\" \/>\n<meta property=\"og:title\" content=\"Zbiorcza Studzienka Odwadniaj\u0105ca KRASO\u00ae typ Q - Kwadratowa\" \/>\n<meta property=\"og:description\" content=\"Zbiorcza studzienka odwadniaj\u0105ca KRASO\u00ae typ Q - kwadratowa to innowacyjne rozwi\u0105zanie, kt\u00f3re nadaje si\u0119 do wielu zastosowa\u0144. Lekka konstrukcja.\" \/>\n<meta property=\"og:url\" content=\"https:\/\/ugwp.cfolks.pl\/bwb\/produkt\/zbiorcza-studzienka-odwadniajaca-kraso-typ-q-kwadratowa\/\" \/>\n<meta property=\"og:site_name\" content=\"BWB technology\" \/>\n<meta property=\"article:modified_time\" content=\"2023-09-28T15:17:05+00:00\" \/>\n<meta property=\"og:image\" content=\"https:\/\/ugwp.cfolks.pl\/bwb\/wp-content\/uploads\/Zbiorcza-studzienka-odwadniajaca-KRASO\u00ae-typ-Q-kwadratowa.jpg\" \/>\n\t<meta property=\"og:image:width\" content=\"1100\" \/>\n\t<meta property=\"og:image:height\" content=\"810\" \/>\n\t<meta property=\"og:image:type\" content=\"image\/jpeg\" \/>\n<meta name=\"twitter:card\" content=\"summary_large_image\" \/>\n<script type=\"application\/ld+json\" class=\"yoast-schema-graph\">{\"@context\":\"https:\\\/\\\/schema.org\",\"@graph\":[{\"@type\":\"WebPage\",\"@id\":\"https:\\\/\\\/ugwp.cfolks.pl\\\/bwb\\\/produkt\\\/zbiorcza-studzienka-odwadniajaca-kraso-typ-q-kwadratowa\\\/\",\"url\":\"https:\\\/\\\/ugwp.cfolks.pl\\\/bwb\\\/produkt\\\/zbiorcza-studzienka-odwadniajaca-kraso-typ-q-kwadratowa\\\/\",\"name\":\"Zbiorcza Studzienka Odwadniaj\u0105ca KRASO\u00ae typ Q - Kwadratowa\",\"isPartOf\":{\"@id\":\"https:\\\/\\\/ugwp.cfolks.pl\\\/bwb\\\/#website\"},\"primaryImageOfPage\":{\"@id\":\"https:\\\/\\\/ugwp.cfolks.pl\\\/bwb\\\/produkt\\\/zbiorcza-studzienka-odwadniajaca-kraso-typ-q-kwadratowa\\\/#primaryimage\"},\"image\":{\"@id\":\"https:\\\/\\\/ugwp.cfolks.pl\\\/bwb\\\/produkt\\\/zbiorcza-studzienka-odwadniajaca-kraso-typ-q-kwadratowa\\\/#primaryimage\"},\"thumbnailUrl\":\"https:\\\/\\\/ugwp.cfolks.pl\\\/bwb\\\/wp-content\\\/uploads\\\/Zbiorcza-studzienka-odwadniajaca-KRASO\u00ae-typ-Q-kwadratowa.jpg\",\"datePublished\":\"2023-02-05T13:45:33+00:00\",\"dateModified\":\"2023-09-28T15:17:05+00:00\",\"description\":\"Zbiorcza studzienka odwadniaj\u0105ca KRASO\u00ae typ Q - kwadratowa to innowacyjne rozwi\u0105zanie, kt\u00f3re nadaje si\u0119 do wielu zastosowa\u0144. Lekka konstrukcja.\",\"breadcrumb\":{\"@id\":\"https:\\\/\\\/ugwp.cfolks.pl\\\/bwb\\\/produkt\\\/zbiorcza-studzienka-odwadniajaca-kraso-typ-q-kwadratowa\\\/#breadcrumb\"},\"inLanguage\":\"pl-PL\",\"potentialAction\":[{\"@type\":\"ReadAction\",\"target\":[\"https:\\\/\\\/ugwp.cfolks.pl\\\/bwb\\\/produkt\\\/zbiorcza-studzienka-odwadniajaca-kraso-typ-q-kwadratowa\\\/\"]}]},{\"@type\":\"ImageObject\",\"inLanguage\":\"pl-PL\",\"@id\":\"https:\\\/\\\/ugwp.cfolks.pl\\\/bwb\\\/produkt\\\/zbiorcza-studzienka-odwadniajaca-kraso-typ-q-kwadratowa\\\/#primaryimage\",\"url\":\"https:\\\/\\\/ugwp.cfolks.pl\\\/bwb\\\/wp-content\\\/uploads\\\/Zbiorcza-studzienka-odwadniajaca-KRASO\u00ae-typ-Q-kwadratowa.jpg\",\"contentUrl\":\"https:\\\/\\\/ugwp.cfolks.pl\\\/bwb\\\/wp-content\\\/uploads\\\/Zbiorcza-studzienka-odwadniajaca-KRASO\u00ae-typ-Q-kwadratowa.jpg\",\"width\":1100,\"height\":810,\"caption\":\"Zbiorcza studzienka odwadniaj\u0105ca KRASO\u00ae typ Q - kwadratowa\"},{\"@type\":\"BreadcrumbList\",\"@id\":\"https:\\\/\\\/ugwp.cfolks.pl\\\/bwb\\\/produkt\\\/zbiorcza-studzienka-odwadniajaca-kraso-typ-q-kwadratowa\\\/#breadcrumb\",\"itemListElement\":[{\"@type\":\"ListItem\",\"position\":1,\"name\":\"Strona g\u0142\u00f3wna\",\"item\":\"https:\\\/\\\/ugwp.cfolks.pl\\\/bwb\\\/\"},{\"@type\":\"ListItem\",\"position\":2,\"name\":\"Wodoszczelne Przej\u015bcia Instalacyjne\",\"item\":\"https:\\\/\\\/ugwp.cfolks.pl\\\/bwb\\\/kategoria\\\/wodoszczelne-przejscia-instalacyjne\\\/\"},{\"@type\":\"ListItem\",\"position\":3,\"name\":\"Zbiorcze studzienki odwadniaj\u0105ce\",\"item\":\"https:\\\/\\\/ugwp.cfolks.pl\\\/bwb\\\/kategoria\\\/wodoszczelne-przejscia-instalacyjne\\\/zbiorcze-studzienki-odwadniajace\\\/\"},{\"@type\":\"ListItem\",\"position\":4,\"name\":\"Zbiorcza studzienka odwadniaj\u0105ca KRASO\u00ae typ Q &#8211; kwadratowa\"}]},{\"@type\":\"WebSite\",\"@id\":\"https:\\\/\\\/ugwp.cfolks.pl\\\/bwb\\\/#website\",\"url\":\"https:\\\/\\\/ugwp.cfolks.pl\\\/bwb\\\/\",\"name\":\"BWB technology\",\"description\":\"Kolejna witryna oparta na WordPressie\",\"potentialAction\":[{\"@type\":\"SearchAction\",\"target\":{\"@type\":\"EntryPoint\",\"urlTemplate\":\"https:\\\/\\\/ugwp.cfolks.pl\\\/bwb\\\/?s={search_term_string}\"},\"query-input\":{\"@type\":\"PropertyValueSpecification\",\"valueRequired\":true,\"valueName\":\"search_term_string\"}}],\"inLanguage\":\"pl-PL\"}]}<\/script>\n<!-- \/ Yoast SEO plugin. -->","yoast_head_json":{"title":"Zbiorcza Studzienka Odwadniaj\u0105ca KRASO\u00ae typ Q - Kwadratowa","description":"Zbiorcza studzienka odwadniaj\u0105ca KRASO\u00ae typ Q - kwadratowa to innowacyjne rozwi\u0105zanie, kt\u00f3re nadaje si\u0119 do wielu zastosowa\u0144. Lekka konstrukcja.","robots":{"index":"noindex","follow":"follow","max-snippet":"max-snippet:-1","max-image-preview":"max-image-preview:large","max-video-preview":"max-video-preview:-1"},"og_locale":"pl_PL","og_type":"article","og_title":"Zbiorcza Studzienka Odwadniaj\u0105ca KRASO\u00ae typ Q - Kwadratowa","og_description":"Zbiorcza studzienka odwadniaj\u0105ca KRASO\u00ae typ Q - kwadratowa to innowacyjne rozwi\u0105zanie, kt\u00f3re nadaje si\u0119 do wielu zastosowa\u0144. Lekka konstrukcja.","og_url":"https:\/\/ugwp.cfolks.pl\/bwb\/produkt\/zbiorcza-studzienka-odwadniajaca-kraso-typ-q-kwadratowa\/","og_site_name":"BWB technology","article_modified_time":"2023-09-28T15:17:05+00:00","og_image":[{"width":1100,"height":810,"url":"https:\/\/ugwp.cfolks.pl\/bwb\/wp-content\/uploads\/Zbiorcza-studzienka-odwadniajaca-KRASO\u00ae-typ-Q-kwadratowa.jpg","type":"image\/jpeg"}],"twitter_card":"summary_large_image","schema":{"@context":"https:\/\/schema.org","@graph":[{"@type":"WebPage","@id":"https:\/\/ugwp.cfolks.pl\/bwb\/produkt\/zbiorcza-studzienka-odwadniajaca-kraso-typ-q-kwadratowa\/","url":"https:\/\/ugwp.cfolks.pl\/bwb\/produkt\/zbiorcza-studzienka-odwadniajaca-kraso-typ-q-kwadratowa\/","name":"Zbiorcza Studzienka Odwadniaj\u0105ca KRASO\u00ae typ Q - Kwadratowa","isPartOf":{"@id":"https:\/\/ugwp.cfolks.pl\/bwb\/#website"},"primaryImageOfPage":{"@id":"https:\/\/ugwp.cfolks.pl\/bwb\/produkt\/zbiorcza-studzienka-odwadniajaca-kraso-typ-q-kwadratowa\/#primaryimage"},"image":{"@id":"https:\/\/ugwp.cfolks.pl\/bwb\/produkt\/zbiorcza-studzienka-odwadniajaca-kraso-typ-q-kwadratowa\/#primaryimage"},"thumbnailUrl":"https:\/\/ugwp.cfolks.pl\/bwb\/wp-content\/uploads\/Zbiorcza-studzienka-odwadniajaca-KRASO\u00ae-typ-Q-kwadratowa.jpg","datePublished":"2023-02-05T13:45:33+00:00","dateModified":"2023-09-28T15:17:05+00:00","description":"Zbiorcza studzienka odwadniaj\u0105ca KRASO\u00ae typ Q - kwadratowa to innowacyjne rozwi\u0105zanie, kt\u00f3re nadaje si\u0119 do wielu zastosowa\u0144. Lekka konstrukcja.","breadcrumb":{"@id":"https:\/\/ugwp.cfolks.pl\/bwb\/produkt\/zbiorcza-studzienka-odwadniajaca-kraso-typ-q-kwadratowa\/#breadcrumb"},"inLanguage":"pl-PL","potentialAction":[{"@type":"ReadAction","target":["https:\/\/ugwp.cfolks.pl\/bwb\/produkt\/zbiorcza-studzienka-odwadniajaca-kraso-typ-q-kwadratowa\/"]}]},{"@type":"ImageObject","inLanguage":"pl-PL","@id":"https:\/\/ugwp.cfolks.pl\/bwb\/produkt\/zbiorcza-studzienka-odwadniajaca-kraso-typ-q-kwadratowa\/#primaryimage","url":"https:\/\/ugwp.cfolks.pl\/bwb\/wp-content\/uploads\/Zbiorcza-studzienka-odwadniajaca-KRASO\u00ae-typ-Q-kwadratowa.jpg","contentUrl":"https:\/\/ugwp.cfolks.pl\/bwb\/wp-content\/uploads\/Zbiorcza-studzienka-odwadniajaca-KRASO\u00ae-typ-Q-kwadratowa.jpg","width":1100,"height":810,"caption":"Zbiorcza studzienka odwadniaj\u0105ca KRASO\u00ae typ Q - kwadratowa"},{"@type":"BreadcrumbList","@id":"https:\/\/ugwp.cfolks.pl\/bwb\/produkt\/zbiorcza-studzienka-odwadniajaca-kraso-typ-q-kwadratowa\/#breadcrumb","itemListElement":[{"@type":"ListItem","position":1,"name":"Strona g\u0142\u00f3wna","item":"https:\/\/ugwp.cfolks.pl\/bwb\/"},{"@type":"ListItem","position":2,"name":"Wodoszczelne Przej\u015bcia Instalacyjne","item":"https:\/\/ugwp.cfolks.pl\/bwb\/kategoria\/wodoszczelne-przejscia-instalacyjne\/"},{"@type":"ListItem","position":3,"name":"Zbiorcze studzienki odwadniaj\u0105ce","item":"https:\/\/ugwp.cfolks.pl\/bwb\/kategoria\/wodoszczelne-przejscia-instalacyjne\/zbiorcze-studzienki-odwadniajace\/"},{"@type":"ListItem","position":4,"name":"Zbiorcza studzienka odwadniaj\u0105ca KRASO\u00ae typ Q &#8211; kwadratowa"}]},{"@type":"WebSite","@id":"https:\/\/ugwp.cfolks.pl\/bwb\/#website","url":"https:\/\/ugwp.cfolks.pl\/bwb\/","name":"BWB technology","description":"Kolejna witryna oparta na WordPressie","potentialAction":[{"@type":"SearchAction","target":{"@type":"EntryPoint","urlTemplate":"https:\/\/ugwp.cfolks.pl\/bwb\/?s={search_term_string}"},"query-input":{"@type":"PropertyValueSpecification","valueRequired":true,"valueName":"search_term_string"}}],"inLanguage":"pl-PL"}]}},"_links":{"self":[{"href":"https:\/\/ugwp.cfolks.pl\/bwb\/wp-json\/wp\/v2\/product\/3029","targetHints":{"allow":["GET"]}}],"collection":[{"href":"https:\/\/ugwp.cfolks.pl\/bwb\/wp-json\/wp\/v2\/product"}],"about":[{"href":"https:\/\/ugwp.cfolks.pl\/bwb\/wp-json\/wp\/v2\/types\/product"}],"wp:featuredmedia":[{"embeddable":true,"href":"https:\/\/ugwp.cfolks.pl\/bwb\/wp-json\/wp\/v2\/media\/3052"}],"wp:attachment":[{"href":"https:\/\/ugwp.cfolks.pl\/bwb\/wp-json\/wp\/v2\/media?parent=3029"}],"wp:term":[{"taxonomy":"product_cat","embeddable":true,"href":"https:\/\/ugwp.cfolks.pl\/bwb\/wp-json\/wp\/v2\/product_cat?post=3029"},{"taxonomy":"product_tag","embeddable":true,"href":"https:\/\/ugwp.cfolks.pl\/bwb\/wp-json\/wp\/v2\/product_tag?post=3029"}],"curies":[{"name":"wp","href":"https:\/\/api.w.org\/{rel}","templated":true}]}}