{"id":3028,"date":"2023-02-05T14:43:06","date_gmt":"2023-02-05T13:43:06","guid":{"rendered":"https:\/\/ugwp.cfolks.pl\/bwb\/?post_type=product&#038;p=3028"},"modified":"2024-06-21T11:23:40","modified_gmt":"2024-06-21T09:23:40","slug":"zbiorcza-studzienka-odwadniajaca-kraso-betonowa","status":"publish","type":"product","link":"https:\/\/ugwp.cfolks.pl\/bwb\/produkt\/zbiorcza-studzienka-odwadniajaca-kraso-betonowa\/","title":{"rendered":"Zbiorcza studzienka odwadniaj\u0105ca KRASO\u00ae &#8211; betonowa"},"content":{"rendered":"","protected":false},"excerpt":{"rendered":"<p>Zbiorcza studzienka odwadniaj\u0105ca KRASO<sup>\u00ae<\/sup> &#8211; betonowa to gotowy element betonowy nie wymagaj\u0105cy wykonywania szalunku na miejscu budowy i tym samym pozwalaj\u0105cy zaoszcz\u0119dzi\u0107 czas i pieni\u0105dze. Przeznaczona jest do gromadzenia \u015bciek\u00f3w. Wykonana z betonu wodoszczelnego o \u015bcianach zbrojonych grubo\u015bci 12 cm, zbrojenie \u0142\u0105cz\u0105ce 8\/15 z wodoszczeln\u0105 na ca\u0142ym obwodzie, atestowan\u0105 przez MPA ta\u015bm\u0105 do przerw roboczych KRASO<sup>\u00ae<\/sup> Duo-Fix 150 \u201eplus\u201c. Gotowe przy\u0142\u0105cza do rur KG, HT i KG 2000. Zbiorcza studzienka odwadniaj\u0105ca KRASO<sup>\u00ae<\/sup> &#8211; betonowa jest \u0142atwa do monta\u017cu przy u\u017cyciu d\u017awigu dzi\u0119ki wst\u0119pnie zamontowanym uchwytom transportowym.<\/p>\n","protected":false},"featured_media":3048,"template":"","meta":{"_acf_changed":false},"product_cat":[141],"product_tag":[],"class_list":{"0":"post-3028","1":"product","2":"type-product","3":"status-publish","4":"has-post-thumbnail","6":"product_cat-zbiorcze-studzienki-odwadniajace","8":"first","9":"instock","10":"shipping-taxable","11":"product-type-simple"},"acf":[],"yoast_head":"<!-- This site is optimized with the Yoast SEO plugin v27.3 - https:\/\/yoast.com\/product\/yoast-seo-wordpress\/ -->\n<title>Zbiorcza Studzienka Odwadniaj\u0105ca KRASO\u00ae - Betonowa<\/title>\n<meta name=\"description\" content=\"Zbiorcza studzienka odwadniaj\u0105ca KRASO\u00ae - betonowa to rozwi\u0105zanie, kt\u00f3re \u0142\u0105czy wygod\u0119 z wydajno\u015bci\u0105. Wodoszczelno\u015b\u0107 i \u0142atwy monta\u017c.\" \/>\n<meta name=\"robots\" content=\"noindex, follow, max-snippet:-1, max-image-preview:large, max-video-preview:-1\" \/>\n<meta property=\"og:locale\" content=\"pl_PL\" \/>\n<meta property=\"og:type\" content=\"article\" \/>\n<meta property=\"og:title\" content=\"Zbiorcza Studzienka Odwadniaj\u0105ca KRASO\u00ae - Betonowa\" \/>\n<meta property=\"og:description\" content=\"Zbiorcza studzienka odwadniaj\u0105ca KRASO\u00ae - betonowa to rozwi\u0105zanie, kt\u00f3re \u0142\u0105czy wygod\u0119 z wydajno\u015bci\u0105. Wodoszczelno\u015b\u0107 i \u0142atwy monta\u017c.\" \/>\n<meta property=\"og:url\" content=\"https:\/\/ugwp.cfolks.pl\/bwb\/produkt\/zbiorcza-studzienka-odwadniajaca-kraso-betonowa\/\" \/>\n<meta property=\"og:site_name\" content=\"BWB technology\" \/>\n<meta property=\"article:modified_time\" content=\"2024-06-21T09:23:40+00:00\" \/>\n<meta property=\"og:image\" content=\"https:\/\/ugwp.cfolks.pl\/bwb\/wp-content\/uploads\/Zbiorcza-studzienka-odwadniajaca-KRASO\u00ae-betonowa.jpg\" \/>\n\t<meta property=\"og:image:width\" content=\"1100\" \/>\n\t<meta property=\"og:image:height\" content=\"810\" \/>\n\t<meta property=\"og:image:type\" content=\"image\/jpeg\" \/>\n<meta name=\"twitter:card\" content=\"summary_large_image\" \/>\n<meta name=\"twitter:label1\" content=\"Szacowany czas czytania\" \/>\n\t<meta name=\"twitter:data1\" content=\"1 minuta\" \/>\n<script type=\"application\/ld+json\" class=\"yoast-schema-graph\">{\"@context\":\"https:\\\/\\\/schema.org\",\"@graph\":[{\"@type\":\"WebPage\",\"@id\":\"https:\\\/\\\/ugwp.cfolks.pl\\\/bwb\\\/produkt\\\/zbiorcza-studzienka-odwadniajaca-kraso-betonowa\\\/\",\"url\":\"https:\\\/\\\/ugwp.cfolks.pl\\\/bwb\\\/produkt\\\/zbiorcza-studzienka-odwadniajaca-kraso-betonowa\\\/\",\"name\":\"Zbiorcza Studzienka Odwadniaj\u0105ca KRASO\u00ae - Betonowa\",\"isPartOf\":{\"@id\":\"https:\\\/\\\/ugwp.cfolks.pl\\\/bwb\\\/#website\"},\"primaryImageOfPage\":{\"@id\":\"https:\\\/\\\/ugwp.cfolks.pl\\\/bwb\\\/produkt\\\/zbiorcza-studzienka-odwadniajaca-kraso-betonowa\\\/#primaryimage\"},\"image\":{\"@id\":\"https:\\\/\\\/ugwp.cfolks.pl\\\/bwb\\\/produkt\\\/zbiorcza-studzienka-odwadniajaca-kraso-betonowa\\\/#primaryimage\"},\"thumbnailUrl\":\"https:\\\/\\\/ugwp.cfolks.pl\\\/bwb\\\/wp-content\\\/uploads\\\/Zbiorcza-studzienka-odwadniajaca-KRASO\u00ae-betonowa.jpg\",\"datePublished\":\"2023-02-05T13:43:06+00:00\",\"dateModified\":\"2024-06-21T09:23:40+00:00\",\"description\":\"Zbiorcza studzienka odwadniaj\u0105ca KRASO\u00ae - betonowa to rozwi\u0105zanie, kt\u00f3re \u0142\u0105czy wygod\u0119 z wydajno\u015bci\u0105. Wodoszczelno\u015b\u0107 i \u0142atwy monta\u017c.\",\"breadcrumb\":{\"@id\":\"https:\\\/\\\/ugwp.cfolks.pl\\\/bwb\\\/produkt\\\/zbiorcza-studzienka-odwadniajaca-kraso-betonowa\\\/#breadcrumb\"},\"inLanguage\":\"pl-PL\",\"potentialAction\":[{\"@type\":\"ReadAction\",\"target\":[\"https:\\\/\\\/ugwp.cfolks.pl\\\/bwb\\\/produkt\\\/zbiorcza-studzienka-odwadniajaca-kraso-betonowa\\\/\"]}]},{\"@type\":\"ImageObject\",\"inLanguage\":\"pl-PL\",\"@id\":\"https:\\\/\\\/ugwp.cfolks.pl\\\/bwb\\\/produkt\\\/zbiorcza-studzienka-odwadniajaca-kraso-betonowa\\\/#primaryimage\",\"url\":\"https:\\\/\\\/ugwp.cfolks.pl\\\/bwb\\\/wp-content\\\/uploads\\\/Zbiorcza-studzienka-odwadniajaca-KRASO\u00ae-betonowa.jpg\",\"contentUrl\":\"https:\\\/\\\/ugwp.cfolks.pl\\\/bwb\\\/wp-content\\\/uploads\\\/Zbiorcza-studzienka-odwadniajaca-KRASO\u00ae-betonowa.jpg\",\"width\":1100,\"height\":810,\"caption\":\"Zbiorcza studzienka odwadniaj\u0105ca KRASO\u00ae - betonowa\"},{\"@type\":\"BreadcrumbList\",\"@id\":\"https:\\\/\\\/ugwp.cfolks.pl\\\/bwb\\\/produkt\\\/zbiorcza-studzienka-odwadniajaca-kraso-betonowa\\\/#breadcrumb\",\"itemListElement\":[{\"@type\":\"ListItem\",\"position\":1,\"name\":\"Strona g\u0142\u00f3wna\",\"item\":\"https:\\\/\\\/ugwp.cfolks.pl\\\/bwb\\\/\"},{\"@type\":\"ListItem\",\"position\":2,\"name\":\"Wodoszczelne Przej\u015bcia Instalacyjne\",\"item\":\"https:\\\/\\\/ugwp.cfolks.pl\\\/bwb\\\/kategoria\\\/wodoszczelne-przejscia-instalacyjne\\\/\"},{\"@type\":\"ListItem\",\"position\":3,\"name\":\"Zbiorcze studzienki odwadniaj\u0105ce\",\"item\":\"https:\\\/\\\/ugwp.cfolks.pl\\\/bwb\\\/kategoria\\\/wodoszczelne-przejscia-instalacyjne\\\/zbiorcze-studzienki-odwadniajace\\\/\"},{\"@type\":\"ListItem\",\"position\":4,\"name\":\"Zbiorcza studzienka odwadniaj\u0105ca KRASO\u00ae &#8211; betonowa\"}]},{\"@type\":\"WebSite\",\"@id\":\"https:\\\/\\\/ugwp.cfolks.pl\\\/bwb\\\/#website\",\"url\":\"https:\\\/\\\/ugwp.cfolks.pl\\\/bwb\\\/\",\"name\":\"BWB technology\",\"description\":\"Kolejna witryna oparta na WordPressie\",\"potentialAction\":[{\"@type\":\"SearchAction\",\"target\":{\"@type\":\"EntryPoint\",\"urlTemplate\":\"https:\\\/\\\/ugwp.cfolks.pl\\\/bwb\\\/?s={search_term_string}\"},\"query-input\":{\"@type\":\"PropertyValueSpecification\",\"valueRequired\":true,\"valueName\":\"search_term_string\"}}],\"inLanguage\":\"pl-PL\"}]}<\/script>\n<!-- \/ Yoast SEO plugin. -->","yoast_head_json":{"title":"Zbiorcza Studzienka Odwadniaj\u0105ca KRASO\u00ae - Betonowa","description":"Zbiorcza studzienka odwadniaj\u0105ca KRASO\u00ae - betonowa to rozwi\u0105zanie, kt\u00f3re \u0142\u0105czy wygod\u0119 z wydajno\u015bci\u0105. Wodoszczelno\u015b\u0107 i \u0142atwy monta\u017c.","robots":{"index":"noindex","follow":"follow","max-snippet":"max-snippet:-1","max-image-preview":"max-image-preview:large","max-video-preview":"max-video-preview:-1"},"og_locale":"pl_PL","og_type":"article","og_title":"Zbiorcza Studzienka Odwadniaj\u0105ca KRASO\u00ae - Betonowa","og_description":"Zbiorcza studzienka odwadniaj\u0105ca KRASO\u00ae - betonowa to rozwi\u0105zanie, kt\u00f3re \u0142\u0105czy wygod\u0119 z wydajno\u015bci\u0105. Wodoszczelno\u015b\u0107 i \u0142atwy monta\u017c.","og_url":"https:\/\/ugwp.cfolks.pl\/bwb\/produkt\/zbiorcza-studzienka-odwadniajaca-kraso-betonowa\/","og_site_name":"BWB technology","article_modified_time":"2024-06-21T09:23:40+00:00","og_image":[{"width":1100,"height":810,"url":"https:\/\/ugwp.cfolks.pl\/bwb\/wp-content\/uploads\/Zbiorcza-studzienka-odwadniajaca-KRASO\u00ae-betonowa.jpg","type":"image\/jpeg"}],"twitter_card":"summary_large_image","twitter_misc":{"Szacowany czas czytania":"1 minuta"},"schema":{"@context":"https:\/\/schema.org","@graph":[{"@type":"WebPage","@id":"https:\/\/ugwp.cfolks.pl\/bwb\/produkt\/zbiorcza-studzienka-odwadniajaca-kraso-betonowa\/","url":"https:\/\/ugwp.cfolks.pl\/bwb\/produkt\/zbiorcza-studzienka-odwadniajaca-kraso-betonowa\/","name":"Zbiorcza Studzienka Odwadniaj\u0105ca KRASO\u00ae - Betonowa","isPartOf":{"@id":"https:\/\/ugwp.cfolks.pl\/bwb\/#website"},"primaryImageOfPage":{"@id":"https:\/\/ugwp.cfolks.pl\/bwb\/produkt\/zbiorcza-studzienka-odwadniajaca-kraso-betonowa\/#primaryimage"},"image":{"@id":"https:\/\/ugwp.cfolks.pl\/bwb\/produkt\/zbiorcza-studzienka-odwadniajaca-kraso-betonowa\/#primaryimage"},"thumbnailUrl":"https:\/\/ugwp.cfolks.pl\/bwb\/wp-content\/uploads\/Zbiorcza-studzienka-odwadniajaca-KRASO\u00ae-betonowa.jpg","datePublished":"2023-02-05T13:43:06+00:00","dateModified":"2024-06-21T09:23:40+00:00","description":"Zbiorcza studzienka odwadniaj\u0105ca KRASO\u00ae - betonowa to rozwi\u0105zanie, kt\u00f3re \u0142\u0105czy wygod\u0119 z wydajno\u015bci\u0105. Wodoszczelno\u015b\u0107 i \u0142atwy monta\u017c.","breadcrumb":{"@id":"https:\/\/ugwp.cfolks.pl\/bwb\/produkt\/zbiorcza-studzienka-odwadniajaca-kraso-betonowa\/#breadcrumb"},"inLanguage":"pl-PL","potentialAction":[{"@type":"ReadAction","target":["https:\/\/ugwp.cfolks.pl\/bwb\/produkt\/zbiorcza-studzienka-odwadniajaca-kraso-betonowa\/"]}]},{"@type":"ImageObject","inLanguage":"pl-PL","@id":"https:\/\/ugwp.cfolks.pl\/bwb\/produkt\/zbiorcza-studzienka-odwadniajaca-kraso-betonowa\/#primaryimage","url":"https:\/\/ugwp.cfolks.pl\/bwb\/wp-content\/uploads\/Zbiorcza-studzienka-odwadniajaca-KRASO\u00ae-betonowa.jpg","contentUrl":"https:\/\/ugwp.cfolks.pl\/bwb\/wp-content\/uploads\/Zbiorcza-studzienka-odwadniajaca-KRASO\u00ae-betonowa.jpg","width":1100,"height":810,"caption":"Zbiorcza studzienka odwadniaj\u0105ca KRASO\u00ae - betonowa"},{"@type":"BreadcrumbList","@id":"https:\/\/ugwp.cfolks.pl\/bwb\/produkt\/zbiorcza-studzienka-odwadniajaca-kraso-betonowa\/#breadcrumb","itemListElement":[{"@type":"ListItem","position":1,"name":"Strona g\u0142\u00f3wna","item":"https:\/\/ugwp.cfolks.pl\/bwb\/"},{"@type":"ListItem","position":2,"name":"Wodoszczelne Przej\u015bcia Instalacyjne","item":"https:\/\/ugwp.cfolks.pl\/bwb\/kategoria\/wodoszczelne-przejscia-instalacyjne\/"},{"@type":"ListItem","position":3,"name":"Zbiorcze studzienki odwadniaj\u0105ce","item":"https:\/\/ugwp.cfolks.pl\/bwb\/kategoria\/wodoszczelne-przejscia-instalacyjne\/zbiorcze-studzienki-odwadniajace\/"},{"@type":"ListItem","position":4,"name":"Zbiorcza studzienka odwadniaj\u0105ca KRASO\u00ae &#8211; betonowa"}]},{"@type":"WebSite","@id":"https:\/\/ugwp.cfolks.pl\/bwb\/#website","url":"https:\/\/ugwp.cfolks.pl\/bwb\/","name":"BWB technology","description":"Kolejna witryna oparta na WordPressie","potentialAction":[{"@type":"SearchAction","target":{"@type":"EntryPoint","urlTemplate":"https:\/\/ugwp.cfolks.pl\/bwb\/?s={search_term_string}"},"query-input":{"@type":"PropertyValueSpecification","valueRequired":true,"valueName":"search_term_string"}}],"inLanguage":"pl-PL"}]}},"_links":{"self":[{"href":"https:\/\/ugwp.cfolks.pl\/bwb\/wp-json\/wp\/v2\/product\/3028","targetHints":{"allow":["GET"]}}],"collection":[{"href":"https:\/\/ugwp.cfolks.pl\/bwb\/wp-json\/wp\/v2\/product"}],"about":[{"href":"https:\/\/ugwp.cfolks.pl\/bwb\/wp-json\/wp\/v2\/types\/product"}],"wp:featuredmedia":[{"embeddable":true,"href":"https:\/\/ugwp.cfolks.pl\/bwb\/wp-json\/wp\/v2\/media\/3048"}],"wp:attachment":[{"href":"https:\/\/ugwp.cfolks.pl\/bwb\/wp-json\/wp\/v2\/media?parent=3028"}],"wp:term":[{"taxonomy":"product_cat","embeddable":true,"href":"https:\/\/ugwp.cfolks.pl\/bwb\/wp-json\/wp\/v2\/product_cat?post=3028"},{"taxonomy":"product_tag","embeddable":true,"href":"https:\/\/ugwp.cfolks.pl\/bwb\/wp-json\/wp\/v2\/product_tag?post=3028"}],"curies":[{"name":"wp","href":"https:\/\/api.w.org\/{rel}","templated":true}]}}