{"id":2951,"date":"2023-01-29T13:00:30","date_gmt":"2023-01-29T12:00:30","guid":{"rendered":"https:\/\/ugwp.cfolks.pl\/bwb\/?post_type=product&#038;p=2951"},"modified":"2023-09-28T16:27:40","modified_gmt":"2023-09-28T14:27:40","slug":"zestaw-przedluzajacy-kraso-bkp-sciana-nfe","status":"publish","type":"product","link":"https:\/\/ugwp.cfolks.pl\/bwb\/produkt\/zestaw-przedluzajacy-kraso-bkp-sciana-nfe\/","title":{"rendered":"Zestaw przed\u0142u\u017caj\u0105cy KRASO\u00ae BKP \u2013 \u015aciana &#8211; NFE"},"content":{"rendered":"","protected":false},"excerpt":{"rendered":"<p>Zestaw przed\u0142u\u017caj\u0105cy KRASO<sup>\u00ae<\/sup> BKP &#8211; \u015aciana &#8211; NFE s\u0142u\u017cy do przed\u0142u\u017cania rur os\u0142onowych dla przy\u0142\u0105czy ogrzewania lokalnego, sieciowego i geotermalnego, wody, pr\u0105du elektrycznego, instalacji teletechnicznych w zestawie przy\u0142\u0105czy systemowych KRASO<sup>\u00ae<\/sup> BKP \u2013 \u015aciana \u2013 NFE, do przed\u0142u\u017cenia rur os\u0142onowych z systemowego przy\u0142\u0105cza \u015bciennego w celu pod\u0142\u0105czenia z istniej\u0105c\u0105 rur\u0105 os\u0142onow\u0105 na budowie. Zestaw przed\u0142u\u017caj\u0105cy KRASO<sup>\u00ae<\/sup> BKP \u2013 \u015aciana \u2013 NFE sk\u0142adaj\u0105cy si\u0119 z sze\u015bciu w\u0119\u017cy kurczliwych 95\/25, trzech przej\u015bci\u00f3wek DN 75 z za\u015blepkami os\u0142onowymi, z czterech w\u0119\u017cy kurczliwych 130\/36, oraz dw\u00f3ch przej\u015bci\u00f3wek DN 125 z za\u015blepkami.<\/p>\n","protected":false},"featured_media":3002,"template":"","meta":{"_acf_changed":false},"product_cat":[142],"product_tag":[],"class_list":{"0":"post-2951","1":"product","2":"type-product","3":"status-publish","4":"has-post-thumbnail","6":"product_cat-systemy-przylaczy-domowych","8":"first","9":"instock","10":"shipping-taxable","11":"product-type-simple"},"acf":[],"yoast_head":"<!-- This site is optimized with the Yoast SEO plugin v27.3 - https:\/\/yoast.com\/product\/yoast-seo-wordpress\/ -->\n<title>Zestaw Przed\u0142u\u017caj\u0105cy KRASO\u00ae BKP \u2013 \u015aciana - NFE<\/title>\n<meta name=\"description\" content=\"Zestaw przed\u0142u\u017caj\u0105cy KRASO\u00ae BKP \u2013 \u015aciana - NFE - elastyczne rozwi\u0105zanie dla przed\u0142u\u017cania rur os\u0142onowych. Uniwersalno\u015b\u0107 i \u0142atwy monta\u017c. Dla wielu przy\u0142\u0105czy.\" \/>\n<meta name=\"robots\" content=\"noindex, follow, max-snippet:-1, max-image-preview:large, max-video-preview:-1\" \/>\n<meta property=\"og:locale\" content=\"pl_PL\" \/>\n<meta property=\"og:type\" content=\"article\" \/>\n<meta property=\"og:title\" content=\"Zestaw Przed\u0142u\u017caj\u0105cy KRASO\u00ae BKP \u2013 \u015aciana - NFE\" \/>\n<meta property=\"og:description\" content=\"Zestaw przed\u0142u\u017caj\u0105cy KRASO\u00ae BKP \u2013 \u015aciana - NFE - elastyczne rozwi\u0105zanie dla przed\u0142u\u017cania rur os\u0142onowych. Uniwersalno\u015b\u0107 i \u0142atwy monta\u017c. Dla wielu przy\u0142\u0105czy.\" \/>\n<meta property=\"og:url\" content=\"https:\/\/ugwp.cfolks.pl\/bwb\/produkt\/zestaw-przedluzajacy-kraso-bkp-sciana-nfe\/\" \/>\n<meta property=\"og:site_name\" content=\"BWB technology\" \/>\n<meta property=\"article:modified_time\" content=\"2023-09-28T14:27:40+00:00\" \/>\n<meta property=\"og:image\" content=\"https:\/\/ugwp.cfolks.pl\/bwb\/wp-content\/uploads\/Zestaw-przedluzajacy-KRASO\u00ae-BKP-\u2013-Sciana-NFE.jpg\" \/>\n\t<meta property=\"og:image:width\" content=\"1100\" \/>\n\t<meta property=\"og:image:height\" content=\"810\" \/>\n\t<meta property=\"og:image:type\" content=\"image\/jpeg\" \/>\n<meta name=\"twitter:card\" content=\"summary_large_image\" \/>\n<script type=\"application\/ld+json\" class=\"yoast-schema-graph\">{\"@context\":\"https:\\\/\\\/schema.org\",\"@graph\":[{\"@type\":\"WebPage\",\"@id\":\"https:\\\/\\\/ugwp.cfolks.pl\\\/bwb\\\/produkt\\\/zestaw-przedluzajacy-kraso-bkp-sciana-nfe\\\/\",\"url\":\"https:\\\/\\\/ugwp.cfolks.pl\\\/bwb\\\/produkt\\\/zestaw-przedluzajacy-kraso-bkp-sciana-nfe\\\/\",\"name\":\"Zestaw Przed\u0142u\u017caj\u0105cy KRASO\u00ae BKP \u2013 \u015aciana - NFE\",\"isPartOf\":{\"@id\":\"https:\\\/\\\/ugwp.cfolks.pl\\\/bwb\\\/#website\"},\"primaryImageOfPage\":{\"@id\":\"https:\\\/\\\/ugwp.cfolks.pl\\\/bwb\\\/produkt\\\/zestaw-przedluzajacy-kraso-bkp-sciana-nfe\\\/#primaryimage\"},\"image\":{\"@id\":\"https:\\\/\\\/ugwp.cfolks.pl\\\/bwb\\\/produkt\\\/zestaw-przedluzajacy-kraso-bkp-sciana-nfe\\\/#primaryimage\"},\"thumbnailUrl\":\"https:\\\/\\\/ugwp.cfolks.pl\\\/bwb\\\/wp-content\\\/uploads\\\/Zestaw-przedluzajacy-KRASO\u00ae-BKP-\u2013-Sciana-NFE.jpg\",\"datePublished\":\"2023-01-29T12:00:30+00:00\",\"dateModified\":\"2023-09-28T14:27:40+00:00\",\"description\":\"Zestaw przed\u0142u\u017caj\u0105cy KRASO\u00ae BKP \u2013 \u015aciana - NFE - elastyczne rozwi\u0105zanie dla przed\u0142u\u017cania rur os\u0142onowych. Uniwersalno\u015b\u0107 i \u0142atwy monta\u017c. Dla wielu przy\u0142\u0105czy.\",\"breadcrumb\":{\"@id\":\"https:\\\/\\\/ugwp.cfolks.pl\\\/bwb\\\/produkt\\\/zestaw-przedluzajacy-kraso-bkp-sciana-nfe\\\/#breadcrumb\"},\"inLanguage\":\"pl-PL\",\"potentialAction\":[{\"@type\":\"ReadAction\",\"target\":[\"https:\\\/\\\/ugwp.cfolks.pl\\\/bwb\\\/produkt\\\/zestaw-przedluzajacy-kraso-bkp-sciana-nfe\\\/\"]}]},{\"@type\":\"ImageObject\",\"inLanguage\":\"pl-PL\",\"@id\":\"https:\\\/\\\/ugwp.cfolks.pl\\\/bwb\\\/produkt\\\/zestaw-przedluzajacy-kraso-bkp-sciana-nfe\\\/#primaryimage\",\"url\":\"https:\\\/\\\/ugwp.cfolks.pl\\\/bwb\\\/wp-content\\\/uploads\\\/Zestaw-przedluzajacy-KRASO\u00ae-BKP-\u2013-Sciana-NFE.jpg\",\"contentUrl\":\"https:\\\/\\\/ugwp.cfolks.pl\\\/bwb\\\/wp-content\\\/uploads\\\/Zestaw-przedluzajacy-KRASO\u00ae-BKP-\u2013-Sciana-NFE.jpg\",\"width\":1100,\"height\":810,\"caption\":\"Zestaw przed\u0142u\u017caj\u0105cy KRASO\u00ae BKP \u2013 \u015aciana - NFE\"},{\"@type\":\"BreadcrumbList\",\"@id\":\"https:\\\/\\\/ugwp.cfolks.pl\\\/bwb\\\/produkt\\\/zestaw-przedluzajacy-kraso-bkp-sciana-nfe\\\/#breadcrumb\",\"itemListElement\":[{\"@type\":\"ListItem\",\"position\":1,\"name\":\"Strona g\u0142\u00f3wna\",\"item\":\"https:\\\/\\\/ugwp.cfolks.pl\\\/bwb\\\/\"},{\"@type\":\"ListItem\",\"position\":2,\"name\":\"Wodoszczelne Przej\u015bcia Instalacyjne\",\"item\":\"https:\\\/\\\/ugwp.cfolks.pl\\\/bwb\\\/kategoria\\\/wodoszczelne-przejscia-instalacyjne\\\/\"},{\"@type\":\"ListItem\",\"position\":3,\"name\":\"Systemy Przy\u0142\u0105czy Domowych\",\"item\":\"https:\\\/\\\/ugwp.cfolks.pl\\\/bwb\\\/kategoria\\\/wodoszczelne-przejscia-instalacyjne\\\/systemy-przylaczy-domowych\\\/\"},{\"@type\":\"ListItem\",\"position\":4,\"name\":\"Zestaw przed\u0142u\u017caj\u0105cy KRASO\u00ae BKP \u2013 \u015aciana &#8211; NFE\"}]},{\"@type\":\"WebSite\",\"@id\":\"https:\\\/\\\/ugwp.cfolks.pl\\\/bwb\\\/#website\",\"url\":\"https:\\\/\\\/ugwp.cfolks.pl\\\/bwb\\\/\",\"name\":\"BWB technology\",\"description\":\"Kolejna witryna oparta na WordPressie\",\"potentialAction\":[{\"@type\":\"SearchAction\",\"target\":{\"@type\":\"EntryPoint\",\"urlTemplate\":\"https:\\\/\\\/ugwp.cfolks.pl\\\/bwb\\\/?s={search_term_string}\"},\"query-input\":{\"@type\":\"PropertyValueSpecification\",\"valueRequired\":true,\"valueName\":\"search_term_string\"}}],\"inLanguage\":\"pl-PL\"}]}<\/script>\n<!-- \/ Yoast SEO plugin. -->","yoast_head_json":{"title":"Zestaw Przed\u0142u\u017caj\u0105cy KRASO\u00ae BKP \u2013 \u015aciana - NFE","description":"Zestaw przed\u0142u\u017caj\u0105cy KRASO\u00ae BKP \u2013 \u015aciana - NFE - elastyczne rozwi\u0105zanie dla przed\u0142u\u017cania rur os\u0142onowych. Uniwersalno\u015b\u0107 i \u0142atwy monta\u017c. Dla wielu przy\u0142\u0105czy.","robots":{"index":"noindex","follow":"follow","max-snippet":"max-snippet:-1","max-image-preview":"max-image-preview:large","max-video-preview":"max-video-preview:-1"},"og_locale":"pl_PL","og_type":"article","og_title":"Zestaw Przed\u0142u\u017caj\u0105cy KRASO\u00ae BKP \u2013 \u015aciana - NFE","og_description":"Zestaw przed\u0142u\u017caj\u0105cy KRASO\u00ae BKP \u2013 \u015aciana - NFE - elastyczne rozwi\u0105zanie dla przed\u0142u\u017cania rur os\u0142onowych. Uniwersalno\u015b\u0107 i \u0142atwy monta\u017c. Dla wielu przy\u0142\u0105czy.","og_url":"https:\/\/ugwp.cfolks.pl\/bwb\/produkt\/zestaw-przedluzajacy-kraso-bkp-sciana-nfe\/","og_site_name":"BWB technology","article_modified_time":"2023-09-28T14:27:40+00:00","og_image":[{"width":1100,"height":810,"url":"https:\/\/ugwp.cfolks.pl\/bwb\/wp-content\/uploads\/Zestaw-przedluzajacy-KRASO\u00ae-BKP-\u2013-Sciana-NFE.jpg","type":"image\/jpeg"}],"twitter_card":"summary_large_image","schema":{"@context":"https:\/\/schema.org","@graph":[{"@type":"WebPage","@id":"https:\/\/ugwp.cfolks.pl\/bwb\/produkt\/zestaw-przedluzajacy-kraso-bkp-sciana-nfe\/","url":"https:\/\/ugwp.cfolks.pl\/bwb\/produkt\/zestaw-przedluzajacy-kraso-bkp-sciana-nfe\/","name":"Zestaw Przed\u0142u\u017caj\u0105cy KRASO\u00ae BKP \u2013 \u015aciana - NFE","isPartOf":{"@id":"https:\/\/ugwp.cfolks.pl\/bwb\/#website"},"primaryImageOfPage":{"@id":"https:\/\/ugwp.cfolks.pl\/bwb\/produkt\/zestaw-przedluzajacy-kraso-bkp-sciana-nfe\/#primaryimage"},"image":{"@id":"https:\/\/ugwp.cfolks.pl\/bwb\/produkt\/zestaw-przedluzajacy-kraso-bkp-sciana-nfe\/#primaryimage"},"thumbnailUrl":"https:\/\/ugwp.cfolks.pl\/bwb\/wp-content\/uploads\/Zestaw-przedluzajacy-KRASO\u00ae-BKP-\u2013-Sciana-NFE.jpg","datePublished":"2023-01-29T12:00:30+00:00","dateModified":"2023-09-28T14:27:40+00:00","description":"Zestaw przed\u0142u\u017caj\u0105cy KRASO\u00ae BKP \u2013 \u015aciana - NFE - elastyczne rozwi\u0105zanie dla przed\u0142u\u017cania rur os\u0142onowych. Uniwersalno\u015b\u0107 i \u0142atwy monta\u017c. Dla wielu przy\u0142\u0105czy.","breadcrumb":{"@id":"https:\/\/ugwp.cfolks.pl\/bwb\/produkt\/zestaw-przedluzajacy-kraso-bkp-sciana-nfe\/#breadcrumb"},"inLanguage":"pl-PL","potentialAction":[{"@type":"ReadAction","target":["https:\/\/ugwp.cfolks.pl\/bwb\/produkt\/zestaw-przedluzajacy-kraso-bkp-sciana-nfe\/"]}]},{"@type":"ImageObject","inLanguage":"pl-PL","@id":"https:\/\/ugwp.cfolks.pl\/bwb\/produkt\/zestaw-przedluzajacy-kraso-bkp-sciana-nfe\/#primaryimage","url":"https:\/\/ugwp.cfolks.pl\/bwb\/wp-content\/uploads\/Zestaw-przedluzajacy-KRASO\u00ae-BKP-\u2013-Sciana-NFE.jpg","contentUrl":"https:\/\/ugwp.cfolks.pl\/bwb\/wp-content\/uploads\/Zestaw-przedluzajacy-KRASO\u00ae-BKP-\u2013-Sciana-NFE.jpg","width":1100,"height":810,"caption":"Zestaw przed\u0142u\u017caj\u0105cy KRASO\u00ae BKP \u2013 \u015aciana - NFE"},{"@type":"BreadcrumbList","@id":"https:\/\/ugwp.cfolks.pl\/bwb\/produkt\/zestaw-przedluzajacy-kraso-bkp-sciana-nfe\/#breadcrumb","itemListElement":[{"@type":"ListItem","position":1,"name":"Strona g\u0142\u00f3wna","item":"https:\/\/ugwp.cfolks.pl\/bwb\/"},{"@type":"ListItem","position":2,"name":"Wodoszczelne Przej\u015bcia Instalacyjne","item":"https:\/\/ugwp.cfolks.pl\/bwb\/kategoria\/wodoszczelne-przejscia-instalacyjne\/"},{"@type":"ListItem","position":3,"name":"Systemy Przy\u0142\u0105czy Domowych","item":"https:\/\/ugwp.cfolks.pl\/bwb\/kategoria\/wodoszczelne-przejscia-instalacyjne\/systemy-przylaczy-domowych\/"},{"@type":"ListItem","position":4,"name":"Zestaw przed\u0142u\u017caj\u0105cy KRASO\u00ae BKP \u2013 \u015aciana &#8211; NFE"}]},{"@type":"WebSite","@id":"https:\/\/ugwp.cfolks.pl\/bwb\/#website","url":"https:\/\/ugwp.cfolks.pl\/bwb\/","name":"BWB technology","description":"Kolejna witryna oparta na WordPressie","potentialAction":[{"@type":"SearchAction","target":{"@type":"EntryPoint","urlTemplate":"https:\/\/ugwp.cfolks.pl\/bwb\/?s={search_term_string}"},"query-input":{"@type":"PropertyValueSpecification","valueRequired":true,"valueName":"search_term_string"}}],"inLanguage":"pl-PL"}]}},"_links":{"self":[{"href":"https:\/\/ugwp.cfolks.pl\/bwb\/wp-json\/wp\/v2\/product\/2951","targetHints":{"allow":["GET"]}}],"collection":[{"href":"https:\/\/ugwp.cfolks.pl\/bwb\/wp-json\/wp\/v2\/product"}],"about":[{"href":"https:\/\/ugwp.cfolks.pl\/bwb\/wp-json\/wp\/v2\/types\/product"}],"wp:featuredmedia":[{"embeddable":true,"href":"https:\/\/ugwp.cfolks.pl\/bwb\/wp-json\/wp\/v2\/media\/3002"}],"wp:attachment":[{"href":"https:\/\/ugwp.cfolks.pl\/bwb\/wp-json\/wp\/v2\/media?parent=2951"}],"wp:term":[{"taxonomy":"product_cat","embeddable":true,"href":"https:\/\/ugwp.cfolks.pl\/bwb\/wp-json\/wp\/v2\/product_cat?post=2951"},{"taxonomy":"product_tag","embeddable":true,"href":"https:\/\/ugwp.cfolks.pl\/bwb\/wp-json\/wp\/v2\/product_tag?post=2951"}],"curies":[{"name":"wp","href":"https:\/\/api.w.org\/{rel}","templated":true}]}}