{"id":2950,"date":"2023-01-29T13:00:23","date_gmt":"2023-01-29T12:00:23","guid":{"rendered":"https:\/\/ugwp.cfolks.pl\/bwb\/?post_type=product&#038;p=2950"},"modified":"2023-09-28T16:21:47","modified_gmt":"2023-09-28T14:21:47","slug":"wkladka-uszczelniajaca-kraso-bkp-sciana-z-dodatkowym-uszczelnieniem","status":"publish","type":"product","link":"https:\/\/ugwp.cfolks.pl\/bwb\/produkt\/wkladka-uszczelniajaca-kraso-bkp-sciana-z-dodatkowym-uszczelnieniem\/","title":{"rendered":"Wk\u0142adka uszczelniaj\u0105ca KRASO\u00ae BKP \u2013 \u015aciana \u2013 z dodatkowym uszczelnieniem"},"content":{"rendered":"","protected":false},"excerpt":{"rendered":"<p>Wk\u0142adka uszczelniaj\u0105ca KRASO<sup>\u00ae<\/sup> BKP \u2013 \u015aciana \u2013 z dodatkowym uszczelnieniem dla zestawu przy\u0142\u0105czy KRASO\u00ae BKP \u2013 \u015aciana to dodatkowe uszczelnienie dla przy\u0142\u0105czy: wody, pr\u0105du elektrycznego, instalacji teletechnicznej, oraz do za\u015blepienia wolnego miejsca do p\u00f3\u017aniejszego monta\u017cu przy\u0142\u0105cza.<\/p>\n<p>Wk\u0142adka uszczelniaj\u0105c\u0105 KRASO<sup>\u00ae<\/sup> BKP \u2013 \u015aciana \u2013 dla wody o \u015brednicy rury 26-50 mm albo \u015blepa z uszczelnieniem dodatkowym sk\u0142adaj\u0105cym si\u0119 z uniwersalnej za\u015blepki \u2013 dzielonej \u2013 oraz przy\u0142\u0105cza w\u0119\u017ca 90\/80 z dwiema \u015brubami samogwintuj\u0105cymi.<\/p>\n<p>Wk\u0142adka uszczelniaj\u0105c\u0105 KRASO<sup>\u00ae<\/sup> BKP \u2013 \u015aciana \u2013 dla pr\u0105du elektrycznego o \u015brednicy kabla 26-50 mm z uszczelnieniem dodatkowym sk\u0142adaj\u0105cym si\u0119 z uniwersalnej za\u015blepki \u2013 dzielonej \u2013 oraz przy\u0142\u0105cza w\u0119\u017ca 90\/80 z dwiema \u015brubami samogwintuj\u0105cymi.<\/p>\n<p>Wk\u0142adka uszczelniaj\u0105ca KRASO<sup>\u00ae<\/sup> BKP \u2013 \u015aciana \u2013 dla instalacji teletechnicznych \u015brednica: 5-8 mm lub 9-13 mm, 3 x 7-9 mm lub 10-13 mm, 13-17 mm lub 18-21 mm, z uszczelnieniem dodatkowym sk\u0142adaj\u0105cym si\u0119 z uniwersalnej za\u015blepki \u2013 dzielonej \u2013 oraz przy\u0142\u0105cza w\u0119\u017ca 90\/80 z dwiema \u015brubami samogwintuj\u0105cymi.<\/p>\n<p>Wk\u0142adka uszczelniaj\u0105c\u0105 KRASO<sup>\u00ae<\/sup> BKP \u2013 \u015aciana \u2013\u015blepa- dla przy\u0142\u0105cza wolnego, z za\u015blepk\u0105 z jedn\u0105 \u015brub\u0105 samogwintuj\u0105c\u0105.<\/p>\n","protected":false},"featured_media":2975,"template":"","meta":{"_acf_changed":false},"product_cat":[142],"product_tag":[],"class_list":{"0":"post-2950","1":"product","2":"type-product","3":"status-publish","4":"has-post-thumbnail","6":"product_cat-systemy-przylaczy-domowych","8":"first","9":"instock","10":"shipping-taxable","11":"product-type-simple"},"acf":[],"yoast_head":"<!-- This site is optimized with the Yoast SEO plugin v27.3 - https:\/\/yoast.com\/product\/yoast-seo-wordpress\/ -->\n<title>Wk\u0142adka Uszczelniaj\u0105ca KRASO\u00ae BKP \u2013 \u015aciana- \u0141atwy Monta\u017c<\/title>\n<meta name=\"description\" content=\"Wk\u0142adka uszczelniaj\u0105ca KRASO\u00ae BKP \u2013 \u015aciana \u2013 z dodatkowym uszczelnieniem. Wszechstronne rozwi\u0105zanie do uszczelniania i zabezpieczania r\u00f3\u017cnych przy\u0142\u0105czy.\" \/>\n<meta name=\"robots\" content=\"noindex, follow, max-snippet:-1, max-image-preview:large, max-video-preview:-1\" \/>\n<meta property=\"og:locale\" content=\"pl_PL\" \/>\n<meta property=\"og:type\" content=\"article\" \/>\n<meta property=\"og:title\" content=\"Wk\u0142adka Uszczelniaj\u0105ca KRASO\u00ae BKP \u2013 \u015aciana- \u0141atwy Monta\u017c\" \/>\n<meta property=\"og:description\" content=\"Wk\u0142adka uszczelniaj\u0105ca KRASO\u00ae BKP \u2013 \u015aciana \u2013 z dodatkowym uszczelnieniem. Wszechstronne rozwi\u0105zanie do uszczelniania i zabezpieczania r\u00f3\u017cnych przy\u0142\u0105czy.\" \/>\n<meta property=\"og:url\" content=\"https:\/\/ugwp.cfolks.pl\/bwb\/produkt\/wkladka-uszczelniajaca-kraso-bkp-sciana-z-dodatkowym-uszczelnieniem\/\" \/>\n<meta property=\"og:site_name\" content=\"BWB technology\" \/>\n<meta property=\"article:modified_time\" content=\"2023-09-28T14:21:47+00:00\" \/>\n<meta property=\"og:image\" content=\"https:\/\/ugwp.cfolks.pl\/bwb\/wp-content\/uploads\/Wkladka-uszczelniajaca-KRASO\u00ae-BKP-\u2013-Podloga-\u2013-z-dodatkowym-uszczelnieniem.jpg\" \/>\n\t<meta property=\"og:image:width\" content=\"1100\" \/>\n\t<meta property=\"og:image:height\" content=\"810\" \/>\n\t<meta property=\"og:image:type\" content=\"image\/jpeg\" \/>\n<meta name=\"twitter:card\" content=\"summary_large_image\" \/>\n<script type=\"application\/ld+json\" class=\"yoast-schema-graph\">{\"@context\":\"https:\\\/\\\/schema.org\",\"@graph\":[{\"@type\":\"WebPage\",\"@id\":\"https:\\\/\\\/ugwp.cfolks.pl\\\/bwb\\\/produkt\\\/wkladka-uszczelniajaca-kraso-bkp-sciana-z-dodatkowym-uszczelnieniem\\\/\",\"url\":\"https:\\\/\\\/ugwp.cfolks.pl\\\/bwb\\\/produkt\\\/wkladka-uszczelniajaca-kraso-bkp-sciana-z-dodatkowym-uszczelnieniem\\\/\",\"name\":\"Wk\u0142adka Uszczelniaj\u0105ca KRASO\u00ae BKP \u2013 \u015aciana- \u0141atwy Monta\u017c\",\"isPartOf\":{\"@id\":\"https:\\\/\\\/ugwp.cfolks.pl\\\/bwb\\\/#website\"},\"primaryImageOfPage\":{\"@id\":\"https:\\\/\\\/ugwp.cfolks.pl\\\/bwb\\\/produkt\\\/wkladka-uszczelniajaca-kraso-bkp-sciana-z-dodatkowym-uszczelnieniem\\\/#primaryimage\"},\"image\":{\"@id\":\"https:\\\/\\\/ugwp.cfolks.pl\\\/bwb\\\/produkt\\\/wkladka-uszczelniajaca-kraso-bkp-sciana-z-dodatkowym-uszczelnieniem\\\/#primaryimage\"},\"thumbnailUrl\":\"https:\\\/\\\/ugwp.cfolks.pl\\\/bwb\\\/wp-content\\\/uploads\\\/Wkladka-uszczelniajaca-KRASO\u00ae-BKP-\u2013-Podloga-\u2013-z-dodatkowym-uszczelnieniem.jpg\",\"datePublished\":\"2023-01-29T12:00:23+00:00\",\"dateModified\":\"2023-09-28T14:21:47+00:00\",\"description\":\"Wk\u0142adka uszczelniaj\u0105ca KRASO\u00ae BKP \u2013 \u015aciana \u2013 z dodatkowym uszczelnieniem. Wszechstronne rozwi\u0105zanie do uszczelniania i zabezpieczania r\u00f3\u017cnych przy\u0142\u0105czy.\",\"breadcrumb\":{\"@id\":\"https:\\\/\\\/ugwp.cfolks.pl\\\/bwb\\\/produkt\\\/wkladka-uszczelniajaca-kraso-bkp-sciana-z-dodatkowym-uszczelnieniem\\\/#breadcrumb\"},\"inLanguage\":\"pl-PL\",\"potentialAction\":[{\"@type\":\"ReadAction\",\"target\":[\"https:\\\/\\\/ugwp.cfolks.pl\\\/bwb\\\/produkt\\\/wkladka-uszczelniajaca-kraso-bkp-sciana-z-dodatkowym-uszczelnieniem\\\/\"]}]},{\"@type\":\"ImageObject\",\"inLanguage\":\"pl-PL\",\"@id\":\"https:\\\/\\\/ugwp.cfolks.pl\\\/bwb\\\/produkt\\\/wkladka-uszczelniajaca-kraso-bkp-sciana-z-dodatkowym-uszczelnieniem\\\/#primaryimage\",\"url\":\"https:\\\/\\\/ugwp.cfolks.pl\\\/bwb\\\/wp-content\\\/uploads\\\/Wkladka-uszczelniajaca-KRASO\u00ae-BKP-\u2013-Podloga-\u2013-z-dodatkowym-uszczelnieniem.jpg\",\"contentUrl\":\"https:\\\/\\\/ugwp.cfolks.pl\\\/bwb\\\/wp-content\\\/uploads\\\/Wkladka-uszczelniajaca-KRASO\u00ae-BKP-\u2013-Podloga-\u2013-z-dodatkowym-uszczelnieniem.jpg\",\"width\":1100,\"height\":810,\"caption\":\"Wk\u0142adka uszczelniaj\u0105ca KRASO\u00ae BKP \u2013 \u015aciana \u2013 z dodatkowym uszczelnieniem\"},{\"@type\":\"BreadcrumbList\",\"@id\":\"https:\\\/\\\/ugwp.cfolks.pl\\\/bwb\\\/produkt\\\/wkladka-uszczelniajaca-kraso-bkp-sciana-z-dodatkowym-uszczelnieniem\\\/#breadcrumb\",\"itemListElement\":[{\"@type\":\"ListItem\",\"position\":1,\"name\":\"Strona g\u0142\u00f3wna\",\"item\":\"https:\\\/\\\/ugwp.cfolks.pl\\\/bwb\\\/\"},{\"@type\":\"ListItem\",\"position\":2,\"name\":\"Wodoszczelne Przej\u015bcia Instalacyjne\",\"item\":\"https:\\\/\\\/ugwp.cfolks.pl\\\/bwb\\\/kategoria\\\/wodoszczelne-przejscia-instalacyjne\\\/\"},{\"@type\":\"ListItem\",\"position\":3,\"name\":\"Systemy Przy\u0142\u0105czy Domowych\",\"item\":\"https:\\\/\\\/ugwp.cfolks.pl\\\/bwb\\\/kategoria\\\/wodoszczelne-przejscia-instalacyjne\\\/systemy-przylaczy-domowych\\\/\"},{\"@type\":\"ListItem\",\"position\":4,\"name\":\"Wk\u0142adka uszczelniaj\u0105ca KRASO\u00ae BKP \u2013 \u015aciana \u2013 z dodatkowym uszczelnieniem\"}]},{\"@type\":\"WebSite\",\"@id\":\"https:\\\/\\\/ugwp.cfolks.pl\\\/bwb\\\/#website\",\"url\":\"https:\\\/\\\/ugwp.cfolks.pl\\\/bwb\\\/\",\"name\":\"BWB technology\",\"description\":\"Kolejna witryna oparta na WordPressie\",\"potentialAction\":[{\"@type\":\"SearchAction\",\"target\":{\"@type\":\"EntryPoint\",\"urlTemplate\":\"https:\\\/\\\/ugwp.cfolks.pl\\\/bwb\\\/?s={search_term_string}\"},\"query-input\":{\"@type\":\"PropertyValueSpecification\",\"valueRequired\":true,\"valueName\":\"search_term_string\"}}],\"inLanguage\":\"pl-PL\"}]}<\/script>\n<!-- \/ Yoast SEO plugin. -->","yoast_head_json":{"title":"Wk\u0142adka Uszczelniaj\u0105ca KRASO\u00ae BKP \u2013 \u015aciana- \u0141atwy Monta\u017c","description":"Wk\u0142adka uszczelniaj\u0105ca KRASO\u00ae BKP \u2013 \u015aciana \u2013 z dodatkowym uszczelnieniem. Wszechstronne rozwi\u0105zanie do uszczelniania i zabezpieczania r\u00f3\u017cnych przy\u0142\u0105czy.","robots":{"index":"noindex","follow":"follow","max-snippet":"max-snippet:-1","max-image-preview":"max-image-preview:large","max-video-preview":"max-video-preview:-1"},"og_locale":"pl_PL","og_type":"article","og_title":"Wk\u0142adka Uszczelniaj\u0105ca KRASO\u00ae BKP \u2013 \u015aciana- \u0141atwy Monta\u017c","og_description":"Wk\u0142adka uszczelniaj\u0105ca KRASO\u00ae BKP \u2013 \u015aciana \u2013 z dodatkowym uszczelnieniem. Wszechstronne rozwi\u0105zanie do uszczelniania i zabezpieczania r\u00f3\u017cnych przy\u0142\u0105czy.","og_url":"https:\/\/ugwp.cfolks.pl\/bwb\/produkt\/wkladka-uszczelniajaca-kraso-bkp-sciana-z-dodatkowym-uszczelnieniem\/","og_site_name":"BWB technology","article_modified_time":"2023-09-28T14:21:47+00:00","og_image":[{"width":1100,"height":810,"url":"https:\/\/ugwp.cfolks.pl\/bwb\/wp-content\/uploads\/Wkladka-uszczelniajaca-KRASO\u00ae-BKP-\u2013-Podloga-\u2013-z-dodatkowym-uszczelnieniem.jpg","type":"image\/jpeg"}],"twitter_card":"summary_large_image","schema":{"@context":"https:\/\/schema.org","@graph":[{"@type":"WebPage","@id":"https:\/\/ugwp.cfolks.pl\/bwb\/produkt\/wkladka-uszczelniajaca-kraso-bkp-sciana-z-dodatkowym-uszczelnieniem\/","url":"https:\/\/ugwp.cfolks.pl\/bwb\/produkt\/wkladka-uszczelniajaca-kraso-bkp-sciana-z-dodatkowym-uszczelnieniem\/","name":"Wk\u0142adka Uszczelniaj\u0105ca KRASO\u00ae BKP \u2013 \u015aciana- \u0141atwy Monta\u017c","isPartOf":{"@id":"https:\/\/ugwp.cfolks.pl\/bwb\/#website"},"primaryImageOfPage":{"@id":"https:\/\/ugwp.cfolks.pl\/bwb\/produkt\/wkladka-uszczelniajaca-kraso-bkp-sciana-z-dodatkowym-uszczelnieniem\/#primaryimage"},"image":{"@id":"https:\/\/ugwp.cfolks.pl\/bwb\/produkt\/wkladka-uszczelniajaca-kraso-bkp-sciana-z-dodatkowym-uszczelnieniem\/#primaryimage"},"thumbnailUrl":"https:\/\/ugwp.cfolks.pl\/bwb\/wp-content\/uploads\/Wkladka-uszczelniajaca-KRASO\u00ae-BKP-\u2013-Podloga-\u2013-z-dodatkowym-uszczelnieniem.jpg","datePublished":"2023-01-29T12:00:23+00:00","dateModified":"2023-09-28T14:21:47+00:00","description":"Wk\u0142adka uszczelniaj\u0105ca KRASO\u00ae BKP \u2013 \u015aciana \u2013 z dodatkowym uszczelnieniem. Wszechstronne rozwi\u0105zanie do uszczelniania i zabezpieczania r\u00f3\u017cnych przy\u0142\u0105czy.","breadcrumb":{"@id":"https:\/\/ugwp.cfolks.pl\/bwb\/produkt\/wkladka-uszczelniajaca-kraso-bkp-sciana-z-dodatkowym-uszczelnieniem\/#breadcrumb"},"inLanguage":"pl-PL","potentialAction":[{"@type":"ReadAction","target":["https:\/\/ugwp.cfolks.pl\/bwb\/produkt\/wkladka-uszczelniajaca-kraso-bkp-sciana-z-dodatkowym-uszczelnieniem\/"]}]},{"@type":"ImageObject","inLanguage":"pl-PL","@id":"https:\/\/ugwp.cfolks.pl\/bwb\/produkt\/wkladka-uszczelniajaca-kraso-bkp-sciana-z-dodatkowym-uszczelnieniem\/#primaryimage","url":"https:\/\/ugwp.cfolks.pl\/bwb\/wp-content\/uploads\/Wkladka-uszczelniajaca-KRASO\u00ae-BKP-\u2013-Podloga-\u2013-z-dodatkowym-uszczelnieniem.jpg","contentUrl":"https:\/\/ugwp.cfolks.pl\/bwb\/wp-content\/uploads\/Wkladka-uszczelniajaca-KRASO\u00ae-BKP-\u2013-Podloga-\u2013-z-dodatkowym-uszczelnieniem.jpg","width":1100,"height":810,"caption":"Wk\u0142adka uszczelniaj\u0105ca KRASO\u00ae BKP \u2013 \u015aciana \u2013 z dodatkowym uszczelnieniem"},{"@type":"BreadcrumbList","@id":"https:\/\/ugwp.cfolks.pl\/bwb\/produkt\/wkladka-uszczelniajaca-kraso-bkp-sciana-z-dodatkowym-uszczelnieniem\/#breadcrumb","itemListElement":[{"@type":"ListItem","position":1,"name":"Strona g\u0142\u00f3wna","item":"https:\/\/ugwp.cfolks.pl\/bwb\/"},{"@type":"ListItem","position":2,"name":"Wodoszczelne Przej\u015bcia Instalacyjne","item":"https:\/\/ugwp.cfolks.pl\/bwb\/kategoria\/wodoszczelne-przejscia-instalacyjne\/"},{"@type":"ListItem","position":3,"name":"Systemy Przy\u0142\u0105czy Domowych","item":"https:\/\/ugwp.cfolks.pl\/bwb\/kategoria\/wodoszczelne-przejscia-instalacyjne\/systemy-przylaczy-domowych\/"},{"@type":"ListItem","position":4,"name":"Wk\u0142adka uszczelniaj\u0105ca KRASO\u00ae BKP \u2013 \u015aciana \u2013 z dodatkowym uszczelnieniem"}]},{"@type":"WebSite","@id":"https:\/\/ugwp.cfolks.pl\/bwb\/#website","url":"https:\/\/ugwp.cfolks.pl\/bwb\/","name":"BWB technology","description":"Kolejna witryna oparta na WordPressie","potentialAction":[{"@type":"SearchAction","target":{"@type":"EntryPoint","urlTemplate":"https:\/\/ugwp.cfolks.pl\/bwb\/?s={search_term_string}"},"query-input":{"@type":"PropertyValueSpecification","valueRequired":true,"valueName":"search_term_string"}}],"inLanguage":"pl-PL"}]}},"_links":{"self":[{"href":"https:\/\/ugwp.cfolks.pl\/bwb\/wp-json\/wp\/v2\/product\/2950","targetHints":{"allow":["GET"]}}],"collection":[{"href":"https:\/\/ugwp.cfolks.pl\/bwb\/wp-json\/wp\/v2\/product"}],"about":[{"href":"https:\/\/ugwp.cfolks.pl\/bwb\/wp-json\/wp\/v2\/types\/product"}],"wp:featuredmedia":[{"embeddable":true,"href":"https:\/\/ugwp.cfolks.pl\/bwb\/wp-json\/wp\/v2\/media\/2975"}],"wp:attachment":[{"href":"https:\/\/ugwp.cfolks.pl\/bwb\/wp-json\/wp\/v2\/media?parent=2950"}],"wp:term":[{"taxonomy":"product_cat","embeddable":true,"href":"https:\/\/ugwp.cfolks.pl\/bwb\/wp-json\/wp\/v2\/product_cat?post=2950"},{"taxonomy":"product_tag","embeddable":true,"href":"https:\/\/ugwp.cfolks.pl\/bwb\/wp-json\/wp\/v2\/product_tag?post=2950"}],"curies":[{"name":"wp","href":"https:\/\/api.w.org\/{rel}","templated":true}]}}