{"id":2947,"date":"2023-01-29T13:00:00","date_gmt":"2023-01-29T12:00:00","guid":{"rendered":"https:\/\/ugwp.cfolks.pl\/bwb\/?post_type=product&#038;p=2947"},"modified":"2023-09-28T15:59:57","modified_gmt":"2023-09-28T13:59:57","slug":"systemowe-przylacze-scienne-kraso-bkp-nfe","status":"publish","type":"product","link":"https:\/\/ugwp.cfolks.pl\/bwb\/produkt\/systemowe-przylacze-scienne-kraso-bkp-nfe\/","title":{"rendered":"Systemowe przy\u0142\u0105cze \u015bcienne KRASO\u00ae BKP &#8211; NFE"},"content":{"rendered":"","protected":false},"excerpt":{"rendered":"<p>Systemowe przy\u0142\u0105cze \u015bcienne KRASO<sup>\u00ae<\/sup> BKP-NFE to wygodne po\u0142\u0105czenie piwnicy z sieci\u0105 ogrzewania lokalnego, sieciowego lub geotermalnego dla rur o \u015brednicy: 110, 90, 75, 50, 40 lub 32 mm, opcjonalnie dost\u0119pne tak\u017ce dla \u015brednicy rury 125 mm. Mo\u017ce by\u0107 r\u00f3wnie\u017c stosowane do przy\u0142\u0105czy: wody, pr\u0105du elektrycznego i instalacji teletechnicznych. Uniwersalne rozwi\u0105zanie dla \u015bcian prefabrykowanych, z betonu lanego na miejscu budowy, rur os\u0142onowych i otwor\u00f3w rdzeniowych o \u015brednicy 300 mm. Zewn\u0119trzny element uszczelniaj\u0105cy z ko\u0142nierzem uszczelniaj\u0105cym wykonany wg normy DIN 18533. Systemowe przy\u0142\u0105cze \u015bcienne KRASO<sup>\u00ae<\/sup> BKP-NFE nie przepuszcza radonu i jest odporne na metan. Wszystkie elementy zapewniaj\u0105ce bezpieczne pod\u0142\u0105czenie do sieci sprawdzone wg norm DVGW.<\/p>\n<p>Systemowe przy\u0142\u0105cze \u015bcienne KRASO<sup>\u00ae<\/sup> BKP-NFE sk\u0142ada si\u0119 z: uszczelnienia wewn\u0119trznego z pi\u0119cioma rurami os\u0142onowymi do przyj\u0119cia przewod\u00f3w ogrzewania lokalnego, sieciowego lub geotermalnego (zasilanie i powr\u00f3t), wody, pr\u0105du elektrycznego i instalacji teletechnicznych wraz z za\u015blepkami oraz z uszczelnienia zewn\u0119trznego sk\u0142adaj\u0105cego si\u0119 z wk\u0142adek uszczelniaj\u0105cych z dodatkowym uszczelnieniem do medi\u00f3w wed\u0142ug specyfikacji projektowej. Opcjonalnie dost\u0119pny zestaw przed\u0142u\u017caj\u0105cy KRASO<sup>\u00ae<\/sup> BKP \u2013 \u015aciana &#8211; NFE: dla rur os\u0142onowych karbowanych, rur KRASO<sup>\u00ae<\/sup> FLS lub sztywnych rur os\u0142onowych.<\/p>\n","protected":false},"featured_media":2998,"template":"","meta":{"_acf_changed":false},"product_cat":[142],"product_tag":[],"class_list":{"0":"post-2947","1":"product","2":"type-product","3":"status-publish","4":"has-post-thumbnail","6":"product_cat-systemy-przylaczy-domowych","8":"first","9":"instock","10":"shipping-taxable","11":"product-type-simple"},"acf":[],"yoast_head":"<!-- This site is optimized with the Yoast SEO plugin v27.3 - https:\/\/yoast.com\/product\/yoast-seo-wordpress\/ -->\n<title>Systemowe Przy\u0142\u0105cze \u015acienne KRASO\u00ae BKP - NFE<\/title>\n<meta name=\"description\" content=\"Systemowe przy\u0142\u0105cze \u015bcienne KRASO\u00ae BKP - NFE - wygodne i niezawodne rozwi\u0105zanie pod\u0142\u0105czenia medi\u00f3w w Twoim domu. Zgodne z norm\u0105 DIN 18533.\" \/>\n<meta name=\"robots\" content=\"noindex, follow, max-snippet:-1, max-image-preview:large, max-video-preview:-1\" \/>\n<meta property=\"og:locale\" content=\"pl_PL\" \/>\n<meta property=\"og:type\" content=\"article\" \/>\n<meta property=\"og:title\" content=\"Systemowe Przy\u0142\u0105cze \u015acienne KRASO\u00ae BKP - NFE\" \/>\n<meta property=\"og:description\" content=\"Systemowe przy\u0142\u0105cze \u015bcienne KRASO\u00ae BKP - NFE - wygodne i niezawodne rozwi\u0105zanie pod\u0142\u0105czenia medi\u00f3w w Twoim domu. Zgodne z norm\u0105 DIN 18533.\" \/>\n<meta property=\"og:url\" content=\"https:\/\/ugwp.cfolks.pl\/bwb\/produkt\/systemowe-przylacze-scienne-kraso-bkp-nfe\/\" \/>\n<meta property=\"og:site_name\" content=\"BWB technology\" \/>\n<meta property=\"article:modified_time\" content=\"2023-09-28T13:59:57+00:00\" \/>\n<meta property=\"og:image\" content=\"https:\/\/ugwp.cfolks.pl\/bwb\/wp-content\/uploads\/Systemowe-przylacze-scienne-KRASO\u00ae-BKP-NFE.jpg\" \/>\n\t<meta property=\"og:image:width\" content=\"1100\" \/>\n\t<meta property=\"og:image:height\" content=\"810\" \/>\n\t<meta property=\"og:image:type\" content=\"image\/jpeg\" \/>\n<meta name=\"twitter:card\" content=\"summary_large_image\" \/>\n<script type=\"application\/ld+json\" class=\"yoast-schema-graph\">{\"@context\":\"https:\\\/\\\/schema.org\",\"@graph\":[{\"@type\":\"WebPage\",\"@id\":\"https:\\\/\\\/ugwp.cfolks.pl\\\/bwb\\\/produkt\\\/systemowe-przylacze-scienne-kraso-bkp-nfe\\\/\",\"url\":\"https:\\\/\\\/ugwp.cfolks.pl\\\/bwb\\\/produkt\\\/systemowe-przylacze-scienne-kraso-bkp-nfe\\\/\",\"name\":\"Systemowe Przy\u0142\u0105cze \u015acienne KRASO\u00ae BKP - NFE\",\"isPartOf\":{\"@id\":\"https:\\\/\\\/ugwp.cfolks.pl\\\/bwb\\\/#website\"},\"primaryImageOfPage\":{\"@id\":\"https:\\\/\\\/ugwp.cfolks.pl\\\/bwb\\\/produkt\\\/systemowe-przylacze-scienne-kraso-bkp-nfe\\\/#primaryimage\"},\"image\":{\"@id\":\"https:\\\/\\\/ugwp.cfolks.pl\\\/bwb\\\/produkt\\\/systemowe-przylacze-scienne-kraso-bkp-nfe\\\/#primaryimage\"},\"thumbnailUrl\":\"https:\\\/\\\/ugwp.cfolks.pl\\\/bwb\\\/wp-content\\\/uploads\\\/Systemowe-przylacze-scienne-KRASO\u00ae-BKP-NFE.jpg\",\"datePublished\":\"2023-01-29T12:00:00+00:00\",\"dateModified\":\"2023-09-28T13:59:57+00:00\",\"description\":\"Systemowe przy\u0142\u0105cze \u015bcienne KRASO\u00ae BKP - NFE - wygodne i niezawodne rozwi\u0105zanie pod\u0142\u0105czenia medi\u00f3w w Twoim domu. Zgodne z norm\u0105 DIN 18533.\",\"breadcrumb\":{\"@id\":\"https:\\\/\\\/ugwp.cfolks.pl\\\/bwb\\\/produkt\\\/systemowe-przylacze-scienne-kraso-bkp-nfe\\\/#breadcrumb\"},\"inLanguage\":\"pl-PL\",\"potentialAction\":[{\"@type\":\"ReadAction\",\"target\":[\"https:\\\/\\\/ugwp.cfolks.pl\\\/bwb\\\/produkt\\\/systemowe-przylacze-scienne-kraso-bkp-nfe\\\/\"]}]},{\"@type\":\"ImageObject\",\"inLanguage\":\"pl-PL\",\"@id\":\"https:\\\/\\\/ugwp.cfolks.pl\\\/bwb\\\/produkt\\\/systemowe-przylacze-scienne-kraso-bkp-nfe\\\/#primaryimage\",\"url\":\"https:\\\/\\\/ugwp.cfolks.pl\\\/bwb\\\/wp-content\\\/uploads\\\/Systemowe-przylacze-scienne-KRASO\u00ae-BKP-NFE.jpg\",\"contentUrl\":\"https:\\\/\\\/ugwp.cfolks.pl\\\/bwb\\\/wp-content\\\/uploads\\\/Systemowe-przylacze-scienne-KRASO\u00ae-BKP-NFE.jpg\",\"width\":1100,\"height\":810,\"caption\":\"Systemowe przy\u0142\u0105cze \u015bcienne KRASO\u00ae BKP - NFE\"},{\"@type\":\"BreadcrumbList\",\"@id\":\"https:\\\/\\\/ugwp.cfolks.pl\\\/bwb\\\/produkt\\\/systemowe-przylacze-scienne-kraso-bkp-nfe\\\/#breadcrumb\",\"itemListElement\":[{\"@type\":\"ListItem\",\"position\":1,\"name\":\"Strona g\u0142\u00f3wna\",\"item\":\"https:\\\/\\\/ugwp.cfolks.pl\\\/bwb\\\/\"},{\"@type\":\"ListItem\",\"position\":2,\"name\":\"Wodoszczelne Przej\u015bcia Instalacyjne\",\"item\":\"https:\\\/\\\/ugwp.cfolks.pl\\\/bwb\\\/kategoria\\\/wodoszczelne-przejscia-instalacyjne\\\/\"},{\"@type\":\"ListItem\",\"position\":3,\"name\":\"Systemy Przy\u0142\u0105czy Domowych\",\"item\":\"https:\\\/\\\/ugwp.cfolks.pl\\\/bwb\\\/kategoria\\\/wodoszczelne-przejscia-instalacyjne\\\/systemy-przylaczy-domowych\\\/\"},{\"@type\":\"ListItem\",\"position\":4,\"name\":\"Systemowe przy\u0142\u0105cze \u015bcienne KRASO\u00ae BKP &#8211; NFE\"}]},{\"@type\":\"WebSite\",\"@id\":\"https:\\\/\\\/ugwp.cfolks.pl\\\/bwb\\\/#website\",\"url\":\"https:\\\/\\\/ugwp.cfolks.pl\\\/bwb\\\/\",\"name\":\"BWB technology\",\"description\":\"Kolejna witryna oparta na WordPressie\",\"potentialAction\":[{\"@type\":\"SearchAction\",\"target\":{\"@type\":\"EntryPoint\",\"urlTemplate\":\"https:\\\/\\\/ugwp.cfolks.pl\\\/bwb\\\/?s={search_term_string}\"},\"query-input\":{\"@type\":\"PropertyValueSpecification\",\"valueRequired\":true,\"valueName\":\"search_term_string\"}}],\"inLanguage\":\"pl-PL\"}]}<\/script>\n<!-- \/ Yoast SEO plugin. -->","yoast_head_json":{"title":"Systemowe Przy\u0142\u0105cze \u015acienne KRASO\u00ae BKP - NFE","description":"Systemowe przy\u0142\u0105cze \u015bcienne KRASO\u00ae BKP - NFE - wygodne i niezawodne rozwi\u0105zanie pod\u0142\u0105czenia medi\u00f3w w Twoim domu. Zgodne z norm\u0105 DIN 18533.","robots":{"index":"noindex","follow":"follow","max-snippet":"max-snippet:-1","max-image-preview":"max-image-preview:large","max-video-preview":"max-video-preview:-1"},"og_locale":"pl_PL","og_type":"article","og_title":"Systemowe Przy\u0142\u0105cze \u015acienne KRASO\u00ae BKP - NFE","og_description":"Systemowe przy\u0142\u0105cze \u015bcienne KRASO\u00ae BKP - NFE - wygodne i niezawodne rozwi\u0105zanie pod\u0142\u0105czenia medi\u00f3w w Twoim domu. Zgodne z norm\u0105 DIN 18533.","og_url":"https:\/\/ugwp.cfolks.pl\/bwb\/produkt\/systemowe-przylacze-scienne-kraso-bkp-nfe\/","og_site_name":"BWB technology","article_modified_time":"2023-09-28T13:59:57+00:00","og_image":[{"width":1100,"height":810,"url":"https:\/\/ugwp.cfolks.pl\/bwb\/wp-content\/uploads\/Systemowe-przylacze-scienne-KRASO\u00ae-BKP-NFE.jpg","type":"image\/jpeg"}],"twitter_card":"summary_large_image","schema":{"@context":"https:\/\/schema.org","@graph":[{"@type":"WebPage","@id":"https:\/\/ugwp.cfolks.pl\/bwb\/produkt\/systemowe-przylacze-scienne-kraso-bkp-nfe\/","url":"https:\/\/ugwp.cfolks.pl\/bwb\/produkt\/systemowe-przylacze-scienne-kraso-bkp-nfe\/","name":"Systemowe Przy\u0142\u0105cze \u015acienne KRASO\u00ae BKP - NFE","isPartOf":{"@id":"https:\/\/ugwp.cfolks.pl\/bwb\/#website"},"primaryImageOfPage":{"@id":"https:\/\/ugwp.cfolks.pl\/bwb\/produkt\/systemowe-przylacze-scienne-kraso-bkp-nfe\/#primaryimage"},"image":{"@id":"https:\/\/ugwp.cfolks.pl\/bwb\/produkt\/systemowe-przylacze-scienne-kraso-bkp-nfe\/#primaryimage"},"thumbnailUrl":"https:\/\/ugwp.cfolks.pl\/bwb\/wp-content\/uploads\/Systemowe-przylacze-scienne-KRASO\u00ae-BKP-NFE.jpg","datePublished":"2023-01-29T12:00:00+00:00","dateModified":"2023-09-28T13:59:57+00:00","description":"Systemowe przy\u0142\u0105cze \u015bcienne KRASO\u00ae BKP - NFE - wygodne i niezawodne rozwi\u0105zanie pod\u0142\u0105czenia medi\u00f3w w Twoim domu. Zgodne z norm\u0105 DIN 18533.","breadcrumb":{"@id":"https:\/\/ugwp.cfolks.pl\/bwb\/produkt\/systemowe-przylacze-scienne-kraso-bkp-nfe\/#breadcrumb"},"inLanguage":"pl-PL","potentialAction":[{"@type":"ReadAction","target":["https:\/\/ugwp.cfolks.pl\/bwb\/produkt\/systemowe-przylacze-scienne-kraso-bkp-nfe\/"]}]},{"@type":"ImageObject","inLanguage":"pl-PL","@id":"https:\/\/ugwp.cfolks.pl\/bwb\/produkt\/systemowe-przylacze-scienne-kraso-bkp-nfe\/#primaryimage","url":"https:\/\/ugwp.cfolks.pl\/bwb\/wp-content\/uploads\/Systemowe-przylacze-scienne-KRASO\u00ae-BKP-NFE.jpg","contentUrl":"https:\/\/ugwp.cfolks.pl\/bwb\/wp-content\/uploads\/Systemowe-przylacze-scienne-KRASO\u00ae-BKP-NFE.jpg","width":1100,"height":810,"caption":"Systemowe przy\u0142\u0105cze \u015bcienne KRASO\u00ae BKP - NFE"},{"@type":"BreadcrumbList","@id":"https:\/\/ugwp.cfolks.pl\/bwb\/produkt\/systemowe-przylacze-scienne-kraso-bkp-nfe\/#breadcrumb","itemListElement":[{"@type":"ListItem","position":1,"name":"Strona g\u0142\u00f3wna","item":"https:\/\/ugwp.cfolks.pl\/bwb\/"},{"@type":"ListItem","position":2,"name":"Wodoszczelne Przej\u015bcia Instalacyjne","item":"https:\/\/ugwp.cfolks.pl\/bwb\/kategoria\/wodoszczelne-przejscia-instalacyjne\/"},{"@type":"ListItem","position":3,"name":"Systemy Przy\u0142\u0105czy Domowych","item":"https:\/\/ugwp.cfolks.pl\/bwb\/kategoria\/wodoszczelne-przejscia-instalacyjne\/systemy-przylaczy-domowych\/"},{"@type":"ListItem","position":4,"name":"Systemowe przy\u0142\u0105cze \u015bcienne KRASO\u00ae BKP &#8211; NFE"}]},{"@type":"WebSite","@id":"https:\/\/ugwp.cfolks.pl\/bwb\/#website","url":"https:\/\/ugwp.cfolks.pl\/bwb\/","name":"BWB technology","description":"Kolejna witryna oparta na WordPressie","potentialAction":[{"@type":"SearchAction","target":{"@type":"EntryPoint","urlTemplate":"https:\/\/ugwp.cfolks.pl\/bwb\/?s={search_term_string}"},"query-input":{"@type":"PropertyValueSpecification","valueRequired":true,"valueName":"search_term_string"}}],"inLanguage":"pl-PL"}]}},"_links":{"self":[{"href":"https:\/\/ugwp.cfolks.pl\/bwb\/wp-json\/wp\/v2\/product\/2947","targetHints":{"allow":["GET"]}}],"collection":[{"href":"https:\/\/ugwp.cfolks.pl\/bwb\/wp-json\/wp\/v2\/product"}],"about":[{"href":"https:\/\/ugwp.cfolks.pl\/bwb\/wp-json\/wp\/v2\/types\/product"}],"wp:featuredmedia":[{"embeddable":true,"href":"https:\/\/ugwp.cfolks.pl\/bwb\/wp-json\/wp\/v2\/media\/2998"}],"wp:attachment":[{"href":"https:\/\/ugwp.cfolks.pl\/bwb\/wp-json\/wp\/v2\/media?parent=2947"}],"wp:term":[{"taxonomy":"product_cat","embeddable":true,"href":"https:\/\/ugwp.cfolks.pl\/bwb\/wp-json\/wp\/v2\/product_cat?post=2947"},{"taxonomy":"product_tag","embeddable":true,"href":"https:\/\/ugwp.cfolks.pl\/bwb\/wp-json\/wp\/v2\/product_tag?post=2947"}],"curies":[{"name":"wp","href":"https:\/\/api.w.org\/{rel}","templated":true}]}}