{"id":2946,"date":"2023-01-29T12:59:53","date_gmt":"2023-01-29T11:59:53","guid":{"rendered":"https:\/\/ugwp.cfolks.pl\/bwb\/?post_type=product&#038;p=2946"},"modified":"2023-09-28T15:32:45","modified_gmt":"2023-09-28T13:32:45","slug":"systemowe-przylacze-scienne-kraso-bkp-zestaw-kompletny","status":"publish","type":"product","link":"https:\/\/ugwp.cfolks.pl\/bwb\/produkt\/systemowe-przylacze-scienne-kraso-bkp-zestaw-kompletny\/","title":{"rendered":"Systemowe przy\u0142\u0105cze \u015bcienne KRASO\u00ae BKP \u2013 zestaw kompletny"},"content":{"rendered":"","protected":false},"excerpt":{"rendered":"<p>Systemowe przy\u0142\u0105cze \u015bcienne KRASO<sup>\u00ae<\/sup> BKP \u2013 zestaw kompletny to wielobran\u017cowe przy\u0142\u0105cze domowe dla medi\u00f3w (pr\u0105d elektryczny, woda, instalacje teletechniczne, gaz) dla budynk\u00f3w podpiwniczonych. Certyfikat DVGW wg normy VP 601 potwierdza gazo- i wodoszczelno\u015b\u0107 kompletnego systemu do 1 bara. Uniwersalne rozwi\u0105zanie dla \u015bcian prefabrykowanych, z betonu lanego na miejscu budowy, rur os\u0142onowych i otwor\u00f3w rdzeniowych o \u015brednicy 200 mm. Zewn\u0119trzny element uszczelniaj\u0105cy z ko\u0142nierzem uszczelniaj\u0105cym wykonany wg normy DIN 18533.<\/p>\n<p>Systemowe przy\u0142\u0105cze \u015bcienne KRASO<sup>\u00ae<\/sup> BKP \u2013 zestaw podstawowy nie przepuszcza radonu i jest odporny na metan. Wszystkie elementy zapewniaj\u0105ce bezpieczne pod\u0142\u0105czenie do sieci Sprawdzone wg norm DVGW. S<\/p>\n<p>ystemowe przy\u0142\u0105cze \u015bcienne KRASO<sup>\u00ae<\/sup> BKP \u2013 zestaw kompletny sk\u0142ada si\u0119 z uszczelnienia wewn\u0119trznego z zamontowanymi wst\u0119pnie rurami os\u0142onowymi, z za\u015blepkami, do przyj\u0119cia przewod\u00f3w gazu, wody, pr\u0105du elektrycznego, medi\u00f3w elektrotechnicznych oraz uszczelnienie zewn\u0119trzne sk\u0142adaj\u0105cego si\u0119 z zestawu KRASO<sup>\u00ae<\/sup> BKP \u2013 \u015aciana (8 x w\u0105\u017c kurczliwy 95\/ 25, 4 x rura przej\u015bciowa DN 90 z za\u015blepk\u0105) oraz wk\u0142adek uszczelniaj\u0105cych KRASO<sup>\u00ae<\/sup> BKP \u2013 \u015aciana z uszczelnieniem dodatkowym. Systemowe przy\u0142\u0105cze \u015bcienne KRASO<sup>\u00ae<\/sup> BKP \u2013 zestaw kompletny obejmuje zestawy monta\u017cowe zabezpieczaj\u0105ce przed przekr\u0119ceniem i wyrwaniem dla przy\u0142\u0105cza gazu.<\/p>\n","protected":false},"featured_media":2993,"template":"","meta":{"_acf_changed":false},"product_cat":[142],"product_tag":[],"class_list":{"0":"post-2946","1":"product","2":"type-product","3":"status-publish","4":"has-post-thumbnail","6":"product_cat-systemy-przylaczy-domowych","8":"first","9":"instock","10":"shipping-taxable","11":"product-type-simple"},"acf":[],"yoast_head":"<!-- This site is optimized with the Yoast SEO plugin v27.3 - https:\/\/yoast.com\/product\/yoast-seo-wordpress\/ -->\n<title>Systemowe Przy\u0142\u0105cze \u015acienne KRASO\u00ae BKP \u2013 Zestaw Kompletny<\/title>\n<meta name=\"description\" content=\"Systemowe przy\u0142\u0105cze \u015bcienne KRASO\u00ae BKP \u2013 zestaw kompletny to kompleksowe rozwi\u0105zanie dla dom\u00f3w, pozwalaj\u0105ce na bezpieczne i wygodne pod\u0142\u0105czenie medi\u00f3w.\" \/>\n<meta name=\"robots\" content=\"noindex, follow, max-snippet:-1, max-image-preview:large, max-video-preview:-1\" \/>\n<meta property=\"og:locale\" content=\"pl_PL\" \/>\n<meta property=\"og:type\" content=\"article\" \/>\n<meta property=\"og:title\" content=\"Systemowe Przy\u0142\u0105cze \u015acienne KRASO\u00ae BKP \u2013 Zestaw Kompletny\" \/>\n<meta property=\"og:description\" content=\"Systemowe przy\u0142\u0105cze \u015bcienne KRASO\u00ae BKP \u2013 zestaw kompletny to kompleksowe rozwi\u0105zanie dla dom\u00f3w, pozwalaj\u0105ce na bezpieczne i wygodne pod\u0142\u0105czenie medi\u00f3w.\" \/>\n<meta property=\"og:url\" content=\"https:\/\/ugwp.cfolks.pl\/bwb\/produkt\/systemowe-przylacze-scienne-kraso-bkp-zestaw-kompletny\/\" \/>\n<meta property=\"og:site_name\" content=\"BWB technology\" \/>\n<meta property=\"article:modified_time\" content=\"2023-09-28T13:32:45+00:00\" \/>\n<meta property=\"og:image\" content=\"https:\/\/ugwp.cfolks.pl\/bwb\/wp-content\/uploads\/Systemowe-przylacze-scienne-KRASO\u00ae-BKP-\u2013-zestaw-kompletny.jpg\" \/>\n\t<meta property=\"og:image:width\" content=\"1100\" \/>\n\t<meta property=\"og:image:height\" content=\"810\" \/>\n\t<meta property=\"og:image:type\" content=\"image\/jpeg\" \/>\n<meta name=\"twitter:card\" content=\"summary_large_image\" \/>\n<script type=\"application\/ld+json\" class=\"yoast-schema-graph\">{\"@context\":\"https:\\\/\\\/schema.org\",\"@graph\":[{\"@type\":\"WebPage\",\"@id\":\"https:\\\/\\\/ugwp.cfolks.pl\\\/bwb\\\/produkt\\\/systemowe-przylacze-scienne-kraso-bkp-zestaw-kompletny\\\/\",\"url\":\"https:\\\/\\\/ugwp.cfolks.pl\\\/bwb\\\/produkt\\\/systemowe-przylacze-scienne-kraso-bkp-zestaw-kompletny\\\/\",\"name\":\"Systemowe Przy\u0142\u0105cze \u015acienne KRASO\u00ae BKP \u2013 Zestaw Kompletny\",\"isPartOf\":{\"@id\":\"https:\\\/\\\/ugwp.cfolks.pl\\\/bwb\\\/#website\"},\"primaryImageOfPage\":{\"@id\":\"https:\\\/\\\/ugwp.cfolks.pl\\\/bwb\\\/produkt\\\/systemowe-przylacze-scienne-kraso-bkp-zestaw-kompletny\\\/#primaryimage\"},\"image\":{\"@id\":\"https:\\\/\\\/ugwp.cfolks.pl\\\/bwb\\\/produkt\\\/systemowe-przylacze-scienne-kraso-bkp-zestaw-kompletny\\\/#primaryimage\"},\"thumbnailUrl\":\"https:\\\/\\\/ugwp.cfolks.pl\\\/bwb\\\/wp-content\\\/uploads\\\/Systemowe-przylacze-scienne-KRASO\u00ae-BKP-\u2013-zestaw-kompletny.jpg\",\"datePublished\":\"2023-01-29T11:59:53+00:00\",\"dateModified\":\"2023-09-28T13:32:45+00:00\",\"description\":\"Systemowe przy\u0142\u0105cze \u015bcienne KRASO\u00ae BKP \u2013 zestaw kompletny to kompleksowe rozwi\u0105zanie dla dom\u00f3w, pozwalaj\u0105ce na bezpieczne i wygodne pod\u0142\u0105czenie medi\u00f3w.\",\"breadcrumb\":{\"@id\":\"https:\\\/\\\/ugwp.cfolks.pl\\\/bwb\\\/produkt\\\/systemowe-przylacze-scienne-kraso-bkp-zestaw-kompletny\\\/#breadcrumb\"},\"inLanguage\":\"pl-PL\",\"potentialAction\":[{\"@type\":\"ReadAction\",\"target\":[\"https:\\\/\\\/ugwp.cfolks.pl\\\/bwb\\\/produkt\\\/systemowe-przylacze-scienne-kraso-bkp-zestaw-kompletny\\\/\"]}]},{\"@type\":\"ImageObject\",\"inLanguage\":\"pl-PL\",\"@id\":\"https:\\\/\\\/ugwp.cfolks.pl\\\/bwb\\\/produkt\\\/systemowe-przylacze-scienne-kraso-bkp-zestaw-kompletny\\\/#primaryimage\",\"url\":\"https:\\\/\\\/ugwp.cfolks.pl\\\/bwb\\\/wp-content\\\/uploads\\\/Systemowe-przylacze-scienne-KRASO\u00ae-BKP-\u2013-zestaw-kompletny.jpg\",\"contentUrl\":\"https:\\\/\\\/ugwp.cfolks.pl\\\/bwb\\\/wp-content\\\/uploads\\\/Systemowe-przylacze-scienne-KRASO\u00ae-BKP-\u2013-zestaw-kompletny.jpg\",\"width\":1100,\"height\":810,\"caption\":\"Systemowe przy\u0142\u0105cze \u015bcienne KRASO\u00ae BKP \u2013 zestaw kompletny\"},{\"@type\":\"BreadcrumbList\",\"@id\":\"https:\\\/\\\/ugwp.cfolks.pl\\\/bwb\\\/produkt\\\/systemowe-przylacze-scienne-kraso-bkp-zestaw-kompletny\\\/#breadcrumb\",\"itemListElement\":[{\"@type\":\"ListItem\",\"position\":1,\"name\":\"Strona g\u0142\u00f3wna\",\"item\":\"https:\\\/\\\/ugwp.cfolks.pl\\\/bwb\\\/\"},{\"@type\":\"ListItem\",\"position\":2,\"name\":\"Wodoszczelne Przej\u015bcia Instalacyjne\",\"item\":\"https:\\\/\\\/ugwp.cfolks.pl\\\/bwb\\\/kategoria\\\/wodoszczelne-przejscia-instalacyjne\\\/\"},{\"@type\":\"ListItem\",\"position\":3,\"name\":\"Systemy Przy\u0142\u0105czy Domowych\",\"item\":\"https:\\\/\\\/ugwp.cfolks.pl\\\/bwb\\\/kategoria\\\/wodoszczelne-przejscia-instalacyjne\\\/systemy-przylaczy-domowych\\\/\"},{\"@type\":\"ListItem\",\"position\":4,\"name\":\"Systemowe przy\u0142\u0105cze \u015bcienne KRASO\u00ae BKP \u2013 zestaw kompletny\"}]},{\"@type\":\"WebSite\",\"@id\":\"https:\\\/\\\/ugwp.cfolks.pl\\\/bwb\\\/#website\",\"url\":\"https:\\\/\\\/ugwp.cfolks.pl\\\/bwb\\\/\",\"name\":\"BWB technology\",\"description\":\"Kolejna witryna oparta na WordPressie\",\"potentialAction\":[{\"@type\":\"SearchAction\",\"target\":{\"@type\":\"EntryPoint\",\"urlTemplate\":\"https:\\\/\\\/ugwp.cfolks.pl\\\/bwb\\\/?s={search_term_string}\"},\"query-input\":{\"@type\":\"PropertyValueSpecification\",\"valueRequired\":true,\"valueName\":\"search_term_string\"}}],\"inLanguage\":\"pl-PL\"}]}<\/script>\n<!-- \/ Yoast SEO plugin. -->","yoast_head_json":{"title":"Systemowe Przy\u0142\u0105cze \u015acienne KRASO\u00ae BKP \u2013 Zestaw Kompletny","description":"Systemowe przy\u0142\u0105cze \u015bcienne KRASO\u00ae BKP \u2013 zestaw kompletny to kompleksowe rozwi\u0105zanie dla dom\u00f3w, pozwalaj\u0105ce na bezpieczne i wygodne pod\u0142\u0105czenie medi\u00f3w.","robots":{"index":"noindex","follow":"follow","max-snippet":"max-snippet:-1","max-image-preview":"max-image-preview:large","max-video-preview":"max-video-preview:-1"},"og_locale":"pl_PL","og_type":"article","og_title":"Systemowe Przy\u0142\u0105cze \u015acienne KRASO\u00ae BKP \u2013 Zestaw Kompletny","og_description":"Systemowe przy\u0142\u0105cze \u015bcienne KRASO\u00ae BKP \u2013 zestaw kompletny to kompleksowe rozwi\u0105zanie dla dom\u00f3w, pozwalaj\u0105ce na bezpieczne i wygodne pod\u0142\u0105czenie medi\u00f3w.","og_url":"https:\/\/ugwp.cfolks.pl\/bwb\/produkt\/systemowe-przylacze-scienne-kraso-bkp-zestaw-kompletny\/","og_site_name":"BWB technology","article_modified_time":"2023-09-28T13:32:45+00:00","og_image":[{"width":1100,"height":810,"url":"https:\/\/ugwp.cfolks.pl\/bwb\/wp-content\/uploads\/Systemowe-przylacze-scienne-KRASO\u00ae-BKP-\u2013-zestaw-kompletny.jpg","type":"image\/jpeg"}],"twitter_card":"summary_large_image","schema":{"@context":"https:\/\/schema.org","@graph":[{"@type":"WebPage","@id":"https:\/\/ugwp.cfolks.pl\/bwb\/produkt\/systemowe-przylacze-scienne-kraso-bkp-zestaw-kompletny\/","url":"https:\/\/ugwp.cfolks.pl\/bwb\/produkt\/systemowe-przylacze-scienne-kraso-bkp-zestaw-kompletny\/","name":"Systemowe Przy\u0142\u0105cze \u015acienne KRASO\u00ae BKP \u2013 Zestaw Kompletny","isPartOf":{"@id":"https:\/\/ugwp.cfolks.pl\/bwb\/#website"},"primaryImageOfPage":{"@id":"https:\/\/ugwp.cfolks.pl\/bwb\/produkt\/systemowe-przylacze-scienne-kraso-bkp-zestaw-kompletny\/#primaryimage"},"image":{"@id":"https:\/\/ugwp.cfolks.pl\/bwb\/produkt\/systemowe-przylacze-scienne-kraso-bkp-zestaw-kompletny\/#primaryimage"},"thumbnailUrl":"https:\/\/ugwp.cfolks.pl\/bwb\/wp-content\/uploads\/Systemowe-przylacze-scienne-KRASO\u00ae-BKP-\u2013-zestaw-kompletny.jpg","datePublished":"2023-01-29T11:59:53+00:00","dateModified":"2023-09-28T13:32:45+00:00","description":"Systemowe przy\u0142\u0105cze \u015bcienne KRASO\u00ae BKP \u2013 zestaw kompletny to kompleksowe rozwi\u0105zanie dla dom\u00f3w, pozwalaj\u0105ce na bezpieczne i wygodne pod\u0142\u0105czenie medi\u00f3w.","breadcrumb":{"@id":"https:\/\/ugwp.cfolks.pl\/bwb\/produkt\/systemowe-przylacze-scienne-kraso-bkp-zestaw-kompletny\/#breadcrumb"},"inLanguage":"pl-PL","potentialAction":[{"@type":"ReadAction","target":["https:\/\/ugwp.cfolks.pl\/bwb\/produkt\/systemowe-przylacze-scienne-kraso-bkp-zestaw-kompletny\/"]}]},{"@type":"ImageObject","inLanguage":"pl-PL","@id":"https:\/\/ugwp.cfolks.pl\/bwb\/produkt\/systemowe-przylacze-scienne-kraso-bkp-zestaw-kompletny\/#primaryimage","url":"https:\/\/ugwp.cfolks.pl\/bwb\/wp-content\/uploads\/Systemowe-przylacze-scienne-KRASO\u00ae-BKP-\u2013-zestaw-kompletny.jpg","contentUrl":"https:\/\/ugwp.cfolks.pl\/bwb\/wp-content\/uploads\/Systemowe-przylacze-scienne-KRASO\u00ae-BKP-\u2013-zestaw-kompletny.jpg","width":1100,"height":810,"caption":"Systemowe przy\u0142\u0105cze \u015bcienne KRASO\u00ae BKP \u2013 zestaw kompletny"},{"@type":"BreadcrumbList","@id":"https:\/\/ugwp.cfolks.pl\/bwb\/produkt\/systemowe-przylacze-scienne-kraso-bkp-zestaw-kompletny\/#breadcrumb","itemListElement":[{"@type":"ListItem","position":1,"name":"Strona g\u0142\u00f3wna","item":"https:\/\/ugwp.cfolks.pl\/bwb\/"},{"@type":"ListItem","position":2,"name":"Wodoszczelne Przej\u015bcia Instalacyjne","item":"https:\/\/ugwp.cfolks.pl\/bwb\/kategoria\/wodoszczelne-przejscia-instalacyjne\/"},{"@type":"ListItem","position":3,"name":"Systemy Przy\u0142\u0105czy Domowych","item":"https:\/\/ugwp.cfolks.pl\/bwb\/kategoria\/wodoszczelne-przejscia-instalacyjne\/systemy-przylaczy-domowych\/"},{"@type":"ListItem","position":4,"name":"Systemowe przy\u0142\u0105cze \u015bcienne KRASO\u00ae BKP \u2013 zestaw kompletny"}]},{"@type":"WebSite","@id":"https:\/\/ugwp.cfolks.pl\/bwb\/#website","url":"https:\/\/ugwp.cfolks.pl\/bwb\/","name":"BWB technology","description":"Kolejna witryna oparta na WordPressie","potentialAction":[{"@type":"SearchAction","target":{"@type":"EntryPoint","urlTemplate":"https:\/\/ugwp.cfolks.pl\/bwb\/?s={search_term_string}"},"query-input":{"@type":"PropertyValueSpecification","valueRequired":true,"valueName":"search_term_string"}}],"inLanguage":"pl-PL"}]}},"_links":{"self":[{"href":"https:\/\/ugwp.cfolks.pl\/bwb\/wp-json\/wp\/v2\/product\/2946","targetHints":{"allow":["GET"]}}],"collection":[{"href":"https:\/\/ugwp.cfolks.pl\/bwb\/wp-json\/wp\/v2\/product"}],"about":[{"href":"https:\/\/ugwp.cfolks.pl\/bwb\/wp-json\/wp\/v2\/types\/product"}],"wp:featuredmedia":[{"embeddable":true,"href":"https:\/\/ugwp.cfolks.pl\/bwb\/wp-json\/wp\/v2\/media\/2993"}],"wp:attachment":[{"href":"https:\/\/ugwp.cfolks.pl\/bwb\/wp-json\/wp\/v2\/media?parent=2946"}],"wp:term":[{"taxonomy":"product_cat","embeddable":true,"href":"https:\/\/ugwp.cfolks.pl\/bwb\/wp-json\/wp\/v2\/product_cat?post=2946"},{"taxonomy":"product_tag","embeddable":true,"href":"https:\/\/ugwp.cfolks.pl\/bwb\/wp-json\/wp\/v2\/product_tag?post=2946"}],"curies":[{"name":"wp","href":"https:\/\/api.w.org\/{rel}","templated":true}]}}